{"id":1362,"date":"2026-04-09T13:49:04","date_gmt":"2026-04-09T13:49:04","guid":{"rendered":"https:\/\/darkcyan-pheasant-754087.hostingersite.com\/?page_id=1362"},"modified":"2026-04-17T05:55:49","modified_gmt":"2026-04-17T05:55:49","slug":"lapsen-napatyraleikkaus","status":"publish","type":"page","link":"https:\/\/lastenkirurgia.fi\/ar\/lapsen-napatyraleikkaus\/","title":{"rendered":"\u062c\u0631\u0627\u062d\u0629 \u0627\u0644\u0641\u062a\u0642 \u0627\u0644\u0633\u0631\u064a \u0639\u0646\u062f \u0627\u0644\u0623\u0637\u0641\u0627\u0644"},"content":{"rendered":"<div data-elementor-type=\"wp-page\" data-elementor-id=\"1362\" class=\"elementor elementor-1362\" data-elementor-post-type=\"page\">\n\t\t\t\t<div class=\"elementor-element elementor-element-4ad61e1 e-flex e-con-boxed e-con e-parent\" data-id=\"4ad61e1\" data-element_type=\"container\" data-e-type=\"container\">\n\t\t\t\t\t<div class=\"e-con-inner\">\n\t\t\t\t<div class=\"elementor-element elementor-element-e13034b elementor-widget elementor-widget-image\" data-id=\"e13034b\" data-element_type=\"widget\" data-e-type=\"widget\" data-widget_type=\"image.default\">\n\t\t\t\t<div class=\"elementor-widget-container\">\n\t\t\t\t\t\t\t\t\t\t\t\t\t\t\t<img fetchpriority=\"high\" decoding=\"async\" width=\"768\" height=\"428\" src=\"https:\/\/lastenkirurgia.fi\/wp-content\/uploads\/2026\/04\/napatyra-1-768x428.webp\" class=\"attachment-medium_large size-medium_large wp-image-1732\" alt=\"\" srcset=\"https:\/\/lastenkirurgia.fi\/wp-content\/uploads\/2026\/04\/napatyra-1-768x428.webp 768w, https:\/\/lastenkirurgia.fi\/wp-content\/uploads\/2026\/04\/napatyra-1-300x167.webp 300w, https:\/\/lastenkirurgia.fi\/wp-content\/uploads\/2026\/04\/napatyra-1-18x10.webp 18w, https:\/\/lastenkirurgia.fi\/wp-content\/uploads\/2026\/04\/napatyra-1.webp 816w\" sizes=\"(max-width: 768px) 100vw, 768px\" \/>\t\t\t\t\t\t\t\t\t\t\t\t\t\t\t<\/div>\n\t\t\t\t<\/div>\n\t\t\t\t<div class=\"elementor-element elementor-element-84766cf elementor-widget elementor-widget-text-editor\" data-id=\"84766cf\" data-element_type=\"widget\" data-e-type=\"widget\" data-widget_type=\"text-editor.default\">\n\t\t\t\t<div class=\"elementor-widget-container\">\n\t\t\t\t\t\t\t\t\t<h2 data-path-to-node=\"2\">\u0627\u0644\u0641\u062a\u0642 \u0627\u0644\u0633\u0631\u064a \u0639\u0646\u062f \u0627\u0644\u0623\u0637\u0641\u0627\u0644 - \u0645\u0639\u0644\u0648\u0645\u0627\u062a \u0648\u0625\u0631\u0634\u0627\u062f\u0627\u062a \u0627\u0644\u0639\u0644\u0627\u062c<\/h2><p data-path-to-node=\"3\">\u0627\u0644\u0641\u062a\u0642 \u0627\u0644\u0633\u0631\u064a \u062d\u0627\u0644\u0629 \u0634\u0627\u0626\u0639\u0629 \u062c\u062f\u0627\u064b \u0648\u063a\u064a\u0631 \u0636\u0627\u0631\u0629 \u0641\u064a \u0623\u063a\u0644\u0628 \u0627\u0644\u0623\u062d\u064a\u0627\u0646 \u0639\u0646\u062f \u0627\u0644\u0623\u0637\u0641\u0627\u0644. \u064a\u0638\u0647\u0631 \u0639\u0644\u0649 \u0634\u0643\u0644 \u0627\u0646\u062a\u0641\u0627\u062e \u0644\u064a\u0646 \u0628\u0627\u0644\u0642\u0631\u0628 \u0645\u0646 \u0627\u0644\u0633\u0631\u0629\u060c \u064a\u0632\u062f\u0627\u062f \u0648\u0636\u0648\u062d\u0627\u064b \u0639\u0646\u062f\u0645\u0627 \u064a\u0628\u0643\u064a \u0627\u0644\u0637\u0641\u0644 \u0623\u0648 \u064a\u0636\u062d\u0643 \u0623\u0648 \u064a\u0628\u0630\u0644 \u0645\u062c\u0647\u0648\u062f\u0627\u064b.<\/p><h3 data-path-to-node=\"4\">\u0644\u0645\u0627\u0630\u0627 \u064a\u062d\u062f\u062b \u0627\u0644\u0641\u062a\u0642 \u0627\u0644\u0633\u0631\u064a\u061f<\/h3><p data-path-to-node=\"5\">\u064a\u062d\u062f\u062b \u0627\u0644\u0641\u062a\u0642 \u0627\u0644\u0633\u0631\u064a \u0639\u0646\u062f\u0645\u0627 \u0644\u0627 \u062a\u0646\u063a\u0644\u0642 \u0641\u062a\u062d\u0629 \u0627\u0644\u062d\u0628\u0644 \u0627\u0644\u0633\u0631\u064a \u0641\u064a \u062c\u062f\u0627\u0631 \u0627\u0644\u0628\u0637\u0646 \u062a\u0645\u0627\u0645\u064b\u0627 \u0628\u0639\u062f \u0627\u0644\u0648\u0644\u0627\u062f\u0629. \u0648\u0647\u0630\u0627 \u064a\u0633\u0645\u062d \u0644\u0645\u062d\u062a\u0648\u064a\u0627\u062a \u062a\u062c\u0648\u064a\u0641 \u0627\u0644\u0628\u0637\u0646 (\u0639\u0627\u062f\u0629\u064b \u0627\u0644\u062f\u0647\u0648\u0646 \u0623\u0648 \u0627\u0644\u0623\u0645\u0639\u0627\u0621) \u0628\u0627\u0644\u0628\u0631\u0648\u0632 \u0645\u0646 \u062e\u0644\u0627\u0644 \u0627\u0644\u0641\u062a\u062d\u0629 \u062a\u062d\u062a \u0627\u0644\u062c\u0644\u062f\u060c \u0645\u064f\u0634\u0643\u0651\u0644\u0629\u064b \u0643\u064a\u0633\u064b\u0627 \u0645\u0631\u0626\u064a\u064b\u0627.<\/p><h3 data-path-to-node=\"6\">\u0645\u062a\u0627\u0628\u0639\u0629: \u0645\u0639\u0638\u0645 \u062d\u0627\u0644\u0627\u062a \u0627\u0644\u0641\u062a\u0642 \u0627\u0644\u0633\u0631\u064a \u062a\u0634\u0641\u0649 \u0645\u0646 \u062a\u0644\u0642\u0627\u0621 \u0646\u0641\u0633\u0647\u0627<\/h3><p data-path-to-node=\"7\">\u0639\u0644\u0649 \u0639\u0643\u0633 \u0627\u0644\u0641\u062a\u0642 \u0627\u0644\u0625\u0631\u0628\u064a\u060c \u0641\u0625\u0646 \u0627\u0644\u0641\u062a\u0642 \u0627\u0644\u0633\u0631\u064a \u0639\u0646\u062f \u0627\u0644\u0623\u0637\u0641\u0627\u0644 \u063a\u0627\u0644\u0628\u0627\u064b \u0645\u0627 \u064a\u0634\u0641\u0649 \u062f\u0648\u0646 \u0639\u0644\u0627\u062c.<\/p><ul data-path-to-node=\"8\"><li><p data-path-to-node=\"8,0,0\"><b data-path-to-node=\"8,0,0\" data-index-in-node=\"0\">\u0625\u063a\u0644\u0627\u0642 \u0630\u0627\u062a\u064a:<\/b> \u062a\u064f\u0634\u0641\u0649 \u063a\u0627\u0644\u0628\u064a\u0629 \u0627\u0644\u0641\u062a\u0648\u0642 \u0627\u0644\u0633\u0631\u064a\u0629 \u0645\u0639 \u0646\u0645\u0648 \u0627\u0644\u0637\u0641\u0644 \u0648\u062a\u0642\u0648\u064a\u0629 \u0639\u0636\u0644\u0627\u062a \u0627\u0644\u0628\u0637\u0646.<\/p><\/li><li><p data-path-to-node=\"8,1,0\"><b data-path-to-node=\"8,1,0\" data-index-in-node=\"0\">4 \u0633\u0646\u0648\u0627\u062a \u0645\u0646 \u0627\u0644\u0639\u0645\u0631:<\/b> \u0641\u064a \u0641\u0646\u0644\u0646\u062f\u0627\u060c \u0639\u0627\u062f\u0629\u064b \u0645\u0627 \u062a\u062a\u0645 \u0645\u0631\u0627\u0642\u0628\u0629 \u0627\u0644\u0641\u062a\u0648\u0642 \u0627\u0644\u0633\u0631\u064a\u0629. <b data-path-to-node=\"8,1,0\" data-index-in-node=\"55\">\u062d\u062a\u0649 \u0633\u0646 4 \u0633\u0646\u0648\u0627\u062a<\/b>. \u0625\u0630\u0627 \u0638\u0644 \u0643\u064a\u0633 \u0627\u0644\u0641\u062a\u0642 \u0645\u0641\u062a\u0648\u062d\u064b\u0627 \u0628\u0639\u062f \u0630\u0644\u0643\u060c \u0641\u0645\u0646 \u063a\u064a\u0631 \u0627\u0644\u0645\u0631\u062c\u062d \u0623\u0646 \u064a\u063a\u0644\u0642 \u0645\u0646 \u062a\u0644\u0642\u0627\u0621 \u0646\u0641\u0633\u0647\u060c \u0648\u0642\u062f \u064a\u062a\u0645 \u0627\u0644\u0646\u0638\u0631 \u0641\u064a \u0625\u062c\u0631\u0627\u0621 \u062c\u0631\u0627\u062d\u0629.<\/p><\/li><li><p data-path-to-node=\"8,2,0\"><b data-path-to-node=\"8,2,0\" data-index-in-node=\"0\">\u0644\u0627 \u062d\u0627\u062c\u0629 \u0644\u0644\u062a\u0633\u062c\u064a\u0644:<\/b> \u0625\u0646 \u0627\u0633\u062a\u062e\u062f\u0627\u0645 \u0627\u0644\u0634\u0631\u064a\u0637 \u0627\u0644\u0644\u0627\u0635\u0642 \u0644\u0639\u0644\u0627\u062c \u0627\u0644\u0641\u062a\u0642 \u0627\u0644\u0633\u0631\u064a \u0623\u0648 &quot;\u0627\u0644\u0639\u0644\u0627\u062c\u0627\u062a \u0627\u0644\u0632\u0631\u064a\u0629&quot; \u0644\u0627 \u064a\u0633\u0631\u0639 \u0645\u0646 \u0625\u063a\u0644\u0627\u0642 \u0627\u0644\u0641\u062a\u062d\u0629 \u0648\u0644\u0627 \u064a\u0646\u0635\u062d \u0628\u0647.<\/p><\/li><\/ul><h3 data-path-to-node=\"9\">\u0645\u062a\u0649 \u062a\u0643\u0648\u0646 \u0627\u0644\u062c\u0631\u0627\u062d\u0629 \u0636\u0631\u0648\u0631\u064a\u0629\u061f<\/h3><p data-path-to-node=\"10\">\u0644\u0627 \u062a\u064f\u062c\u0631\u0649 \u0639\u0645\u0644\u064a\u0629 \u0627\u0644\u0641\u062a\u0642 \u0627\u0644\u0633\u0631\u064a \u0639\u0627\u062f\u0629\u064b \u0625\u0644\u0627 \u062e\u0644\u0627\u0644 \u0645\u0631\u062d\u0644\u0629 \u0627\u0644\u0637\u0641\u0648\u0644\u0629 (\u0641\u0648\u0642 \u0633\u0646 4 \u0633\u0646\u0648\u0627\u062a) \u0641\u064a \u0627\u0644\u062d\u0627\u0644\u0627\u062a \u0627\u0644\u062a\u0627\u0644\u064a\u0629:<\/p><ul data-path-to-node=\"11\"><li><p data-path-to-node=\"11,0,0\">\u0644\u0627 \u064a\u0632\u0627\u0644 \u0645\u0646\u0641\u0630 \u0627\u0644\u0641\u062a\u0642 \u0645\u0641\u062a\u0648\u062d\u064b\u0627 \u0628\u0634\u0643\u0644 \u0648\u0627\u0636\u062d.<\/p><\/li><li><p data-path-to-node=\"11,1,0\">\u0627\u0644\u0641\u062a\u0642 \u0643\u0628\u064a\u0631 \u0623\u0648 \u064a\u0633\u0628\u0628 \u0636\u0631\u0631\u0627\u064b \u062a\u062c\u0645\u064a\u0644\u064a\u0627\u064b.<\/p><\/li><li><p data-path-to-node=\"11,2,0\">\u064a\u064f\u0633\u0628\u0628 \u0627\u0644\u0641\u062a\u0642 \u0623\u0644\u0645\u064b\u0627 \u0644\u0644\u0637\u0641\u0644 (\u0648\u0647\u0648 \u0623\u0645\u0631 \u0646\u0627\u062f\u0631).<\/p><\/li><\/ul><p data-path-to-node=\"12\"><b data-path-to-node=\"12\" data-index-in-node=\"0\">\u0645\u0644\u062d\u0648\u0638\u0629!<\/b> \u0627\u0644\u0641\u062a\u0642 \u0627\u0644\u0633\u0631\u064a \u0627\u0644\u0645\u062d\u0635\u0648\u0631 \u0646\u0627\u062f\u0631 \u0644\u0644\u063a\u0627\u064a\u0629 \u0639\u0646\u062f \u0627\u0644\u0623\u0637\u0641\u0627\u0644. \u0645\u0639 \u0630\u0644\u0643\u060c \u0625\u0630\u0627 \u0623\u0635\u0628\u062d \u0627\u0644\u0633\u0631\u0629 \u0645\u0624\u0644\u0645\u0627\u064b \u0623\u0648 \u0635\u0644\u0628\u0627\u064b \u0623\u0648 \u0623\u062d\u0645\u0631 \u0627\u0644\u0644\u0648\u0646 \u0641\u062c\u0623\u0629\u060c \u0641\u064a\u062c\u0628 \u0639\u0644\u064a\u0643 \u0645\u0631\u0627\u062c\u0639\u0629 \u0627\u0644\u0637\u0628\u064a\u0628 \u0641\u0648\u0631\u0627\u064b.<\/p><hr data-path-to-node=\"13\" \/><h3 data-path-to-node=\"14\">\u062c\u0631\u0627\u062d\u0629 \u0627\u0644\u0641\u062a\u0642 \u0627\u0644\u0633\u0631\u064a \u0648\u0627\u0644\u062a\u0639\u0627\u0641\u064a<\/h3><p data-path-to-node=\"15\">\u0625\u0630\u0627 \u0642\u0631\u0631 \u0637\u0641\u0644\u0643 \u0625\u062c\u0631\u0627\u0621 \u062c\u0631\u0627\u062d\u0629 \u0627\u0644\u0641\u062a\u0642 \u0627\u0644\u0633\u0631\u064a\u060c \u0641\u0625\u0646 \u0627\u0644\u0639\u0645\u0644\u064a\u0629 \u0631\u0648\u062a\u064a\u0646\u064a\u0629 \u0648\u0622\u0645\u0646\u0629.<\/p><p data-path-to-node=\"16\"><b data-path-to-node=\"16\" data-index-in-node=\"0\">\u0642\u0628\u0644 \u0627\u0644\u062c\u0631\u0627\u062d\u0629:<\/b><\/p><ul data-path-to-node=\"17\"><li><p data-path-to-node=\"17,0,0\">\u062a\u064f\u062c\u0631\u0649 \u0627\u0644\u062c\u0631\u0627\u062d\u0629 \u0643\u0639\u0645\u0644\u064a\u0629 \u062c\u0631\u0627\u062d\u064a\u0629 \u064a\u0648\u0645\u064a\u0629 \u062a\u062d\u062a \u0627\u0644\u062a\u062e\u062f\u064a\u0631 \u0627\u0644\u0639\u0627\u0645.<\/p><\/li><li><p data-path-to-node=\"17,1,0\">\u064a\u062c\u0628 \u0623\u0646 \u064a\u0635\u0648\u0645 \u0627\u0644\u0637\u0641\u0644 (\u0628\u062f\u0648\u0646 \u0623\u0643\u0644 \u0623\u0648 \u0634\u0631\u0628) \u0648\u0641\u0642\u064b\u0627 \u0644\u062a\u0639\u0644\u064a\u0645\u0627\u062a \u0627\u0644\u0637\u0628\u064a\u0628 \u0642\u0628\u0644 \u0627\u0644\u0642\u062f\u0648\u0645 \u0625\u0644\u0649 \u0627\u0644\u0645\u0633\u062a\u0634\u0641\u0649.<\/p><\/li><\/ul><p data-path-to-node=\"18\"><b data-path-to-node=\"18\" data-index-in-node=\"0\">\u0625\u062c\u0631\u0627\u0621:<\/b><\/p><ul data-path-to-node=\"19\"><li><p data-path-to-node=\"19,0,0\">\u064a\u0642\u0648\u0645 \u0627\u0644\u062c\u0631\u0627\u062d \u0628\u0639\u0645\u0644 \u0634\u0642 \u0635\u063a\u064a\u0631 \u0645\u0646\u062d\u0646\u064a \u0641\u064a \u0623\u0633\u0641\u0644 \u0627\u0644\u0633\u0631\u0629.<\/p><\/li><li><p data-path-to-node=\"19,1,0\">\u064a\u062a\u0645 \u062a\u0635\u0631\u064a\u0641 \u0643\u064a\u0633 \u0627\u0644\u0641\u062a\u0642\u060c \u0648\u0639\u0627\u062f\u0629\u064b \u0645\u0627 \u062a\u064f\u063a\u0644\u0642 \u0627\u0644\u0641\u062a\u062d\u0629 \u0641\u064a \u062c\u062f\u0627\u0631 \u0627\u0644\u0628\u0637\u0646 \u0628\u062e\u064a\u0648\u0637 \u062c\u0631\u0627\u062d\u064a\u0629 \u0642\u0627\u0628\u0644\u0629 \u0644\u0644\u0630\u0648\u0628\u0627\u0646. \u0623\u0645\u0627 \u0634\u0628\u0643\u0627\u062a \u0627\u0644\u0641\u062a\u0642\u060c \u0627\u0644\u0645\u0633\u062a\u062e\u062f\u0645\u0629 \u0641\u064a \u0627\u0644\u0628\u0627\u0644\u063a\u064a\u0646\u060c \u0641\u0644\u0627 \u062f\u0627\u0639\u064a \u0644\u0647\u0627 \u0641\u064a \u0627\u0644\u0623\u0637\u0641\u0627\u0644.<\/p><\/li><li><p data-path-to-node=\"19,2,0\">\u064a\u062a\u0645 \u0625\u0639\u0627\u062f\u0629 \u062a\u062b\u0628\u064a\u062a \u0642\u0627\u0639\u062f\u0629 \u0627\u0644\u0633\u0631\u0629\u060c \u0645\u0645\u0627 \u064a\u0639\u0637\u064a \u0644\u0645\u0633\u0629 \u0646\u0647\u0627\u0626\u064a\u0629 \u0623\u0646\u064a\u0642\u0629 \u0648\u0637\u0628\u064a\u0639\u064a\u0629.<\/p><\/li><\/ul><p data-path-to-node=\"20\"><b data-path-to-node=\"20\" data-index-in-node=\"0\">\u0627\u0644\u0631\u0639\u0627\u064a\u0629 \u0627\u0644\u0645\u0646\u0632\u0644\u064a\u0629 \u0648\u0627\u0644\u062a\u0639\u0627\u0641\u064a:<\/b><\/p><ul data-path-to-node=\"21\"><li><p data-path-to-node=\"21,0,0\"><b data-path-to-node=\"21,0,0\" data-index-in-node=\"0\">\u0625\u062f\u0627\u0631\u0629 \u0627\u0644\u0623\u0644\u0645:<\/b> \u0628\u0639\u062f \u0627\u0644\u062c\u0631\u0627\u062d\u0629\u060c \u0633\u064a\u062a\u0645 \u0625\u0639\u0637\u0627\u0621 \u0627\u0644\u0637\u0641\u0644 \u0645\u0633\u0643\u0646\u0627\u062a \u0627\u0644\u0623\u0644\u0645 \u0628\u0627\u0646\u062a\u0638\u0627\u0645 (\u0645\u062b\u0644 \u0627\u0644\u0628\u0627\u0631\u0627\u0633\u064a\u062a\u0627\u0645\u0648\u0644 \u0623\u0648 \u0627\u0644\u0625\u064a\u0628\u0648\u0628\u0631\u0648\u0641\u064a\u0646) \u0644\u0628\u0636\u0639\u0629 \u0623\u064a\u0627\u0645.<\/p><\/li><li><p data-path-to-node=\"21,1,0\"><b data-path-to-node=\"21,1,0\" data-index-in-node=\"0\">\u0627\u0644\u0639\u0646\u0627\u064a\u0629 \u0628\u0627\u0644\u062c\u0631\u0648\u062d:<\/b> \u0639\u0627\u062f\u0629\u064b \u0645\u0627 \u062a\u0643\u0648\u0646 \u0627\u0644\u063a\u0631\u0632 \u0627\u0644\u0645\u0633\u062a\u062e\u062f\u0645\u0629 \u0641\u064a \u0627\u0644\u062c\u0631\u062d \u0642\u0627\u0628\u0644\u0629 \u0644\u0644\u0630\u0648\u0628\u0627\u0646 \u0648\u0644\u0627 \u062a\u062d\u062a\u0627\u062c \u0625\u0644\u0649 \u0625\u0632\u0627\u0644\u0629. \u064a\u064f\u062d\u0627\u0641\u0638 \u0639\u0644\u0649 \u0646\u0638\u0627\u0641\u0629 \u0627\u0644\u062c\u0631\u062d \u0648\u062c\u0641\u0627\u0641\u0647 \u0648\u0641\u0642\u064b\u0627 \u0644\u0644\u062a\u0639\u0644\u064a\u0645\u0627\u062a. \u064a\u0645\u0643\u0646\u0643 \u0627\u0644\u0627\u0633\u062a\u062d\u0645\u0627\u0645 \u0639\u0627\u062f\u0629\u064b \u0628\u0639\u062f \u0645\u0631\u0648\u0631 24 \u0633\u0627\u0639\u0629.<\/p><\/li><li><p data-path-to-node=\"21,2,0\"><b data-path-to-node=\"21,2,0\" data-index-in-node=\"0\">\u064a\u0645\u0627\u0631\u0633:<\/b> \u064a\u064f\u0633\u0645\u062d \u0628\u0645\u0645\u0627\u0631\u0633\u0629 \u0627\u0644\u062a\u0645\u0627\u0631\u064a\u0646 \u0627\u0644\u062e\u0641\u064a\u0641\u0629 \u0641\u0648\u0631\u0627\u064b\u060c \u0648\u0644\u0643\u0646 \u064a\u062c\u0628 \u062a\u062c\u0646\u0628 \u0627\u0644\u062a\u0645\u0627\u0631\u064a\u0646 \u0627\u0644\u0634\u0627\u0642\u0629 \u0648\u0627\u0644\u0631\u064a\u0627\u0636\u0629 \u0648\u0627\u0644\u0633\u0628\u0627\u062d\u0629 \u0644\u0645\u062f\u0629 \u062a\u062a\u0631\u0627\u0648\u062d \u0628\u064a\u0646 \u0623\u0633\u0628\u0648\u0639 \u0625\u0644\u0649 \u0623\u0633\u0628\u0648\u0639\u064a\u0646 \u062a\u0642\u0631\u064a\u0628\u0627\u064b\u060c \u062d\u0633\u0628 \u0639\u0645\u0631 \u0627\u0644\u0637\u0641\u0644\u060c \u0644\u0644\u0633\u0645\u0627\u062d \u0644\u0644\u062c\u0631\u062d \u0628\u0627\u0644\u0634\u0641\u0627\u0621 \u0628\u0633\u0644\u0627\u0645.<\/p><\/li><\/ul><p>\u0631\u0627\u0628\u0637 \u0645\u0643\u062a\u0628\u0629 \u0627\u0644\u0635\u062d\u0629<\/p><p><a href=\"https:\/\/www.terveyskirjasto.fi\/dlk00532\" target=\"_blank\" rel=\"noopener\">https:\/\/www.terveyskirjasto.fi\/dlk00532<\/a><\/p><p>\u0645\u0642\u0627\u0644\u0629 Duodecim<\/p><p><a href=\"https:\/\/www.duodecimlehti.fi\/duo97005\" target=\"_blank\" rel=\"noopener\">https:\/\/www.duodecimlehti.fi\/duo97005<\/a><\/p><p>\u0631\u0627\u0628\u0637 \u0641\u064a\u0644\u0627\u062f\u0644\u0641\u064a\u0627 CH<\/p><p><a href=\"https:\/\/www.chop.edu\/conditions-diseases\/umbilical-hernia\" target=\"_blank\" rel=\"noopener\">https:\/\/www.chop.edu\/conditions-diseases\/umbilical-hernia<\/a><\/p>\t\t\t\t\t\t\t\t<\/div>\n\t\t\t\t<\/div>\n\t\t\t\t\t<\/div>\n\t\t\t\t<\/div>\n\t\t\t\t<\/div>","protected":false},"excerpt":{"rendered":"<p>Lapsen napatyr\u00e4 \u2013 tietoa ja hoito-ohjeita Napatyr\u00e4 on lapsilla hyvin yleinen ja l\u00e4hes aina vaaraton vaiva. Se n\u00e4kyy navan kohdalla olevana pehme\u00e4n\u00e4 pullistumana, joka korostuu lapsen itkiess\u00e4, nauraessa tai ponnistellessa. Miksi napatyr\u00e4 syntyy? Napatyr\u00e4 johtuu siit\u00e4, ett\u00e4 napanuoran kulkuaukko vatsanpeitteiss\u00e4 ei ole sulkeutunut t\u00e4ydellisesti syntym\u00e4n j\u00e4lkeen. T\u00e4ll\u00f6in vatsaontelon sis\u00e4lt\u00f6\u00e4 (yleens\u00e4 rasvakerrosta tai suolta) p\u00e4\u00e4see ty\u00f6ntym\u00e4\u00e4n [&hellip;]<\/p>\n","protected":false},"author":1,"featured_media":0,"parent":0,"menu_order":0,"comment_status":"closed","ping_status":"closed","template":"","meta":{"_angie_page":false,"site-sidebar-layout":"no-sidebar","site-content-layout":"page-builder","ast-site-content-layout":"full-width-container","site-content-style":"default","site-sidebar-style":"default","ast-global-header-display":"","ast-banner-title-visibility":"","ast-main-header-display":"","ast-hfb-above-header-display":"","ast-hfb-below-header-display":"","ast-hfb-mobile-header-display":"","site-post-title":"","ast-breadcrumbs-content":"","ast-featured-img":"disabled","footer-sml-layout":"","ast-disable-related-posts":"","theme-transparent-header-meta":"","adv-header-id-meta":"","stick-header-meta":"","header-above-stick-meta":"","header-main-stick-meta":"","header-below-stick-meta":"","astra-migrate-meta-layouts":"set","ast-page-background-enabled":"default","ast-page-background-meta":{"desktop":{"background-color":"","background-image":"","background-repeat":"repeat","background-position":"center center","background-size":"auto","background-attachment":"scroll","background-type":"","background-media":"","overlay-type":"","overlay-color":"","overlay-opacity":"","overlay-gradient":""},"tablet":{"background-color":"","background-image":"","background-repeat":"repeat","background-position":"center center","background-size":"auto","background-attachment":"scroll","background-type":"","background-media":"","overlay-type":"","overlay-color":"","overlay-opacity":"","overlay-gradient":""},"mobile":{"background-color":"","background-image":"","background-repeat":"repeat","background-position":"center center","background-size":"auto","background-attachment":"scroll","background-type":"","background-media":"","overlay-type":"","overlay-color":"","overlay-opacity":"","overlay-gradient":""}},"ast-content-background-meta":{"desktop":{"background-color":"var(--ast-global-color-5)","background-image":"","background-repeat":"repeat","background-position":"center center","background-size":"auto","background-attachment":"scroll","background-type":"","background-media":"","overlay-type":"","overlay-color":"","overlay-opacity":"","overlay-gradient":""},"tablet":{"background-color":"var(--ast-global-color-5)","background-image":"","background-repeat":"repeat","background-position":"center center","background-size":"auto","background-attachment":"scroll","background-type":"","background-media":"","overlay-type":"","overlay-color":"","overlay-opacity":"","overlay-gradient":""},"mobile":{"background-color":"var(--ast-global-color-5)","background-image":"","background-repeat":"repeat","background-position":"center center","background-size":"auto","background-attachment":"scroll","background-type":"","background-media":"","overlay-type":"","overlay-color":"","overlay-opacity":"","overlay-gradient":""}},"footnotes":""},"class_list":["post-1362","page","type-page","status-publish","hentry"],"_links":{"self":[{"href":"https:\/\/lastenkirurgia.fi\/ar\/wp-json\/wp\/v2\/pages\/1362","targetHints":{"allow":["GET"]}}],"collection":[{"href":"https:\/\/lastenkirurgia.fi\/ar\/wp-json\/wp\/v2\/pages"}],"about":[{"href":"https:\/\/lastenkirurgia.fi\/ar\/wp-json\/wp\/v2\/types\/page"}],"author":[{"embeddable":true,"href":"https:\/\/lastenkirurgia.fi\/ar\/wp-json\/wp\/v2\/users\/1"}],"replies":[{"embeddable":true,"href":"https:\/\/lastenkirurgia.fi\/ar\/wp-json\/wp\/v2\/comments?post=1362"}],"version-history":[{"count":17,"href":"https:\/\/lastenkirurgia.fi\/ar\/wp-json\/wp\/v2\/pages\/1362\/revisions"}],"predecessor-version":[{"id":1739,"href":"https:\/\/lastenkirurgia.fi\/ar\/wp-json\/wp\/v2\/pages\/1362\/revisions\/1739"}],"wp:attachment":[{"href":"https:\/\/lastenkirurgia.fi\/ar\/wp-json\/wp\/v2\/media?parent=1362"}],"curies":[{"name":"wp","href":"https:\/\/api.w.org\/{rel}","templated":true}]}}