{"id":1364,"date":"2026-04-09T13:49:29","date_gmt":"2026-04-09T13:49:29","guid":{"rendered":"https:\/\/darkcyan-pheasant-754087.hostingersite.com\/?page_id=1364"},"modified":"2026-04-11T13:51:53","modified_gmt":"2026-04-11T13:51:53","slug":"lapsen-laskeutumattoman-kiveksen-korjausleikkaus","status":"publish","type":"page","link":"https:\/\/lastenkirurgia.fi\/ar\/lapsen-laskeutumattoman-kiveksen-korjausleikkaus\/","title":{"rendered":"\u062c\u0631\u0627\u062d\u0629 \u0644\u062a\u0635\u062d\u064a\u062d \u0627\u0644\u062e\u0635\u064a\u0629 \u0627\u0644\u0645\u0639\u0644\u0642\u0629 \u0639\u0646\u062f \u0627\u0644\u0623\u0637\u0641\u0627\u0644"},"content":{"rendered":"<div data-elementor-type=\"wp-page\" data-elementor-id=\"1364\" class=\"elementor elementor-1364\" data-elementor-post-type=\"page\">\n\t\t\t\t<div class=\"elementor-element elementor-element-21515e0 e-flex e-con-boxed e-con e-parent\" data-id=\"21515e0\" data-element_type=\"container\" data-e-type=\"container\">\n\t\t\t\t\t<div class=\"e-con-inner\">\n\t\t\t\t<div class=\"elementor-element elementor-element-68ab2d7 elementor-widget elementor-widget-text-editor\" data-id=\"68ab2d7\" data-element_type=\"widget\" data-e-type=\"widget\" data-widget_type=\"text-editor.default\">\n\t\t\t\t<div class=\"elementor-widget-container\">\n\t\t\t\t\t\t\t\t\t<h2 data-path-to-node=\"2\">\u0627\u0644\u062e\u0635\u064a\u0629 \u0627\u0644\u0645\u0639\u0644\u0642\u0629 \u0639\u0646\u062f \u0627\u0644\u0623\u0637\u0641\u0627\u0644 - \u0645\u0639\u0644\u0648\u0645\u0627\u062a \u0648\u0645\u0633\u0627\u0631 \u0627\u0644\u0639\u0644\u0627\u062c<\/h2><p data-path-to-node=\"3\">\u0639\u0627\u062f\u0629\u064b \u0645\u0627 \u062a\u0646\u0632\u0644 \u062e\u0635\u064a\u062a\u0627 \u0627\u0644\u0635\u0628\u064a \u0625\u0644\u0649 \u0643\u064a\u0633 \u0627\u0644\u0635\u0641\u0646 \u0623\u062b\u0646\u0627\u0621 \u0646\u0645\u0648 \u0627\u0644\u062c\u0646\u064a\u0646\u060c \u0648\u0644\u0643\u0646 \u0641\u064a \u0628\u0639\u0636 \u0627\u0644\u0623\u062d\u064a\u0627\u0646 \u062a\u0628\u0642\u0649 \u0625\u062d\u062f\u0649 \u0627\u0644\u062e\u0635\u064a\u062a\u064a\u0646 \u0623\u0648 \u0643\u0644\u062a\u0627\u0647\u0645\u0627. \u0643\u0627\u0646 \u0645\u0646 \u0627\u0644\u0645\u0641\u062a\u0631\u0636 \u0623\u0646 \u062a\u0646\u0632\u0644 \u0627\u0644\u062e\u0635\u064a\u062a\u0627\u0646. <b data-path-to-node=\"3\" data-index-in-node=\"167\">\u0641\u064a \u0639\u0645\u0631 \u0633\u062a\u0629 \u0623\u0634\u0647\u0631<\/b>.<\/p><h3 data-path-to-node=\"4\">\u0627\u0644\u062e\u0635\u064a\u0629 \u063a\u064a\u0631 \u0627\u0644\u0646\u0627\u0632\u0644\u0629 \u0638\u0627\u0647\u0631\u0629 \u0637\u0628\u064a\u0639\u064a\u0629<\/h3><p data-path-to-node=\"5\">\u064a\u0639\u0627\u0646\u064a \u0627\u0644\u0639\u062f\u064a\u062f \u0645\u0646 \u0627\u0644\u0623\u0637\u0641\u0627\u0644 \u0645\u0645\u0627 \u064a\u0633\u0645\u0649 <b data-path-to-node=\"5\" data-index-in-node=\"39\">\u062e\u0635\u064a\u0629 \u0642\u0627\u0641\u0632\u0629<\/b> (\u0645\u0644\u062d \u0627\u0644\u062e\u0635\u064a\u0629)<i data-path-to-node=\"5\" data-index-in-node=\"54\">s<\/i>). \u0647\u0630\u0647 \u0638\u0627\u0647\u0631\u0629 \u0641\u0633\u064a\u0648\u0644\u0648\u062c\u064a\u0629 \u0637\u0628\u064a\u0639\u064a\u0629 \u062a\u0645\u0627\u0645\u064b\u0627 \u0646\u0627\u062a\u062c\u0629 \u0639\u0646 \u0639\u0636\u0644\u0629 \u0631\u0627\u0641\u0639\u0629 \u0627\u0644\u0634\u0631\u062c \u0627\u0644\u0646\u0634\u0637\u0629.<\/p><ul data-path-to-node=\"6\"><li><p data-path-to-node=\"6,0,0\">\u0625\u0630\u0627 \u0627\u0631\u062a\u0641\u0639\u062a \u0627\u0644\u062e\u0635\u064a\u0629 \u0645\u0646 \u062d\u064a\u0646 \u0644\u0622\u062e\u0631\u060c \u0648\u0644\u0643\u0646 \u064a\u0645\u0643\u0646 \u0625\u0639\u0627\u062f\u062a\u0647\u0627 \u0628\u0633\u0647\u0648\u0644\u0629 \u0625\u0644\u0649 \u0643\u064a\u0633 \u0627\u0644\u0635\u0641\u0646 \u0623\u062b\u0646\u0627\u0621 \u0627\u0644\u0641\u062d\u0635 \u0627\u0644\u0637\u0628\u064a\u060c \u0641\u0647\u0630\u0627 \u0623\u0645\u0631 \u0637\u0628\u064a\u0639\u064a. \u0648\u0644\u0627 \u064a\u064f\u0646\u0635\u062d \u0628\u0633\u062d\u0628 \u0627\u0644\u062e\u0635\u064a\u062a\u064a\u0646 \u0641\u064a \u0627\u0644\u0645\u0646\u0632\u0644.<\/p><\/li><li><p data-path-to-node=\"6,1,0\">\u0643\u0645\u0627 \u0623\u0646\u0647\u0627 \u0639\u0644\u0627\u0645\u0629 \u062c\u064a\u062f\u0629 \u0625\u0630\u0627 \u0643\u0627\u0646\u062a \u0627\u0644\u062e\u0635\u064a\u0629 \u0645\u0631\u0626\u064a\u0629 \u0641\u064a \u0643\u064a\u0633 \u0627\u0644\u0635\u0641\u0646 \u0639\u0646\u062f\u0645\u0627 \u064a\u0643\u0648\u0646 \u0627\u0644\u0637\u0641\u0644 \u0645\u0633\u062a\u0631\u062e\u064a\u0627\u064b\u060c \u0639\u0644\u0649 \u0633\u0628\u064a\u0644 \u0627\u0644\u0645\u062b\u0627\u0644: <b data-path-to-node=\"6,1,0\" data-index-in-node=\"94\">\u0641\u064a \u062d\u0645\u0627\u0645 \u062f\u0627\u0641\u0626 \u0623\u0648 \u0633\u0627\u0648\u0646\u0627<\/b>. \u0641\u064a \u0647\u0630\u0647 \u0627\u0644\u062d\u0627\u0644\u0629\u060c \u0644\u0627 \u064a\u062a\u0637\u0644\u0628 \u0627\u0644\u0623\u0645\u0631 \u0639\u0644\u0627\u062c\u0627\u064b \u062c\u0631\u0627\u062d\u064a\u0627\u064b.<\/p><\/li><\/ul><h3 data-path-to-node=\"7\">\u0645\u062a\u0649 \u062a\u0643\u0648\u0646 \u0627\u0644\u062a\u062d\u0642\u064a\u0642\u0627\u062a \u0636\u0631\u0648\u0631\u064a\u0629\u061f<\/h3><p data-path-to-node=\"8\">\u0625\u0630\u0627 \u0644\u0645 \u062a\u0646\u0632\u0644 \u0627\u0644\u062e\u0635\u064a\u0629 \u062d\u062a\u0649 \u0641\u064a \u062d\u0627\u0644\u0629 \u0627\u0644\u0634\u0628\u0642\u060c \u064a\u0644\u0632\u0645 \u0625\u062c\u0631\u0627\u0621 \u0641\u062d\u0635 \u0637\u0628\u064a. \u0648\u062a\u0639\u062a\u0645\u062f \u062e\u0637\u0629 \u0627\u0644\u0639\u0644\u0627\u062c \u0639\u0644\u0649 \u0645\u0648\u0642\u0639 \u0627\u0644\u062e\u0635\u064a\u0629.<\/p><ol start=\"1\" data-path-to-node=\"9\"><li><p data-path-to-node=\"9,0,0\"><b data-path-to-node=\"9,0,0\" data-index-in-node=\"0\">\u064a\u062a\u0645 \u062a\u062d\u0633\u0633 \u0627\u0644\u062e\u0635\u064a\u0629 \u0641\u064a \u0645\u0646\u0637\u0642\u0629 \u0627\u0644\u0641\u062e\u0630:<\/b> \u064a\u062a\u062d\u0633\u0633 \u0627\u0644\u0637\u0628\u064a\u0628 \u0627\u0644\u062e\u0635\u064a\u0629 \u0641\u064a \u0627\u0644\u0642\u0646\u0627\u0629 \u0627\u0644\u0625\u0631\u0628\u064a\u0629 \u0623\u0648 \u0641\u0648\u0642 \u0643\u064a\u0633 \u0627\u0644\u0635\u0641\u0646\u060c \u0644\u0643\u0646\u0647\u0627 \u0644\u0627 \u062a\u0639\u0648\u062f \u0625\u0644\u0649 \u062f\u0627\u062e\u0644 \u0643\u064a\u0633 \u0627\u0644\u0635\u0641\u0646. \u0648\u064a\u062a\u0645 \u0639\u0644\u0627\u062c \u0647\u0630\u0647 \u0627\u0644\u062d\u0627\u0644\u0629 \u0628\u062c\u0631\u0627\u062d\u0629 \u0631\u0648\u062a\u064a\u0646\u064a\u0629.<\/p><\/li><li><p data-path-to-node=\"9,1,0\"><b data-path-to-node=\"9,1,0\" data-index-in-node=\"0\">\u0644\u0627 \u064a\u0645\u0643\u0646 \u0627\u0644\u0634\u0639\u0648\u0631 \u0628\u0627\u0644\u062d\u062c\u0631 \u0639\u0644\u0649 \u0627\u0644\u0625\u0637\u0644\u0627\u0642:<\/b> \u0625\u0630\u0627 \u062a\u0639\u0630\u0631 \u062c\u0633 \u0627\u0644\u062e\u0635\u064a\u0629\u060c \u0641\u063a\u0627\u0644\u0628\u0627\u064b \u0645\u0627 \u064a\u062a\u0645 \u0630\u0644\u0643 <b data-path-to-node=\"9,1,0\" data-index-in-node=\"87\">\u0641\u062d\u0635 \u0627\u0644\u0645\u0648\u062c\u0627\u062a \u0641\u0648\u0642 \u0627\u0644\u0635\u0648\u062a\u064a\u0629<\/b>.<\/p><\/li><li><p data-path-to-node=\"9,2,0\"><b data-path-to-node=\"9,2,0\" data-index-in-node=\"0\">\u0644\u0627 \u064a\u0645\u0643\u0646 \u0627\u0644\u0639\u062b\u0648\u0631 \u0639\u0644\u0649 \u0627\u0644\u062d\u0635\u0648\u0629 \u0628\u0627\u0633\u062a\u062e\u062f\u0627\u0645 \u0627\u0644\u0645\u0648\u062c\u0627\u062a \u0641\u0648\u0642 \u0627\u0644\u0635\u0648\u062a\u064a\u0629:<\/b> \u0641\u064a \u0647\u0630\u0647 \u0627\u0644\u062d\u0627\u0644\u0629\u060c \u0633\u0646\u0641\u0639\u0644 <b data-path-to-node=\"9,2,0\" data-index-in-node=\"47\">\u062a\u0646\u0638\u064a\u0631 \u0627\u0644\u0628\u0637\u0646<\/b> \u0623\u064a \u062a\u0646\u0638\u064a\u0631 \u0627\u0644\u0628\u0637\u0646. \u064a\u062d\u062f\u062f \u0627\u0644\u0641\u062d\u0635 \u0645\u0627 \u0625\u0630\u0627 \u0643\u0627\u0646\u062a \u0627\u0644\u062e\u0635\u064a\u0629 \u0645\u0648\u062c\u0648\u062f\u0629 \u0641\u064a \u062a\u062c\u0648\u064a\u0641 \u0627\u0644\u0628\u0637\u0646 \u0623\u0645 \u0623\u0646\u0647\u0627 \u0642\u062f \u0636\u0645\u0631\u062a.<\/p><\/li><\/ol><hr data-path-to-node=\"10\" \/><h3 data-path-to-node=\"11\">\u0627\u0644\u0639\u0644\u0627\u062c: \u0625\u0639\u0627\u062f\u0629 \u0627\u0644\u062e\u0635\u064a\u0629 \u062c\u0631\u0627\u062d\u064a\u0627\u064b \u0625\u0644\u0649 \u0643\u064a\u0633 \u0627\u0644\u0635\u0641\u0646<\/h3><p data-path-to-node=\"12\">\u064a\u062a\u0645 \u0639\u0644\u0627\u062c \u0627\u0644\u062e\u0635\u064a\u0629 \u063a\u064a\u0631 \u0627\u0644\u0646\u0627\u0632\u0644\u0629 \u0628\u0627\u0644\u062c\u0631\u0627\u062d\u0629 \u062a\u062d\u062a \u0627\u0644\u062a\u062e\u062f\u064a\u0631 \u0644\u062e\u0641\u0636 \u062f\u0631\u062c\u0629 \u062d\u0631\u0627\u0631\u0629 \u0627\u0644\u062e\u0635\u064a\u0629 \u0625\u0644\u0649 \u062f\u0631\u062c\u0629 \u062d\u0631\u0627\u0631\u0629 \u0645\u062b\u0627\u0644\u064a\u0629 \u0648\u0623\u0643\u062b\u0631 \u0628\u0631\u0648\u062f\u0629.<\/p><h4 data-path-to-node=\"13\">\u0623. \u062c\u0631\u0627\u062d\u0629 \u0627\u0644\u064a\u0648\u0645 \u0627\u0644\u0648\u0627\u062d\u062f (\u0627\u0644\u062e\u0635\u064a\u0629 \u0641\u064a \u0645\u0646\u0637\u0642\u0629 \u0627\u0644\u0641\u062e\u0630)<\/h4><ul data-path-to-node=\"14\"><li><p data-path-to-node=\"14,0,0\"><b data-path-to-node=\"14,0,0\" data-index-in-node=\"0\">\u0645\u0642\u0627\u0633\u0627\u062a:<\/b> \u064a\u062a\u0645 \u0625\u062c\u0631\u0627\u0621 \u0634\u0642\u064a\u0646 \u0635\u063a\u064a\u0631\u064a\u0646 - \u0623\u062d\u062f\u0647\u0645\u0627 \u0641\u064a \u0645\u0646\u0637\u0642\u0629 \u0627\u0644\u0639\u0627\u0646\u0629 \u0648\u0627\u0644\u0622\u062e\u0631 \u0641\u064a \u0643\u064a\u0633 \u0627\u0644\u0635\u0641\u0646. \u0648\u064a\u062a\u0645 \u0625\u0632\u0627\u0644\u0629 \u0627\u0644\u0623\u0646\u0633\u062c\u0629 \u0627\u0644\u0645\u062a\u0636\u064a\u0642\u0629 \u062d\u0648\u0644 \u0627\u0644\u0623\u0648\u0639\u064a\u0629 \u0627\u0644\u062f\u0645\u0648\u064a\u0629 \u0648\u0627\u0644\u0623\u0633\u0647\u0631 \u0641\u064a \u0627\u0644\u062e\u0635\u064a\u0629\u060c \u0645\u0645\u0627 \u064a\u0645\u0646\u062d \u0627\u0644\u0642\u0636\u064a\u0628 \u0637\u0648\u0644\u0627\u064b \u0623\u0643\u0628\u0631.<\/p><\/li><li><p data-path-to-node=\"14,1,0\"><b data-path-to-node=\"14,1,0\" data-index-in-node=\"0\">\u0645\u062f\u0629:<\/b> \u062a\u0633\u062a\u063a\u0631\u0642 \u0627\u0644\u062c\u0631\u0627\u062d\u0629 \u062d\u0648\u0627\u0644\u064a <b data-path-to-node=\"14,1,0\" data-index-in-node=\"28\">30 \u062f\u0642\u064a\u0642\u0629<\/b>.<\/p><\/li><li><p data-path-to-node=\"14,2,0\"><b data-path-to-node=\"14,2,0\" data-index-in-node=\"0\">\u0627\u0644\u0639\u0648\u062f\u0629 \u0625\u0644\u0649 \u0627\u0644\u0648\u0637\u0646:<\/b> \u064a\u0645\u0643\u0646 \u0644\u0644\u0637\u0641\u0644 \u0627\u0644\u0639\u0648\u062f\u0629 \u0625\u0644\u0649 \u0627\u0644\u0645\u0646\u0632\u0644 \u0641\u064a \u0646\u0641\u0633 \u0627\u0644\u064a\u0648\u0645.<\/p><\/li><\/ul><h4 data-path-to-node=\"15\">\u0628. \u0627\u0644\u062e\u0635\u064a\u0629 \u0627\u0644\u0645\u0648\u062c\u0648\u062f\u0629 \u0641\u064a \u062a\u062c\u0648\u064a\u0641 \u0627\u0644\u0628\u0637\u0646 (\u0639\u0644\u0627\u062c \u0639\u0644\u0649 \u0645\u0631\u062d\u0644\u062a\u064a\u0646)<\/h4><p data-path-to-node=\"16\">\u0625\u0630\u0627 \u0643\u0627\u0646\u062a \u0627\u0644\u062e\u0635\u064a\u0629 \u0645\u0648\u062c\u0648\u062f\u0629 \u0641\u064a \u062a\u062c\u0648\u064a\u0641 \u0627\u0644\u0628\u0637\u0646\u060c \u0641\u0625\u0646 \u0627\u0644\u0639\u0644\u0627\u062c \u064a\u062a\u0637\u0644\u0628 \u062e\u0637\u0648\u062a\u064a\u0646 \u0644\u0636\u0645\u0627\u0646 \u062a\u062f\u0641\u0642 \u0627\u0644\u062f\u0645:<\/p><ol start=\"1\" data-path-to-node=\"17\"><li><p data-path-to-node=\"17,0,0\"><b data-path-to-node=\"17,0,0\" data-index-in-node=\"0\">\u0627\u0644\u062e\u0637\u0648\u0629 1:<\/b> \u064a\u062a\u0645 \u0642\u0637\u0639 \u0627\u0644\u0648\u0639\u0627\u0621 \u0627\u0644\u062f\u0645\u0648\u064a \u0627\u0644\u0630\u064a \u064a\u0636\u063a\u0637 \u0639\u0644\u0649 \u0627\u0644\u062e\u0635\u064a\u0629. \u0628\u0639\u062f \u0630\u0644\u0643\u060c \u0645\u0646 \u0627\u0644\u0645\u062a\u0648\u0642\u0639 <b data-path-to-node=\"17,0,0\" data-index-in-node=\"76\">\u0633\u062a\u0629 \u0623\u0634\u0647\u0631<\/b>, \u060c \u0628\u062d\u064a\u062b \u064a\u062a\u0645 \u062a\u0642\u0648\u064a\u0629 \u0627\u0644\u062f\u0648\u0631\u0629 \u0627\u0644\u062f\u0645\u0648\u064a\u0629 \u0627\u0644\u0628\u062f\u064a\u0644\u0629 \u0627\u0644\u0645\u062d\u064a\u0637\u0629.<\/p><\/li><li><p data-path-to-node=\"17,1,0\"><b data-path-to-node=\"17,1,0\" data-index-in-node=\"0\">\u0627\u0644\u0645\u0631\u062d\u0644\u0629 \u0627\u0644\u062b\u0627\u0646\u064a\u0629:<\/b> \u062a\u064f\u062c\u0631\u0649 \u0639\u0645\u0644\u064a\u0629 \u062c\u0631\u0627\u062d\u064a\u0629 \u062b\u0627\u0646\u064a\u0629\u060c \u064a\u062a\u0645 \u0641\u064a\u0647\u0627 \u0625\u0639\u0627\u062f\u0629 \u0627\u0644\u062e\u0635\u064a\u0629 \u0625\u0644\u0649 \u0643\u064a\u0633 \u0627\u0644\u0635\u0641\u0646 \u0645\u0639 \u062a\u062d\u0633\u064a\u0646 \u0627\u0644\u062f\u0648\u0631\u0629 \u0627\u0644\u062f\u0645\u0648\u064a\u0629.<\/p><\/li><\/ol><hr data-path-to-node=\"18\" \/><h3 data-path-to-node=\"19\">\u0627\u0644\u062a\u0639\u0627\u0641\u064a \u0641\u064a \u0627\u0644\u0645\u0646\u0632\u0644<\/h3><ul data-path-to-node=\"20\"><li><p data-path-to-node=\"20,0,0\"><b data-path-to-node=\"20,0,0\" data-index-in-node=\"0\">\u0625\u062f\u0627\u0631\u0629 \u0627\u0644\u0623\u0644\u0645:<\/b> \u062a\u0646\u0627\u0648\u0644 \u0645\u0633\u0643\u0646\u0627\u062a \u0627\u0644\u0623\u0644\u0645 \u0628\u0627\u0646\u062a\u0638\u0627\u0645 (\u0627\u0644\u0628\u0627\u0631\u0627\u0633\u064a\u062a\u0627\u0645\u0648\u0644\/\u0627\u0644\u0625\u064a\u0628\u0648\u0628\u0631\u0648\u0641\u064a\u0646) \u0641\u064a \u0627\u0644\u0623\u064a\u0627\u0645 \u0627\u0644\u0642\u0644\u064a\u0644\u0629 \u0627\u0644\u0623\u0648\u0644\u0649.<\/p><\/li><li><p data-path-to-node=\"20,1,0\"><b data-path-to-node=\"20,1,0\" data-index-in-node=\"0\">\u0627\u0644\u062c\u0631\u0648\u062d:<\/b> \u0639\u0627\u062f\u0629 \u0645\u0627 \u064a\u062a\u0645 \u0625\u063a\u0644\u0627\u0642 \u0627\u0644\u0634\u0642\u0648\u0642 \u0628\u062e\u064a\u0648\u0637 \u0642\u0627\u0628\u0644\u0629 \u0644\u0644\u0630\u0648\u0628\u0627\u0646 \u062a\u062e\u062a\u0641\u064a \u0645\u0646 \u062a\u0644\u0642\u0627\u0621 \u0646\u0641\u0633\u0647\u0627.<\/p><\/li><li><p data-path-to-node=\"20,2,0\"><b data-path-to-node=\"20,2,0\" data-index-in-node=\"0\">\u0627\u0644\u062d\u0648\u0627\u062c\u0632:<\/b> \u064a\u0646\u0628\u063a\u064a \u0639\u0645\u0648\u0645\u0627\u064b \u062a\u062c\u0646\u0628 \u0627\u0644\u062a\u0645\u0627\u0631\u064a\u0646 \u0627\u0644\u0631\u064a\u0627\u0636\u064a\u0629 \u0648\u0627\u0644\u0631\u064a\u0627\u0636\u0627\u062a \u0648\u0627\u0644\u0633\u0628\u0627\u062d\u0629. <b data-path-to-node=\"20,2,0\" data-index-in-node=\"65\">\u062d\u0648\u0627\u0644\u064a \u0623\u0633\u0628\u0648\u0639 \u0625\u0644\u0649 \u0623\u0633\u0628\u0648\u0639\u064a\u0646 \u062d\u0633\u0628 \u0627\u0644\u0639\u0645\u0631<\/b>.<\/p><\/li><li><p data-path-to-node=\"20,3,0\"><b data-path-to-node=\"20,3,0\" data-index-in-node=\"0\">\u0627\u0644\u0639\u0648\u062f\u0629 \u0625\u0644\u0649 \u0627\u0644\u062d\u064a\u0627\u0629 \u0627\u0644\u064a\u0648\u0645\u064a\u0629:<\/b> \u064a\u0645\u0643\u0646\u0643 \u0639\u0627\u062f\u0629\u064b \u0627\u0644\u0639\u0648\u062f\u0629 \u0625\u0644\u0649 \u0627\u0644\u0645\u062f\u0631\u0633\u0629 \u0623\u0648 \u0627\u0644\u062d\u0636\u0627\u0646\u0629 \u0628\u0639\u062f \u0628\u0636\u0639\u0629 \u0623\u064a\u0627\u0645\u060c \u0648\u0630\u0644\u0643 \u062d\u0633\u0628 \u062d\u0627\u0644\u062a\u0643.<\/p><\/li><\/ul><p>\u0631\u0648\u0627\u0628\u0637 \u0642\u0631\u064a\u0629 \u0627\u0644\u0635\u062d\u0629<\/p><p><a href=\"https:\/\/www.terveyskyla.fi\/lastentalo\/tietoa-lasten-sairauksista\/lasten-ja-nuorten-urologia\/laskeutumaton-kives\" target=\"_blank\" rel=\"noopener\">https:\/\/www.terveyskyla.fi\/lastentalo\/tietoa-lasten-sairauksista\/lasten-ja-nuorten-urologia\/laskeutumaton-kives<\/a><\/p><p>\u00a0<\/p><p>\u00a0<\/p>\t\t\t\t\t\t\t\t<\/div>\n\t\t\t\t<\/div>\n\t\t\t\t\t<\/div>\n\t\t\t\t<\/div>\n\t\t\t\t<\/div>","protected":false},"excerpt":{"rendered":"<p>Lapsen laskeutumaton kives \u2013 tietoa ja hoitopolku Poikalapsen kivekset laskeutuvat yleens\u00e4 kivespussiin siki\u00f6aikana, mutta joskus toinen tai molemmat kivekset j\u00e4\u00e4v\u00e4t matkan varrelle. Kivesten tulisi olla laskeutunut 6 kuukauden ik\u00e4\u00e4n menness\u00e4. Hyppiv\u00e4 kives on normaali ilmi\u00f6 Monilla lapsilla esiintyy niin sanottu hyppiv\u00e4 kives (testis saltans). T\u00e4m\u00e4 on t\u00e4ysin normaali fysiologinen ilmi\u00f6, joka johtuu vilkkaasta kiveskohottajalihaksesta. Jos [&hellip;]<\/p>\n","protected":false},"author":1,"featured_media":0,"parent":0,"menu_order":0,"comment_status":"closed","ping_status":"closed","template":"","meta":{"_angie_page":false,"site-sidebar-layout":"no-sidebar","site-content-layout":"page-builder","ast-site-content-layout":"full-width-container","site-content-style":"default","site-sidebar-style":"default","ast-global-header-display":"","ast-banner-title-visibility":"","ast-main-header-display":"","ast-hfb-above-header-display":"","ast-hfb-below-header-display":"","ast-hfb-mobile-header-display":"","site-post-title":"","ast-breadcrumbs-content":"","ast-featured-img":"disabled","footer-sml-layout":"","ast-disable-related-posts":"","theme-transparent-header-meta":"","adv-header-id-meta":"","stick-header-meta":"","header-above-stick-meta":"","header-main-stick-meta":"","header-below-stick-meta":"","astra-migrate-meta-layouts":"set","ast-page-background-enabled":"default","ast-page-background-meta":{"desktop":{"background-color":"","background-image":"","background-repeat":"repeat","background-position":"center center","background-size":"auto","background-attachment":"scroll","background-type":"","background-media":"","overlay-type":"","overlay-color":"","overlay-opacity":"","overlay-gradient":""},"tablet":{"background-color":"","background-image":"","background-repeat":"repeat","background-position":"center center","background-size":"auto","background-attachment":"scroll","background-type":"","background-media":"","overlay-type":"","overlay-color":"","overlay-opacity":"","overlay-gradient":""},"mobile":{"background-color":"","background-image":"","background-repeat":"repeat","background-position":"center center","background-size":"auto","background-attachment":"scroll","background-type":"","background-media":"","overlay-type":"","overlay-color":"","overlay-opacity":"","overlay-gradient":""}},"ast-content-background-meta":{"desktop":{"background-color":"var(--ast-global-color-5)","background-image":"","background-repeat":"repeat","background-position":"center center","background-size":"auto","background-attachment":"scroll","background-type":"","background-media":"","overlay-type":"","overlay-color":"","overlay-opacity":"","overlay-gradient":""},"tablet":{"background-color":"var(--ast-global-color-5)","background-image":"","background-repeat":"repeat","background-position":"center center","background-size":"auto","background-attachment":"scroll","background-type":"","background-media":"","overlay-type":"","overlay-color":"","overlay-opacity":"","overlay-gradient":""},"mobile":{"background-color":"var(--ast-global-color-5)","background-image":"","background-repeat":"repeat","background-position":"center center","background-size":"auto","background-attachment":"scroll","background-type":"","background-media":"","overlay-type":"","overlay-color":"","overlay-opacity":"","overlay-gradient":""}},"footnotes":""},"class_list":["post-1364","page","type-page","status-publish","hentry"],"_links":{"self":[{"href":"https:\/\/lastenkirurgia.fi\/ar\/wp-json\/wp\/v2\/pages\/1364","targetHints":{"allow":["GET"]}}],"collection":[{"href":"https:\/\/lastenkirurgia.fi\/ar\/wp-json\/wp\/v2\/pages"}],"about":[{"href":"https:\/\/lastenkirurgia.fi\/ar\/wp-json\/wp\/v2\/types\/page"}],"author":[{"embeddable":true,"href":"https:\/\/lastenkirurgia.fi\/ar\/wp-json\/wp\/v2\/users\/1"}],"replies":[{"embeddable":true,"href":"https:\/\/lastenkirurgia.fi\/ar\/wp-json\/wp\/v2\/comments?post=1364"}],"version-history":[{"count":4,"href":"https:\/\/lastenkirurgia.fi\/ar\/wp-json\/wp\/v2\/pages\/1364\/revisions"}],"predecessor-version":[{"id":1577,"href":"https:\/\/lastenkirurgia.fi\/ar\/wp-json\/wp\/v2\/pages\/1364\/revisions\/1577"}],"wp:attachment":[{"href":"https:\/\/lastenkirurgia.fi\/ar\/wp-json\/wp\/v2\/media?parent=1364"}],"curies":[{"name":"wp","href":"https:\/\/api.w.org\/{rel}","templated":true}]}}