{"id":1370,"date":"2026-04-09T13:50:59","date_gmt":"2026-04-09T13:50:59","guid":{"rendered":"https:\/\/darkcyan-pheasant-754087.hostingersite.com\/?page_id=1370"},"modified":"2026-04-11T12:57:53","modified_gmt":"2026-04-11T12:57:53","slug":"lapsen-ihomuutoksen-poisto","status":"publish","type":"page","link":"https:\/\/lastenkirurgia.fi\/ar\/lapsen-ihomuutoksen-poisto\/","title":{"rendered":"\u0625\u0632\u0627\u0644\u0629 \u0622\u0641\u0629 \u062c\u0644\u062f\u064a\u0629 \u0644\u062f\u0649 \u0637\u0641\u0644"},"content":{"rendered":"<div data-elementor-type=\"wp-page\" data-elementor-id=\"1370\" class=\"elementor elementor-1370\" data-elementor-post-type=\"page\">\n\t\t\t\t<div class=\"elementor-element elementor-element-769c94c e-flex e-con-boxed e-con e-parent\" data-id=\"769c94c\" data-element_type=\"container\" data-e-type=\"container\">\n\t\t\t\t\t<div class=\"e-con-inner\">\n\t\t\t\t<div class=\"elementor-element elementor-element-2855bef elementor-widget elementor-widget-text-editor\" data-id=\"2855bef\" data-element_type=\"widget\" data-e-type=\"widget\" data-widget_type=\"text-editor.default\">\n\t\t\t\t<div class=\"elementor-widget-container\">\n\t\t\t\t\t\t\t\t\t<h2 data-path-to-node=\"2\">\u0625\u0632\u0627\u0644\u0629 \u0622\u0641\u0629 \u062c\u0644\u062f\u064a\u0629 \u0644\u062f\u0649 \u0637\u0641\u0644 - \u0625\u0631\u0634\u0627\u062f\u0627\u062a \u0644\u0644\u0622\u0628\u0627\u0621<\/h2><p data-path-to-node=\"3\">\u0625\u0632\u0627\u0644\u0629 \u0627\u0644\u062a\u063a\u064a\u0631\u0627\u062a \u0627\u0644\u062c\u0644\u062f\u064a\u0629\u060c \u0643\u0627\u0644\u0634\u0627\u0645\u0627\u062a \u0623\u0648 \u063a\u064a\u0631\u0647\u0627 \u0645\u0646 \u0627\u0644\u0622\u0641\u0627\u062a \u0627\u0644\u062c\u0644\u062f\u064a\u0629 \u0627\u0644\u0635\u063a\u064a\u0631\u0629\u060c \u0625\u062c\u0631\u0627\u0621 \u0634\u0627\u0626\u0639 \u0644\u0644\u0623\u0637\u0641\u0627\u0644. \u0647\u062f\u0641\u0646\u0627 \u0647\u0648 \u062c\u0639\u0644 \u0647\u0630\u0627 \u0627\u0644\u0625\u062c\u0631\u0627\u0621 \u0622\u0645\u0646\u0627\u064b \u0642\u062f\u0631 \u0627\u0644\u0625\u0645\u0643\u0627\u0646 \u0648\u062e\u0627\u0644\u064a\u0627\u064b \u0645\u0646 \u0627\u0644\u062a\u0648\u062a\u0631 \u0628\u0627\u0644\u0646\u0633\u0628\u0629 \u0644\u0644\u0637\u0641\u0644.<\/p><h3 data-path-to-node=\"4\">\u062a\u062e\u062f\u064a\u0631 \u0623\u0645 \u062a\u062e\u062f\u064a\u0631\u061f<\/h3><p data-path-to-node=\"5\">\u064a\u0645\u0643\u0646 \u0625\u062c\u0631\u0627\u0621 \u0627\u0644\u0639\u0645\u0644\u064a\u0629 \u0625\u0645\u0627 \u062a\u062d\u062a \u0627\u0644\u062a\u062e\u062f\u064a\u0631 \u0627\u0644\u0645\u0648\u0636\u0639\u064a \u0623\u0648 \u062a\u062d\u062a \u0627\u0644\u062a\u062e\u062f\u064a\u0631 \u0627\u0644\u0639\u0627\u0645\u060c \u0648\u0630\u0644\u0643 \u062d\u0633\u0628 \u0639\u0645\u0631 \u0627\u0644\u0637\u0641\u0644 \u0648\u0645\u0633\u062a\u0648\u0649 \u0627\u0644\u062a\u0648\u062a\u0631 \u0644\u062f\u064a\u0647.<\/p><ul data-path-to-node=\"6\"><li><p data-path-to-node=\"6,0,0\"><b data-path-to-node=\"6,0,0\" data-index-in-node=\"0\">\u0627\u0644\u062a\u062e\u062f\u064a\u0631 \u0627\u0644\u0645\u0648\u0636\u0639\u064a:<\/b> \u063a\u0627\u0644\u0628\u0627\u064b \u0645\u0627 \u062a\u0646\u062c\u062d \u0647\u0630\u0647 \u0627\u0644\u0639\u0645\u0644\u064a\u0629 \u0645\u0639 \u0627\u0644\u0623\u0637\u0641\u0627\u0644 \u0627\u0644\u0646\u0634\u064a\u0637\u064a\u0646 \u0641\u064a \u0633\u0646 \u0627\u0644\u0645\u062f\u0631\u0633\u0629 \u0627\u0644\u0627\u0628\u062a\u062f\u0627\u0626\u064a\u0629 \u062a\u062d\u062a \u0627\u0644\u062a\u062e\u062f\u064a\u0631 \u0627\u0644\u0639\u0627\u0645. \u0648\u0625\u0630\u0627 \u0633\u0645\u062d \u0627\u0644\u0637\u0641\u0644 \u0628\u0627\u0644\u062a\u062e\u062f\u064a\u0631\u060c \u0641\u0625\u0646 \u0627\u0644\u0639\u0645\u0644\u064a\u0629 \u0646\u0641\u0633\u0647\u0627 \u062a\u0633\u064a\u0631 \u0639\u0644\u0649 \u0645\u0627 \u064a\u0631\u0627\u0645 \u0641\u064a \u0627\u0644\u063a\u0627\u0644\u0628.<\/p><\/li><li><p data-path-to-node=\"6,1,0\"><b data-path-to-node=\"6,1,0\" data-index-in-node=\"0\">\u0645\u062e\u062f\u0631:<\/b> \u0625\u0630\u0627 \u0643\u0627\u0646 \u0627\u0644\u0637\u0641\u0644 \u064a\u0634\u0639\u0631 \u0628\u062e\u0648\u0641 \u0623\u0648 \u0642\u0644\u0642 \u0634\u062f\u064a\u062f\u064a\u0646 \u062d\u064a\u0627\u0644 \u0627\u0644\u0645\u0648\u0642\u0641\u060c \u0641\u0644\u0627 \u064a\u064f\u0646\u0635\u062d \u0628\u0625\u062e\u0636\u0627\u0639\u0647 \u0644\u0644\u062a\u062e\u062f\u064a\u0631 \u0627\u0644\u0645\u0648\u0636\u0639\u064a. \u0641\u064a \u0647\u0630\u0647 \u0627\u0644\u062d\u0627\u0644\u0629\u060c \u0645\u0646 \u0627\u0644\u0623\u0641\u0636\u0644 \u062a\u062d\u062f\u064a\u062f \u0645\u0648\u0639\u062f \u062c\u062f\u064a\u062f \u0644\u0644\u0639\u0645\u0644\u064a\u0629\u060c \u0648\u0627\u0644\u062a\u064a \u0633\u062a\u064f\u062c\u0631\u0649 \u062a\u062d\u062a \u0627\u0644\u062a\u062e\u062f\u064a\u0631 \u0627\u0644\u0639\u0627\u0645 (\u062a\u062e\u062f\u064a\u0631 \u0639\u0627\u0645 \u0642\u0635\u064a\u0631). \u0648\u0628\u0647\u0630\u0647 \u0627\u0644\u0637\u0631\u064a\u0642\u0629\u060c \u0644\u0646 \u064a\u0634\u0639\u0631 \u0627\u0644\u0637\u0641\u0644 \u0628\u0623\u064a \u062e\u0648\u0641 \u0623\u0648 \u0630\u0643\u0631\u064a\u0627\u062a \u0645\u0624\u0644\u0645\u0629 \u0639\u0646 \u0627\u0644\u0639\u0645\u0644\u064a\u0629.<\/p><\/li><\/ul><h3 data-path-to-node=\"7\">\u0642\u0628\u0644 \u0627\u0644\u0625\u062c\u0631\u0627\u0621<\/h3><ul data-path-to-node=\"8\"><li><p data-path-to-node=\"8,0,0\">\u0646\u0627\u0642\u0634 \u0645\u0639 \u0637\u0641\u0644\u0643 \u0645\u0633\u0628\u0642\u0627\u064b \u0645\u0627 \u064a\u0645\u0643\u0646 \u062a\u0648\u0642\u0639\u0647. \u0623\u062e\u0628\u0631\u0647 \u0623\u0646 \u0627\u0644\u0637\u0628\u064a\u0628 \u0633\u064a\u0642\u0648\u0645 \u0628\u062a\u062e\u062f\u064a\u0631 \u0645\u0646\u0637\u0642\u0629 \u0635\u063a\u064a\u0631\u0629 \u0645\u0646 \u0627\u0644\u062c\u0644\u062f \u0641\u0642\u0637\u060c \u0623\u0648 \u0623\u0646\u0647 \u0633\u064a\u064f\u0633\u0645\u062d \u0644\u0644\u0637\u0641\u0644 \u0628\u0623\u062e\u0630 \u0642\u064a\u0644\u0648\u0644\u0629 \u0642\u0635\u064a\u0631\u0629 \u0623\u062b\u0646\u0627\u0621 \u0627\u0644\u0639\u0645\u0644\u064a\u0629.<\/p><\/li><li><p data-path-to-node=\"8,1,0\">\u0625\u0630\u0627 \u062a\u0645 \u0625\u062c\u0631\u0627\u0621 \u0627\u0644\u0639\u0645\u0644\u064a\u0629 \u062a\u062d\u062a \u0627\u0644\u062a\u062e\u062f\u064a\u0631\u060c \u0641\u0633\u0648\u0641 \u062a\u062a\u0644\u0642\u0649 \u062a\u0639\u0644\u064a\u0645\u0627\u062a \u0645\u0646\u0641\u0635\u0644\u0629 \u0628\u0634\u0623\u0646 \u0627\u0644\u0635\u064a\u0627\u0645.<\/p><\/li><\/ul><hr data-path-to-node=\"9\" \/><h3 data-path-to-node=\"10\">\u0628\u0639\u062f \u0627\u0644\u0639\u0645\u0644\u064a\u0629 \u0648\u0627\u0644\u0631\u0639\u0627\u064a\u0629 \u0627\u0644\u0645\u0646\u0632\u0644\u064a\u0629<\/h3><p data-path-to-node=\"11\">\u0639\u0645\u0644\u064a\u0629 \u0627\u0644\u0625\u0632\u0627\u0644\u0629 \u0646\u0641\u0633\u0647\u0627 \u062a\u0646\u062a\u0647\u064a \u0628\u0633\u0631\u0639\u0629. \u0648\u0639\u0627\u062f\u0629 \u0645\u0627 \u064a\u0644\u062a\u0626\u0645 \u0627\u0644\u062c\u0631\u062d. <b data-path-to-node=\"11\" data-index-in-node=\"53\">\u0628\u062e\u064a\u0627\u0637\u0629 \u0646\u0627\u0639\u0645\u0629<\/b>, \u0648\u0627\u0644\u062a\u064a \u0644\u0627 \u062a\u062d\u062a\u0627\u062c \u0625\u0644\u0649 \u0625\u0632\u0627\u0644\u062a\u0647\u0627 - \u0633\u062a\u062e\u062a\u0641\u064a \u0645\u0646 \u062a\u0644\u0642\u0627\u0621 \u0646\u0641\u0633\u0647\u0627 \u0628\u0645\u0631\u0648\u0631 \u0627\u0644\u0648\u0642\u062a.<\/p><p data-path-to-node=\"12\"><b data-path-to-node=\"12\" data-index-in-node=\"0\">\u0627\u0644\u062a\u0639\u0627\u0641\u064a \u0648\u0627\u0644\u0642\u064a\u0648\u062f:<\/b> \u064a\u062a\u0645 \u0636\u0645\u0627\u0646 \u0627\u0644\u062a\u0626\u0627\u0645 \u0627\u0644\u062c\u0631\u0648\u062d \u0628\u0647\u062f\u0648\u0621 \u0639\u0646 \u0637\u0631\u064a\u0642 \u062a\u062c\u0646\u0628 \u0634\u062f \u0645\u0646\u0637\u0642\u0629 \u0627\u0644\u062c\u0631\u062d \u0648\u062a\u0631\u0637\u064a\u0628\u0647\u0627 \u062e\u0644\u0627\u0644 \u0627\u0644\u0623\u064a\u0627\u0645 \u0627\u0644\u0642\u0644\u064a\u0644\u0629 \u0627\u0644\u0623\u0648\u0644\u0649.<\/p><ul data-path-to-node=\"13\"><li><p data-path-to-node=\"13,0,0\"><b data-path-to-node=\"13,0,0\" data-index-in-node=\"0\">\u0645\u062f\u0631\u0633\u0629:<\/b> \u064a\u0633\u062a\u0637\u064a\u0639 \u0627\u0644\u0637\u0641\u0644 \u0639\u0627\u062f\u0629\u064b \u0627\u0644\u0639\u0648\u062f\u0629 \u0625\u0644\u0649 \u0627\u0644\u0645\u062f\u0631\u0633\u0629 \u0623\u0648 \u0627\u0644\u062d\u0636\u0627\u0646\u0629 \u0641\u064a \u0627\u0644\u064a\u0648\u0645 \u0627\u0644\u062a\u0627\u0644\u064a \u0645\u0628\u0627\u0634\u0631\u0629.<\/p><\/li><li><p data-path-to-node=\"13,1,0\"><b data-path-to-node=\"13,1,0\" data-index-in-node=\"0\">\u0627\u0644\u062a\u0645\u0627\u0631\u064a\u0646 \u0648\u0627\u0644\u0631\u064a\u0627\u0636\u0629:<\/b> \u0639\u0646 <b data-path-to-node=\"13,1,0\" data-index-in-node=\"26\">\u0627\u0633\u062a\u0631\u0627\u062d\u0629 \u0644\u0645\u062f\u0629 \u0623\u0633\u0628\u0648\u0639<\/b> \u0645\u0646 \u0627\u0644\u0636\u0631\u0648\u0631\u064a \u0627\u0644\u0627\u0628\u062a\u0639\u0627\u062f \u0639\u0646 \u0627\u0644\u0631\u064a\u0627\u0636\u0629 \u0644\u0645\u0646\u0639 \u0627\u0644\u062c\u0631\u062d \u0645\u0646 \u0627\u0644\u0627\u0646\u0641\u062a\u0627\u062d \u0623\u0648 \u0627\u0644\u062a\u0645\u062f\u062f.<\/p><\/li><li><p data-path-to-node=\"13,2,0\"><b data-path-to-node=\"13,2,0\" data-index-in-node=\"0\">\u0627\u0644\u0633\u0627\u0648\u0646\u0627 \u0648\u0627\u0644\u0633\u0628\u0627\u062d\u0629:<\/b> \u0644\u0645\u0646\u0639 \u0627\u0644\u062a\u0647\u0627\u0628 \u0627\u0644\u062c\u0631\u062d\u060c \u064a\u0646\u0628\u063a\u064a \u062a\u062c\u0646\u0628 \u0627\u0644\u0633\u0627\u0648\u0646\u0627 \u0648\u0627\u0644\u0633\u0628\u0627\u062d\u0629 \u0648\u0627\u0644\u0627\u0633\u062a\u062d\u0645\u0627\u0645 \u0644\u0645\u062f\u0629 \u062a\u0642\u0627\u0631\u0628 <b data-path-to-node=\"13,2,0\" data-index-in-node=\"93\">\u0644\u0645\u062f\u0629 \u0623\u0633\u0628\u0648\u0639 \u0648\u0627\u062d\u062f<\/b>. \u064a\u0645\u0643\u0646\u0643 \u0627\u0644\u0627\u0633\u062a\u062d\u0645\u0627\u0645 \u0628\u0634\u0643\u0644 \u0637\u0628\u064a\u0639\u064a (\u0639\u0627\u062f\u0629 \u0628\u0639\u062f 24 \u0633\u0627\u0639\u0629)\u060c \u0637\u0627\u0644\u0645\u0627 \u064a\u062a\u0645 \u062a\u062c\u0641\u064a\u0641 \u0645\u0646\u0637\u0642\u0629 \u0627\u0644\u062c\u0631\u062d \u0628\u0644\u0637\u0641.<\/p><\/li><\/ul>\t\t\t\t\t\t\t\t<\/div>\n\t\t\t\t<\/div>\n\t\t\t\t\t<\/div>\n\t\t\t\t<\/div>\n\t\t\t\t<\/div>","protected":false},"excerpt":{"rendered":"<p>Lapsen ihomuutoksen poisto \u2013 ohjeita vanhemmille Ihomuutosten, kuten luomien tai muiden pienten ihopatitien, poisto on lapsilla tavallinen toimenpide. Tavoitteenamme on tehd\u00e4 toimenpiteest\u00e4 lapselle mahdollisimman turvallinen ja v\u00e4h\u00e4n j\u00e4nnitt\u00e4v\u00e4 kokemus. Puudutus vai nukutus? Toimenpide voidaan tehd\u00e4 joko paikallispuudutuksessa tai nukutuksessa lapsen i\u00e4st\u00e4 ja j\u00e4nnityksest\u00e4 riippuen. Paikallispuudutus: Toimenpide onnistuu usein jo ala-asteik\u00e4isilt\u00e4 reippailta lapsilta puudutuksessa. Jos lapsi [&hellip;]<\/p>\n","protected":false},"author":1,"featured_media":0,"parent":0,"menu_order":0,"comment_status":"closed","ping_status":"closed","template":"","meta":{"_angie_page":false,"site-sidebar-layout":"no-sidebar","site-content-layout":"page-builder","ast-site-content-layout":"full-width-container","site-content-style":"default","site-sidebar-style":"default","ast-global-header-display":"","ast-banner-title-visibility":"","ast-main-header-display":"","ast-hfb-above-header-display":"","ast-hfb-below-header-display":"","ast-hfb-mobile-header-display":"","site-post-title":"","ast-breadcrumbs-content":"","ast-featured-img":"disabled","footer-sml-layout":"","ast-disable-related-posts":"","theme-transparent-header-meta":"","adv-header-id-meta":"","stick-header-meta":"","header-above-stick-meta":"","header-main-stick-meta":"","header-below-stick-meta":"","astra-migrate-meta-layouts":"set","ast-page-background-enabled":"default","ast-page-background-meta":{"desktop":{"background-color":"","background-image":"","background-repeat":"repeat","background-position":"center center","background-size":"auto","background-attachment":"scroll","background-type":"","background-media":"","overlay-type":"","overlay-color":"","overlay-opacity":"","overlay-gradient":""},"tablet":{"background-color":"","background-image":"","background-repeat":"repeat","background-position":"center center","background-size":"auto","background-attachment":"scroll","background-type":"","background-media":"","overlay-type":"","overlay-color":"","overlay-opacity":"","overlay-gradient":""},"mobile":{"background-color":"","background-image":"","background-repeat":"repeat","background-position":"center center","background-size":"auto","background-attachment":"scroll","background-type":"","background-media":"","overlay-type":"","overlay-color":"","overlay-opacity":"","overlay-gradient":""}},"ast-content-background-meta":{"desktop":{"background-color":"var(--ast-global-color-5)","background-image":"","background-repeat":"repeat","background-position":"center center","background-size":"auto","background-attachment":"scroll","background-type":"","background-media":"","overlay-type":"","overlay-color":"","overlay-opacity":"","overlay-gradient":""},"tablet":{"background-color":"var(--ast-global-color-5)","background-image":"","background-repeat":"repeat","background-position":"center center","background-size":"auto","background-attachment":"scroll","background-type":"","background-media":"","overlay-type":"","overlay-color":"","overlay-opacity":"","overlay-gradient":""},"mobile":{"background-color":"var(--ast-global-color-5)","background-image":"","background-repeat":"repeat","background-position":"center center","background-size":"auto","background-attachment":"scroll","background-type":"","background-media":"","overlay-type":"","overlay-color":"","overlay-opacity":"","overlay-gradient":""}},"footnotes":""},"class_list":["post-1370","page","type-page","status-publish","hentry"],"_links":{"self":[{"href":"https:\/\/lastenkirurgia.fi\/ar\/wp-json\/wp\/v2\/pages\/1370","targetHints":{"allow":["GET"]}}],"collection":[{"href":"https:\/\/lastenkirurgia.fi\/ar\/wp-json\/wp\/v2\/pages"}],"about":[{"href":"https:\/\/lastenkirurgia.fi\/ar\/wp-json\/wp\/v2\/types\/page"}],"author":[{"embeddable":true,"href":"https:\/\/lastenkirurgia.fi\/ar\/wp-json\/wp\/v2\/users\/1"}],"replies":[{"embeddable":true,"href":"https:\/\/lastenkirurgia.fi\/ar\/wp-json\/wp\/v2\/comments?post=1370"}],"version-history":[{"count":4,"href":"https:\/\/lastenkirurgia.fi\/ar\/wp-json\/wp\/v2\/pages\/1370\/revisions"}],"predecessor-version":[{"id":1538,"href":"https:\/\/lastenkirurgia.fi\/ar\/wp-json\/wp\/v2\/pages\/1370\/revisions\/1538"}],"wp:attachment":[{"href":"https:\/\/lastenkirurgia.fi\/ar\/wp-json\/wp\/v2\/media?parent=1370"}],"curies":[{"name":"wp","href":"https:\/\/api.w.org\/{rel}","templated":true}]}}