{"id":1372,"date":"2026-04-09T13:51:12","date_gmt":"2026-04-09T13:51:12","guid":{"rendered":"https:\/\/darkcyan-pheasant-754087.hostingersite.com\/?page_id=1372"},"modified":"2026-04-11T13:35:26","modified_gmt":"2026-04-11T13:35:26","slug":"lapsen-murtuman-hoito","status":"publish","type":"page","link":"https:\/\/lastenkirurgia.fi\/ar\/lapsen-murtuman-hoito\/","title":{"rendered":"\u0639\u0644\u0627\u062c \u0643\u0633\u0631 \u0627\u0644\u0637\u0641\u0644"},"content":{"rendered":"<div data-elementor-type=\"wp-page\" data-elementor-id=\"1372\" class=\"elementor elementor-1372\" data-elementor-post-type=\"page\">\n\t\t\t\t<div class=\"elementor-element elementor-element-31eef8b e-flex e-con-boxed e-con e-parent\" data-id=\"31eef8b\" data-element_type=\"container\" data-e-type=\"container\">\n\t\t\t\t\t<div class=\"e-con-inner\">\n\t\t\t\t<div class=\"elementor-element elementor-element-d40e97e elementor-widget elementor-widget-text-editor\" data-id=\"d40e97e\" data-element_type=\"widget\" data-e-type=\"widget\" data-widget_type=\"text-editor.default\">\n\t\t\t\t<div class=\"elementor-widget-container\">\n\t\t\t\t\t\t\t\t\t<h2 data-path-to-node=\"2\">\u0639\u0644\u0627\u062c \u0648\u0645\u062a\u0627\u0628\u0639\u0629 \u0643\u0633\u0648\u0631 \u0627\u0644\u0623\u0637\u0641\u0627\u0644<\/h2><p data-path-to-node=\"3\">\u062a\u062e\u062a\u0644\u0641 \u0627\u0644\u0643\u0633\u0648\u0631 \u0639\u0646\u062f \u0627\u0644\u0623\u0637\u0641\u0627\u0644 \u0627\u062e\u062a\u0644\u0627\u0641\u0627\u064b \u0643\u0628\u064a\u0631\u0627\u064b \u0639\u0646 \u062a\u0644\u0643 \u0627\u0644\u062a\u064a \u062a\u062d\u062f\u062b \u0639\u0646\u062f \u0627\u0644\u0628\u0627\u0644\u063a\u064a\u0646. \u0641\u0628\u062d\u0633\u0628 \u0627\u0644\u0639\u0645\u0631\u060c \u0644\u0627 \u062a\u0632\u0627\u0644 \u0639\u0638\u0627\u0645 \u0627\u0644\u0637\u0641\u0644 \u0641\u064a \u0645\u0631\u062d\u0644\u0629 \u0625\u0639\u0627\u062f\u0629 \u062a\u0634\u0643\u064a\u0644 \u0643\u0628\u064a\u0631\u0629\u060c \u0648\u0644\u0630\u0644\u0643 \u064a\u062a\u0645 \u0627\u062e\u062a\u064a\u0627\u0631 \u062e\u0637\u0637 \u0627\u0644\u0639\u0644\u0627\u062c \u0628\u0634\u0643\u0644 \u0641\u0631\u062f\u064a \u0648\u0641\u0642\u0627\u064b \u0644\u0639\u0645\u0631 \u0627\u0644\u0637\u0641\u0644 \u0648\u0645\u0631\u062d\u0644\u0629 \u0646\u0645\u0648\u0647.<\/p><h3 data-path-to-node=\"4\">\u0644\u0645\u0627\u0630\u0627 \u064a\u064f\u0639\u062a\u0628\u0631 \u0643\u0633\u0631 \u0627\u0644\u0637\u0641\u0644 \u062d\u0627\u0644\u0629 \u062e\u0627\u0635\u0629\u061f<\/h3><p data-path-to-node=\"5\">\u0647\u0646\u0627\u0643 \u0627\u0644\u0639\u062f\u064a\u062f \u0645\u0646 \u062e\u0635\u0627\u0626\u0635 \u0627\u0644\u0647\u064a\u0643\u0644 \u0627\u0644\u0639\u0638\u0645\u064a \u0644\u0644\u0637\u0641\u0644 \u0627\u0644\u062a\u064a \u062a\u062c\u0639\u0644 \u0627\u0644\u062a\u0634\u062e\u064a\u0635 \u0648\u0627\u0644\u0639\u0644\u0627\u062c \u0645\u062e\u062a\u0644\u0641\u064a\u0646 \u0645\u0642\u0627\u0631\u0646\u0629 \u0628\u0627\u0644\u0628\u0627\u0644\u063a\u064a\u0646:<\/p><ul data-path-to-node=\"6\"><li><p data-path-to-node=\"6,0,0\"><b data-path-to-node=\"6,0,0\" data-index-in-node=\"0\">\u062a\u0641\u0633\u064a\u0631 \u0635\u0648\u0631 \u0627\u0644\u0623\u0634\u0639\u0629 \u0627\u0644\u0633\u064a\u0646\u064a\u0629:<\/b> \u062a\u062e\u062a\u0644\u0641 \u0639\u0638\u0627\u0645 \u0627\u0644\u0623\u0637\u0641\u0627\u0644 \u0639\u0646 \u0639\u0638\u0627\u0645 \u0627\u0644\u0628\u0627\u0644\u063a\u064a\u0646 \u0641\u064a \u062e\u0637\u0648\u0637 \u0627\u0644\u0646\u0645\u0648 \u0648\u0645\u0631\u0627\u0643\u0632 \u0627\u0644\u0646\u0645\u0648 \u0648\u0627\u0644\u0623\u062c\u0632\u0627\u0621 \u0627\u0644\u063a\u0636\u0631\u0648\u0641\u064a\u0629. \u0644\u0630\u0627\u060c \u064a\u062a\u0637\u0644\u0628 \u062a\u0641\u0633\u064a\u0631 \u0627\u0644\u0635\u0648\u0631 \u062e\u0628\u0631\u0629\u064b \u0643\u0628\u064a\u0631\u0629\u064b \u0644\u062a\u0645\u064a\u064a\u0632 \u0627\u0644\u0643\u0633\u0631 \u0639\u0646 \u062e\u0637 \u0627\u0644\u0646\u0645\u0648 \u0627\u0644\u0637\u0628\u064a\u0639\u064a\u060c \u0639\u0644\u0649 \u0633\u0628\u064a\u0644 \u0627\u0644\u0645\u062b\u0627\u0644.<\/p><\/li><li><p data-path-to-node=\"6,1,0\"><b data-path-to-node=\"6,1,0\" data-index-in-node=\"0\">\u0642\u0648\u0629 \u0627\u0644\u0646\u0645\u0648 (\u0625\u0639\u0627\u062f\u0629 \u0627\u0644\u062a\u0634\u0643\u064a\u0644):<\/b> \u0643\u0644\u0645\u0627 \u0643\u0627\u0646 \u0627\u0644\u0637\u0641\u0644 \u0623\u0635\u063a\u0631 \u0633\u0646\u064b\u0627\u060c \u0643\u0627\u0646\u062a \u0642\u062f\u0631\u0629 \u062c\u0633\u0645\u0647 \u0639\u0644\u0649 \u062a\u0635\u062d\u064a\u062d \u0627\u062e\u062a\u0644\u0627\u0644 \u0627\u0644\u0643\u0633\u0631 \u0623\u0641\u0636\u0644 \u0645\u0639 \u0646\u0645\u0648\u0647. \u0644\u0647\u0630\u0627 \u0627\u0644\u0633\u0628\u0628\u060c \u064a\u064f\u0633\u0645\u062d \u0644\u0644\u0623\u0637\u0641\u0627\u0644 \u0627\u0644\u0635\u063a\u0627\u0631 \u0628\u0648\u062c\u0648\u062f \u0627\u062e\u062a\u0644\u0627\u0644\u0627\u062a \u0623\u0643\u0628\u0631 \u0628\u0643\u062b\u064a\u0631 \u0645\u0646 \u062a\u0644\u0643 \u0627\u0644\u0645\u0648\u062c\u0648\u062f\u0629 \u0644\u062f\u0649 \u0627\u0644\u0623\u0637\u0641\u0627\u0644 \u0627\u0644\u0623\u0643\u0628\u0631 \u0633\u0646\u064b\u0627 \u0623\u0648 \u0627\u0644\u0628\u0627\u0644\u063a\u064a\u0646\u060c \u0648\u0633\u062a\u0638\u0644 \u0627\u0644\u0646\u062a\u064a\u062c\u0629 \u0627\u0644\u0646\u0647\u0627\u0626\u064a\u0629 \u062c\u064a\u062f\u0629 \u0643\u0645\u0627 \u0644\u0648 \u0643\u0627\u0646\u062a \u062c\u062f\u064a\u062f\u0629 \u0639\u0644\u0649 \u0627\u0644\u0645\u062f\u0649 \u0627\u0644\u0637\u0648\u064a\u0644.<\/p><\/li><\/ul><h3 data-path-to-node=\"7\">\u0623\u0633\u0627\u0644\u064a\u0628 \u0627\u0644\u0639\u0644\u0627\u062c<\/h3><p data-path-to-node=\"8\">\u064a\u0645\u0643\u0646 \u0639\u0644\u0627\u062c \u0645\u0639\u0638\u0645 \u0627\u0644\u0643\u0633\u0648\u0631 \u0639\u0646\u062f \u0627\u0644\u0623\u0637\u0641\u0627\u0644 \u0628\u0633\u0647\u0648\u0644\u0629 \u0628\u0627\u0633\u062a\u062e\u062f\u0627\u0645 \u0627\u0644\u062c\u0628\u064a\u0631\u0629\u060c \u0648\u0644\u0643\u0646 \u0641\u064a \u0636\u0648\u0621 \u0627\u0644\u0645\u0639\u0631\u0641\u0629 \u0627\u0644\u062d\u0627\u0644\u064a\u0629\u060c \u0642\u062f \u0644\u0627 \u062a\u062a\u0637\u0644\u0628 \u062c\u0645\u064a\u0639 \u0627\u0644\u0643\u0633\u0648\u0631 \u0627\u0633\u062a\u062e\u062f\u0627\u0645 \u0627\u0644\u062c\u0628\u064a\u0631\u0629.<\/p><ol start=\"1\" data-path-to-node=\"9\"><li><p data-path-to-node=\"9,0,0\"><b data-path-to-node=\"9,0,0\" data-index-in-node=\"0\">\u0639\u0644\u0627\u062c \u0628\u062f\u0648\u0646 \u062c\u0628\u064a\u0631\u0629:<\/b> \u0628\u0639\u0636 \u0627\u0644\u0643\u0633\u0648\u0631 \u0627\u0644\u0646\u0645\u0648\u0630\u062c\u064a\u0629\u060c \u0645\u062b\u0644 \u0643\u0633\u0648\u0631 \u0627\u0644\u0631\u0633\u063a <b data-path-to-node=\"9,0,0\" data-index-in-node=\"59\">\u0643\u0633\u0648\u0631 \u0623\u063a\u0635\u0627\u0646 \u0627\u0644\u0635\u0641\u0635\u0627\u0641<\/b>, \u062a\u0644\u062a\u0626\u0645 \u0647\u0630\u0647 \u0627\u0644\u0643\u0633\u0648\u0631 \u062a\u0645\u0627\u0645\u0627\u064b \u062f\u0648\u0646 \u0627\u0644\u062d\u0627\u062c\u0629 \u0625\u0644\u0649 \u062c\u0628\u064a\u0631\u0629 \u0635\u0644\u0628\u0629. \u0648\u0643\u0630\u0644\u0643 \u0628\u0639\u0636 \u0627\u0644\u0643\u0633\u0648\u0631 \u0644\u062f\u0649 \u0627\u0644\u0623\u0637\u0641\u0627\u0644 \u0627\u0644\u0635\u063a\u0627\u0631 \u062c\u062f\u0627\u064b.<\/p><\/li><li><p data-path-to-node=\"9,1,0\"><b data-path-to-node=\"9,1,0\" data-index-in-node=\"0\">\u0627\u0644\u0639\u0644\u0627\u062c \u0628\u0627\u0644\u062c\u0628\u0633:<\/b> \u0625\u0630\u0627 \u062a\u0637\u0644\u0628 \u0627\u0644\u0643\u0633\u0631 \u062f\u0639\u0645\u0627\u064b\u060c \u0641\u0639\u0627\u062f\u0629 \u0645\u0627 \u064a\u062a\u0645 \u0627\u0633\u062a\u062e\u062f\u0627\u0645 \u0627\u0644\u062c\u0628\u064a\u0631\u0629 \u0644\u0628\u0636\u0639\u0629 \u0623\u0633\u0627\u0628\u064a\u0639 (\u0644\u0644\u0623\u0637\u0641\u0627\u0644 \u0627\u0644\u0635\u063a\u0627\u0631) \u0625\u0644\u0649 \u0633\u062a\u0629 \u0623\u0633\u0627\u0628\u064a\u0639 (\u0628\u0639\u0636 \u0627\u0644\u0643\u0633\u0648\u0631 \u0639\u0646\u062f \u0627\u0644\u0623\u0637\u0641\u0627\u0644 \u0627\u0644\u0623\u0643\u0628\u0631 \u0633\u0646\u0627\u064b).<\/p><\/li><li><p data-path-to-node=\"9,2,0\"><b data-path-to-node=\"9,2,0\" data-index-in-node=\"0\">\u0642\u0631\u0627\u0631 \u0627\u0644\u0639\u0644\u0627\u062c \u0627\u0644\u0641\u0631\u062f\u064a:<\/b> \u064a\u062a\u0623\u062b\u0631 \u0627\u0644\u0639\u0644\u0627\u062c \u0628\u062d\u0627\u0644\u0629 \u0627\u0644\u0637\u0641\u0644 <b data-path-to-node=\"9,2,0\" data-index-in-node=\"51\">\u0627\u0644\u0639\u0645\u0631 \u0648\u0627\u0644\u062d\u062c\u0645<\/b>. \u0639\u0644\u0649 \u0633\u0628\u064a\u0644 \u0627\u0644\u0645\u062b\u0627\u0644\u060c \u063a\u0627\u0644\u0628\u0627\u064b \u0645\u0627 \u064a\u062a\u0645 \u0639\u0644\u0627\u062c \u0627\u0644\u0643\u0633\u0631 \u0644\u062f\u0649 \u0637\u0641\u0644 \u064a\u0628\u0644\u063a \u0645\u0646 \u0627\u0644\u0639\u0645\u0631 5 \u0633\u0646\u0648\u0627\u062a \u0628\u0634\u0643\u0644 \u0645\u062e\u062a\u0644\u0641 \u0639\u0646 \u0637\u0641\u0644 \u064a\u0628\u0644\u063a \u0645\u0646 \u0627\u0644\u0639\u0645\u0631 11 \u0639\u0627\u0645\u0627\u064b \u0644\u0623\u0646 \u0627\u0644\u0637\u0641\u0644 \u0627\u0644\u0623\u0635\u063a\u0631 \u0644\u062f\u064a\u0647 \u0625\u0645\u0643\u0627\u0646\u064a\u0629 \u0623\u0643\u0628\u0631 \u0644\u0644\u0634\u0641\u0627\u0621.<\/p><\/li><\/ol><h3 data-path-to-node=\"10\">\u0643\u0633\u0648\u0631 \u062e\u0637 \u0627\u0644\u0646\u0645\u0648 \u0648\u0645\u0631\u0627\u0642\u0628\u062a\u0647\u0627<\/h3><p data-path-to-node=\"11\">\u0625\u0630\u0627 \u0627\u0645\u062a\u062f \u0627\u0644\u0643\u0633\u0631 <b data-path-to-node=\"11\" data-index-in-node=\"20\">\u062e\u0637 \u0627\u0644\u0646\u0645\u0648<\/b>, \u0641\u064a \u0628\u0639\u0636 \u0627\u0644\u0623\u062d\u064a\u0627\u0646\u060c \u064a\u062a\u0637\u0644\u0628 \u0627\u0644\u0623\u0645\u0631 \u0645\u0631\u0627\u0642\u0628\u0629 \u062f\u0642\u064a\u0642\u0629 \u0644\u0644\u062d\u0627\u0644\u0629. \u062e\u0637 \u0627\u0644\u0646\u0645\u0648 \u0647\u0648 \u0627\u0644\u0645\u0646\u0637\u0642\u0629 \u0627\u0644\u062a\u064a \u064a\u0646\u0645\u0648 \u0641\u064a\u0647\u0627 \u0627\u0644\u0639\u0638\u0645 \u0637\u0648\u0644\u064a\u0627\u064b\u060c \u0648\u0623\u064a \u0636\u0631\u0631 \u0641\u064a \u0647\u0630\u0647 \u0627\u0644\u0645\u0646\u0637\u0642\u0629 \u0642\u062f \u064a\u0624\u062b\u0631 \u0639\u0644\u0649 \u0627\u0644\u0646\u0645\u0648 \u0627\u0644\u0637\u0628\u064a\u0639\u064a \u0644\u0644\u0639\u0638\u0645.<\/p><ul data-path-to-node=\"12\"><li><p data-path-to-node=\"12,0,0\"><b data-path-to-node=\"12,0,0\" data-index-in-node=\"0\">\u0628\u0639\u062f \u0627\u0644\u0645\u0639\u0627\u064a\u0646\u0629:<\/b> \u0641\u064a \u062d\u0627\u0644\u0627\u062a \u0643\u0633\u0648\u0631 \u062e\u0637 \u0627\u0644\u0646\u0645\u0648\u060c \u064a\u062a\u0645 \u0623\u062d\u064a\u0627\u0646\u064b\u0627 \u0627\u0644\u062a\u0642\u0627\u0637 \u0635\u0648\u0631\u0629 \u0623\u0634\u0639\u0629 \u0633\u064a\u0646\u064a\u0629 \u062c\u062f\u064a\u062f\u0629 \u062a\u0642\u0631\u064a\u0628\u064b\u0627 <b data-path-to-node=\"12,0,0\" data-index-in-node=\"77\">\u0641\u064a \u0639\u0645\u0631 6 \u0623\u0634\u0647\u0631<\/b>.<\/p><\/li><li><p data-path-to-node=\"12,1,0\"><b data-path-to-node=\"12,1,0\" data-index-in-node=\"0\">\u0645\u0627 \u0627\u0644\u0630\u064a \u062a\u062a\u0645 \u0645\u0631\u0627\u0642\u0628\u062a\u0647\u061f<\/b> \u062a\u0636\u0645\u0646 \u0627\u0644\u0635\u0648\u0631\u0629 \u0623\u0646 \u062e\u0637 \u0627\u0644\u0646\u0645\u0648 \u0644\u0645 \u064a\u062a\u0635\u0644\u0628 \u0642\u0628\u0644 \u0627\u0644\u0623\u0648\u0627\u0646 \u0641\u064a \u0645\u0648\u0642\u0639 \u0627\u0644\u0643\u0633\u0631\u060c \u0645\u0645\u0627 \u0642\u062f \u064a\u0624\u062f\u064a \u0625\u0644\u0649 \u0641\u0634\u0644 \u0627\u0644\u0646\u0645\u0648.<\/p><\/li><\/ul><hr data-path-to-node=\"13\" \/><h3 data-path-to-node=\"14\">\u062a\u0639\u0644\u064a\u0645\u0627\u062a \u0627\u0644\u0639\u0646\u0627\u064a\u0629 \u0627\u0644\u0645\u0646\u0632\u0644\u064a\u0629 \u0645\u0639 \u0627\u0644\u062c\u0628\u064a\u0631\u0629:<\/h3><ul data-path-to-node=\"15\"><li><p data-path-to-node=\"15,0,0\"><b data-path-to-node=\"15,0,0\" data-index-in-node=\"0\">\u0645\u0631\u0627\u0642\u0628\u0629 \u0627\u0644\u062f\u0648\u0631\u0629 \u0627\u0644\u062f\u0645\u0648\u064a\u0629:<\/b> \u0625\u0630\u0627 \u062a\u062d\u0648\u0644\u062a \u0623\u0635\u0627\u0628\u0639 \u0627\u0644\u0642\u062f\u0645\u064a\u0646 \u0623\u0648 \u0627\u0644\u064a\u062f\u064a\u0646 \u0625\u0644\u0649 \u0627\u0644\u0644\u0648\u0646 \u0627\u0644\u0623\u0632\u0631\u0642\u060c \u0623\u0648 \u0623\u0635\u0628\u062d\u062a \u0628\u0627\u0631\u062f\u0629\u060c \u0623\u0648 \u0627\u0634\u062a\u0643\u0649 \u0627\u0644\u0637\u0641\u0644 \u0645\u0646 \u0648\u062e\u0632 \u0634\u062f\u064a\u062f\u060c \u0641\u0627\u062a\u0635\u0644 \u0628\u0627\u0644\u0637\u0628\u064a\u0628.<\/p><\/li><li><p data-path-to-node=\"15,1,0\"><b data-path-to-node=\"15,1,0\" data-index-in-node=\"0\">\u0625\u062f\u0627\u0631\u0629 \u0627\u0644\u0623\u0644\u0645:<\/b> \u0623\u0639\u0637\u0650 \u0645\u0633\u0643\u0646\u0627\u062a \u0627\u0644\u0623\u0644\u0645 (\u0627\u0644\u0628\u0627\u0631\u0627\u0633\u064a\u062a\u0627\u0645\u0648\u0644\/\u0627\u0644\u0625\u064a\u0628\u0648\u0628\u0631\u0648\u0641\u064a\u0646) \u062d\u0633\u0628 \u062a\u0648\u062c\u064a\u0647\u0627\u062a \u0627\u0644\u0637\u0628\u064a\u0628\u060c \u0648\u062e\u0627\u0635\u0629 \u0641\u064a \u0627\u0644\u0623\u064a\u0627\u0645 \u0627\u0644\u0642\u0644\u064a\u0644\u0629 \u0627\u0644\u0623\u0648\u0644\u0649.<\/p><\/li><li><p data-path-to-node=\"15,2,0\"><b data-path-to-node=\"15,2,0\" data-index-in-node=\"0\">\u0646\u0642\u0627\u0621 \u0627\u0644\u062c\u0628\u0633:<\/b> \u062d\u0627\u0641\u0638 \u0639\u0644\u0649 \u062c\u0641\u0627\u0641 \u0627\u0644\u062c\u0628\u064a\u0631\u0629. \u0645\u0646 \u0627\u0644\u0636\u0631\u0648\u0631\u064a \u0627\u0633\u062a\u062e\u062f\u0627\u0645 \u0643\u064a\u0633 \u0628\u0644\u0627\u0633\u062a\u064a\u0643\u064a \u0644\u062d\u0645\u0627\u064a\u062a\u0647\u0627 \u0623\u062b\u0646\u0627\u0621 \u0627\u0644\u0627\u0633\u062a\u062d\u0645\u0627\u0645.<\/p><\/li><\/ul><p>\u0625\u0631\u0634\u0627\u062f\u0627\u062a \u062c\u0645\u0639\u064a\u0629 \u0645\u062a\u0644\u0627\u0632\u0645\u0629 \u0627\u0646\u062d\u0644\u0627\u0644 \u0627\u0644\u062f\u0645 \u0627\u0644\u064a\u0648\u0631\u064a\u0645\u064a \u0644\u0639\u0644\u0627\u062c \u0627\u0644\u0643\u0633\u0648\u0631 \u0639\u0646\u062f \u0627\u0644\u0623\u0637\u0641\u0627\u0644 (\u0631\u0627\u0628\u0637)<\/p><p><a href=\"https:\/\/www.hus.fi\/potilaalle\/hoidot-ja-tutkimukset\/lasten-ja-nuorten-murtumien-hoito\" target=\"_blank\" rel=\"noopener\">https:\/\/www.hus.fi\/potilaalle\/hoidot-ja-tutkimukset\/lasten-ja-nuorten-murtumien-hoito<\/a><\/p>\t\t\t\t\t\t\t\t<\/div>\n\t\t\t\t<\/div>\n\t\t\t\t\t<\/div>\n\t\t\t\t<\/div>\n\t\t<div class=\"elementor-element elementor-element-ce7b048 e-flex e-con-boxed e-con e-parent\" data-id=\"ce7b048\" data-element_type=\"container\" data-e-type=\"container\">\n\t\t\t\t\t<div class=\"e-con-inner\">\n\t\t\t\t<div class=\"elementor-element elementor-element-acf34e3 elementor-widget elementor-widget-image\" data-id=\"acf34e3\" data-element_type=\"widget\" data-e-type=\"widget\" data-widget_type=\"image.default\">\n\t\t\t\t<div class=\"elementor-widget-container\">\n\t\t\t\t\t\t\t\t\t\t\t\t\t\t\t<img fetchpriority=\"high\" decoding=\"async\" width=\"1024\" height=\"559\" src=\"https:\/\/lastenkirurgia.fi\/wp-content\/uploads\/2026\/04\/rannemurtuma.webp\" class=\"attachment-large size-large wp-image-1561\" alt=\"\" srcset=\"https:\/\/lastenkirurgia.fi\/wp-content\/uploads\/2026\/04\/rannemurtuma.webp 1024w, https:\/\/lastenkirurgia.fi\/wp-content\/uploads\/2026\/04\/rannemurtuma-300x164.webp 300w, https:\/\/lastenkirurgia.fi\/wp-content\/uploads\/2026\/04\/rannemurtuma-768x419.webp 768w\" sizes=\"(max-width: 1024px) 100vw, 1024px\" \/>\t\t\t\t\t\t\t\t\t\t\t\t\t\t\t<\/div>\n\t\t\t\t<\/div>\n\t\t\t\t\t<\/div>\n\t\t\t\t<\/div>\n\t\t\t\t<\/div>","protected":false},"excerpt":{"rendered":"<p>Lapsen murtuman hoito ja seuranta Lasten murtumat poikkeavat merkitt\u00e4v\u00e4sti aikuisten luunmurtumista. Lapsen luu on i\u00e4st\u00e4 riippuen viel\u00e4 hyvin remodelloituva, mink\u00e4 vuoksi hoitolinjat valitaan yksil\u00f6llisesti lapsen i\u00e4n ja kasvun vaiheen mukaan. Miksi lapsen murtuma on erityinen? Lapsen luustossa on useita piirteit\u00e4, jotka tekev\u00e4t diagnostiikasta ja hoidosta aikuisiin verrattuna erilaista: R\u00f6ntgenkuvien tulkinta: Lasten luissa on kasvulinjoja, kasvutumakkeita [&hellip;]<\/p>\n","protected":false},"author":1,"featured_media":0,"parent":0,"menu_order":0,"comment_status":"closed","ping_status":"closed","template":"","meta":{"_angie_page":false,"site-sidebar-layout":"no-sidebar","site-content-layout":"page-builder","ast-site-content-layout":"full-width-container","site-content-style":"default","site-sidebar-style":"default","ast-global-header-display":"","ast-banner-title-visibility":"","ast-main-header-display":"","ast-hfb-above-header-display":"","ast-hfb-below-header-display":"","ast-hfb-mobile-header-display":"","site-post-title":"","ast-breadcrumbs-content":"","ast-featured-img":"disabled","footer-sml-layout":"","ast-disable-related-posts":"","theme-transparent-header-meta":"","adv-header-id-meta":"","stick-header-meta":"","header-above-stick-meta":"","header-main-stick-meta":"","header-below-stick-meta":"","astra-migrate-meta-layouts":"set","ast-page-background-enabled":"default","ast-page-background-meta":{"desktop":{"background-color":"","background-image":"","background-repeat":"repeat","background-position":"center center","background-size":"auto","background-attachment":"scroll","background-type":"","background-media":"","overlay-type":"","overlay-color":"","overlay-opacity":"","overlay-gradient":""},"tablet":{"background-color":"","background-image":"","background-repeat":"repeat","background-position":"center center","background-size":"auto","background-attachment":"scroll","background-type":"","background-media":"","overlay-type":"","overlay-color":"","overlay-opacity":"","overlay-gradient":""},"mobile":{"background-color":"","background-image":"","background-repeat":"repeat","background-position":"center center","background-size":"auto","background-attachment":"scroll","background-type":"","background-media":"","overlay-type":"","overlay-color":"","overlay-opacity":"","overlay-gradient":""}},"ast-content-background-meta":{"desktop":{"background-color":"var(--ast-global-color-5)","background-image":"","background-repeat":"repeat","background-position":"center center","background-size":"auto","background-attachment":"scroll","background-type":"","background-media":"","overlay-type":"","overlay-color":"","overlay-opacity":"","overlay-gradient":""},"tablet":{"background-color":"var(--ast-global-color-5)","background-image":"","background-repeat":"repeat","background-position":"center center","background-size":"auto","background-attachment":"scroll","background-type":"","background-media":"","overlay-type":"","overlay-color":"","overlay-opacity":"","overlay-gradient":""},"mobile":{"background-color":"var(--ast-global-color-5)","background-image":"","background-repeat":"repeat","background-position":"center center","background-size":"auto","background-attachment":"scroll","background-type":"","background-media":"","overlay-type":"","overlay-color":"","overlay-opacity":"","overlay-gradient":""}},"footnotes":""},"class_list":["post-1372","page","type-page","status-publish","hentry"],"_links":{"self":[{"href":"https:\/\/lastenkirurgia.fi\/ar\/wp-json\/wp\/v2\/pages\/1372","targetHints":{"allow":["GET"]}}],"collection":[{"href":"https:\/\/lastenkirurgia.fi\/ar\/wp-json\/wp\/v2\/pages"}],"about":[{"href":"https:\/\/lastenkirurgia.fi\/ar\/wp-json\/wp\/v2\/types\/page"}],"author":[{"embeddable":true,"href":"https:\/\/lastenkirurgia.fi\/ar\/wp-json\/wp\/v2\/users\/1"}],"replies":[{"embeddable":true,"href":"https:\/\/lastenkirurgia.fi\/ar\/wp-json\/wp\/v2\/comments?post=1372"}],"version-history":[{"count":13,"href":"https:\/\/lastenkirurgia.fi\/ar\/wp-json\/wp\/v2\/pages\/1372\/revisions"}],"predecessor-version":[{"id":1567,"href":"https:\/\/lastenkirurgia.fi\/ar\/wp-json\/wp\/v2\/pages\/1372\/revisions\/1567"}],"wp:attachment":[{"href":"https:\/\/lastenkirurgia.fi\/ar\/wp-json\/wp\/v2\/media?parent=1372"}],"curies":[{"name":"wp","href":"https:\/\/api.w.org\/{rel}","templated":true}]}}