{"id":1374,"date":"2026-04-09T13:51:24","date_gmt":"2026-04-09T13:51:24","guid":{"rendered":"https:\/\/darkcyan-pheasant-754087.hostingersite.com\/?page_id=1374"},"modified":"2026-04-12T16:07:26","modified_gmt":"2026-04-12T16:07:26","slug":"lapsen-vatsakipu","status":"publish","type":"page","link":"https:\/\/lastenkirurgia.fi\/ar\/lapsen-vatsakipu\/","title":{"rendered":"\u0623\u0644\u0645 \u0641\u064a \u0645\u0639\u062f\u0629 \u0627\u0644\u0637\u0641\u0644"},"content":{"rendered":"<div data-elementor-type=\"wp-page\" data-elementor-id=\"1374\" class=\"elementor elementor-1374\" data-elementor-post-type=\"page\">\n\t\t\t\t<div class=\"elementor-element elementor-element-260bee6 e-flex e-con-boxed e-con e-parent\" data-id=\"260bee6\" data-element_type=\"container\" data-e-type=\"container\">\n\t\t\t\t\t<div class=\"e-con-inner\">\n\t\t\t\t<div class=\"elementor-element elementor-element-00c07d8 elementor-widget elementor-widget-text-editor\" data-id=\"00c07d8\" data-element_type=\"widget\" data-e-type=\"widget\" data-widget_type=\"text-editor.default\">\n\t\t\t\t<div class=\"elementor-widget-container\">\n\t\t\t\t\t\t\t\t\t<h2 data-path-to-node=\"2\">\u0623\u0644\u0645 \u0645\u0641\u0627\u062c\u0626 \u0641\u064a \u0627\u0644\u0628\u0637\u0646 \u0639\u0646\u062f \u0627\u0644\u0623\u0637\u0641\u0627\u0644\u00a0<\/h2><p data-path-to-node=\"3\">\u064a\u064f\u0639\u062f\u0651 \u0623\u0644\u0645 \u0627\u0644\u0628\u0637\u0646 \u0645\u0646 \u0623\u0643\u062b\u0631 \u0627\u0644\u0623\u0633\u0628\u0627\u0628 \u0634\u064a\u0648\u0639\u0627\u064b \u0644\u0627\u0635\u0637\u062d\u0627\u0628 \u0627\u0644\u0637\u0641\u0644 \u0625\u0644\u0649 \u0642\u0633\u0645 \u0627\u0644\u0637\u0648\u0627\u0631\u0626. \u0641\u064a \u0623\u063a\u0644\u0628 \u0627\u0644\u0623\u062d\u064a\u0627\u0646\u060c \u064a\u0643\u0648\u0646 \u0627\u0644\u0623\u0645\u0631 \u0628\u0633\u064a\u0637\u0627\u064b\u060c \u0645\u062b\u0644 \u0646\u0632\u0644\u0629 \u0645\u0639\u0648\u064a\u0629 \u0623\u0648 \u0625\u0645\u0633\u0627\u0643\u060c \u0648\u0644\u0643\u0646 \u0645\u0646 \u0627\u0644\u0645\u0647\u0645 \u0625\u062f\u0631\u0627\u0643 \u0627\u0644\u062d\u0627\u0644\u0627\u062a \u0627\u0644\u062a\u064a \u062a\u062a\u0637\u0644\u0628 \u0639\u0646\u0627\u064a\u0629 \u0637\u0628\u064a\u0629 \u0641\u0648\u0631\u064a\u0629 \u0623\u0648 \u062c\u0631\u0627\u062d\u0629.<\/p><h3 data-path-to-node=\"4\">1. \u0645\u062a\u0649 \u064a\u062c\u0628 \u0639\u0644\u064a\u0643 \u0632\u064a\u0627\u0631\u0629 \u0627\u0644\u0637\u0628\u064a\u0628\u061f<\/h3><p data-path-to-node=\"5\">\u0627\u062a\u0635\u0644 \u0628\u0637\u0628\u064a\u0628 \u0623\u0648 \u062a\u0648\u062c\u0647 \u0625\u0644\u0649 \u0642\u0633\u0645 \u0627\u0644\u0637\u0648\u0627\u0631\u0626 \u0625\u0630\u0627 \u0638\u0647\u0631\u062a \u0639\u0644\u0649 \u0637\u0641\u0644\u0643 \u0623\u064a \u0645\u0646 \u0627\u0644\u0623\u0639\u0631\u0627\u0636 \u0627\u0644\u062a\u0627\u0644\u064a\u0629:<\/p><ul data-path-to-node=\"6\"><li><p data-path-to-node=\"6,0,0\"><b data-path-to-node=\"6,0,0\" data-index-in-node=\"0\">\u0627\u0644\u0623\u0644\u0645 \u0634\u062f\u064a\u062f.<\/b> \u0648\u062d\u0627\u0644\u0629 \u0627\u0644\u0637\u0641\u0644 \u0627\u0644\u0639\u0627\u0645\u0629 \u0633\u064a\u0626\u0629.<\/p><\/li><li><p data-path-to-node=\"6,1,0\"><b data-path-to-node=\"6,1,0\" data-index-in-node=\"0\">\u064a\u0635\u0628\u062d \u0627\u0644\u0623\u0644\u0645 \u0645\u0648\u0636\u0639\u064a\u0627\u064b.<\/b> \u0625\u0644\u0649 \u0646\u0642\u0637\u0629 \u0645\u062d\u062f\u062f\u0629 (\u0648\u062e\u0627\u0635\u0629 \u0623\u0633\u0641\u0644 \u0627\u0644\u0628\u0637\u0646 \u0627\u0644\u0623\u064a\u0645\u0646).<\/p><\/li><li><p data-path-to-node=\"6,2,0\"><b data-path-to-node=\"6,2,0\" data-index-in-node=\"0\">\u0627\u0644\u0623\u063a\u0634\u064a\u0629 \u0627\u0644\u0628\u0637\u0646\u064a\u0629 \u062a\u0628\u062f\u0648 \u0635\u0644\u0628\u0629<\/b> \u0623\u0648 \u0623\u0646 \u0627\u0644\u0645\u0639\u062f\u0629 \u062a\u0643\u0648\u0646 \u062d\u0633\u0627\u0633\u0629 \u0644\u0644\u063a\u0627\u064a\u0629 \u0639\u0646\u062f \u0627\u0644\u0644\u0645\u0633.<\/p><\/li><li><p data-path-to-node=\"6,3,0\"><b data-path-to-node=\"6,3,0\" data-index-in-node=\"0\">\u0637\u0641\u0644 \u064a\u062a\u0642\u064a\u0623 \u0628\u0627\u0644\u0644\u0648\u0646 \u0627\u0644\u0623\u062e\u0636\u0631<\/b> (\u0627\u0644\u0635\u0641\u0631\u0627\u0621) \u0623\u0648 \u0623\u0646 \u0627\u0644\u0628\u0631\u0627\u0632 \u062f\u0645\u0648\u064a.<\/p><\/li><li><p data-path-to-node=\"6,4,0\"><b data-path-to-node=\"6,4,0\" data-index-in-node=\"0\">\u064a\u0635\u0627\u062d\u0628 \u0627\u0644\u0623\u0644\u0645 \u0627\u0631\u062a\u0641\u0627\u0639 \u0641\u064a \u062f\u0631\u062c\u0629 \u0627\u0644\u062d\u0631\u0627\u0631\u0629.<\/b> \u0623\u0648 \u0625\u0631\u0647\u0627\u0642 \u0634\u062f\u064a\u062f.<\/p><\/li><li><p data-path-to-node=\"6,5,0\"><b data-path-to-node=\"6,5,0\" data-index-in-node=\"0\">\u0644\u0627 \u064a\u0633\u062a\u0637\u064a\u0639 \u0627\u0644\u0637\u0641\u0644 \u0627\u0644\u0642\u0641\u0632.<\/b> \u0623\u0648 \u0623\u0646 \u0627\u0644\u062d\u0631\u0643\u0629 \u0635\u0639\u0628\u0629 \u0628\u0633\u0628\u0628 \u0627\u0644\u0623\u0644\u0645 (\u0642\u062f \u064a\u0634\u064a\u0631 \u0647\u0630\u0627 \u0625\u0644\u0649 \u062a\u0647\u064a\u062c \u0627\u0644\u0635\u0641\u0627\u0642).<\/p><\/li><li><p data-path-to-node=\"6,6,0\"><b data-path-to-node=\"6,6,0\" data-index-in-node=\"0\">\u064a\u0639\u0627\u0646\u064a \u0635\u0628\u064a \u0645\u0646 \u0623\u0644\u0645 \u0641\u064a \u0627\u0644\u062e\u0635\u064a\u062a\u064a\u0646 \u0628\u0627\u0644\u0625\u0636\u0627\u0641\u0629 \u0625\u0644\u0649 \u0623\u0644\u0645 \u0641\u064a \u0627\u0644\u0628\u0637\u0646.<\/b> (\u0627\u062d\u062a\u0645\u0627\u0644\u064a\u0629 \u0627\u0644\u062a\u0648\u0627\u0621 \u0627\u0644\u062e\u0635\u064a\u0629).<\/p><\/li><\/ul><h3 data-path-to-node=\"7\">2. \u0627\u0644\u0623\u0633\u0628\u0627\u0628 \u0627\u0644\u0634\u0627\u0626\u0639\u0629 \u062d\u0633\u0628 \u0627\u0644\u0639\u0645\u0631<\/h3><p data-path-to-node=\"8\">\u062a\u062e\u062a\u0644\u0641 \u0623\u0633\u0628\u0627\u0628 \u0623\u0644\u0645 \u0627\u0644\u0645\u0639\u062f\u0629 \u0628\u0627\u062e\u062a\u0644\u0627\u0641 \u0639\u0645\u0631 \u0627\u0644\u0637\u0641\u0644:<\/p><ul data-path-to-node=\"9\"><li><p data-path-to-node=\"9,0,0\"><b data-path-to-node=\"9,0,0\" data-index-in-node=\"0\">\u0627\u0644\u0623\u0637\u0641\u0627\u0644 \u0627\u0644\u0631\u0636\u0639 (\u0623\u0642\u0644 \u0645\u0646 \u0633\u0646\u062a\u064a\u0646):<\/b> * <i data-path-to-node=\"9,0,0\" data-index-in-node=\"28\">\u0627\u0646\u063a\u0644\u0627\u0641 \u0627\u0644\u0623\u0645\u0639\u0627\u0621:<\/i> \u064a\u0623\u062a\u064a \u0627\u0644\u0623\u0644\u0645 \u0639\u0644\u0649 \u0634\u0643\u0644 \u0646\u0648\u0628\u0627\u062a\u060c \u0648\u0642\u062f \u064a\u0643\u0648\u0646 \u0627\u0644\u0637\u0641\u0644 \u062e\u0627\u0644\u064a\u0627\u064b \u0645\u0646 \u0627\u0644\u0623\u0644\u0645 \u0641\u064a \u0628\u0639\u0636 \u0627\u0644\u0623\u062d\u064a\u0627\u0646.<\/p><ul data-path-to-node=\"9,0,1\"><li><p data-path-to-node=\"9,0,1,0,0\"><i data-path-to-node=\"9,0,1,0,0\" data-index-in-node=\"0\">\u0627\u0644\u0641\u062a\u0642 \u0627\u0644\u0645\u062d\u0635\u0648\u0631:<\/i> \u0627\u0641\u062d\u0635 \u0645\u0646\u0637\u0642\u0629 \u0627\u0644\u0641\u062e\u0630 \u0628\u062d\u062b\u064b\u0627 \u0639\u0646 \u0627\u0644\u0628\u062b\u0648\u0631.<\/p><\/li><li><p data-path-to-node=\"9,0,1,1,0\"><i data-path-to-node=\"9,0,1,1,0\" data-index-in-node=\"0\">\u062a\u0636\u064a\u0642 \u0627\u0644\u062d\u062c\u0627\u0628 \u0627\u0644\u062d\u0627\u062c\u0632:<\/i> \u062a\u0642\u064a\u0624 \u0634\u062f\u064a\u062f \u064a\u0634\u0628\u0647 \u062a\u062f\u0641\u0642 \u0627\u0644\u0645\u0627\u0621 \u0628\u0642\u0648\u0629 \u0644\u062f\u0649 \u0637\u0641\u0644 \u064a\u062a\u0631\u0627\u0648\u062d \u0639\u0645\u0631\u0647 \u0628\u064a\u0646 3 \u0648 6 \u0623\u0633\u0627\u0628\u064a\u0639.<\/p><\/li><\/ul><\/li><li><p data-path-to-node=\"9,1,0\"><b data-path-to-node=\"9,1,0\" data-index-in-node=\"0\">\u0627\u0644\u0623\u0637\u0641\u0627\u0644 \u0641\u064a \u0645\u0631\u062d\u0644\u0629 \u0645\u0627 \u0642\u0628\u0644 \u0627\u0644\u0645\u062f\u0631\u0633\u0629 \u0648\u0627\u0644\u0623\u0637\u0641\u0627\u0644 \u0641\u064a \u0633\u0646 \u0627\u0644\u0645\u062f\u0631\u0633\u0629 (\u0645\u0646 3 \u0625\u0644\u0649 12 \u0633\u0646\u0629):<\/b><\/p><ul data-path-to-node=\"9,1,1\"><li><p data-path-to-node=\"9,1,1,0,0\"><i data-path-to-node=\"9,1,1,0,0\" data-index-in-node=\"0\">\u0627\u0644\u062a\u0647\u0627\u0628 \u0627\u0644\u0632\u0627\u0626\u062f\u0629 \u0627\u0644\u062f\u0648\u062f\u064a\u0629:<\/i> \u0627\u0644\u0633\u0628\u0628 \u0627\u0644\u0623\u0643\u062b\u0631 \u0634\u064a\u0648\u0639\u0627\u064b \u0627\u0644\u0630\u064a \u064a\u0633\u062a\u062f\u0639\u064a \u0627\u0644\u062c\u0631\u0627\u062d\u0629. \u063a\u0627\u0644\u0628\u0627\u064b \u0645\u0627 \u064a\u0628\u062f\u0623 \u0627\u0644\u0623\u0644\u0645 \u062d\u0648\u0644 \u0627\u0644\u0633\u0631\u0629 \u0648\u064a\u0646\u062a\u0642\u0644 \u0625\u0644\u0649 \u0623\u0633\u0641\u0644 \u0628\u0627\u062a\u062c\u0627\u0647 \u0627\u0644\u064a\u0645\u064a\u0646.<\/p><\/li><li><p data-path-to-node=\"9,1,1,1,0\"><i data-path-to-node=\"9,1,1,1,0\" data-index-in-node=\"0\">\u0627\u0644\u062a\u0647\u0627\u0628 \u0627\u0644\u0639\u0642\u062f\u0629 \u0627\u0644\u0644\u064a\u0645\u0641\u0627\u0648\u064a\u0629 \u0627\u0644\u0645\u0639\u0648\u064a\u0629:<\/i> \u0642\u062f \u064a\u0634\u0628\u0647 \u0627\u0644\u062a\u0647\u0627\u0628 \u0627\u0644\u0632\u0627\u0626\u062f\u0629 \u0627\u0644\u062f\u0648\u062f\u064a\u0629 \u0639\u0646\u062f \u0627\u0644\u0625\u0635\u0627\u0628\u0629 \u0628\u0627\u0644\u0625\u0646\u0641\u0644\u0648\u0646\u0632\u0627.<\/p><\/li><\/ul><\/li><li><p data-path-to-node=\"9,2,0\"><b data-path-to-node=\"9,2,0\" data-index-in-node=\"0\">\u0627\u0644\u0645\u0631\u0627\u0647\u0642\u0648\u0646 (\u0623\u0643\u0628\u0631 \u0645\u0646 12 \u0633\u0646\u0629):<\/b><\/p><ul data-path-to-node=\"9,2,1\"><li><p data-path-to-node=\"9,2,1,0,0\">\u0644\u0627 \u064a\u0632\u0627\u0644 \u0627\u0644\u062a\u0647\u0627\u0628 \u0627\u0644\u0632\u0627\u0626\u062f\u0629 \u0627\u0644\u062f\u0648\u062f\u064a\u0629 \u0634\u0627\u0626\u0639\u0627\u064b.<\/p><\/li><li><p data-path-to-node=\"9,2,1,1,0\">\u064a\u0646\u0628\u063a\u064a \u0623\u064a\u0636\u064b\u0627 \u0645\u0631\u0627\u0639\u0627\u0629 \u0645\u0634\u0627\u0643\u0644 \u0627\u0644\u0645\u0628\u064a\u0636 \u0644\u062f\u0649 \u0627\u0644\u0641\u062a\u064a\u0627\u062a (\u0645\u062b\u0644 \u0627\u0644\u0623\u0643\u064a\u0627\u0633 \u0623\u0648 \u0627\u0644\u0627\u0644\u062a\u0648\u0627\u0621).<\/p><\/li><\/ul><\/li><\/ul><h3 data-path-to-node=\"10\">3. \u0645\u0627\u0630\u0627 \u064a\u062d\u062f\u062b \u0639\u0646\u062f \u0627\u0644\u0637\u0628\u064a\u0628\u061f<\/h3><ul data-path-to-node=\"11\"><li><p data-path-to-node=\"11,0,0\"><b data-path-to-node=\"11,0,0\" data-index-in-node=\"0\">\u0628\u062d\u062b:<\/b> \u0633\u064a\u0642\u0648\u0645 \u0627\u0644\u0637\u0628\u064a\u0628 \u0628\u0627\u0644\u0636\u063a\u0637 \u0639\u0644\u0649 \u0628\u0637\u0646 \u0627\u0644\u0637\u0641\u0644 \u0648\u0641\u062d\u0635 \u062d\u0627\u0644\u062a\u0647 \u0627\u0644\u0639\u0627\u0645\u0629. \u064a\u064f\u0639\u062f\u0651 \u062a\u0633\u0643\u064a\u0646 \u0627\u0644\u0623\u0644\u0645 \u0628\u0627\u0644\u0623\u062f\u0648\u064a\u0629 \u0642\u0628\u0644 \u0627\u0644\u0641\u062d\u0635 \u0622\u0645\u0646\u0627\u064b\u060c \u0641\u0647\u0648 \u0644\u0627 \u064a\u064f\u062e\u0641\u064a \u0623\u064a \u0646\u062a\u0627\u0626\u062c \u0645\u0647\u0645\u0629\u060c \u0628\u0644 \u064a\u064f\u0633\u0647\u0651\u0644 \u0627\u0644\u0641\u062d\u0635.<\/p><\/li><li><p data-path-to-node=\"11,1,0\"><b data-path-to-node=\"11,1,0\" data-index-in-node=\"0\">\u0627\u0644\u0641\u062d\u0635 \u0627\u0644\u0645\u062e\u0628\u0631\u064a:<\/b> \u0639\u0627\u062f\u0629 \u0645\u0627 \u064a\u062a\u0645 \u0625\u062c\u0631\u0627\u0621 \u0641\u062d\u0648\u0635\u0627\u062a \u0627\u0644\u062f\u0645 \u0644\u0644\u062a\u062d\u0642\u0642 \u0645\u0646 \u0648\u062c\u0648\u062f \u0627\u0644\u062a\u0647\u0627\u0628 (CRP\u060c \u062e\u0644\u0627\u064a\u0627 \u0627\u0644\u062f\u0645 \u0627\u0644\u0628\u064a\u0636\u0627\u0621) \u0648\u064a\u062a\u0645 \u0623\u062e\u0630 \u0639\u064a\u0646\u0629 \u0645\u0646 \u0627\u0644\u0628\u0648\u0644.<\/p><\/li><li><p data-path-to-node=\"11,2,0\"><b data-path-to-node=\"11,2,0\" data-index-in-node=\"0\">\u0627\u0644\u062a\u0635\u0648\u064a\u0631:<\/b> \u0627\u0644\u062f\u0631\u0627\u0633\u0629 \u0627\u0644\u0623\u0633\u0627\u0633\u064a\u0629 \u0627\u0644\u062a\u064a \u0623\u062c\u0631\u064a\u062a \u0639\u0644\u0649 \u0627\u0644\u0623\u0637\u0641\u0627\u0644 \u0647\u064a <b data-path-to-node=\"11,2,0\" data-index-in-node=\"48\">\u0641\u062d\u0635 \u0627\u0644\u0645\u0648\u062c\u0627\u062a \u0641\u0648\u0642 \u0627\u0644\u0635\u0648\u062a\u064a\u0629<\/b>. \u064a\u062a\u0645 \u062a\u062c\u0646\u0628 \u0627\u0644\u062a\u0635\u0648\u064a\u0631 \u0627\u0644\u0645\u0642\u0637\u0639\u064a \u0627\u0644\u0645\u062d\u0648\u0633\u0628 (CT) \u0639\u0646\u062f \u0627\u0644\u0623\u0637\u0641\u0627\u0644 \u0628\u0633\u0628\u0628 \u0627\u0644\u062a\u0639\u0631\u0636 \u0627\u0644\u0639\u0627\u0644\u064a \u0644\u0644\u0625\u0634\u0639\u0627\u0639.<\/p><\/li><\/ul><h3 data-path-to-node=\"12\">4. \u0627\u0644\u0631\u0639\u0627\u064a\u0629 \u0627\u0644\u0645\u0646\u0632\u0644\u064a\u0629 \u0648\u0627\u0644\u0645\u0631\u0627\u0642\u0628\u0629<\/h3><p data-path-to-node=\"13\">\u0625\u0630\u0627 \u0642\u0631\u0631 \u0627\u0644\u0637\u0628\u064a\u0628 \u0623\u0646 \u0627\u0644\u062d\u0627\u0644\u0629 \u0644\u0627 \u062a\u062a\u0637\u0644\u0628 \u062c\u0631\u0627\u062d\u0629:<\/p><ul data-path-to-node=\"14\"><li><p data-path-to-node=\"14,0,0\"><b data-path-to-node=\"14,0,0\" data-index-in-node=\"0\">\u062a\u062a\u0645 \u0645\u0631\u0627\u0642\u0628\u0629 \u062a\u0637\u0648\u0631 \u0627\u0644\u0623\u0639\u0631\u0627\u0636 \u0641\u064a \u0627\u0644\u0645\u0646\u0632\u0644:<\/b> \u0625\u0630\u0627 \u062a\u0641\u0627\u0642\u0645 \u0627\u0644\u0623\u0644\u0645\u060c \u0623\u0648 \u062a\u063a\u064a\u0631 \u0645\u0643\u0627\u0646\u0647\u060c \u0623\u0648 \u0623\u0635\u064a\u0628 \u0627\u0644\u0637\u0641\u0644 \u0628\u0627\u0644\u062d\u0645\u0649\u060c \u0641\u064a\u062c\u0628 \u0625\u0639\u0627\u062f\u0629 \u062a\u0642\u064a\u064a\u0645 \u062d\u0627\u0644\u062a\u0647.<\/p><\/li><li><p data-path-to-node=\"14,1,0\"><b data-path-to-node=\"14,1,0\" data-index-in-node=\"0\">\u0645\u0633\u0643\u0646 \u0622\u0644\u0627\u0645:<\/b> \u064a\u0645\u0643\u0646\u0643 \u0625\u0639\u0637\u0627\u0621 \u0637\u0641\u0644\u0643 \u0645\u0633\u0643\u0646\u0627\u062a \u0627\u0644\u0623\u0644\u0645 (\u0645\u062b\u0644 \u0627\u0644\u0628\u0627\u0631\u0627\u0633\u064a\u062a\u0627\u0645\u0648\u0644) \u062d\u0633\u0628 \u0627\u0644\u062a\u0648\u062c\u064a\u0647\u0627\u062a.<\/p><\/li><li><p data-path-to-node=\"14,2,0\"><b data-path-to-node=\"14,2,0\" data-index-in-node=\"0\">\u0637\u0639\u0627\u0645:<\/b> \u0625\u0630\u0627 \u0643\u0646\u062a \u062a\u0634\u0643 \u0641\u064a \u0648\u062c\u0648\u062f \u062d\u0627\u0644\u0629 \u062a\u062a\u0637\u0644\u0628 \u0639\u0644\u0627\u062c\u064b\u0627 \u062c\u0631\u0627\u062d\u064a\u064b\u0627 (\u0645\u062b\u0644 \u0627\u0644\u062a\u0647\u0627\u0628 \u0627\u0644\u0632\u0627\u0626\u062f\u0629 \u0627\u0644\u062f\u0648\u062f\u064a\u0629)\u060c \u0641\u0627\u062d\u062a\u0641\u0638 \u0628\u0637\u0641\u0644\u0643 <b data-path-to-node=\"14,2,0\" data-index-in-node=\"93\">\u0628\u062f\u0648\u0646 \u0637\u0639\u0627\u0645<\/b> (\u0645\u0645\u0646\u0648\u0639 \u062a\u0646\u0627\u0648\u0644 \u0627\u0644\u0637\u0639\u0627\u0645 \u0623\u0648 \u0627\u0644\u0634\u0631\u0627\u0628) \u062d\u062a\u0649 \u064a\u062a\u0645 \u062a\u0642\u064a\u064a\u0645 \u0627\u0644\u062d\u0627\u0644\u0629 \u0645\u0646 \u0642\u0628\u0644 \u0627\u0644\u0637\u0628\u064a\u0628.<\/p><\/li><\/ul><p>\u0645\u0642\u0627\u0644\u0629 Duodecim<\/p><p><a href=\"https:\/\/www.duodecimlehti.fi\/duo14224\" target=\"_blank\" rel=\"noopener\">https:\/\/www.duodecimlehti.fi\/duo14224<\/a><\/p>\t\t\t\t\t\t\t\t<\/div>\n\t\t\t\t<\/div>\n\t\t\t\t\t<\/div>\n\t\t\t\t<\/div>\n\t\t\t\t<\/div>","protected":false},"excerpt":{"rendered":"<p>Lapsen \u00e4killinen vatsakipu\u00a0 Vatsakipu on yksi tavallisimmista syist\u00e4 hakeutua lapsen kanssa p\u00e4ivystykseen. Useimmiten kyseess\u00e4 on vaaton vaiva, kuten mahatauti tai ummetus, mutta on t\u00e4rke\u00e4\u00e4 tunnistaa tilanteet, jotka vaativat nopeaa l\u00e4\u00e4k\u00e4rin hoitoa tai leikkausta. 1. Milloin on hakeuduttava l\u00e4\u00e4k\u00e4riin? Ota yhteys l\u00e4\u00e4k\u00e4riin tai hakeudu p\u00e4ivystykseen, jos lapsella on jokin seuraavista oireista: Kipu on voimakasta ja lapsen [&hellip;]<\/p>\n","protected":false},"author":1,"featured_media":0,"parent":0,"menu_order":0,"comment_status":"closed","ping_status":"closed","template":"","meta":{"_angie_page":false,"site-sidebar-layout":"no-sidebar","site-content-layout":"page-builder","ast-site-content-layout":"full-width-container","site-content-style":"default","site-sidebar-style":"default","ast-global-header-display":"","ast-banner-title-visibility":"","ast-main-header-display":"","ast-hfb-above-header-display":"","ast-hfb-below-header-display":"","ast-hfb-mobile-header-display":"","site-post-title":"","ast-breadcrumbs-content":"","ast-featured-img":"disabled","footer-sml-layout":"","ast-disable-related-posts":"","theme-transparent-header-meta":"","adv-header-id-meta":"","stick-header-meta":"","header-above-stick-meta":"","header-main-stick-meta":"","header-below-stick-meta":"","astra-migrate-meta-layouts":"set","ast-page-background-enabled":"default","ast-page-background-meta":{"desktop":{"background-color":"","background-image":"","background-repeat":"repeat","background-position":"center center","background-size":"auto","background-attachment":"scroll","background-type":"","background-media":"","overlay-type":"","overlay-color":"","overlay-opacity":"","overlay-gradient":""},"tablet":{"background-color":"","background-image":"","background-repeat":"repeat","background-position":"center center","background-size":"auto","background-attachment":"scroll","background-type":"","background-media":"","overlay-type":"","overlay-color":"","overlay-opacity":"","overlay-gradient":""},"mobile":{"background-color":"","background-image":"","background-repeat":"repeat","background-position":"center center","background-size":"auto","background-attachment":"scroll","background-type":"","background-media":"","overlay-type":"","overlay-color":"","overlay-opacity":"","overlay-gradient":""}},"ast-content-background-meta":{"desktop":{"background-color":"var(--ast-global-color-5)","background-image":"","background-repeat":"repeat","background-position":"center center","background-size":"auto","background-attachment":"scroll","background-type":"","background-media":"","overlay-type":"","overlay-color":"","overlay-opacity":"","overlay-gradient":""},"tablet":{"background-color":"var(--ast-global-color-5)","background-image":"","background-repeat":"repeat","background-position":"center center","background-size":"auto","background-attachment":"scroll","background-type":"","background-media":"","overlay-type":"","overlay-color":"","overlay-opacity":"","overlay-gradient":""},"mobile":{"background-color":"var(--ast-global-color-5)","background-image":"","background-repeat":"repeat","background-position":"center center","background-size":"auto","background-attachment":"scroll","background-type":"","background-media":"","overlay-type":"","overlay-color":"","overlay-opacity":"","overlay-gradient":""}},"footnotes":""},"class_list":["post-1374","page","type-page","status-publish","hentry"],"_links":{"self":[{"href":"https:\/\/lastenkirurgia.fi\/ar\/wp-json\/wp\/v2\/pages\/1374","targetHints":{"allow":["GET"]}}],"collection":[{"href":"https:\/\/lastenkirurgia.fi\/ar\/wp-json\/wp\/v2\/pages"}],"about":[{"href":"https:\/\/lastenkirurgia.fi\/ar\/wp-json\/wp\/v2\/types\/page"}],"author":[{"embeddable":true,"href":"https:\/\/lastenkirurgia.fi\/ar\/wp-json\/wp\/v2\/users\/1"}],"replies":[{"embeddable":true,"href":"https:\/\/lastenkirurgia.fi\/ar\/wp-json\/wp\/v2\/comments?post=1374"}],"version-history":[{"count":4,"href":"https:\/\/lastenkirurgia.fi\/ar\/wp-json\/wp\/v2\/pages\/1374\/revisions"}],"predecessor-version":[{"id":1667,"href":"https:\/\/lastenkirurgia.fi\/ar\/wp-json\/wp\/v2\/pages\/1374\/revisions\/1667"}],"wp:attachment":[{"href":"https:\/\/lastenkirurgia.fi\/ar\/wp-json\/wp\/v2\/media?parent=1374"}],"curies":[{"name":"wp","href":"https:\/\/api.w.org\/{rel}","templated":true}]}}