{"id":1382,"date":"2026-04-09T13:53:02","date_gmt":"2026-04-09T13:53:02","guid":{"rendered":"https:\/\/darkcyan-pheasant-754087.hostingersite.com\/?page_id=1382"},"modified":"2026-04-11T14:11:37","modified_gmt":"2026-04-11T14:11:37","slug":"lapsen-palovamma","status":"publish","type":"page","link":"https:\/\/lastenkirurgia.fi\/ar\/lapsen-palovamma\/","title":{"rendered":"\u062d\u0631\u0648\u0642 \u0627\u0644\u0623\u0637\u0641\u0627\u0644"},"content":{"rendered":"<div data-elementor-type=\"wp-page\" data-elementor-id=\"1382\" class=\"elementor elementor-1382\" data-elementor-post-type=\"page\">\n\t\t\t\t<div class=\"elementor-element elementor-element-60ffc84 e-flex e-con-boxed e-con e-parent\" data-id=\"60ffc84\" data-element_type=\"container\" data-e-type=\"container\">\n\t\t\t\t\t<div class=\"e-con-inner\">\n\t\t\t\t<div class=\"elementor-element elementor-element-cc678c2 elementor-widget elementor-widget-text-editor\" data-id=\"cc678c2\" data-element_type=\"widget\" data-e-type=\"widget\" data-widget_type=\"text-editor.default\">\n\t\t\t\t<div class=\"elementor-widget-container\">\n\t\t\t\t\t\t\t\t\t<h2 data-path-to-node=\"2\">\u0627\u0644\u062d\u0631\u0648\u0642 \u0639\u0646\u062f \u0627\u0644\u0623\u0637\u0641\u0627\u0644: \u062a\u0639\u0644\u064a\u0645\u0627\u062a \u0627\u0644\u0625\u0633\u0639\u0627\u0641\u0627\u062a \u0627\u0644\u0623\u0648\u0644\u064a\u0629 \u0648\u0627\u0644\u0639\u0644\u0627\u062c<\/h2><p data-path-to-node=\"3\">\u0628\u0634\u0631\u0629 \u0627\u0644\u0623\u0637\u0641\u0627\u0644 \u062d\u0633\u0627\u0633\u0629\u060c \u0648\u062a\u0639\u062a\u0645\u062f \u0634\u062f\u0629 \u0627\u0644\u062d\u0631\u0648\u0642 \u0639\u0644\u0649 \u0639\u0645\u0642\u0647\u0627 \u0648\u0627\u0645\u062a\u062f\u0627\u062f\u0647\u0627. \u0628\u0627\u0644\u0625\u0633\u0639\u0627\u0641\u0627\u062a \u0627\u0644\u0623\u0648\u0644\u064a\u0629 \u0627\u0644\u0633\u0631\u064a\u0639\u0629\u060c \u064a\u0645\u0643\u0646\u0643 \u0627\u0644\u062d\u062f \u0645\u0646 \u062a\u0641\u0627\u0642\u0645 \u0627\u0644\u0625\u0635\u0627\u0628\u0629.<\/p><h3 data-path-to-node=\"4\">1. \u0627\u0644\u0625\u0633\u0639\u0627\u0641\u0627\u062a \u0627\u0644\u0623\u0648\u0644\u064a\u0629 \u0627\u0644\u0641\u0648\u0631\u064a\u0629<\/h3><ul data-path-to-node=\"5\"><li><p data-path-to-node=\"5,0,0\"><b data-path-to-node=\"5,0,0\" data-index-in-node=\"0\">\u0642\u0645 \u0628\u0625\u064a\u0642\u0627\u0641 \u0627\u0644\u062a\u0634\u063a\u064a\u0644 \u0648\u0625\u0632\u0627\u0644\u0629 \u0645\u0627 \u064a\u0644\u064a:<\/b> \u0623\u0637\u0641\u0626 \u0627\u0644\u0646\u064a\u0631\u0627\u0646 \u0648\u0627\u0646\u0632\u0639 \u0623\u064a \u0645\u0644\u0627\u0628\u0633 \u062a\u062d\u062a\u0641\u0638 \u0628\u0627\u0644\u062d\u0631\u0627\u0631\u0629 (\u0645\u062b\u0644 \u0627\u0644\u0645\u0644\u0627\u0628\u0633 \u0627\u0644\u0645\u0646\u0642\u0648\u0639\u0629 \u0641\u064a \u0633\u0627\u0626\u0644 \u0633\u0627\u062e\u0646).<\/p><\/li><li><p data-path-to-node=\"5,1,0\"><b data-path-to-node=\"5,1,0\" data-index-in-node=\"0\">\u062a\u0631\u0637\u064a\u0628:<\/b> \u0627\u0634\u0637\u0641 \u0627\u0644\u0645\u0646\u0637\u0642\u0629 \u0627\u0644\u0645\u0635\u0627\u0628\u0629 <b data-path-to-node=\"5,1,0\" data-index-in-node=\"33\">\u0639\u0646\u062f \u062d\u0648\u0627\u0644\u064a +20 \u062f\u0631\u062c\u0629<\/b> \u0645\u0639 \u0627\u0644\u0645\u0627\u0621 \u0627\u0644\u062c\u0627\u0631\u064a (\u0627\u0644\u0641\u0627\u062a\u0631) <b data-path-to-node=\"5,1,0\" data-index-in-node=\"85\">\u0644\u0645\u062f\u0629 10-15 \u062f\u0642\u064a\u0642\u0629<\/b>.<\/p><ul data-path-to-node=\"5,1,1\"><li><p data-path-to-node=\"5,1,1,0,0\"><i data-path-to-node=\"5,1,1,0,0\" data-index-in-node=\"0\">\u0645\u0644\u062d\u0648\u0638\u0629:<\/i> \u0644\u0627 \u062a\u0633\u062a\u062e\u062f\u0645 \u0627\u0644\u062b\u0644\u062c \u0623\u0648 \u0627\u0644\u0645\u0627\u0621 \u0627\u0644\u0645\u062b\u0644\u062c.<\/p><\/li><\/ul><\/li><li><p data-path-to-node=\"5,2,0\"><b data-path-to-node=\"5,2,0\" data-index-in-node=\"0\">\u062a\u062c\u0646\u0628 \u0627\u0644\u0625\u0635\u0627\u0628\u0629 \u0628\u0646\u0632\u0644\u0627\u062a \u0627\u0644\u0628\u0631\u062f:<\/b> \u0648\u062e\u0627\u0635\u0629 \u0628\u0627\u0644\u0646\u0633\u0628\u0629 \u0644\u0644\u0623\u0637\u0641\u0627\u0644 \u0627\u0644\u0635\u063a\u0627\u0631\u060c \u0645\u0646 \u0627\u0644\u0645\u0647\u0645 \u0627\u0644\u062d\u0641\u0627\u0638 \u0639\u0644\u0649 \u062f\u0641\u0621 \u0628\u0627\u0642\u064a \u0627\u0644\u062c\u0633\u0645 \u0623\u062b\u0646\u0627\u0621 \u0627\u0644\u062a\u0628\u0631\u064a\u062f \u062d\u062a\u0649 \u0644\u0627 \u062a\u0646\u062e\u0641\u0636 \u062f\u0631\u062c\u0629 \u062d\u0631\u0627\u0631\u0629 \u062c\u0633\u0645 \u0627\u0644\u0637\u0641\u0644 \u0643\u062b\u064a\u0631\u0627\u064b.<\/p><\/li><\/ul><h3 data-path-to-node=\"6\">2. \u0645\u062a\u0649 \u064a\u062c\u0628 \u0639\u0644\u064a\u0651 \u0632\u064a\u0627\u0631\u0629 \u0627\u0644\u0637\u0628\u064a\u0628\u061f<\/h3><p data-path-to-node=\"7\">\u0627\u062a\u0635\u0644 \u0628\u0627\u0644\u0637\u0628\u064a\u0628 \u0623\u0648 \u063a\u0631\u0641\u0629 \u0627\u0644\u0637\u0648\u0627\u0631\u0626 \u0641\u064a \u0627\u0644\u062d\u0627\u0644\u0627\u062a \u0627\u0644\u062a\u0627\u0644\u064a\u0629:<\/p><ul data-path-to-node=\"8\"><li><p data-path-to-node=\"8,0,0\">\u064a\u0635\u0639\u062f \u0625\u0644\u0649 \u0627\u0644\u062c\u0644\u062f <b data-path-to-node=\"8,0,0\" data-index-in-node=\"13\">\u0628\u062b\u0648\u0631<\/b> \u0623\u0648 \u0642\u062f \u064a\u062a\u0645\u0632\u0642 \u0627\u0644\u062c\u0644\u062f.<\/p><\/li><li><p data-path-to-node=\"8,1,0\">\u0627\u0644\u062d\u0631\u0642 \u0647\u0648 <b data-path-to-node=\"8,1,0\" data-index-in-node=\"13\">\u0628\u062d\u062c\u0645 \u0643\u0641 \u0627\u0644\u064a\u062f<\/b> \u0623\u0648 \u0623\u0643\u0628\u0631.<\/p><\/li><li><p data-path-to-node=\"8,2,0\">\u0627\u0644\u0625\u0635\u0627\u0628\u0629 \u0641\u064a \u0645\u0646\u0637\u0642\u0629 \u062d\u0631\u062c\u0629\u060c \u0645\u062b\u0644 <b data-path-to-node=\"8,2,0\" data-index-in-node=\"38\">\u0639\u0644\u0649 \u0627\u0644\u0648\u062c\u0647 \u0623\u0648 \u0627\u0644\u064a\u062f\u064a\u0646 \u0623\u0648 \u0627\u0644\u0642\u062f\u0645\u064a\u0646 \u0623\u0648 \u0627\u0644\u0645\u0641\u0627\u0635\u0644<\/b>.<\/p><\/li><li><p data-path-to-node=\"8,3,0\">\u0627\u0644\u0623\u0645\u0631 \u064a\u062a\u0639\u0644\u0642 \u0628\u0640 <b data-path-to-node=\"8,3,0\" data-index-in-node=\"12\">\u0625\u0635\u0627\u0628\u0629 \u0643\u0647\u0631\u0628\u0627\u0626\u064a\u0629 \u0623\u0648 \u0643\u064a\u0645\u064a\u0627\u0626\u064a\u0629<\/b>.<\/p><\/li><li><p data-path-to-node=\"8,4,0\">\u0647\u0630\u0627 \u0637\u0641\u0644 \u0635\u063a\u064a\u0631 \u062c\u062f\u0627\u064b.<\/p><\/li><\/ul><h3 data-path-to-node=\"9\">3. \u0623\u0645\u0648\u0631 \u0645\u0647\u0645\u0629 \u064a\u062c\u0628 \u0645\u0639\u0631\u0641\u062a\u0647\u0627 \u0639\u0646 \u0627\u0644\u0639\u0644\u0627\u062c<\/h3><ul data-path-to-node=\"10\"><li><p data-path-to-node=\"10,0,0\"><b data-path-to-node=\"10,0,0\" data-index-in-node=\"0\">\u062a\u0642\u064a\u064a\u0645 \u0627\u0644\u0639\u0645\u0642:<\/b> \u0644\u0627 \u064a\u062a\u0636\u062d \u0639\u0645\u0642 \u0648\u0634\u062f\u0629 \u0625\u0635\u0627\u0628\u0629 \u0627\u0644\u062d\u0631\u0648\u0642 \u0625\u0644\u0627 \u0641\u064a \u0627\u0644\u063a\u0627\u0644\u0628 <b data-path-to-node=\"10,0,0\" data-index-in-node=\"83\">\u0628\u0639\u062f \u064a\u0648\u0645\u064a\u0646 \u0625\u0644\u0649 \u062b\u0644\u0627\u062b\u0629 \u0623\u064a\u0627\u0645<\/b> \u0644\u0630\u0644\u0643\u060c \u064a\u062c\u0628 \u0645\u0631\u0627\u0642\u0628\u0629 \u0627\u0644\u0625\u0635\u0627\u0628\u0629 \u0639\u0646 \u0643\u062b\u0628 \u0641\u064a \u0627\u0644\u0623\u064a\u0627\u0645 \u0627\u0644\u0642\u0644\u064a\u0644\u0629 \u0627\u0644\u0623\u0648\u0644\u0649.<\/p><\/li><li><p data-path-to-node=\"10,1,0\"><b data-path-to-node=\"10,1,0\" data-index-in-node=\"0\">\u062d\u0645\u0627\u064a\u0629:<\/b> \u062a\u064f\u062d\u0641\u0638 \u0627\u0644\u0625\u0635\u0627\u0628\u0627\u062a \u0627\u0644\u0637\u0641\u064a\u0641\u0629 \u0646\u0638\u064a\u0641\u0629 \u0641\u064a \u0627\u0644\u0645\u0646\u0632\u0644. \u0623\u0645\u0627 \u0641\u064a \u0639\u064a\u0627\u062f\u0629 \u0627\u0644\u0637\u0628\u064a\u0628\u060c \u0641\u063a\u0627\u0644\u0628\u0627\u064b \u0645\u0627 \u062a\u064f\u063a\u0637\u0649 \u0627\u0644\u062c\u0631\u0648\u062d \u0628\u0636\u0645\u0627\u062f\u0627\u062a \u062e\u0627\u0635\u0629 \u0645\u0646 \u0627\u0644\u0634\u062d\u0645 \u0623\u0648 \u0627\u0644\u0641\u0636\u0629 \u0644\u0645\u0646\u0639 \u0627\u0644\u0639\u062f\u0648\u0649.<\/p><\/li><li><p data-path-to-node=\"10,2,0\"><b data-path-to-node=\"10,2,0\" data-index-in-node=\"0\">\u0625\u062f\u0627\u0631\u0629 \u0627\u0644\u0623\u0644\u0645:<\/b> \u0627\u0644\u062d\u0631\u0648\u0642 \u0645\u0624\u0644\u0645\u0629 \u0644\u0644\u063a\u0627\u064a\u0629. \u064a\u064f\u0646\u0635\u062d \u0628\u0625\u0639\u0637\u0627\u0621 \u0627\u0644\u0637\u0641\u0644 \u0645\u0633\u0643\u0646\u0627\u064b \u0644\u0644\u0623\u0644\u0645 \u0628\u062c\u0631\u0639\u0629 \u0645\u0646\u062e\u0641\u0636\u0629 (\u0645\u062b\u0644 \u0627\u0644\u0628\u0627\u0631\u0627\u0633\u064a\u062a\u0627\u0645\u0648\u0644) \u0648\u0641\u0642\u0627\u064b \u0644\u062a\u0639\u0644\u064a\u0645\u0627\u062a \u0627\u0644\u0637\u0628\u064a\u0628.<\/p><\/li><li><p data-path-to-node=\"10,3,0\"><b data-path-to-node=\"10,3,0\" data-index-in-node=\"0\">\u0627\u0633\u062a\u0639\u0627\u062f\u0629:<\/b> \u062a\u0644\u062a\u0626\u0645 \u0627\u0644\u0625\u0635\u0627\u0628\u0627\u062a \u0627\u0644\u0633\u0637\u062d\u064a\u0629 \u0639\u0627\u062f\u0629\u064b \u062e\u0644\u0627\u0644 \u0623\u0633\u0628\u0648\u0639\u064a\u0646 \u0625\u0644\u0649 \u062b\u0644\u0627\u062b\u0629 \u0623\u0633\u0627\u0628\u064a\u0639. \u0625\u0630\u0627 \u0644\u0645 \u064a\u0644\u062a\u0626\u0645 \u0627\u0644\u062c\u0631\u062d \u062e\u0644\u0627\u0644 \u0647\u0630\u0647 \u0627\u0644\u0645\u062f\u0629\u060c \u064a\u064f\u0646\u0635\u062d \u0628\u0645\u0631\u0627\u062c\u0639\u0629 \u0627\u0644\u0637\u0628\u064a\u0628 \u0645\u062c\u062f\u062f\u0627\u064b.<\/p><\/li><\/ul><hr data-path-to-node=\"11\" \/><p data-path-to-node=\"12\"><b data-path-to-node=\"12\" data-index-in-node=\"0\">\u064a\u062a\u0630\u0643\u0631:<\/b> \u0625\u0630\u0627 \u0644\u0645 \u062a\u0643\u0646 \u0645\u062a\u0623\u0643\u062f\u064b\u0627 \u0645\u0646 \u0645\u062f\u0649 \u062e\u0637\u0648\u0631\u0629 \u0627\u0644\u062d\u0631\u0648\u0642\u060c \u0641\u0627\u062a\u0635\u0644 \u062f\u0627\u0626\u0645\u064b\u0627 \u0628\u0623\u062e\u0635\u0627\u0626\u064a (\u0645\u062b\u0644 \u062e\u062f\u0645\u0627\u062a \u0627\u0644\u0637\u0648\u0627\u0631\u0626 116 \u0623\u0648 117) \u0623\u0648 \u0627\u0637\u0644\u0628 \u0627\u0644\u0639\u0646\u0627\u064a\u0629 \u0627\u0644\u0637\u0628\u064a\u0629. \u0641\u064a \u062d\u0627\u0644\u0629 \u0627\u0644\u0625\u0635\u0627\u0628\u0627\u062a \u0627\u0644\u0628\u0644\u064a\u063a\u0629 \u0648\u0627\u0644\u062e\u0637\u064a\u0631\u0629\u060c \u0627\u062a\u0635\u0644 \u0628\u0631\u0642\u0645 \u0627\u0644\u0637\u0648\u0627\u0631\u0626. <b data-path-to-node=\"12\" data-index-in-node=\"181\">112<\/b>.<\/p><p data-path-to-node=\"12\">\u00a0<\/p><p data-path-to-node=\"12\">\u0645\u0642\u0627\u0644\u0629 \u0645\u0646 \u0645\u0643\u062a\u0628\u0629 \u0627\u0644\u0635\u062d\u0629<\/p><p data-path-to-node=\"12\"><a href=\"https:\/\/www.terveyskirjasto.fi\/spr00009\" target=\"_blank\" rel=\"noopener\">https:\/\/www.terveyskirjasto.fi\/spr00009<\/a><\/p><p data-path-to-node=\"12\">\u00a0<\/p><p data-path-to-node=\"12\">\u00a0<\/p>\t\t\t\t\t\t\t\t<\/div>\n\t\t\t\t<\/div>\n\t\t\t\t\t<\/div>\n\t\t\t\t<\/div>\n\t\t<div class=\"elementor-element elementor-element-9291034 e-flex e-con-boxed e-con e-parent\" data-id=\"9291034\" data-element_type=\"container\" data-e-type=\"container\">\n\t\t\t\t\t<div class=\"e-con-inner\">\n\t\t\t\t<div class=\"elementor-element elementor-element-c97802a elementor-widget elementor-widget-image\" data-id=\"c97802a\" data-element_type=\"widget\" data-e-type=\"widget\" data-widget_type=\"image.default\">\n\t\t\t\t<div class=\"elementor-widget-container\">\n\t\t\t\t\t\t\t\t\t\t\t\t\t\t\t<img fetchpriority=\"high\" decoding=\"async\" width=\"1024\" height=\"559\" src=\"https:\/\/lastenkirurgia.fi\/wp-content\/uploads\/2026\/04\/palovamma2.webp\" class=\"attachment-large size-large wp-image-1590\" alt=\"\" srcset=\"https:\/\/lastenkirurgia.fi\/wp-content\/uploads\/2026\/04\/palovamma2.webp 1024w, https:\/\/lastenkirurgia.fi\/wp-content\/uploads\/2026\/04\/palovamma2-300x164.webp 300w, https:\/\/lastenkirurgia.fi\/wp-content\/uploads\/2026\/04\/palovamma2-768x419.webp 768w\" sizes=\"(max-width: 1024px) 100vw, 1024px\" \/>\t\t\t\t\t\t\t\t\t\t\t\t\t\t\t<\/div>\n\t\t\t\t<\/div>\n\t\t\t\t\t<\/div>\n\t\t\t\t<\/div>\n\t\t\t\t<\/div>","protected":false},"excerpt":{"rendered":"<p>Lapsen palovammat: Ensiapu ja hoito-ohje Lasten iho on herkk\u00e4, ja palovamman vakavuus riippuu sen syvyydest\u00e4 ja laajuudesta. Nopealla ensiavulla voit rajoittaa vamman etenemist\u00e4. 1. V\u00e4lit\u00f6n ensiapu Sammuta ja poista: Sammuta liekit ja poista kuumuutta varaavat vaatteet (esim. kuuman nesteen kastelemat vaatteet). Viilenn\u00e4: Huuhtele vamma-aluetta noin +20-asteisella (haalealla) juoksevalla vedell\u00e4 10\u201315 minuutin ajan. Huom: \u00c4l\u00e4 k\u00e4yt\u00e4 [&hellip;]<\/p>\n","protected":false},"author":1,"featured_media":0,"parent":0,"menu_order":0,"comment_status":"closed","ping_status":"closed","template":"","meta":{"_angie_page":false,"site-sidebar-layout":"no-sidebar","site-content-layout":"page-builder","ast-site-content-layout":"full-width-container","site-content-style":"default","site-sidebar-style":"default","ast-global-header-display":"","ast-banner-title-visibility":"","ast-main-header-display":"","ast-hfb-above-header-display":"","ast-hfb-below-header-display":"","ast-hfb-mobile-header-display":"","site-post-title":"","ast-breadcrumbs-content":"","ast-featured-img":"disabled","footer-sml-layout":"","ast-disable-related-posts":"","theme-transparent-header-meta":"","adv-header-id-meta":"","stick-header-meta":"","header-above-stick-meta":"","header-main-stick-meta":"","header-below-stick-meta":"","astra-migrate-meta-layouts":"set","ast-page-background-enabled":"default","ast-page-background-meta":{"desktop":{"background-color":"","background-image":"","background-repeat":"repeat","background-position":"center center","background-size":"auto","background-attachment":"scroll","background-type":"","background-media":"","overlay-type":"","overlay-color":"","overlay-opacity":"","overlay-gradient":""},"tablet":{"background-color":"","background-image":"","background-repeat":"repeat","background-position":"center center","background-size":"auto","background-attachment":"scroll","background-type":"","background-media":"","overlay-type":"","overlay-color":"","overlay-opacity":"","overlay-gradient":""},"mobile":{"background-color":"","background-image":"","background-repeat":"repeat","background-position":"center center","background-size":"auto","background-attachment":"scroll","background-type":"","background-media":"","overlay-type":"","overlay-color":"","overlay-opacity":"","overlay-gradient":""}},"ast-content-background-meta":{"desktop":{"background-color":"var(--ast-global-color-5)","background-image":"","background-repeat":"repeat","background-position":"center center","background-size":"auto","background-attachment":"scroll","background-type":"","background-media":"","overlay-type":"","overlay-color":"","overlay-opacity":"","overlay-gradient":""},"tablet":{"background-color":"var(--ast-global-color-5)","background-image":"","background-repeat":"repeat","background-position":"center center","background-size":"auto","background-attachment":"scroll","background-type":"","background-media":"","overlay-type":"","overlay-color":"","overlay-opacity":"","overlay-gradient":""},"mobile":{"background-color":"var(--ast-global-color-5)","background-image":"","background-repeat":"repeat","background-position":"center center","background-size":"auto","background-attachment":"scroll","background-type":"","background-media":"","overlay-type":"","overlay-color":"","overlay-opacity":"","overlay-gradient":""}},"footnotes":""},"class_list":["post-1382","page","type-page","status-publish","hentry"],"_links":{"self":[{"href":"https:\/\/lastenkirurgia.fi\/ar\/wp-json\/wp\/v2\/pages\/1382","targetHints":{"allow":["GET"]}}],"collection":[{"href":"https:\/\/lastenkirurgia.fi\/ar\/wp-json\/wp\/v2\/pages"}],"about":[{"href":"https:\/\/lastenkirurgia.fi\/ar\/wp-json\/wp\/v2\/types\/page"}],"author":[{"embeddable":true,"href":"https:\/\/lastenkirurgia.fi\/ar\/wp-json\/wp\/v2\/users\/1"}],"replies":[{"embeddable":true,"href":"https:\/\/lastenkirurgia.fi\/ar\/wp-json\/wp\/v2\/comments?post=1382"}],"version-history":[{"count":8,"href":"https:\/\/lastenkirurgia.fi\/ar\/wp-json\/wp\/v2\/pages\/1382\/revisions"}],"predecessor-version":[{"id":1594,"href":"https:\/\/lastenkirurgia.fi\/ar\/wp-json\/wp\/v2\/pages\/1382\/revisions\/1594"}],"wp:attachment":[{"href":"https:\/\/lastenkirurgia.fi\/ar\/wp-json\/wp\/v2\/media?parent=1382"}],"curies":[{"name":"wp","href":"https:\/\/api.w.org\/{rel}","templated":true}]}}