{"id":1386,"date":"2026-04-09T13:53:46","date_gmt":"2026-04-09T13:53:46","guid":{"rendered":"https:\/\/darkcyan-pheasant-754087.hostingersite.com\/?page_id=1386"},"modified":"2026-04-12T15:49:11","modified_gmt":"2026-04-12T15:49:11","slug":"lapsen-rannemurtuma","status":"publish","type":"page","link":"https:\/\/lastenkirurgia.fi\/ar\/lapsen-rannemurtuma\/","title":{"rendered":"\u0643\u0633\u0631 \u0641\u064a \u0645\u0639\u0635\u0645 \u0627\u0644\u0637\u0641\u0644"},"content":{"rendered":"<div data-elementor-type=\"wp-page\" data-elementor-id=\"1386\" class=\"elementor elementor-1386\" data-elementor-post-type=\"page\">\n\t\t\t\t<div class=\"elementor-element elementor-element-80bfb32 e-flex e-con-boxed e-con e-parent\" data-id=\"80bfb32\" data-element_type=\"container\" data-e-type=\"container\">\n\t\t\t\t\t<div class=\"e-con-inner\">\n\t\t\t\t<div class=\"elementor-element elementor-element-b7b4158 elementor-widget elementor-widget-text-editor\" data-id=\"b7b4158\" data-element_type=\"widget\" data-e-type=\"widget\" data-widget_type=\"text-editor.default\">\n\t\t\t\t<div class=\"elementor-widget-container\">\n\t\t\t\t\t\t\t\t\t<h2 data-path-to-node=\"2\">\u0643\u0633\u0631 \u0641\u064a \u0627\u0644\u0633\u0627\u0639\u062f \u0627\u0644\u0633\u0641\u0644\u064a \u0644\u0637\u0641\u0644 (&quot;\u0643\u0633\u0631 \u0641\u064a \u0627\u0644\u0631\u0633\u063a&quot;)<\/h2><p data-path-to-node=\"3\">\u062a\u064f\u0639\u062f\u0651 \u0643\u0633\u0648\u0631 \u0627\u0644\u0633\u0627\u0639\u062f \u0627\u0644\u0633\u0641\u0644\u064a \u0634\u0627\u0626\u0639\u0629 \u062c\u062f\u064b\u0627 \u0644\u062f\u0649 \u0627\u0644\u0623\u0637\u0641\u0627\u0644. \u0648\u0645\u0646 \u0627\u0644\u062d\u0627\u0644\u0627\u062a \u0627\u0644\u0634\u0627\u0626\u0639\u0629 \u0627\u0644\u0633\u0642\u0648\u0637 \u0639\u0644\u0649 \u0627\u0644\u064a\u062f \u0627\u0644\u0645\u0645\u062f\u0648\u062f\u0629\u060c \u0645\u062b\u0644\u0627\u064b \u0623\u062b\u0646\u0627\u0621 \u0627\u0644\u0644\u0639\u0628 \u0623\u0648 \u0645\u0645\u0627\u0631\u0633\u0629 \u0627\u0644\u0631\u064a\u0627\u0636\u0629. \u062a\u062a\u0645\u064a\u0632 \u0639\u0638\u0627\u0645 \u0627\u0644\u0623\u0637\u0641\u0627\u0644 \u0628\u0642\u062f\u0631\u062a\u0647\u0627 \u0627\u0644\u0639\u0627\u0644\u064a\u0629 \u0639\u0644\u0649 \u0625\u0639\u0627\u062f\u0629 \u0628\u0646\u0627\u0621 \u0646\u0641\u0633\u0647\u0627 \u0648\u0625\u0635\u0644\u0627\u062d\u0647\u0627 \u0623\u062b\u0646\u0627\u0621 \u0627\u0644\u0646\u0645\u0648\u060c \u0645\u0645\u0627 \u064a\u062c\u0639\u0644 \u0627\u0644\u0639\u0644\u0627\u062c \u0645\u062e\u062a\u0644\u0641\u064b\u0627 \u0639\u0646 \u0639\u0644\u0627\u062c \u0627\u0644\u0628\u0627\u0644\u063a\u064a\u0646.<\/p><h3 data-path-to-node=\"4\">\u0623\u0646\u0648\u0627\u0639 \u0627\u0644\u0643\u0633\u0648\u0631 \u0648\u0639\u0644\u0627\u062c\u0647\u0627<\/h3><p data-path-to-node=\"5\">\u0633\u064a\u062d\u062f\u062f \u0627\u0644\u0637\u0628\u064a\u0628 \u0646\u0648\u0639 \u0627\u0644\u0643\u0633\u0631 \u0645\u0646 \u062e\u0644\u0627\u0644 \u0635\u0648\u0631\u0629 \u0627\u0644\u0623\u0634\u0639\u0629 \u0627\u0644\u0633\u064a\u0646\u064a\u0629. \u0648\u062a\u0639\u062a\u0645\u062f \u062e\u0637\u0629 \u0627\u0644\u0639\u0644\u0627\u062c \u0639\u0644\u0649 \u0646\u0648\u0639 \u0627\u0644\u0643\u0633\u0631 \u0648\u0639\u0645\u0631 \u0627\u0644\u0637\u0641\u0644.<\/p><ol start=\"1\" data-path-to-node=\"6\"><li><p data-path-to-node=\"6,0,0\"><b data-path-to-node=\"6,0,0\" data-index-in-node=\"0\">\u0643\u0633\u0631 \u062a\u062c\u0639\u062f (\u062d\u0644\u0642\u064a):<\/b><\/p><ul data-path-to-node=\"6,0,1\"><li><p data-path-to-node=\"6,0,1,0,0\"><b data-path-to-node=\"6,0,1,0,0\" data-index-in-node=\"0\">\u0645\u0627 \u0647\u0630\u0627\u061f<\/b> \u0627\u0644\u0639\u0638\u0645 \u0644\u064a\u0633 \u0645\u0643\u0633\u0648\u0631\u0627\u064b \u0641\u064a \u0627\u0644\u0648\u0627\u0642\u0639\u060c \u0628\u0644 \u0647\u0648 \u0645\u062c\u0631\u062f &quot;\u0627\u0646\u062a\u0632\u0627\u0639&quot; \u0623\u0648 \u062a\u062c\u0639\u062f \u0645\u0646 \u062c\u0627\u0646\u0628 \u0648\u0627\u062d\u062f.<\/p><\/li><li><p data-path-to-node=\"6,0,1,1,0\"><b data-path-to-node=\"6,0,1,1,0\" data-index-in-node=\"0\">\u0627\u0644\u0639\u0646\u0627\u064a\u0629:<\/b> \u0647\u0630\u0647 \u0625\u0635\u0627\u0628\u0629 \u0645\u0633\u062a\u0642\u0631\u0629 \u062a\u0645\u0627\u0645\u0627\u064b. \u064a\u062a\u0645 \u0639\u0644\u0627\u062c\u0647\u0627 \u0628\u0627\u0633\u062a\u062e\u062f\u0627\u0645 \u062f\u0639\u0627\u0645\u0629 (\u062c\u0647\u0627\u0632 \u062a\u0642\u0648\u064a\u0645) \u0623\u0648 \u062c\u0628\u064a\u0631\u0629 \u062c\u0628\u0633\u064a\u0629 \u0644\u0645\u062f\u0629 \u062a\u062a\u0631\u0627\u0648\u062d \u0628\u064a\u0646 \u0623\u0633\u0628\u0648\u0639 \u0625\u0644\u0649 \u062b\u0644\u0627\u062b\u0629 \u0623\u0633\u0627\u0628\u064a\u0639\u060c \u0648\u0630\u0644\u0643 \u0628\u0634\u0643\u0644 \u0623\u0633\u0627\u0633\u064a \u0628\u0633\u0628\u0628 \u0627\u0644\u0623\u0644\u0645. \u0644\u0627 \u062d\u0627\u062c\u0629 \u0644\u0644\u0623\u0634\u0639\u0629 \u0627\u0644\u0633\u064a\u0646\u064a\u0629.<\/p><\/li><\/ul><\/li><li><p data-path-to-node=\"6,1,0\"><b data-path-to-node=\"6,1,0\" data-index-in-node=\"0\">\u0643\u0633\u0631 \u063a\u0635\u0646 \u0627\u0644\u0635\u0641\u0635\u0627\u0641 (\u0627\u0644\u063a\u0635\u0646 \u0627\u0644\u0623\u062e\u0636\u0631):<\/b><\/p><ul data-path-to-node=\"6,1,1\"><li><p data-path-to-node=\"6,1,1,0,0\"><b data-path-to-node=\"6,1,1,0,0\" data-index-in-node=\"0\">\u0645\u0627 \u0647\u0630\u0627\u061f<\/b> \u0623\u062d\u062f \u062c\u0627\u0646\u0628\u064a \u0627\u0644\u0639\u0638\u0645 \u0645\u0643\u0633\u0648\u0631 \u0648\u0627\u0644\u062c\u0627\u0646\u0628 \u0627\u0644\u0622\u062e\u0631 \u0645\u062b\u0646\u064a (\u0645\u062b\u0644 \u063a\u0635\u0646 \u062c\u062f\u064a\u062f).<\/p><\/li><li><p data-path-to-node=\"6,1,1,1,0\"><b data-path-to-node=\"6,1,1,1,0\" data-index-in-node=\"0\">\u0627\u0644\u0639\u0646\u0627\u064a\u0629:<\/b> \u0625\u0630\u0627 \u0643\u0627\u0646 \u0648\u0636\u0639 \u0627\u0644\u0643\u0633\u0631 \u063a\u064a\u0631 \u0633\u0644\u064a\u0645\u060c \u0641\u064a\u062c\u0628 \u062a\u0642\u0648\u064a\u0645\u0647. \u0648\u0647\u0648 \u0623\u0642\u0644 \u0627\u0633\u062a\u0642\u0631\u0627\u0631\u064b\u0627 \u0645\u0646 \u0643\u0633\u0631 \u0627\u0644\u0637\u064a\u0629\u060c \u0644\u0630\u0627 \u063a\u0627\u0644\u0628\u064b\u0627 \u0645\u0627 \u064a\u062a\u0645 \u0641\u062d\u0635 \u0627\u0644\u0648\u0636\u0639 \u0628\u0627\u0644\u0623\u0634\u0639\u0629 \u0627\u0644\u0633\u064a\u0646\u064a\u0629 \u0628\u0639\u062f \u062d\u0648\u0627\u0644\u064a \u0623\u0633\u0628\u0648\u0639.<\/p><\/li><\/ul><\/li><li><p data-path-to-node=\"6,2,0\"><b data-path-to-node=\"6,2,0\" data-index-in-node=\"0\">\u0643\u0633\u0631 \u0645\u062a\u0642\u0627\u0637\u0639:<\/b><\/p><ul data-path-to-node=\"6,2,1\"><li><p data-path-to-node=\"6,2,1,0,0\"><b data-path-to-node=\"6,2,1,0,0\" data-index-in-node=\"0\">\u0645\u0627 \u0647\u0630\u0627\u061f<\/b> \u0627\u0644\u0639\u0638\u0645 \u0645\u0643\u0633\u0648\u0631 \u062a\u0645\u0627\u0645\u0627\u064b.<\/p><\/li><li><p data-path-to-node=\"6,2,1,1,0\"><b data-path-to-node=\"6,2,1,1,0\" data-index-in-node=\"0\">\u0627\u0644\u0639\u0646\u0627\u064a\u0629:<\/b> \u0625\u0630\u0627 \u0627\u0646\u0632\u0627\u062d\u062a \u0623\u0637\u0631\u0627\u0641 \u0627\u0644\u0639\u0638\u0627\u0645 \u0628\u0634\u0643\u0644 \u0645\u0644\u062d\u0648\u0638\u060c \u062a\u064f\u0639\u0627\u062f \u0625\u0644\u0649 \u0645\u0643\u0627\u0646\u0647\u0627 (\u0625\u0639\u0627\u062f\u0629 \u0627\u0644\u062a\u0645\u0648\u0636\u0639). \u0639\u0646\u062f \u0627\u0644\u0623\u0637\u0641\u0627\u0644 \u0627\u0644\u0635\u063a\u0627\u0631\u060c \u062d\u062a\u0649 \u0627\u0644\u0627\u0646\u0632\u064a\u0627\u062d\u0627\u062a \u0627\u0644\u0643\u0628\u064a\u0631\u0629 \u064a\u0645\u0643\u0646 \u0623\u0646 \u062a\u064f\u0635\u062d\u062d \u0646\u0641\u0633\u0647\u0627 \u0645\u0639 \u0627\u0644\u0646\u0645\u0648\u060c \u0648\u0644\u0643\u0646 \u0639\u0627\u062f\u0629\u064b \u0645\u0627 \u064a\u062a\u0645 \u062a\u0635\u062d\u064a\u062d \u0623\u064a \u062e\u0644\u0644 \u0648\u0627\u0636\u062d \u0641\u064a \u0627\u0644\u0645\u062d\u0627\u0630\u0627\u0629.<\/p><\/li><\/ul><\/li><\/ol><hr data-path-to-node=\"7\" \/><h3 data-path-to-node=\"8\">\u0642\u0648\u0629 \u0627\u0644\u0646\u0645\u0648 (\u0625\u0639\u0627\u062f\u0629 \u0627\u0644\u062a\u0634\u0643\u064a\u0644)<\/h3><p data-path-to-node=\"9\">\u064a\u064f\u0635\u062d\u062d \u0647\u064a\u0643\u0644 \u0627\u0644\u0637\u0641\u0644 \u0627\u062e\u062a\u0644\u0627\u0644\u0627\u062a\u0647 \u0628\u0643\u0641\u0627\u0621\u0629 \u0645\u0630\u0647\u0644\u0629. \u0648\u0647\u0630\u0627 \u0645\u0627 \u064a\u064f\u0633\u0645\u0649 \u0628\u0625\u0639\u0627\u062f\u0629 \u0627\u0644\u062a\u0634\u0643\u064a\u0644.<\/p><ul data-path-to-node=\"10\"><li><p data-path-to-node=\"10,0,0\"><b data-path-to-node=\"10,0,0\" data-index-in-node=\"0\">\u0644\u0644\u0623\u0637\u0641\u0627\u0644 \u062f\u0648\u0646 \u0633\u0646 \u0627\u0644\u062e\u0627\u0645\u0633\u0629<\/b> \u064a\u064f\u0633\u0645\u062d \u0628\u0645\u064a\u0644 \u064a\u0635\u0644 \u0625\u0644\u0649 35 \u062f\u0631\u062c\u0629 \u0641\u064a \u0627\u062a\u062c\u0627\u0647 \u062d\u0631\u0643\u0629 \u0627\u0644\u0645\u0639\u0635\u0645.<\/p><\/li><li><p data-path-to-node=\"10,1,0\"><b data-path-to-node=\"10,1,0\" data-index-in-node=\"0\">\u0644\u0644\u0623\u0639\u0645\u0627\u0631 \u0645\u0646 5 \u0625\u0644\u0649 12 \u0633\u0646\u0629<\/b> \u064a\u064f\u0639\u062a\u0628\u0631 \u0627\u0644\u0645\u064a\u0644 \u0628\u0632\u0627\u0648\u064a\u0629 25 \u062f\u0631\u062c\u0629 \u0645\u0642\u0628\u0648\u0644\u0627\u064b.<\/p><\/li><li><p data-path-to-node=\"10,2,0\">\u0643\u0644\u0645\u0627 \u0643\u0628\u0631 \u0627\u0644\u0637\u0641\u0644\u060c \u0643\u0644\u0645\u0627 \u0632\u0627\u062f\u062a \u062f\u0642\u0629 \u062a\u062d\u062f\u064a\u062f \u0645\u0648\u0636\u0639\u0647 \u0644\u0623\u0646\u0647 \u0644\u0645 \u064a\u062a\u0628\u0642 \u0644\u0647 \u0633\u0648\u0649 \u0646\u0645\u0648 \u0623\u0642\u0644.<\/p><\/li><\/ul><h3 data-path-to-node=\"11\">\u0627\u0644\u0639\u0644\u0627\u062c \u0627\u0644\u062c\u0631\u0627\u062d\u064a \u0648\u0627\u0644\u0645\u0633\u0627\u0645\u064a\u0631 \u0627\u0644\u0645\u0639\u062f\u0646\u064a\u0629<\/h3><p data-path-to-node=\"12\">\u0625\u0630\u0627 \u0643\u0627\u0646 \u0627\u0644\u0643\u0633\u0631 \u063a\u064a\u0631 \u0645\u0633\u062a\u0642\u0631 \u0644\u0644\u063a\u0627\u064a\u0629 \u0623\u0648 \u0643\u0627\u0646 \u0627\u0644\u0648\u0636\u0639 \u0633\u064a\u0626\u0627\u064b\u060c \u0641\u0633\u064a\u062a\u0645 \u062a\u0642\u0648\u064a\u0645 \u0627\u0644\u0643\u0633\u0631 \u0641\u064a \u063a\u0631\u0641\u0629 \u0627\u0644\u0639\u0645\u0644\u064a\u0627\u062a \u062a\u062d\u062a \u0627\u0644\u062a\u062e\u062f\u064a\u0631.<\/p><ul data-path-to-node=\"13\"><li><p data-path-to-node=\"13,0,0\"><b data-path-to-node=\"13,0,0\" data-index-in-node=\"0\">\u064a\u0631\u062a\u0642\u0639:<\/b> \u064a\u0645\u0643\u0646 \u062a\u062b\u0628\u064a\u062a \u0627\u0644\u0643\u0633\u0631 \u0628\u0627\u0633\u062a\u062e\u062f\u0627\u0645 \u062f\u0628\u0627\u0628\u064a\u0633 \u0645\u0639\u062f\u0646\u064a\u0629 \u0645\u0644\u0633\u0627\u0621 (\u062f\u0628\u0627\u0628\u064a\u0633 K) \u064a\u062a\u0645 \u0625\u062f\u062e\u0627\u0644\u0647\u0627 \u0639\u0628\u0631 \u0627\u0644\u062c\u0644\u062f. \u062a\u0645\u0646\u0639 \u0647\u0630\u0647 \u0627\u0644\u062f\u0628\u0627\u0628\u064a\u0633 \u0627\u0644\u0643\u0633\u0631 \u0645\u0646 \u0627\u0644\u062a\u062d\u0631\u0643 \u062f\u0627\u062e\u0644 \u0627\u0644\u062c\u0628\u064a\u0631\u0629.<\/p><\/li><li><p data-path-to-node=\"13,1,0\"><b data-path-to-node=\"13,1,0\" data-index-in-node=\"0\">\u0643\u0633\u0648\u0631 \u0635\u0641\u064a\u062d\u0629 \u0627\u0644\u0646\u0645\u0648:<\/b> \u0625\u0630\u0627 \u062a\u0633\u0628\u0628 \u0627\u0644\u0643\u0633\u0631 \u0641\u064a \u062a\u0644\u0641 \u0633\u0637\u062d \u0627\u0644\u0645\u0641\u0635\u0644 \u0623\u0648 \u0635\u0641\u064a\u062d\u0629 \u0627\u0644\u0646\u0645\u0648\u060c \u0641\u0625\u0646\u0647 \u064a\u062a\u0637\u0644\u0628 \u0639\u0644\u0627\u062c\u064b\u0627 \u062f\u0642\u064a\u0642\u064b\u0627 \u0628\u0634\u0643\u0644 \u062e\u0627\u0635 \u0648\u063a\u0627\u0644\u0628\u064b\u0627 \u0645\u0627 \u064a\u062a\u0637\u0644\u0628 \u062c\u0631\u0627\u062d\u0629 \u0644\u0645\u0646\u0639 \u0627\u0636\u0637\u0631\u0627\u0628 \u0646\u0645\u0648 \u0627\u0644\u0639\u0638\u0627\u0645.<\/p><\/li><\/ul><hr data-path-to-node=\"14\" \/><h3 data-path-to-node=\"15\">\u0639\u0644\u0627\u062c \u0627\u0644\u062c\u0628\u064a\u0631\u0629 \u0648\u0627\u0644\u062a\u0639\u0644\u064a\u0645\u0627\u062a \u0627\u0644\u0645\u0646\u0632\u0644\u064a\u0629<\/h3><p data-path-to-node=\"16\">\u0639\u0627\u062f\u0629\u064b \u0645\u0627 \u064a\u062a\u0645 \u062f\u0639\u0645 \u0627\u0644\u0643\u0633\u0631 \u0628\u0648\u0627\u0633\u0637\u0629 \u0641\u0631\u062f <b data-path-to-node=\"16\" data-index-in-node=\"39\">\u0628\u0627\u0633\u062a\u062e\u062f\u0627\u0645 \u0645\u062c\u0631\u0641\u0629 \u0627\u0644\u062c\u0635<\/b>, \u0645\u0645\u0627 \u064a\u062a\u0631\u0643 \u0627\u0644\u0623\u0635\u0627\u0628\u0639 \u0648\u0627\u0644\u0645\u0631\u0641\u0642 \u062d\u0631\u0629 \u0627\u0644\u062d\u0631\u0643\u0629.<\/p><p data-path-to-node=\"17\"><b data-path-to-node=\"17\" data-index-in-node=\"0\">\u0627\u0641\u0639\u0644 \u0647\u0630\u0627 \u0641\u064a \u0627\u0644\u0645\u0646\u0632\u0644:<\/b><\/p><ul data-path-to-node=\"18\"><li><p data-path-to-node=\"18,0,0\"><b data-path-to-node=\"18,0,0\" data-index-in-node=\"0\">\u0645\u0633\u0643\u0646 \u0622\u0644\u0627\u0645:<\/b> \u0623\u0639\u0637 \u0637\u0641\u0644\u0643 \u0645\u0633\u0643\u0646\u0627\u062a \u0627\u0644\u0623\u0644\u0645 (\u0645\u062b\u0644 \u0627\u0644\u0628\u0627\u0631\u0627\u0633\u064a\u062a\u0627\u0645\u0648\u0644 \u0623\u0648 \u0627\u0644\u0625\u064a\u0628\u0648\u0628\u0631\u0648\u0641\u064a\u0646) \u0628\u0627\u0646\u062a\u0638\u0627\u0645 \u062e\u0644\u0627\u0644 \u0627\u0644\u0623\u064a\u0627\u0645 \u0627\u0644\u0642\u0644\u064a\u0644\u0629 \u0627\u0644\u0623\u0648\u0644\u0649.<\/p><\/li><li><p data-path-to-node=\"18,1,0\"><b data-path-to-node=\"18,1,0\" data-index-in-node=\"0\">\u0639\u0645\u0644:<\/b> \u0634\u062c\u0639 \u0637\u0641\u0644\u0643 \u0639\u0644\u0649 \u062a\u062d\u0631\u064a\u0643 \u0623\u0635\u0627\u0628\u0639\u0647 \u0628\u0646\u0634\u0627\u0637 \u0645\u0646\u0630 \u0627\u0644\u0628\u062f\u0627\u064a\u0629.<\/p><\/li><li><p data-path-to-node=\"18,2,0\"><b data-path-to-node=\"18,2,0\" data-index-in-node=\"0\">\u0645\u0644\u0627\u062d\u0638\u0629:<\/b> \u0627\u062a\u0635\u0644 \u0628\u0627\u0644\u0637\u0628\u064a\u0628 \u0625\u0630\u0627 \u062a\u062d\u0648\u0644\u062a \u0623\u0635\u0627\u0628\u0639 \u0627\u0644\u0637\u0641\u0644 \u0625\u0644\u0649 \u0627\u0644\u0644\u0648\u0646 \u0627\u0644\u0623\u0632\u0631\u0642 \u0623\u0648 \u0623\u0635\u0628\u062d\u062a \u0628\u0627\u0631\u062f\u0629 \u0623\u0648 \u0645\u062e\u062f\u0631\u0629\u060c \u0623\u0648 \u0625\u0630\u0627 \u0643\u0627\u0646 \u0627\u0644\u0637\u0641\u0644 \u064a\u0639\u0627\u0646\u064a \u0645\u0646 \u0623\u0644\u0645 \u0634\u062f\u064a\u062f \u0644\u0627 \u064a\u062e\u0641 \u0628\u0627\u0644\u0623\u062f\u0648\u064a\u0629.<\/p><\/li><\/ul><hr data-path-to-node=\"19\" \/><h3 data-path-to-node=\"20\">\u0645\u062a\u0649 \u062a\u0643\u0648\u0646 \u0627\u0644\u0645\u0631\u0627\u0642\u0628\u0629 \u0636\u0631\u0648\u0631\u064a\u0629\u061f<\/h3><ul data-path-to-node=\"21\"><li><p data-path-to-node=\"21,0,0\"><b data-path-to-node=\"21,0,0\" data-index-in-node=\"0\">\u062a\u0634\u0642\u0642\u0627\u062a \u0645\u062c\u0639\u062f\u0629<\/b> \u0644\u0627 \u062f\u0627\u0639\u064a \u0644\u0625\u0639\u0627\u062f\u0629 \u0627\u0644\u0648\u0635\u0641.<\/p><\/li><li><p data-path-to-node=\"21,1,0\"><b data-path-to-node=\"21,1,0\" data-index-in-node=\"0\">\u0643\u0633\u0648\u0631 \u0642\u0635\u0628 \u0627\u0644\u0635\u0641\u0635\u0627\u0641 \u0648\u0627\u0644\u0643\u0633\u0648\u0631 \u0627\u0644\u0645\u0633\u062a\u0639\u0631\u0636\u0629<\/b> \u0639\u0627\u062f\u0629 \u0645\u0627 \u064a\u062a\u0645 \u0641\u062d\u0635\u0647\u0627 \u0628\u0627\u0644\u0623\u0634\u0639\u0629 \u0627\u0644\u0633\u064a\u0646\u064a\u0629 \u0628\u0639\u062f 7-10 \u0623\u064a\u0627\u0645 \u0644\u0644\u062a\u0623\u0643\u062f \u0645\u0646 \u0623\u0646 \u0627\u0644\u0648\u0636\u0639 \u0644\u0645 \u064a\u062a\u063a\u064a\u0631 \u0641\u064a \u0627\u0644\u062c\u0628\u064a\u0631\u0629.<\/p><\/li><li><p data-path-to-node=\"21,2,0\"><b data-path-to-node=\"21,2,0\" data-index-in-node=\"0\">\u0643\u0633\u0648\u0631 \u0627\u0646\u0636\u063a\u0627\u0637\u064a\u0629<\/b> \u064a\u062a\u0645 \u062a\u0635\u0648\u064a\u0631\u0647\u0627 \u0642\u0628\u0644 \u0625\u0632\u0627\u0644\u0629 \u0627\u0644\u0623\u0634\u0648\u0627\u0643 (\u0639\u0627\u062f\u0629\u064b \u0628\u0639\u062f 3-4 \u0623\u0633\u0627\u0628\u064a\u0639).<\/p><\/li><\/ul><p>\u0645\u0642\u0627\u0644\u0629 Duodecim<\/p><p><a href=\"https:\/\/www.duodecimlehti.fi\/duo16023\" target=\"_blank\" rel=\"noopener\">https:\/\/www.duodecimlehti.fi\/duo16023<\/a><\/p>\t\t\t\t\t\t\t\t<\/div>\n\t\t\t\t<\/div>\n\t\t\t\t\t<\/div>\n\t\t\t\t<\/div>\n\t\t\t\t<\/div>","protected":false},"excerpt":{"rendered":"<p>Lapsen kyyn\u00e4rvarren alaosan murtuma (\u201drannemurtuma\u201d) Kyyn\u00e4rvarren alaosan murtumat ovat lapsilla eritt\u00e4in yleisi\u00e4. Tyypillinen tilanne on kaatuminen ojennetun k\u00e4den varaan esimerkiksi leikkiess\u00e4 tai urheillessa. Lapsen luusto on remodelloituvaa ja sill\u00e4 on suuri kyky korjata itse\u00e4\u00e4n kasvun my\u00f6t\u00e4, mik\u00e4 tekee hoidosta erilaista kuin aikuisilla. Murtumatyypit ja niiden hoito L\u00e4\u00e4k\u00e4ri m\u00e4\u00e4ritt\u00e4\u00e4 murtuman tyypin r\u00f6ntgenkuvasta. Hoitolinja riippuu murtuman laadusta [&hellip;]<\/p>\n","protected":false},"author":1,"featured_media":0,"parent":0,"menu_order":0,"comment_status":"closed","ping_status":"closed","template":"","meta":{"_angie_page":false,"site-sidebar-layout":"no-sidebar","site-content-layout":"page-builder","ast-site-content-layout":"full-width-container","site-content-style":"default","site-sidebar-style":"default","ast-global-header-display":"","ast-banner-title-visibility":"","ast-main-header-display":"","ast-hfb-above-header-display":"","ast-hfb-below-header-display":"","ast-hfb-mobile-header-display":"","site-post-title":"","ast-breadcrumbs-content":"","ast-featured-img":"disabled","footer-sml-layout":"","ast-disable-related-posts":"","theme-transparent-header-meta":"","adv-header-id-meta":"","stick-header-meta":"","header-above-stick-meta":"","header-main-stick-meta":"","header-below-stick-meta":"","astra-migrate-meta-layouts":"set","ast-page-background-enabled":"default","ast-page-background-meta":{"desktop":{"background-color":"","background-image":"","background-repeat":"repeat","background-position":"center center","background-size":"auto","background-attachment":"scroll","background-type":"","background-media":"","overlay-type":"","overlay-color":"","overlay-opacity":"","overlay-gradient":""},"tablet":{"background-color":"","background-image":"","background-repeat":"repeat","background-position":"center center","background-size":"auto","background-attachment":"scroll","background-type":"","background-media":"","overlay-type":"","overlay-color":"","overlay-opacity":"","overlay-gradient":""},"mobile":{"background-color":"","background-image":"","background-repeat":"repeat","background-position":"center center","background-size":"auto","background-attachment":"scroll","background-type":"","background-media":"","overlay-type":"","overlay-color":"","overlay-opacity":"","overlay-gradient":""}},"ast-content-background-meta":{"desktop":{"background-color":"var(--ast-global-color-5)","background-image":"","background-repeat":"repeat","background-position":"center center","background-size":"auto","background-attachment":"scroll","background-type":"","background-media":"","overlay-type":"","overlay-color":"","overlay-opacity":"","overlay-gradient":""},"tablet":{"background-color":"var(--ast-global-color-5)","background-image":"","background-repeat":"repeat","background-position":"center center","background-size":"auto","background-attachment":"scroll","background-type":"","background-media":"","overlay-type":"","overlay-color":"","overlay-opacity":"","overlay-gradient":""},"mobile":{"background-color":"var(--ast-global-color-5)","background-image":"","background-repeat":"repeat","background-position":"center center","background-size":"auto","background-attachment":"scroll","background-type":"","background-media":"","overlay-type":"","overlay-color":"","overlay-opacity":"","overlay-gradient":""}},"footnotes":""},"class_list":["post-1386","page","type-page","status-publish","hentry"],"_links":{"self":[{"href":"https:\/\/lastenkirurgia.fi\/ar\/wp-json\/wp\/v2\/pages\/1386","targetHints":{"allow":["GET"]}}],"collection":[{"href":"https:\/\/lastenkirurgia.fi\/ar\/wp-json\/wp\/v2\/pages"}],"about":[{"href":"https:\/\/lastenkirurgia.fi\/ar\/wp-json\/wp\/v2\/types\/page"}],"author":[{"embeddable":true,"href":"https:\/\/lastenkirurgia.fi\/ar\/wp-json\/wp\/v2\/users\/1"}],"replies":[{"embeddable":true,"href":"https:\/\/lastenkirurgia.fi\/ar\/wp-json\/wp\/v2\/comments?post=1386"}],"version-history":[{"count":4,"href":"https:\/\/lastenkirurgia.fi\/ar\/wp-json\/wp\/v2\/pages\/1386\/revisions"}],"predecessor-version":[{"id":1655,"href":"https:\/\/lastenkirurgia.fi\/ar\/wp-json\/wp\/v2\/pages\/1386\/revisions\/1655"}],"wp:attachment":[{"href":"https:\/\/lastenkirurgia.fi\/ar\/wp-json\/wp\/v2\/media?parent=1386"}],"curies":[{"name":"wp","href":"https:\/\/api.w.org\/{rel}","templated":true}]}}