{"id":1390,"date":"2026-04-09T13:54:21","date_gmt":"2026-04-09T13:54:21","guid":{"rendered":"https:\/\/darkcyan-pheasant-754087.hostingersite.com\/?page_id=1390"},"modified":"2026-04-12T15:42:18","modified_gmt":"2026-04-12T15:42:18","slug":"lapsen-kaden-vamma","status":"publish","type":"page","link":"https:\/\/lastenkirurgia.fi\/ar\/lapsen-kaden-vamma\/","title":{"rendered":"\u0625\u0635\u0627\u0628\u0629 \u064a\u062f \u0637\u0641\u0644"},"content":{"rendered":"<div data-elementor-type=\"wp-page\" data-elementor-id=\"1390\" class=\"elementor elementor-1390\" data-elementor-post-type=\"page\">\n\t\t\t\t<div class=\"elementor-element elementor-element-17b6c2e e-flex e-con-boxed e-con e-parent\" data-id=\"17b6c2e\" data-element_type=\"container\" data-e-type=\"container\">\n\t\t\t\t\t<div class=\"e-con-inner\">\n\t\t\t\t<div class=\"elementor-element elementor-element-a7fff64 elementor-widget elementor-widget-text-editor\" data-id=\"a7fff64\" data-element_type=\"widget\" data-e-type=\"widget\" data-widget_type=\"text-editor.default\">\n\t\t\t\t<div class=\"elementor-widget-container\">\n\t\t\t\t\t\t\t\t\t<h2 data-path-to-node=\"2\">\u0625\u0635\u0627\u0628\u0627\u062a \u0627\u0644\u064a\u062f \u0648\u0627\u0644\u0645\u0639\u0635\u0645 \u0639\u0646\u062f \u0627\u0644\u0623\u0637\u0641\u0627\u0644: \u062f\u0644\u064a\u0644 \u0644\u0644\u0622\u0628\u0627\u0621<\/h2><p data-path-to-node=\"3\">\u062a\u064f\u0639\u062f\u0651 \u0627\u0644\u064a\u062f \u0623\u0643\u062b\u0631 \u0623\u062c\u0632\u0627\u0621 \u0627\u0644\u062c\u0633\u0645 \u0639\u0631\u0636\u0629\u064b \u0644\u0644\u0625\u0635\u0627\u0628\u0629 \u0644\u062f\u0649 \u0627\u0644\u0623\u0637\u0641\u0627\u0644. \u0648\u064a\u062e\u062a\u0644\u0641 \u0639\u0644\u0627\u062c \u0627\u0644\u0643\u0633\u0648\u0631 \u0644\u062f\u0649 \u0627\u0644\u0623\u0637\u0641\u0627\u0644 \u0639\u0646 \u0639\u0644\u0627\u062c\u0647\u0627 \u0644\u062f\u0649 \u0627\u0644\u0628\u0627\u0644\u063a\u064a\u0646\u060c \u0644\u0623\u0646 \u0639\u0638\u0627\u0645 \u0627\u0644\u0623\u0637\u0641\u0627\u0644 \u062a\u0646\u0645\u0648 \u0628\u0627\u0633\u062a\u0645\u0631\u0627\u0631. \u0648\u064a\u064f\u0639\u062f\u0651 \u0647\u0630\u0627 \u0627\u0644\u0646\u0645\u0648 \u0645\u064a\u0632\u0629\u064b \u0643\u0628\u064a\u0631\u0629\u060c \u0625\u0630 \u064a\u064f\u0645\u0643\u0646\u0647 \u062a\u0635\u062d\u064a\u062d \u0627\u0644\u0639\u062f\u064a\u062f \u0645\u0646 \u0627\u0644\u062a\u0634\u0648\u0647\u0627\u062a \u0627\u0644\u062a\u064a \u0642\u062f \u062a\u062d\u062f\u062b \u0628\u0639\u062f \u0627\u0644\u0643\u0633\u0631 \u062a\u0644\u0642\u0627\u0626\u064a\u064b\u0627.<\/p><h3 data-path-to-node=\"4\">\u0623\u0643\u062b\u0631 \u0623\u0646\u0648\u0627\u0639 \u0627\u0644\u0625\u0635\u0627\u0628\u0627\u062a \u0634\u064a\u0648\u0639\u0627\u064b<\/h3><ul data-path-to-node=\"5\"><li><p data-path-to-node=\"5,0,0\"><b data-path-to-node=\"5,0,0\" data-index-in-node=\"0\">\u0625\u0635\u0627\u0628\u0627\u062a \u0623\u0637\u0631\u0627\u0641 \u0627\u0644\u0623\u0635\u0627\u0628\u0639:<\/b> \u064a\u064f\u0639\u062f\u0651 \u0627\u0646\u062d\u0634\u0627\u0631 \u0627\u0644\u0625\u0635\u0628\u0639 \u0641\u064a \u0627\u0644\u0628\u0627\u0628 \u062d\u0627\u062f\u062b\u064b\u0627 \u0634\u0627\u0626\u0639\u064b\u0627 \u0628\u064a\u0646 \u0627\u0644\u0623\u0637\u0641\u0627\u0644 \u0627\u0644\u0635\u063a\u0627\u0631. \u0648\u062d\u062a\u0649 \u0641\u064a \u062d\u0627\u0644\u0629 \u062d\u062f\u0648\u062b \u0643\u0633\u0631\u060c \u0641\u0625\u0646\u0651 \u0623\u0647\u0645\u0651 \u0634\u064a\u0621 \u063a\u0627\u0644\u0628\u064b\u0627 \u0645\u0627 \u064a\u0643\u0648\u0646 \u0641\u062d\u0635 \u062d\u0627\u0644\u0629 \u0641\u0631\u0627\u0634 \u0627\u0644\u0638\u0641\u0631 \u0648\u0625\u062c\u0631\u0627\u0621 \u0623\u064a\u0651 \u0625\u0635\u0644\u0627\u062d\u0627\u062a \u0644\u0627\u0632\u0645\u0629.<\/p><\/li><li><p data-path-to-node=\"5,1,0\"><b data-path-to-node=\"5,1,0\" data-index-in-node=\"0\">\u0643\u0633\u0648\u0631 \u0642\u0627\u0639\u062f\u0629 \u0627\u0644\u0623\u0635\u0627\u0628\u0639 \u0648\u0639\u0638\u0627\u0645 \u0645\u0634\u0637 \u0627\u0644\u064a\u062f:<\/b> \u062a\u064f\u0639\u062f \u0627\u0644\u0625\u0635\u0627\u0628\u0627\u062a \u0634\u0627\u0626\u0639\u0629 \u0644\u062f\u0649 \u0627\u0644\u0623\u0637\u0641\u0627\u0644 \u0627\u0644\u0623\u0643\u0628\u0631 \u0633\u0646\u0627\u064b\u060c \u0648\u063a\u0627\u0644\u0628\u0627\u064b \u0645\u0627 \u064a\u062a\u0645 \u0639\u0644\u0627\u062c\u0647\u0627 \u0628\u062f\u0648\u0646 \u062c\u0631\u0627\u062d\u0629 \u0628\u0627\u0633\u062a\u062e\u062f\u0627\u0645 \u0627\u0644\u0634\u0631\u064a\u0637 \u0627\u0644\u0644\u0627\u0635\u0642 \u0623\u0648 \u0627\u0644\u062c\u0628\u064a\u0631\u0629 \u0623\u0648 \u0627\u0644\u062c\u0628\u0633.<\/p><\/li><li><p data-path-to-node=\"5,2,0\"><b data-path-to-node=\"5,2,0\" data-index-in-node=\"0\">\u0643\u0633\u0648\u0631 \u0645\u0646\u0637\u0642\u0629 \u0627\u0644\u0631\u0633\u063a:<\/b> \u062a\u064f\u0639\u062f \u0643\u0633\u0648\u0631 \u0627\u0644\u062c\u0632\u0621 \u0627\u0644\u0633\u0641\u0644\u064a \u0645\u0646 \u0639\u0638\u0645 \u0627\u0644\u0643\u0639\u0628\u0631\u0629\u060c \u0648\u062e\u0627\u0635\u0629 \u062a\u0644\u0643 \u0627\u0644\u0646\u0627\u062c\u0645\u0629 \u0639\u0646 \u0627\u0644\u0633\u0642\u0648\u0637\u060c \u0634\u0627\u0626\u0639\u0629 \u062c\u062f\u064b\u0627.<\/p><\/li><\/ul><h3 data-path-to-node=\"6\">\u0627\u0644\u0643\u0633\u0648\u0631 \u0627\u0644\u062a\u064a \u062a\u062a\u0637\u0644\u0628 \u0639\u0646\u0627\u064a\u0629 \u062e\u0627\u0635\u0629<\/h3><p data-path-to-node=\"7\">\u0628\u0639\u0636 \u0623\u0646\u0648\u0627\u0639 \u0627\u0644\u0643\u0633\u0648\u0631 \u062e\u0628\u064a\u062b\u0629 \u0648\u062a\u062a\u0637\u0644\u0628 \u062f\u0627\u0626\u0645\u064b\u0627 \u062a\u0642\u0631\u064a\u0628\u064b\u0627 \u0639\u0644\u0627\u062c\u064b\u0627 \u0645\u062a\u062e\u0635\u0635\u064b\u0627 \u0623\u0648 \u062c\u0631\u0627\u062d\u0629:<\/p><ol start=\"1\" data-path-to-node=\"8\"><li><p data-path-to-node=\"8,0,0\"><b data-path-to-node=\"8,0,0\" data-index-in-node=\"0\">\u0643\u0633\u0631 \u0633\u064a\u0645\u0648\u0631:<\/b> \u0643\u0633\u0631 \u064a\u0645\u0631 \u0639\u0628\u0631 \u062e\u0637 \u0646\u0645\u0648 \u0637\u0631\u0641 \u0627\u0644\u0625\u0635\u0628\u0639\u060c \u062d\u064a\u062b \u0642\u062f \u064a\u0628\u0642\u0649 \u062c\u0630\u0631 \u0627\u0644\u0638\u0641\u0631 \u0641\u064a \u0641\u062c\u0648\u0629 \u0627\u0644\u0643\u0633\u0631.<\/p><\/li><li><p data-path-to-node=\"8,1,0\"><b data-path-to-node=\"8,1,0\" data-index-in-node=\"0\">\u0643\u0633\u0631 \u0641\u064a \u0639\u0646\u0642 \u0623\u062d\u062f \u0623\u0637\u0631\u0627\u0641 \u0627\u0644\u0625\u0635\u0628\u0639:<\/b> \u064a\u0645\u0643\u0646 \u0644\u0644\u062c\u0632\u0621 \u0627\u0644\u0645\u0643\u0633\u0648\u0631 \u0623\u0646 \u064a\u062f\u0648\u0631 \u062d\u062a\u0649 180 \u062f\u0631\u062c\u0629. \u0648\u0625\u0630\u0627 \u062a\u064f\u0631\u0643 \u062f\u0648\u0646 \u0639\u0644\u0627\u062c\u060c \u0641\u0633\u064a\u062d\u062f \u0630\u0644\u0643 \u0628\u0634\u0643\u0644 \u062f\u0627\u0626\u0645 \u0645\u0646 \u0627\u0644\u0642\u062f\u0631\u0629 \u0639\u0644\u0649 \u062b\u0646\u064a \u0627\u0644\u0625\u0635\u0628\u0639.<\/p><\/li><li><p data-path-to-node=\"8,2,0\"><b data-path-to-node=\"8,2,0\" data-index-in-node=\"0\">\u0627\u0644\u0643\u0633\u0648\u0631 \u062f\u0627\u062e\u0644 \u0627\u0644\u0645\u0641\u0635\u0644:<\/b> \u063a\u0627\u0644\u0628\u0627\u064b \u0645\u0627 \u062a\u062a\u0637\u0644\u0628 \u062c\u0631\u0627\u062d\u0629 \u0644\u062c\u0639\u0644 \u0633\u0637\u062d \u0627\u0644\u0645\u0641\u0635\u0644 \u0623\u0645\u0644\u0633\u0627\u064b \u062a\u0645\u0627\u0645\u0627\u064b.<\/p><\/li><li><p data-path-to-node=\"8,3,0\"><b data-path-to-node=\"8,3,0\" data-index-in-node=\"0\">\u0627\u0644\u0627\u0644\u062a\u0648\u0627\u0621\u0627\u062a (\u0627\u0644\u0623\u062e\u0637\u0627\u0621 \u0627\u0644\u062f\u0648\u0631\u0627\u0646\u064a\u0629):<\/b> \u0639\u0644\u0649 \u0639\u0643\u0633 \u0627\u0644\u0623\u062e\u0637\u0627\u0621 \u0627\u0644\u0632\u0627\u0648\u064a\u0629\u060c, <b data-path-to-node=\"8,3,0\" data-index-in-node=\"55\">\u0644\u0627 \u064a\u0624\u062f\u064a \u0627\u0644\u0646\u0645\u0648 \u0625\u0644\u0649 \u062a\u0635\u062d\u064a\u062d \u0627\u0646\u062d\u0646\u0627\u0621 \u0627\u0644\u0639\u0638\u0645<\/b>. \u0644\u0630\u0644\u0643\u060c \u0645\u0646 \u0627\u0644\u0645\u0647\u0645 \u0627\u0644\u062a\u062d\u0642\u0642 \u0645\u0646 \u0623\u0646 \u0627\u0644\u0623\u0635\u0627\u0628\u0639 \u062a\u0646\u062d\u0646\u064a \u0641\u064a \u0627\u0644\u0627\u062a\u062c\u0627\u0647 \u0627\u0644\u0635\u062d\u064a\u062d \u0639\u0646\u062f \u062b\u0646\u064a\u0647\u0627 (\u062a\u0634\u064a\u0631 \u0627\u0644\u0623\u0638\u0627\u0641\u0631 \u0641\u064a \u0646\u0641\u0633 \u0627\u0644\u0627\u062a\u062c\u0627\u0647).<\/p><\/li><\/ol><hr data-path-to-node=\"9\" \/><h3 data-path-to-node=\"10\">\u0623\u0646\u0648\u0627\u0639 \u0643\u0633\u0648\u0631 \u0627\u0644\u0631\u0633\u063a \u0648\u0639\u0644\u0627\u062c\u0647\u0627<\/h3><p data-path-to-node=\"11\">\u0633\u064a\u062d\u062f\u062f \u0627\u0644\u0637\u0628\u064a\u0628 \u0646\u0648\u0639 \u0627\u0644\u0643\u0633\u0631 \u0628\u0646\u0627\u0621\u064b \u0639\u0644\u0649 \u0635\u0648\u0631\u0629 \u0627\u0644\u0623\u0634\u0639\u0629 \u0627\u0644\u0633\u064a\u0646\u064a\u0629. \u0648\u064a\u0639\u062a\u0645\u062f \u0627\u0644\u0639\u0644\u0627\u062c \u0639\u0644\u0649 \u0646\u0648\u0639 \u0627\u0644\u0643\u0633\u0631.<\/p><table data-path-to-node=\"12\"><thead><tr><td><strong>\u0646\u0648\u0639 \u0627\u0644\u0643\u0633\u0631<\/strong><\/td><td><strong>\u0648\u0635\u0641<\/strong><\/td><td><strong>\u0627\u0644\u0639\u0644\u0627\u062c \u0627\u0644\u0646\u0645\u0648\u0630\u062c\u064a<\/strong><\/td><\/tr><\/thead><tbody><tr><td><span data-path-to-node=\"12,1,0,0\"><b data-path-to-node=\"12,1,0,0\" data-index-in-node=\"0\">\u0643\u0633\u0631 \u062a\u0648\u0631\u0648\u0633<\/b><\/span><\/td><td><span data-path-to-node=\"12,1,1,0\">&quot;\u062a\u062c\u0639\u062f&quot; \u063a\u0644\u0627\u0641 \u0627\u0644\u0639\u0638\u0645\u060c \u0625\u0635\u0627\u0628\u0629 \u0645\u0633\u062a\u0642\u0631\u0629.<\/span><\/td><td><span data-path-to-node=\"12,1,2,0\">\u0636\u0645\u0627\u062f\u0629 \u062f\u0627\u0639\u0645\u0629 \u0623\u0648 \u062c\u0628\u064a\u0631\u0629 \u0623\u0648 \u062c\u0628\u0633\u060c \u062a\u064f\u0633\u062a\u062e\u062f\u0645 \u0628\u0634\u0643\u0644 \u0623\u0633\u0627\u0633\u064a \u0644\u0625\u062f\u0627\u0631\u0629 \u0627\u0644\u0623\u0644\u0645.<\/span><\/td><\/tr><tr><td><span data-path-to-node=\"12,2,0,0\"><b data-path-to-node=\"12,2,0,0\" data-index-in-node=\"0\">\u063a\u0635\u0646 \u0623\u062e\u0636\u0631 (\u0639\u0635\u0627 \u0627\u0644\u0635\u0641\u0635\u0627\u0641)<\/b><\/span><\/td><td><span data-path-to-node=\"12,2,1,0\">\u064a\u0646\u0643\u0633\u0631 \u0627\u0644\u0639\u0638\u0645 \u0645\u0646 \u062c\u0627\u0646\u0628 \u0648\u0627\u062d\u062f \u0641\u0642\u0637 \u0648\u064a\u0646\u062d\u0646\u064a.<\/span><\/td><td><span data-path-to-node=\"12,2,2,0\">\u0625\u0639\u0627\u062f\u0629 \u0627\u0644\u062a\u0645\u0648\u0636\u0639 (\u0625\u0639\u0627\u062f\u0629 \u0627\u0644\u062a\u0645\u0648\u0636\u0639) \u0648\u0627\u0644\u062a\u062c\u0635\u064a\u0635.<\/span><\/td><\/tr><tr><td><span data-path-to-node=\"12,3,0,0\"><b data-path-to-node=\"12,3,0,0\" data-index-in-node=\"0\">\u0643\u0633\u0631 \u0645\u062a\u0642\u0627\u0637\u0639<\/b><\/span><\/td><td><span data-path-to-node=\"12,3,1,0\">\u0627\u0644\u0639\u0638\u0645 \u0645\u0643\u0633\u0648\u0631 \u062a\u0645\u0627\u0645\u0627\u064b\u060c \u0648\u063a\u0627\u0644\u0628\u0627\u064b \u0645\u0627 \u064a\u0643\u0648\u0646 \u0645\u0635\u062d\u0648\u0628\u0627\u064b \u0628\u062a\u0642\u0635\u064a\u0631.<\/span><\/td><td><span data-path-to-node=\"12,3,2,0\">\u062a\u0642\u0648\u064a\u0645 \u0648\u062a\u062c\u0635\u064a\u0635 \u0627\u0644\u062c\u062f\u0631\u0627\u0646.<\/span><\/td><\/tr><tr><td><span data-path-to-node=\"12,4,0,0\"><b data-path-to-node=\"12,4,0,0\" data-index-in-node=\"0\">\u0627\u0646\u0643\u0633\u0627\u0631 \u062e\u0637 \u0627\u0644\u0646\u0645\u0648<\/b><\/span><\/td><td><span data-path-to-node=\"12,4,1,0\">\u064a\u0645\u062a\u062f \u0627\u0644\u0643\u0633\u0631 \u0625\u0644\u0649 \u0627\u0644\u062e\u0637 \u0627\u0644\u0645\u0642\u0627\u0628\u0644 \u0644\u0646\u0645\u0648 \u0627\u0644\u0639\u0645\u0648\u062f \u0627\u0644\u0641\u0642\u0631\u064a.<\/span><\/td><td><span data-path-to-node=\"12,4,2,0\">\u0627\u0644\u062a\u0645\u0648\u0636\u0639 \u0627\u0644\u062f\u0642\u064a\u0642\u061b \u0648\u062a\u062c\u0646\u0628 \u0627\u0644\u0645\u062d\u0627\u0648\u0644\u0627\u062a \u063a\u064a\u0631 \u0627\u0644\u0636\u0631\u0648\u0631\u064a\u0629 \u0644\u062a\u0623\u0645\u064a\u0646 \u0627\u0644\u0646\u0645\u0648.<\/span><\/td><\/tr><\/tbody><\/table><hr data-path-to-node=\"13\" \/><h3 data-path-to-node=\"14\">\u0623\u0647\u0645\u064a\u0629 \u0627\u0644\u0646\u0645\u0648 \u0641\u064a \u0627\u0644\u062a\u0639\u0627\u0641\u064a<\/h3><p data-path-to-node=\"15\">\u064a\u064f\u0639\u062f \u0639\u0645\u0631 \u0627\u0644\u0637\u0641\u0644 \u0639\u0627\u0645\u0644\u0627\u064b \u062d\u0627\u0633\u0645\u0627\u064b \u0641\u064a \u0627\u0644\u0639\u0644\u0627\u062c:<\/p><ul data-path-to-node=\"16\"><li><p data-path-to-node=\"16,0,0\"><b data-path-to-node=\"16,0,0\" data-index-in-node=\"0\">\u0623\u0642\u0644 \u0645\u0646 10 \u0633\u0646\u0648\u0627\u062a:<\/b> \u0625\u0646 \u0625\u0645\u0643\u0627\u0646\u064a\u0629 \u0625\u0635\u0644\u0627\u062d \u0627\u0644\u0647\u064a\u0643\u0644 \u0627\u0644\u0639\u0638\u0645\u064a (\u0625\u0639\u0627\u062f\u0629 \u062a\u0634\u0643\u064a\u0644\u0647) \u0645\u0645\u062a\u0627\u0632\u0629. \u0641\u0639\u0644\u0649 \u0633\u0628\u064a\u0644 \u0627\u0644\u0645\u062b\u0627\u0644\u060c \u0641\u064a \u0627\u0644\u0631\u0633\u063a\u060c \u064a\u0645\u0643\u0646 \u062a\u062d\u0645\u0644 \u062e\u0637\u0623 \u0632\u0627\u0648\u064a \u0643\u0628\u064a\u0631 (\u064a\u0635\u0644 \u0625\u0644\u0649 30-35 \u062f\u0631\u062c\u0629) \u0644\u0623\u0646 \u0627\u0644\u0646\u0645\u0648 \u064a\u0639\u0645\u0644 \u0639\u0644\u0649 \u062a\u0642\u0648\u064a\u0645 \u0627\u0644\u0639\u0638\u0645 \u0628\u0645\u0631\u0648\u0631 \u0627\u0644\u0648\u0642\u062a.<\/p><\/li><li><p data-path-to-node=\"16,1,0\"><b data-path-to-node=\"16,1,0\" data-index-in-node=\"0\">\u0644\u0644\u0623\u0637\u0641\u0627\u0644 \u0641\u0648\u0642 \u0633\u0646 \u0627\u0644\u0639\u0627\u0634\u0631\u0629 \u0648\u0627\u0644\u0645\u0631\u0627\u0647\u0642\u064a\u0646:<\/b> \u0644\u0645 \u064a\u062a\u0628\u0642\u064e\u0651 \u0633\u0648\u0649 \u0646\u0645\u0648 \u0623\u0642\u0644\u060c \u0644\u0630\u0627 \u0641\u0625\u0646 \u062a\u062d\u062f\u064a\u062f \u0645\u0648\u0636\u0639 \u0627\u0644\u0643\u0633\u0631 \u0623\u0643\u062b\u0631 \u062f\u0642\u0629. \u0648\u064a\u062a\u0628\u0639 \u0627\u0644\u0639\u0644\u0627\u062c \u0645\u0628\u0627\u062f\u0626 \u0639\u0644\u0627\u062c \u0627\u0644\u0628\u0627\u0644\u063a\u064a\u0646.<\/p><\/li><\/ul><h3 data-path-to-node=\"17\">\u0645\u062a\u0649 \u062a\u0643\u0648\u0646 \u0627\u0644\u062c\u0631\u0627\u062d\u0629 \u0636\u0631\u0648\u0631\u064a\u0629\u061f<\/h3><p data-path-to-node=\"18\">\u0639\u0644\u0649 \u0627\u0644\u0631\u063a\u0645 \u0645\u0646 \u0623\u0646 \u0645\u0639\u0638\u0645 \u0627\u0644\u0625\u0635\u0627\u0628\u0627\u062a \u062a\u0644\u062a\u0626\u0645 \u0628\u0627\u0644\u062c\u0628\u0633\u060c \u0625\u0644\u0627 \u0623\u0646 \u0627\u0644\u062c\u0631\u0627\u062d\u0629 (\u0645\u062b\u0644 \u0627\u0644\u063a\u0631\u0632 \u0627\u0644\u0635\u063a\u064a\u0631\u0629 \u0623\u0648 \u0627\u0644\u0641\u062a\u062d) \u0636\u0631\u0648\u0631\u064a\u0629 \u0641\u064a \u0627\u0644\u062d\u0627\u0644\u0627\u062a \u0627\u0644\u062a\u0627\u0644\u064a\u0629:<\/p><ul data-path-to-node=\"19\"><li><p data-path-to-node=\"19,0,0\">\u064a\u0648\u062c\u062f \u0634\u0642 \u0639\u0644\u0649 \u0627\u0644\u0633\u0637\u062d \u0627\u0644\u0645\u0641\u0635\u0644\u064a.<\/p><\/li><li><p data-path-to-node=\"19,1,0\">\u064a\u064f\u0638\u0647\u0631 \u0627\u0644\u0643\u0633\u0631 \u062e\u0637\u0623\u064b \u0627\u0644\u062a\u0648\u0627\u0626\u064a\u0627\u064b \u0643\u0628\u064a\u0631\u0627\u064b.<\/p><\/li><li><p data-path-to-node=\"19,2,0\">\u0625\u0646 \u0648\u0636\u0639 \u0627\u0644\u0643\u0633\u0631 \u063a\u064a\u0631 \u0645\u0633\u062a\u0642\u0631 \u0644\u062f\u0631\u062c\u0629 \u0623\u0646\u0647 \u0644\u0627 \u064a\u0645\u0643\u0646 \u062a\u062b\u0628\u064a\u062a\u0647 \u0641\u064a \u0645\u0643\u0627\u0646\u0647 \u0628\u0627\u0633\u062a\u062e\u062f\u0627\u0645 \u0627\u0644\u062c\u0628\u064a\u0631\u0629 \u0641\u0642\u0637.<\/p><\/li><li><p data-path-to-node=\"19,3,0\">\u0647\u0630\u0647 \u0625\u0635\u0627\u0628\u0629 \u0641\u064a \u062e\u0637 \u0627\u0644\u0646\u0645\u0648 \u062a\u0647\u062f\u062f \u0627\u0644\u0646\u0645\u0648 \u0627\u0644\u0637\u0628\u064a\u0639\u064a \u0644\u0644\u0639\u0638\u0645 \u0641\u064a \u0627\u0644\u0645\u0633\u062a\u0642\u0628\u0644.<\/p><\/li><\/ul><p>\u00a0<\/p><p>\u0645\u0631\u0627\u062c\u0639\u0629 \u062c\u0631\u0627\u062d\u0629 \u0627\u0644\u064a\u062f \u0644\u0644\u0623\u0637\u0641\u0627\u0644 \u0644\u0625\u0635\u0627\u0628\u0627\u062a \u0627\u0644\u064a\u062f (\u0625\u0635\u062f\u0627\u0631 2014)<\/p><p><a href=\"https:\/\/bin.yhdistysavain.fi\/1607320\/KmxJWwsTh84H17vAox0p0Y0pGK\/sot1-14_lasten_kaden_ja_ranteen.pdf\" target=\"_blank\" rel=\"noopener\">https:\/\/bin.yhdistysavain.fi\/1607320\/KmxJWwsTh84H17vAox0p0Y0pGK\/sot1-14_lasten_kaden_ja_ranteen.pdf<\/a><\/p><p>\u00a0<\/p>\t\t\t\t\t\t\t\t<\/div>\n\t\t\t\t<\/div>\n\t\t\t\t\t<\/div>\n\t\t\t\t<\/div>\n\t\t\t\t<\/div>","protected":false},"excerpt":{"rendered":"<p>Lapsen k\u00e4den ja ranteen vammat: Opas vanhemmille K\u00e4si on lapsen yleisimmin vammautuva kehonosa. Lasten murtumien hoito eroaa aikuisten hoidosta, koska lapsen luusto kasvaa jatkuvasti. T\u00e4m\u00e4 kasvu on suuri etu, sill\u00e4 se pystyy korjaamaan monia murtuman j\u00e4lkeisi\u00e4 virheasentoja itsest\u00e4\u00e4n. Tavallisimmat vammatyypit Sormenp\u00e4iden vammat: Pienill\u00e4 lapsilla sormen j\u00e4\u00e4minen oven v\u00e4liin on tyypillinen tapaturma. Vaikka luussa olisi murtuma, [&hellip;]<\/p>\n","protected":false},"author":1,"featured_media":0,"parent":0,"menu_order":0,"comment_status":"closed","ping_status":"closed","template":"","meta":{"_angie_page":false,"site-sidebar-layout":"no-sidebar","site-content-layout":"page-builder","ast-site-content-layout":"full-width-container","site-content-style":"default","site-sidebar-style":"default","ast-global-header-display":"","ast-banner-title-visibility":"","ast-main-header-display":"","ast-hfb-above-header-display":"","ast-hfb-below-header-display":"","ast-hfb-mobile-header-display":"","site-post-title":"","ast-breadcrumbs-content":"","ast-featured-img":"disabled","footer-sml-layout":"","ast-disable-related-posts":"","theme-transparent-header-meta":"","adv-header-id-meta":"","stick-header-meta":"","header-above-stick-meta":"","header-main-stick-meta":"","header-below-stick-meta":"","astra-migrate-meta-layouts":"set","ast-page-background-enabled":"default","ast-page-background-meta":{"desktop":{"background-color":"","background-image":"","background-repeat":"repeat","background-position":"center center","background-size":"auto","background-attachment":"scroll","background-type":"","background-media":"","overlay-type":"","overlay-color":"","overlay-opacity":"","overlay-gradient":""},"tablet":{"background-color":"","background-image":"","background-repeat":"repeat","background-position":"center center","background-size":"auto","background-attachment":"scroll","background-type":"","background-media":"","overlay-type":"","overlay-color":"","overlay-opacity":"","overlay-gradient":""},"mobile":{"background-color":"","background-image":"","background-repeat":"repeat","background-position":"center center","background-size":"auto","background-attachment":"scroll","background-type":"","background-media":"","overlay-type":"","overlay-color":"","overlay-opacity":"","overlay-gradient":""}},"ast-content-background-meta":{"desktop":{"background-color":"var(--ast-global-color-5)","background-image":"","background-repeat":"repeat","background-position":"center center","background-size":"auto","background-attachment":"scroll","background-type":"","background-media":"","overlay-type":"","overlay-color":"","overlay-opacity":"","overlay-gradient":""},"tablet":{"background-color":"var(--ast-global-color-5)","background-image":"","background-repeat":"repeat","background-position":"center center","background-size":"auto","background-attachment":"scroll","background-type":"","background-media":"","overlay-type":"","overlay-color":"","overlay-opacity":"","overlay-gradient":""},"mobile":{"background-color":"var(--ast-global-color-5)","background-image":"","background-repeat":"repeat","background-position":"center center","background-size":"auto","background-attachment":"scroll","background-type":"","background-media":"","overlay-type":"","overlay-color":"","overlay-opacity":"","overlay-gradient":""}},"footnotes":""},"class_list":["post-1390","page","type-page","status-publish","hentry"],"_links":{"self":[{"href":"https:\/\/lastenkirurgia.fi\/ar\/wp-json\/wp\/v2\/pages\/1390","targetHints":{"allow":["GET"]}}],"collection":[{"href":"https:\/\/lastenkirurgia.fi\/ar\/wp-json\/wp\/v2\/pages"}],"about":[{"href":"https:\/\/lastenkirurgia.fi\/ar\/wp-json\/wp\/v2\/types\/page"}],"author":[{"embeddable":true,"href":"https:\/\/lastenkirurgia.fi\/ar\/wp-json\/wp\/v2\/users\/1"}],"replies":[{"embeddable":true,"href":"https:\/\/lastenkirurgia.fi\/ar\/wp-json\/wp\/v2\/comments?post=1390"}],"version-history":[{"count":4,"href":"https:\/\/lastenkirurgia.fi\/ar\/wp-json\/wp\/v2\/pages\/1390\/revisions"}],"predecessor-version":[{"id":1649,"href":"https:\/\/lastenkirurgia.fi\/ar\/wp-json\/wp\/v2\/pages\/1390\/revisions\/1649"}],"wp:attachment":[{"href":"https:\/\/lastenkirurgia.fi\/ar\/wp-json\/wp\/v2\/media?parent=1390"}],"curies":[{"name":"wp","href":"https:\/\/api.w.org\/{rel}","templated":true}]}}