{"id":1392,"date":"2026-04-09T13:54:35","date_gmt":"2026-04-09T13:54:35","guid":{"rendered":"https:\/\/darkcyan-pheasant-754087.hostingersite.com\/?page_id=1392"},"modified":"2026-04-09T15:35:11","modified_gmt":"2026-04-09T15:35:11","slug":"lapsen-haavan-hoito-2","status":"publish","type":"page","link":"https:\/\/lastenkirurgia.fi\/ar\/lapsen-haavan-hoito-2\/","title":{"rendered":"\u0627\u0644\u0639\u0646\u0627\u064a\u0629 \u0628\u062c\u0631\u0648\u062d \u0627\u0644\u0623\u0637\u0641\u0627\u0644"},"content":{"rendered":"<div data-elementor-type=\"wp-page\" data-elementor-id=\"1392\" class=\"elementor elementor-1392\" data-elementor-post-type=\"page\">\n\t\t\t\t<div class=\"elementor-element elementor-element-b72a837 e-flex e-con-boxed e-con e-parent\" data-id=\"b72a837\" data-element_type=\"container\" data-e-type=\"container\">\n\t\t\t\t\t<div class=\"e-con-inner\">\n\t\t\t\t<div class=\"elementor-element elementor-element-5a23ec3 elementor-widget elementor-widget-heading\" data-id=\"5a23ec3\" data-element_type=\"widget\" data-e-type=\"widget\" data-widget_type=\"heading.default\">\n\t\t\t\t<div class=\"elementor-widget-container\">\n\t\t\t\t\t<h1 class=\"elementor-heading-title elementor-size-default\">\u0627\u0644\u0639\u0646\u0627\u064a\u0629 \u0628\u062c\u0631\u0648\u062d \u0627\u0644\u0623\u0637\u0641\u0627\u0644<\/h1>\t\t\t\t<\/div>\n\t\t\t\t<\/div>\n\t\t\t\t<div class=\"elementor-element elementor-element-f0f85a6 elementor-widget elementor-widget-text-editor\" data-id=\"f0f85a6\" data-element_type=\"widget\" data-e-type=\"widget\" data-widget_type=\"text-editor.default\">\n\t\t\t\t<div class=\"elementor-widget-container\">\n\t\t\t\t\t\t\t\t\t<h2 data-path-to-node=\"2\">\u0627\u0644\u0639\u0646\u0627\u064a\u0629 \u0628\u062c\u0631\u0648\u062d \u0627\u0644\u0623\u0637\u0641\u0627\u0644 - \u0645\u062a\u0649 \u062a\u0643\u0648\u0646 \u0627\u0644\u0631\u0639\u0627\u064a\u0629 \u0627\u0644\u0645\u0646\u0632\u0644\u064a\u0629 \u0643\u0627\u0641\u064a\u0629 \u0648\u0645\u062a\u0649 \u064a\u062c\u0628 \u0632\u064a\u0627\u0631\u0629 \u0627\u0644\u0637\u0628\u064a\u0628\u061f<\/h2><p data-path-to-node=\"3\">\u064a\u062a\u0639\u0631\u0636 \u0627\u0644\u0623\u0637\u0641\u0627\u0644 \u0644\u0644\u0625\u0635\u0627\u0628\u0627\u062a\u060c \u0648\u0627\u0644\u062e\u062f\u0648\u0634 \u0648\u0627\u0644\u062c\u0631\u0648\u062d \u0627\u0644\u0637\u0641\u064a\u0641\u0629 \u062c\u0632\u0621 \u0645\u0646 \u0627\u0644\u0646\u0645\u0648. \u064a\u0645\u0643\u0646 \u0639\u0644\u0627\u062c \u0645\u0639\u0638\u0645 \u0627\u0644\u062e\u062f\u0648\u0634 \u0627\u0644\u0633\u0637\u062d\u064a\u0629 \u0628\u0627\u0644\u0648\u0635\u0641\u0627\u062a \u0627\u0644\u0645\u0646\u0632\u0644\u064a\u0629\u060c \u0648\u0644\u0643\u0646 \u0641\u064a \u0628\u0639\u0636 \u0627\u0644\u0623\u062d\u064a\u0627\u0646 \u064a\u062a\u0637\u0644\u0628 \u0627\u0644\u062c\u0631\u062d \u062a\u0642\u064a\u064a\u0645\u064b\u0627 \u0645\u0646 \u0642\u0628\u0644 \u062e\u0628\u064a\u0631 \u0648\u062a\u0646\u0638\u064a\u0641\u064b\u0627 \u0623\u0648 \u062e\u064a\u0627\u0637\u0629 \u0627\u062d\u062a\u0631\u0627\u0641\u064a\u0629.<\/p><h3 data-path-to-node=\"4\">\u062a\u0639\u0644\u064a\u0645\u0627\u062a \u0627\u0644\u0625\u0633\u0639\u0627\u0641\u0627\u062a \u0627\u0644\u0623\u0648\u0644\u064a\u0629 \u0641\u064a \u0627\u0644\u0645\u0646\u0632\u0644:<\/h3><ol start=\"1\" data-path-to-node=\"5\"><li><p data-path-to-node=\"5,0,0\"><b data-path-to-node=\"5,0,0\" data-index-in-node=\"0\">\u0646\u0638\u0641 \u0627\u0644\u062c\u0631\u062d:<\/b> \u0627\u0634\u0637\u0641 \u0627\u0644\u062c\u0631\u062d \u062c\u064a\u062f\u0627\u064b \u0628\u0627\u0644\u0645\u0627\u0621 \u0627\u0644\u0641\u0627\u062a\u0631 \u0627\u0644\u062c\u0627\u0631\u064a. \u0623\u0632\u0644 \u0628\u0639\u0646\u0627\u064a\u0629 \u0623\u064a \u0623\u0648\u0633\u0627\u062e \u0623\u0648 \u0631\u0645\u0627\u0644 \u0638\u0627\u0647\u0631\u0629.<\/p><\/li><li><p data-path-to-node=\"5,1,0\"><b data-path-to-node=\"5,1,0\" data-index-in-node=\"0\">\u0623\u0648\u0642\u0641 \u0627\u0644\u0646\u0632\u064a\u0641:<\/b> \u0627\u0636\u063a\u0637 \u0639\u0644\u0649 \u0627\u0644\u062c\u0631\u062d \u0628\u0636\u0645\u0627\u062f\u0629 \u0646\u0638\u064a\u0641\u0629 \u0623\u0648 \u0642\u0637\u0639\u0629 \u0642\u0645\u0627\u0634 \u0644\u0628\u0636\u0639 \u062f\u0642\u0627\u0626\u0642.<\/p><\/li><li><p data-path-to-node=\"5,2,0\"><b data-path-to-node=\"5,2,0\" data-index-in-node=\"0\">\u064a\u062d\u0645\u064a:<\/b> \u0628\u0645\u062c\u0631\u062f \u062a\u0648\u0642\u0641 \u0627\u0644\u0646\u0632\u064a\u0641\u060c \u0642\u0645 \u0628\u062a\u063a\u0637\u064a\u0629 \u0627\u0644\u062c\u0631\u062d \u0628\u0636\u0645\u0627\u062f\u0629 \u0646\u0638\u064a\u0641\u0629 \u0623\u0648 \u0644\u0627\u0635\u0642\u0629 \u0637\u0628\u064a\u0629.<\/p><\/li><li><p data-path-to-node=\"5,3,0\"><b data-path-to-node=\"5,3,0\" data-index-in-node=\"0\">\u062a\u0627\u0628\u0639 \u0627\u0644\u0648\u0636\u0639:<\/b> \u0625\u0630\u0627 \u0643\u0627\u0646 \u0627\u0644\u062c\u0631\u062d \u0635\u063a\u064a\u0631\u0627\u064b\u060c \u064a\u0645\u0643\u0646\u0643 \u0645\u0631\u0627\u0642\u0628\u062a\u0647 \u0641\u064a \u0627\u0644\u0645\u0646\u0632\u0644. \u0623\u0645\u0627 \u0625\u0630\u0627 \u0643\u0646\u062a \u063a\u064a\u0631 \u0645\u062a\u0623\u0643\u062f \u0645\u0646 \u0627\u0644\u062d\u0627\u0644\u0629\u060c \u0641\u0627\u0633\u062a\u0634\u0631 \u0637\u0628\u064a\u0628\u0627\u064b.<\/p><\/li><\/ol><hr data-path-to-node=\"6\" \/><h3 data-path-to-node=\"7\">\u0645\u062a\u0649 \u062a\u062a\u0637\u0644\u0628 \u062c\u0631\u0648\u062d \u0627\u0644\u0623\u0637\u0641\u0627\u0644 \u0639\u0646\u0627\u064a\u0629 \u0637\u0628\u064a\u0629\u061f<\/h3><p data-path-to-node=\"8\">\u0623\u062d\u0636\u0631 \u0637\u0641\u0644\u0643 \u0644\u0625\u062c\u0631\u0627\u0621 \u0627\u0644\u0641\u062d\u0635 \u0625\u0630\u0627:<\/p><ul data-path-to-node=\"9\"><li><p data-path-to-node=\"9,0,0\"><b data-path-to-node=\"9,0,0\" data-index-in-node=\"0\">\u0627\u0644\u062c\u0631\u062d \u0639\u0645\u064a\u0642 \u0623\u0648 \u0637\u0648\u064a\u0644 \u0623\u0648 \u0645\u0641\u062a\u0648\u062d \u0639\u0644\u0649 \u0645\u0635\u0631\u0627\u0639\u064a\u0647:<\/b> \u0642\u062f \u064a\u062a\u0637\u0644\u0628 \u0627\u0644\u062c\u0631\u062d \u063a\u0631\u0632\u0627\u064b \u0623\u0648 \u0645\u0627\u062f\u0629 \u0644\u0627\u0635\u0642\u0629 \u0644\u064a\u0634\u0641\u0649 \u0628\u0634\u0643\u0644 \u0633\u0644\u064a\u0645.<\/p><\/li><li><p data-path-to-node=\"9,1,0\"><b data-path-to-node=\"9,1,0\" data-index-in-node=\"0\">\u0627\u0644\u0646\u0632\u064a\u0641 \u0644\u0627 \u064a\u062a\u0648\u0642\u0641:<\/b> \u0625\u0630\u0627 \u0627\u0633\u062a\u0645\u0631 \u0627\u0644\u0646\u0632\u064a\u0641 \u0645\u0646 \u0627\u0644\u062c\u0631\u062d \u0628\u063a\u0632\u0627\u0631\u0629 \u0631\u063a\u0645 \u0627\u0644\u0636\u063a\u0637 \u0639\u0644\u064a\u0647 \u0644\u0623\u0643\u062b\u0631 \u0645\u0646 10-15 \u062f\u0642\u064a\u0642\u0629.<\/p><\/li><li><p data-path-to-node=\"9,2,0\"><b data-path-to-node=\"9,2,0\" data-index-in-node=\"0\">\u0644\u0627 \u064a\u0645\u0643\u0646 \u0625\u0632\u0627\u0644\u0629 \u0627\u0644\u0623\u0648\u0633\u0627\u062e:<\/b> \u0625\u0630\u0627 \u0643\u0627\u0646 \u0627\u0644\u062c\u0631\u062d \u064a\u062d\u062a\u0648\u064a \u0639\u0644\u0649 \u0631\u0645\u0644 \u0623\u0648 \u0632\u062c\u0627\u062c \u0645\u0643\u0633\u0648\u0631 \u0623\u0648 \u0623\u0648\u0633\u0627\u062e \u0623\u062e\u0631\u0649 \u0644\u0627 \u064a\u0645\u0643\u0646 \u063a\u0633\u0644\u0647\u0627 \u0641\u064a \u0627\u0644\u0645\u0646\u0632\u0644.<\/p><\/li><li><p data-path-to-node=\"9,3,0\"><b data-path-to-node=\"9,3,0\" data-index-in-node=\"0\">\u0647\u0630\u0627 \u062c\u0631\u062d \u0646\u0627\u062a\u062c \u0639\u0646 \u0639\u0636\u0629:<\/b> \u062a\u062a\u0637\u0644\u0628 \u0644\u062f\u063a\u0627\u062a \u0627\u0644\u062d\u064a\u0648\u0627\u0646\u0627\u062a \u0623\u0648 \u0627\u0644\u0628\u0634\u0631 \u0641\u064a \u0623\u063a\u0644\u0628 \u0627\u0644\u0623\u062d\u064a\u0627\u0646 \u062a\u0642\u064a\u064a\u0645\u064b\u0627 \u0637\u0628\u064a\u064b\u0627 \u0648\u0639\u0644\u0627\u062c\u064b\u0627 \u0628\u0627\u0644\u0645\u0636\u0627\u062f\u0627\u062a \u0627\u0644\u062d\u064a\u0648\u064a\u0629 \u0646\u0638\u0631\u064b\u0627 \u0644\u062e\u0637\u0631 \u0627\u0644\u0625\u0635\u0627\u0628\u0629 \u0628\u0627\u0644\u0639\u062f\u0648\u0649.<\/p><\/li><li><p data-path-to-node=\"9,4,0\"><b data-path-to-node=\"9,4,0\" data-index-in-node=\"0\">\u0627\u0644\u062c\u0631\u062d \u0645\u0648\u062c\u0648\u062f \u0639\u0644\u0649 \u0627\u0644\u0648\u062c\u0647 \u0623\u0648 \u0641\u0648\u0642 \u0627\u0644\u0645\u0641\u0627\u0635\u0644:<\/b> \u064a\u064f\u0646\u0635\u062d \u0628\u0634\u0643\u0644 \u062e\u0627\u0635 \u0628\u0645\u0639\u0627\u0644\u062c\u0629 \u0627\u0644\u062c\u0631\u0648\u062d \u0641\u064a \u0645\u0646\u0637\u0642\u0629 \u0627\u0644\u0648\u062c\u0647 \u0645\u0646 \u0642\u0628\u0644 \u0623\u062e\u0635\u0627\u0626\u064a \u0644\u0636\u0645\u0627\u0646 \u0627\u0644\u062d\u0635\u0648\u0644 \u0639\u0644\u0649 \u0623\u0635\u063a\u0631 \u0646\u062f\u0628\u0629 \u0645\u0645\u0643\u0646\u0629.<\/p><\/li><li><p data-path-to-node=\"9,5,0\"><b data-path-to-node=\"9,5,0\" data-index-in-node=\"0\">\u0627\u0644\u0623\u0639\u0631\u0627\u0636 \u0627\u0644\u0627\u0644\u062a\u0647\u0627\u0628\u064a\u0629:<\/b> \u0625\u0630\u0627 \u0628\u062f\u0623 \u0627\u0644\u062c\u0631\u062d \u064a\u0646\u0628\u0636\u060c \u0623\u0648 \u0623\u0635\u0628\u062d \u0634\u062f\u064a\u062f \u0627\u0644\u0627\u062d\u0645\u0631\u0627\u0631\u060c \u0623\u0648 \u0623\u0635\u064a\u0628 \u0627\u0644\u0637\u0641\u0644 \u0628\u0627\u0644\u062d\u0645\u0649.<\/p><\/li><\/ul>\t\t\t\t\t\t\t\t<\/div>\n\t\t\t\t<\/div>\n\t\t\t\t\t<\/div>\n\t\t\t\t<\/div>\n\t\t\t\t<\/div>","protected":false},"excerpt":{"rendered":"<p>Lapsen haavan hoito Lapsen haavan hoito \u2013 Milloin kotihoito riitt\u00e4\u00e4 ja milloin l\u00e4\u00e4k\u00e4riin? Lapset sattuvat ja tapahtuvat, ja pienet naarmut sek\u00e4 haavat kuuluvat osaksi kasvua. Useimmat pintanaarmut hoituvat kotikonstein, mutta toisinaan haava vaatii asiantuntijan arviota ja ammattimaista puhdistusta tai sulkemista. Ensiapuohjeet kotona: Puhdista haava: Huuhtele haava huolellisesti haalealla juoksevalla vedell\u00e4. Poista n\u00e4kyv\u00e4 lika ja hiekka [&hellip;]<\/p>\n","protected":false},"author":1,"featured_media":0,"parent":0,"menu_order":0,"comment_status":"closed","ping_status":"closed","template":"","meta":{"_angie_page":false,"site-sidebar-layout":"no-sidebar","site-content-layout":"page-builder","ast-site-content-layout":"full-width-container","site-content-style":"default","site-sidebar-style":"default","ast-global-header-display":"","ast-banner-title-visibility":"","ast-main-header-display":"","ast-hfb-above-header-display":"","ast-hfb-below-header-display":"","ast-hfb-mobile-header-display":"","site-post-title":"","ast-breadcrumbs-content":"","ast-featured-img":"disabled","footer-sml-layout":"","ast-disable-related-posts":"","theme-transparent-header-meta":"","adv-header-id-meta":"","stick-header-meta":"","header-above-stick-meta":"","header-main-stick-meta":"","header-below-stick-meta":"","astra-migrate-meta-layouts":"set","ast-page-background-enabled":"default","ast-page-background-meta":{"desktop":{"background-color":"","background-image":"","background-repeat":"repeat","background-position":"center center","background-size":"auto","background-attachment":"scroll","background-type":"","background-media":"","overlay-type":"","overlay-color":"","overlay-opacity":"","overlay-gradient":""},"tablet":{"background-color":"","background-image":"","background-repeat":"repeat","background-position":"center center","background-size":"auto","background-attachment":"scroll","background-type":"","background-media":"","overlay-type":"","overlay-color":"","overlay-opacity":"","overlay-gradient":""},"mobile":{"background-color":"","background-image":"","background-repeat":"repeat","background-position":"center center","background-size":"auto","background-attachment":"scroll","background-type":"","background-media":"","overlay-type":"","overlay-color":"","overlay-opacity":"","overlay-gradient":""}},"ast-content-background-meta":{"desktop":{"background-color":"var(--ast-global-color-5)","background-image":"","background-repeat":"repeat","background-position":"center center","background-size":"auto","background-attachment":"scroll","background-type":"","background-media":"","overlay-type":"","overlay-color":"","overlay-opacity":"","overlay-gradient":""},"tablet":{"background-color":"var(--ast-global-color-5)","background-image":"","background-repeat":"repeat","background-position":"center center","background-size":"auto","background-attachment":"scroll","background-type":"","background-media":"","overlay-type":"","overlay-color":"","overlay-opacity":"","overlay-gradient":""},"mobile":{"background-color":"var(--ast-global-color-5)","background-image":"","background-repeat":"repeat","background-position":"center center","background-size":"auto","background-attachment":"scroll","background-type":"","background-media":"","overlay-type":"","overlay-color":"","overlay-opacity":"","overlay-gradient":""}},"footnotes":""},"class_list":["post-1392","page","type-page","status-publish","hentry"],"_links":{"self":[{"href":"https:\/\/lastenkirurgia.fi\/ar\/wp-json\/wp\/v2\/pages\/1392","targetHints":{"allow":["GET"]}}],"collection":[{"href":"https:\/\/lastenkirurgia.fi\/ar\/wp-json\/wp\/v2\/pages"}],"about":[{"href":"https:\/\/lastenkirurgia.fi\/ar\/wp-json\/wp\/v2\/types\/page"}],"author":[{"embeddable":true,"href":"https:\/\/lastenkirurgia.fi\/ar\/wp-json\/wp\/v2\/users\/1"}],"replies":[{"embeddable":true,"href":"https:\/\/lastenkirurgia.fi\/ar\/wp-json\/wp\/v2\/comments?post=1392"}],"version-history":[{"count":4,"href":"https:\/\/lastenkirurgia.fi\/ar\/wp-json\/wp\/v2\/pages\/1392\/revisions"}],"predecessor-version":[{"id":1440,"href":"https:\/\/lastenkirurgia.fi\/ar\/wp-json\/wp\/v2\/pages\/1392\/revisions\/1440"}],"wp:attachment":[{"href":"https:\/\/lastenkirurgia.fi\/ar\/wp-json\/wp\/v2\/media?parent=1392"}],"curies":[{"name":"wp","href":"https:\/\/api.w.org\/{rel}","templated":true}]}}