{"id":1394,"date":"2026-04-09T13:54:57","date_gmt":"2026-04-09T13:54:57","guid":{"rendered":"https:\/\/darkcyan-pheasant-754087.hostingersite.com\/?page_id=1394"},"modified":"2026-04-12T15:38:13","modified_gmt":"2026-04-12T15:38:13","slug":"lapsen-polvikipu","status":"publish","type":"page","link":"https:\/\/lastenkirurgia.fi\/ar\/lapsen-polvikipu\/","title":{"rendered":"\u0623\u0644\u0645 \u0641\u064a \u0631\u0643\u0628\u0629 \u0627\u0644\u0637\u0641\u0644"},"content":{"rendered":"<div data-elementor-type=\"wp-page\" data-elementor-id=\"1394\" class=\"elementor elementor-1394\" data-elementor-post-type=\"page\">\n\t\t\t\t<div class=\"elementor-element elementor-element-c91ead2 e-flex e-con-boxed e-con e-parent\" data-id=\"c91ead2\" data-element_type=\"container\" data-e-type=\"container\">\n\t\t\t\t\t<div class=\"e-con-inner\">\n\t\t\t\t<div class=\"elementor-element elementor-element-707b9a8 elementor-widget elementor-widget-text-editor\" data-id=\"707b9a8\" data-element_type=\"widget\" data-e-type=\"widget\" data-widget_type=\"text-editor.default\">\n\t\t\t\t<div class=\"elementor-widget-container\">\n\t\t\t\t\t\t\t\t\t<h3 data-path-to-node=\"8\">Tavalliset polven rasitusvaivat<\/h3><p data-path-to-node=\"9\">Erityisesti urheilevilla ja kasvavilla nuorilla esiintyy tyypillisi\u00e4 kiputiloja:<\/p><ul data-path-to-node=\"10\"><li><p data-path-to-node=\"10,0,0\"><b data-path-to-node=\"10,0,0\" data-index-in-node=\"0\">Osgood\u2013Schlatterin tauti:<\/b> \u00a0<b data-path-to-node=\"10,0,0\" data-index-in-node=\"28\">Oireet:<\/b> Kipua ja turvotusta s\u00e4\u00e4riluun yl\u00e4osassa, juuri polvilumpion alapuolella.<\/p><ul data-path-to-node=\"10,0,1\"><li><p data-path-to-node=\"10,0,1,0,0\"><b data-path-to-node=\"10,0,1,0,0\" data-index-in-node=\"0\">Syy:<\/b> Reisilihaksen j\u00e4nteen kiinnityskohdan rasitus kasvupyr\u00e4hdyksen aikana (tyypillisesti 12\u201315-vuotiailla).<\/p><\/li><li><p data-path-to-node=\"10,0,1,1,0\"><b data-path-to-node=\"10,0,1,1,0\" data-index-in-node=\"0\">\u0627\u0644\u0639\u0646\u0627\u064a\u0629:<\/b> Urheilurasituksen kevent\u00e4minen ja kivuliaiden liikkeiden (kuten hyppyjen) v\u00e4ltt\u00e4minen. Vaiva paranevat itsest\u00e4\u00e4n viimeist\u00e4\u00e4n kasvun p\u00e4\u00e4ttyess\u00e4.<\/p><\/li><\/ul><\/li><li><p data-path-to-node=\"10,1,0\"><b data-path-to-node=\"10,1,0\" data-index-in-node=\"0\">Osteochondritis dissecans (OCD):<\/b> \u00a0<b data-path-to-node=\"10,1,0\" data-index-in-node=\"35\">Oireet:<\/b> Jomottava s\u00e4rky polvessa varsinkin koukistaessa, joskus turvotusta.<\/p><ul data-path-to-node=\"10,1,1\"><li><p data-path-to-node=\"10,1,1,0,0\"><b data-path-to-node=\"10,1,1,0,0\" data-index-in-node=\"0\">Syy:<\/b> Muutos rusto-luualueella<\/p><\/li><li><p data-path-to-node=\"10,1,1,1,0\"><b data-path-to-node=\"10,1,1,1,0\" data-index-in-node=\"0\">\u0627\u0644\u0639\u0646\u0627\u064a\u0629:<\/b> Usein pelkk\u00e4 seuranta ja lepo riitt\u00e4v\u00e4t.<\/p><\/li><\/ul><\/li><li><p data-path-to-node=\"10,2,0\"><b data-path-to-node=\"10,2,0\" data-index-in-node=\"0\">Etuosan polvikipu (Chondromalacia patellae -tyyppinen oire):<\/b> \u00a0<b data-path-to-node=\"10,2,0\" data-index-in-node=\"63\">Oireet:<\/b> Ep\u00e4m\u00e4\u00e4r\u00e4ist\u00e4 kipua polven etuosassa juostessa tai pitk\u00e4\u00e4n istuessa (esim. autossa tai elokuvissa).<\/p><ul data-path-to-node=\"10,2,1\"><li><p data-path-to-node=\"10,2,1,0,0\"><b data-path-to-node=\"10,2,1,0,0\" data-index-in-node=\"0\">\u0627\u0644\u0639\u0646\u0627\u064a\u0629:<\/b> Kipu on usein ohimenev\u00e4\u00e4 ja helpottaa ajan my\u00f6t\u00e4.<\/p><\/li><\/ul><\/li><\/ul><p>Pienill\u00e4 alle kouluik\u00e4isill\u00e4 lapsilla syyt ovat erilaisia ja ajoin on vaikea selvitt\u00e4\u00e4 miss\u00e4 kohtaa raajaa kipu sijaitsee. Syy voi olla vamma, synoviitti yms.\u00a0<\/p><hr data-path-to-node=\"11\" \/><h3 data-path-to-node=\"12\">Milloin hakeutua l\u00e4\u00e4k\u00e4riin?<\/h3><p data-path-to-node=\"13\">Useimmat tilap\u00e4iset polvikivut paranevat muutamassa p\u00e4iv\u00e4ss\u00e4 levolla. Selkeit\u00e4 selvittely\u00e4 vaativia oireita ovat:<\/p><ol start=\"1\" data-path-to-node=\"14\"><li><p data-path-to-node=\"14,0,0\"><b data-path-to-node=\"14,0,0\" data-index-in-node=\"0\">Polvi turpoaa, kuumottaa tai punoittaa<\/b>\u00a0<\/p><\/li><li><p data-path-to-node=\"14,1,0\"><b data-path-to-node=\"14,1,0\" data-index-in-node=\"0\">Kipuun liittyy kuume:<\/b> T\u00e4m\u00e4 vaatii v\u00e4lit\u00f6nt\u00e4 (p\u00e4ivystyksellist\u00e4) arviota mahdollisen bakteeritulehduksen vuoksi.<\/p><\/li><li><p data-path-to-node=\"14,2,0\"><b data-path-to-node=\"14,2,0\" data-index-in-node=\"0\">Ontuminen tai kova kipu<\/b> ilman selke\u00e4\u00e4 syyt\u00e4<\/p><\/li><li><p data-path-to-node=\"14,3,0\"><b data-path-to-node=\"14,3,0\" data-index-in-node=\"0\">Aamuj\u00e4ykkyys:<\/b> Nivel tuntuu aamuisin j\u00e4yk\u00e4lt\u00e4 ja aristavalta (voi viitata tulehdukselliseen sairauteen\/reumaan).<\/p><\/li><li><p data-path-to-node=\"14,4,0\"><b data-path-to-node=\"14,4,0\" data-index-in-node=\"0\">Lapsi ei pysty varaamaan painoa jalalle.<\/b><\/p><\/li><\/ol><p><a href=\"https:\/\/www.terveyskirjasto.fi\/dlk00471\" target=\"_blank\" rel=\"noopener\">https:\/\/www.terveyskirjasto.fi\/dlk00471<\/a><\/p>\t\t\t\t\t\t\t\t<\/div>\n\t\t\t\t<\/div>\n\t\t\t\t\t<\/div>\n\t\t\t\t<\/div>\n\t\t\t\t<\/div>","protected":false},"excerpt":{"rendered":"<p>Tavalliset polven rasitusvaivat Erityisesti urheilevilla ja kasvavilla nuorilla esiintyy tyypillisi\u00e4 kiputiloja: Osgood\u2013Schlatterin tauti: \u00a0Oireet: Kipua ja turvotusta s\u00e4\u00e4riluun yl\u00e4osassa, juuri polvilumpion alapuolella. Syy: Reisilihaksen j\u00e4nteen kiinnityskohdan rasitus kasvupyr\u00e4hdyksen aikana (tyypillisesti 12\u201315-vuotiailla). Hoito: Urheilurasituksen kevent\u00e4minen ja kivuliaiden liikkeiden (kuten hyppyjen) v\u00e4ltt\u00e4minen. Vaiva paranevat itsest\u00e4\u00e4n viimeist\u00e4\u00e4n kasvun p\u00e4\u00e4ttyess\u00e4. Osteochondritis dissecans (OCD): \u00a0Oireet: Jomottava s\u00e4rky polvessa varsinkin koukistaessa, [&hellip;]<\/p>\n","protected":false},"author":1,"featured_media":0,"parent":0,"menu_order":0,"comment_status":"closed","ping_status":"closed","template":"","meta":{"_angie_page":false,"site-sidebar-layout":"no-sidebar","site-content-layout":"page-builder","ast-site-content-layout":"full-width-container","site-content-style":"default","site-sidebar-style":"default","ast-global-header-display":"","ast-banner-title-visibility":"","ast-main-header-display":"","ast-hfb-above-header-display":"","ast-hfb-below-header-display":"","ast-hfb-mobile-header-display":"","site-post-title":"","ast-breadcrumbs-content":"","ast-featured-img":"disabled","footer-sml-layout":"","ast-disable-related-posts":"","theme-transparent-header-meta":"","adv-header-id-meta":"","stick-header-meta":"","header-above-stick-meta":"","header-main-stick-meta":"","header-below-stick-meta":"","astra-migrate-meta-layouts":"set","ast-page-background-enabled":"default","ast-page-background-meta":{"desktop":{"background-color":"","background-image":"","background-repeat":"repeat","background-position":"center center","background-size":"auto","background-attachment":"scroll","background-type":"","background-media":"","overlay-type":"","overlay-color":"","overlay-opacity":"","overlay-gradient":""},"tablet":{"background-color":"","background-image":"","background-repeat":"repeat","background-position":"center center","background-size":"auto","background-attachment":"scroll","background-type":"","background-media":"","overlay-type":"","overlay-color":"","overlay-opacity":"","overlay-gradient":""},"mobile":{"background-color":"","background-image":"","background-repeat":"repeat","background-position":"center center","background-size":"auto","background-attachment":"scroll","background-type":"","background-media":"","overlay-type":"","overlay-color":"","overlay-opacity":"","overlay-gradient":""}},"ast-content-background-meta":{"desktop":{"background-color":"var(--ast-global-color-5)","background-image":"","background-repeat":"repeat","background-position":"center center","background-size":"auto","background-attachment":"scroll","background-type":"","background-media":"","overlay-type":"","overlay-color":"","overlay-opacity":"","overlay-gradient":""},"tablet":{"background-color":"var(--ast-global-color-5)","background-image":"","background-repeat":"repeat","background-position":"center center","background-size":"auto","background-attachment":"scroll","background-type":"","background-media":"","overlay-type":"","overlay-color":"","overlay-opacity":"","overlay-gradient":""},"mobile":{"background-color":"var(--ast-global-color-5)","background-image":"","background-repeat":"repeat","background-position":"center center","background-size":"auto","background-attachment":"scroll","background-type":"","background-media":"","overlay-type":"","overlay-color":"","overlay-opacity":"","overlay-gradient":""}},"footnotes":""},"class_list":["post-1394","page","type-page","status-publish","hentry"],"_links":{"self":[{"href":"https:\/\/lastenkirurgia.fi\/ar\/wp-json\/wp\/v2\/pages\/1394","targetHints":{"allow":["GET"]}}],"collection":[{"href":"https:\/\/lastenkirurgia.fi\/ar\/wp-json\/wp\/v2\/pages"}],"about":[{"href":"https:\/\/lastenkirurgia.fi\/ar\/wp-json\/wp\/v2\/types\/page"}],"author":[{"embeddable":true,"href":"https:\/\/lastenkirurgia.fi\/ar\/wp-json\/wp\/v2\/users\/1"}],"replies":[{"embeddable":true,"href":"https:\/\/lastenkirurgia.fi\/ar\/wp-json\/wp\/v2\/comments?post=1394"}],"version-history":[{"count":4,"href":"https:\/\/lastenkirurgia.fi\/ar\/wp-json\/wp\/v2\/pages\/1394\/revisions"}],"predecessor-version":[{"id":1646,"href":"https:\/\/lastenkirurgia.fi\/ar\/wp-json\/wp\/v2\/pages\/1394\/revisions\/1646"}],"wp:attachment":[{"href":"https:\/\/lastenkirurgia.fi\/ar\/wp-json\/wp\/v2\/media?parent=1394"}],"curies":[{"name":"wp","href":"https:\/\/api.w.org\/{rel}","templated":true}]}}