{"id":1402,"date":"2026-04-09T13:56:34","date_gmt":"2026-04-09T13:56:34","guid":{"rendered":"https:\/\/darkcyan-pheasant-754087.hostingersite.com\/?page_id=1402"},"modified":"2026-04-12T15:09:13","modified_gmt":"2026-04-12T15:09:13","slug":"lapsen-kuopparinta","status":"publish","type":"page","link":"https:\/\/lastenkirurgia.fi\/ar\/lapsen-kuopparinta\/","title":{"rendered":"\u0635\u062f\u0631 \u0627\u0644\u0637\u0641\u0644 \u0630\u0648 \u0627\u0644\u063a\u0645\u0627\u0632\u0629"},"content":{"rendered":"<div data-elementor-type=\"wp-page\" data-elementor-id=\"1402\" class=\"elementor elementor-1402\" data-elementor-post-type=\"page\">\n\t\t\t\t<div class=\"elementor-element elementor-element-a863414 e-flex e-con-boxed e-con e-parent\" data-id=\"a863414\" data-element_type=\"container\" data-e-type=\"container\">\n\t\t\t\t\t<div class=\"e-con-inner\">\n\t\t\t\t<div class=\"elementor-element elementor-element-3d2f344 elementor-widget elementor-widget-text-editor\" data-id=\"3d2f344\" data-element_type=\"widget\" data-e-type=\"widget\" data-widget_type=\"text-editor.default\">\n\t\t\t\t<div class=\"elementor-widget-container\">\n\t\t\t\t\t\t\t\t\t<h2 data-path-to-node=\"2\">\u062f\u0644\u064a\u0644 \u0644\u0644\u0622\u0628\u0627\u0621: \u062d\u0641\u0631 \u0627\u0644\u0635\u062f\u0631 \u0639\u0646\u062f \u0627\u0644\u0637\u0641\u0644<\/h2><p data-path-to-node=\"3\">\u064a\u064f\u0639\u062f\u0651 \u0639\u064a\u0628 \u0627\u0644\u0639\u0636\u0644\u0629 \u0627\u0644\u0635\u062f\u0631\u064a\u0629 \u0627\u0644\u0643\u0628\u0631\u0649 \u0623\u0643\u062b\u0631 \u0627\u0644\u062a\u0634\u0648\u0647\u0627\u062a \u0627\u0644\u062e\u0644\u0642\u064a\u0629 \u0634\u064a\u0648\u0639\u064b\u0627 \u0641\u064a \u0627\u0644\u0635\u062f\u0631\u060c \u062d\u064a\u062b \u064a\u0646\u062d\u0646\u064a \u0639\u0638\u0645 \u0627\u0644\u0642\u0635 \u0625\u0644\u0649 \u0627\u0644\u062f\u0627\u062e\u0644 \u0645\u0643\u0648\u0646\u064b\u0627 \u062a\u062c\u0648\u064a\u0641\u064b\u0627 \u0639\u0644\u0649 \u0634\u0643\u0644 \u0643\u0623\u0633. \u0648\u0647\u0648 \u0623\u0643\u062b\u0631 \u0634\u064a\u0648\u0639\u064b\u0627 \u0628\u0634\u0643\u0644 \u0645\u0644\u062d\u0648\u0638 \u0644\u062f\u0649 \u0627\u0644\u0630\u0643\u0648\u0631 \u0645\u0646\u0647 \u0644\u062f\u0649 \u0627\u0644\u0625\u0646\u0627\u062b.<\/p><h3 data-path-to-node=\"4\">\u0645\u0627 \u0627\u0644\u0630\u064a \u064a\u0633\u0628\u0628 \u0638\u0647\u0648\u0631 \u063a\u0645\u0627\u0632\u0627\u062a \u0641\u064a \u0627\u0644\u0635\u062f\u0631\u061f<\/h3><p data-path-to-node=\"5\">\u064a\u064f\u0639\u062a\u0642\u062f \u0623\u0646 \u0647\u0630\u0627 \u0627\u0644\u062a\u0634\u0648\u0647 \u0646\u0627\u062a\u062c \u0639\u0646 \u0641\u0631\u0637 \u0646\u0645\u0648 \u063a\u0636\u0631\u0648\u0641 \u0627\u0644\u0636\u0644\u0639\u060c \u0645\u0645\u0627 \u064a\u062f\u0641\u0639 \u0639\u0638\u0645\u0629 \u0627\u0644\u0642\u0635 \u0625\u0644\u0649 \u0627\u0644\u062f\u0627\u062e\u0644. \u063a\u0627\u0644\u0628\u064b\u0627 \u0645\u0627 \u064a\u0638\u0647\u0631 \u0627\u0646\u062e\u0641\u0627\u0636 \u0627\u0644\u0635\u062f\u0631 \u0628\u0648\u0636\u0648\u062d \u062e\u0644\u0627\u0644 \u0637\u0641\u0631\u0629 \u0627\u0644\u0646\u0645\u0648 \u0641\u064a \u0633\u0646 \u0627\u0644\u0628\u0644\u0648\u063a. \u0639\u0644\u0649 \u0627\u0644\u0631\u063a\u0645 \u0645\u0646 \u0623\u0646 \u0647\u0630\u0647 \u0627\u0644\u062d\u0627\u0644\u0629 \u062e\u0644\u0642\u064a\u0629\u060c \u0625\u0644\u0627 \u0623\u0646\u0647\u0627 \u0641\u064a \u0623\u063a\u0644\u0628 \u0627\u0644\u0623\u062d\u064a\u0627\u0646 \u063a\u064a\u0631 \u0636\u0627\u0631\u0629 \u0648\u062a\u0642\u062a\u0635\u0631 \u0639\u0644\u0649 \u0627\u0644\u0645\u0638\u0647\u0631 \u0627\u0644\u062e\u0627\u0631\u062c\u064a \u0641\u0642\u0637.<\/p><h3 data-path-to-node=\"6\">\u0627\u0644\u0623\u0639\u0631\u0627\u0636 \u0648\u0627\u0644\u0645\u0633\u0627\u0648\u0626<\/h3><p data-path-to-node=\"7\">\u0644\u0627 \u064a\u064f\u0633\u0628\u0628 \u0627\u0644\u0635\u062f\u0631 \u0627\u0644\u0645\u064f\u0642\u0639\u0651\u0631 \u0644\u062f\u0649 \u0627\u0644\u0639\u062f\u064a\u062f \u0645\u0646 \u0627\u0644\u0623\u0637\u0641\u0627\u0644 \u0623\u064a \u0623\u0639\u0631\u0627\u0636 \u062c\u0633\u062f\u064a\u0629. \u0648\u0639\u0627\u062f\u0629\u064b \u0645\u0627 \u062a\u064f\u0642\u0633\u0651\u0645 \u0647\u0630\u0647 \u0627\u0644\u0645\u0634\u0627\u0643\u0644 \u0625\u0644\u0649 \u0645\u062c\u0645\u0648\u0639\u062a\u064a\u0646:<\/p><ul data-path-to-node=\"8\"><li><p data-path-to-node=\"8,0,0\"><b data-path-to-node=\"8,0,0\" data-index-in-node=\"0\">\u0627\u0644\u0625\u0639\u0627\u0642\u0629 \u0627\u0644\u062a\u062c\u0645\u064a\u0644\u064a\u0629 \u0648\u0627\u0644\u0639\u0642\u0644\u064a\u0629:<\/b> \u0627\u0644\u0633\u0628\u0628 \u0627\u0644\u0623\u0643\u062b\u0631 \u0634\u064a\u0648\u0639\u0627\u064b \u0644\u0637\u0644\u0628 \u0627\u0644\u0639\u0644\u0627\u062c. \u0642\u062f \u064a\u062c\u062f \u0627\u0644\u0634\u0627\u0628 \u0627\u0644\u063a\u0645\u0627\u0632\u0629 \u0645\u0632\u0639\u062c\u0629\u060c \u0639\u0644\u0649 \u0633\u0628\u064a\u0644 \u0627\u0644\u0645\u062b\u0627\u0644 \u0641\u064a \u062d\u0645\u0627\u0645 \u0627\u0644\u0633\u0628\u0627\u062d\u0629 \u0623\u0648 \u0623\u062b\u0646\u0627\u0621 \u062d\u0635\u0635 \u0627\u0644\u062a\u0645\u0627\u0631\u064a\u0646 \u0627\u0644\u0631\u064a\u0627\u0636\u064a\u0629\u060c \u0645\u0645\u0627 \u0642\u062f \u064a\u0624\u062b\u0631 \u0639\u0644\u0649 \u062b\u0642\u062a\u0647 \u0628\u0646\u0641\u0633\u0647.<\/p><\/li><li><p data-path-to-node=\"8,1,0\"><b data-path-to-node=\"8,1,0\" data-index-in-node=\"0\">\u0627\u0644\u0623\u0639\u0631\u0627\u0636 \u0627\u0644\u062c\u0633\u062f\u064a\u0629:<\/b> \u0641\u064a \u0627\u0644\u062d\u0627\u0644\u0627\u062a \u0627\u0644\u0623\u0643\u062b\u0631 \u0634\u062f\u0629 \u0645\u0646 \u0627\u0646\u0642\u0628\u0627\u0636 \u0627\u0644\u0635\u062f\u0631\u060c \u0642\u062f \u064a\u062d\u062f\u062b \u0636\u064a\u0642 \u0641\u064a \u0627\u0644\u062a\u0646\u0641\u0633\u060c \u0648\u0636\u0639\u0641 \u0641\u064a \u0627\u0644\u0642\u062f\u0631\u0629 \u0639\u0644\u0649 \u0645\u0645\u0627\u0631\u0633\u0629 \u0627\u0644\u0631\u064a\u0627\u0636\u0629\u060c \u0648\u0623\u0644\u0645 \u0641\u064a \u0627\u0644\u0635\u062f\u0631\u060c \u0623\u0648 \u062e\u0641\u0642\u0627\u0646\u060c \u062e\u0627\u0635\u0629 \u0645\u0639 \u0628\u0630\u0644 \u0645\u062c\u0647\u0648\u062f. \u0648\u0630\u0644\u0643 \u0644\u0623\u0646 \u0639\u0638\u0645\u0629 \u0627\u0644\u0642\u0635 \u0642\u062f \u062a\u0636\u063a\u0637 \u0639\u0644\u0649 \u0627\u0644\u0642\u0644\u0628 \u0623\u0648 \u062a\u062d\u062f \u0645\u0646 \u062a\u0645\u062f\u062f \u0627\u0644\u0631\u0626\u062a\u064a\u0646.<\/p><\/li><\/ul><h3 data-path-to-node=\"9\">\u0628\u062d\u062b<\/h3><p data-path-to-node=\"10\">\u0625\u0630\u0627 \u0643\u0627\u0646 \u0635\u062f\u0631 \u0637\u0641\u0644\u0643 \u0645\u0646\u062e\u0633\u0641\u0627\u064b\u060c \u0641\u0642\u062f \u064a\u062d\u064a\u0644\u0647 \u0627\u0644\u0637\u0628\u064a\u0628 \u0625\u0644\u0649 \u0645\u0633\u062a\u0634\u0641\u0649 \u0645\u062a\u062e\u0635\u0635 \u0628\u0646\u0627\u0621\u064b \u0639\u0644\u0649 \u0641\u062d\u0635 \u062e\u0627\u0631\u062c\u064a \u0628\u0633\u064a\u0637. \u0648\u0642\u062f \u064a\u064f\u062c\u0631\u064a \u0627\u0644\u0645\u0633\u062a\u0634\u0641\u0649 \u0641\u062d\u0648\u0635\u0627\u062a \u0623\u0643\u062b\u0631 \u062a\u0641\u0635\u064a\u0644\u0627\u064b.<\/p><ul data-path-to-node=\"11\"><li><p data-path-to-node=\"11,0,0\"><b data-path-to-node=\"11,0,0\" data-index-in-node=\"0\">\u0627\u0644\u062a\u0635\u0648\u064a\u0631 \u0628\u0627\u0644\u0631\u0646\u064a\u0646 \u0627\u0644\u0645\u063a\u0646\u0627\u0637\u064a\u0633\u064a (MRI):<\/b> \u064a\u062c\u0631\u064a \u062a\u062d\u062f\u064a\u062f \u0627\u0644\u0639\u0645\u0642 \u0627\u0644\u062f\u0642\u064a\u0642 \u0644\u0644\u062d\u0641\u0631\u0629 \u0648\u062a\u0623\u062b\u064a\u0631\u0647\u0627 \u0639\u0644\u0649 \u0627\u0644\u0642\u0644\u0628.<\/p><\/li><li><p data-path-to-node=\"11,1,0\"><b data-path-to-node=\"11,1,0\" data-index-in-node=\"0\">\u0642\u064a\u0627\u0633 \u0627\u0644\u062a\u0646\u0641\u0633:<\/b> \u064a\u062a\u0645 \u0642\u064a\u0627\u0633 \u062d\u062c\u0645 \u0627\u0644\u0631\u0626\u0629 \u0648\u0648\u0638\u064a\u0641\u062a\u0647\u0627.<\/p><\/li><li><p data-path-to-node=\"11,2,0\"><b data-path-to-node=\"11,2,0\" data-index-in-node=\"0\">\u062a\u062e\u0637\u064a\u0637 \u0643\u0647\u0631\u0628\u064a\u0629 \u0627\u0644\u0642\u0644\u0628:<\/b> \u064a\u062a\u0645 \u0641\u062d\u0635 \u0627\u0644\u0646\u0634\u0627\u0637 \u0627\u0644\u0643\u0647\u0631\u0628\u0627\u0626\u064a \u0644\u0644\u0642\u0644\u0628.<\/p><\/li><\/ul><h3 data-path-to-node=\"12\">\u062e\u064a\u0627\u0631\u0627\u062a \u0627\u0644\u0639\u0644\u0627\u062c<\/h3><p data-path-to-node=\"13\">\u0644\u0627 \u064a\u062a\u0637\u0644\u0628 \u0638\u0647\u0648\u0631 \u0627\u0646\u062e\u0641\u0627\u0636 \u0637\u0641\u064a\u0641 \u0648\u063a\u064a\u0631 \u0645\u0635\u062d\u0648\u0628 \u0628\u0623\u0639\u0631\u0627\u0636 \u0641\u064a \u0627\u0644\u0635\u062f\u0631 \u0623\u064a \u0639\u0644\u0627\u062c. \u0644\u0646 \u064a\u0632\u064a\u0644 \u0627\u0644\u0639\u0644\u0627\u062c \u0627\u0644\u0637\u0628\u064a\u0639\u064a \u0623\u0648 \u0627\u0644\u062a\u0645\u0627\u0631\u064a\u0646 \u0627\u0644\u0631\u064a\u0627\u0636\u064a\u0629 \u0647\u0630\u0627 \u0627\u0644\u0627\u0646\u062e\u0641\u0627\u0636\u060c \u0648\u0644\u0643\u0646 \u064a\u0645\u0643\u0646 \u0644\u0642\u0648\u0629 \u0627\u0644\u0639\u0636\u0644\u0627\u062a \u0627\u0644\u062c\u064a\u062f\u0629 \u0648\u0627\u0644\u0648\u0636\u0639\u064a\u0629 \u0627\u0644\u0633\u0644\u064a\u0645\u0629 \u062a\u062d\u0633\u064a\u0646 \u0645\u0638\u0647\u0631 \u0627\u0644\u0635\u062f\u0631.<\/p><p data-path-to-node=\"14\"><b data-path-to-node=\"14\" data-index-in-node=\"0\">\u0627\u0644\u0639\u0644\u0627\u062c \u0627\u0644\u062c\u0631\u0627\u062d\u064a (\u062c\u0631\u0627\u062d\u0629 \u0646\u0648\u0633):<\/b> \u0625\u0630\u0627 \u0643\u0627\u0646\u062a \u0627\u0644\u062d\u0641\u0631\u0629 \u0639\u0645\u064a\u0642\u0629 \u0623\u0648 \u062a\u0633\u0628\u0628 \u0627\u0646\u0632\u0639\u0627\u062c\u064b\u0627 \u0643\u0628\u064a\u0631\u064b\u0627\u060c \u0641\u064a\u0645\u0643\u0646 \u0625\u0635\u0644\u0627\u062d\u0647\u0627 \u0628\u0627\u0644\u062c\u0631\u0627\u062d\u0629.<\/p><ul data-path-to-node=\"15\"><li><p data-path-to-node=\"15,0,0\"><b data-path-to-node=\"15,0,0\" data-index-in-node=\"0\">\u0643\u064a\u0641 \u064a\u062a\u0645 \u0630\u0644\u0643\u061f<\/b> \u0627\u0644\u0637\u0631\u064a\u0642\u0629 \u0627\u0644\u0623\u0643\u062b\u0631 \u0634\u064a\u0648\u0639\u0627\u064b \u0647\u064a \u0627\u0644\u062c\u0631\u0627\u062d\u0629 \u0627\u0644\u062a\u0646\u0638\u064a\u0631\u064a\u0629\u060c \u062d\u064a\u062b \u064a\u062a\u0645 \u0625\u062f\u062e\u0627\u0644 \u063a\u0631\u0633\u0629 \u0623\u0648 \u0627\u062b\u0646\u062a\u064a\u0646 \u0645\u0646 \u0627\u0644\u0641\u0648\u0644\u0627\u0630 \u0627\u0644\u0645\u0634\u0643\u0644 \u062a\u062d\u062a \u0639\u0638\u0645 \u0627\u0644\u0642\u0635. \u062a\u0639\u0645\u0644 \u0647\u0630\u0647 \u0627\u0644\u063a\u0631\u0633\u0627\u062a \u0639\u0644\u0649 \u0631\u0641\u0639 \u0639\u0638\u0645 \u0627\u0644\u0642\u0635.<\/p><\/li><li><p data-path-to-node=\"15,1,0\"><b data-path-to-node=\"15,1,0\" data-index-in-node=\"0\">\u0641\u064a \u0623\u064a \u0639\u0645\u0631\u061f<\/b> \u0627\u0644\u0639\u0645\u0631 \u0627\u0644\u0623\u0646\u0633\u0628 \u0639\u0627\u062f\u0629 \u0645\u0627 \u064a\u0643\u0648\u0646 12-16 \u0633\u0646\u0629\u060c \u0639\u0646\u062f\u0645\u0627 \u064a\u0643\u0648\u0646 \u0627\u0644\u0635\u062f\u0631 \u0644\u0627 \u064a\u0632\u0627\u0644 \u0645\u0631\u0646\u064b\u0627 \u0648\u0644\u0643\u0646\u0647 \u0642\u0648\u064a \u0628\u0645\u0627 \u0641\u064a\u0647 \u0627\u0644\u0643\u0641\u0627\u064a\u0629.<\/p><\/li><li><p data-path-to-node=\"15,2,0\"><b data-path-to-node=\"15,2,0\" data-index-in-node=\"0\">\u0627\u0633\u062a\u0639\u0627\u062f\u0629:<\/b> \u063a\u0627\u0644\u0628\u0627\u064b \u0645\u0627 \u062a\u0633\u062a\u063a\u0631\u0642 \u0641\u062a\u0631\u0629 \u0627\u0644\u0625\u0642\u0627\u0645\u0629 \u0641\u064a \u0627\u0644\u0645\u0633\u062a\u0634\u0641\u0649 \u0628\u0636\u0639\u0629 \u0623\u064a\u0627\u0645 \u0641\u0642\u0637 \u0628\u0641\u0636\u0644 \u0623\u0633\u0627\u0644\u064a\u0628 \u0625\u062f\u0627\u0631\u0629 \u0627\u0644\u0623\u0644\u0645 \u0627\u0644\u062d\u062f\u064a\u062b\u0629 (\u0645\u062b\u0644 \u0627\u0644\u0639\u0644\u0627\u062c \u0628\u0627\u0644\u062a\u0628\u0631\u064a\u062f \u0644\u0644\u0623\u0639\u0635\u0627\u0628). \u064a\u0646\u0628\u063a\u064a \u062a\u062c\u0646\u0628 \u0627\u0644\u062a\u0645\u0627\u0631\u064a\u0646 \u0627\u0644\u0634\u0627\u0642\u0629 \u0648\u0627\u0644\u0631\u064a\u0627\u0636\u0627\u062a \u0627\u0644\u062a\u064a \u062a\u062a\u0637\u0644\u0628 \u0627\u062d\u062a\u0643\u0627\u0643\u0627\u064b \u062c\u0633\u062f\u064a\u0627\u064b \u0644\u0645\u062f\u0629 \u062b\u0644\u0627\u062b\u0629 \u0623\u0634\u0647\u0631 \u062a\u0642\u0631\u064a\u0628\u0627\u064b \u0628\u0639\u062f \u0627\u0644\u062c\u0631\u0627\u062d\u0629.<\/p><\/li><li><p data-path-to-node=\"15,3,0\"><b data-path-to-node=\"15,3,0\" data-index-in-node=\"0\">\u0625\u0632\u0627\u0644\u0629 \u0627\u0644\u0632\u0631\u0639\u0627\u062a:<\/b> \u062a\u062a\u0645 \u0625\u0632\u0627\u0644\u0629 \u0627\u0644\u062f\u0639\u0627\u0645\u0627\u062a \u0627\u0644\u0641\u0648\u0644\u0627\u0630\u064a\u0629 \u0641\u064a \u0625\u062c\u0631\u0627\u0621 \u0628\u0633\u064a\u0637 \u0628\u0639\u062f \u062d\u0648\u0627\u0644\u064a \u0623\u0631\u0628\u0639 \u0633\u0646\u0648\u0627\u062a\u060c \u0639\u0646\u062f\u0645\u0627 \u064a\u0639\u0648\u062f \u0627\u0644\u0635\u062f\u0631 \u0625\u0644\u0649 \u0634\u0643\u0644\u0647 \u0627\u0644\u062c\u062f\u064a\u062f \u0628\u0634\u0643\u0644 \u062f\u0627\u0626\u0645.<\/p><\/li><\/ul><h3 data-path-to-node=\"16\">\u0645\u062a\u0649 \u064a\u062c\u0628 \u0632\u064a\u0627\u0631\u0629 \u0627\u0644\u0637\u0628\u064a\u0628\u061f<\/h3><p data-path-to-node=\"17\">\u064a\u064f\u0646\u0635\u062d \u0628\u0645\u0646\u0627\u0642\u0634\u0629 \u0627\u0644\u0623\u0645\u0631 \u0645\u0639 \u0627\u0644\u0637\u0628\u064a\u0628 \u0641\u064a \u0627\u0644\u062d\u0627\u0644\u0627\u062a \u0627\u0644\u062a\u0627\u0644\u064a\u0629:<\/p><ol start=\"1\" data-path-to-node=\"18\"><li><p data-path-to-node=\"18,0,0\">\u0627\u0644\u062d\u0641\u0631\u0629 \u0639\u0645\u064a\u0642\u0629 \u0623\u0648 \u062a\u062a\u0639\u0645\u0642 \u0628\u0633\u0631\u0639\u0629 \u0645\u0639 \u0627\u0644\u0646\u0645\u0648.<\/p><\/li><li><p data-path-to-node=\"18,1,0\">\u064a\u064f\u0635\u0627\u0628 \u0627\u0644\u0637\u0641\u0644 \u0628\u0636\u064a\u0642 \u062a\u0646\u0641\u0633 \u063a\u064a\u0631 \u0645\u0639\u062a\u0627\u062f \u0623\u0648 \u064a\u0634\u0643\u0648 \u0645\u0646 \u0623\u0644\u0645 \u0641\u064a \u0627\u0644\u0635\u062f\u0631 \u0639\u0646\u062f \u0628\u0630\u0644 \u0645\u062c\u0647\u0648\u062f.<\/p><\/li><li><p data-path-to-node=\"18,2,0\">\u064a\u064f\u0633\u0628\u0628 \u0627\u0644\u0635\u062f\u0631 \u0630\u0648 \u0627\u0644\u063a\u0645\u0627\u0632\u0629 \u0636\u0631\u0631\u0627\u064b \u0646\u0641\u0633\u064a\u0627\u064b \u0648\u0627\u0636\u062d\u0627\u064b \u0644\u0644\u0637\u0641\u0644 \u0623\u0648 \u0627\u0644\u0634\u0627\u0628 \u0623\u0648 \u0631\u063a\u0628\u0629 \u0641\u064a \u0639\u0632\u0644 \u0646\u0641\u0633\u0647 \u0639\u0646 \u0627\u0644\u0645\u0648\u0627\u0642\u0641 \u0627\u0644\u0627\u062c\u062a\u0645\u0627\u0639\u064a\u0629.<\/p><\/li><\/ol><p>\u0645\u0642\u0627\u0644\u0629 Duodecim<\/p><p><a href=\"https:\/\/www.duodecimlehti.fi\/duo17674\" target=\"_blank\" rel=\"noopener\">https:\/\/www.duodecimlehti.fi\/duo17674<\/a><\/p><p>\u00a0<\/p>\t\t\t\t\t\t\t\t<\/div>\n\t\t\t\t<\/div>\n\t\t\t\t\t<\/div>\n\t\t\t\t<\/div>\n\t\t\t\t<\/div>","protected":false},"excerpt":{"rendered":"<p>Opas vanhemmille: Lapsen kuopparinta (Pectus excavatum) Kuopparinta on rintakeh\u00e4n yleisin synnynn\u00e4inen rakennepoikkeama, jossa rintalasta on painunut sis\u00e4\u00e4np\u00e4in muodostaen kuppimaisen kuopan. Se on huomattavasti yleisempi pojilla kuin tyt\u00f6ill\u00e4. Mist\u00e4 kuopparinta johtuu? Poikkeaman uskotaan johtuvan kylkirustojen liikakasvusta, joka painaa rintalastaa sis\u00e4\u00e4np\u00e4in. Usein kuopparinta tulee selv\u00e4sti esiin vasta murrosi\u00e4n kasvupyr\u00e4hdyksen yhteydess\u00e4. Vaikka tila on synnynn\u00e4inen, se on useimmiten [&hellip;]<\/p>\n","protected":false},"author":1,"featured_media":0,"parent":0,"menu_order":0,"comment_status":"closed","ping_status":"closed","template":"","meta":{"_angie_page":false,"site-sidebar-layout":"no-sidebar","site-content-layout":"page-builder","ast-site-content-layout":"full-width-container","site-content-style":"default","site-sidebar-style":"default","ast-global-header-display":"","ast-banner-title-visibility":"","ast-main-header-display":"","ast-hfb-above-header-display":"","ast-hfb-below-header-display":"","ast-hfb-mobile-header-display":"","site-post-title":"","ast-breadcrumbs-content":"","ast-featured-img":"disabled","footer-sml-layout":"","ast-disable-related-posts":"","theme-transparent-header-meta":"","adv-header-id-meta":"","stick-header-meta":"","header-above-stick-meta":"","header-main-stick-meta":"","header-below-stick-meta":"","astra-migrate-meta-layouts":"set","ast-page-background-enabled":"default","ast-page-background-meta":{"desktop":{"background-color":"","background-image":"","background-repeat":"repeat","background-position":"center center","background-size":"auto","background-attachment":"scroll","background-type":"","background-media":"","overlay-type":"","overlay-color":"","overlay-opacity":"","overlay-gradient":""},"tablet":{"background-color":"","background-image":"","background-repeat":"repeat","background-position":"center center","background-size":"auto","background-attachment":"scroll","background-type":"","background-media":"","overlay-type":"","overlay-color":"","overlay-opacity":"","overlay-gradient":""},"mobile":{"background-color":"","background-image":"","background-repeat":"repeat","background-position":"center center","background-size":"auto","background-attachment":"scroll","background-type":"","background-media":"","overlay-type":"","overlay-color":"","overlay-opacity":"","overlay-gradient":""}},"ast-content-background-meta":{"desktop":{"background-color":"var(--ast-global-color-5)","background-image":"","background-repeat":"repeat","background-position":"center center","background-size":"auto","background-attachment":"scroll","background-type":"","background-media":"","overlay-type":"","overlay-color":"","overlay-opacity":"","overlay-gradient":""},"tablet":{"background-color":"var(--ast-global-color-5)","background-image":"","background-repeat":"repeat","background-position":"center center","background-size":"auto","background-attachment":"scroll","background-type":"","background-media":"","overlay-type":"","overlay-color":"","overlay-opacity":"","overlay-gradient":""},"mobile":{"background-color":"var(--ast-global-color-5)","background-image":"","background-repeat":"repeat","background-position":"center center","background-size":"auto","background-attachment":"scroll","background-type":"","background-media":"","overlay-type":"","overlay-color":"","overlay-opacity":"","overlay-gradient":""}},"footnotes":""},"class_list":["post-1402","page","type-page","status-publish","hentry"],"_links":{"self":[{"href":"https:\/\/lastenkirurgia.fi\/ar\/wp-json\/wp\/v2\/pages\/1402","targetHints":{"allow":["GET"]}}],"collection":[{"href":"https:\/\/lastenkirurgia.fi\/ar\/wp-json\/wp\/v2\/pages"}],"about":[{"href":"https:\/\/lastenkirurgia.fi\/ar\/wp-json\/wp\/v2\/types\/page"}],"author":[{"embeddable":true,"href":"https:\/\/lastenkirurgia.fi\/ar\/wp-json\/wp\/v2\/users\/1"}],"replies":[{"embeddable":true,"href":"https:\/\/lastenkirurgia.fi\/ar\/wp-json\/wp\/v2\/comments?post=1402"}],"version-history":[{"count":4,"href":"https:\/\/lastenkirurgia.fi\/ar\/wp-json\/wp\/v2\/pages\/1402\/revisions"}],"predecessor-version":[{"id":1631,"href":"https:\/\/lastenkirurgia.fi\/ar\/wp-json\/wp\/v2\/pages\/1402\/revisions\/1631"}],"wp:attachment":[{"href":"https:\/\/lastenkirurgia.fi\/ar\/wp-json\/wp\/v2\/media?parent=1402"}],"curies":[{"name":"wp","href":"https:\/\/api.w.org\/{rel}","templated":true}]}}