{"id":1406,"date":"2026-04-09T13:57:14","date_gmt":"2026-04-09T13:57:14","guid":{"rendered":"https:\/\/darkcyan-pheasant-754087.hostingersite.com\/?page_id=1406"},"modified":"2026-04-12T07:29:05","modified_gmt":"2026-04-12T07:29:05","slug":"lapsen-raajojen-rakennepoikkeamat","status":"publish","type":"page","link":"https:\/\/lastenkirurgia.fi\/ar\/lapsen-raajojen-rakennepoikkeamat\/","title":{"rendered":"\u062a\u0634\u0648\u0647\u0627\u062a \u0647\u064a\u0643\u0644\u064a\u0629 \u0641\u064a \u0623\u0637\u0631\u0627\u0641 \u0627\u0644\u0637\u0641\u0644"},"content":{"rendered":"<div data-elementor-type=\"wp-page\" data-elementor-id=\"1406\" class=\"elementor elementor-1406\" data-elementor-post-type=\"page\">\n\t\t\t\t<div class=\"elementor-element elementor-element-0a34132 e-flex e-con-boxed e-con e-parent\" data-id=\"0a34132\" data-element_type=\"container\" data-e-type=\"container\">\n\t\t\t\t\t<div class=\"e-con-inner\">\n\t\t\t\t<div class=\"elementor-element elementor-element-e85a413 elementor-widget elementor-widget-text-editor\" data-id=\"e85a413\" data-element_type=\"widget\" data-e-type=\"widget\" data-widget_type=\"text-editor.default\">\n\t\t\t\t<div class=\"elementor-widget-container\">\n\t\t\t\t\t\t\t\t\t<h2 data-path-to-node=\"2\">\u0627\u0644\u062a\u0634\u0648\u0647\u0627\u062a \u0627\u0644\u0647\u064a\u0643\u0644\u064a\u0629 \u0641\u064a \u0648\u0636\u0639\u064a\u0629 \u0623\u0637\u0631\u0627\u0641 \u0648\u0642\u062f\u0645 \u0627\u0644\u0637\u0641\u0644: \u0645\u0627 \u0647\u0648 \u0627\u0644\u0648\u0636\u0639 \u0627\u0644\u0637\u0628\u064a\u0639\u064a\u061f<\/h2>\n<p data-path-to-node=\"3\">\u062a\u0648\u062c\u062f \u0645\u0631\u0627\u062d\u0644 \u0639\u062f\u064a\u062f\u0629 \u0641\u064a \u0646\u0645\u0648 \u0627\u0644\u0623\u0637\u0641\u0627\u0644 \u0642\u062f \u062a\u0628\u062f\u0648 \u0641\u064a\u0647\u0627 \u0648\u0636\u0639\u064a\u0629 \u0627\u0644\u0642\u062f\u0645\u064a\u0646 \u063a\u064a\u0631 \u0637\u0628\u064a\u0639\u064a\u0629\u060c \u0648\u0644\u0643\u0646\u0647\u0627 \u063a\u0627\u0644\u0628\u064b\u0627 \u0645\u0627 \u062a\u0643\u0648\u0646 \u062c\u0632\u0621\u064b\u0627 \u0645\u0646 \u0627\u0644\u0646\u0645\u0648 \u0627\u0644\u0637\u0628\u064a\u0639\u064a. \u0641\u064a\u0645\u0627 \u064a\u0644\u064a \u0648\u0635\u0641 \u0645\u0628\u0633\u0637 \u0644\u0623\u0643\u062b\u0631 \u0627\u0644\u062d\u0627\u0644\u0627\u062a \u0634\u064a\u0648\u0639\u064b\u0627. \u0645\u0646 \u0627\u0644\u0623\u0641\u0636\u0644 \u062f\u0627\u0626\u0645\u064b\u0627 \u0627\u0633\u062a\u0634\u0627\u0631\u0629 \u0627\u0644\u0637\u0628\u064a\u0628 \u0644\u0625\u062c\u0631\u0627\u0621 \u0627\u0644\u062a\u0642\u064a\u064a\u0645 \u0627\u0644\u0646\u0647\u0627\u0626\u064a \u0644\u062a\u062d\u062f\u064a\u062f \u0645\u0627 \u0625\u0630\u0627 \u0643\u0627\u0646\u062a \u062d\u0627\u0644\u0629 \u0627\u0644\u0637\u0641\u0644 \u0637\u0628\u064a\u0639\u064a\u0629 \u0623\u0645 \u063a\u064a\u0631 \u0637\u0628\u064a\u0639\u064a\u0629.<\/p>\n<h3 data-path-to-node=\"4\">\u0648\u0636\u0639\u064a\u0627\u062a \u0627\u0644\u0642\u062f\u0645 \u0648\u0627\u0644\u0645\u0634\u064a<\/h3>\n<ul data-path-to-node=\"5\">\n<li>\n<p data-path-to-node=\"5,0,0\"><b data-path-to-node=\"5,0,0\" data-index-in-node=\"0\">\u0627\u0644\u0642\u062f\u0645 \u0627\u0644\u0645\u0633\u0637\u062d\u0629 \u0648\u0627\u0644\u0642\u062f\u0645 \u0627\u0644\u0645\u0646\u062d\u0631\u0641\u0629 \u0644\u0644\u062f\u0627\u062e\u0644:<\/b> \u0639\u0627\u062f\u0629\u064b \u0645\u0627 \u062a\u0643\u0648\u0646 \u0647\u0630\u0647 \u0627\u0644\u062d\u0627\u0644\u0627\u062a \u063a\u064a\u0631 \u0636\u0627\u0631\u0629 \u0644\u062f\u0649 \u0627\u0644\u0623\u0637\u0641\u0627\u0644\u060c \u0648\u062a\u0634\u0641\u0649 \u0645\u0646 \u062a\u0644\u0642\u0627\u0621 \u0646\u0641\u0633\u0647\u0627 \u0641\u064a \u0623\u063a\u0644\u0628 \u0627\u0644\u0623\u062d\u064a\u0627\u0646. \u0625\u0630\u0627 \u0643\u0627\u0646\u062a \u0627\u0644\u0642\u062f\u0645 \u0645\u0631\u0646\u0629 \u0648\u063a\u064a\u0631 \u0645\u0624\u0644\u0645\u0629\u060c \u0641\u0644\u0627 \u062f\u0627\u0639\u064a \u0644\u0644\u0639\u0644\u0627\u062c \u0641\u064a \u0627\u0644\u063a\u0627\u0644\u0628. \u0645\u0639 \u0630\u0644\u0643\u060c \u0642\u062f \u064a\u062d\u062a\u0627\u062c \u0639\u062f\u062f \u0642\u0644\u064a\u0644 \u0645\u0646 \u0627\u0644\u0623\u0637\u0641\u0627\u0644 \u0625\u0644\u0649 \u0627\u0644\u0639\u0644\u0627\u062c.<\/p>\n<\/li>\n<li>\n<p data-path-to-node=\"5,1,0\"><b data-path-to-node=\"5,1,0\" data-index-in-node=\"0\">\u0627\u0644\u0645\u0634\u064a \u0645\u0639 \u062a\u0648\u062c\u064a\u0647 \u0623\u0635\u0627\u0628\u0639 \u0627\u0644\u0642\u062f\u0645\u064a\u0646 \u0644\u0644\u062f\u0627\u062e\u0644 \u0623\u0648 \u0644\u0644\u062e\u0627\u0631\u062c:<\/b> \u0647\u0630\u0627 \u0623\u0645\u0631 \u0634\u0627\u0626\u0639 \u062c\u062f\u0627\u064b\u060c \u0648\u063a\u0627\u0644\u0628\u0627\u064b \u0645\u0627 \u064a\u0643\u0648\u0646 \u0646\u0627\u062a\u062c\u0627\u064b \u0639\u0646 \u0627\u0644\u062a\u063a\u064a\u0631 \u0627\u0644\u0637\u0628\u064a\u0639\u064a \u0641\u064a \u0648\u0636\u0639\u064a\u0629 \u0627\u0644\u0648\u0631\u0643 \u0645\u0639 \u0646\u0645\u0648 \u0627\u0644\u0637\u0641\u0644. \u0648\u0644\u0627 \u064a\u062a\u0637\u0644\u0628 \u0623\u064a \u0639\u0644\u0627\u062c \u062e\u0627\u0635.<\/p>\n<\/li>\n<li>\n<p data-path-to-node=\"5,2,0\"><b data-path-to-node=\"5,2,0\" data-index-in-node=\"0\">\u0623\u0635\u0627\u0628\u0639 \u0627\u0644\u0642\u062f\u0645\u064a\u0646 \u0645\u062a\u062f\u0627\u062e\u0644\u0629:<\/b> \u063a\u0627\u0644\u0628\u0627\u064b \u0645\u0627 \u064a\u0643\u0648\u0646 \u0627\u0644\u0633\u0628\u0628 \u0647\u0648 \u0634\u062f \u0627\u0644\u0623\u0648\u062a\u0627\u0631. \u0648\u0639\u0627\u062f\u0629\u064b \u0645\u0627 \u062a\u0643\u0648\u0646 \u0647\u0630\u0647 \u0645\u0634\u0643\u0644\u0629 \u062a\u062c\u0645\u064a\u0644\u064a\u0629 \u0641\u0642\u0637 \u0648\u0644\u0627 \u062a\u0624\u062b\u0631 \u0639\u0644\u0649 \u062d\u0631\u0643\u0629 \u0627\u0644\u0637\u0641\u0644.<\/p>\n<\/li>\n<\/ul>\n<h3 data-path-to-node=\"6\">\u0648\u0636\u0639\u064a\u0627\u062a \u0627\u0644\u0631\u0643\u0628\u0629 (\u062b\u0646\u064a \u0627\u0644\u0648\u0631\u0643 \u0648\u0627\u0644\u0631\u0643\u0628\u0629)<\/h3>\n<ul data-path-to-node=\"7\">\n<li>\n<p data-path-to-node=\"7,0,0\"><b data-path-to-node=\"7,0,0\" data-index-in-node=\"0\">\u0627\u0644\u0647\u0648\u064a\u0629 \u0627\u0644\u063a\u0631\u0628\u064a\u0629:<\/b> \u0634\u0627\u0626\u0639 \u0639\u0646\u062f \u0627\u0644\u0631\u0636\u0639 \u0648\u0627\u0644\u0623\u0637\u0641\u0627\u0644 \u0627\u0644\u0635\u063a\u0627\u0631.<\/p>\n<\/li>\n<li>\n<p data-path-to-node=\"7,1,0\"><b data-path-to-node=\"7,1,0\" data-index-in-node=\"0\">\u0631\u0643\u0628\u0629 \u0627\u0644\u0643\u0645\u0627\u0634\u0629:<\/b> \u064a\u0634\u064a\u0639 \u062d\u062f\u0648\u062b \u0630\u0644\u0643 \u0641\u064a \u0639\u0645\u0631 \u062b\u0644\u0627\u062b \u0633\u0646\u0648\u0627\u062a \u062a\u0642\u0631\u064a\u0628\u0627\u064b.<\/p>\n<\/li>\n<li>\n<p data-path-to-node=\"7,2,0\"><b data-path-to-node=\"7,2,0\" data-index-in-node=\"0\">\u0645\u062a\u0649 \u064a\u062c\u0628 \u0632\u064a\u0627\u0631\u0629 \u0627\u0644\u0637\u0628\u064a\u0628\u061f<\/b> \u0625\u0630\u0627 \u0643\u0627\u0646 \u0648\u0636\u0639 \u0627\u0644\u0631\u0643\u0628\u0629 \u0623\u062d\u0627\u062f\u064a \u0627\u0644\u062c\u0627\u0646\u0628 \u0628\u0634\u0643\u0644 \u0648\u0627\u0636\u062d (\u0623\u064a \u0623\u0646 \u0633\u0627\u0642\u064b\u0627 \u0648\u0627\u062d\u062f\u0629 \u0641\u0642\u0637 \u0647\u064a \u0627\u0644\u0645\u062a\u0623\u062b\u0631\u0629)\u060c \u0641\u0625\u0646 \u0627\u0644\u0645\u0634\u0643\u0644\u0629 \u062a\u062a\u0641\u0627\u0642\u0645 \u0645\u0639 \u0627\u0644\u062a\u0642\u062f\u0645 \u0641\u064a \u0627\u0644\u0633\u0646 \u0623\u0648 \u062a\u0643\u0648\u0646 \u0634\u062f\u064a\u062f\u0629 \u0644\u0644\u063a\u0627\u064a\u0629.<\/p>\n<\/li>\n<\/ul>\n<h3 data-path-to-node=\"8\">\u0627\u0644\u062a\u0634\u0648\u0647\u0627\u062a \u0627\u0644\u062e\u0644\u0642\u064a\u0629<\/h3>\n<ul data-path-to-node=\"9\">\n<li>\n<p data-path-to-node=\"9,0,0\"><b data-path-to-node=\"9,0,0\" data-index-in-node=\"0\">\u062d\u0646\u0641 \u0627\u0644\u0642\u062f\u0645:<\/b> \u064a\u062a\u0645 \u062a\u0634\u062e\u064a\u0635\u0647\u0627 \u0639\u0627\u062f\u0629\u064b \u0639\u0646\u062f \u0627\u0644\u0648\u0644\u0627\u062f\u0629. \u0648\u064a\u062a\u0645 \u0639\u0644\u0627\u062c\u0647\u0627 \u0641\u064a \u0631\u0639\u0627\u064a\u0629 \u0637\u0628\u064a\u0629 \u0645\u062a\u062e\u0635\u0635\u0629\u060c \u063a\u0627\u0644\u0628\u0627\u064b \u0628\u0627\u0633\u062a\u062e\u062f\u0627\u0645 \u0633\u0644\u0633\u0644\u0629 \u0645\u0646 \u0627\u0644\u062c\u0628\u0627\u0626\u0631 \u0648\u0627\u0644\u0623\u062d\u0630\u064a\u0629 \u0627\u0644\u062e\u0627\u0635\u0629.<\/p>\n<\/li>\n<li>\n<p data-path-to-node=\"9,1,0\"><b data-path-to-node=\"9,1,0\" data-index-in-node=\"0\">\u0627\u0644\u0642\u062f\u0645 \u0627\u0644\u0645\u062e\u0644\u0628\u064a\u0629 \u0623\u0648 \u0627\u0644\u0642\u062f\u0645 \u0627\u0644\u0645\u062e\u0644\u0628\u064a\u0629:<\/b> \u062a\u064f\u0642\u064a\u0651\u0645 \u0627\u0644\u062d\u0627\u062c\u0629 \u0625\u0644\u0649 \u0639\u0644\u0627\u062c \u0627\u0644\u062a\u062d\u0627\u0645 \u0623\u0635\u0627\u0628\u0639 \u0627\u0644\u064a\u062f\u064a\u0646 \u0648\u0627\u0644\u0642\u062f\u0645\u064a\u0646 \u0628\u0634\u0643\u0644 \u0641\u0631\u062f\u064a. \u0648\u0641\u064a \u062d\u0627\u0644\u0629 \u0623\u0635\u0627\u0628\u0639 \u0627\u0644\u064a\u062f\u064a\u0646\u060c \u064a\u0643\u0648\u0646 \u0627\u0644\u062a\u062f\u062e\u0644 \u0627\u0644\u062c\u0631\u0627\u062d\u064a \u0623\u0643\u062b\u0631 \u0634\u064a\u0648\u0639\u0627\u064b \u0644\u0636\u0645\u0627\u0646 \u0627\u0644\u0642\u062f\u0631\u0629 \u0627\u0644\u0648\u0638\u064a\u0641\u064a\u0629.<\/p>\n<\/li>\n<\/ul>\n<h3 data-path-to-node=\"10\">\u0641\u0631\u0642 \u0637\u0648\u0644 \u0627\u0644\u0633\u0627\u0642<\/h3>\n<ul data-path-to-node=\"11\">\n<li>\n<p data-path-to-node=\"11,0,0\"><b data-path-to-node=\"11,0,0\" data-index-in-node=\"0\">\u0627\u062e\u062a\u0644\u0627\u0641\u0627\u062a \u0637\u0641\u064a\u0641\u0629:<\/b> \u064a\u064f\u0639\u062f \u0627\u062e\u062a\u0644\u0627\u0641 \u0637\u0648\u0644 \u0627\u0644\u0633\u0627\u0642 \u0627\u0644\u0630\u064a \u064a\u0642\u0644 \u0639\u0646 2 \u0633\u0645 \u0623\u0645\u0631\u064b\u0627 \u0634\u0627\u0626\u0639\u064b\u0627 \u062c\u062f\u064b\u0627 \u0648\u063a\u0627\u0644\u0628\u064b\u0627 \u0645\u0627 \u064a\u0643\u0648\u0646 \u063a\u064a\u0631 \u0636\u0627\u0631 \u062a\u0645\u0627\u0645\u064b\u0627.<\/p>\n<\/li>\n<li>\n<p data-path-to-node=\"11,1,0\"><b data-path-to-node=\"11,1,0\" data-index-in-node=\"0\">\u0627\u0644\u0627\u062e\u062a\u0644\u0627\u0641\u0627\u062a \u0627\u0644\u0631\u0626\u064a\u0633\u064a\u0629:<\/b> \u0625\u0630\u0627 \u062a\u062c\u0627\u0648\u0632 \u0641\u0631\u0642 \u0627\u0644\u0637\u0648\u0644 2 \u0633\u0645\u060c \u0641\u0642\u062f \u064a\u0624\u062f\u064a \u0630\u0644\u0643 \u0625\u0644\u0649 \u0645\u0634\u0627\u0643\u0644 \u0641\u064a \u0648\u0636\u0639\u064a\u0629 \u0627\u0644\u062c\u0633\u0645 \u0648\u0639\u0631\u062c. \u0641\u064a \u0647\u0630\u0647 \u0627\u0644\u062d\u0627\u0644\u0627\u062a\u060c \u064a\u064f\u062d\u0627\u0644 \u0627\u0644\u0637\u0641\u0644 \u0625\u0644\u0649 \u0623\u062e\u0635\u0627\u0626\u064a \u0644\u062a\u0642\u064a\u064a\u0645 \u062d\u0627\u0644\u062a\u0647 \u0648\u0648\u0636\u0639 \u062e\u0637\u0629 \u0639\u0644\u0627\u062c\u064a\u0629.<\/p>\n<\/li>\n<\/ul>\n<p data-path-to-node=\"15,3,0\">\u0645\u0642\u0627\u0644 \u0645\u0646 \u0645\u0643\u062a\u0628\u0629 \u0627\u0644\u0635\u062d\u0629 \u062d\u0648\u0644 \u0627\u0644\u062a\u0634\u0648\u0647\u0627\u062a \u0627\u0644\u0647\u064a\u0643\u0644\u064a\u0629 \u0641\u064a \u0623\u0637\u0631\u0627\u0641 \u0627\u0644\u0623\u0637\u0641\u0627\u0644<\/p>\n<p data-path-to-node=\"15,3,0\"><a href=\"https:\/\/www.terveyskirjasto.fi\/tju00140\" target=\"_blank\" rel=\"noopener\">https:\/\/www.terveyskirjasto.fi\/tju00140<\/a><\/p>\t\t\t\t\t\t\t\t<\/div>\n\t\t\t\t<\/div>\n\t\t\t\t\t<\/div>\n\t\t\t\t<\/div>\n\t\t\t\t<\/div>","protected":false},"excerpt":{"rendered":"<p>Lapsen raajojen rakennepoikkeamat ja jalkaterien asennot: Mik\u00e4 on normaalia? Lasten kasvuun kuuluu monia vaiheita, joissa jalkojen asennot saattavat n\u00e4ytt\u00e4\u00e4 poikkeavilta, mutta ovat usein osa normaalia kehityst\u00e4. Alla on kuvattu hyvin karkeasti yleisimpi\u00e4 tilanteita. Varsinaisen arvion siit\u00e4, onko lapsen tilanne normaali vai poikkeava, olisi hyv\u00e4 aina l\u00e4\u00e4k\u00e4rin tehd\u00e4. Jalkaterien ja k\u00e4velyn asennot Latuskajalka ja sis\u00e4\u00e4np\u00e4in k\u00e4\u00e4ntynyt [&hellip;]<\/p>\n","protected":false},"author":1,"featured_media":0,"parent":0,"menu_order":0,"comment_status":"closed","ping_status":"closed","template":"","meta":{"_angie_page":false,"site-sidebar-layout":"no-sidebar","site-content-layout":"page-builder","ast-site-content-layout":"full-width-container","site-content-style":"default","site-sidebar-style":"default","ast-global-header-display":"","ast-banner-title-visibility":"","ast-main-header-display":"","ast-hfb-above-header-display":"","ast-hfb-below-header-display":"","ast-hfb-mobile-header-display":"","site-post-title":"","ast-breadcrumbs-content":"","ast-featured-img":"disabled","footer-sml-layout":"","ast-disable-related-posts":"","theme-transparent-header-meta":"","adv-header-id-meta":"","stick-header-meta":"","header-above-stick-meta":"","header-main-stick-meta":"","header-below-stick-meta":"","astra-migrate-meta-layouts":"set","ast-page-background-enabled":"default","ast-page-background-meta":{"desktop":{"background-color":"","background-image":"","background-repeat":"repeat","background-position":"center center","background-size":"auto","background-attachment":"scroll","background-type":"","background-media":"","overlay-type":"","overlay-color":"","overlay-opacity":"","overlay-gradient":""},"tablet":{"background-color":"","background-image":"","background-repeat":"repeat","background-position":"center center","background-size":"auto","background-attachment":"scroll","background-type":"","background-media":"","overlay-type":"","overlay-color":"","overlay-opacity":"","overlay-gradient":""},"mobile":{"background-color":"","background-image":"","background-repeat":"repeat","background-position":"center center","background-size":"auto","background-attachment":"scroll","background-type":"","background-media":"","overlay-type":"","overlay-color":"","overlay-opacity":"","overlay-gradient":""}},"ast-content-background-meta":{"desktop":{"background-color":"var(--ast-global-color-5)","background-image":"","background-repeat":"repeat","background-position":"center center","background-size":"auto","background-attachment":"scroll","background-type":"","background-media":"","overlay-type":"","overlay-color":"","overlay-opacity":"","overlay-gradient":""},"tablet":{"background-color":"var(--ast-global-color-5)","background-image":"","background-repeat":"repeat","background-position":"center center","background-size":"auto","background-attachment":"scroll","background-type":"","background-media":"","overlay-type":"","overlay-color":"","overlay-opacity":"","overlay-gradient":""},"mobile":{"background-color":"var(--ast-global-color-5)","background-image":"","background-repeat":"repeat","background-position":"center center","background-size":"auto","background-attachment":"scroll","background-type":"","background-media":"","overlay-type":"","overlay-color":"","overlay-opacity":"","overlay-gradient":""}},"footnotes":""},"class_list":["post-1406","page","type-page","status-publish","hentry"],"_links":{"self":[{"href":"https:\/\/lastenkirurgia.fi\/ar\/wp-json\/wp\/v2\/pages\/1406","targetHints":{"allow":["GET"]}}],"collection":[{"href":"https:\/\/lastenkirurgia.fi\/ar\/wp-json\/wp\/v2\/pages"}],"about":[{"href":"https:\/\/lastenkirurgia.fi\/ar\/wp-json\/wp\/v2\/types\/page"}],"author":[{"embeddable":true,"href":"https:\/\/lastenkirurgia.fi\/ar\/wp-json\/wp\/v2\/users\/1"}],"replies":[{"embeddable":true,"href":"https:\/\/lastenkirurgia.fi\/ar\/wp-json\/wp\/v2\/comments?post=1406"}],"version-history":[{"count":10,"href":"https:\/\/lastenkirurgia.fi\/ar\/wp-json\/wp\/v2\/pages\/1406\/revisions"}],"predecessor-version":[{"id":1605,"href":"https:\/\/lastenkirurgia.fi\/ar\/wp-json\/wp\/v2\/pages\/1406\/revisions\/1605"}],"wp:attachment":[{"href":"https:\/\/lastenkirurgia.fi\/ar\/wp-json\/wp\/v2\/media?parent=1406"}],"curies":[{"name":"wp","href":"https:\/\/api.w.org\/{rel}","templated":true}]}}