{"id":1360,"date":"2026-04-09T13:48:47","date_gmt":"2026-04-09T13:48:47","guid":{"rendered":"https:\/\/darkcyan-pheasant-754087.hostingersite.com\/?page_id=1360"},"modified":"2026-04-11T13:17:38","modified_gmt":"2026-04-11T13:17:38","slug":"lapsen-ymparileikkaus","status":"publish","type":"page","link":"https:\/\/lastenkirurgia.fi\/de\/lapsen-ymparileikkaus\/","title":{"rendered":"Kinderbeschneidung"},"content":{"rendered":"<div data-elementor-type=\"wp-page\" data-elementor-id=\"1360\" class=\"elementor elementor-1360\" data-elementor-post-type=\"page\">\n\t\t\t\t<div class=\"elementor-element elementor-element-be8dc3f e-flex e-con-boxed e-con e-parent\" data-id=\"be8dc3f\" data-element_type=\"container\" data-e-type=\"container\">\n\t\t\t\t\t<div class=\"e-con-inner\">\n\t\t\t\t<div class=\"elementor-element elementor-element-83ac4a0 elementor-widget elementor-widget-text-editor\" data-id=\"83ac4a0\" data-element_type=\"widget\" data-e-type=\"widget\" data-widget_type=\"text-editor.default\">\n\t\t\t\t<div class=\"elementor-widget-container\">\n\t\t\t\t\t\t\t\t\t<h2 data-path-to-node=\"2\">Vorhautstenose und Beschneidung bei einem Kind<\/h2><p data-path-to-node=\"3\">Eine Phimose ist bei Kindern h\u00e4ufig, aber nicht in allen F\u00e4llen ist eine Operation erforderlich. Es ist wichtig, zwischen einer normalen Entwicklungsphase und einer behandlungsbed\u00fcrftigen Erkrankung zu unterscheiden.<\/p><p data-path-to-node=\"4\">\u00a0<\/p><p data-path-to-node=\"4\"><b data-path-to-node=\"4\" data-index-in-node=\"0\">Notiz:<\/b> <strong>Unsere Praxis f\u00fchrt Beschneidungen ausschlie\u00dflich aus medizinischen Gr\u00fcnden durch. Religi\u00f6se Beschneidungen werden von uns nicht vorgenommen.\u00a0<\/strong><\/p><p data-path-to-node=\"4\">\u00a0<\/p><h3 data-path-to-node=\"5\">Wann ist es in Ordnung, nichts an der Vorhaut zu tun?<\/h3><p data-path-to-node=\"6\">Die Vorhaut eines Kindes vor der Pubert\u00e4t ist oft physiologisch bedingt eng, was normal ist. Wenn das Kind keine Beschwerden hat, muss die Vorhaut nicht behandelt werden und kann sich im Laufe des Wachstums von selbst zur\u00fcckbilden.<\/p><h3 data-path-to-node=\"7\">Wann sollte eine Behandlung in Betracht gezogen werden?<\/h3><p data-path-to-node=\"8\">Eine Behandlung ist notwendig, wenn eine enge Vorhaut dem Kind Probleme bereitet, wie zum Beispiel:<\/p><ul data-path-to-node=\"9\"><li><p data-path-to-node=\"9,0,0\">Wiederkehrende Vorhautentz\u00fcndungen (eine operative Behandlung ist \u00e4u\u00dferst selten, die Entz\u00fcndungen klingen in der Regel mit zunehmendem Alter und bei richtiger Pflege von selbst ab).<\/p><\/li><li><p data-path-to-node=\"9,1,0\">Die Vorhaut ist oft wund oder rei\u00dft ein und blutet.<\/p><\/li><li><p data-path-to-node=\"9,2,0\">Virtsasuihku on poikkeava (pissasuihku ei osu p\u00f6ntt\u00f6\u00f6n tai esinahka &#8221;palloilee&#8221; virtsatessa).<\/p><\/li><\/ul><h3 data-path-to-node=\"10\">Lichen planus (BXO) \u2013 Der h\u00e4ufigste Grund f\u00fcr eine Operation<\/h3><p data-path-to-node=\"11\">In Finnland ist der h\u00e4ufigste Grund f\u00fcr die Beschneidung eines Kindes oder Jugendlichen folgender: <b data-path-to-node=\"11\" data-index-in-node=\"62\">Balanitis xerotica obliterans<\/b>. Es handelt sich um eine vernarbende Erkrankung der Vorhaut, die die Haut straff, blass und unelastisch macht.<\/p><ul data-path-to-node=\"12\"><li><p data-path-to-node=\"12,0,0\">Zu wei\u00dfen Flechten <b data-path-to-node=\"12,0,0\" data-index-in-node=\"14\">die einzige wirksame Behandlung<\/b> ist die Entfernung von vernarbter Haut, oder Beschneidung.<\/p><\/li><\/ul><hr data-path-to-node=\"13\" \/><h3 data-path-to-node=\"14\">Behandlungsoptionen<\/h3><p data-path-to-node=\"15\">Die Wahl der Behandlung h\u00e4ngt von den Symptomen und einer m\u00f6glichen Grunderkrankung ab:<\/p><ol start=\"1\" data-path-to-node=\"16\"><li><p data-path-to-node=\"16,0,0\"><b data-path-to-node=\"16,0,0\" data-index-in-node=\"0\">Medizinische Creme (Bemetson):<\/b> Handelt es sich lediglich um eine einfache Verstopfung der Poren ohne Anzeichen von Lichen planus, k\u00f6nnen Sie etwa zwei Wochen lang eine hochdosierte Cortisoncreme (z. B. Bemetson) anwenden. Die Creme macht die Haut weicher und lockert sie.<\/p><\/li><li><p data-path-to-node=\"16,1,0\"><b data-path-to-node=\"16,1,0\" data-index-in-node=\"0\">Vorhautplastik:<\/b> Wenn die Haut straff ist und keine Narben vorhanden sind, kann eine plastische Operation in Betracht gezogen werden. Bei diesem Eingriff wird die Haut nicht entfernt, sondern lediglich so geformt, dass sie lockerer sitzt.<\/p><\/li><li><p data-path-to-node=\"16,2,0\"><b data-path-to-node=\"16,2,0\" data-index-in-node=\"0\">Beschneidung:<\/b> Wenn eine Cremebehandlung nicht hilft oder es sich um Lichen planus handelt, wird eine Zirkumzision durchgef\u00fchrt, bei der der verengte oder erkrankte Teil der Vorhaut entfernt wird.<\/p><\/li><\/ol><hr data-path-to-node=\"17\" \/><h3 data-path-to-node=\"18\">Anweisungen f\u00fcr Patienten, die sich einer Operation unterziehen<\/h3><p data-path-to-node=\"19\">Der Eingriff wird \u00fcblicherweise unter Narkose durchgef\u00fchrt, um ihn f\u00fcr das Kind schmerzfrei und angstfrei zu gestalten.<\/p><p data-path-to-node=\"20\"><b data-path-to-node=\"20\" data-index-in-node=\"0\">Genesung zu Hause:<\/b><\/p><ul data-path-to-node=\"21\"><li><p data-path-to-node=\"21,0,0\"><b data-path-to-node=\"21,0,0\" data-index-in-node=\"0\">Schmerzmanagement:<\/b> Die regelm\u00e4\u00dfige Einnahme von Schmerzmitteln ist in den ersten Tagen wichtig (z. B. Paracetamol und Ibuprofen).<\/p><\/li><li><p data-path-to-node=\"21,1,0\"><b data-path-to-node=\"21,1,0\" data-index-in-node=\"0\">Hygiene:<\/b> Der Intimbereich wird durch t\u00e4gliches Duschen sauber gehalten. Lockere, weiche Baumwollunterw\u00e4sche wird empfohlen.<\/p><\/li><li><p data-path-to-node=\"21,2,0\"><b data-path-to-node=\"21,2,0\" data-index-in-node=\"0\">Erholungszeit:<\/b> In der Regel k\u00f6nnen Sie nach ein paar Tagen wieder zur Schule oder in die Kindertagesst\u00e4tte gehen.<\/p><\/li><li><p data-path-to-node=\"21,3,0\"><b data-path-to-node=\"21,3,0\" data-index-in-node=\"0\">Zwinger:<\/b> Sport, k\u00f6rperliche Bet\u00e4tigung, Saunabesuche und Schwimmen sollten generell vermieden werden. <b data-path-to-node=\"21,3,0\" data-index-in-node=\"78\">etwa zwei Wochen<\/b> nach der Operation.<\/p><\/li><\/ul>\t\t\t\t\t\t\t\t<\/div>\n\t\t\t\t<\/div>\n\t\t\t\t<div class=\"elementor-element elementor-element-2cdcf83 elementor-widget elementor-widget-image\" data-id=\"2cdcf83\" data-element_type=\"widget\" data-e-type=\"widget\" data-widget_type=\"image.default\">\n\t\t\t\t<div class=\"elementor-widget-container\">\n\t\t\t\t\t\t\t\t\t\t\t\t\t\t\t<img fetchpriority=\"high\" decoding=\"async\" width=\"1024\" height=\"559\" src=\"https:\/\/lastenkirurgia.fi\/wp-content\/uploads\/2026\/04\/ymparileikkaus.webp\" class=\"attachment-large size-large wp-image-1550\" alt=\"\" srcset=\"https:\/\/lastenkirurgia.fi\/wp-content\/uploads\/2026\/04\/ymparileikkaus.webp 1024w, https:\/\/lastenkirurgia.fi\/wp-content\/uploads\/2026\/04\/ymparileikkaus-300x164.webp 300w, https:\/\/lastenkirurgia.fi\/wp-content\/uploads\/2026\/04\/ymparileikkaus-768x419.webp 768w\" sizes=\"(max-width: 1024px) 100vw, 1024px\" \/>\t\t\t\t\t\t\t\t\t\t\t\t\t\t\t<\/div>\n\t\t\t\t<\/div>\n\t\t\t\t\t<\/div>\n\t\t\t\t<\/div>\n\t\t\t\t<\/div>","protected":false},"excerpt":{"rendered":"<p>Esinahan ahtaus ja ymp\u00e4rileikkaus lapsella Esinahan ahtaus eli fimoosi on lapsilla yleinen vaiva, mutta kaikki tapaukset eiv\u00e4t vaadi leikkaushoitoa. On t\u00e4rke\u00e4\u00e4 erottaa toisistaan normaali kehitysvaihe ja hoitoa vaativa sairaus. \u00a0 Huomautus: Vastaanotollamme tehd\u00e4\u00e4n ymp\u00e4rileikkauksia ainoastaan l\u00e4\u00e4ketieteellisin perustein. Emme suorita uskonnollisia ymp\u00e4rileikkauksia.\u00a0 \u00a0 Milloin esinahalle ei tarvitse tehd\u00e4 mit\u00e4\u00e4n? Esimurrosik\u00e4isen lapsen esinahka on usein fysiologisesti ahdas, [&hellip;]<\/p>\n","protected":false},"author":1,"featured_media":0,"parent":0,"menu_order":0,"comment_status":"closed","ping_status":"closed","template":"","meta":{"_angie_page":false,"site-sidebar-layout":"no-sidebar","site-content-layout":"page-builder","ast-site-content-layout":"full-width-container","site-content-style":"default","site-sidebar-style":"default","ast-global-header-display":"","ast-banner-title-visibility":"","ast-main-header-display":"","ast-hfb-above-header-display":"","ast-hfb-below-header-display":"","ast-hfb-mobile-header-display":"","site-post-title":"","ast-breadcrumbs-content":"","ast-featured-img":"disabled","footer-sml-layout":"","ast-disable-related-posts":"","theme-transparent-header-meta":"","adv-header-id-meta":"","stick-header-meta":"","header-above-stick-meta":"","header-main-stick-meta":"","header-below-stick-meta":"","astra-migrate-meta-layouts":"set","ast-page-background-enabled":"default","ast-page-background-meta":{"desktop":{"background-color":"","background-image":"","background-repeat":"repeat","background-position":"center center","background-size":"auto","background-attachment":"scroll","background-type":"","background-media":"","overlay-type":"","overlay-color":"","overlay-opacity":"","overlay-gradient":""},"tablet":{"background-color":"","background-image":"","background-repeat":"repeat","background-position":"center center","background-size":"auto","background-attachment":"scroll","background-type":"","background-media":"","overlay-type":"","overlay-color":"","overlay-opacity":"","overlay-gradient":""},"mobile":{"background-color":"","background-image":"","background-repeat":"repeat","background-position":"center center","background-size":"auto","background-attachment":"scroll","background-type":"","background-media":"","overlay-type":"","overlay-color":"","overlay-opacity":"","overlay-gradient":""}},"ast-content-background-meta":{"desktop":{"background-color":"var(--ast-global-color-5)","background-image":"","background-repeat":"repeat","background-position":"center center","background-size":"auto","background-attachment":"scroll","background-type":"","background-media":"","overlay-type":"","overlay-color":"","overlay-opacity":"","overlay-gradient":""},"tablet":{"background-color":"var(--ast-global-color-5)","background-image":"","background-repeat":"repeat","background-position":"center center","background-size":"auto","background-attachment":"scroll","background-type":"","background-media":"","overlay-type":"","overlay-color":"","overlay-opacity":"","overlay-gradient":""},"mobile":{"background-color":"var(--ast-global-color-5)","background-image":"","background-repeat":"repeat","background-position":"center center","background-size":"auto","background-attachment":"scroll","background-type":"","background-media":"","overlay-type":"","overlay-color":"","overlay-opacity":"","overlay-gradient":""}},"footnotes":""},"class_list":["post-1360","page","type-page","status-publish","hentry"],"_links":{"self":[{"href":"https:\/\/lastenkirurgia.fi\/de\/wp-json\/wp\/v2\/pages\/1360","targetHints":{"allow":["GET"]}}],"collection":[{"href":"https:\/\/lastenkirurgia.fi\/de\/wp-json\/wp\/v2\/pages"}],"about":[{"href":"https:\/\/lastenkirurgia.fi\/de\/wp-json\/wp\/v2\/types\/page"}],"author":[{"embeddable":true,"href":"https:\/\/lastenkirurgia.fi\/de\/wp-json\/wp\/v2\/users\/1"}],"replies":[{"embeddable":true,"href":"https:\/\/lastenkirurgia.fi\/de\/wp-json\/wp\/v2\/comments?post=1360"}],"version-history":[{"count":8,"href":"https:\/\/lastenkirurgia.fi\/de\/wp-json\/wp\/v2\/pages\/1360\/revisions"}],"predecessor-version":[{"id":1554,"href":"https:\/\/lastenkirurgia.fi\/de\/wp-json\/wp\/v2\/pages\/1360\/revisions\/1554"}],"wp:attachment":[{"href":"https:\/\/lastenkirurgia.fi\/de\/wp-json\/wp\/v2\/media?parent=1360"}],"curies":[{"name":"wp","href":"https:\/\/api.w.org\/{rel}","templated":true}]}}