{"id":1366,"date":"2026-04-09T13:49:49","date_gmt":"2026-04-09T13:49:49","guid":{"rendered":"https:\/\/darkcyan-pheasant-754087.hostingersite.com\/?page_id=1366"},"modified":"2026-04-12T14:30:16","modified_gmt":"2026-04-12T14:30:16","slug":"lapsen-selan-rasitusmurtuma","status":"publish","type":"page","link":"https:\/\/lastenkirurgia.fi\/de\/lapsen-selan-rasitusmurtuma\/","title":{"rendered":"Stressfraktur des R\u00fcckens eines Kindes"},"content":{"rendered":"<div data-elementor-type=\"wp-page\" data-elementor-id=\"1366\" class=\"elementor elementor-1366\" data-elementor-post-type=\"page\">\n\t\t\t\t<div class=\"elementor-element elementor-element-5970ab2 e-flex e-con-boxed e-con e-parent\" data-id=\"5970ab2\" data-element_type=\"container\" data-e-type=\"container\">\n\t\t\t\t\t<div class=\"e-con-inner\">\n\t\t\t\t<div class=\"elementor-element elementor-element-dd01e31 elementor-widget elementor-widget-text-editor\" data-id=\"dd01e31\" data-element_type=\"widget\" data-e-type=\"widget\" data-widget_type=\"text-editor.default\">\n\t\t\t\t<div class=\"elementor-widget-container\">\n\t\t\t\t\t\t\t\t\t<h2 data-path-to-node=\"2\">R\u00fcckenbeschwerden bei Kindern und Jugendlichen: Stressfraktur und Stressosteopathie<\/h2><p data-path-to-node=\"3\">R\u00fcckenschmerzen bei Kindern und Jugendlichen im Wachstum sollten stets ernst genommen werden. Besonders bei jungen Sportlern, die leistungsorientiert arbeiten, k\u00f6nnen R\u00fcckenschmerzen mitunter durch eine \u00dcberlastung des hinteren Wirbelbogens verursacht werden.<\/p><p data-path-to-node=\"4\">Diese Verletzung l\u00e4sst sich in zwei Stadien unterteilen: <b data-path-to-node=\"4\" data-index-in-node=\"39\">Stressosteopathie<\/b> (Spannungszustand der Knochenvorstufe) und der tats\u00e4chliche <b data-path-to-node=\"4\" data-index-in-node=\"104\">bis hin zu Spannungsbr\u00fcchen<\/b> (<i data-path-to-node=\"4\" data-index-in-node=\"122\">Spondylolyse<\/i>).<\/p><h3 data-path-to-node=\"5\">Was ist Stressosteopathie und was ist eine Stressfraktur?<\/h3><ul data-path-to-node=\"6\"><li><p data-path-to-node=\"6,0,0\"><b data-path-to-node=\"6,0,0\" data-index-in-node=\"0\">Stressosteopathie:<\/b> Dies ist eine Vorstufe eines Knochenbruchs. Der Knochen ist \u00fcberlastet und es kommt zu Schwellungen, aber die eigentliche Bruchlinie hat sich noch nicht gebildet. In diesem Stadium heilt die Verletzung in der Regel schnell durch Ruhe.<\/p><\/li><li><p data-path-to-node=\"6,1,0\"><b data-path-to-node=\"6,1,0\" data-index-in-node=\"0\">Stressfraktur (Spondylolyse):<\/b> Wird die Belastung trotz der Symptome fortgesetzt, kann es zu einem Bruch des hinteren Wirbelbogens kommen. Bei Kindern und Jugendlichen befindet sich der hintere Wirbelbogen noch im Wachstum und ist daher empfindlicher gegen\u00fcber mechanischer Belastung.<\/p><\/li><\/ul><h3 data-path-to-node=\"7\">Gef\u00e4hrliche Arten?<\/h3><p data-path-to-node=\"8\">Die Verletzung tritt typischerweise bei Sportarten auf, die mit wiederholter Belastung des R\u00fcckens einhergehen. <b data-path-to-node=\"8\" data-index-in-node=\"72\">starke R\u00fcckw\u00e4rtsbeugung (Streckung) und Drehungen<\/b>. Zu diesen Arten geh\u00f6ren beispielsweise:<\/p><ul data-path-to-node=\"9\"><li><p data-path-to-node=\"9,0,0\">Gymnastik und Eiskunstlauf<\/p><\/li><li><p data-path-to-node=\"9,1,0\">Leichtathletik (z. B. Speerwurf, Hochsprung)<\/p><\/li><li><p data-path-to-node=\"9,2,0\">Ballsportarten (z.B. Fu\u00dfball, Unihockey, Tennis)<\/p><\/li><\/ul><h3 data-path-to-node=\"10\">Identifizieren Sie die Symptome<\/h3><p data-path-to-node=\"11\">Ein typischer Patient ist ein jugendlicher Sportler, der sich mit folgenden Symptomen vorstellt:<\/p><ul data-path-to-node=\"12\"><li><p data-path-to-node=\"12,0,0\"><b data-path-to-node=\"12,0,0\" data-index-in-node=\"0\">Lokalisierte R\u00fcckenschmerzen:<\/b> Der Schmerz wird im unteren R\u00fcckenbereich empfunden, oft nur auf einer Seite.<\/p><\/li><li><p data-path-to-node=\"12,1,0\"><b data-path-to-node=\"12,1,0\" data-index-in-node=\"0\">Schmerzen bei Belastung:<\/b> Die Schmerzen werden besonders beim Zur\u00fcckbeugen des R\u00fcckens hervorgerufen, k\u00f6nnen aber auch eher unbestimmt sein.<\/p><\/li><li><p data-path-to-node=\"12,2,0\"><b data-path-to-node=\"12,2,0\" data-index-in-node=\"0\">Die Wirkung von Ruhe:<\/b> Die Schmerzen lassen durch Ruhe nach, kehren aber zur\u00fcck, sobald man wieder Sport treibt. Manchmal k\u00f6nnen die Schmerzen auch recht konstant sein.<\/p><\/li><\/ul><h3 data-path-to-node=\"13\">Diagnostik \u2013 Wie wird die Verletzung diagnostiziert?<\/h3><p data-path-to-node=\"14\">R\u00fcckenverspannungen bei Kindern sind mit herk\u00f6mmlichen R\u00f6ntgenaufnahmen schwer zu diagnostizieren, da eine Osteopathie im Fr\u00fchstadium auf diesen nicht sichtbar ist.<\/p><ul data-path-to-node=\"15\"><li><p data-path-to-node=\"15,0,0\"><b data-path-to-node=\"15,0,0\" data-index-in-node=\"0\">Magnetresonanztomographie (MRT):<\/b> Es ist die beste Untersuchungsmethode. Sie zeigt Knochenschwellungen (\u00d6deme) sogar vor dem Auftreten eines Bruchs.<\/p><\/li><li><p data-path-to-node=\"15,1,0\"><b data-path-to-node=\"15,1,0\" data-index-in-node=\"0\">R\u00f6ntgenbild:<\/b> Es kann zwar einen bereits bestehenden, \u00e4lteren Bruch aufzeigen, reicht aber nicht aus, um die Ausgangssituation zu diagnostizieren.<\/p><\/li><\/ul><h3 data-path-to-node=\"16\">Behandlung und Genesung<\/h3><p data-path-to-node=\"17\">Der Eckpfeiler der Behandlung ist <b data-path-to-node=\"17\" data-index-in-node=\"20\">ausreichende und lange Ruhe<\/b> durch Sportstress.<\/p><ol start=\"1\" data-path-to-node=\"18\"><li><p data-path-to-node=\"18,0,0\"><b data-path-to-node=\"18,0,0\" data-index-in-node=\"0\">Ruhe (2\u20134 Monate):<\/b> Das Sportverbot dauert in der Regel einige Monate. W\u00e4hrend dieser Zeit sollten Sie Schl\u00e4ge, Spr\u00fcnge und Drehungen des R\u00fcckens vermeiden.<\/p><\/li><li><p data-path-to-node=\"18,1,0\"><b data-path-to-node=\"18,1,0\" data-index-in-node=\"0\">Physiotherapie:<\/b> Spielt eine entscheidende Rolle. Der Physiotherapeut leitet die Rumpfmuskulatur an und korrigiert Fehlhaltungen oder Verspannungen (z. B. verk\u00fcrzte Oberschenkelmuskulatur), die die Belastung des unteren R\u00fcckens erh\u00f6hen.<\/p><\/li><li><p data-path-to-node=\"18,2,0\"><b data-path-to-node=\"18,2,0\" data-index-in-node=\"0\">Allm\u00e4hliche R\u00fcckkehr:<\/b> Sie k\u00f6nnen erst dann wieder Sport treiben, wenn Ihr R\u00fccken v\u00f6llig schmerzfrei ist und Ihr Arzt Ihnen die Erlaubnis dazu gibt.<\/p><\/li><\/ol><p>Artikel \u00fcber das Gesundheitsdorf<\/p><p><a href=\"https:\/\/www.terveyskyla.fi\/lastentalo\/lasten-kehitys-ja-erityistarpeet\/lasten-ja-nuorten-ortopedia\/selkaranka\/rasitusosteopatia-spondylolyysi-ja-spondylolisteesi\" target=\"_blank\" rel=\"noopener\">https:\/\/www.terveyskyla.fi\/lastentalo\/lasten-kehitys-ja-erityistarpeet\/lasten-ja-nuorten-ortopedia\/selkaranka\/rasitusosteopatia-spondylolyysi-ja-spondylolisteesi<\/a><\/p><p>Duodecims Artikel<\/p><p><a href=\"https:\/\/www.duodecimlehti.fi\/duo15199\" target=\"_blank\" rel=\"noopener\">https:\/\/www.duodecimlehti.fi\/duo15199<\/a><\/p><p>Orthobullets<\/p><p><a href=\"https:\/\/www.orthobullets.com\/spine\/2058\/pediatric-spondylolysis-and-spondylolisthesis\" target=\"_blank\" rel=\"noopener\">https:\/\/www.orthobullets.com\/spine\/2058\/pediatric-spondylolysis-and-spondylolisthesis<\/a><\/p>\t\t\t\t\t\t\t\t<\/div>\n\t\t\t\t<\/div>\n\t\t\t\t\t<\/div>\n\t\t\t\t<\/div>\n\t\t\t\t<\/div>","protected":false},"excerpt":{"rendered":"<p>Lasten ja nuorten sel\u00e4n rasitusvammat: Rasitusmurtuma ja rasitusosteopatia Selk\u00e4kipu on kasvavilla lapsilla ja nuorilla oire, johon tulee aina suhtautua vakavasti. Erityisesti tavoitteellisesti urheilevilla nuorilla selk\u00e4kivun taustalta saattaa joskus l\u00f6yty\u00e4 nikaman takakaaren rasitusvamma. T\u00e4m\u00e4 vamma jaetaan kahteen vaiheeseen: rasitusosteopatiaan (luun esiasteen rasitustila) ja varsinaiseen rasitusmurtumaan (spondylolyysi). Mik\u00e4 on rasitusosteopatia ja rasitusmurtuma? Rasitusosteopatia: T\u00e4m\u00e4 on murtuman esiaste. [&hellip;]<\/p>\n","protected":false},"author":1,"featured_media":0,"parent":0,"menu_order":0,"comment_status":"closed","ping_status":"closed","template":"","meta":{"_angie_page":false,"site-sidebar-layout":"no-sidebar","site-content-layout":"page-builder","ast-site-content-layout":"full-width-container","site-content-style":"default","site-sidebar-style":"default","ast-global-header-display":"","ast-banner-title-visibility":"","ast-main-header-display":"","ast-hfb-above-header-display":"","ast-hfb-below-header-display":"","ast-hfb-mobile-header-display":"","site-post-title":"","ast-breadcrumbs-content":"","ast-featured-img":"disabled","footer-sml-layout":"","ast-disable-related-posts":"","theme-transparent-header-meta":"","adv-header-id-meta":"","stick-header-meta":"","header-above-stick-meta":"","header-main-stick-meta":"","header-below-stick-meta":"","astra-migrate-meta-layouts":"set","ast-page-background-enabled":"default","ast-page-background-meta":{"desktop":{"background-color":"","background-image":"","background-repeat":"repeat","background-position":"center center","background-size":"auto","background-attachment":"scroll","background-type":"","background-media":"","overlay-type":"","overlay-color":"","overlay-opacity":"","overlay-gradient":""},"tablet":{"background-color":"","background-image":"","background-repeat":"repeat","background-position":"center center","background-size":"auto","background-attachment":"scroll","background-type":"","background-media":"","overlay-type":"","overlay-color":"","overlay-opacity":"","overlay-gradient":""},"mobile":{"background-color":"","background-image":"","background-repeat":"repeat","background-position":"center center","background-size":"auto","background-attachment":"scroll","background-type":"","background-media":"","overlay-type":"","overlay-color":"","overlay-opacity":"","overlay-gradient":""}},"ast-content-background-meta":{"desktop":{"background-color":"var(--ast-global-color-5)","background-image":"","background-repeat":"repeat","background-position":"center center","background-size":"auto","background-attachment":"scroll","background-type":"","background-media":"","overlay-type":"","overlay-color":"","overlay-opacity":"","overlay-gradient":""},"tablet":{"background-color":"var(--ast-global-color-5)","background-image":"","background-repeat":"repeat","background-position":"center center","background-size":"auto","background-attachment":"scroll","background-type":"","background-media":"","overlay-type":"","overlay-color":"","overlay-opacity":"","overlay-gradient":""},"mobile":{"background-color":"var(--ast-global-color-5)","background-image":"","background-repeat":"repeat","background-position":"center center","background-size":"auto","background-attachment":"scroll","background-type":"","background-media":"","overlay-type":"","overlay-color":"","overlay-opacity":"","overlay-gradient":""}},"footnotes":""},"class_list":["post-1366","page","type-page","status-publish","hentry"],"_links":{"self":[{"href":"https:\/\/lastenkirurgia.fi\/de\/wp-json\/wp\/v2\/pages\/1366","targetHints":{"allow":["GET"]}}],"collection":[{"href":"https:\/\/lastenkirurgia.fi\/de\/wp-json\/wp\/v2\/pages"}],"about":[{"href":"https:\/\/lastenkirurgia.fi\/de\/wp-json\/wp\/v2\/types\/page"}],"author":[{"embeddable":true,"href":"https:\/\/lastenkirurgia.fi\/de\/wp-json\/wp\/v2\/users\/1"}],"replies":[{"embeddable":true,"href":"https:\/\/lastenkirurgia.fi\/de\/wp-json\/wp\/v2\/comments?post=1366"}],"version-history":[{"count":7,"href":"https:\/\/lastenkirurgia.fi\/de\/wp-json\/wp\/v2\/pages\/1366\/revisions"}],"predecessor-version":[{"id":1613,"href":"https:\/\/lastenkirurgia.fi\/de\/wp-json\/wp\/v2\/pages\/1366\/revisions\/1613"}],"wp:attachment":[{"href":"https:\/\/lastenkirurgia.fi\/de\/wp-json\/wp\/v2\/media?parent=1366"}],"curies":[{"name":"wp","href":"https:\/\/api.w.org\/{rel}","templated":true}]}}