{"id":1374,"date":"2026-04-09T13:51:24","date_gmt":"2026-04-09T13:51:24","guid":{"rendered":"https:\/\/darkcyan-pheasant-754087.hostingersite.com\/?page_id=1374"},"modified":"2026-04-12T16:07:26","modified_gmt":"2026-04-12T16:07:26","slug":"lapsen-vatsakipu","status":"publish","type":"page","link":"https:\/\/lastenkirurgia.fi\/de\/lapsen-vatsakipu\/","title":{"rendered":"Bauchschmerzen beim Kind"},"content":{"rendered":"<div data-elementor-type=\"wp-page\" data-elementor-id=\"1374\" class=\"elementor elementor-1374\" data-elementor-post-type=\"page\">\n\t\t\t\t<div class=\"elementor-element elementor-element-260bee6 e-flex e-con-boxed e-con e-parent\" data-id=\"260bee6\" data-element_type=\"container\" data-e-type=\"container\">\n\t\t\t\t\t<div class=\"e-con-inner\">\n\t\t\t\t<div class=\"elementor-element elementor-element-00c07d8 elementor-widget elementor-widget-text-editor\" data-id=\"00c07d8\" data-element_type=\"widget\" data-e-type=\"widget\" data-widget_type=\"text-editor.default\">\n\t\t\t\t<div class=\"elementor-widget-container\">\n\t\t\t\t\t\t\t\t\t<h2 data-path-to-node=\"2\">Pl\u00f6tzliche Bauchschmerzen bei einem Kind\u00a0<\/h2><p data-path-to-node=\"3\">Bauchschmerzen geh\u00f6ren zu den h\u00e4ufigsten Gr\u00fcnden f\u00fcr einen Besuch in der Notaufnahme bei Kindern. Meist handelt es sich um eine harmlose Erkrankung wie einen Magen-Darm-Infekt oder Verstopfung. Es ist jedoch wichtig, Situationen zu erkennen, die eine sofortige \u00e4rztliche Behandlung oder einen operativen Eingriff erfordern.<\/p><h3 data-path-to-node=\"4\">1. Wann sollte man einen Arzt aufsuchen?<\/h3><p data-path-to-node=\"5\">Wenden Sie sich an einen Arzt oder begeben Sie sich in die Notaufnahme, wenn Ihr Kind eines der folgenden Symptome aufweist:<\/p><ul data-path-to-node=\"6\"><li><p data-path-to-node=\"6,0,0\"><b data-path-to-node=\"6,0,0\" data-index-in-node=\"0\">Die Schmerzen sind heftig.<\/b> und der Allgemeinzustand des Kindes ist schlecht.<\/p><\/li><li><p data-path-to-node=\"6,1,0\"><b data-path-to-node=\"6,1,0\" data-index-in-node=\"0\">Der Schmerz wird lokalisiert.<\/b> bis zu einem bestimmten Punkt (insbesondere dem rechten Unterbauch).<\/p><\/li><li><p data-path-to-node=\"6,2,0\"><b data-path-to-node=\"6,2,0\" data-index-in-node=\"0\">Die Bauchdecken f\u00fchlen sich hart an<\/b> oder der Magen ist sehr ber\u00fchrungsempfindlich.<\/p><\/li><li><p data-path-to-node=\"6,3,0\"><b data-path-to-node=\"6,3,0\" data-index-in-node=\"0\">Kind erbricht gr\u00fcnes<\/b> (Galle) oder der Stuhl ist blutig.<\/p><\/li><li><p data-path-to-node=\"6,4,0\"><b data-path-to-node=\"6,4,0\" data-index-in-node=\"0\">Zu den Schmerzen geh\u00f6rt hohes Fieber.<\/b> oder starke Ersch\u00f6pfung.<\/p><\/li><li><p data-path-to-node=\"6,5,0\"><b data-path-to-node=\"6,5,0\" data-index-in-node=\"0\">Das Kind kann nicht springen.<\/b> oder die Bewegung aufgrund von Schmerzen erschwert ist (dies kann auf eine Reizung des Bauchfells hinweisen).<\/p><\/li><li><p data-path-to-node=\"6,6,0\"><b data-path-to-node=\"6,6,0\" data-index-in-node=\"0\">Ein Junge leidet unter Hodenschmerzen und Bauchschmerzen.<\/b> (M\u00f6glichkeit einer Hodentorsion).<\/p><\/li><\/ul><h3 data-path-to-node=\"7\">2. H\u00e4ufige Ursachen nach Alter<\/h3><p data-path-to-node=\"8\">Die Ursachen von Magenschmerzen variieren je nach Alter des Kindes:<\/p><ul data-path-to-node=\"9\"><li><p data-path-to-node=\"9,0,0\"><b data-path-to-node=\"9,0,0\" data-index-in-node=\"0\">Babys (unter 2 Jahren):<\/b> * <i data-path-to-node=\"9,0,0\" data-index-in-node=\"28\">Intussuszeption:<\/i> Die Schmerzen treten in Episoden auf, das Kind kann zeitweise schmerzfrei sein.<\/p><ul data-path-to-node=\"9,0,1\"><li><p data-path-to-node=\"9,0,1,0,0\"><i data-path-to-node=\"9,0,1,0,0\" data-index-in-node=\"0\">Eingeklemmter Leistenbruch:<\/i> Untersuchen Sie die Leistengegend auf Blasen.<\/p><\/li><li><p data-path-to-node=\"9,0,1,1,0\"><i data-path-to-node=\"9,0,1,1,0\" data-index-in-node=\"0\">Hiatusstenose:<\/i> Heftiges, strahlartiges Erbrechen bei einem 3\u20136 Wochen alten S\u00e4ugling.<\/p><\/li><\/ul><\/li><li><p data-path-to-node=\"9,1,0\"><b data-path-to-node=\"9,1,0\" data-index-in-node=\"0\">Kinder im Vorschul- und Schulalter (3\u201312 Jahre):<\/b><\/p><ul data-path-to-node=\"9,1,1\"><li><p data-path-to-node=\"9,1,1,0,0\"><i data-path-to-node=\"9,1,1,0,0\" data-index-in-node=\"0\">Appendizitis:<\/i> Die h\u00e4ufigste Ursache, die einen operativen Eingriff erfordert. Die Schmerzen beginnen oft im Bereich des Bauchnabels und wandern nach unten rechts.<\/p><\/li><li><p data-path-to-node=\"9,1,1,1,0\"><i data-path-to-node=\"9,1,1,1,0\" data-index-in-node=\"0\">Entz\u00fcndung der Darmlymphknoten:<\/i> Es kann in Kombination mit einer Grippe einer Blinddarmentz\u00fcndung \u00e4hneln.<\/p><\/li><\/ul><\/li><li><p data-path-to-node=\"9,2,0\"><b data-path-to-node=\"9,2,0\" data-index-in-node=\"0\">Jugendliche (\u00fcber 12 Jahre):<\/b><\/p><ul data-path-to-node=\"9,2,1\"><li><p data-path-to-node=\"9,2,1,0,0\">Blinddarmentz\u00fcndungen sind immer noch h\u00e4ufig.<\/p><\/li><li><p data-path-to-node=\"9,2,1,1,0\">Bei M\u00e4dchen sollten auch Eierstockprobleme (z. B. Zysten oder Torsion) in Betracht gezogen werden.<\/p><\/li><\/ul><\/li><\/ul><h3 data-path-to-node=\"10\">3. Was passiert beim Arzt?<\/h3><ul data-path-to-node=\"11\"><li><p data-path-to-node=\"11,0,0\"><b data-path-to-node=\"11,0,0\" data-index-in-node=\"0\">Forschung:<\/b> Der Arzt tastet den Bauch des Kindes ab und untersucht dessen Allgemeinzustand. Die Schmerzbehandlung vor der Untersuchung ist unbedenklich \u2013 sie beeintr\u00e4chtigt nicht die Verf\u00e4lschung wichtiger Befunde und erleichtert die Untersuchung.<\/p><\/li><li><p data-path-to-node=\"11,1,0\"><b data-path-to-node=\"11,1,0\" data-index-in-node=\"0\">Labortests:<\/b> \u00dcblicherweise werden Bluttests durchgef\u00fchrt, um auf Entz\u00fcndungen (CRP, wei\u00dfe Blutk\u00f6rperchen) zu pr\u00fcfen, und es wird eine Urinprobe entnommen.<\/p><\/li><li><p data-path-to-node=\"11,2,0\"><b data-path-to-node=\"11,2,0\" data-index-in-node=\"0\">Bildgebung:<\/b> Die prim\u00e4re Studie an Kindern ist <b data-path-to-node=\"11,2,0\" data-index-in-node=\"48\">Ultraschalluntersuchung<\/b>. Computertomographie (CT) wird bei Kindern aufgrund der hohen Strahlenbelastung vermieden.<\/p><\/li><\/ul><h3 data-path-to-node=\"12\">4. H\u00e4usliche Pflege und \u00dcberwachung<\/h3><p data-path-to-node=\"13\">Wenn der Arzt feststellt, dass die Erkrankung keine Operation erfordert:<\/p><ul data-path-to-node=\"14\"><li><p data-path-to-node=\"14,0,0\"><b data-path-to-node=\"14,0,0\" data-index-in-node=\"0\">Die Entwicklung der Symptome wird zu Hause \u00fcberwacht:<\/b> Wenn sich die Schmerzen verschlimmern, den Ort wechseln oder das Kind Fieber entwickelt, sollte eine erneute Untersuchung erfolgen.<\/p><\/li><li><p data-path-to-node=\"14,1,0\"><b data-path-to-node=\"14,1,0\" data-index-in-node=\"0\">Schmerzmittel:<\/b> Sie k\u00f6nnen Ihrem Kind Schmerzmittel (z. B. Paracetamol) nach Anweisung verabreichen.<\/p><\/li><li><p data-path-to-node=\"14,2,0\"><b data-path-to-node=\"14,2,0\" data-index-in-node=\"0\">Essen:<\/b> Bei Verdacht auf eine Erkrankung, die einen chirurgischen Eingriff erfordert (z. B. Blinddarmentz\u00fcndung), sollten Sie Ihr Kind regelm\u00e4\u00dfig untersuchen lassen. <b data-path-to-node=\"14,2,0\" data-index-in-node=\"93\">ohne Nahrung<\/b> (Keine Speisen oder Getr\u00e4nke) bis zur Untersuchung durch einen Arzt.<\/p><\/li><\/ul><p>Duodezim-Artikel<\/p><p><a href=\"https:\/\/www.duodecimlehti.fi\/duo14224\" target=\"_blank\" rel=\"noopener\">https:\/\/www.duodecimlehti.fi\/duo14224<\/a><\/p>\t\t\t\t\t\t\t\t<\/div>\n\t\t\t\t<\/div>\n\t\t\t\t\t<\/div>\n\t\t\t\t<\/div>\n\t\t\t\t<\/div>","protected":false},"excerpt":{"rendered":"<p>Lapsen \u00e4killinen vatsakipu\u00a0 Vatsakipu on yksi tavallisimmista syist\u00e4 hakeutua lapsen kanssa p\u00e4ivystykseen. Useimmiten kyseess\u00e4 on vaaton vaiva, kuten mahatauti tai ummetus, mutta on t\u00e4rke\u00e4\u00e4 tunnistaa tilanteet, jotka vaativat nopeaa l\u00e4\u00e4k\u00e4rin hoitoa tai leikkausta. 1. Milloin on hakeuduttava l\u00e4\u00e4k\u00e4riin? Ota yhteys l\u00e4\u00e4k\u00e4riin tai hakeudu p\u00e4ivystykseen, jos lapsella on jokin seuraavista oireista: Kipu on voimakasta ja lapsen [&hellip;]<\/p>\n","protected":false},"author":1,"featured_media":0,"parent":0,"menu_order":0,"comment_status":"closed","ping_status":"closed","template":"","meta":{"_angie_page":false,"site-sidebar-layout":"no-sidebar","site-content-layout":"page-builder","ast-site-content-layout":"full-width-container","site-content-style":"default","site-sidebar-style":"default","ast-global-header-display":"","ast-banner-title-visibility":"","ast-main-header-display":"","ast-hfb-above-header-display":"","ast-hfb-below-header-display":"","ast-hfb-mobile-header-display":"","site-post-title":"","ast-breadcrumbs-content":"","ast-featured-img":"disabled","footer-sml-layout":"","ast-disable-related-posts":"","theme-transparent-header-meta":"","adv-header-id-meta":"","stick-header-meta":"","header-above-stick-meta":"","header-main-stick-meta":"","header-below-stick-meta":"","astra-migrate-meta-layouts":"set","ast-page-background-enabled":"default","ast-page-background-meta":{"desktop":{"background-color":"","background-image":"","background-repeat":"repeat","background-position":"center center","background-size":"auto","background-attachment":"scroll","background-type":"","background-media":"","overlay-type":"","overlay-color":"","overlay-opacity":"","overlay-gradient":""},"tablet":{"background-color":"","background-image":"","background-repeat":"repeat","background-position":"center center","background-size":"auto","background-attachment":"scroll","background-type":"","background-media":"","overlay-type":"","overlay-color":"","overlay-opacity":"","overlay-gradient":""},"mobile":{"background-color":"","background-image":"","background-repeat":"repeat","background-position":"center center","background-size":"auto","background-attachment":"scroll","background-type":"","background-media":"","overlay-type":"","overlay-color":"","overlay-opacity":"","overlay-gradient":""}},"ast-content-background-meta":{"desktop":{"background-color":"var(--ast-global-color-5)","background-image":"","background-repeat":"repeat","background-position":"center center","background-size":"auto","background-attachment":"scroll","background-type":"","background-media":"","overlay-type":"","overlay-color":"","overlay-opacity":"","overlay-gradient":""},"tablet":{"background-color":"var(--ast-global-color-5)","background-image":"","background-repeat":"repeat","background-position":"center center","background-size":"auto","background-attachment":"scroll","background-type":"","background-media":"","overlay-type":"","overlay-color":"","overlay-opacity":"","overlay-gradient":""},"mobile":{"background-color":"var(--ast-global-color-5)","background-image":"","background-repeat":"repeat","background-position":"center center","background-size":"auto","background-attachment":"scroll","background-type":"","background-media":"","overlay-type":"","overlay-color":"","overlay-opacity":"","overlay-gradient":""}},"footnotes":""},"class_list":["post-1374","page","type-page","status-publish","hentry"],"_links":{"self":[{"href":"https:\/\/lastenkirurgia.fi\/de\/wp-json\/wp\/v2\/pages\/1374","targetHints":{"allow":["GET"]}}],"collection":[{"href":"https:\/\/lastenkirurgia.fi\/de\/wp-json\/wp\/v2\/pages"}],"about":[{"href":"https:\/\/lastenkirurgia.fi\/de\/wp-json\/wp\/v2\/types\/page"}],"author":[{"embeddable":true,"href":"https:\/\/lastenkirurgia.fi\/de\/wp-json\/wp\/v2\/users\/1"}],"replies":[{"embeddable":true,"href":"https:\/\/lastenkirurgia.fi\/de\/wp-json\/wp\/v2\/comments?post=1374"}],"version-history":[{"count":4,"href":"https:\/\/lastenkirurgia.fi\/de\/wp-json\/wp\/v2\/pages\/1374\/revisions"}],"predecessor-version":[{"id":1667,"href":"https:\/\/lastenkirurgia.fi\/de\/wp-json\/wp\/v2\/pages\/1374\/revisions\/1667"}],"wp:attachment":[{"href":"https:\/\/lastenkirurgia.fi\/de\/wp-json\/wp\/v2\/media?parent=1374"}],"curies":[{"name":"wp","href":"https:\/\/api.w.org\/{rel}","templated":true}]}}