{"id":1388,"date":"2026-04-09T13:54:01","date_gmt":"2026-04-09T13:54:01","guid":{"rendered":"https:\/\/darkcyan-pheasant-754087.hostingersite.com\/?page_id=1388"},"modified":"2026-04-12T15:45:35","modified_gmt":"2026-04-12T15:45:35","slug":"lapsen-polvivamma","status":"publish","type":"page","link":"https:\/\/lastenkirurgia.fi\/de\/lapsen-polvivamma\/","title":{"rendered":"Knieverletzung des Kindes"},"content":{"rendered":"<div data-elementor-type=\"wp-page\" data-elementor-id=\"1388\" class=\"elementor elementor-1388\" data-elementor-post-type=\"page\">\n\t\t\t\t<div class=\"elementor-element elementor-element-7ec3246 e-flex e-con-boxed e-con e-parent\" data-id=\"7ec3246\" data-element_type=\"container\" data-e-type=\"container\">\n\t\t\t\t\t<div class=\"e-con-inner\">\n\t\t\t\t<div class=\"elementor-element elementor-element-8778249 elementor-widget elementor-widget-text-editor\" data-id=\"8778249\" data-element_type=\"widget\" data-e-type=\"widget\" data-widget_type=\"text-editor.default\">\n\t\t\t\t<div class=\"elementor-widget-container\">\n\t\t\t\t\t\t\t\t\t<p>Lasten polvivammoissa yleens\u00e4 tutkimukseksi riitt\u00e4\u00e4 tavallinen r\u00f6ntgen-kuva. Jos se on normaali, on magneettikuvassa harvoin merkitt\u00e4vi\u00e4 lis\u00e4l\u00f6yd\u00f6ksi\u00e4. T\u00e4m\u00e4 johtuu siit\u00e4, ett\u00e4 lapsilla (toisin kuin aikuisilla) j\u00e4nnevammat tapahtuvat l\u00e4hes aina luisen avulsion kera ja t\u00e4m\u00e4 avulsio n\u00e4kyy r\u00f6ntgenkuvassa.\u00a0<\/p>\t\t\t\t\t\t\t\t<\/div>\n\t\t\t\t<\/div>\n\t\t\t\t\t<\/div>\n\t\t\t\t<\/div>\n\t\t\t\t<\/div>","protected":false},"excerpt":{"rendered":"<p>Lasten polvivammoissa yleens\u00e4 tutkimukseksi riitt\u00e4\u00e4 tavallinen r\u00f6ntgen-kuva. Jos se on normaali, on magneettikuvassa harvoin merkitt\u00e4vi\u00e4 lis\u00e4l\u00f6yd\u00f6ksi\u00e4. T\u00e4m\u00e4 johtuu siit\u00e4, ett\u00e4 lapsilla (toisin kuin aikuisilla) j\u00e4nnevammat tapahtuvat l\u00e4hes aina luisen avulsion kera ja t\u00e4m\u00e4 avulsio n\u00e4kyy r\u00f6ntgenkuvassa.\u00a0<\/p>","protected":false},"author":1,"featured_media":0,"parent":0,"menu_order":0,"comment_status":"closed","ping_status":"closed","template":"","meta":{"_angie_page":false,"site-sidebar-layout":"no-sidebar","site-content-layout":"page-builder","ast-site-content-layout":"full-width-container","site-content-style":"default","site-sidebar-style":"default","ast-global-header-display":"","ast-banner-title-visibility":"","ast-main-header-display":"","ast-hfb-above-header-display":"","ast-hfb-below-header-display":"","ast-hfb-mobile-header-display":"","site-post-title":"","ast-breadcrumbs-content":"","ast-featured-img":"disabled","footer-sml-layout":"","ast-disable-related-posts":"","theme-transparent-header-meta":"","adv-header-id-meta":"","stick-header-meta":"","header-above-stick-meta":"","header-main-stick-meta":"","header-below-stick-meta":"","astra-migrate-meta-layouts":"set","ast-page-background-enabled":"default","ast-page-background-meta":{"desktop":{"background-color":"","background-image":"","background-repeat":"repeat","background-position":"center center","background-size":"auto","background-attachment":"scroll","background-type":"","background-media":"","overlay-type":"","overlay-color":"","overlay-opacity":"","overlay-gradient":""},"tablet":{"background-color":"","background-image":"","background-repeat":"repeat","background-position":"center center","background-size":"auto","background-attachment":"scroll","background-type":"","background-media":"","overlay-type":"","overlay-color":"","overlay-opacity":"","overlay-gradient":""},"mobile":{"background-color":"","background-image":"","background-repeat":"repeat","background-position":"center center","background-size":"auto","background-attachment":"scroll","background-type":"","background-media":"","overlay-type":"","overlay-color":"","overlay-opacity":"","overlay-gradient":""}},"ast-content-background-meta":{"desktop":{"background-color":"var(--ast-global-color-5)","background-image":"","background-repeat":"repeat","background-position":"center center","background-size":"auto","background-attachment":"scroll","background-type":"","background-media":"","overlay-type":"","overlay-color":"","overlay-opacity":"","overlay-gradient":""},"tablet":{"background-color":"var(--ast-global-color-5)","background-image":"","background-repeat":"repeat","background-position":"center center","background-size":"auto","background-attachment":"scroll","background-type":"","background-media":"","overlay-type":"","overlay-color":"","overlay-opacity":"","overlay-gradient":""},"mobile":{"background-color":"var(--ast-global-color-5)","background-image":"","background-repeat":"repeat","background-position":"center center","background-size":"auto","background-attachment":"scroll","background-type":"","background-media":"","overlay-type":"","overlay-color":"","overlay-opacity":"","overlay-gradient":""}},"footnotes":""},"class_list":["post-1388","page","type-page","status-publish","hentry"],"_links":{"self":[{"href":"https:\/\/lastenkirurgia.fi\/de\/wp-json\/wp\/v2\/pages\/1388","targetHints":{"allow":["GET"]}}],"collection":[{"href":"https:\/\/lastenkirurgia.fi\/de\/wp-json\/wp\/v2\/pages"}],"about":[{"href":"https:\/\/lastenkirurgia.fi\/de\/wp-json\/wp\/v2\/types\/page"}],"author":[{"embeddable":true,"href":"https:\/\/lastenkirurgia.fi\/de\/wp-json\/wp\/v2\/users\/1"}],"replies":[{"embeddable":true,"href":"https:\/\/lastenkirurgia.fi\/de\/wp-json\/wp\/v2\/comments?post=1388"}],"version-history":[{"count":4,"href":"https:\/\/lastenkirurgia.fi\/de\/wp-json\/wp\/v2\/pages\/1388\/revisions"}],"predecessor-version":[{"id":1652,"href":"https:\/\/lastenkirurgia.fi\/de\/wp-json\/wp\/v2\/pages\/1388\/revisions\/1652"}],"wp:attachment":[{"href":"https:\/\/lastenkirurgia.fi\/de\/wp-json\/wp\/v2\/media?parent=1388"}],"curies":[{"name":"wp","href":"https:\/\/api.w.org\/{rel}","templated":true}]}}