{"id":1390,"date":"2026-04-09T13:54:21","date_gmt":"2026-04-09T13:54:21","guid":{"rendered":"https:\/\/darkcyan-pheasant-754087.hostingersite.com\/?page_id=1390"},"modified":"2026-04-12T15:42:18","modified_gmt":"2026-04-12T15:42:18","slug":"lapsen-kaden-vamma","status":"publish","type":"page","link":"https:\/\/lastenkirurgia.fi\/de\/lapsen-kaden-vamma\/","title":{"rendered":"Handverletzung des Kindes"},"content":{"rendered":"<div data-elementor-type=\"wp-page\" data-elementor-id=\"1390\" class=\"elementor elementor-1390\" data-elementor-post-type=\"page\">\n\t\t\t\t<div class=\"elementor-element elementor-element-17b6c2e e-flex e-con-boxed e-con e-parent\" data-id=\"17b6c2e\" data-element_type=\"container\" data-e-type=\"container\">\n\t\t\t\t\t<div class=\"e-con-inner\">\n\t\t\t\t<div class=\"elementor-element elementor-element-a7fff64 elementor-widget elementor-widget-text-editor\" data-id=\"a7fff64\" data-element_type=\"widget\" data-e-type=\"widget\" data-widget_type=\"text-editor.default\">\n\t\t\t\t<div class=\"elementor-widget-container\">\n\t\t\t\t\t\t\t\t\t<h2 data-path-to-node=\"2\">Hand- und Handgelenksverletzungen bei Kindern: Ein Leitfaden f\u00fcr Eltern<\/h2><p data-path-to-node=\"3\">Die Hand ist bei Kindern der am h\u00e4ufigsten verletzte K\u00f6rperteil. Die Behandlung von Knochenbr\u00fcchen bei Kindern unterscheidet sich von der bei Erwachsenen, da sich die Knochen von Kindern im Wachstum befinden. Dieses Wachstum ist ein gro\u00dfer Vorteil, da es viele Fehlstellungen nach einem Knochenbruch von selbst korrigieren kann.<\/p><h3 data-path-to-node=\"4\">Die h\u00e4ufigsten Verletzungsarten<\/h3><ul data-path-to-node=\"5\"><li><p data-path-to-node=\"5,0,0\"><b data-path-to-node=\"5,0,0\" data-index-in-node=\"0\">Fingerkuppenverletzungen:<\/b> Das Einklemmen eines Fingers in der T\u00fcr ist ein typischer Unfall f\u00fcr kleine Kinder. Selbst bei einem Bruch ist es oft am wichtigsten, den Zustand des Nagelbetts zu \u00fcberpr\u00fcfen und es gegebenenfalls zu behandeln.<\/p><\/li><li><p data-path-to-node=\"5,1,0\"><b data-path-to-node=\"5,1,0\" data-index-in-node=\"0\">Frakturen der Fingerbasis und der Mittelhandknochen:<\/b> Verletzungen sind bei \u00e4lteren Kindern h\u00e4ufig und werden meist ohne Operation mit Taping, einer Schiene oder einem Gipsverband behandelt.<\/p><\/li><li><p data-path-to-node=\"5,2,0\"><b data-path-to-node=\"5,2,0\" data-index-in-node=\"0\">Frakturen im Handgelenkbereich:<\/b> Frakturen des unteren Teils der Speiche, insbesondere solche, die durch St\u00fcrze verursacht werden, sind sehr h\u00e4ufig.<\/p><\/li><\/ul><h3 data-path-to-node=\"6\">Frakturen, die besondere Aufmerksamkeit erfordern<\/h3><p data-path-to-node=\"7\">Manche Knochenbr\u00fcche verlaufen schleichend und erfordern fast immer eine spezialisierte Behandlung oder einen chirurgischen Eingriff:<\/p><ol start=\"1\" data-path-to-node=\"8\"><li><p data-path-to-node=\"8,0,0\"><b data-path-to-node=\"8,0,0\" data-index-in-node=\"0\">Seymours Bruch:<\/b> Ein Bruch, der durch die Wachstumslinie der Fingerspitze verl\u00e4uft, wobei die Nagelwurzel im Bruchspalt verbleiben kann.<\/p><\/li><li><p data-path-to-node=\"8,1,0\"><b data-path-to-node=\"8,1,0\" data-index-in-node=\"0\">Bruch des Fingerhalses:<\/b> Der gebrochene Teil kann sich bis zu 180 Grad drehen. Wird er nicht behandelt, schr\u00e4nkt dies die Beweglichkeit des Fingers dauerhaft ein.<\/p><\/li><li><p data-path-to-node=\"8,2,0\"><b data-path-to-node=\"8,2,0\" data-index-in-node=\"0\">Intraartikul\u00e4re Frakturen:<\/b> Oft ist ein chirurgischer Eingriff erforderlich, um die Gelenkfl\u00e4che vollst\u00e4ndig zu gl\u00e4tten.<\/p><\/li><li><p data-path-to-node=\"8,3,0\"><b data-path-to-node=\"8,3,0\" data-index-in-node=\"0\">Verdrehungen (Rotationsfehler):<\/b> Im Gegensatz zu Winkelfehlern, <b data-path-to-node=\"8,3,0\" data-index-in-node=\"55\">Das Wachstum korrigiert die Kr\u00fcmmung des Knochens nicht.<\/b>. Deshalb ist es wichtig zu \u00fcberpr\u00fcfen, ob sich die Finger beim Beugen in die richtige Richtung biegen (die N\u00e4gel in die gleiche Richtung zeigen).<\/p><\/li><\/ol><hr data-path-to-node=\"9\" \/><h3 data-path-to-node=\"10\">Arten von Handgelenksfrakturen und deren Behandlung<\/h3><p data-path-to-node=\"11\">Der Arzt wird anhand des R\u00f6ntgenbildes die Art des Bruchs bestimmen. Die Behandlung richtet sich nach der Art des Bruchs:<\/p><table data-path-to-node=\"12\"><thead><tr><td><strong>Bruchtyp<\/strong><\/td><td><strong>Beschreibung<\/strong><\/td><td><strong>Typische Behandlung<\/strong><\/td><\/tr><\/thead><tbody><tr><td><span data-path-to-node=\"12,1,0,0\"><b data-path-to-node=\"12,1,0,0\" data-index-in-node=\"0\">Torusfraktur<\/b><\/span><\/td><td><span data-path-to-node=\"12,1,1,0\">\u201dFaltenbildung\u201d der Knochenschale, eine stabile Verletzung.<\/span><\/td><td><span data-path-to-node=\"12,1,2,0\">Ein St\u00fctzverband, eine Schiene oder ein Gipsverband, der haupts\u00e4chlich zur Schmerzbehandlung dient.<\/span><\/td><\/tr><tr><td><span data-path-to-node=\"12,2,0,0\"><b data-path-to-node=\"12,2,0,0\" data-index-in-node=\"0\">Gr\u00fcnstock (Weidenstock)<\/b><\/span><\/td><td><span data-path-to-node=\"12,2,1,0\">Der Knochen bricht nur auf einer Seite und verbiegt sich.<\/span><\/td><td><span data-path-to-node=\"12,2,2,0\">Neupositionierung und Verputzen.<\/span><\/td><\/tr><tr><td><span data-path-to-node=\"12,3,0,0\"><b data-path-to-node=\"12,3,0,0\" data-index-in-node=\"0\">Kreuzbruch<\/b><\/span><\/td><td><span data-path-to-node=\"12,3,1,0\">Der Knochen ist vollst\u00e4ndig gebrochen, oft mit Verk\u00fcrzung.<\/span><\/td><td><span data-path-to-node=\"12,3,2,0\">Richten und Verputzen.<\/span><\/td><\/tr><tr><td><span data-path-to-node=\"12,4,0,0\"><b data-path-to-node=\"12,4,0,0\" data-index-in-node=\"0\">Wachstumslinienbruch<\/b><\/span><\/td><td><span data-path-to-node=\"12,4,1,0\">Der Bruch erstreckt sich bis zu der Linie, die dem Wachstum der Wirbels\u00e4ule entspricht.<\/span><\/td><td><span data-path-to-node=\"12,4,2,0\">Sorgf\u00e4ltige Positionierung; Vermeidung unn\u00f6tiger Versuche, Wachstum zu sichern.<\/span><\/td><\/tr><\/tbody><\/table><hr data-path-to-node=\"13\" \/><h3 data-path-to-node=\"14\">Die Bedeutung des Wachstums f\u00fcr die Erholung<\/h3><p data-path-to-node=\"15\">Das Alter des Kindes ist ein entscheidender Faktor f\u00fcr die Behandlung:<\/p><ul data-path-to-node=\"16\"><li><p data-path-to-node=\"16,0,0\"><b data-path-to-node=\"16,0,0\" data-index-in-node=\"0\">Unter 10 Jahren:<\/b> Das Potenzial f\u00fcr die Skelettreparatur (Remodellierung) ist ausgezeichnet. Beispielsweise kann im Handgelenk ein erheblicher Winkelfehler (bis zu 30\u201335 Grad) toleriert werden, da das Wachstum den Knochen im Laufe der Zeit begradigt.<\/p><\/li><li><p data-path-to-node=\"16,1,0\"><b data-path-to-node=\"16,1,0\" data-index-in-node=\"0\">\u00dcber 10 Jahre und Teenager:<\/b> Da das Wachstumspotenzial geringer ist, l\u00e4sst sich die Bruchstelle genauer bestimmen. Die Behandlung orientiert sich an den Prinzipien der Behandlung von Erwachsenen.<\/p><\/li><\/ul><h3 data-path-to-node=\"17\">Wann ist eine Operation notwendig?<\/h3><p data-path-to-node=\"18\">Obwohl die meisten Verletzungen mit einem Gipsverband ausheilen, ist ein chirurgischer Eingriff (z. B. kleine Stiche oder eine \u00d6ffnung) erforderlich, wenn:<\/p><ul data-path-to-node=\"19\"><li><p data-path-to-node=\"19,0,0\">Auf der Gelenkfl\u00e4che befindet sich eine Kerbe.<\/p><\/li><li><p data-path-to-node=\"19,1,0\">Der Bruch weist einen signifikanten Torsionsfehler auf.<\/p><\/li><li><p data-path-to-node=\"19,2,0\">Die Bruchstelle ist so instabil, dass sie nicht allein mit einem Gipsverband fixiert werden kann.<\/p><\/li><li><p data-path-to-node=\"19,3,0\">Hierbei handelt es sich um eine Wachstumsfugenverletzung, die das normale Knochenwachstum in der Zukunft gef\u00e4hrdet.<\/p><\/li><\/ul><p>\u00a0<\/p><p>\u00dcbersicht \u00fcber Handverletzungen in der Kinderhandchirurgie (Version 2014)<\/p><p><a href=\"https:\/\/bin.yhdistysavain.fi\/1607320\/KmxJWwsTh84H17vAox0p0Y0pGK\/sot1-14_lasten_kaden_ja_ranteen.pdf\" target=\"_blank\" rel=\"noopener\">https:\/\/bin.yhdistysavain.fi\/1607320\/KmxJWwsTh84H17vAox0p0Y0pGK\/sot1-14_lasten_kaden_ja_ranteen.pdf<\/a><\/p><p>\u00a0<\/p>\t\t\t\t\t\t\t\t<\/div>\n\t\t\t\t<\/div>\n\t\t\t\t\t<\/div>\n\t\t\t\t<\/div>\n\t\t\t\t<\/div>","protected":false},"excerpt":{"rendered":"<p>Lapsen k\u00e4den ja ranteen vammat: Opas vanhemmille K\u00e4si on lapsen yleisimmin vammautuva kehonosa. Lasten murtumien hoito eroaa aikuisten hoidosta, koska lapsen luusto kasvaa jatkuvasti. T\u00e4m\u00e4 kasvu on suuri etu, sill\u00e4 se pystyy korjaamaan monia murtuman j\u00e4lkeisi\u00e4 virheasentoja itsest\u00e4\u00e4n. Tavallisimmat vammatyypit Sormenp\u00e4iden vammat: Pienill\u00e4 lapsilla sormen j\u00e4\u00e4minen oven v\u00e4liin on tyypillinen tapaturma. Vaikka luussa olisi murtuma, [&hellip;]<\/p>\n","protected":false},"author":1,"featured_media":0,"parent":0,"menu_order":0,"comment_status":"closed","ping_status":"closed","template":"","meta":{"_angie_page":false,"site-sidebar-layout":"no-sidebar","site-content-layout":"page-builder","ast-site-content-layout":"full-width-container","site-content-style":"default","site-sidebar-style":"default","ast-global-header-display":"","ast-banner-title-visibility":"","ast-main-header-display":"","ast-hfb-above-header-display":"","ast-hfb-below-header-display":"","ast-hfb-mobile-header-display":"","site-post-title":"","ast-breadcrumbs-content":"","ast-featured-img":"disabled","footer-sml-layout":"","ast-disable-related-posts":"","theme-transparent-header-meta":"","adv-header-id-meta":"","stick-header-meta":"","header-above-stick-meta":"","header-main-stick-meta":"","header-below-stick-meta":"","astra-migrate-meta-layouts":"set","ast-page-background-enabled":"default","ast-page-background-meta":{"desktop":{"background-color":"","background-image":"","background-repeat":"repeat","background-position":"center center","background-size":"auto","background-attachment":"scroll","background-type":"","background-media":"","overlay-type":"","overlay-color":"","overlay-opacity":"","overlay-gradient":""},"tablet":{"background-color":"","background-image":"","background-repeat":"repeat","background-position":"center center","background-size":"auto","background-attachment":"scroll","background-type":"","background-media":"","overlay-type":"","overlay-color":"","overlay-opacity":"","overlay-gradient":""},"mobile":{"background-color":"","background-image":"","background-repeat":"repeat","background-position":"center center","background-size":"auto","background-attachment":"scroll","background-type":"","background-media":"","overlay-type":"","overlay-color":"","overlay-opacity":"","overlay-gradient":""}},"ast-content-background-meta":{"desktop":{"background-color":"var(--ast-global-color-5)","background-image":"","background-repeat":"repeat","background-position":"center center","background-size":"auto","background-attachment":"scroll","background-type":"","background-media":"","overlay-type":"","overlay-color":"","overlay-opacity":"","overlay-gradient":""},"tablet":{"background-color":"var(--ast-global-color-5)","background-image":"","background-repeat":"repeat","background-position":"center center","background-size":"auto","background-attachment":"scroll","background-type":"","background-media":"","overlay-type":"","overlay-color":"","overlay-opacity":"","overlay-gradient":""},"mobile":{"background-color":"var(--ast-global-color-5)","background-image":"","background-repeat":"repeat","background-position":"center center","background-size":"auto","background-attachment":"scroll","background-type":"","background-media":"","overlay-type":"","overlay-color":"","overlay-opacity":"","overlay-gradient":""}},"footnotes":""},"class_list":["post-1390","page","type-page","status-publish","hentry"],"_links":{"self":[{"href":"https:\/\/lastenkirurgia.fi\/de\/wp-json\/wp\/v2\/pages\/1390","targetHints":{"allow":["GET"]}}],"collection":[{"href":"https:\/\/lastenkirurgia.fi\/de\/wp-json\/wp\/v2\/pages"}],"about":[{"href":"https:\/\/lastenkirurgia.fi\/de\/wp-json\/wp\/v2\/types\/page"}],"author":[{"embeddable":true,"href":"https:\/\/lastenkirurgia.fi\/de\/wp-json\/wp\/v2\/users\/1"}],"replies":[{"embeddable":true,"href":"https:\/\/lastenkirurgia.fi\/de\/wp-json\/wp\/v2\/comments?post=1390"}],"version-history":[{"count":4,"href":"https:\/\/lastenkirurgia.fi\/de\/wp-json\/wp\/v2\/pages\/1390\/revisions"}],"predecessor-version":[{"id":1649,"href":"https:\/\/lastenkirurgia.fi\/de\/wp-json\/wp\/v2\/pages\/1390\/revisions\/1649"}],"wp:attachment":[{"href":"https:\/\/lastenkirurgia.fi\/de\/wp-json\/wp\/v2\/media?parent=1390"}],"curies":[{"name":"wp","href":"https:\/\/api.w.org\/{rel}","templated":true}]}}