{"id":1402,"date":"2026-04-09T13:56:34","date_gmt":"2026-04-09T13:56:34","guid":{"rendered":"https:\/\/darkcyan-pheasant-754087.hostingersite.com\/?page_id=1402"},"modified":"2026-04-12T15:09:13","modified_gmt":"2026-04-12T15:09:13","slug":"lapsen-kuopparinta","status":"publish","type":"page","link":"https:\/\/lastenkirurgia.fi\/de\/lapsen-kuopparinta\/","title":{"rendered":"Gr\u00fcbchen auf der Brust des Kindes"},"content":{"rendered":"<div data-elementor-type=\"wp-page\" data-elementor-id=\"1402\" class=\"elementor elementor-1402\" data-elementor-post-type=\"page\">\n\t\t\t\t<div class=\"elementor-element elementor-element-a863414 e-flex e-con-boxed e-con e-parent\" data-id=\"a863414\" data-element_type=\"container\" data-e-type=\"container\">\n\t\t\t\t\t<div class=\"e-con-inner\">\n\t\t\t\t<div class=\"elementor-element elementor-element-3d2f344 elementor-widget elementor-widget-text-editor\" data-id=\"3d2f344\" data-element_type=\"widget\" data-e-type=\"widget\" data-widget_type=\"text-editor.default\">\n\t\t\t\t<div class=\"elementor-widget-container\">\n\t\t\t\t\t\t\t\t\t<h2 data-path-to-node=\"2\">Ein Leitfaden f\u00fcr Eltern: Pectus excavatum des Kindes<\/h2><p data-path-to-node=\"3\">Der Musculus pectoralis major ist die h\u00e4ufigste angeborene Fehlbildung des Brustkorbs. Dabei ist das Brustbein nach innen eingesunken und bildet eine becherf\u00f6rmige Vertiefung. Er tritt bei Jungen deutlich h\u00e4ufiger auf als bei M\u00e4dchen.<\/p><h3 data-path-to-node=\"4\">Was verursacht eine Gr\u00fcbchenbildung auf der Brust?<\/h3><p data-path-to-node=\"5\">Die Fehlbildung wird vermutlich durch ein \u00fcberm\u00e4\u00dfiges Wachstum des Rippenknorpels verursacht, wodurch das Brustbein nach innen gedr\u00fcckt wird. Oft wird die Delle im Brustkorb erst w\u00e4hrend des Wachstumsschubs in der Pubert\u00e4t deutlich sichtbar. Obwohl es sich um eine angeborene Fehlbildung handelt, ist sie meist harmlos und rein kosmetischer Natur.<\/p><h3 data-path-to-node=\"6\">Symptome und Nachteile<\/h3><p data-path-to-node=\"7\">Bei vielen Kindern verursacht eine Gr\u00fcbchenbildung auf der Brust keine k\u00f6rperlichen Beschwerden. Die Probleme lassen sich \u00fcblicherweise in zwei Gruppen einteilen:<\/p><ul data-path-to-node=\"8\"><li><p data-path-to-node=\"8,0,0\"><b data-path-to-node=\"8,0,0\" data-index-in-node=\"0\">Kosmetische und geistige Beeintr\u00e4chtigung:<\/b> Der h\u00e4ufigste Grund f\u00fcr die Inanspruchnahme einer Behandlung. Ein junger Mensch kann die Gr\u00fcbchenbildung als st\u00f6rend empfinden, beispielsweise im Schwimmbad oder beim Sportunterricht, was das Selbstwertgef\u00fchl beeintr\u00e4chtigen kann.<\/p><\/li><li><p data-path-to-node=\"8,1,0\"><b data-path-to-node=\"8,1,0\" data-index-in-node=\"0\">K\u00f6rperliche Symptome:<\/b> In ausgepr\u00e4gteren F\u00e4llen von Druckgef\u00fchl im Brustkorb k\u00f6nnen Atemnot, verminderte Belastbarkeit, Brustschmerzen oder Herzklopfen, insbesondere bei Belastung, auftreten. Dies liegt daran, dass das Brustbein auf das Herz dr\u00fccken oder die Lungenexpansion einschr\u00e4nken kann.<\/p><\/li><\/ul><h3 data-path-to-node=\"9\">Forschung<\/h3><p data-path-to-node=\"10\">Wenn Ihr Kind eine Gr\u00fcbchenbildung an der Brust aufweist, kann der Arzt es aufgrund einer einfachen \u00e4u\u00dferen Untersuchung an ein Spezialkrankenhaus \u00fcberweisen. Das Krankenhaus kann dann detailliertere Untersuchungen durchf\u00fchren:<\/p><ul data-path-to-node=\"11\"><li><p data-path-to-node=\"11,0,0\"><b data-path-to-node=\"11,0,0\" data-index-in-node=\"0\">Magnetresonanztomographie (MRT):<\/b> Die genaue Tiefe der Grube und ihre Auswirkungen auf das Herz werden derzeit ermittelt.<\/p><\/li><li><p data-path-to-node=\"11,1,0\"><b data-path-to-node=\"11,1,0\" data-index-in-node=\"0\">Spirometrie:<\/b> Lungenvolumen und Lungenfunktion werden gemessen.<\/p><\/li><li><p data-path-to-node=\"11,2,0\"><b data-path-to-node=\"11,2,0\" data-index-in-node=\"0\">ELEKTROKARDIOGRAMM:<\/b> Die elektrische Aktivit\u00e4t des Herzens wird \u00fcberpr\u00fcft.<\/p><\/li><\/ul><h3 data-path-to-node=\"12\">Behandlungsoptionen<\/h3><p data-path-to-node=\"13\">Leichte, symptomlose Dellenbildung an der Brust bedarf keiner Behandlung. Physiotherapie oder \u00dcbungen beseitigen die Dellenbildung nicht, aber eine gute Muskelspannung und K\u00f6rperhaltung k\u00f6nnen das Erscheinungsbild der Brust verbessern.<\/p><p data-path-to-node=\"14\"><b data-path-to-node=\"14\" data-index-in-node=\"0\">Chirurgische Behandlung (Nuss-Chirurgie):<\/b> Wenn die Grube tief ist oder erhebliche Beschwerden verursacht, kann sie operativ behoben werden.<\/p><ul data-path-to-node=\"15\"><li><p data-path-to-node=\"15,0,0\"><b data-path-to-node=\"15,0,0\" data-index-in-node=\"0\">Wie wird das gemacht?<\/b> Die g\u00e4ngigste Methode ist die laparoskopische Operation, bei der ein bis zwei geformte Stahlimplantate unter das Brustbein eingesetzt werden. Diese heben das Brustbein an.<\/p><\/li><li><p data-path-to-node=\"15,1,0\"><b data-path-to-node=\"15,1,0\" data-index-in-node=\"0\">In welchem Alter?<\/b> Das geeignetste Alter liegt in der Regel zwischen 12 und 16 Jahren, wenn der Brustkorb noch flexibel, aber bereits ausreichend kr\u00e4ftig ist.<\/p><\/li><li><p data-path-to-node=\"15,2,0\"><b data-path-to-node=\"15,2,0\" data-index-in-node=\"0\">Erholung:<\/b> Dank moderner Schmerztherapiemethoden (wie z. B. K\u00e4ltetherapie der Nerven) dauert der Krankenhausaufenthalt oft nur wenige Tage. Anstrengende k\u00f6rperliche Bet\u00e4tigung und Kontaktsportarten sollten nach der Operation etwa drei Monate lang vermieden werden.<\/p><\/li><li><p data-path-to-node=\"15,3,0\"><b data-path-to-node=\"15,3,0\" data-index-in-node=\"0\">Implantatentfernung:<\/b> Die Stahlst\u00fctzen werden nach etwa vier Jahren in einem kleinen Eingriff entfernt, wenn sich der Brustkorb dauerhaft in seine neue Position verformt hat.<\/p><\/li><\/ul><h3 data-path-to-node=\"16\">Wann sollte man einen Arzt aufsuchen?<\/h3><p data-path-to-node=\"17\">Es wird empfohlen, die Angelegenheit mit einem Arzt zu besprechen, wenn:<\/p><ol start=\"1\" data-path-to-node=\"18\"><li><p data-path-to-node=\"18,0,0\">Die Grube ist tief oder sie vertieft sich rasch durch das Wachstum.<\/p><\/li><li><p data-path-to-node=\"18,1,0\">Das Kind leidet unter ungew\u00f6hnlicher Atemnot oder klagt bei Anstrengung \u00fcber Brustschmerzen.<\/p><\/li><li><p data-path-to-node=\"18,2,0\">Eine eingedellte Brust verursacht bei dem Kind oder Jugendlichen eindeutig psychischen Schaden oder den Wunsch, sich von sozialen Situationen zu isolieren.<\/p><\/li><\/ol><p>Duodezim-Artikel<\/p><p><a href=\"https:\/\/www.duodecimlehti.fi\/duo17674\" target=\"_blank\" rel=\"noopener\">https:\/\/www.duodecimlehti.fi\/duo17674<\/a><\/p><p>\u00a0<\/p>\t\t\t\t\t\t\t\t<\/div>\n\t\t\t\t<\/div>\n\t\t\t\t\t<\/div>\n\t\t\t\t<\/div>\n\t\t\t\t<\/div>","protected":false},"excerpt":{"rendered":"<p>Opas vanhemmille: Lapsen kuopparinta (Pectus excavatum) Kuopparinta on rintakeh\u00e4n yleisin synnynn\u00e4inen rakennepoikkeama, jossa rintalasta on painunut sis\u00e4\u00e4np\u00e4in muodostaen kuppimaisen kuopan. Se on huomattavasti yleisempi pojilla kuin tyt\u00f6ill\u00e4. Mist\u00e4 kuopparinta johtuu? Poikkeaman uskotaan johtuvan kylkirustojen liikakasvusta, joka painaa rintalastaa sis\u00e4\u00e4np\u00e4in. Usein kuopparinta tulee selv\u00e4sti esiin vasta murrosi\u00e4n kasvupyr\u00e4hdyksen yhteydess\u00e4. Vaikka tila on synnynn\u00e4inen, se on useimmiten [&hellip;]<\/p>\n","protected":false},"author":1,"featured_media":0,"parent":0,"menu_order":0,"comment_status":"closed","ping_status":"closed","template":"","meta":{"_angie_page":false,"site-sidebar-layout":"no-sidebar","site-content-layout":"page-builder","ast-site-content-layout":"full-width-container","site-content-style":"default","site-sidebar-style":"default","ast-global-header-display":"","ast-banner-title-visibility":"","ast-main-header-display":"","ast-hfb-above-header-display":"","ast-hfb-below-header-display":"","ast-hfb-mobile-header-display":"","site-post-title":"","ast-breadcrumbs-content":"","ast-featured-img":"disabled","footer-sml-layout":"","ast-disable-related-posts":"","theme-transparent-header-meta":"","adv-header-id-meta":"","stick-header-meta":"","header-above-stick-meta":"","header-main-stick-meta":"","header-below-stick-meta":"","astra-migrate-meta-layouts":"set","ast-page-background-enabled":"default","ast-page-background-meta":{"desktop":{"background-color":"","background-image":"","background-repeat":"repeat","background-position":"center center","background-size":"auto","background-attachment":"scroll","background-type":"","background-media":"","overlay-type":"","overlay-color":"","overlay-opacity":"","overlay-gradient":""},"tablet":{"background-color":"","background-image":"","background-repeat":"repeat","background-position":"center center","background-size":"auto","background-attachment":"scroll","background-type":"","background-media":"","overlay-type":"","overlay-color":"","overlay-opacity":"","overlay-gradient":""},"mobile":{"background-color":"","background-image":"","background-repeat":"repeat","background-position":"center center","background-size":"auto","background-attachment":"scroll","background-type":"","background-media":"","overlay-type":"","overlay-color":"","overlay-opacity":"","overlay-gradient":""}},"ast-content-background-meta":{"desktop":{"background-color":"var(--ast-global-color-5)","background-image":"","background-repeat":"repeat","background-position":"center center","background-size":"auto","background-attachment":"scroll","background-type":"","background-media":"","overlay-type":"","overlay-color":"","overlay-opacity":"","overlay-gradient":""},"tablet":{"background-color":"var(--ast-global-color-5)","background-image":"","background-repeat":"repeat","background-position":"center center","background-size":"auto","background-attachment":"scroll","background-type":"","background-media":"","overlay-type":"","overlay-color":"","overlay-opacity":"","overlay-gradient":""},"mobile":{"background-color":"var(--ast-global-color-5)","background-image":"","background-repeat":"repeat","background-position":"center center","background-size":"auto","background-attachment":"scroll","background-type":"","background-media":"","overlay-type":"","overlay-color":"","overlay-opacity":"","overlay-gradient":""}},"footnotes":""},"class_list":["post-1402","page","type-page","status-publish","hentry"],"_links":{"self":[{"href":"https:\/\/lastenkirurgia.fi\/de\/wp-json\/wp\/v2\/pages\/1402","targetHints":{"allow":["GET"]}}],"collection":[{"href":"https:\/\/lastenkirurgia.fi\/de\/wp-json\/wp\/v2\/pages"}],"about":[{"href":"https:\/\/lastenkirurgia.fi\/de\/wp-json\/wp\/v2\/types\/page"}],"author":[{"embeddable":true,"href":"https:\/\/lastenkirurgia.fi\/de\/wp-json\/wp\/v2\/users\/1"}],"replies":[{"embeddable":true,"href":"https:\/\/lastenkirurgia.fi\/de\/wp-json\/wp\/v2\/comments?post=1402"}],"version-history":[{"count":4,"href":"https:\/\/lastenkirurgia.fi\/de\/wp-json\/wp\/v2\/pages\/1402\/revisions"}],"predecessor-version":[{"id":1631,"href":"https:\/\/lastenkirurgia.fi\/de\/wp-json\/wp\/v2\/pages\/1402\/revisions\/1631"}],"wp:attachment":[{"href":"https:\/\/lastenkirurgia.fi\/de\/wp-json\/wp\/v2\/media?parent=1402"}],"curies":[{"name":"wp","href":"https:\/\/api.w.org\/{rel}","templated":true}]}}