{"id":1406,"date":"2026-04-09T13:57:14","date_gmt":"2026-04-09T13:57:14","guid":{"rendered":"https:\/\/darkcyan-pheasant-754087.hostingersite.com\/?page_id=1406"},"modified":"2026-04-12T07:29:05","modified_gmt":"2026-04-12T07:29:05","slug":"lapsen-raajojen-rakennepoikkeamat","status":"publish","type":"page","link":"https:\/\/lastenkirurgia.fi\/de\/lapsen-raajojen-rakennepoikkeamat\/","title":{"rendered":"Strukturelle Anomalien der Gliedma\u00dfen des Kindes"},"content":{"rendered":"<div data-elementor-type=\"wp-page\" data-elementor-id=\"1406\" class=\"elementor elementor-1406\" data-elementor-post-type=\"page\">\n\t\t\t\t<div class=\"elementor-element elementor-element-0a34132 e-flex e-con-boxed e-con e-parent\" data-id=\"0a34132\" data-element_type=\"container\" data-e-type=\"container\">\n\t\t\t\t\t<div class=\"e-con-inner\">\n\t\t\t\t<div class=\"elementor-element elementor-element-e85a413 elementor-widget elementor-widget-text-editor\" data-id=\"e85a413\" data-element_type=\"widget\" data-e-type=\"widget\" data-widget_type=\"text-editor.default\">\n\t\t\t\t<div class=\"elementor-widget-container\">\n\t\t\t\t\t\t\t\t\t<h2 data-path-to-node=\"2\">Strukturelle Anomalien der Gliedma\u00dfen und Fu\u00dfstellung bei Kindern: Was ist normal?<\/h2>\n<p data-path-to-node=\"3\">Es gibt viele Wachstumsphasen bei Kindern, in denen die Fu\u00dfstellung ungew\u00f6hnlich erscheinen mag, aber oft Teil der normalen Entwicklung ist. Im Folgenden finden Sie eine grobe Beschreibung der h\u00e4ufigsten F\u00e4lle. Am besten l\u00e4sst man die endg\u00fcltige Beurteilung, ob die Fu\u00dfstellung des Kindes normal oder ungew\u00f6hnlich ist, immer von einem Arzt vornehmen.<\/p>\n<h3 data-path-to-node=\"4\">Fu\u00df- und Gehpositionen<\/h3>\n<ul data-path-to-node=\"5\">\n<li>\n<p data-path-to-node=\"5,0,0\"><b data-path-to-node=\"5,0,0\" data-index-in-node=\"0\">Plattf\u00fc\u00dfe und nach innen gedrehte F\u00fc\u00dfe:<\/b> Diese Beschwerden sind bei Kindern in der Regel harmlos und heilen oft von selbst. Ist der Fu\u00df beweglich und schmerzfrei, ist eine Behandlung meist nicht n\u00f6tig. In seltenen F\u00e4llen kann jedoch eine Behandlung erforderlich sein.<\/p>\n<\/li>\n<li>\n<p data-path-to-node=\"5,1,0\"><b data-path-to-node=\"5,1,0\" data-index-in-node=\"0\">Gehen mit nach innen oder au\u00dfen gedrehten Zehen:<\/b> Dies ist sehr h\u00e4ufig und beruht meist auf der nat\u00fcrlichen Ver\u00e4nderung der H\u00fcftposition im Laufe des kindlichen Wachstums. Es bedarf keiner besonderen Behandlung.<\/p>\n<\/li>\n<li>\n<p data-path-to-node=\"5,2,0\"><b data-path-to-node=\"5,2,0\" data-index-in-node=\"0\">\u00dcberlappende Zehen:<\/b> H\u00e4ufig wird dies durch eine Verk\u00fcrzung der Sehnen verursacht. Es handelt sich dabei in der Regel nur um ein \u00e4sthetisches Problem, das die Bewegungsf\u00e4higkeit des Kindes nicht beeintr\u00e4chtigt.<\/p>\n<\/li>\n<\/ul>\n<h3 data-path-to-node=\"6\">Kniepositionen (H\u00fcft- und Kniebeugen)<\/h3>\n<ul data-path-to-node=\"7\">\n<li>\n<p data-path-to-node=\"7,0,0\"><b data-path-to-node=\"7,0,0\" data-index-in-node=\"0\">Westlichkeit:<\/b> Typisch bei S\u00e4uglingen und Kleinkindern.<\/p>\n<\/li>\n<li>\n<p data-path-to-node=\"7,1,0\"><b data-path-to-node=\"7,1,0\" data-index-in-node=\"0\">Zangenknie:<\/b> Am h\u00e4ufigsten im Alter von etwa 3 Jahren.<\/p>\n<\/li>\n<li>\n<p data-path-to-node=\"7,2,0\"><b data-path-to-node=\"7,2,0\" data-index-in-node=\"0\">Wann sollte man einen Arzt aufsuchen?<\/b> Wenn die Kniestellung eindeutig einseitig ist (nur ein Bein betroffen ist), verschlimmert sich das Problem mit zunehmendem Alter oder ist sehr schwerwiegend.<\/p>\n<\/li>\n<\/ul>\n<h3 data-path-to-node=\"8\">Angeborene Fehlbildungen<\/h3>\n<ul data-path-to-node=\"9\">\n<li>\n<p data-path-to-node=\"9,0,0\"><b data-path-to-node=\"9,0,0\" data-index-in-node=\"0\">Klumpfu\u00df:<\/b> Die Diagnose wird in der Regel bei der Geburt gestellt. Die Behandlung erfolgt in spezialisierter medizinischer Versorgung, meist mit einer Reihe von Gipsverb\u00e4nden und Spezialschuhen.<\/p>\n<\/li>\n<li>\n<p data-path-to-node=\"9,1,0\"><b data-path-to-node=\"9,1,0\" data-index-in-node=\"0\">Klumpfu\u00df oder Klumpfu\u00df:<\/b> Die Notwendigkeit einer Behandlung bei Verwachsungen von Fingern und Zehen wird stets individuell beurteilt. Im Falle von Fingern ist eine operative Behandlung h\u00e4ufiger, um die Funktionsf\u00e4higkeit zu erhalten.<\/p>\n<\/li>\n<\/ul>\n<h3 data-path-to-node=\"10\">Beinl\u00e4ngenunterschied<\/h3>\n<ul data-path-to-node=\"11\">\n<li>\n<p data-path-to-node=\"11,0,0\"><b data-path-to-node=\"11,0,0\" data-index-in-node=\"0\">Geringf\u00fcgige Unterschiede:<\/b> Ein Beinl\u00e4ngenunterschied von weniger als 2 cm ist sehr h\u00e4ufig und oft v\u00f6llig harmlos.<\/p>\n<\/li>\n<li>\n<p data-path-to-node=\"11,1,0\"><b data-path-to-node=\"11,1,0\" data-index-in-node=\"0\">Wesentliche Unterschiede:<\/b> Betr\u00e4gt der H\u00f6henunterschied mehr als 2 cm, kann dies zu Haltungsproblemen und Lahmheit f\u00fchren. In solchen F\u00e4llen wird das Kind zur Untersuchung und Behandlungsplanung an einen Spezialisten \u00fcberwiesen.<\/p>\n<\/li>\n<\/ul>\n<p data-path-to-node=\"15,3,0\">Artikel der Gesundheitsbibliothek \u00fcber strukturelle Anomalien der kindlichen Gliedma\u00dfen<\/p>\n<p data-path-to-node=\"15,3,0\"><a href=\"https:\/\/www.terveyskirjasto.fi\/tju00140\" target=\"_blank\" rel=\"noopener\">https:\/\/www.terveyskirjasto.fi\/tju00140<\/a><\/p>\t\t\t\t\t\t\t\t<\/div>\n\t\t\t\t<\/div>\n\t\t\t\t\t<\/div>\n\t\t\t\t<\/div>\n\t\t\t\t<\/div>","protected":false},"excerpt":{"rendered":"<p>Lapsen raajojen rakennepoikkeamat ja jalkaterien asennot: Mik\u00e4 on normaalia? Lasten kasvuun kuuluu monia vaiheita, joissa jalkojen asennot saattavat n\u00e4ytt\u00e4\u00e4 poikkeavilta, mutta ovat usein osa normaalia kehityst\u00e4. Alla on kuvattu hyvin karkeasti yleisimpi\u00e4 tilanteita. Varsinaisen arvion siit\u00e4, onko lapsen tilanne normaali vai poikkeava, olisi hyv\u00e4 aina l\u00e4\u00e4k\u00e4rin tehd\u00e4. Jalkaterien ja k\u00e4velyn asennot Latuskajalka ja sis\u00e4\u00e4np\u00e4in k\u00e4\u00e4ntynyt [&hellip;]<\/p>\n","protected":false},"author":1,"featured_media":0,"parent":0,"menu_order":0,"comment_status":"closed","ping_status":"closed","template":"","meta":{"_angie_page":false,"site-sidebar-layout":"no-sidebar","site-content-layout":"page-builder","ast-site-content-layout":"full-width-container","site-content-style":"default","site-sidebar-style":"default","ast-global-header-display":"","ast-banner-title-visibility":"","ast-main-header-display":"","ast-hfb-above-header-display":"","ast-hfb-below-header-display":"","ast-hfb-mobile-header-display":"","site-post-title":"","ast-breadcrumbs-content":"","ast-featured-img":"disabled","footer-sml-layout":"","ast-disable-related-posts":"","theme-transparent-header-meta":"","adv-header-id-meta":"","stick-header-meta":"","header-above-stick-meta":"","header-main-stick-meta":"","header-below-stick-meta":"","astra-migrate-meta-layouts":"set","ast-page-background-enabled":"default","ast-page-background-meta":{"desktop":{"background-color":"","background-image":"","background-repeat":"repeat","background-position":"center center","background-size":"auto","background-attachment":"scroll","background-type":"","background-media":"","overlay-type":"","overlay-color":"","overlay-opacity":"","overlay-gradient":""},"tablet":{"background-color":"","background-image":"","background-repeat":"repeat","background-position":"center center","background-size":"auto","background-attachment":"scroll","background-type":"","background-media":"","overlay-type":"","overlay-color":"","overlay-opacity":"","overlay-gradient":""},"mobile":{"background-color":"","background-image":"","background-repeat":"repeat","background-position":"center center","background-size":"auto","background-attachment":"scroll","background-type":"","background-media":"","overlay-type":"","overlay-color":"","overlay-opacity":"","overlay-gradient":""}},"ast-content-background-meta":{"desktop":{"background-color":"var(--ast-global-color-5)","background-image":"","background-repeat":"repeat","background-position":"center center","background-size":"auto","background-attachment":"scroll","background-type":"","background-media":"","overlay-type":"","overlay-color":"","overlay-opacity":"","overlay-gradient":""},"tablet":{"background-color":"var(--ast-global-color-5)","background-image":"","background-repeat":"repeat","background-position":"center center","background-size":"auto","background-attachment":"scroll","background-type":"","background-media":"","overlay-type":"","overlay-color":"","overlay-opacity":"","overlay-gradient":""},"mobile":{"background-color":"var(--ast-global-color-5)","background-image":"","background-repeat":"repeat","background-position":"center center","background-size":"auto","background-attachment":"scroll","background-type":"","background-media":"","overlay-type":"","overlay-color":"","overlay-opacity":"","overlay-gradient":""}},"footnotes":""},"class_list":["post-1406","page","type-page","status-publish","hentry"],"_links":{"self":[{"href":"https:\/\/lastenkirurgia.fi\/de\/wp-json\/wp\/v2\/pages\/1406","targetHints":{"allow":["GET"]}}],"collection":[{"href":"https:\/\/lastenkirurgia.fi\/de\/wp-json\/wp\/v2\/pages"}],"about":[{"href":"https:\/\/lastenkirurgia.fi\/de\/wp-json\/wp\/v2\/types\/page"}],"author":[{"embeddable":true,"href":"https:\/\/lastenkirurgia.fi\/de\/wp-json\/wp\/v2\/users\/1"}],"replies":[{"embeddable":true,"href":"https:\/\/lastenkirurgia.fi\/de\/wp-json\/wp\/v2\/comments?post=1406"}],"version-history":[{"count":10,"href":"https:\/\/lastenkirurgia.fi\/de\/wp-json\/wp\/v2\/pages\/1406\/revisions"}],"predecessor-version":[{"id":1605,"href":"https:\/\/lastenkirurgia.fi\/de\/wp-json\/wp\/v2\/pages\/1406\/revisions\/1605"}],"wp:attachment":[{"href":"https:\/\/lastenkirurgia.fi\/de\/wp-json\/wp\/v2\/media?parent=1406"}],"curies":[{"name":"wp","href":"https:\/\/api.w.org\/{rel}","templated":true}]}}