{"id":1410,"date":"2026-04-09T13:58:17","date_gmt":"2026-04-09T13:58:17","guid":{"rendered":"https:\/\/darkcyan-pheasant-754087.hostingersite.com\/?page_id=1410"},"modified":"2026-04-12T14:39:49","modified_gmt":"2026-04-12T14:39:49","slug":"lasten-pehmytkudosvammat","status":"publish","type":"page","link":"https:\/\/lastenkirurgia.fi\/de\/lasten-pehmytkudosvammat\/","title":{"rendered":"Weichteilverletzungen bei Kindern"},"content":{"rendered":"<div data-elementor-type=\"wp-page\" data-elementor-id=\"1410\" class=\"elementor elementor-1410\" data-elementor-post-type=\"page\">\n\t\t\t\t<div class=\"elementor-element elementor-element-204a167 e-flex e-con-boxed e-con e-parent\" data-id=\"204a167\" data-element_type=\"container\" data-e-type=\"container\">\n\t\t\t\t\t<div class=\"e-con-inner\">\n\t\t\t\t<div class=\"elementor-element elementor-element-e16886b elementor-widget elementor-widget-text-editor\" data-id=\"e16886b\" data-element_type=\"widget\" data-e-type=\"widget\" data-widget_type=\"text-editor.default\">\n\t\t\t\t<div class=\"elementor-widget-container\">\n\t\t\t\t\t\t\t\t\t<h2 data-path-to-node=\"2\">Weichteilverletzungen im Bauchbereich eines Kindes<\/h2><p data-path-to-node=\"3\">Kinder sind aktiv, und bei schnellen Spielen oder Sportarten kann es vorkommen, dass sie im Bauchbereich getroffen werden.\u00a0<\/p><p data-path-to-node=\"3\">\u00a0<\/p><h3 data-path-to-node=\"4\">Verletzungen innerer Organe heilen in der Regel ohne Operation.<\/h3><p data-path-to-node=\"5\">Im Gegensatz zu Erwachsenen sind Weichteilverletzungen bei Kindern \u2013 wie zum Beispiel <b data-path-to-node=\"5\" data-index-in-node=\"57\">Leber, Milz oder Nieren<\/b> Beulen und Schnittwunden werden fast immer ohne Operation behandelt.<\/p><ul data-path-to-node=\"6\"><li><p data-path-to-node=\"6,1,0\">Die Behandlung umfasst in der Regel station\u00e4re Beobachtung, Ruhe und Schmerztherapie. Ein chirurgischer Eingriff ist nur sehr selten erforderlich.<\/p><\/li><\/ul><h3 data-path-to-node=\"7\">Wann sind Ermittlungen notwendig?<\/h3><p data-path-to-node=\"8\">Wenn ein Kind einen Schlag in den Bauch erleidet (z. B. durch einen Sturz \u00fcber den Fahrradlenker, einen Sturz oder einen harten Treffer beim Ballspiel), kann dies zu inneren Organsch\u00e4den f\u00fchren.<\/p><p data-path-to-node=\"9\"><b data-path-to-node=\"9\" data-index-in-node=\"0\">Suchen Sie einen Arzt auf, wenn:<\/b><\/p><ul data-path-to-node=\"10\"><li><p data-path-to-node=\"10,0,0\">Das Kind klagt nach dem Eingriff \u00fcber Bauchschmerzen oder der Bauch ist ber\u00fchrungsempfindlich.<\/p><\/li><li><p data-path-to-node=\"10,1,0\">Im Bauchbereich sind sichtbare Bluterg\u00fcsse oder Schwellungen vorhanden.<\/p><\/li><li><p data-path-to-node=\"10,2,0\">Das Kind ist ungew\u00f6hnlich m\u00fcde, blass oder krank.<\/p><\/li><li><p data-path-to-node=\"10,3,0\">Blut im Urin (was oft auf eine Nierensch\u00e4digung hinweist).<\/p><\/li><\/ul><h3 data-path-to-node=\"11\">Wie wird die Verletzung untersucht?<\/h3><p data-path-to-node=\"12\">Bauchschmerzen nach einer Verletzung sollten immer genauer untersucht werden. Neben der \u00e4rztlichen Untersuchung ist folgende Unterst\u00fctzung am wichtigsten:<\/p><ul data-path-to-node=\"13\"><li><p data-path-to-node=\"13,0,0\"><b data-path-to-node=\"13,0,0\" data-index-in-node=\"0\">Ultraschalluntersuchung (US):<\/b> Dies ist eine schmerzlose und sichere Methode f\u00fcr das Kind, den Zustand der inneren Organe zu \u00fcberpr\u00fcfen und m\u00f6gliche innere Blutungen auszuschlie\u00dfen.<\/p><\/li><li><p data-path-to-node=\"13,1,0\">Manchmal werden auch Bluttests und eine Urinprobe in Betracht gezogen.<\/p><\/li><\/ul><hr data-path-to-node=\"14\" \/><p data-path-to-node=\"16,2,0\">\u00a0<\/p>\t\t\t\t\t\t\t\t<\/div>\n\t\t\t\t<\/div>\n\t\t\t\t\t<\/div>\n\t\t\t\t<\/div>\n\t\t\t\t<\/div>","protected":false},"excerpt":{"rendered":"<p>Lapsen vatsan alueen pehmytkudosvammat Lapset ovat aktiivisia, ja vauhdikkaissa leikeiss\u00e4 tai urheilussa voi sattua iskuja vatsan alueelle.\u00a0 \u00a0 Sis\u00e4elinvammat paranevat yleens\u00e4 ilman leikkausta Toisin kuin aikuisilla, lasten pehmytkudosvammat \u2013 kuten maksan, pernan tai munuaisten kolhut ja repe\u00e4m\u00e4t \u2013 hoidetaan l\u00e4hes poikkeuksetta ilman leikkausta. Hoitona on yleens\u00e4 seuranta sairaalassa, lepo ja kivunhoito. Kirurgista hoitoa tarvitaan vain [&hellip;]<\/p>\n","protected":false},"author":1,"featured_media":0,"parent":0,"menu_order":0,"comment_status":"closed","ping_status":"closed","template":"","meta":{"_angie_page":false,"site-sidebar-layout":"no-sidebar","site-content-layout":"page-builder","ast-site-content-layout":"full-width-container","site-content-style":"default","site-sidebar-style":"default","ast-global-header-display":"","ast-banner-title-visibility":"","ast-main-header-display":"","ast-hfb-above-header-display":"","ast-hfb-below-header-display":"","ast-hfb-mobile-header-display":"","site-post-title":"","ast-breadcrumbs-content":"","ast-featured-img":"disabled","footer-sml-layout":"","ast-disable-related-posts":"","theme-transparent-header-meta":"","adv-header-id-meta":"","stick-header-meta":"","header-above-stick-meta":"","header-main-stick-meta":"","header-below-stick-meta":"","astra-migrate-meta-layouts":"set","ast-page-background-enabled":"default","ast-page-background-meta":{"desktop":{"background-color":"","background-image":"","background-repeat":"repeat","background-position":"center center","background-size":"auto","background-attachment":"scroll","background-type":"","background-media":"","overlay-type":"","overlay-color":"","overlay-opacity":"","overlay-gradient":""},"tablet":{"background-color":"","background-image":"","background-repeat":"repeat","background-position":"center center","background-size":"auto","background-attachment":"scroll","background-type":"","background-media":"","overlay-type":"","overlay-color":"","overlay-opacity":"","overlay-gradient":""},"mobile":{"background-color":"","background-image":"","background-repeat":"repeat","background-position":"center center","background-size":"auto","background-attachment":"scroll","background-type":"","background-media":"","overlay-type":"","overlay-color":"","overlay-opacity":"","overlay-gradient":""}},"ast-content-background-meta":{"desktop":{"background-color":"var(--ast-global-color-5)","background-image":"","background-repeat":"repeat","background-position":"center center","background-size":"auto","background-attachment":"scroll","background-type":"","background-media":"","overlay-type":"","overlay-color":"","overlay-opacity":"","overlay-gradient":""},"tablet":{"background-color":"var(--ast-global-color-5)","background-image":"","background-repeat":"repeat","background-position":"center center","background-size":"auto","background-attachment":"scroll","background-type":"","background-media":"","overlay-type":"","overlay-color":"","overlay-opacity":"","overlay-gradient":""},"mobile":{"background-color":"var(--ast-global-color-5)","background-image":"","background-repeat":"repeat","background-position":"center center","background-size":"auto","background-attachment":"scroll","background-type":"","background-media":"","overlay-type":"","overlay-color":"","overlay-opacity":"","overlay-gradient":""}},"footnotes":""},"class_list":["post-1410","page","type-page","status-publish","hentry"],"_links":{"self":[{"href":"https:\/\/lastenkirurgia.fi\/de\/wp-json\/wp\/v2\/pages\/1410","targetHints":{"allow":["GET"]}}],"collection":[{"href":"https:\/\/lastenkirurgia.fi\/de\/wp-json\/wp\/v2\/pages"}],"about":[{"href":"https:\/\/lastenkirurgia.fi\/de\/wp-json\/wp\/v2\/types\/page"}],"author":[{"embeddable":true,"href":"https:\/\/lastenkirurgia.fi\/de\/wp-json\/wp\/v2\/users\/1"}],"replies":[{"embeddable":true,"href":"https:\/\/lastenkirurgia.fi\/de\/wp-json\/wp\/v2\/comments?post=1410"}],"version-history":[{"count":4,"href":"https:\/\/lastenkirurgia.fi\/de\/wp-json\/wp\/v2\/pages\/1410\/revisions"}],"predecessor-version":[{"id":1617,"href":"https:\/\/lastenkirurgia.fi\/de\/wp-json\/wp\/v2\/pages\/1410\/revisions\/1617"}],"wp:attachment":[{"href":"https:\/\/lastenkirurgia.fi\/de\/wp-json\/wp\/v2\/media?parent=1410"}],"curies":[{"name":"wp","href":"https:\/\/api.w.org\/{rel}","templated":true}]}}