{"id":1364,"date":"2026-04-09T13:49:29","date_gmt":"2026-04-09T13:49:29","guid":{"rendered":"https:\/\/darkcyan-pheasant-754087.hostingersite.com\/?page_id=1364"},"modified":"2026-04-11T13:51:53","modified_gmt":"2026-04-11T13:51:53","slug":"lapsen-laskeutumattoman-kiveksen-korjausleikkaus","status":"publish","type":"page","link":"https:\/\/lastenkirurgia.fi\/en\/lapsen-laskeutumattoman-kiveksen-korjausleikkaus\/","title":{"rendered":"Surgery to correct an undescended testicle in a child"},"content":{"rendered":"<div data-elementor-type=\"wp-page\" data-elementor-id=\"1364\" class=\"elementor elementor-1364\" data-elementor-post-type=\"page\">\n\t\t\t\t<div class=\"elementor-element elementor-element-21515e0 e-flex e-con-boxed e-con e-parent\" data-id=\"21515e0\" data-element_type=\"container\" data-e-type=\"container\">\n\t\t\t\t\t<div class=\"e-con-inner\">\n\t\t\t\t<div class=\"elementor-element elementor-element-68ab2d7 elementor-widget elementor-widget-text-editor\" data-id=\"68ab2d7\" data-element_type=\"widget\" data-e-type=\"widget\" data-widget_type=\"text-editor.default\">\n\t\t\t\t<div class=\"elementor-widget-container\">\n\t\t\t\t\t\t\t\t\t<h2 data-path-to-node=\"2\">Undescended testicle in a child \u2013 information and treatment path<\/h2><p data-path-to-node=\"3\">A boy&#039;s testicles usually descend into the scrotum during fetal development, but sometimes one or both testicles get left behind. The testicles should have descended <b data-path-to-node=\"3\" data-index-in-node=\"167\">By 6 months of age<\/b>.<\/p><h3 data-path-to-node=\"4\">A undescended testicle is a normal phenomenon<\/h3><p data-path-to-node=\"5\">Many children experience what is called <b data-path-to-node=\"5\" data-index-in-node=\"39\">undescended testicle<\/b> (testicle salt)<i data-path-to-node=\"5\" data-index-in-node=\"54\">s<\/i>). This is a completely normal physiological phenomenon caused by an active levator ani muscle.<\/p><ul data-path-to-node=\"6\"><li><p data-path-to-node=\"6,0,0\">If the testicle occasionally rises, but can be easily pulled back into the scrotum during a medical examination, the situation is normal. It is not a good idea to pull the testicles at home.<\/p><\/li><li><p data-path-to-node=\"6,1,0\">It is also a good sign if the testicle is visible in the scrotum when the child is relaxed, for example: <b data-path-to-node=\"6,1,0\" data-index-in-node=\"94\">in a warm bath or sauna<\/b>. In this case, surgical treatment is not required.<\/p><\/li><\/ul><h3 data-path-to-node=\"7\">When are investigations needed?<\/h3><p data-path-to-node=\"8\">If the testicle does not descend even in heat, a medical evaluation is needed. The treatment path depends on the location of the testicle:<\/p><ol start=\"1\" data-path-to-node=\"9\"><li><p data-path-to-node=\"9,0,0\"><b data-path-to-node=\"9,0,0\" data-index-in-node=\"0\">The testicle is felt in the groin:<\/b> The doctor feels the testicle in the inguinal canal or above the scrotum, but it cannot be retracted into the scrotum. This is treated with routine surgery.<\/p><\/li><li><p data-path-to-node=\"9,1,0\"><b data-path-to-node=\"9,1,0\" data-index-in-node=\"0\">The stone is not felt at all:<\/b> If the testicle cannot be palpated, it is most often done <b data-path-to-node=\"9,1,0\" data-index-in-node=\"87\">ultrasound examination<\/b>.<\/p><\/li><li><p data-path-to-node=\"9,2,0\"><b data-path-to-node=\"9,2,0\" data-index-in-node=\"0\">The stone cannot be found on ultrasound:<\/b> In this case, we will do <b data-path-to-node=\"9,2,0\" data-index-in-node=\"47\">laparoscopy<\/b> i.e. laparoscopy. The scan determines whether the testicle is in the abdominal cavity or whether it has atrophied.<\/p><\/li><\/ol><hr data-path-to-node=\"10\" \/><h3 data-path-to-node=\"11\">Treatment: Surgically returning the testicle to the scrotum<\/h3><p data-path-to-node=\"12\">An undescended testicle is treated with surgery under anesthesia to bring the testicle to an optimal, cooler temperature.<\/p><h4 data-path-to-node=\"13\">A. Day surgery (testicle in the groin)<\/h4><ul data-path-to-node=\"14\"><li><p data-path-to-node=\"14,0,0\"><b data-path-to-node=\"14,0,0\" data-index-in-node=\"0\">Measures:<\/b> Two small incisions are made \u2013 one in the groin and one in the scrotum. The tightening tissue around the blood vessels and vas deferens of the testicle is removed, giving the penis more length.<\/p><\/li><li><p data-path-to-node=\"14,1,0\"><b data-path-to-node=\"14,1,0\" data-index-in-node=\"0\">Duration:<\/b> The surgery takes about <b data-path-to-node=\"14,1,0\" data-index-in-node=\"28\">30 minutes<\/b>.<\/p><\/li><li><p data-path-to-node=\"14,2,0\"><b data-path-to-node=\"14,2,0\" data-index-in-node=\"0\">Homecoming:<\/b> The child can go home the same day.<\/p><\/li><\/ul><h4 data-path-to-node=\"15\">B. Testicle located in the abdominal cavity (Two-stage treatment)<\/h4><p data-path-to-node=\"16\">If the testicle is in the abdominal cavity, treatment requires two steps to ensure blood circulation:<\/p><ol start=\"1\" data-path-to-node=\"17\"><li><p data-path-to-node=\"17,0,0\"><b data-path-to-node=\"17,0,0\" data-index-in-node=\"0\">Step 1:<\/b> The blood vessel that is constricting the testicle is cut. After this, it is expected <b data-path-to-node=\"17,0,0\" data-index-in-node=\"76\">6 months<\/b>, so that the surrounding replacement blood circulation is strengthened.<\/p><\/li><li><p data-path-to-node=\"17,1,0\"><b data-path-to-node=\"17,1,0\" data-index-in-node=\"0\">2nd stage:<\/b> A second surgery is performed, in which the testicle is brought into the scrotum with improved blood circulation.<\/p><\/li><\/ol><hr data-path-to-node=\"18\" \/><h3 data-path-to-node=\"19\">Recovery at home<\/h3><ul data-path-to-node=\"20\"><li><p data-path-to-node=\"20,0,0\"><b data-path-to-node=\"20,0,0\" data-index-in-node=\"0\">Pain management:<\/b> Regular pain medication (paracetamol\/ibuprofen) in the first few days.<\/p><\/li><li><p data-path-to-node=\"20,1,0\"><b data-path-to-node=\"20,1,0\" data-index-in-node=\"0\">Wounds:<\/b> The incisions are usually closed with dissolvable stitches that disappear on their own.<\/p><\/li><li><p data-path-to-node=\"20,2,0\"><b data-path-to-node=\"20,2,0\" data-index-in-node=\"0\">Trammels:<\/b> Exercise, sports and swimming should generally be avoided <b data-path-to-node=\"20,2,0\" data-index-in-node=\"65\">about 1-2 weeks depending on age<\/b>.<\/p><\/li><li><p data-path-to-node=\"20,3,0\"><b data-path-to-node=\"20,3,0\" data-index-in-node=\"0\">Return to everyday life:<\/b> You can usually return to school or daycare after a few days, depending on your condition.<\/p><\/li><\/ul><p>Health Village link<\/p><p><a href=\"https:\/\/www.terveyskyla.fi\/lastentalo\/tietoa-lasten-sairauksista\/lasten-ja-nuorten-urologia\/laskeutumaton-kives\" target=\"_blank\" rel=\"noopener\">https:\/\/www.terveyskyla.fi\/lastentalo\/tietoa-lasten-sairauksista\/lasten-ja-nuorten-urologia\/laskeutumaton-kives<\/a><\/p><p>\u00a0<\/p><p>\u00a0<\/p>\t\t\t\t\t\t\t\t<\/div>\n\t\t\t\t<\/div>\n\t\t\t\t\t<\/div>\n\t\t\t\t<\/div>\n\t\t\t\t<\/div>","protected":false},"excerpt":{"rendered":"<p>Lapsen laskeutumaton kives \u2013 tietoa ja hoitopolku Poikalapsen kivekset laskeutuvat yleens\u00e4 kivespussiin siki\u00f6aikana, mutta joskus toinen tai molemmat kivekset j\u00e4\u00e4v\u00e4t matkan varrelle. Kivesten tulisi olla laskeutunut 6 kuukauden ik\u00e4\u00e4n menness\u00e4. Hyppiv\u00e4 kives on normaali ilmi\u00f6 Monilla lapsilla esiintyy niin sanottu hyppiv\u00e4 kives (testis saltans). T\u00e4m\u00e4 on t\u00e4ysin normaali fysiologinen ilmi\u00f6, joka johtuu vilkkaasta kiveskohottajalihaksesta. Jos [&hellip;]<\/p>\n","protected":false},"author":1,"featured_media":0,"parent":0,"menu_order":0,"comment_status":"closed","ping_status":"closed","template":"","meta":{"_angie_page":false,"site-sidebar-layout":"no-sidebar","site-content-layout":"page-builder","ast-site-content-layout":"full-width-container","site-content-style":"default","site-sidebar-style":"default","ast-global-header-display":"","ast-banner-title-visibility":"","ast-main-header-display":"","ast-hfb-above-header-display":"","ast-hfb-below-header-display":"","ast-hfb-mobile-header-display":"","site-post-title":"","ast-breadcrumbs-content":"","ast-featured-img":"disabled","footer-sml-layout":"","ast-disable-related-posts":"","theme-transparent-header-meta":"","adv-header-id-meta":"","stick-header-meta":"","header-above-stick-meta":"","header-main-stick-meta":"","header-below-stick-meta":"","astra-migrate-meta-layouts":"set","ast-page-background-enabled":"default","ast-page-background-meta":{"desktop":{"background-color":"","background-image":"","background-repeat":"repeat","background-position":"center center","background-size":"auto","background-attachment":"scroll","background-type":"","background-media":"","overlay-type":"","overlay-color":"","overlay-opacity":"","overlay-gradient":""},"tablet":{"background-color":"","background-image":"","background-repeat":"repeat","background-position":"center center","background-size":"auto","background-attachment":"scroll","background-type":"","background-media":"","overlay-type":"","overlay-color":"","overlay-opacity":"","overlay-gradient":""},"mobile":{"background-color":"","background-image":"","background-repeat":"repeat","background-position":"center center","background-size":"auto","background-attachment":"scroll","background-type":"","background-media":"","overlay-type":"","overlay-color":"","overlay-opacity":"","overlay-gradient":""}},"ast-content-background-meta":{"desktop":{"background-color":"var(--ast-global-color-5)","background-image":"","background-repeat":"repeat","background-position":"center center","background-size":"auto","background-attachment":"scroll","background-type":"","background-media":"","overlay-type":"","overlay-color":"","overlay-opacity":"","overlay-gradient":""},"tablet":{"background-color":"var(--ast-global-color-5)","background-image":"","background-repeat":"repeat","background-position":"center center","background-size":"auto","background-attachment":"scroll","background-type":"","background-media":"","overlay-type":"","overlay-color":"","overlay-opacity":"","overlay-gradient":""},"mobile":{"background-color":"var(--ast-global-color-5)","background-image":"","background-repeat":"repeat","background-position":"center center","background-size":"auto","background-attachment":"scroll","background-type":"","background-media":"","overlay-type":"","overlay-color":"","overlay-opacity":"","overlay-gradient":""}},"footnotes":""},"class_list":["post-1364","page","type-page","status-publish","hentry"],"_links":{"self":[{"href":"https:\/\/lastenkirurgia.fi\/en\/wp-json\/wp\/v2\/pages\/1364","targetHints":{"allow":["GET"]}}],"collection":[{"href":"https:\/\/lastenkirurgia.fi\/en\/wp-json\/wp\/v2\/pages"}],"about":[{"href":"https:\/\/lastenkirurgia.fi\/en\/wp-json\/wp\/v2\/types\/page"}],"author":[{"embeddable":true,"href":"https:\/\/lastenkirurgia.fi\/en\/wp-json\/wp\/v2\/users\/1"}],"replies":[{"embeddable":true,"href":"https:\/\/lastenkirurgia.fi\/en\/wp-json\/wp\/v2\/comments?post=1364"}],"version-history":[{"count":4,"href":"https:\/\/lastenkirurgia.fi\/en\/wp-json\/wp\/v2\/pages\/1364\/revisions"}],"predecessor-version":[{"id":1577,"href":"https:\/\/lastenkirurgia.fi\/en\/wp-json\/wp\/v2\/pages\/1364\/revisions\/1577"}],"wp:attachment":[{"href":"https:\/\/lastenkirurgia.fi\/en\/wp-json\/wp\/v2\/media?parent=1364"}],"curies":[{"name":"wp","href":"https:\/\/api.w.org\/{rel}","templated":true}]}}