{"id":1378,"date":"2026-04-09T13:52:19","date_gmt":"2026-04-09T13:52:19","guid":{"rendered":"https:\/\/darkcyan-pheasant-754087.hostingersite.com\/?page_id=1378"},"modified":"2026-04-12T15:58:42","modified_gmt":"2026-04-12T15:58:42","slug":"lapsen-ummetus","status":"publish","type":"page","link":"https:\/\/lastenkirurgia.fi\/en\/lapsen-ummetus\/","title":{"rendered":"Child constipation"},"content":{"rendered":"<div data-elementor-type=\"wp-page\" data-elementor-id=\"1378\" class=\"elementor elementor-1378\" data-elementor-post-type=\"page\">\n\t\t\t\t<div class=\"elementor-element elementor-element-891d0ce e-flex e-con-boxed e-con e-parent\" data-id=\"891d0ce\" data-element_type=\"container\" data-e-type=\"container\">\n\t\t\t\t\t<div class=\"e-con-inner\">\n\t\t\t\t<div class=\"elementor-element elementor-element-7342566 elementor-widget elementor-widget-text-editor\" data-id=\"7342566\" data-element_type=\"widget\" data-e-type=\"widget\" data-widget_type=\"text-editor.default\">\n\t\t\t\t<div class=\"elementor-widget-container\">\n\t\t\t\t\t\t\t\t\t<h2 data-path-to-node=\"2\">Child constipation and soiling \u2013 Instructions for home and treatment<\/h2><p data-path-to-node=\"3\">A child&#039;s bowel function is individual: some defecate several times a day, some less often than every day. In principle, a child should defecate daily or almost daily. Young babies have different patterns of bowel function and their stomachs may function very irregularly. Constipation is a common problem (up to &gt;25% of % children), which should be treated early so that it does not become a long-term problem.<\/p><h3 data-path-to-node=\"4\">1. When is constipation a problem?<\/h3><p data-path-to-node=\"5\">A child is constipated if they have at least two of the following symptoms for a month:<\/p><ul data-path-to-node=\"6\"><li><p data-path-to-node=\"6,0,0\">Defecation is infrequent \u2013 usually less than every other day. Sometimes constipation can occur even if you defecate almost daily<\/p><\/li><li><p data-path-to-node=\"6,1,0\">The stool is hard or defecation is painful.<\/p><\/li><li><p data-path-to-node=\"6,2,0\">The child is clearly holding back or afraid of defecating.<\/p><\/li><li><p data-path-to-node=\"6,3,0\">The feces are very large.<\/p><\/li><li><p data-path-to-node=\"6,4,0\"><b data-path-to-node=\"6,4,0\" data-index-in-node=\"0\">Defacing:<\/b> Feces accidentally leak into the pants (for children over 4 years old).<\/p><\/li><\/ul><p data-path-to-node=\"7\"><b data-path-to-node=\"7\" data-index-in-node=\"0\">Signs of pawning:<\/b> An infant may stretch their body and tense their buttocks. A toddler may stand on their tiptoes, hold their legs tightly together, or rock back and forth.<\/p><h3 data-path-to-node=\"8\">2. Self-treatment of constipation<\/h3><h4 data-path-to-node=\"9\">Diet<\/h4><ul data-path-to-node=\"10\"><li><p data-path-to-node=\"10,0,0\"><b data-path-to-node=\"10,0,0\" data-index-in-node=\"0\">Fiber:<\/b> Add whole grains (rye bread, oatmeal), vegetables, fruits and berries.<\/p><\/li><li><p data-path-to-node=\"10,1,0\"><b data-path-to-node=\"10,1,0\" data-index-in-node=\"0\">Natural softeners:<\/b> Plum or mango puree, grated pear, and malt extract (for infants) help.<\/p><\/li><li><p data-path-to-node=\"10,2,0\"><b data-path-to-node=\"10,2,0\" data-index-in-node=\"0\">Liquid:<\/b> Make sure your child drinks enough water.<\/p><\/li><li><p data-path-to-node=\"10,3,0\"><b data-path-to-node=\"10,3,0\" data-index-in-node=\"0\">Power:<\/b> Reduce foods that harden the intestines, such as bananas, white bread, cocoa, and blueberry juice. Limit excessive milk consumption.<\/p><\/li><\/ul><h4 data-path-to-node=\"11\">Toilet routines<\/h4><ul data-path-to-node=\"12\"><li><p data-path-to-node=\"12,0,0\"><b data-path-to-node=\"12,0,0\" data-index-in-node=\"0\">Regularity:<\/b> Teach your child to sit on the potty or seat for 10\u201315 minutes after every meal.<\/p><\/li><li><p data-path-to-node=\"12,1,0\"><b data-path-to-node=\"12,1,0\" data-index-in-node=\"0\">Correct position:<\/b> Use a footstool on the bassinet so that the child&#039;s feet are firmly on the surface and the position is squatting.<\/p><\/li><li><p data-path-to-node=\"12,2,0\"><b data-path-to-node=\"12,2,0\" data-index-in-node=\"0\">Positivity:<\/b> Never criticize for mistakes. Reward for successes (e.g. a sticky note).<\/p><\/li><\/ul><h3 data-path-to-node=\"13\">3. Defecation (Encopresis)<\/h3><p data-path-to-node=\"14\">Soiling is the involuntary leakage of stool into the pants. Nearly 90% of % cases are caused by severe constipation: a hard stool mass (blockage) in the colon prevents normal bowel emptying, causing loose stool to flow past the block uncontrollably.<\/p><ul data-path-to-node=\"15\"><li><p data-path-to-node=\"15,0,0\"><b data-path-to-node=\"15,0,0\" data-index-in-node=\"0\">It is not intentional:<\/b> The child is not aware of the stool coming in or the possible smell. The child should not be punished for making a mess.<\/p><\/li><li><p data-path-to-node=\"15,1,0\"><b data-path-to-node=\"15,1,0\" data-index-in-node=\"0\">Care:<\/b> The fouling will improve when the underlying constipation is effectively treated.<\/p><\/li><\/ul><h3 data-path-to-node=\"16\">4. Medication<\/h3><p data-path-to-node=\"17\">If self-care is not enough in a month, medication should be started according to the instructions of a doctor or clinic.<\/p><ul data-path-to-node=\"18\"><li><p data-path-to-node=\"18,0,0\"><b data-path-to-node=\"18,0,0\" data-index-in-node=\"0\">Cushions:<\/b> Macrogol or lactulose preparations soften stools. They must be used long enough (weeks or months) for the rectum to recover and the child to learn that defecation no longer hurts.<\/p><\/li><li><p data-path-to-node=\"18,1,0\"><b data-path-to-node=\"18,1,0\" data-index-in-node=\"0\">Evacuation:<\/b> If there is a large fecal impaction in the intestine, treatment is often started with enemas.<\/p><\/li><\/ul><h3 data-path-to-node=\"19\">5. When should I see a doctor?<\/h3><p data-path-to-node=\"20\">Contact a clinic or doctor if:<\/p><ul data-path-to-node=\"21\"><li><p data-path-to-node=\"21,0,0\">The constipation has lasted for over a month and self-treatment is not helping.<\/p><\/li><li><p data-path-to-node=\"21,1,0\">There is blood in the stool.<\/p><\/li><li><p data-path-to-node=\"21,2,0\">The child has severe stomach pains.<\/p><\/li><li><p data-path-to-node=\"21,3,0\">A newborn\/small infant defecates exceptionally infrequently (less than once a week).<\/p><\/li><li><p data-path-to-node=\"21,4,0\">The mess starts again even though the child has already learned to be neat.<\/p><\/li><\/ul><p>health library article<\/p><p><a href=\"https:\/\/www.terveyskirjasto.fi\/dlk00533\" target=\"_blank\" rel=\"noopener\">https:\/\/www.terveyskirjasto.fi\/dlk00533<\/a><\/p>\t\t\t\t\t\t\t\t<\/div>\n\t\t\t\t<\/div>\n\t\t\t\t\t<\/div>\n\t\t\t\t<\/div>\n\t\t\t\t<\/div>","protected":false},"excerpt":{"rendered":"<p>Lapsen ummetus ja tuhriminen \u2013 Ohjeita kotiin ja hoitoon Lapsen suolen toiminta on yksil\u00f6llist\u00e4: osa ulostaa useasti p\u00e4iv\u00e4ss\u00e4, osa harvemmin kuin joka p\u00e4iv\u00e4. Periaatteessa lapsen pit\u00e4isi ulostaa p\u00e4ivitt\u00e4in tai l\u00e4hes p\u00e4ivitt\u00e4in. Pienill\u00e4 vauvoilla on vatsan toiminnan suhteen eri kuviot ja vatsa saattaa toimia hyvinkin ep\u00e4s\u00e4\u00e4nn\u00f6llisesti. Ummetus on yleinen vaiva ( jopa &gt;25 % lapsista), joka [&hellip;]<\/p>\n","protected":false},"author":1,"featured_media":0,"parent":0,"menu_order":0,"comment_status":"closed","ping_status":"closed","template":"","meta":{"_angie_page":false,"site-sidebar-layout":"no-sidebar","site-content-layout":"page-builder","ast-site-content-layout":"full-width-container","site-content-style":"default","site-sidebar-style":"default","ast-global-header-display":"","ast-banner-title-visibility":"","ast-main-header-display":"","ast-hfb-above-header-display":"","ast-hfb-below-header-display":"","ast-hfb-mobile-header-display":"","site-post-title":"","ast-breadcrumbs-content":"","ast-featured-img":"disabled","footer-sml-layout":"","ast-disable-related-posts":"","theme-transparent-header-meta":"","adv-header-id-meta":"","stick-header-meta":"","header-above-stick-meta":"","header-main-stick-meta":"","header-below-stick-meta":"","astra-migrate-meta-layouts":"set","ast-page-background-enabled":"default","ast-page-background-meta":{"desktop":{"background-color":"","background-image":"","background-repeat":"repeat","background-position":"center center","background-size":"auto","background-attachment":"scroll","background-type":"","background-media":"","overlay-type":"","overlay-color":"","overlay-opacity":"","overlay-gradient":""},"tablet":{"background-color":"","background-image":"","background-repeat":"repeat","background-position":"center center","background-size":"auto","background-attachment":"scroll","background-type":"","background-media":"","overlay-type":"","overlay-color":"","overlay-opacity":"","overlay-gradient":""},"mobile":{"background-color":"","background-image":"","background-repeat":"repeat","background-position":"center center","background-size":"auto","background-attachment":"scroll","background-type":"","background-media":"","overlay-type":"","overlay-color":"","overlay-opacity":"","overlay-gradient":""}},"ast-content-background-meta":{"desktop":{"background-color":"var(--ast-global-color-5)","background-image":"","background-repeat":"repeat","background-position":"center center","background-size":"auto","background-attachment":"scroll","background-type":"","background-media":"","overlay-type":"","overlay-color":"","overlay-opacity":"","overlay-gradient":""},"tablet":{"background-color":"var(--ast-global-color-5)","background-image":"","background-repeat":"repeat","background-position":"center center","background-size":"auto","background-attachment":"scroll","background-type":"","background-media":"","overlay-type":"","overlay-color":"","overlay-opacity":"","overlay-gradient":""},"mobile":{"background-color":"var(--ast-global-color-5)","background-image":"","background-repeat":"repeat","background-position":"center center","background-size":"auto","background-attachment":"scroll","background-type":"","background-media":"","overlay-type":"","overlay-color":"","overlay-opacity":"","overlay-gradient":""}},"footnotes":""},"class_list":["post-1378","page","type-page","status-publish","hentry"],"_links":{"self":[{"href":"https:\/\/lastenkirurgia.fi\/en\/wp-json\/wp\/v2\/pages\/1378","targetHints":{"allow":["GET"]}}],"collection":[{"href":"https:\/\/lastenkirurgia.fi\/en\/wp-json\/wp\/v2\/pages"}],"about":[{"href":"https:\/\/lastenkirurgia.fi\/en\/wp-json\/wp\/v2\/types\/page"}],"author":[{"embeddable":true,"href":"https:\/\/lastenkirurgia.fi\/en\/wp-json\/wp\/v2\/users\/1"}],"replies":[{"embeddable":true,"href":"https:\/\/lastenkirurgia.fi\/en\/wp-json\/wp\/v2\/comments?post=1378"}],"version-history":[{"count":4,"href":"https:\/\/lastenkirurgia.fi\/en\/wp-json\/wp\/v2\/pages\/1378\/revisions"}],"predecessor-version":[{"id":1661,"href":"https:\/\/lastenkirurgia.fi\/en\/wp-json\/wp\/v2\/pages\/1378\/revisions\/1661"}],"wp:attachment":[{"href":"https:\/\/lastenkirurgia.fi\/en\/wp-json\/wp\/v2\/media?parent=1378"}],"curies":[{"name":"wp","href":"https:\/\/api.w.org\/{rel}","templated":true}]}}