{"id":1372,"date":"2026-04-09T13:51:12","date_gmt":"2026-04-09T13:51:12","guid":{"rendered":"https:\/\/darkcyan-pheasant-754087.hostingersite.com\/?page_id=1372"},"modified":"2026-04-11T13:35:26","modified_gmt":"2026-04-11T13:35:26","slug":"lapsen-murtuman-hoito","status":"publish","type":"page","link":"https:\/\/lastenkirurgia.fi\/es\/lapsen-murtuman-hoito\/","title":{"rendered":"Tratamiento de una fractura infantil"},"content":{"rendered":"<div data-elementor-type=\"wp-page\" data-elementor-id=\"1372\" class=\"elementor elementor-1372\" data-elementor-post-type=\"page\">\n\t\t\t\t<div class=\"elementor-element elementor-element-31eef8b e-flex e-con-boxed e-con e-parent\" data-id=\"31eef8b\" data-element_type=\"container\" data-e-type=\"container\">\n\t\t\t\t\t<div class=\"e-con-inner\">\n\t\t\t\t<div class=\"elementor-element elementor-element-d40e97e elementor-widget elementor-widget-text-editor\" data-id=\"d40e97e\" data-element_type=\"widget\" data-e-type=\"widget\" data-widget_type=\"text-editor.default\">\n\t\t\t\t<div class=\"elementor-widget-container\">\n\t\t\t\t\t\t\t\t\t<h2 data-path-to-node=\"2\">Tratamiento y seguimiento de una fractura infantil<\/h2><p data-path-to-node=\"3\">Las fracturas en ni\u00f1os difieren significativamente de las que se producen en adultos. Dependiendo de la edad, el hueso infantil a\u00fan se encuentra en pleno proceso de remodelaci\u00f3n, por lo que los tratamientos se seleccionan individualmente seg\u00fan la edad y la etapa de crecimiento del ni\u00f1o.<\/p><h3 data-path-to-node=\"4\">\u00bfPor qu\u00e9 es especial una fractura infantil?<\/h3><p data-path-to-node=\"5\">Existen varias caracter\u00edsticas del esqueleto infantil que hacen que el diagn\u00f3stico y el tratamiento sean diferentes en comparaci\u00f3n con los adultos:<\/p><ul data-path-to-node=\"6\"><li><p data-path-to-node=\"6,0,0\"><b data-path-to-node=\"6,0,0\" data-index-in-node=\"0\">Interpretaci\u00f3n de im\u00e1genes de rayos X:<\/b> Los huesos de los ni\u00f1os tienen l\u00edneas de crecimiento, centros de crecimiento y partes cartilaginosas que difieren de los huesos de los adultos. Por lo tanto, interpretar las im\u00e1genes requiere un ojo experto para distinguir, por ejemplo, una fractura de una l\u00ednea de crecimiento normal.<\/p><\/li><li><p data-path-to-node=\"6,1,0\"><b data-path-to-node=\"6,1,0\" data-index-in-node=\"0\">El poder del crecimiento (remodelaci\u00f3n):<\/b> Cuanto m\u00e1s peque\u00f1o es el ni\u00f1o, mayor es la capacidad de su cuerpo para corregir la desalineaci\u00f3n de la fractura a medida que crece. Por eso, a los ni\u00f1os peque\u00f1os se les puede permitir una desalineaci\u00f3n significativamente mayor que a los ni\u00f1os mayores o a los adultos, y el resultado final seguir\u00e1 siendo pr\u00e1cticamente perfecto a largo plazo.<\/p><\/li><\/ul><h3 data-path-to-node=\"7\">Modalidades de tratamiento<\/h3><p data-path-to-node=\"8\">La mayor\u00eda de las fracturas en ni\u00f1os se tratan f\u00e1cilmente con una escayola, pero a la luz de los conocimientos actuales, no todas las fracturas requieren siquiera una escayola.<\/p><ol start=\"1\" data-path-to-node=\"9\"><li><p data-path-to-node=\"9,0,0\"><b data-path-to-node=\"9,0,0\" data-index-in-node=\"0\">Tratamiento sin yeso:<\/b> Ciertas fracturas t\u00edpicas, como las de la mu\u00f1eca <b data-path-to-node=\"9,0,0\" data-index-in-node=\"59\">fracturas de ramitas de sauce<\/b>, sanan perfectamente sin una escayola r\u00edgida. Lo mismo ocurre con algunas fracturas en ni\u00f1os muy peque\u00f1os.<\/p><\/li><li><p data-path-to-node=\"9,1,0\"><b data-path-to-node=\"9,1,0\" data-index-in-node=\"0\">Tratamiento con yeso:<\/b> Si la fractura requiere soporte, generalmente se utiliza una escayola durante unas pocas semanas (en ni\u00f1os peque\u00f1os) o hasta seis semanas (en algunas fracturas en ni\u00f1os mayores).<\/p><\/li><li><p data-path-to-node=\"9,2,0\"><b data-path-to-node=\"9,2,0\" data-index-in-node=\"0\">Decisi\u00f3n de tratamiento individual:<\/b> El tratamiento est\u00e1 influenciado por el ni\u00f1o. <b data-path-to-node=\"9,2,0\" data-index-in-node=\"51\">edad y tama\u00f1o<\/b>. Por ejemplo, una fractura en un ni\u00f1o de 5 a\u00f1os a menudo se trata de manera diferente que en un ni\u00f1o de 11 a\u00f1os porque el ni\u00f1o m\u00e1s peque\u00f1o tiene un mayor potencial de recuperaci\u00f3n.<\/p><\/li><\/ol><h3 data-path-to-node=\"10\">Fracturas de la l\u00ednea de crecimiento y monitorizaci\u00f3n<\/h3><p data-path-to-node=\"11\">Si la fractura se extiende <b data-path-to-node=\"11\" data-index-in-node=\"20\">l\u00ednea de crecimiento<\/b>, A veces, la situaci\u00f3n requiere un seguimiento m\u00e1s exhaustivo. La l\u00ednea de crecimiento es la zona donde el hueso crece en longitud, y las lesiones en esta zona pueden afectar su crecimiento normal.<\/p><ul data-path-to-node=\"12\"><li><p data-path-to-node=\"12,0,0\"><b data-path-to-node=\"12,0,0\" data-index-in-node=\"0\">Inspecci\u00f3n posterior:<\/b> En las fracturas de la l\u00ednea de crecimiento, a veces se toma una nueva radiograf\u00eda aproximadamente <b data-path-to-node=\"12,0,0\" data-index-in-node=\"77\">A los 6 meses<\/b>.<\/p><\/li><li><p data-path-to-node=\"12,1,0\"><b data-path-to-node=\"12,1,0\" data-index-in-node=\"0\">\u00bfQu\u00e9 se est\u00e1 monitorizando?<\/b> La imagen garantiza que la l\u00ednea de crecimiento no se haya osificado prematuramente en el lugar de la fractura, lo que podr\u00eda provocar un fallo en el crecimiento.<\/p><\/li><\/ul><hr data-path-to-node=\"13\" \/><h3 data-path-to-node=\"14\">Instrucciones para el cuidado en casa con yeso:<\/h3><ul data-path-to-node=\"15\"><li><p data-path-to-node=\"15,0,0\"><b data-path-to-node=\"15,0,0\" data-index-in-node=\"0\">Controlar la circulaci\u00f3n sangu\u00ednea:<\/b> Si los dedos de los pies o de las manos se ponen azules, se enfr\u00edan o el ni\u00f1o se queja de un hormigueo intenso, consulte a un m\u00e9dico.<\/p><\/li><li><p data-path-to-node=\"15,1,0\"><b data-path-to-node=\"15,1,0\" data-index-in-node=\"0\">Control del dolor:<\/b> Administre analg\u00e9sicos (paracetamol\/ibuprofeno) seg\u00fan las indicaciones de su m\u00e9dico, especialmente durante los primeros d\u00edas.<\/p><\/li><li><p data-path-to-node=\"15,2,0\"><b data-path-to-node=\"15,2,0\" data-index-in-node=\"0\">Pureza del yeso:<\/b> Mant\u00e9n la escayola seca. Es imprescindible usar una bolsa de pl\u00e1stico para protegerla en la ducha.<\/p><\/li><\/ul><p>Enlace a las directrices de la UHS para el tratamiento de fracturas en ni\u00f1os<\/p><p><a href=\"https:\/\/www.hus.fi\/potilaalle\/hoidot-ja-tutkimukset\/lasten-ja-nuorten-murtumien-hoito\" target=\"_blank\" rel=\"noopener\">https:\/\/www.hus.fi\/potilaalle\/hoidot-ja-tutkimukset\/lasten-ja-nuorten-murtumien-hoito<\/a><\/p>\t\t\t\t\t\t\t\t<\/div>\n\t\t\t\t<\/div>\n\t\t\t\t\t<\/div>\n\t\t\t\t<\/div>\n\t\t<div class=\"elementor-element elementor-element-ce7b048 e-flex e-con-boxed e-con e-parent\" data-id=\"ce7b048\" data-element_type=\"container\" data-e-type=\"container\">\n\t\t\t\t\t<div class=\"e-con-inner\">\n\t\t\t\t<div class=\"elementor-element elementor-element-acf34e3 elementor-widget elementor-widget-image\" data-id=\"acf34e3\" data-element_type=\"widget\" data-e-type=\"widget\" data-widget_type=\"image.default\">\n\t\t\t\t<div class=\"elementor-widget-container\">\n\t\t\t\t\t\t\t\t\t\t\t\t\t\t\t<img fetchpriority=\"high\" decoding=\"async\" width=\"1024\" height=\"559\" src=\"https:\/\/lastenkirurgia.fi\/wp-content\/uploads\/2026\/04\/rannemurtuma.webp\" class=\"attachment-large size-large wp-image-1561\" alt=\"\" srcset=\"https:\/\/lastenkirurgia.fi\/wp-content\/uploads\/2026\/04\/rannemurtuma.webp 1024w, https:\/\/lastenkirurgia.fi\/wp-content\/uploads\/2026\/04\/rannemurtuma-300x164.webp 300w, https:\/\/lastenkirurgia.fi\/wp-content\/uploads\/2026\/04\/rannemurtuma-768x419.webp 768w\" sizes=\"(max-width: 1024px) 100vw, 1024px\" \/>\t\t\t\t\t\t\t\t\t\t\t\t\t\t\t<\/div>\n\t\t\t\t<\/div>\n\t\t\t\t\t<\/div>\n\t\t\t\t<\/div>\n\t\t\t\t<\/div>","protected":false},"excerpt":{"rendered":"<p>Lapsen murtuman hoito ja seuranta Lasten murtumat poikkeavat merkitt\u00e4v\u00e4sti aikuisten luunmurtumista. Lapsen luu on i\u00e4st\u00e4 riippuen viel\u00e4 hyvin remodelloituva, mink\u00e4 vuoksi hoitolinjat valitaan yksil\u00f6llisesti lapsen i\u00e4n ja kasvun vaiheen mukaan. Miksi lapsen murtuma on erityinen? Lapsen luustossa on useita piirteit\u00e4, jotka tekev\u00e4t diagnostiikasta ja hoidosta aikuisiin verrattuna erilaista: R\u00f6ntgenkuvien tulkinta: Lasten luissa on kasvulinjoja, kasvutumakkeita [&hellip;]<\/p>\n","protected":false},"author":1,"featured_media":0,"parent":0,"menu_order":0,"comment_status":"closed","ping_status":"closed","template":"","meta":{"_angie_page":false,"site-sidebar-layout":"no-sidebar","site-content-layout":"page-builder","ast-site-content-layout":"full-width-container","site-content-style":"default","site-sidebar-style":"default","ast-global-header-display":"","ast-banner-title-visibility":"","ast-main-header-display":"","ast-hfb-above-header-display":"","ast-hfb-below-header-display":"","ast-hfb-mobile-header-display":"","site-post-title":"","ast-breadcrumbs-content":"","ast-featured-img":"disabled","footer-sml-layout":"","ast-disable-related-posts":"","theme-transparent-header-meta":"","adv-header-id-meta":"","stick-header-meta":"","header-above-stick-meta":"","header-main-stick-meta":"","header-below-stick-meta":"","astra-migrate-meta-layouts":"set","ast-page-background-enabled":"default","ast-page-background-meta":{"desktop":{"background-color":"","background-image":"","background-repeat":"repeat","background-position":"center center","background-size":"auto","background-attachment":"scroll","background-type":"","background-media":"","overlay-type":"","overlay-color":"","overlay-opacity":"","overlay-gradient":""},"tablet":{"background-color":"","background-image":"","background-repeat":"repeat","background-position":"center center","background-size":"auto","background-attachment":"scroll","background-type":"","background-media":"","overlay-type":"","overlay-color":"","overlay-opacity":"","overlay-gradient":""},"mobile":{"background-color":"","background-image":"","background-repeat":"repeat","background-position":"center center","background-size":"auto","background-attachment":"scroll","background-type":"","background-media":"","overlay-type":"","overlay-color":"","overlay-opacity":"","overlay-gradient":""}},"ast-content-background-meta":{"desktop":{"background-color":"var(--ast-global-color-5)","background-image":"","background-repeat":"repeat","background-position":"center center","background-size":"auto","background-attachment":"scroll","background-type":"","background-media":"","overlay-type":"","overlay-color":"","overlay-opacity":"","overlay-gradient":""},"tablet":{"background-color":"var(--ast-global-color-5)","background-image":"","background-repeat":"repeat","background-position":"center center","background-size":"auto","background-attachment":"scroll","background-type":"","background-media":"","overlay-type":"","overlay-color":"","overlay-opacity":"","overlay-gradient":""},"mobile":{"background-color":"var(--ast-global-color-5)","background-image":"","background-repeat":"repeat","background-position":"center center","background-size":"auto","background-attachment":"scroll","background-type":"","background-media":"","overlay-type":"","overlay-color":"","overlay-opacity":"","overlay-gradient":""}},"footnotes":""},"class_list":["post-1372","page","type-page","status-publish","hentry"],"_links":{"self":[{"href":"https:\/\/lastenkirurgia.fi\/es\/wp-json\/wp\/v2\/pages\/1372","targetHints":{"allow":["GET"]}}],"collection":[{"href":"https:\/\/lastenkirurgia.fi\/es\/wp-json\/wp\/v2\/pages"}],"about":[{"href":"https:\/\/lastenkirurgia.fi\/es\/wp-json\/wp\/v2\/types\/page"}],"author":[{"embeddable":true,"href":"https:\/\/lastenkirurgia.fi\/es\/wp-json\/wp\/v2\/users\/1"}],"replies":[{"embeddable":true,"href":"https:\/\/lastenkirurgia.fi\/es\/wp-json\/wp\/v2\/comments?post=1372"}],"version-history":[{"count":13,"href":"https:\/\/lastenkirurgia.fi\/es\/wp-json\/wp\/v2\/pages\/1372\/revisions"}],"predecessor-version":[{"id":1567,"href":"https:\/\/lastenkirurgia.fi\/es\/wp-json\/wp\/v2\/pages\/1372\/revisions\/1567"}],"wp:attachment":[{"href":"https:\/\/lastenkirurgia.fi\/es\/wp-json\/wp\/v2\/media?parent=1372"}],"curies":[{"name":"wp","href":"https:\/\/api.w.org\/{rel}","templated":true}]}}