{"id":1374,"date":"2026-04-09T13:51:24","date_gmt":"2026-04-09T13:51:24","guid":{"rendered":"https:\/\/darkcyan-pheasant-754087.hostingersite.com\/?page_id=1374"},"modified":"2026-04-12T16:07:26","modified_gmt":"2026-04-12T16:07:26","slug":"lapsen-vatsakipu","status":"publish","type":"page","link":"https:\/\/lastenkirurgia.fi\/es\/lapsen-vatsakipu\/","title":{"rendered":"Dolor de est\u00f3mago en el ni\u00f1o"},"content":{"rendered":"<div data-elementor-type=\"wp-page\" data-elementor-id=\"1374\" class=\"elementor elementor-1374\" data-elementor-post-type=\"page\">\n\t\t\t\t<div class=\"elementor-element elementor-element-260bee6 e-flex e-con-boxed e-con e-parent\" data-id=\"260bee6\" data-element_type=\"container\" data-e-type=\"container\">\n\t\t\t\t\t<div class=\"e-con-inner\">\n\t\t\t\t<div class=\"elementor-element elementor-element-00c07d8 elementor-widget elementor-widget-text-editor\" data-id=\"00c07d8\" data-element_type=\"widget\" data-e-type=\"widget\" data-widget_type=\"text-editor.default\">\n\t\t\t\t<div class=\"elementor-widget-container\">\n\t\t\t\t\t\t\t\t\t<h2 data-path-to-node=\"2\">Dolor abdominal repentino en un ni\u00f1o\u00a0<\/h2><p data-path-to-node=\"3\">El dolor abdominal es uno de los motivos m\u00e1s frecuentes por los que se lleva a un ni\u00f1o a urgencias. En la mayor\u00eda de los casos, se trata de una afecci\u00f3n leve, como una gastroenteritis o estre\u00f1imiento, pero es importante reconocer las situaciones que requieren atenci\u00f3n m\u00e9dica inmediata o cirug\u00eda.<\/p><h3 data-path-to-node=\"4\">1. \u00bfCu\u00e1ndo debo consultar a un m\u00e9dico?<\/h3><p data-path-to-node=\"5\">Consulte a un m\u00e9dico o acuda a urgencias si su hijo presenta alguno de los siguientes s\u00edntomas:<\/p><ul data-path-to-node=\"6\"><li><p data-path-to-node=\"6,0,0\"><b data-path-to-node=\"6,0,0\" data-index-in-node=\"0\">El dolor es intenso.<\/b> y el estado general del ni\u00f1o es malo.<\/p><\/li><li><p data-path-to-node=\"6,1,0\"><b data-path-to-node=\"6,1,0\" data-index-in-node=\"0\">El dolor se localiza.<\/b> a un punto espec\u00edfico (especialmente la parte inferior derecha del abdomen).<\/p><\/li><li><p data-path-to-node=\"6,2,0\"><b data-path-to-node=\"6,2,0\" data-index-in-node=\"0\">Las cubiertas abdominales se sienten duras<\/b> o el est\u00f3mago est\u00e1 muy sensible al tacto.<\/p><\/li><li><p data-path-to-node=\"6,3,0\"><b data-path-to-node=\"6,3,0\" data-index-in-node=\"0\">El ni\u00f1o vomita verde<\/b> (bilis) o las heces son sanguinolentas.<\/p><\/li><li><p data-path-to-node=\"6,4,0\"><b data-path-to-node=\"6,4,0\" data-index-in-node=\"0\">El dolor va acompa\u00f1ado de fiebre alta.<\/b> o fatiga severa.<\/p><\/li><li><p data-path-to-node=\"6,5,0\"><b data-path-to-node=\"6,5,0\" data-index-in-node=\"0\">El ni\u00f1o no puede saltar.<\/b> o el movimiento es dif\u00edcil debido al dolor (esto puede indicar irritaci\u00f3n del peritoneo).<\/p><\/li><li><p data-path-to-node=\"6,6,0\"><b data-path-to-node=\"6,6,0\" data-index-in-node=\"0\">Un ni\u00f1o presenta dolor testicular junto con dolor abdominal.<\/b> (Posibilidad de torsi\u00f3n testicular).<\/p><\/li><\/ul><h3 data-path-to-node=\"7\">2. Causas comunes por edad<\/h3><p data-path-to-node=\"8\">Las causas del dolor de est\u00f3mago var\u00edan seg\u00fan la edad del ni\u00f1o:<\/p><ul data-path-to-node=\"9\"><li><p data-path-to-node=\"9,0,0\"><b data-path-to-node=\"9,0,0\" data-index-in-node=\"0\">Beb\u00e9s (menores de 2 a\u00f1os):<\/b> * <i data-path-to-node=\"9,0,0\" data-index-in-node=\"28\">Invaginaci\u00f3n intestinal:<\/i> El dolor se presenta en episodios, y el ni\u00f1o puede estar libre de dolor durante algunos periodos.<\/p><ul data-path-to-node=\"9,0,1\"><li><p data-path-to-node=\"9,0,1,0,0\"><i data-path-to-node=\"9,0,1,0,0\" data-index-in-node=\"0\">Hernia incarcerada:<\/i> Revisa la zona de la ingle para detectar ampollas.<\/p><\/li><li><p data-path-to-node=\"9,0,1,1,0\"><i data-path-to-node=\"9,0,1,1,0\" data-index-in-node=\"0\">Estenosis hiatal:<\/i> V\u00f3mitos intensos y explosivos en un beb\u00e9 de 3 a 6 semanas de edad.<\/p><\/li><\/ul><\/li><li><p data-path-to-node=\"9,1,0\"><b data-path-to-node=\"9,1,0\" data-index-in-node=\"0\">Ni\u00f1os en edad preescolar y escolar (de 3 a 12 a\u00f1os):<\/b><\/p><ul data-path-to-node=\"9,1,1\"><li><p data-path-to-node=\"9,1,1,0,0\"><i data-path-to-node=\"9,1,1,0,0\" data-index-in-node=\"0\">Apendicitis:<\/i> La causa m\u00e1s com\u00fan que requiere cirug\u00eda. El dolor suele comenzar alrededor del ombligo y se desplaza hacia la derecha.<\/p><\/li><li><p data-path-to-node=\"9,1,1,1,0\"><i data-path-to-node=\"9,1,1,1,0\" data-index-in-node=\"0\">Inflamaci\u00f3n del ganglio linf\u00e1tico intestinal:<\/i> Puede parecerse a una apendicitis cuando se combina con la gripe.<\/p><\/li><\/ul><\/li><li><p data-path-to-node=\"9,2,0\"><b data-path-to-node=\"9,2,0\" data-index-in-node=\"0\">Adolescentes (mayores de 12 a\u00f1os):<\/b><\/p><ul data-path-to-node=\"9,2,1\"><li><p data-path-to-node=\"9,2,1,0,0\">La apendicitis sigue siendo com\u00fan.<\/p><\/li><li><p data-path-to-node=\"9,2,1,1,0\">En las ni\u00f1as, tambi\u00e9n deben tenerse en cuenta los problemas ov\u00e1ricos (por ejemplo, quistes o torsi\u00f3n).<\/p><\/li><\/ul><\/li><\/ul><h3 data-path-to-node=\"10\">3. \u00bfQu\u00e9 sucede en la consulta del m\u00e9dico?<\/h3><ul data-path-to-node=\"11\"><li><p data-path-to-node=\"11,0,0\"><b data-path-to-node=\"11,0,0\" data-index-in-node=\"0\">Investigaci\u00f3n:<\/b> El m\u00e9dico palpar\u00e1 el abdomen y examinar\u00e1 el estado general del ni\u00f1o. Tomar analg\u00e9sicos antes del examen es seguro, ya que no ocultar\u00e1n hallazgos importantes y facilitar\u00e1n la exploraci\u00f3n.<\/p><\/li><li><p data-path-to-node=\"11,1,0\"><b data-path-to-node=\"11,1,0\" data-index-in-node=\"0\">Pruebas de laboratorio:<\/b> Por lo general, se realizan an\u00e1lisis de sangre para comprobar si hay inflamaci\u00f3n (PCR, gl\u00f3bulos blancos) y se toma una muestra de orina.<\/p><\/li><li><p data-path-to-node=\"11,2,0\"><b data-path-to-node=\"11,2,0\" data-index-in-node=\"0\">Im\u00e1genes:<\/b> El estudio principal en ni\u00f1os es <b data-path-to-node=\"11,2,0\" data-index-in-node=\"48\">examen de ultrasonido<\/b>. Se evita la tomograf\u00eda computarizada (TC) en ni\u00f1os debido a la alta exposici\u00f3n a la radiaci\u00f3n.<\/p><\/li><\/ul><h3 data-path-to-node=\"12\">4. Cuidados y seguimiento domiciliario<\/h3><p data-path-to-node=\"13\">Si el m\u00e9dico determina que la afecci\u00f3n no requiere cirug\u00eda:<\/p><ul data-path-to-node=\"14\"><li><p data-path-to-node=\"14,0,0\"><b data-path-to-node=\"14,0,0\" data-index-in-node=\"0\">La evoluci\u00f3n de los s\u00edntomas se controla en casa:<\/b> Si el dolor empeora, cambia de lugar o el ni\u00f1o desarrolla fiebre, solicite una nueva evaluaci\u00f3n m\u00e9dica.<\/p><\/li><li><p data-path-to-node=\"14,1,0\"><b data-path-to-node=\"14,1,0\" data-index-in-node=\"0\">Analg\u00e9sico:<\/b> Puede administrarle a su hijo analg\u00e9sicos (por ejemplo, paracetamol) seg\u00fan las indicaciones.<\/p><\/li><li><p data-path-to-node=\"14,2,0\"><b data-path-to-node=\"14,2,0\" data-index-in-node=\"0\">Alimento:<\/b> Si sospecha que su hijo padece una afecci\u00f3n que requiere tratamiento quir\u00fargico (como apendicitis), mant\u00e9ngalo en observaci\u00f3n. <b data-path-to-node=\"14,2,0\" data-index-in-node=\"93\">sin comida<\/b> (no comer ni beber) hasta que sea evaluado por un m\u00e9dico.<\/p><\/li><\/ul><p>Art\u00edculo de Duodecim<\/p><p><a href=\"https:\/\/www.duodecimlehti.fi\/duo14224\" target=\"_blank\" rel=\"noopener\">https:\/\/www.duodecimlehti.fi\/duo14224<\/a><\/p>\t\t\t\t\t\t\t\t<\/div>\n\t\t\t\t<\/div>\n\t\t\t\t\t<\/div>\n\t\t\t\t<\/div>\n\t\t\t\t<\/div>","protected":false},"excerpt":{"rendered":"<p>Lapsen \u00e4killinen vatsakipu\u00a0 Vatsakipu on yksi tavallisimmista syist\u00e4 hakeutua lapsen kanssa p\u00e4ivystykseen. Useimmiten kyseess\u00e4 on vaaton vaiva, kuten mahatauti tai ummetus, mutta on t\u00e4rke\u00e4\u00e4 tunnistaa tilanteet, jotka vaativat nopeaa l\u00e4\u00e4k\u00e4rin hoitoa tai leikkausta. 1. Milloin on hakeuduttava l\u00e4\u00e4k\u00e4riin? Ota yhteys l\u00e4\u00e4k\u00e4riin tai hakeudu p\u00e4ivystykseen, jos lapsella on jokin seuraavista oireista: Kipu on voimakasta ja lapsen [&hellip;]<\/p>\n","protected":false},"author":1,"featured_media":0,"parent":0,"menu_order":0,"comment_status":"closed","ping_status":"closed","template":"","meta":{"_angie_page":false,"site-sidebar-layout":"no-sidebar","site-content-layout":"page-builder","ast-site-content-layout":"full-width-container","site-content-style":"default","site-sidebar-style":"default","ast-global-header-display":"","ast-banner-title-visibility":"","ast-main-header-display":"","ast-hfb-above-header-display":"","ast-hfb-below-header-display":"","ast-hfb-mobile-header-display":"","site-post-title":"","ast-breadcrumbs-content":"","ast-featured-img":"disabled","footer-sml-layout":"","ast-disable-related-posts":"","theme-transparent-header-meta":"","adv-header-id-meta":"","stick-header-meta":"","header-above-stick-meta":"","header-main-stick-meta":"","header-below-stick-meta":"","astra-migrate-meta-layouts":"set","ast-page-background-enabled":"default","ast-page-background-meta":{"desktop":{"background-color":"","background-image":"","background-repeat":"repeat","background-position":"center center","background-size":"auto","background-attachment":"scroll","background-type":"","background-media":"","overlay-type":"","overlay-color":"","overlay-opacity":"","overlay-gradient":""},"tablet":{"background-color":"","background-image":"","background-repeat":"repeat","background-position":"center center","background-size":"auto","background-attachment":"scroll","background-type":"","background-media":"","overlay-type":"","overlay-color":"","overlay-opacity":"","overlay-gradient":""},"mobile":{"background-color":"","background-image":"","background-repeat":"repeat","background-position":"center center","background-size":"auto","background-attachment":"scroll","background-type":"","background-media":"","overlay-type":"","overlay-color":"","overlay-opacity":"","overlay-gradient":""}},"ast-content-background-meta":{"desktop":{"background-color":"var(--ast-global-color-5)","background-image":"","background-repeat":"repeat","background-position":"center center","background-size":"auto","background-attachment":"scroll","background-type":"","background-media":"","overlay-type":"","overlay-color":"","overlay-opacity":"","overlay-gradient":""},"tablet":{"background-color":"var(--ast-global-color-5)","background-image":"","background-repeat":"repeat","background-position":"center center","background-size":"auto","background-attachment":"scroll","background-type":"","background-media":"","overlay-type":"","overlay-color":"","overlay-opacity":"","overlay-gradient":""},"mobile":{"background-color":"var(--ast-global-color-5)","background-image":"","background-repeat":"repeat","background-position":"center center","background-size":"auto","background-attachment":"scroll","background-type":"","background-media":"","overlay-type":"","overlay-color":"","overlay-opacity":"","overlay-gradient":""}},"footnotes":""},"class_list":["post-1374","page","type-page","status-publish","hentry"],"_links":{"self":[{"href":"https:\/\/lastenkirurgia.fi\/es\/wp-json\/wp\/v2\/pages\/1374","targetHints":{"allow":["GET"]}}],"collection":[{"href":"https:\/\/lastenkirurgia.fi\/es\/wp-json\/wp\/v2\/pages"}],"about":[{"href":"https:\/\/lastenkirurgia.fi\/es\/wp-json\/wp\/v2\/types\/page"}],"author":[{"embeddable":true,"href":"https:\/\/lastenkirurgia.fi\/es\/wp-json\/wp\/v2\/users\/1"}],"replies":[{"embeddable":true,"href":"https:\/\/lastenkirurgia.fi\/es\/wp-json\/wp\/v2\/comments?post=1374"}],"version-history":[{"count":4,"href":"https:\/\/lastenkirurgia.fi\/es\/wp-json\/wp\/v2\/pages\/1374\/revisions"}],"predecessor-version":[{"id":1667,"href":"https:\/\/lastenkirurgia.fi\/es\/wp-json\/wp\/v2\/pages\/1374\/revisions\/1667"}],"wp:attachment":[{"href":"https:\/\/lastenkirurgia.fi\/es\/wp-json\/wp\/v2\/media?parent=1374"}],"curies":[{"name":"wp","href":"https:\/\/api.w.org\/{rel}","templated":true}]}}