{"id":1392,"date":"2026-04-09T13:54:35","date_gmt":"2026-04-09T13:54:35","guid":{"rendered":"https:\/\/darkcyan-pheasant-754087.hostingersite.com\/?page_id=1392"},"modified":"2026-04-09T15:35:11","modified_gmt":"2026-04-09T15:35:11","slug":"lapsen-haavan-hoito-2","status":"publish","type":"page","link":"https:\/\/lastenkirurgia.fi\/es\/lapsen-haavan-hoito-2\/","title":{"rendered":"Cuidado de heridas en ni\u00f1os"},"content":{"rendered":"<div data-elementor-type=\"wp-page\" data-elementor-id=\"1392\" class=\"elementor elementor-1392\" data-elementor-post-type=\"page\">\n\t\t\t\t<div class=\"elementor-element elementor-element-b72a837 e-flex e-con-boxed e-con e-parent\" data-id=\"b72a837\" data-element_type=\"container\" data-e-type=\"container\">\n\t\t\t\t\t<div class=\"e-con-inner\">\n\t\t\t\t<div class=\"elementor-element elementor-element-5a23ec3 elementor-widget elementor-widget-heading\" data-id=\"5a23ec3\" data-element_type=\"widget\" data-e-type=\"widget\" data-widget_type=\"heading.default\">\n\t\t\t\t<div class=\"elementor-widget-container\">\n\t\t\t\t\t<h1 class=\"elementor-heading-title elementor-size-default\">Cuidado de heridas en ni\u00f1os<\/h1>\t\t\t\t<\/div>\n\t\t\t\t<\/div>\n\t\t\t\t<div class=\"elementor-element elementor-element-f0f85a6 elementor-widget elementor-widget-text-editor\" data-id=\"f0f85a6\" data-element_type=\"widget\" data-e-type=\"widget\" data-widget_type=\"text-editor.default\">\n\t\t\t\t<div class=\"elementor-widget-container\">\n\t\t\t\t\t\t\t\t\t<h2 data-path-to-node=\"2\">Cuidado de heridas en ni\u00f1os: \u00bfCu\u00e1ndo es suficiente el cuidado en casa y cu\u00e1ndo es necesario consultar a un m\u00e9dico?<\/h2><p data-path-to-node=\"3\">Los ni\u00f1os se lastiman y ocurren accidentes; los rasgu\u00f1os y heridas leves son parte del crecimiento. La mayor\u00eda de los rasgu\u00f1os superficiales se pueden tratar con remedios caseros, pero a veces la herida requiere evaluaci\u00f3n especializada y limpieza o sutura profesional.<\/p><h3 data-path-to-node=\"4\">Instrucciones de primeros auxilios en el hogar:<\/h3><ol start=\"1\" data-path-to-node=\"5\"><li><p data-path-to-node=\"5,0,0\"><b data-path-to-node=\"5,0,0\" data-index-in-node=\"0\">Limpiar la herida:<\/b> Enjuague bien la herida con agua tibia corriente. Retire con cuidado cualquier resto de suciedad o arena visible.<\/p><\/li><li><p data-path-to-node=\"5,1,0\"><b data-path-to-node=\"5,1,0\" data-index-in-node=\"0\">Det\u00e9n la hemorragia:<\/b> Aplique presi\u00f3n sobre la herida con una venda o un pa\u00f1o limpio durante unos minutos.<\/p><\/li><li><p data-path-to-node=\"5,2,0\"><b data-path-to-node=\"5,2,0\" data-index-in-node=\"0\">Protege:<\/b> Una vez que haya cesado el sangrado, cubra la herida con una tirita o venda limpia.<\/p><\/li><li><p data-path-to-node=\"5,3,0\"><b data-path-to-node=\"5,3,0\" data-index-in-node=\"0\">Siga la situaci\u00f3n:<\/b> Si la herida es peque\u00f1a, puede vigilarla en casa. Si tiene dudas sobre la situaci\u00f3n, consulte con un m\u00e9dico.<\/p><\/li><\/ol><hr data-path-to-node=\"6\" \/><h3 data-path-to-node=\"7\">\u00bfCu\u00e1ndo requiere atenci\u00f3n m\u00e9dica la herida de un ni\u00f1o?<\/h3><p data-path-to-node=\"8\">Lleve a su hijo\/a a hacerse la prueba si:<\/p><ul data-path-to-node=\"9\"><li><p data-path-to-node=\"9,0,0\"><b data-path-to-node=\"9,0,0\" data-index-in-node=\"0\">La herida es profunda, larga o abierta:<\/b> La herida puede requerir puntos de sutura o adhesivo para cicatrizar correctamente.<\/p><\/li><li><p data-path-to-node=\"9,1,0\"><b data-path-to-node=\"9,1,0\" data-index-in-node=\"0\">El sangrado no cesa:<\/b> Si la herida sangra abundantemente a pesar de la presi\u00f3n aplicada durante m\u00e1s de 10-15 minutos.<\/p><\/li><li><p data-path-to-node=\"9,2,0\"><b data-path-to-node=\"9,2,0\" data-index-in-node=\"0\">La suciedad no se puede eliminar:<\/b> Si la herida contiene arena, cristales rotos u otra suciedad que no se pueda eliminar en casa.<\/p><\/li><li><p data-path-to-node=\"9,3,0\"><b data-path-to-node=\"9,3,0\" data-index-in-node=\"0\">Esta es una herida por mordedura:<\/b> Las mordeduras de animales o humanos casi siempre requieren una evaluaci\u00f3n m\u00e9dica y, a menudo, un tratamiento con antibi\u00f3ticos debido al riesgo de infecci\u00f3n.<\/p><\/li><li><p data-path-to-node=\"9,4,0\"><b data-path-to-node=\"9,4,0\" data-index-in-node=\"0\">La herida se encuentra en la cara o sobre las articulaciones:<\/b> Es especialmente recomendable que las heridas en la zona facial sean tratadas por un especialista para garantizar la menor cicatriz posible.<\/p><\/li><li><p data-path-to-node=\"9,5,0\"><b data-path-to-node=\"9,5,0\" data-index-in-node=\"0\">S\u00edntomas inflamatorios:<\/b> Si la herida comienza a palpitar, se enrojece mucho o el ni\u00f1o desarrolla fiebre.<\/p><\/li><\/ul>\t\t\t\t\t\t\t\t<\/div>\n\t\t\t\t<\/div>\n\t\t\t\t\t<\/div>\n\t\t\t\t<\/div>\n\t\t\t\t<\/div>","protected":false},"excerpt":{"rendered":"<p>Lapsen haavan hoito Lapsen haavan hoito \u2013 Milloin kotihoito riitt\u00e4\u00e4 ja milloin l\u00e4\u00e4k\u00e4riin? Lapset sattuvat ja tapahtuvat, ja pienet naarmut sek\u00e4 haavat kuuluvat osaksi kasvua. Useimmat pintanaarmut hoituvat kotikonstein, mutta toisinaan haava vaatii asiantuntijan arviota ja ammattimaista puhdistusta tai sulkemista. Ensiapuohjeet kotona: Puhdista haava: Huuhtele haava huolellisesti haalealla juoksevalla vedell\u00e4. Poista n\u00e4kyv\u00e4 lika ja hiekka [&hellip;]<\/p>\n","protected":false},"author":1,"featured_media":0,"parent":0,"menu_order":0,"comment_status":"closed","ping_status":"closed","template":"","meta":{"_angie_page":false,"site-sidebar-layout":"no-sidebar","site-content-layout":"page-builder","ast-site-content-layout":"full-width-container","site-content-style":"default","site-sidebar-style":"default","ast-global-header-display":"","ast-banner-title-visibility":"","ast-main-header-display":"","ast-hfb-above-header-display":"","ast-hfb-below-header-display":"","ast-hfb-mobile-header-display":"","site-post-title":"","ast-breadcrumbs-content":"","ast-featured-img":"disabled","footer-sml-layout":"","ast-disable-related-posts":"","theme-transparent-header-meta":"","adv-header-id-meta":"","stick-header-meta":"","header-above-stick-meta":"","header-main-stick-meta":"","header-below-stick-meta":"","astra-migrate-meta-layouts":"set","ast-page-background-enabled":"default","ast-page-background-meta":{"desktop":{"background-color":"","background-image":"","background-repeat":"repeat","background-position":"center center","background-size":"auto","background-attachment":"scroll","background-type":"","background-media":"","overlay-type":"","overlay-color":"","overlay-opacity":"","overlay-gradient":""},"tablet":{"background-color":"","background-image":"","background-repeat":"repeat","background-position":"center center","background-size":"auto","background-attachment":"scroll","background-type":"","background-media":"","overlay-type":"","overlay-color":"","overlay-opacity":"","overlay-gradient":""},"mobile":{"background-color":"","background-image":"","background-repeat":"repeat","background-position":"center center","background-size":"auto","background-attachment":"scroll","background-type":"","background-media":"","overlay-type":"","overlay-color":"","overlay-opacity":"","overlay-gradient":""}},"ast-content-background-meta":{"desktop":{"background-color":"var(--ast-global-color-5)","background-image":"","background-repeat":"repeat","background-position":"center center","background-size":"auto","background-attachment":"scroll","background-type":"","background-media":"","overlay-type":"","overlay-color":"","overlay-opacity":"","overlay-gradient":""},"tablet":{"background-color":"var(--ast-global-color-5)","background-image":"","background-repeat":"repeat","background-position":"center center","background-size":"auto","background-attachment":"scroll","background-type":"","background-media":"","overlay-type":"","overlay-color":"","overlay-opacity":"","overlay-gradient":""},"mobile":{"background-color":"var(--ast-global-color-5)","background-image":"","background-repeat":"repeat","background-position":"center center","background-size":"auto","background-attachment":"scroll","background-type":"","background-media":"","overlay-type":"","overlay-color":"","overlay-opacity":"","overlay-gradient":""}},"footnotes":""},"class_list":["post-1392","page","type-page","status-publish","hentry"],"_links":{"self":[{"href":"https:\/\/lastenkirurgia.fi\/es\/wp-json\/wp\/v2\/pages\/1392","targetHints":{"allow":["GET"]}}],"collection":[{"href":"https:\/\/lastenkirurgia.fi\/es\/wp-json\/wp\/v2\/pages"}],"about":[{"href":"https:\/\/lastenkirurgia.fi\/es\/wp-json\/wp\/v2\/types\/page"}],"author":[{"embeddable":true,"href":"https:\/\/lastenkirurgia.fi\/es\/wp-json\/wp\/v2\/users\/1"}],"replies":[{"embeddable":true,"href":"https:\/\/lastenkirurgia.fi\/es\/wp-json\/wp\/v2\/comments?post=1392"}],"version-history":[{"count":4,"href":"https:\/\/lastenkirurgia.fi\/es\/wp-json\/wp\/v2\/pages\/1392\/revisions"}],"predecessor-version":[{"id":1440,"href":"https:\/\/lastenkirurgia.fi\/es\/wp-json\/wp\/v2\/pages\/1392\/revisions\/1440"}],"wp:attachment":[{"href":"https:\/\/lastenkirurgia.fi\/es\/wp-json\/wp\/v2\/media?parent=1392"}],"curies":[{"name":"wp","href":"https:\/\/api.w.org\/{rel}","templated":true}]}}