{"id":1394,"date":"2026-04-09T13:54:57","date_gmt":"2026-04-09T13:54:57","guid":{"rendered":"https:\/\/darkcyan-pheasant-754087.hostingersite.com\/?page_id=1394"},"modified":"2026-04-12T15:38:13","modified_gmt":"2026-04-12T15:38:13","slug":"lapsen-polvikipu","status":"publish","type":"page","link":"https:\/\/lastenkirurgia.fi\/es\/lapsen-polvikipu\/","title":{"rendered":"Dolor de rodilla en el ni\u00f1o"},"content":{"rendered":"<div data-elementor-type=\"wp-page\" data-elementor-id=\"1394\" class=\"elementor elementor-1394\" data-elementor-post-type=\"page\">\n\t\t\t\t<div class=\"elementor-element elementor-element-c91ead2 e-flex e-con-boxed e-con e-parent\" data-id=\"c91ead2\" data-element_type=\"container\" data-e-type=\"container\">\n\t\t\t\t\t<div class=\"e-con-inner\">\n\t\t\t\t<div class=\"elementor-element elementor-element-707b9a8 elementor-widget elementor-widget-text-editor\" data-id=\"707b9a8\" data-element_type=\"widget\" data-e-type=\"widget\" data-widget_type=\"text-editor.default\">\n\t\t\t\t<div class=\"elementor-widget-container\">\n\t\t\t\t\t\t\t\t\t<h3 data-path-to-node=\"8\">Problemas comunes de distensi\u00f3n de rodilla<\/h3><p data-path-to-node=\"9\">Especialmente en j\u00f3venes que practican deportes y est\u00e1n en crecimiento, suelen aparecer afecciones dolorosas t\u00edpicas:<\/p><ul data-path-to-node=\"10\"><li><p data-path-to-node=\"10,0,0\"><b data-path-to-node=\"10,0,0\" data-index-in-node=\"0\">Enfermedad de Osgood-Schlatter:<\/b> \u00a0<b data-path-to-node=\"10,0,0\" data-index-in-node=\"28\">S\u00edntomas:<\/b> Dolor e hinchaz\u00f3n en la parte superior de la tibia, justo debajo de la r\u00f3tula.<\/p><ul data-path-to-node=\"10,0,1\"><li><p data-path-to-node=\"10,0,1,0,0\"><b data-path-to-node=\"10,0,1,0,0\" data-index-in-node=\"0\">Raz\u00f3n:<\/b> Tensi\u00f3n en el punto de inserci\u00f3n del tend\u00f3n del m\u00fasculo del muslo durante un per\u00edodo de crecimiento acelerado (normalmente entre los 12 y los 15 a\u00f1os).<\/p><\/li><li><p data-path-to-node=\"10,0,1,1,0\"><b data-path-to-node=\"10,0,1,1,0\" data-index-in-node=\"0\">Cuidado:<\/b> Reducir el estr\u00e9s deportivo y evitar movimientos dolorosos (como saltar). La condici\u00f3n mejorar\u00e1 por s\u00ed sola a m\u00e1s tardar al finalizar el crecimiento.<\/p><\/li><\/ul><\/li><li><p data-path-to-node=\"10,1,0\"><b data-path-to-node=\"10,1,0\" data-index-in-node=\"0\">Osteocondritis disecante (OCD):<\/b> \u00a0<b data-path-to-node=\"10,1,0\" data-index-in-node=\"35\">S\u00edntomas:<\/b> Dolor sordo en la rodilla, especialmente al doblarla, a veces con hinchaz\u00f3n.<\/p><ul data-path-to-node=\"10,1,1\"><li><p data-path-to-node=\"10,1,1,0,0\"><b data-path-to-node=\"10,1,1,0,0\" data-index-in-node=\"0\">Raz\u00f3n:<\/b> Cambio en la zona cart\u00edlago-hueso<\/p><\/li><li><p data-path-to-node=\"10,1,1,1,0\"><b data-path-to-node=\"10,1,1,1,0\" data-index-in-node=\"0\">Cuidado:<\/b> A menudo, basta con observar el proceso y descansar.<\/p><\/li><\/ul><\/li><li><p data-path-to-node=\"10,2,0\"><b data-path-to-node=\"10,2,0\" data-index-in-node=\"0\">Dolor anterior de rodilla (s\u00edntoma tipo condromalacia rotuliana):<\/b> \u00a0<b data-path-to-node=\"10,2,0\" data-index-in-node=\"63\">S\u00edntomas:<\/b> Dolor vago en la parte delantera de la rodilla al correr o al estar sentado durante mucho tiempo (por ejemplo, en el coche o en el cine).<\/p><ul data-path-to-node=\"10,2,1\"><li><p data-path-to-node=\"10,2,1,0,0\"><b data-path-to-node=\"10,2,1,0,0\" data-index-in-node=\"0\">Cuidado:<\/b> El dolor suele ser transitorio y disminuye con el tiempo.<\/p><\/li><\/ul><\/li><\/ul><p>En ni\u00f1os peque\u00f1os en edad preescolar, las causas son diferentes y a veces resulta dif\u00edcil determinar la ubicaci\u00f3n del dolor en la extremidad. La causa puede ser una lesi\u00f3n, sinovitis, etc.\u00a0<\/p><hr data-path-to-node=\"11\" \/><h3 data-path-to-node=\"12\">\u00bfCu\u00e1ndo debo consultar a un m\u00e9dico?<\/h3><p data-path-to-node=\"13\">La mayor\u00eda de los dolores de rodilla temporales mejoran en pocos d\u00edas con reposo. Los s\u00edntomas claros que requieren investigaci\u00f3n incluyen:<\/p><ol start=\"1\" data-path-to-node=\"14\"><li><p data-path-to-node=\"14,0,0\"><b data-path-to-node=\"14,0,0\" data-index-in-node=\"0\">La rodilla se hincha, se calienta o se pone roja.<\/b>\u00a0<\/p><\/li><li><p data-path-to-node=\"14,1,0\"><b data-path-to-node=\"14,1,0\" data-index-in-node=\"0\">El dolor va acompa\u00f1ado de fiebre:<\/b> Esto requiere una evaluaci\u00f3n inmediata (de emergencia) debido a una posible infecci\u00f3n bacteriana.<\/p><\/li><li><p data-path-to-node=\"14,2,0\"><b data-path-to-node=\"14,2,0\" data-index-in-node=\"0\">Cojera o dolor intenso<\/b> sin una raz\u00f3n clara<\/p><\/li><li><p data-path-to-node=\"14,3,0\"><b data-path-to-node=\"14,3,0\" data-index-in-node=\"0\">Rigidez matutina:<\/b> La articulaci\u00f3n se siente r\u00edgida y sensible por la ma\u00f1ana (lo que puede indicar una enfermedad inflamatoria o reumatismo).<\/p><\/li><li><p data-path-to-node=\"14,4,0\"><b data-path-to-node=\"14,4,0\" data-index-in-node=\"0\">El ni\u00f1o no puede apoyar la pierna.<\/b><\/p><\/li><\/ol><p><a href=\"https:\/\/www.terveyskirjasto.fi\/dlk00471\" target=\"_blank\" rel=\"noopener\">https:\/\/www.terveyskirjasto.fi\/dlk00471<\/a><\/p>\t\t\t\t\t\t\t\t<\/div>\n\t\t\t\t<\/div>\n\t\t\t\t\t<\/div>\n\t\t\t\t<\/div>\n\t\t\t\t<\/div>","protected":false},"excerpt":{"rendered":"<p>Tavalliset polven rasitusvaivat Erityisesti urheilevilla ja kasvavilla nuorilla esiintyy tyypillisi\u00e4 kiputiloja: Osgood\u2013Schlatterin tauti: \u00a0Oireet: Kipua ja turvotusta s\u00e4\u00e4riluun yl\u00e4osassa, juuri polvilumpion alapuolella. Syy: Reisilihaksen j\u00e4nteen kiinnityskohdan rasitus kasvupyr\u00e4hdyksen aikana (tyypillisesti 12\u201315-vuotiailla). Hoito: Urheilurasituksen kevent\u00e4minen ja kivuliaiden liikkeiden (kuten hyppyjen) v\u00e4ltt\u00e4minen. Vaiva paranevat itsest\u00e4\u00e4n viimeist\u00e4\u00e4n kasvun p\u00e4\u00e4ttyess\u00e4. Osteochondritis dissecans (OCD): \u00a0Oireet: Jomottava s\u00e4rky polvessa varsinkin koukistaessa, [&hellip;]<\/p>\n","protected":false},"author":1,"featured_media":0,"parent":0,"menu_order":0,"comment_status":"closed","ping_status":"closed","template":"","meta":{"_angie_page":false,"site-sidebar-layout":"no-sidebar","site-content-layout":"page-builder","ast-site-content-layout":"full-width-container","site-content-style":"default","site-sidebar-style":"default","ast-global-header-display":"","ast-banner-title-visibility":"","ast-main-header-display":"","ast-hfb-above-header-display":"","ast-hfb-below-header-display":"","ast-hfb-mobile-header-display":"","site-post-title":"","ast-breadcrumbs-content":"","ast-featured-img":"disabled","footer-sml-layout":"","ast-disable-related-posts":"","theme-transparent-header-meta":"","adv-header-id-meta":"","stick-header-meta":"","header-above-stick-meta":"","header-main-stick-meta":"","header-below-stick-meta":"","astra-migrate-meta-layouts":"set","ast-page-background-enabled":"default","ast-page-background-meta":{"desktop":{"background-color":"","background-image":"","background-repeat":"repeat","background-position":"center center","background-size":"auto","background-attachment":"scroll","background-type":"","background-media":"","overlay-type":"","overlay-color":"","overlay-opacity":"","overlay-gradient":""},"tablet":{"background-color":"","background-image":"","background-repeat":"repeat","background-position":"center center","background-size":"auto","background-attachment":"scroll","background-type":"","background-media":"","overlay-type":"","overlay-color":"","overlay-opacity":"","overlay-gradient":""},"mobile":{"background-color":"","background-image":"","background-repeat":"repeat","background-position":"center center","background-size":"auto","background-attachment":"scroll","background-type":"","background-media":"","overlay-type":"","overlay-color":"","overlay-opacity":"","overlay-gradient":""}},"ast-content-background-meta":{"desktop":{"background-color":"var(--ast-global-color-5)","background-image":"","background-repeat":"repeat","background-position":"center center","background-size":"auto","background-attachment":"scroll","background-type":"","background-media":"","overlay-type":"","overlay-color":"","overlay-opacity":"","overlay-gradient":""},"tablet":{"background-color":"var(--ast-global-color-5)","background-image":"","background-repeat":"repeat","background-position":"center center","background-size":"auto","background-attachment":"scroll","background-type":"","background-media":"","overlay-type":"","overlay-color":"","overlay-opacity":"","overlay-gradient":""},"mobile":{"background-color":"var(--ast-global-color-5)","background-image":"","background-repeat":"repeat","background-position":"center center","background-size":"auto","background-attachment":"scroll","background-type":"","background-media":"","overlay-type":"","overlay-color":"","overlay-opacity":"","overlay-gradient":""}},"footnotes":""},"class_list":["post-1394","page","type-page","status-publish","hentry"],"_links":{"self":[{"href":"https:\/\/lastenkirurgia.fi\/es\/wp-json\/wp\/v2\/pages\/1394","targetHints":{"allow":["GET"]}}],"collection":[{"href":"https:\/\/lastenkirurgia.fi\/es\/wp-json\/wp\/v2\/pages"}],"about":[{"href":"https:\/\/lastenkirurgia.fi\/es\/wp-json\/wp\/v2\/types\/page"}],"author":[{"embeddable":true,"href":"https:\/\/lastenkirurgia.fi\/es\/wp-json\/wp\/v2\/users\/1"}],"replies":[{"embeddable":true,"href":"https:\/\/lastenkirurgia.fi\/es\/wp-json\/wp\/v2\/comments?post=1394"}],"version-history":[{"count":4,"href":"https:\/\/lastenkirurgia.fi\/es\/wp-json\/wp\/v2\/pages\/1394\/revisions"}],"predecessor-version":[{"id":1646,"href":"https:\/\/lastenkirurgia.fi\/es\/wp-json\/wp\/v2\/pages\/1394\/revisions\/1646"}],"wp:attachment":[{"href":"https:\/\/lastenkirurgia.fi\/es\/wp-json\/wp\/v2\/media?parent=1394"}],"curies":[{"name":"wp","href":"https:\/\/api.w.org\/{rel}","templated":true}]}}