{"id":1396,"date":"2026-04-09T13:55:42","date_gmt":"2026-04-09T13:55:42","guid":{"rendered":"https:\/\/darkcyan-pheasant-754087.hostingersite.com\/?page_id=1396"},"modified":"2026-04-12T15:31:35","modified_gmt":"2026-04-12T15:31:35","slug":"lapsen-vesikives","status":"publish","type":"page","link":"https:\/\/lastenkirurgia.fi\/es\/lapsen-vesikives\/","title":{"rendered":"Hidrocele infantil"},"content":{"rendered":"<div data-elementor-type=\"wp-page\" data-elementor-id=\"1396\" class=\"elementor elementor-1396\" data-elementor-post-type=\"page\">\n\t\t\t\t<div class=\"elementor-element elementor-element-5fea5ce e-flex e-con-boxed e-con e-parent\" data-id=\"5fea5ce\" data-element_type=\"container\" data-e-type=\"container\">\n\t\t\t\t\t<div class=\"e-con-inner\">\n\t\t\t\t<div class=\"elementor-element elementor-element-b1eeae1 elementor-widget elementor-widget-text-editor\" data-id=\"b1eeae1\" data-element_type=\"widget\" data-e-type=\"widget\" data-widget_type=\"text-editor.default\">\n\t\t\t\t<div class=\"elementor-widget-container\">\n\t\t\t\t\t\t\t\t\t<h2 id=\"s2\">Vesikives<\/h2><p>Melko tavallinen vastasyntyneen pojan vaiva on vesikives (n.7prosentilla pojista). Vesikives todetaan kivuttomana ja pehme\u00e4n\u00e4\u00a0 turvotuksena kivespussissa. Diagnoosin tekee yleens\u00e4 neuvolal\u00e4\u00e4k\u00e4ri Vesikives korjaantuu yleens\u00e4 itsest\u00e4\u00e4n muutamassa vuodessa. Suomessa vesikivest\u00e4 seurataan 4 ik\u00e4vuoteen saakka. Jos tuolloin on viel\u00e4 silminn\u00e4ht\u00e4v\u00e4 turvotus kivespussissa, suositetaan pient\u00e4 p\u00e4iv\u00e4kirurgista toimenpidett\u00e4 tilanteen korjaamiseksi.<\/p>\t\t\t\t\t\t\t\t<\/div>\n\t\t\t\t<\/div>\n\t\t\t\t\t<\/div>\n\t\t\t\t<\/div>\n\t\t\t\t<\/div>","protected":false},"excerpt":{"rendered":"<p>Vesikives Melko tavallinen vastasyntyneen pojan vaiva on vesikives (n.7prosentilla pojista). Vesikives todetaan kivuttomana ja pehme\u00e4n\u00e4\u00a0 turvotuksena kivespussissa. Diagnoosin tekee yleens\u00e4 neuvolal\u00e4\u00e4k\u00e4ri Vesikives korjaantuu yleens\u00e4 itsest\u00e4\u00e4n muutamassa vuodessa. Suomessa vesikivest\u00e4 seurataan 4 ik\u00e4vuoteen saakka. Jos tuolloin on viel\u00e4 silminn\u00e4ht\u00e4v\u00e4 turvotus kivespussissa, suositetaan pient\u00e4 p\u00e4iv\u00e4kirurgista toimenpidett\u00e4 tilanteen korjaamiseksi.<\/p>","protected":false},"author":1,"featured_media":0,"parent":0,"menu_order":0,"comment_status":"closed","ping_status":"closed","template":"","meta":{"_angie_page":false,"site-sidebar-layout":"no-sidebar","site-content-layout":"page-builder","ast-site-content-layout":"full-width-container","site-content-style":"default","site-sidebar-style":"default","ast-global-header-display":"","ast-banner-title-visibility":"","ast-main-header-display":"","ast-hfb-above-header-display":"","ast-hfb-below-header-display":"","ast-hfb-mobile-header-display":"","site-post-title":"","ast-breadcrumbs-content":"","ast-featured-img":"disabled","footer-sml-layout":"","ast-disable-related-posts":"","theme-transparent-header-meta":"","adv-header-id-meta":"","stick-header-meta":"","header-above-stick-meta":"","header-main-stick-meta":"","header-below-stick-meta":"","astra-migrate-meta-layouts":"set","ast-page-background-enabled":"default","ast-page-background-meta":{"desktop":{"background-color":"","background-image":"","background-repeat":"repeat","background-position":"center center","background-size":"auto","background-attachment":"scroll","background-type":"","background-media":"","overlay-type":"","overlay-color":"","overlay-opacity":"","overlay-gradient":""},"tablet":{"background-color":"","background-image":"","background-repeat":"repeat","background-position":"center center","background-size":"auto","background-attachment":"scroll","background-type":"","background-media":"","overlay-type":"","overlay-color":"","overlay-opacity":"","overlay-gradient":""},"mobile":{"background-color":"","background-image":"","background-repeat":"repeat","background-position":"center center","background-size":"auto","background-attachment":"scroll","background-type":"","background-media":"","overlay-type":"","overlay-color":"","overlay-opacity":"","overlay-gradient":""}},"ast-content-background-meta":{"desktop":{"background-color":"var(--ast-global-color-5)","background-image":"","background-repeat":"repeat","background-position":"center center","background-size":"auto","background-attachment":"scroll","background-type":"","background-media":"","overlay-type":"","overlay-color":"","overlay-opacity":"","overlay-gradient":""},"tablet":{"background-color":"var(--ast-global-color-5)","background-image":"","background-repeat":"repeat","background-position":"center center","background-size":"auto","background-attachment":"scroll","background-type":"","background-media":"","overlay-type":"","overlay-color":"","overlay-opacity":"","overlay-gradient":""},"mobile":{"background-color":"var(--ast-global-color-5)","background-image":"","background-repeat":"repeat","background-position":"center center","background-size":"auto","background-attachment":"scroll","background-type":"","background-media":"","overlay-type":"","overlay-color":"","overlay-opacity":"","overlay-gradient":""}},"footnotes":""},"class_list":["post-1396","page","type-page","status-publish","hentry"],"_links":{"self":[{"href":"https:\/\/lastenkirurgia.fi\/es\/wp-json\/wp\/v2\/pages\/1396","targetHints":{"allow":["GET"]}}],"collection":[{"href":"https:\/\/lastenkirurgia.fi\/es\/wp-json\/wp\/v2\/pages"}],"about":[{"href":"https:\/\/lastenkirurgia.fi\/es\/wp-json\/wp\/v2\/types\/page"}],"author":[{"embeddable":true,"href":"https:\/\/lastenkirurgia.fi\/es\/wp-json\/wp\/v2\/users\/1"}],"replies":[{"embeddable":true,"href":"https:\/\/lastenkirurgia.fi\/es\/wp-json\/wp\/v2\/comments?post=1396"}],"version-history":[{"count":4,"href":"https:\/\/lastenkirurgia.fi\/es\/wp-json\/wp\/v2\/pages\/1396\/revisions"}],"predecessor-version":[{"id":1643,"href":"https:\/\/lastenkirurgia.fi\/es\/wp-json\/wp\/v2\/pages\/1396\/revisions\/1643"}],"wp:attachment":[{"href":"https:\/\/lastenkirurgia.fi\/es\/wp-json\/wp\/v2\/media?parent=1396"}],"curies":[{"name":"wp","href":"https:\/\/api.w.org\/{rel}","templated":true}]}}