{"id":1406,"date":"2026-04-09T13:57:14","date_gmt":"2026-04-09T13:57:14","guid":{"rendered":"https:\/\/darkcyan-pheasant-754087.hostingersite.com\/?page_id=1406"},"modified":"2026-04-12T07:29:05","modified_gmt":"2026-04-12T07:29:05","slug":"lapsen-raajojen-rakennepoikkeamat","status":"publish","type":"page","link":"https:\/\/lastenkirurgia.fi\/es\/lapsen-raajojen-rakennepoikkeamat\/","title":{"rendered":"Anomal\u00edas estructurales en las extremidades del ni\u00f1o"},"content":{"rendered":"<div data-elementor-type=\"wp-page\" data-elementor-id=\"1406\" class=\"elementor elementor-1406\" data-elementor-post-type=\"page\">\n\t\t\t\t<div class=\"elementor-element elementor-element-0a34132 e-flex e-con-boxed e-con e-parent\" data-id=\"0a34132\" data-element_type=\"container\" data-e-type=\"container\">\n\t\t\t\t\t<div class=\"e-con-inner\">\n\t\t\t\t<div class=\"elementor-element elementor-element-e85a413 elementor-widget elementor-widget-text-editor\" data-id=\"e85a413\" data-element_type=\"widget\" data-e-type=\"widget\" data-widget_type=\"text-editor.default\">\n\t\t\t\t<div class=\"elementor-widget-container\">\n\t\t\t\t\t\t\t\t\t<h2 data-path-to-node=\"2\">Anomal\u00edas estructurales en las extremidades y la posici\u00f3n de los pies de un ni\u00f1o: \u00bfQu\u00e9 se considera normal?<\/h2>\n<p data-path-to-node=\"3\">En el crecimiento infantil, la posici\u00f3n de los pies puede parecer anormal en varias etapas, pero suele ser parte del desarrollo normal. A continuaci\u00f3n, se presenta una descripci\u00f3n general de las situaciones m\u00e1s comunes. Siempre es recomendable que un m\u00e9dico determine si la situaci\u00f3n del ni\u00f1o es normal o anormal.<\/p>\n<h3 data-path-to-node=\"4\">Posiciones de los pies y de la marcha<\/h3>\n<ul data-path-to-node=\"5\">\n<li>\n<p data-path-to-node=\"5,0,0\"><b data-path-to-node=\"5,0,0\" data-index-in-node=\"0\">Pies planos y pies girados hacia adentro:<\/b> En los ni\u00f1os, estas lesiones suelen ser inofensivas y a menudo se curan solas. Si el pie es flexible y no duele, generalmente no se necesita tratamiento. Sin embargo, algunos ni\u00f1os podr\u00edan necesitarlo.<\/p>\n<\/li>\n<li>\n<p data-path-to-node=\"5,1,0\"><b data-path-to-node=\"5,1,0\" data-index-in-node=\"0\">Caminar con los dedos de los pies hacia adentro o hacia afuera:<\/b> Esto es muy com\u00fan y suele deberse al cambio natural en la posici\u00f3n de la cadera a medida que el ni\u00f1o crece. No requiere ning\u00fan tratamiento especial.<\/p>\n<\/li>\n<li>\n<p data-path-to-node=\"5,2,0\"><b data-path-to-node=\"5,2,0\" data-index-in-node=\"0\">Dedos de los pies superpuestos:<\/b> Suele ser causada por tensi\u00f3n en los tendones. Generalmente se trata solo de un problema est\u00e9tico y no interfiere con el movimiento del ni\u00f1o.<\/p>\n<\/li>\n<\/ul>\n<h3 data-path-to-node=\"6\">Posiciones de las rodillas (Flexiones de cadera y rodilla)<\/h3>\n<ul data-path-to-node=\"7\">\n<li>\n<p data-path-to-node=\"7,0,0\"><b data-path-to-node=\"7,0,0\" data-index-in-node=\"0\">Occidentalidad:<\/b> T\u00edpico en beb\u00e9s y ni\u00f1os peque\u00f1os.<\/p>\n<\/li>\n<li>\n<p data-path-to-node=\"7,1,0\"><b data-path-to-node=\"7,1,0\" data-index-in-node=\"0\">Rodilla en pinza:<\/b> Es m\u00e1s frecuente alrededor de los 3 a\u00f1os de edad.<\/p>\n<\/li>\n<li>\n<p data-path-to-node=\"7,2,0\"><b data-path-to-node=\"7,2,0\" data-index-in-node=\"0\">\u00bfCu\u00e1ndo debo consultar a un m\u00e9dico?<\/b> Si la posici\u00f3n de la rodilla es claramente unilateral (solo una pierna est\u00e1 afectada), el problema empeora con la edad o es muy grave.<\/p>\n<\/li>\n<\/ul>\n<h3 data-path-to-node=\"8\">anomal\u00edas cong\u00e9nitas<\/h3>\n<ul data-path-to-node=\"9\">\n<li>\n<p data-path-to-node=\"9,0,0\"><b data-path-to-node=\"9,0,0\" data-index-in-node=\"0\">Pie equinovaro:<\/b> Generalmente se diagnostica al nacer. Se trata en atenci\u00f3n m\u00e9dica especializada, con mayor frecuencia mediante una serie de yesos y zapatos especiales.<\/p>\n<\/li>\n<li>\n<p data-path-to-node=\"9,1,0\"><b data-path-to-node=\"9,1,0\" data-index-in-node=\"0\">Pie zambo o pie zambo:<\/b> La necesidad de tratamiento para la fusi\u00f3n de dedos de manos y pies siempre se eval\u00faa individualmente. En el caso de los dedos de las manos, el tratamiento quir\u00fargico es m\u00e1s com\u00fan para garantizar la funcionalidad.<\/p>\n<\/li>\n<\/ul>\n<h3 data-path-to-node=\"10\">diferencia en la longitud de las piernas<\/h3>\n<ul data-path-to-node=\"11\">\n<li>\n<p data-path-to-node=\"11,0,0\"><b data-path-to-node=\"11,0,0\" data-index-in-node=\"0\">Peque\u00f1as diferencias:<\/b> Una diferencia en la longitud de las piernas inferior a 2 cm es muy com\u00fan y, a menudo, completamente inofensiva.<\/p>\n<\/li>\n<li>\n<p data-path-to-node=\"11,1,0\"><b data-path-to-node=\"11,1,0\" data-index-in-node=\"0\">Principales diferencias:<\/b> Si la diferencia de altura supera los 2 cm, puede provocar problemas posturales y cojera. En estos casos, el ni\u00f1o ser\u00e1 derivado a un especialista para su evaluaci\u00f3n y para planificar el tratamiento.<\/p>\n<\/li>\n<\/ul>\n<p data-path-to-node=\"15,3,0\">Art\u00edculo de la Biblioteca de Salud sobre anomal\u00edas estructurales en las extremidades de los ni\u00f1os.<\/p>\n<p data-path-to-node=\"15,3,0\"><a href=\"https:\/\/www.terveyskirjasto.fi\/tju00140\" target=\"_blank\" rel=\"noopener\">https:\/\/www.terveyskirjasto.fi\/tju00140<\/a><\/p>\t\t\t\t\t\t\t\t<\/div>\n\t\t\t\t<\/div>\n\t\t\t\t\t<\/div>\n\t\t\t\t<\/div>\n\t\t\t\t<\/div>","protected":false},"excerpt":{"rendered":"<p>Lapsen raajojen rakennepoikkeamat ja jalkaterien asennot: Mik\u00e4 on normaalia? Lasten kasvuun kuuluu monia vaiheita, joissa jalkojen asennot saattavat n\u00e4ytt\u00e4\u00e4 poikkeavilta, mutta ovat usein osa normaalia kehityst\u00e4. Alla on kuvattu hyvin karkeasti yleisimpi\u00e4 tilanteita. Varsinaisen arvion siit\u00e4, onko lapsen tilanne normaali vai poikkeava, olisi hyv\u00e4 aina l\u00e4\u00e4k\u00e4rin tehd\u00e4. Jalkaterien ja k\u00e4velyn asennot Latuskajalka ja sis\u00e4\u00e4np\u00e4in k\u00e4\u00e4ntynyt [&hellip;]<\/p>\n","protected":false},"author":1,"featured_media":0,"parent":0,"menu_order":0,"comment_status":"closed","ping_status":"closed","template":"","meta":{"_angie_page":false,"site-sidebar-layout":"no-sidebar","site-content-layout":"page-builder","ast-site-content-layout":"full-width-container","site-content-style":"default","site-sidebar-style":"default","ast-global-header-display":"","ast-banner-title-visibility":"","ast-main-header-display":"","ast-hfb-above-header-display":"","ast-hfb-below-header-display":"","ast-hfb-mobile-header-display":"","site-post-title":"","ast-breadcrumbs-content":"","ast-featured-img":"disabled","footer-sml-layout":"","ast-disable-related-posts":"","theme-transparent-header-meta":"","adv-header-id-meta":"","stick-header-meta":"","header-above-stick-meta":"","header-main-stick-meta":"","header-below-stick-meta":"","astra-migrate-meta-layouts":"set","ast-page-background-enabled":"default","ast-page-background-meta":{"desktop":{"background-color":"","background-image":"","background-repeat":"repeat","background-position":"center center","background-size":"auto","background-attachment":"scroll","background-type":"","background-media":"","overlay-type":"","overlay-color":"","overlay-opacity":"","overlay-gradient":""},"tablet":{"background-color":"","background-image":"","background-repeat":"repeat","background-position":"center center","background-size":"auto","background-attachment":"scroll","background-type":"","background-media":"","overlay-type":"","overlay-color":"","overlay-opacity":"","overlay-gradient":""},"mobile":{"background-color":"","background-image":"","background-repeat":"repeat","background-position":"center center","background-size":"auto","background-attachment":"scroll","background-type":"","background-media":"","overlay-type":"","overlay-color":"","overlay-opacity":"","overlay-gradient":""}},"ast-content-background-meta":{"desktop":{"background-color":"var(--ast-global-color-5)","background-image":"","background-repeat":"repeat","background-position":"center center","background-size":"auto","background-attachment":"scroll","background-type":"","background-media":"","overlay-type":"","overlay-color":"","overlay-opacity":"","overlay-gradient":""},"tablet":{"background-color":"var(--ast-global-color-5)","background-image":"","background-repeat":"repeat","background-position":"center center","background-size":"auto","background-attachment":"scroll","background-type":"","background-media":"","overlay-type":"","overlay-color":"","overlay-opacity":"","overlay-gradient":""},"mobile":{"background-color":"var(--ast-global-color-5)","background-image":"","background-repeat":"repeat","background-position":"center center","background-size":"auto","background-attachment":"scroll","background-type":"","background-media":"","overlay-type":"","overlay-color":"","overlay-opacity":"","overlay-gradient":""}},"footnotes":""},"class_list":["post-1406","page","type-page","status-publish","hentry"],"_links":{"self":[{"href":"https:\/\/lastenkirurgia.fi\/es\/wp-json\/wp\/v2\/pages\/1406","targetHints":{"allow":["GET"]}}],"collection":[{"href":"https:\/\/lastenkirurgia.fi\/es\/wp-json\/wp\/v2\/pages"}],"about":[{"href":"https:\/\/lastenkirurgia.fi\/es\/wp-json\/wp\/v2\/types\/page"}],"author":[{"embeddable":true,"href":"https:\/\/lastenkirurgia.fi\/es\/wp-json\/wp\/v2\/users\/1"}],"replies":[{"embeddable":true,"href":"https:\/\/lastenkirurgia.fi\/es\/wp-json\/wp\/v2\/comments?post=1406"}],"version-history":[{"count":10,"href":"https:\/\/lastenkirurgia.fi\/es\/wp-json\/wp\/v2\/pages\/1406\/revisions"}],"predecessor-version":[{"id":1605,"href":"https:\/\/lastenkirurgia.fi\/es\/wp-json\/wp\/v2\/pages\/1406\/revisions\/1605"}],"wp:attachment":[{"href":"https:\/\/lastenkirurgia.fi\/es\/wp-json\/wp\/v2\/media?parent=1406"}],"curies":[{"name":"wp","href":"https:\/\/api.w.org\/{rel}","templated":true}]}}