{"id":1360,"date":"2026-04-09T13:48:47","date_gmt":"2026-04-09T13:48:47","guid":{"rendered":"https:\/\/darkcyan-pheasant-754087.hostingersite.com\/?page_id=1360"},"modified":"2026-04-11T13:17:38","modified_gmt":"2026-04-11T13:17:38","slug":"lapsen-ymparileikkaus","status":"publish","type":"page","link":"https:\/\/lastenkirurgia.fi\/hi\/lapsen-ymparileikkaus\/","title":{"rendered":"\u092c\u091a\u094d\u091a\u0947 \u0915\u093e \u0916\u0924\u0928\u093e"},"content":{"rendered":"<div data-elementor-type=\"wp-page\" data-elementor-id=\"1360\" class=\"elementor elementor-1360\" data-elementor-post-type=\"page\">\n\t\t\t\t<div class=\"elementor-element elementor-element-be8dc3f e-flex e-con-boxed e-con e-parent\" data-id=\"be8dc3f\" data-element_type=\"container\" data-e-type=\"container\">\n\t\t\t\t\t<div class=\"e-con-inner\">\n\t\t\t\t<div class=\"elementor-element elementor-element-83ac4a0 elementor-widget elementor-widget-text-editor\" data-id=\"83ac4a0\" data-element_type=\"widget\" data-e-type=\"widget\" data-widget_type=\"text-editor.default\">\n\t\t\t\t<div class=\"elementor-widget-container\">\n\t\t\t\t\t\t\t\t\t<h2 data-path-to-node=\"2\">\u090f\u0915 \u092c\u091a\u094d\u091a\u0947 \u092e\u0947\u0902 \u091a\u092e\u0921\u093c\u0940 \u0915\u093e \u0938\u093f\u0915\u0941\u0921\u093c\u0928\u093e \u0914\u0930 \u0916\u0924\u0928\u093e<\/h2><p data-path-to-node=\"3\">\u092c\u091a\u094d\u091a\u094b\u0902 \u092e\u0947\u0902 \u092b\u093f\u092e\u094b\u0938\u093f\u0938 \u090f\u0915 \u0906\u092e \u0938\u092e\u0938\u094d\u092f\u093e \u0939\u0948, \u0932\u0947\u0915\u093f\u0928 \u0938\u092d\u0940 \u092e\u093e\u092e\u0932\u094b\u0902 \u092e\u0947\u0902 \u0938\u0930\u094d\u091c\u0930\u0940 \u0915\u0940 \u0906\u0935\u0936\u094d\u092f\u0915\u0924\u093e \u0928\u0939\u0940\u0902 \u0939\u094b\u0924\u0940 \u0939\u0948\u0964 \u0938\u093e\u092e\u093e\u0928\u094d\u092f \u0935\u093f\u0915\u093e\u0938\u093e\u0924\u094d\u092e\u0915 \u0905\u0935\u0938\u094d\u0925\u093e \u0914\u0930 \u0909\u092a\u091a\u093e\u0930 \u0915\u0940 \u0906\u0935\u0936\u094d\u092f\u0915\u0924\u093e \u0935\u093e\u0932\u0940 \u0938\u094d\u0925\u093f\u0924\u093f \u0915\u0947 \u092c\u0940\u091a \u0905\u0902\u0924\u0930 \u0915\u0930\u0928\u093e \u092e\u0939\u0924\u094d\u0935\u092a\u0942\u0930\u094d\u0923 \u0939\u0948\u0964.<\/p><p data-path-to-node=\"4\">\u00a0<\/p><p data-path-to-node=\"4\"><b data-path-to-node=\"4\" data-index-in-node=\"0\">\u091f\u093f\u092a\u094d\u092a\u0923\u0940:<\/b> <strong>\u0939\u092e \u0915\u0947\u0935\u0932 \u091a\u093f\u0915\u093f\u0924\u094d\u0938\u0940\u092f \u0915\u093e\u0930\u0923\u094b\u0902 \u0938\u0947 \u0939\u0940 \u0916\u0924\u0928\u093e \u0915\u0930\u0924\u0947 \u0939\u0948\u0902\u0964 \u0939\u092e \u0927\u093e\u0930\u094d\u092e\u093f\u0915 \u0916\u0924\u0928\u093e \u0928\u0939\u0940\u0902 \u0915\u0930\u0924\u0947 \u0939\u0948\u0902\u0964.\u00a0<\/strong><\/p><p data-path-to-node=\"4\">\u00a0<\/p><h3 data-path-to-node=\"5\">\u091a\u092e\u0921\u093c\u0940 \u0915\u0947 \u0938\u093e\u0925 \u0915\u0941\u091b \u092d\u0940 \u0928 \u0915\u0930\u0928\u093e \u0915\u092c \u0920\u0940\u0915 \u0930\u0939\u0924\u093e \u0939\u0948?<\/h3><p data-path-to-node=\"6\">\u0915\u093f\u0936\u094b\u0930\u093e\u0935\u0938\u094d\u0925\u093e \u0938\u0947 \u092a\u0939\u0932\u0947 \u0915\u0947 \u092c\u091a\u094d\u091a\u0947 \u0915\u0940 \u091a\u092e\u0921\u093c\u0940 \u0905\u0915\u094d\u0938\u0930 \u0936\u093e\u0930\u0940\u0930\u093f\u0915 \u0930\u0942\u092a \u0938\u0947 \u0915\u0938\u0940 \u0939\u0941\u0908 \u0939\u094b\u0924\u0940 \u0939\u0948, \u091c\u094b \u0915\u093f \u0938\u093e\u092e\u093e\u0928\u094d\u092f \u0939\u0948\u0964 \u092f\u0926\u093f \u092c\u091a\u094d\u091a\u0947 \u092e\u0947\u0902 \u0915\u094b\u0908 \u0932\u0915\u094d\u0937\u0923 \u0928\u0939\u0940\u0902 \u0939\u0948\u0902, \u0924\u094b \u0907\u0938 \u0938\u094d\u0925\u093f\u0924\u093f \u0915\u093e \u0907\u0932\u093e\u091c \u0915\u0930\u0928\u0947 \u0915\u0940 \u0906\u0935\u0936\u094d\u092f\u0915\u0924\u093e \u0928\u0939\u0940\u0902 \u0939\u0948 \u0914\u0930 \u092c\u091a\u094d\u091a\u0947 \u0915\u0947 \u092c\u0921\u093c\u0947 \u0939\u094b\u0928\u0947 \u092a\u0930 \u092f\u0939 \u0905\u092a\u0928\u0947 \u0906\u092a \u0920\u0940\u0915 \u0939\u094b \u0938\u0915\u0924\u0940 \u0939\u0948\u0964.<\/p><h3 data-path-to-node=\"7\">\u0909\u092a\u091a\u093e\u0930 \u092a\u0930 \u0915\u092c \u0935\u093f\u091a\u093e\u0930 \u0915\u0930\u0928\u093e \u091a\u093e\u0939\u093f\u090f?<\/h3><p data-path-to-node=\"8\">\u092f\u0926\u093f \u091a\u092e\u0921\u093c\u0940 \u0915\u0947 \u0905\u0927\u093f\u0915 \u0915\u0938\u0928\u0947 \u0938\u0947 \u092c\u091a\u094d\u091a\u0947 \u0915\u094b \u0928\u093f\u092e\u094d\u0928\u0932\u093f\u0916\u093f\u0924 \u0938\u092e\u0938\u094d\u092f\u093e\u090f\u0902 \u0939\u094b\u0924\u0940 \u0939\u0948\u0902, \u0924\u094b \u0909\u092a\u091a\u093e\u0930 \u0906\u0935\u0936\u094d\u092f\u0915 \u0939\u0948:<\/p><ul data-path-to-node=\"9\"><li><p data-path-to-node=\"9,0,0\">\u092c\u093e\u0930-\u092c\u093e\u0930 \u0939\u094b\u0928\u0947 \u0935\u093e\u0932\u0947 \u091a\u092e\u0921\u093c\u0940 \u0915\u0947 \u0938\u0902\u0915\u094d\u0930\u092e\u0923 (\u0938\u0930\u094d\u091c\u093f\u0915\u0932 \u0909\u092a\u091a\u093e\u0930 \u0905\u0924\u094d\u092f\u0902\u0924 \u0926\u0941\u0930\u094d\u0932\u092d \u0939\u0948, \u0909\u091a\u093f\u0924 \u0926\u0947\u0916\u092d\u093e\u0932 \u0928\u093f\u0930\u094d\u0926\u0947\u0936\u094b\u0902 \u0915\u0947 \u0938\u093e\u0925 \u0909\u092e\u094d\u0930 \u092c\u0922\u093c\u0928\u0947 \u0915\u0947 \u0938\u093e\u0925 \u0938\u0902\u0915\u094d\u0930\u092e\u0923 \u0906\u092e\u0924\u094c\u0930 \u092a\u0930 \u0920\u0940\u0915 \u0939\u094b \u091c\u093e\u0924\u0947 \u0939\u0948\u0902)<\/p><\/li><li><p data-path-to-node=\"9,1,0\">\u0905\u0915\u094d\u0938\u0930 \u0932\u093f\u0902\u0917 \u0915\u0940 \u091a\u092e\u0921\u093c\u0940 \u092e\u0947\u0902 \u0926\u0930\u094d\u0926 \u0939\u094b\u0924\u093e \u0939\u0948 \u092f\u093e \u0909\u0938\u092e\u0947\u0902 \u0926\u0930\u093e\u0930\u0947\u0902 \u092a\u0921\u093c \u091c\u093e\u0924\u0940 \u0939\u0948\u0902 \u0914\u0930 \u0916\u0942\u0928 \u0928\u093f\u0915\u0932\u0924\u093e \u0939\u0948\u0964.<\/p><\/li><li><p data-path-to-node=\"9,2,0\">\u092e\u0942\u0924\u094d\u0930 \u0915\u0940 \u0927\u093e\u0930 \u0905\u0938\u093e\u092e\u093e\u0928\u094d\u092f \u0939\u0948 (\u092a\u0947\u0936\u093e\u092c \u0915\u0930\u0924\u0947 \u0938\u092e\u092f \u092e\u0942\u0924\u094d\u0930 \u0915\u0940 \u0927\u093e\u0930 \u0932\u093f\u0902\u0917 \u092f\u093e \u091a\u092e\u0921\u093c\u0940 \u0915\u0947 \u0905\u0902\u0921\u0915\u094b\u0937\u094b\u0902 \u0915\u094b \u0928\u0939\u0940\u0902 \u091b\u0942\u0924\u0940)\u0964.<\/p><\/li><\/ul><h3 data-path-to-node=\"10\">\u0932\u093e\u0907\u0915\u0947\u0928 \u092a\u094d\u0932\u093e\u0928\u0938 (\u092c\u0940\u090f\u0915\u094d\u0938\u0913) - \u0938\u0930\u094d\u091c\u0930\u0940 \u0915\u093e \u0938\u092c\u0938\u0947 \u0906\u092e \u0915\u093e\u0930\u0923<\/h3><p data-path-to-node=\"11\">\u092b\u093f\u0928\u0932\u0948\u0902\u0921 \u092e\u0947\u0902, \u092c\u091a\u094d\u091a\u0947 \u092f\u093e \u0915\u093f\u0936\u094b\u0930 \u0915\u0947 \u0916\u0924\u0928\u093e \u0915\u093e \u0938\u092c\u0938\u0947 \u0906\u092e \u0915\u093e\u0930\u0923 \u092f\u0939 \u0939\u0948: <b data-path-to-node=\"11\" data-index-in-node=\"62\">\u092c\u0948\u0932\u093e\u0928\u093f\u091f\u093f\u0938 \u091c\u093c\u0947\u0930\u094b\u091f\u093f\u0915\u093e \u0911\u092c\u094d\u0932\u093f\u091f\u0930\u0928\u094d\u0938<\/b>. \u092f\u0939 \u090f\u0915 \u092a\u094d\u0930\u0915\u093e\u0930 \u0915\u093e \u0930\u094b\u0917 \u0939\u0948 \u091c\u093f\u0938\u092e\u0947\u0902 \u091a\u092e\u0921\u093c\u0940 \u092a\u0930 \u0928\u093f\u0936\u093e\u0928 \u092a\u0921\u093c \u091c\u093e\u0924\u0947 \u0939\u0948\u0902 \u0914\u0930 \u0924\u094d\u0935\u091a\u093e \u0938\u0916\u094d\u0924, \u092a\u0940\u0932\u0940 \u0914\u0930 \u0932\u094b\u091a\u0939\u0940\u0928 \u0939\u094b \u091c\u093e\u0924\u0940 \u0939\u0948\u0964.<\/p><ul data-path-to-node=\"12\"><li><p data-path-to-node=\"12,0,0\">\u0938\u092b\u0947\u0926 \u0932\u093e\u0907\u0915\u0947\u0928 \u0915\u0947 \u0932\u093f\u090f <b data-path-to-node=\"12,0,0\" data-index-in-node=\"14\">\u090f\u0915\u092e\u093e\u0924\u094d\u0930 \u092a\u094d\u0930\u092d\u093e\u0935\u0940 \u0909\u092a\u091a\u093e\u0930<\/b> \u0916\u0924\u0928\u093e, \u0926\u093e\u0917\u0926\u093e\u0930 \u0924\u094d\u0935\u091a\u093e \u0915\u094b \u0939\u091f\u093e\u0928\u0947 \u0915\u0940 \u092a\u094d\u0930\u0915\u094d\u0930\u093f\u092f\u093e \u0939\u0948\u0964.<\/p><\/li><\/ul><hr data-path-to-node=\"13\" \/><h3 data-path-to-node=\"14\">\u0909\u092a\u091a\u093e\u0930 \u0915\u0947 \u0935\u093f\u0915\u0932\u094d\u092a<\/h3><p data-path-to-node=\"15\">\u0909\u092a\u091a\u093e\u0930 \u0915\u093e \u091a\u0941\u0928\u093e\u0935 \u0932\u0915\u094d\u0937\u0923\u094b\u0902 \u0914\u0930 \u0938\u0902\u092d\u093e\u0935\u093f\u0924 \u0905\u0902\u0924\u0930\u094d\u0928\u093f\u0939\u093f\u0924 \u092c\u0940\u092e\u093e\u0930\u0940 \u092a\u0930 \u0928\u093f\u0930\u094d\u092d\u0930 \u0915\u0930\u0924\u093e \u0939\u0948:<\/p><ol start=\"1\" data-path-to-node=\"16\"><li><p data-path-to-node=\"16,0,0\"><b data-path-to-node=\"16,0,0\" data-index-in-node=\"0\">\u0914\u0937\u0927\u0940\u092f \u0915\u094d\u0930\u0940\u092e (\u092c\u0947\u092e\u0947\u091f\u0938\u0928):<\/b> \u092f\u0926\u093f \u092f\u0939 \u0932\u093e\u0907\u0915\u0947\u0928 \u092a\u094d\u0932\u093e\u0928\u0938 \u0915\u0947 \u0932\u0915\u094d\u0937\u0923\u094b\u0902 \u0915\u0947 \u092c\u093f\u0928\u093e \u0915\u0947\u0935\u0932 \u0938\u093e\u0927\u093e\u0930\u0923 \u091c\u092e\u093e\u0935 \u0939\u0948, \u0924\u094b \u0906\u092a \u0932\u0917\u092d\u0917 \u0926\u094b \u0938\u092a\u094d\u0924\u093e\u0939 \u0924\u0915 \u090f\u0915 \u092e\u091c\u092c\u0942\u0924 \u0915\u0949\u0930\u094d\u091f\u093f\u0938\u094b\u0928 \u0915\u094d\u0930\u0940\u092e (\u092c\u0947\u092e\u0947\u091f\u0938\u0928) \u0915\u093e \u092a\u094d\u0930\u092f\u094b\u0917 \u0915\u0930 \u0938\u0915\u0924\u0947 \u0939\u0948\u0902\u0964 \u092f\u0939 \u0915\u094d\u0930\u0940\u092e \u0924\u094d\u0935\u091a\u093e \u0915\u094b \u092e\u0941\u0932\u093e\u092f\u092e \u0914\u0930 \u0922\u0940\u0932\u093e \u0915\u0930\u0924\u0940 \u0939\u0948\u0964.<\/p><\/li><li><p data-path-to-node=\"16,1,0\"><b data-path-to-node=\"16,1,0\" data-index-in-node=\"0\">\u092b\u094b\u0930\u0938\u094d\u0915\u093f\u0928\u094b\u092a\u094d\u0932\u093e\u0938\u094d\u091f\u0940:<\/b> \u092f\u0926\u093f \u0924\u094d\u0935\u091a\u093e \u0924\u0928\u0940 \u0939\u0941\u0908 \u0939\u0948 \u0914\u0930 \u0915\u094b\u0908 \u0928\u093f\u0936\u093e\u0928 \u0928\u0939\u0940\u0902 \u0939\u0948\u0902, \u0924\u094b \u092a\u094d\u0932\u093e\u0938\u094d\u091f\u093f\u0915 \u0938\u0930\u094d\u091c\u0930\u0940 \u092a\u0930 \u0935\u093f\u091a\u093e\u0930 \u0915\u093f\u092f\u093e \u091c\u093e \u0938\u0915\u0924\u093e \u0939\u0948\u0964 \u0907\u0938 \u092a\u094d\u0930\u0915\u094d\u0930\u093f\u092f\u093e \u092e\u0947\u0902 \u0924\u094d\u0935\u091a\u093e \u0915\u094b \u0939\u091f\u093e\u092f\u093e \u0928\u0939\u0940\u0902 \u091c\u093e\u0924\u093e, \u092c\u0932\u094d\u0915\u093f \u0909\u0938\u0947 \u0928\u092f\u093e \u0906\u0915\u093e\u0930 \u0926\u0947\u0915\u0930 \u0922\u0940\u0932\u093e \u092c\u0928\u093e\u092f\u093e \u091c\u093e\u0924\u093e \u0939\u0948\u0964.<\/p><\/li><li><p data-path-to-node=\"16,2,0\"><b data-path-to-node=\"16,2,0\" data-index-in-node=\"0\">\u092a\u0930\u093f\u0936\u0941\u0926\u094d\u0927 \u0915\u0930\u0923:<\/b> \u092f\u0926\u093f \u0915\u094d\u0930\u0940\u092e \u0938\u0947 \u0909\u092a\u091a\u093e\u0930 \u0915\u0930\u0928\u0947 \u092a\u0930 \u0932\u093e\u092d \u0928 \u092e\u093f\u0932\u0947 \u092f\u093e \u092f\u0939 \u0932\u093e\u0907\u0915\u0947\u0928 \u092a\u094d\u0932\u093e\u0928\u0938 \u0939\u094b, \u0924\u094b \u0916\u0924\u0928\u093e \u0915\u093f\u092f\u093e \u091c\u093e\u0924\u093e \u0939\u0948, \u091c\u093f\u0938\u092e\u0947\u0902 \u0938\u0902\u0915\u0941\u091a\u093f\u0924 \u092f\u093e \u0930\u094b\u0917\u0917\u094d\u0930\u0938\u094d\u0924 \u091a\u092e\u0921\u093c\u0940 \u0915\u0947 \u0939\u093f\u0938\u094d\u0938\u0947 \u0915\u094b \u0939\u091f\u093e \u0926\u093f\u092f\u093e \u091c\u093e\u0924\u093e \u0939\u0948\u0964.<\/p><\/li><\/ol><hr data-path-to-node=\"17\" \/><h3 data-path-to-node=\"18\">\u0938\u0930\u094d\u091c\u0930\u0940 \u0915\u0930\u093e\u0928\u0947 \u0935\u093e\u0932\u094b\u0902 \u0915\u0947 \u0932\u093f\u090f \u0928\u093f\u0930\u094d\u0926\u0947\u0936<\/h3><p data-path-to-node=\"19\">\u092f\u0939 \u0938\u0930\u094d\u091c\u0930\u0940 \u0906\u092e\u0924\u094c\u0930 \u092a\u0930 \u090f\u0928\u0947\u0938\u094d\u0925\u0940\u0938\u093f\u092f\u093e \u0915\u0947 \u0924\u0939\u0924 \u0915\u0940 \u091c\u093e\u0924\u0940 \u0939\u0948 \u0924\u093e\u0915\u093f \u092c\u091a\u094d\u091a\u0947 \u0915\u0947 \u0932\u093f\u090f \u092a\u094d\u0930\u0915\u094d\u0930\u093f\u092f\u093e \u0926\u0930\u094d\u0926 \u0930\u0939\u093f\u0924 \u0914\u0930 \u092d\u092f \u092e\u0941\u0915\u094d\u0924 \u0939\u094b\u0964.<\/p><p data-path-to-node=\"20\"><b data-path-to-node=\"20\" data-index-in-node=\"0\">\u0918\u0930 \u092a\u0930 \u0930\u0939\u0915\u0930 \u0938\u094d\u0935\u093e\u0938\u094d\u0925\u094d\u092f \u0932\u093e\u092d:<\/b><\/p><ul data-path-to-node=\"21\"><li><p data-path-to-node=\"21,0,0\"><b data-path-to-node=\"21,0,0\" data-index-in-node=\"0\">\u0926\u0930\u094d\u0926 \u092a\u094d\u0930\u092c\u0902\u0927\u0928:<\/b> \u0936\u0941\u0930\u0941\u0906\u0924\u0940 \u0915\u0941\u091b \u0926\u093f\u0928\u094b\u0902 \u0924\u0915 \u0928\u093f\u092f\u092e\u093f\u0924 \u0930\u0942\u092a \u0938\u0947 \u0926\u0930\u094d\u0926 \u0928\u093f\u0935\u093e\u0930\u0915 \u0926\u0935\u093e \u0932\u0947\u0928\u093e \u092e\u0939\u0924\u094d\u0935\u092a\u0942\u0930\u094d\u0923 \u0939\u0948 (\u091c\u0948\u0938\u0947 \u0915\u093f \u092a\u0948\u0930\u093e\u0938\u093f\u091f\u093e\u092e\u094b\u0932 \u0914\u0930 \u0906\u0907\u092c\u0941\u092a\u094d\u0930\u094b\u092b\u0947\u0928)\u0964.<\/p><\/li><li><p data-path-to-node=\"21,1,0\"><b data-path-to-node=\"21,1,0\" data-index-in-node=\"0\">\u0938\u094d\u0935\u091a\u094d\u091b\u0924\u093e:<\/b> \u0930\u094b\u091c\u093e\u0928\u093e \u0928\u0939\u093e\u0928\u0947 \u0938\u0947 \u092f\u0939 \u0915\u094d\u0937\u0947\u0924\u094d\u0930 \u0938\u093e\u092b \u0930\u0939\u0924\u093e \u0939\u0948\u0964 \u0922\u0940\u0932\u0947, \u092e\u0941\u0932\u093e\u092f\u092e \u0938\u0942\u0924\u0940 \u0905\u0902\u0921\u0930\u0935\u093f\u092f\u0930 \u092a\u0939\u0928\u0928\u0947 \u0915\u0940 \u0938\u0932\u093e\u0939 \u0926\u0940 \u091c\u093e\u0924\u0940 \u0939\u0948\u0964.<\/p><\/li><li><p data-path-to-node=\"21,2,0\"><b data-path-to-node=\"21,2,0\" data-index-in-node=\"0\">\u0935\u0938\u0942\u0932\u0940 \u092e\u0947 \u0932\u0917\u0928\u0947 \u0935\u093e\u0932\u093e \u0938\u092e\u092f:<\/b> \u0906\u092a \u0906\u092e\u0924\u094c\u0930 \u092a\u0930 \u0915\u0941\u091b \u0926\u093f\u0928\u094b\u0902 \u092c\u093e\u0926 \u0938\u094d\u0915\u0942\u0932 \u092f\u093e \u0921\u0947\u0915\u0947\u092f\u0930 \u0938\u0947\u0902\u091f\u0930 \u0935\u093e\u092a\u0938 \u091c\u093e \u0938\u0915\u0924\u0947 \u0939\u0948\u0902\u0964.<\/p><\/li><li><p data-path-to-node=\"21,3,0\"><b data-path-to-node=\"21,3,0\" data-index-in-node=\"0\">\u091f\u094d\u0930\u0948\u092e\u0932\u094d\u0938:<\/b> \u0935\u094d\u092f\u093e\u092f\u093e\u092e, \u0916\u0947\u0932\u0915\u0942\u0926, \u0938\u094c\u0928\u093e \u0914\u0930 \u0924\u0948\u0930\u093e\u0915\u0940 \u0938\u0947 \u0938\u093e\u092e\u093e\u0928\u094d\u092f\u0924\u0903 \u092c\u091a\u0928\u093e \u091a\u093e\u0939\u093f\u090f\u0964 <b data-path-to-node=\"21,3,0\" data-index-in-node=\"78\">\u0932\u0917\u092d\u0917 \u0926\u094b \u0938\u092a\u094d\u0924\u093e\u0939<\/b> \u0938\u0930\u094d\u091c\u0930\u0940 \u0915\u0947 \u092c\u093e\u0926\u0964.<\/p><\/li><\/ul>\t\t\t\t\t\t\t\t<\/div>\n\t\t\t\t<\/div>\n\t\t\t\t<div class=\"elementor-element elementor-element-2cdcf83 elementor-widget elementor-widget-image\" data-id=\"2cdcf83\" data-element_type=\"widget\" data-e-type=\"widget\" data-widget_type=\"image.default\">\n\t\t\t\t<div class=\"elementor-widget-container\">\n\t\t\t\t\t\t\t\t\t\t\t\t\t\t\t<img fetchpriority=\"high\" decoding=\"async\" width=\"1024\" height=\"559\" src=\"https:\/\/lastenkirurgia.fi\/wp-content\/uploads\/2026\/04\/ymparileikkaus.webp\" class=\"attachment-large size-large wp-image-1550\" alt=\"\" srcset=\"https:\/\/lastenkirurgia.fi\/wp-content\/uploads\/2026\/04\/ymparileikkaus.webp 1024w, https:\/\/lastenkirurgia.fi\/wp-content\/uploads\/2026\/04\/ymparileikkaus-300x164.webp 300w, https:\/\/lastenkirurgia.fi\/wp-content\/uploads\/2026\/04\/ymparileikkaus-768x419.webp 768w\" sizes=\"(max-width: 1024px) 100vw, 1024px\" \/>\t\t\t\t\t\t\t\t\t\t\t\t\t\t\t<\/div>\n\t\t\t\t<\/div>\n\t\t\t\t\t<\/div>\n\t\t\t\t<\/div>\n\t\t\t\t<\/div>","protected":false},"excerpt":{"rendered":"<p>Esinahan ahtaus ja ymp\u00e4rileikkaus lapsella Esinahan ahtaus eli fimoosi on lapsilla yleinen vaiva, mutta kaikki tapaukset eiv\u00e4t vaadi leikkaushoitoa. On t\u00e4rke\u00e4\u00e4 erottaa toisistaan normaali kehitysvaihe ja hoitoa vaativa sairaus. \u00a0 Huomautus: Vastaanotollamme tehd\u00e4\u00e4n ymp\u00e4rileikkauksia ainoastaan l\u00e4\u00e4ketieteellisin perustein. Emme suorita uskonnollisia ymp\u00e4rileikkauksia.\u00a0 \u00a0 Milloin esinahalle ei tarvitse tehd\u00e4 mit\u00e4\u00e4n? Esimurrosik\u00e4isen lapsen esinahka on usein fysiologisesti ahdas, [&hellip;]<\/p>\n","protected":false},"author":1,"featured_media":0,"parent":0,"menu_order":0,"comment_status":"closed","ping_status":"closed","template":"","meta":{"_angie_page":false,"site-sidebar-layout":"no-sidebar","site-content-layout":"page-builder","ast-site-content-layout":"full-width-container","site-content-style":"default","site-sidebar-style":"default","ast-global-header-display":"","ast-banner-title-visibility":"","ast-main-header-display":"","ast-hfb-above-header-display":"","ast-hfb-below-header-display":"","ast-hfb-mobile-header-display":"","site-post-title":"","ast-breadcrumbs-content":"","ast-featured-img":"disabled","footer-sml-layout":"","ast-disable-related-posts":"","theme-transparent-header-meta":"","adv-header-id-meta":"","stick-header-meta":"","header-above-stick-meta":"","header-main-stick-meta":"","header-below-stick-meta":"","astra-migrate-meta-layouts":"set","ast-page-background-enabled":"default","ast-page-background-meta":{"desktop":{"background-color":"","background-image":"","background-repeat":"repeat","background-position":"center center","background-size":"auto","background-attachment":"scroll","background-type":"","background-media":"","overlay-type":"","overlay-color":"","overlay-opacity":"","overlay-gradient":""},"tablet":{"background-color":"","background-image":"","background-repeat":"repeat","background-position":"center center","background-size":"auto","background-attachment":"scroll","background-type":"","background-media":"","overlay-type":"","overlay-color":"","overlay-opacity":"","overlay-gradient":""},"mobile":{"background-color":"","background-image":"","background-repeat":"repeat","background-position":"center center","background-size":"auto","background-attachment":"scroll","background-type":"","background-media":"","overlay-type":"","overlay-color":"","overlay-opacity":"","overlay-gradient":""}},"ast-content-background-meta":{"desktop":{"background-color":"var(--ast-global-color-5)","background-image":"","background-repeat":"repeat","background-position":"center center","background-size":"auto","background-attachment":"scroll","background-type":"","background-media":"","overlay-type":"","overlay-color":"","overlay-opacity":"","overlay-gradient":""},"tablet":{"background-color":"var(--ast-global-color-5)","background-image":"","background-repeat":"repeat","background-position":"center center","background-size":"auto","background-attachment":"scroll","background-type":"","background-media":"","overlay-type":"","overlay-color":"","overlay-opacity":"","overlay-gradient":""},"mobile":{"background-color":"var(--ast-global-color-5)","background-image":"","background-repeat":"repeat","background-position":"center center","background-size":"auto","background-attachment":"scroll","background-type":"","background-media":"","overlay-type":"","overlay-color":"","overlay-opacity":"","overlay-gradient":""}},"footnotes":""},"class_list":["post-1360","page","type-page","status-publish","hentry"],"_links":{"self":[{"href":"https:\/\/lastenkirurgia.fi\/hi\/wp-json\/wp\/v2\/pages\/1360","targetHints":{"allow":["GET"]}}],"collection":[{"href":"https:\/\/lastenkirurgia.fi\/hi\/wp-json\/wp\/v2\/pages"}],"about":[{"href":"https:\/\/lastenkirurgia.fi\/hi\/wp-json\/wp\/v2\/types\/page"}],"author":[{"embeddable":true,"href":"https:\/\/lastenkirurgia.fi\/hi\/wp-json\/wp\/v2\/users\/1"}],"replies":[{"embeddable":true,"href":"https:\/\/lastenkirurgia.fi\/hi\/wp-json\/wp\/v2\/comments?post=1360"}],"version-history":[{"count":8,"href":"https:\/\/lastenkirurgia.fi\/hi\/wp-json\/wp\/v2\/pages\/1360\/revisions"}],"predecessor-version":[{"id":1554,"href":"https:\/\/lastenkirurgia.fi\/hi\/wp-json\/wp\/v2\/pages\/1360\/revisions\/1554"}],"wp:attachment":[{"href":"https:\/\/lastenkirurgia.fi\/hi\/wp-json\/wp\/v2\/media?parent=1360"}],"curies":[{"name":"wp","href":"https:\/\/api.w.org\/{rel}","templated":true}]}}