{"id":1364,"date":"2026-04-09T13:49:29","date_gmt":"2026-04-09T13:49:29","guid":{"rendered":"https:\/\/darkcyan-pheasant-754087.hostingersite.com\/?page_id=1364"},"modified":"2026-04-11T13:51:53","modified_gmt":"2026-04-11T13:51:53","slug":"lapsen-laskeutumattoman-kiveksen-korjausleikkaus","status":"publish","type":"page","link":"https:\/\/lastenkirurgia.fi\/hi\/lapsen-laskeutumattoman-kiveksen-korjausleikkaus\/","title":{"rendered":"\u092c\u091a\u094d\u091a\u0947 \u092e\u0947\u0902 \u0905\u0902\u0921\u0915\u094b\u0937 \u0915\u0947 \u0928\u0940\u091a\u0947 \u0928 \u0909\u0924\u0930\u0928\u0947 \u0915\u0940 \u0938\u092e\u0938\u094d\u092f\u093e \u0915\u094b \u0920\u0940\u0915 \u0915\u0930\u0928\u0947 \u0915\u0947 \u0932\u093f\u090f \u0915\u0940 \u091c\u093e\u0928\u0947 \u0935\u093e\u0932\u0940 \u0938\u0930\u094d\u091c\u0930\u0940"},"content":{"rendered":"<div data-elementor-type=\"wp-page\" data-elementor-id=\"1364\" class=\"elementor elementor-1364\" data-elementor-post-type=\"page\">\n\t\t\t\t<div class=\"elementor-element elementor-element-21515e0 e-flex e-con-boxed e-con e-parent\" data-id=\"21515e0\" data-element_type=\"container\" data-e-type=\"container\">\n\t\t\t\t\t<div class=\"e-con-inner\">\n\t\t\t\t<div class=\"elementor-element elementor-element-68ab2d7 elementor-widget elementor-widget-text-editor\" data-id=\"68ab2d7\" data-element_type=\"widget\" data-e-type=\"widget\" data-widget_type=\"text-editor.default\">\n\t\t\t\t<div class=\"elementor-widget-container\">\n\t\t\t\t\t\t\t\t\t<h2 data-path-to-node=\"2\">\u092c\u091a\u094d\u091a\u0947 \u092e\u0947\u0902 \u0905\u0902\u0921\u0915\u094b\u0937 \u0915\u093e \u0928\u0940\u091a\u0947 \u0928 \u0909\u0924\u0930\u0928\u093e \u2013 \u091c\u093e\u0928\u0915\u093e\u0930\u0940 \u0914\u0930 \u0909\u092a\u091a\u093e\u0930 \u092a\u094d\u0930\u0915\u094d\u0930\u093f\u092f\u093e<\/h2><p data-path-to-node=\"3\">\u092d\u094d\u0930\u0942\u0923 \u0935\u093f\u0915\u093e\u0938 \u0915\u0947 \u0926\u094c\u0930\u093e\u0928 \u0932\u0921\u093c\u0915\u0947 \u0915\u0947 \u0905\u0902\u0921\u0915\u094b\u0937 \u0906\u092e\u0924\u094c\u0930 \u092a\u0930 \u0905\u0902\u0921\u0915\u094b\u0936 \u092e\u0947\u0902 \u0909\u0924\u0930 \u091c\u093e\u0924\u0947 \u0939\u0948\u0902, \u0932\u0947\u0915\u093f\u0928 \u0915\u092d\u0940-\u0915\u092d\u0940 \u090f\u0915 \u092f\u093e \u0926\u094b\u0928\u094b\u0902 \u0905\u0902\u0921\u0915\u094b\u0937 \u092a\u0940\u091b\u0947 \u091b\u0942\u091f \u091c\u093e\u0924\u0947 \u0939\u0948\u0902\u0964 \u0905\u0902\u0921\u0915\u094b\u0937 \u0915\u094b \u0909\u0924\u0930 \u091c\u093e\u0928\u093e \u091a\u093e\u0939\u093f\u090f \u0925\u093e\u0964 <b data-path-to-node=\"3\" data-index-in-node=\"167\">6 \u092e\u0939\u0940\u0928\u0947 \u0915\u0940 \u0909\u092e\u094d\u0930 \u0924\u0915<\/b>.<\/p><h3 data-path-to-node=\"4\">\u0905\u0902\u0921\u0915\u094b\u0937 \u0915\u093e \u0928\u0940\u091a\u0947 \u0928 \u0909\u0924\u0930\u0928\u093e \u090f\u0915 \u0938\u093e\u092e\u093e\u0928\u094d\u092f \u0918\u091f\u0928\u093e \u0939\u0948\u0964<\/h3><p data-path-to-node=\"5\">\u0915\u0908 \u092c\u091a\u094d\u091a\u0947 \u0909\u0938 \u0938\u094d\u0925\u093f\u0924\u093f \u0915\u093e \u0905\u0928\u0941\u092d\u0935 \u0915\u0930\u0924\u0947 \u0939\u0948\u0902 \u091c\u093f\u0938\u0947 \u0915\u0939\u093e \u091c\u093e\u0924\u093e \u0939\u0948 <b data-path-to-node=\"5\" data-index-in-node=\"39\">\u0905\u0902\u0921\u0915\u094b\u0937 \u0915\u093e \u0905\u0935\u0930\u094b\u0939\u0923<\/b> (\u0905\u0902\u0921\u0915\u094b\u0937 \u0928\u092e\u0915)<i data-path-to-node=\"5\" data-index-in-node=\"54\">s<\/i>\u092f\u0939 \u090f\u0915 \u092a\u0942\u0930\u0940 \u0924\u0930\u0939 \u0938\u0947 \u0938\u093e\u092e\u093e\u0928\u094d\u092f \u0936\u093e\u0930\u0940\u0930\u093f\u0915 \u0918\u091f\u0928\u093e \u0939\u0948 \u091c\u094b \u0938\u0915\u094d\u0930\u093f\u092f \u0932\u0947\u0935\u0947\u091f\u0930 \u090f\u0928\u0940 \u092e\u093e\u0902\u0938\u092a\u0947\u0936\u0940 \u0915\u0947 \u0915\u093e\u0930\u0923 \u0939\u094b\u0924\u0940 \u0939\u0948\u0964.<\/p><ul data-path-to-node=\"6\"><li><p data-path-to-node=\"6,0,0\">\u092f\u0926\u093f \u0905\u0902\u0921\u0915\u094b\u0937 \u0915\u092d\u0940-\u0915\u092d\u093e\u0930 \u090a\u092a\u0930 \u0909\u0920 \u091c\u093e\u0924\u093e \u0939\u0948, \u0932\u0947\u0915\u093f\u0928 \u091a\u093f\u0915\u093f\u0924\u094d\u0938\u0915\u0940\u092f \u091c\u093e\u0902\u091a \u0915\u0947 \u0926\u094c\u0930\u093e\u0928 \u0909\u0938\u0947 \u0906\u0938\u093e\u0928\u0940 \u0938\u0947 \u0935\u093e\u092a\u0938 \u0905\u0902\u0921\u0915\u094b\u0936 \u092e\u0947\u0902 \u0916\u0940\u0902\u091a \u0932\u093f\u092f\u093e \u091c\u093e\u0924\u093e \u0939\u0948, \u0924\u094b \u092f\u0939 \u0938\u093e\u092e\u093e\u0928\u094d\u092f \u0938\u094d\u0925\u093f\u0924\u093f \u0939\u0948\u0964 \u0918\u0930 \u092a\u0930 \u0905\u0902\u0921\u0915\u094b\u0937 \u0915\u094b \u0916\u0940\u0902\u091a\u0928\u093e \u0909\u091a\u093f\u0924 \u0928\u0939\u0940\u0902 \u0939\u0948\u0964.<\/p><\/li><li><p data-path-to-node=\"6,1,0\">\u092f\u0926\u093f \u092c\u091a\u094d\u091a\u093e \u0906\u0930\u093e\u092e \u0915\u0940 \u0938\u094d\u0925\u093f\u0924\u093f \u092e\u0947\u0902 \u0939\u094b \u0924\u094b \u0905\u0902\u0921\u0915\u094b\u0937 \u092e\u0947\u0902 \u0905\u0902\u0921\u0915\u094b\u0937 \u0926\u093f\u0916\u093e\u0908 \u0926\u0947\u0928\u093e \u092d\u0940 \u090f\u0915 \u0905\u091a\u094d\u091b\u093e \u0938\u0902\u0915\u0947\u0924 \u0939\u0948, \u0909\u0926\u093e\u0939\u0930\u0923 \u0915\u0947 \u0932\u093f\u090f: <b data-path-to-node=\"6,1,0\" data-index-in-node=\"94\">\u0917\u0930\u094d\u092e \u092a\u093e\u0928\u0940 \u0915\u0947 \u0938\u094d\u0928\u093e\u0928 \u092f\u093e \u0938\u094c\u0928\u093e \u092e\u0947\u0902<\/b>. \u0907\u0938 \u092e\u093e\u092e\u0932\u0947 \u092e\u0947\u0902 \u0938\u0930\u094d\u091c\u093f\u0915\u0932 \u0909\u092a\u091a\u093e\u0930 \u0915\u0940 \u0906\u0935\u0936\u094d\u092f\u0915\u0924\u093e \u0928\u0939\u0940\u0902 \u0939\u0948\u0964.<\/p><\/li><\/ul><h3 data-path-to-node=\"7\">\u091c\u093e\u0902\u091a \u0915\u0940 \u0906\u0935\u0936\u094d\u092f\u0915\u0924\u093e \u0915\u092c \u092a\u0921\u093c\u0924\u0940 \u0939\u0948?<\/h3><p data-path-to-node=\"8\">\u092f\u0926\u093f \u0917\u0930\u094d\u092e\u0940 \u0915\u0947 \u0926\u094c\u0930\u093e\u0928 \u092d\u0940 \u0905\u0902\u0921\u0915\u094b\u0937 \u0928\u0940\u091a\u0947 \u0928\u0939\u0940\u0902 \u0909\u0924\u0930\u0924\u093e \u0939\u0948, \u0924\u094b \u091a\u093f\u0915\u093f\u0924\u094d\u0938\u0915\u0940\u092f \u091c\u093e\u0902\u091a \u0906\u0935\u0936\u094d\u092f\u0915 \u0939\u0948\u0964 \u0909\u092a\u091a\u093e\u0930 \u0915\u093e \u0924\u0930\u0940\u0915\u093e \u0905\u0902\u0921\u0915\u094b\u0937 \u0915\u0940 \u0938\u094d\u0925\u093f\u0924\u093f \u092a\u0930 \u0928\u093f\u0930\u094d\u092d\u0930 \u0915\u0930\u0924\u093e \u0939\u0948\u0964<\/p><ol start=\"1\" data-path-to-node=\"9\"><li><p data-path-to-node=\"9,0,0\"><b data-path-to-node=\"9,0,0\" data-index-in-node=\"0\">\u0905\u0902\u0921\u0915\u094b\u0937 \u0915\u094b \u091c\u093e\u0902\u0918 \u0915\u0947 \u092d\u0940\u0924\u0930\u0940 \u092d\u093e\u0917 \u092e\u0947\u0902 \u092e\u0939\u0938\u0942\u0938 \u0915\u093f\u092f\u093e \u091c\u093e \u0938\u0915\u0924\u093e \u0939\u0948:<\/b> \u0921\u0949\u0915\u094d\u091f\u0930 \u0915\u094b \u091c\u093e\u0902\u0918 \u0915\u0947 \u092d\u0940\u0924\u0930\u0940 \u092d\u093e\u0917 \u092e\u0947\u0902 \u092f\u093e \u0905\u0902\u0921\u0915\u094b\u0936 \u0915\u0947 \u090a\u092a\u0930 \u0905\u0902\u0921\u0915\u094b\u0937 \u092e\u0939\u0938\u0942\u0938 \u0939\u094b\u0924\u093e \u0939\u0948, \u0932\u0947\u0915\u093f\u0928 \u0909\u0938\u0947 \u0905\u0902\u0921\u0915\u094b\u0936 \u0915\u0947 \u0905\u0902\u0926\u0930 \u0928\u0939\u0940\u0902 \u0916\u0940\u0902\u091a\u093e \u091c\u093e \u0938\u0915\u0924\u093e\u0964 \u0907\u0938\u0915\u093e \u0907\u0932\u093e\u091c \u0938\u093e\u092e\u093e\u0928\u094d\u092f \u0938\u0930\u094d\u091c\u0930\u0940 \u0926\u094d\u0935\u093e\u0930\u093e \u0915\u093f\u092f\u093e \u091c\u093e\u0924\u093e \u0939\u0948\u0964.<\/p><\/li><li><p data-path-to-node=\"9,1,0\"><b data-path-to-node=\"9,1,0\" data-index-in-node=\"0\">\u092a\u0924\u094d\u0925\u0930 \u0915\u093e \u092c\u093f\u0932\u094d\u0915\u0941\u0932 \u092d\u0940 \u090f\u0939\u0938\u093e\u0938 \u0928\u0939\u0940\u0902 \u0939\u094b\u0924\u093e:<\/b> \u092f\u0926\u093f \u0905\u0902\u0921\u0915\u094b\u0937 \u0915\u094b \u0938\u094d\u092a\u0930\u094d\u0936 \u0915\u0930\u0915\u0947 \u092e\u0939\u0938\u0942\u0938 \u0928\u0939\u0940\u0902 \u0915\u093f\u092f\u093e \u091c\u093e \u0938\u0915\u0924\u093e \u0939\u0948, \u0924\u094b \u0905\u0915\u094d\u0938\u0930 \u0910\u0938\u093e \u0915\u093f\u092f\u093e \u091c\u093e\u0924\u093e \u0939\u0948 <b data-path-to-node=\"9,1,0\" data-index-in-node=\"87\">\u0905\u0932\u094d\u091f\u094d\u0930\u093e\u0938\u093e\u0909\u0902\u0921 \u091c\u093e\u0902\u091a<\/b>.<\/p><\/li><li><p data-path-to-node=\"9,2,0\"><b data-path-to-node=\"9,2,0\" data-index-in-node=\"0\">\u0905\u0932\u094d\u091f\u094d\u0930\u093e\u0938\u093e\u0909\u0902\u0921 \u092e\u0947\u0902 \u092a\u0925\u0930\u0940 \u0915\u093e \u092a\u0924\u093e \u0928\u0939\u0940\u0902 \u091a\u0932 \u092a\u093e\u0924\u093e \u0939\u0948:<\/b> \u0907\u0938 \u092e\u093e\u092e\u0932\u0947 \u092e\u0947\u0902, \u0939\u092e \u0915\u0930\u0947\u0902\u0917\u0947 <b data-path-to-node=\"9,2,0\" data-index-in-node=\"47\">\u0932\u0947\u092a\u094d\u0930\u094b\u0938\u094d\u0915\u094b\u092a\u0940<\/b> \u092f\u093e\u0928\u0940 \u0932\u0948\u092a\u094d\u0930\u094b\u0938\u094d\u0915\u094b\u092a\u0940\u0964 \u0907\u0938 \u0938\u094d\u0915\u0948\u0928 \u0938\u0947 \u092a\u0924\u093e \u091a\u0932\u0924\u093e \u0939\u0948 \u0915\u093f \u0905\u0902\u0921\u0915\u094b\u0937 \u092a\u0947\u091f \u0915\u0940 \u0917\u0941\u0939\u093e \u092e\u0947\u0902 \u0939\u0948 \u092f\u093e \u0938\u093f\u0915\u0941\u0921\u093c \u0917\u092f\u093e \u0939\u0948\u0964.<\/p><\/li><\/ol><hr data-path-to-node=\"10\" \/><h3 data-path-to-node=\"11\">\u0909\u092a\u091a\u093e\u0930: \u0936\u0932\u094d\u092f \u091a\u093f\u0915\u093f\u0924\u094d\u0938\u093e \u0926\u094d\u0935\u093e\u0930\u093e \u0905\u0902\u0921\u0915\u094b\u0937 \u0915\u094b \u0935\u093e\u092a\u0938 \u0905\u0902\u0921\u0915\u094b\u0936 \u092e\u0947\u0902 \u0921\u093e\u0932\u0928\u093e<\/h3><p data-path-to-node=\"12\">\u0905\u0902\u0921\u0915\u094b\u0937 \u0915\u0947 \u0928\u0940\u091a\u0947 \u0928 \u0909\u0924\u0930\u0928\u0947 \u0915\u0940 \u0938\u094d\u0925\u093f\u0924\u093f \u092e\u0947\u0902, \u0905\u0902\u0921\u0915\u094b\u0937 \u0915\u094b \u0907\u0937\u094d\u091f\u0924\u092e, \u0920\u0902\u0921\u0947 \u0924\u093e\u092a\u092e\u093e\u0928 \u092a\u0930 \u0932\u093e\u0928\u0947 \u0915\u0947 \u0932\u093f\u090f \u090f\u0928\u0947\u0938\u094d\u0925\u0940\u0938\u093f\u092f\u093e \u0915\u0947 \u0924\u0939\u0924 \u0938\u0930\u094d\u091c\u0930\u0940 \u0915\u0940 \u091c\u093e\u0924\u0940 \u0939\u0948\u0964.<\/p><h4 data-path-to-node=\"13\">\u090f. \u0926\u093f\u0928 \u092e\u0947\u0902 \u0915\u0940 \u091c\u093e\u0928\u0947 \u0935\u093e\u0932\u0940 \u0938\u0930\u094d\u091c\u0930\u0940 (\u0905\u0902\u0921\u0915\u094b\u0937 \u091c\u093e\u0902\u0918 \u092e\u0947\u0902 \u0938\u094d\u0925\u093f\u0924)<\/h4><ul data-path-to-node=\"14\"><li><p data-path-to-node=\"14,0,0\"><b data-path-to-node=\"14,0,0\" data-index-in-node=\"0\">\u092a\u0948\u092e\u093e\u0928\u0947:<\/b> \u0926\u094b \u091b\u094b\u091f\u0947 \u091a\u0940\u0930\u0947 \u0932\u0917\u093e\u090f \u091c\u093e\u0924\u0947 \u0939\u0948\u0902 \u2013 \u090f\u0915 \u091c\u093e\u0902\u0918 \u092e\u0947\u0902 \u0914\u0930 \u0926\u0942\u0938\u0930\u093e \u0905\u0902\u0921\u0915\u094b\u0937 \u092e\u0947\u0902\u0964 \u0905\u0902\u0921\u0915\u094b\u0937 \u0915\u0940 \u0930\u0915\u094d\u0924 \u0935\u093e\u0939\u093f\u0915\u093e\u0913\u0902 \u0914\u0930 \u0935\u093e\u0938 \u0921\u0947\u092b\u0930\u0947\u0902\u0938 \u0915\u0947 \u0906\u0938\u092a\u093e\u0938 \u0915\u0947 \u0915\u0938\u0928\u0947 \u0935\u093e\u0932\u0947 \u090a\u0924\u0915 \u0915\u094b \u0939\u091f\u093e \u0926\u093f\u092f\u093e \u091c\u093e\u0924\u093e \u0939\u0948, \u091c\u093f\u0938\u0938\u0947 \u0932\u093f\u0902\u0917 \u0915\u0940 \u0932\u0902\u092c\u093e\u0908 \u092c\u0922\u093c \u091c\u093e\u0924\u0940 \u0939\u0948\u0964.<\/p><\/li><li><p data-path-to-node=\"14,1,0\"><b data-path-to-node=\"14,1,0\" data-index-in-node=\"0\">\u0905\u0935\u0927\u093f:<\/b> \u0938\u0930\u094d\u091c\u0930\u0940 \u092e\u0947\u0902 \u0932\u0917\u092d\u0917 \u0907\u0924\u0928\u093e \u0938\u092e\u092f \u0932\u0917\u0924\u093e \u0939\u0948\u0964 <b data-path-to-node=\"14,1,0\" data-index-in-node=\"28\">30 \u092e\u093f\u0928\u091f<\/b>.<\/p><\/li><li><p data-path-to-node=\"14,2,0\"><b data-path-to-node=\"14,2,0\" data-index-in-node=\"0\">\u0918\u0930 \u0935\u093e\u092a\u0938\u0940:<\/b> \u092c\u091a\u094d\u091a\u093e \u0909\u0938\u0940 \u0926\u093f\u0928 \u0918\u0930 \u091c\u093e \u0938\u0915\u0924\u093e \u0939\u0948\u0964.<\/p><\/li><\/ul><h4 data-path-to-node=\"15\">\u092c\u0940. \u0905\u0902\u0921\u0915\u094b\u0937 \u092a\u0947\u091f \u0915\u0940 \u0917\u0941\u0939\u093e \u092e\u0947\u0902 \u0938\u094d\u0925\u093f\u0924 (\u0926\u094b \u091a\u0930\u0923\u094b\u0902 \u0935\u093e\u0932\u093e \u0909\u092a\u091a\u093e\u0930)<\/h4><p data-path-to-node=\"16\">\u092f\u0926\u093f \u0905\u0902\u0921\u0915\u094b\u0937 \u092a\u0947\u091f \u0915\u0940 \u0917\u0941\u0939\u093e \u092e\u0947\u0902 \u0938\u094d\u0925\u093f\u0924 \u0939\u0948, \u0924\u094b \u0930\u0915\u094d\u0924 \u092a\u0930\u093f\u0938\u0902\u091a\u0930\u0923 \u0938\u0941\u0928\u093f\u0936\u094d\u091a\u093f\u0924 \u0915\u0930\u0928\u0947 \u0915\u0947 \u0932\u093f\u090f \u0909\u092a\u091a\u093e\u0930 \u092e\u0947\u0902 \u0926\u094b \u091a\u0930\u0923 \u0936\u093e\u092e\u093f\u0932 \u0939\u094b\u0924\u0947 \u0939\u0948\u0902:<\/p><ol start=\"1\" data-path-to-node=\"17\"><li><p data-path-to-node=\"17,0,0\"><b data-path-to-node=\"17,0,0\" data-index-in-node=\"0\">\u0938\u094d\u091f\u0947\u092a 1:<\/b> \u0905\u0902\u0921\u0915\u094b\u0937 \u0915\u094b \u0938\u0902\u0915\u0941\u091a\u093f\u0924 \u0915\u0930\u0928\u0947 \u0935\u093e\u0932\u0940 \u0930\u0915\u094d\u0924 \u0935\u093e\u0939\u093f\u0915\u093e \u0915\u094b \u0915\u093e\u091f \u0926\u093f\u092f\u093e \u091c\u093e\u0924\u093e \u0939\u0948\u0964 \u0907\u0938\u0915\u0947 \u092c\u093e\u0926, \u092f\u0939 \u0909\u092e\u094d\u092e\u0940\u0926 \u0915\u0940 \u091c\u093e\u0924\u0940 \u0939\u0948 \u0915\u093f <b data-path-to-node=\"17,0,0\" data-index-in-node=\"76\">6 \u092e\u0939\u0940\u0928\u0947<\/b>, \u0924\u093e\u0915\u093f \u0906\u0938\u092a\u093e\u0938 \u0915\u0947 \u0915\u094d\u0937\u0947\u0924\u094d\u0930\u094b\u0902 \u092e\u0947\u0902 \u0930\u0915\u094d\u0924 \u0915\u093e \u0938\u0902\u091a\u093e\u0930 \u092e\u091c\u092c\u0942\u0924 \u0939\u094b \u0938\u0915\u0947\u0964.<\/p><\/li><li><p data-path-to-node=\"17,1,0\"><b data-path-to-node=\"17,1,0\" data-index-in-node=\"0\">\u0926\u0942\u0938\u0930\u093e \u091a\u0930\u0923:<\/b> \u0926\u0942\u0938\u0930\u0940 \u0938\u0930\u094d\u091c\u0930\u0940 \u0915\u0940 \u091c\u093e\u0924\u0940 \u0939\u0948, \u091c\u093f\u0938\u092e\u0947\u0902 \u0930\u0915\u094d\u0924 \u0938\u0902\u091a\u093e\u0930 \u092e\u0947\u0902 \u0938\u0941\u0927\u093e\u0930 \u0915\u0947 \u0938\u093e\u0925 \u0905\u0902\u0921\u0915\u094b\u0937 \u0915\u094b \u0938\u094d\u0915\u0902\u0926\u0930\u093e \u092e\u0947\u0902 \u0935\u093e\u092a\u0938 \u0932\u093e\u092f\u093e \u091c\u093e\u0924\u093e \u0939\u0948\u0964.<\/p><\/li><\/ol><hr data-path-to-node=\"18\" \/><h3 data-path-to-node=\"19\">\u0918\u0930 \u092a\u0930 \u0939\u0940 \u0938\u094d\u0935\u093e\u0938\u094d\u0925\u094d\u092f \u0932\u093e\u092d<\/h3><ul data-path-to-node=\"20\"><li><p data-path-to-node=\"20,0,0\"><b data-path-to-node=\"20,0,0\" data-index-in-node=\"0\">\u0926\u0930\u094d\u0926 \u092a\u094d\u0930\u092c\u0902\u0927\u0928:<\/b> \u0936\u0941\u0930\u0941\u0906\u0924\u0940 \u0915\u0941\u091b \u0926\u093f\u0928\u094b\u0902 \u092e\u0947\u0902 \u0928\u093f\u092f\u092e\u093f\u0924 \u0930\u0942\u092a \u0938\u0947 \u0926\u0930\u094d\u0926 \u0928\u093f\u0935\u093e\u0930\u0915 \u0926\u0935\u093e (\u092a\u0948\u0930\u093e\u0938\u093f\u091f\u093e\u092e\u094b\u0932\/\u0907\u092c\u0941\u092a\u094d\u0930\u094b\u092b\u0947\u0928) \u0932\u0947\u0902\u0964.<\/p><\/li><li><p data-path-to-node=\"20,1,0\"><b data-path-to-node=\"20,1,0\" data-index-in-node=\"0\">\u0918\u093e\u0935:<\/b> \u091a\u0940\u0930\u094b\u0902 \u0915\u094b \u0906\u092e\u0924\u094c\u0930 \u092a\u0930 \u0918\u0941\u0932\u0928\u0936\u0940\u0932 \u091f\u093e\u0902\u0915\u094b\u0902 \u0938\u0947 \u092c\u0902\u0926 \u0915\u093f\u092f\u093e \u091c\u093e\u0924\u093e \u0939\u0948 \u091c\u094b \u0905\u092a\u0928\u0947 \u0906\u092a \u0917\u093e\u092f\u092c \u0939\u094b \u091c\u093e\u0924\u0947 \u0939\u0948\u0902\u0964.<\/p><\/li><li><p data-path-to-node=\"20,2,0\"><b data-path-to-node=\"20,2,0\" data-index-in-node=\"0\">\u091f\u094d\u0930\u0948\u092e\u0932\u094d\u0938:<\/b> \u0935\u094d\u092f\u093e\u092f\u093e\u092e, \u0916\u0947\u0932\u0915\u0942\u0926 \u0914\u0930 \u0924\u0948\u0930\u093e\u0915\u0940 \u0938\u0947 \u0938\u093e\u092e\u093e\u0928\u094d\u092f\u0924\u0903 \u092c\u091a\u0928\u093e \u091a\u093e\u0939\u093f\u090f\u0964 <b data-path-to-node=\"20,2,0\" data-index-in-node=\"65\">\u0909\u092e\u094d\u0930 \u0915\u0947 \u0906\u0927\u093e\u0930 \u092a\u0930 \u0932\u0917\u092d\u0917 1-2 \u0938\u092a\u094d\u0924\u093e\u0939<\/b>.<\/p><\/li><li><p data-path-to-node=\"20,3,0\"><b data-path-to-node=\"20,3,0\" data-index-in-node=\"0\">\u0930\u094b\u091c\u092e\u0930\u094d\u0930\u093e \u0915\u0940 \u091c\u093f\u0902\u0926\u0917\u0940 \u092e\u0947\u0902 \u0935\u093e\u092a\u0938 \u0932\u094c\u091f\u0947\u0902:<\/b> \u0906\u092a\u0915\u0940 \u0938\u094d\u0925\u093f\u0924\u093f \u0915\u0947 \u0906\u0927\u093e\u0930 \u092a\u0930, \u0906\u092a \u0906\u092e\u0924\u094c\u0930 \u092a\u0930 \u0915\u0941\u091b \u0926\u093f\u0928\u094b\u0902 \u0915\u0947 \u092c\u093e\u0926 \u0938\u094d\u0915\u0942\u0932 \u092f\u093e \u0921\u0947\u0915\u0947\u092f\u0930 \u0938\u0947\u0902\u091f\u0930 \u0932\u094c\u091f \u0938\u0915\u0924\u0947 \u0939\u0948\u0902\u0964.<\/p><\/li><\/ul><p>\u0939\u0947\u0932\u094d\u0925 \u0935\u093f\u0932\u0947\u091c \u0932\u093f\u0902\u0915<\/p><p><a href=\"https:\/\/www.terveyskyla.fi\/lastentalo\/tietoa-lasten-sairauksista\/lasten-ja-nuorten-urologia\/laskeutumaton-kives\" target=\"_blank\" rel=\"noopener\">https:\/\/www.terveyskyla.fi\/lastentalo\/tietoa-lasten-sairauksista\/lasten-ja-nuorten-urologia\/laskeutumaton-kives<\/a><\/p><p>\u00a0<\/p><p>\u00a0<\/p>\t\t\t\t\t\t\t\t<\/div>\n\t\t\t\t<\/div>\n\t\t\t\t\t<\/div>\n\t\t\t\t<\/div>\n\t\t\t\t<\/div>","protected":false},"excerpt":{"rendered":"<p>Lapsen laskeutumaton kives \u2013 tietoa ja hoitopolku Poikalapsen kivekset laskeutuvat yleens\u00e4 kivespussiin siki\u00f6aikana, mutta joskus toinen tai molemmat kivekset j\u00e4\u00e4v\u00e4t matkan varrelle. Kivesten tulisi olla laskeutunut 6 kuukauden ik\u00e4\u00e4n menness\u00e4. Hyppiv\u00e4 kives on normaali ilmi\u00f6 Monilla lapsilla esiintyy niin sanottu hyppiv\u00e4 kives (testis saltans). T\u00e4m\u00e4 on t\u00e4ysin normaali fysiologinen ilmi\u00f6, joka johtuu vilkkaasta kiveskohottajalihaksesta. Jos [&hellip;]<\/p>\n","protected":false},"author":1,"featured_media":0,"parent":0,"menu_order":0,"comment_status":"closed","ping_status":"closed","template":"","meta":{"_angie_page":false,"site-sidebar-layout":"no-sidebar","site-content-layout":"page-builder","ast-site-content-layout":"full-width-container","site-content-style":"default","site-sidebar-style":"default","ast-global-header-display":"","ast-banner-title-visibility":"","ast-main-header-display":"","ast-hfb-above-header-display":"","ast-hfb-below-header-display":"","ast-hfb-mobile-header-display":"","site-post-title":"","ast-breadcrumbs-content":"","ast-featured-img":"disabled","footer-sml-layout":"","ast-disable-related-posts":"","theme-transparent-header-meta":"","adv-header-id-meta":"","stick-header-meta":"","header-above-stick-meta":"","header-main-stick-meta":"","header-below-stick-meta":"","astra-migrate-meta-layouts":"set","ast-page-background-enabled":"default","ast-page-background-meta":{"desktop":{"background-color":"","background-image":"","background-repeat":"repeat","background-position":"center center","background-size":"auto","background-attachment":"scroll","background-type":"","background-media":"","overlay-type":"","overlay-color":"","overlay-opacity":"","overlay-gradient":""},"tablet":{"background-color":"","background-image":"","background-repeat":"repeat","background-position":"center center","background-size":"auto","background-attachment":"scroll","background-type":"","background-media":"","overlay-type":"","overlay-color":"","overlay-opacity":"","overlay-gradient":""},"mobile":{"background-color":"","background-image":"","background-repeat":"repeat","background-position":"center center","background-size":"auto","background-attachment":"scroll","background-type":"","background-media":"","overlay-type":"","overlay-color":"","overlay-opacity":"","overlay-gradient":""}},"ast-content-background-meta":{"desktop":{"background-color":"var(--ast-global-color-5)","background-image":"","background-repeat":"repeat","background-position":"center center","background-size":"auto","background-attachment":"scroll","background-type":"","background-media":"","overlay-type":"","overlay-color":"","overlay-opacity":"","overlay-gradient":""},"tablet":{"background-color":"var(--ast-global-color-5)","background-image":"","background-repeat":"repeat","background-position":"center center","background-size":"auto","background-attachment":"scroll","background-type":"","background-media":"","overlay-type":"","overlay-color":"","overlay-opacity":"","overlay-gradient":""},"mobile":{"background-color":"var(--ast-global-color-5)","background-image":"","background-repeat":"repeat","background-position":"center center","background-size":"auto","background-attachment":"scroll","background-type":"","background-media":"","overlay-type":"","overlay-color":"","overlay-opacity":"","overlay-gradient":""}},"footnotes":""},"class_list":["post-1364","page","type-page","status-publish","hentry"],"_links":{"self":[{"href":"https:\/\/lastenkirurgia.fi\/hi\/wp-json\/wp\/v2\/pages\/1364","targetHints":{"allow":["GET"]}}],"collection":[{"href":"https:\/\/lastenkirurgia.fi\/hi\/wp-json\/wp\/v2\/pages"}],"about":[{"href":"https:\/\/lastenkirurgia.fi\/hi\/wp-json\/wp\/v2\/types\/page"}],"author":[{"embeddable":true,"href":"https:\/\/lastenkirurgia.fi\/hi\/wp-json\/wp\/v2\/users\/1"}],"replies":[{"embeddable":true,"href":"https:\/\/lastenkirurgia.fi\/hi\/wp-json\/wp\/v2\/comments?post=1364"}],"version-history":[{"count":4,"href":"https:\/\/lastenkirurgia.fi\/hi\/wp-json\/wp\/v2\/pages\/1364\/revisions"}],"predecessor-version":[{"id":1577,"href":"https:\/\/lastenkirurgia.fi\/hi\/wp-json\/wp\/v2\/pages\/1364\/revisions\/1577"}],"wp:attachment":[{"href":"https:\/\/lastenkirurgia.fi\/hi\/wp-json\/wp\/v2\/media?parent=1364"}],"curies":[{"name":"wp","href":"https:\/\/api.w.org\/{rel}","templated":true}]}}