{"id":1370,"date":"2026-04-09T13:50:59","date_gmt":"2026-04-09T13:50:59","guid":{"rendered":"https:\/\/darkcyan-pheasant-754087.hostingersite.com\/?page_id=1370"},"modified":"2026-04-11T12:57:53","modified_gmt":"2026-04-11T12:57:53","slug":"lapsen-ihomuutoksen-poisto","status":"publish","type":"page","link":"https:\/\/lastenkirurgia.fi\/hi\/lapsen-ihomuutoksen-poisto\/","title":{"rendered":"\u092c\u091a\u094d\u091a\u0947 \u0915\u0940 \u0924\u094d\u0935\u091a\u093e \u092a\u0930 \u092e\u094c\u091c\u0942\u0926 \u0918\u093e\u0935 \u0915\u094b \u0939\u091f\u093e\u0928\u093e"},"content":{"rendered":"<div data-elementor-type=\"wp-page\" data-elementor-id=\"1370\" class=\"elementor elementor-1370\" data-elementor-post-type=\"page\">\n\t\t\t\t<div class=\"elementor-element elementor-element-769c94c e-flex e-con-boxed e-con e-parent\" data-id=\"769c94c\" data-element_type=\"container\" data-e-type=\"container\">\n\t\t\t\t\t<div class=\"e-con-inner\">\n\t\t\t\t<div class=\"elementor-element elementor-element-2855bef elementor-widget elementor-widget-text-editor\" data-id=\"2855bef\" data-element_type=\"widget\" data-e-type=\"widget\" data-widget_type=\"text-editor.default\">\n\t\t\t\t<div class=\"elementor-widget-container\">\n\t\t\t\t\t\t\t\t\t<h2 data-path-to-node=\"2\">\u092c\u091a\u094d\u091a\u0947 \u0915\u0940 \u0924\u094d\u0935\u091a\u093e \u092a\u0930 \u0918\u093e\u0935 \u0939\u091f\u093e\u0928\u093e \u2013 \u0905\u092d\u093f\u092d\u093e\u0935\u0915\u094b\u0902 \u0915\u0947 \u0932\u093f\u090f \u0928\u093f\u0930\u094d\u0926\u0947\u0936<\/h2><p data-path-to-node=\"3\">\u092c\u091a\u094d\u091a\u094b\u0902 \u092e\u0947\u0902 \u0924\u094d\u0935\u091a\u093e \u092a\u0930 \u092e\u094c\u091c\u0942\u0926 \u091b\u094b\u091f\u0947-\u092e\u094b\u091f\u0947 \u0918\u093e\u0935\u094b\u0902, \u091c\u0948\u0938\u0947 \u0915\u093f \u092e\u0938\u094d\u0938\u0947 \u092f\u093e \u0905\u0928\u094d\u092f \u091b\u094b\u091f\u0947 \u0918\u093e\u0935\u094b\u0902 \u0915\u094b \u0939\u091f\u093e\u0928\u093e \u090f\u0915 \u0906\u092e \u092a\u094d\u0930\u0915\u094d\u0930\u093f\u092f\u093e \u0939\u0948\u0964 \u0939\u092e\u093e\u0930\u093e \u0932\u0915\u094d\u0937\u094d\u092f \u0907\u0938 \u092a\u094d\u0930\u0915\u094d\u0930\u093f\u092f\u093e \u0915\u094b \u092c\u091a\u094d\u091a\u0947 \u0915\u0947 \u0932\u093f\u090f \u092f\u0925\u093e\u0938\u0902\u092d\u0935 \u0938\u0941\u0930\u0915\u094d\u0937\u093f\u0924 \u0914\u0930 \u0924\u0928\u093e\u0935\u092e\u0941\u0915\u094d\u0924 \u092c\u0928\u093e\u0928\u093e \u0939\u0948\u0964.<\/p><h3 data-path-to-node=\"4\">\u090f\u0928\u0947\u0938\u094d\u0925\u0940\u0938\u093f\u092f\u093e \u092f\u093e \u090f\u0928\u0947\u0938\u094d\u0925\u0940\u0938\u093f\u092f\u093e?<\/h3><p data-path-to-node=\"5\">\u092f\u0939 \u092a\u094d\u0930\u0915\u094d\u0930\u093f\u092f\u093e \u092c\u091a\u094d\u091a\u0947 \u0915\u0940 \u0909\u092e\u094d\u0930 \u0914\u0930 \u0924\u0928\u093e\u0935 \u0915\u0947 \u0938\u094d\u0924\u0930 \u0915\u0947 \u0906\u0927\u093e\u0930 \u092a\u0930 \u0938\u094d\u0925\u093e\u0928\u0940\u092f \u092f\u093e \u0938\u093e\u092e\u093e\u0928\u094d\u092f \u092c\u0947\u0939\u094b\u0936\u0940 \u0915\u0940 \u0926\u0935\u093e \u0915\u0947 \u0924\u0939\u0924 \u0915\u0940 \u091c\u093e \u0938\u0915\u0924\u0940 \u0939\u0948\u0964.<\/p><ul data-path-to-node=\"6\"><li><p data-path-to-node=\"6,0,0\"><b data-path-to-node=\"6,0,0\" data-index-in-node=\"0\">\u0938\u094d\u0925\u093e\u0928\u0940\u092f \u092c\u0947\u0939\u094b\u0936\u0940:<\/b> \u092a\u094d\u0930\u093e\u0925\u092e\u093f\u0915 \u0935\u093f\u0926\u094d\u092f\u093e\u0932\u092f \u0915\u0940 \u0906\u092f\u0941 \u0915\u0947 \u091a\u0902\u091a\u0932 \u092c\u091a\u094d\u091a\u094b\u0902 \u092e\u0947\u0902 \u0938\u093e\u092e\u093e\u0928\u094d\u092f \u090f\u0928\u0947\u0938\u094d\u0925\u0940\u0938\u093f\u092f\u093e \u0915\u0947 \u0924\u0939\u0924 \u092f\u0939 \u092a\u094d\u0930\u0915\u094d\u0930\u093f\u092f\u093e \u0905\u0915\u094d\u0938\u0930 \u0938\u092b\u0932 \u0939\u094b\u0924\u0940 \u0939\u0948\u0964 \u092f\u0926\u093f \u092c\u091a\u094d\u091a\u093e \u090f\u0928\u0947\u0938\u094d\u0925\u0940\u0938\u093f\u092f\u093e \u0915\u0947 \u0932\u093f\u090f \u0924\u0948\u092f\u093e\u0930 \u0939\u094b \u091c\u093e\u0924\u093e \u0939\u0948, \u0924\u094b \u092a\u094d\u0930\u0915\u094d\u0930\u093f\u092f\u093e \u0906\u092e\u0924\u094c\u0930 \u092a\u0930 \u0938\u0941\u091a\u093e\u0930\u0942 \u0930\u0942\u092a \u0938\u0947 \u0938\u0902\u092a\u0928\u094d\u0928 \u0939\u094b \u091c\u093e\u0924\u0940 \u0939\u0948\u0964.<\/p><\/li><li><p data-path-to-node=\"6,1,0\"><b data-path-to-node=\"6,1,0\" data-index-in-node=\"0\">\u092c\u0947\u0939\u094b\u0936\u0940 \u0915\u0940 \u0926\u0935\u093e:<\/b> \u092f\u0926\u093f \u092c\u091a\u094d\u091a\u093e \u0938\u094d\u0925\u093f\u0924\u093f \u0915\u094b \u0932\u0947\u0915\u0930 \u092c\u0939\u0941\u0924 \u0921\u0930\u093e \u0939\u0941\u0906 \u092f\u093e \u091a\u093f\u0902\u0924\u093f\u0924 \u0939\u0948, \u0924\u094b \u0909\u0938\u0947 \u091c\u092c\u0930\u0926\u0938\u094d\u0924\u0940 \u0938\u094d\u0925\u093e\u0928\u0940\u092f \u090f\u0928\u0947\u0938\u094d\u0925\u0940\u0938\u093f\u092f\u093e \u0926\u0947\u0928\u093e \u0909\u091a\u093f\u0924 \u0928\u0939\u0940\u0902 \u0939\u0948\u0964 \u0910\u0938\u0947 \u092e\u0947\u0902, \u092a\u094d\u0930\u0915\u094d\u0930\u093f\u092f\u093e \u0915\u0947 \u0932\u093f\u090f \u090f\u0915 \u0928\u092f\u093e \u0938\u092e\u092f \u0924\u092f \u0915\u0930\u0928\u093e \u092c\u0947\u0939\u0924\u0930 \u0939\u0948, \u091c\u094b \u0938\u093e\u092e\u093e\u0928\u094d\u092f \u090f\u0928\u0947\u0938\u094d\u0925\u0940\u0938\u093f\u092f\u093e (\u0905\u0932\u094d\u092a\u0915\u093e\u0932\u093f\u0915 \u0938\u093e\u092e\u093e\u0928\u094d\u092f \u090f\u0928\u0947\u0938\u094d\u0925\u0940\u0938\u093f\u092f\u093e) \u0915\u0947 \u0924\u0939\u0924 \u0915\u0940 \u091c\u093e\u090f\u0917\u0940\u0964 \u0907\u0938 \u0924\u0930\u0939, \u092c\u091a\u094d\u091a\u0947 \u0915\u094b \u092a\u094d\u0930\u0915\u094d\u0930\u093f\u092f\u093e \u0938\u0947 \u0938\u0902\u092c\u0902\u0927\u093f\u0924 \u0915\u094b\u0908 \u0921\u0930 \u092f\u093e \u0905\u092a\u094d\u0930\u093f\u092f \u092f\u093e\u0926\u0947\u0902 \u0928\u0939\u0940\u0902 \u0930\u0939\u0947\u0902\u0917\u0940\u0964.<\/p><\/li><\/ul><h3 data-path-to-node=\"7\">\u092a\u094d\u0930\u0915\u094d\u0930\u093f\u092f\u093e \u0938\u0947 \u092a\u0939\u0932\u0947<\/h3><ul data-path-to-node=\"8\"><li><p data-path-to-node=\"8,0,0\">\u0905\u092a\u0928\u0947 \u092c\u091a\u094d\u091a\u0947 \u0915\u094b \u092a\u0939\u0932\u0947 \u0938\u0947 \u0939\u0940 \u092c\u0924\u093e \u0926\u0947\u0902 \u0915\u093f \u0915\u094d\u092f\u093e \u0939\u094b\u0928\u0947 \u0935\u093e\u0932\u093e \u0939\u0948\u0964 \u0909\u0928\u094d\u0939\u0947\u0902 \u092c\u0924\u093e\u090f\u0902 \u0915\u093f \u0921\u0949\u0915\u094d\u091f\u0930 \u0924\u094d\u0935\u091a\u093e \u0915\u0947 \u0915\u0947\u0935\u0932 \u090f\u0915 \u091b\u094b\u091f\u0947 \u0938\u0947 \u0939\u093f\u0938\u094d\u0938\u0947 \u0915\u094b \u0938\u0941\u0928\u094d\u0928 \u0915\u0930\u0947\u0902\u0917\u0947 \u092f\u093e \u092a\u094d\u0930\u0915\u094d\u0930\u093f\u092f\u093e \u0915\u0947 \u0926\u094c\u0930\u093e\u0928 \u092c\u091a\u094d\u091a\u0947 \u0915\u094b \u0925\u094b\u0921\u093c\u0940 \u0926\u0947\u0930 \u0915\u0947 \u0932\u093f\u090f \u091d\u092a\u0915\u0940 \u0932\u0947\u0928\u0947 \u0915\u0940 \u0905\u0928\u0941\u092e\u0924\u093f \u0939\u094b\u0917\u0940\u0964.<\/p><\/li><li><p data-path-to-node=\"8,1,0\">\u092f\u0926\u093f \u092f\u0939 \u092a\u094d\u0930\u0915\u094d\u0930\u093f\u092f\u093e \u090f\u0928\u0947\u0938\u094d\u0925\u0940\u0938\u093f\u092f\u093e \u0915\u0947 \u0924\u0939\u0924 \u0915\u0940 \u091c\u093e\u0924\u0940 \u0939\u0948, \u0924\u094b \u0906\u092a\u0915\u094b \u0909\u092a\u0935\u093e\u0938 \u0915\u0947 \u092c\u093e\u0930\u0947 \u092e\u0947\u0902 \u0905\u0932\u0917 \u0938\u0947 \u0928\u093f\u0930\u094d\u0926\u0947\u0936 \u092a\u094d\u0930\u093e\u092a\u094d\u0924 \u0939\u094b\u0902\u0917\u0947\u0964.<\/p><\/li><\/ul><hr data-path-to-node=\"9\" \/><h3 data-path-to-node=\"10\">\u092a\u094d\u0930\u0915\u094d\u0930\u093f\u092f\u093e \u0915\u0947 \u092c\u093e\u0926 \u0914\u0930 \u0918\u0930 \u092a\u0930 \u0926\u0947\u0916\u092d\u093e\u0932<\/h3><p data-path-to-node=\"11\">\u0939\u091f\u093e\u0928\u0947 \u0915\u0940 \u092a\u094d\u0930\u0915\u094d\u0930\u093f\u092f\u093e \u091c\u0932\u094d\u0926\u0940 \u092a\u0942\u0930\u0940 \u0939\u094b \u091c\u093e\u0924\u0940 \u0939\u0948\u0964 \u0918\u093e\u0935 \u0915\u094b \u0906\u092e\u0924\u094c\u0930 \u092a\u0930 \u092c\u0902\u0926 \u0915\u0930 \u0926\u093f\u092f\u093e \u091c\u093e\u0924\u093e \u0939\u0948\u0964 <b data-path-to-node=\"11\" data-index-in-node=\"53\">\u091a\u093f\u0915\u0928\u0940 \u0938\u093f\u0932\u093e\u0908 \u0915\u0947 \u0938\u093e\u0925<\/b>, \u091c\u093f\u0928\u094d\u0939\u0947\u0902 \u0939\u091f\u093e\u0928\u0947 \u0915\u0940 \u091c\u0930\u0942\u0930\u0924 \u0928\u0939\u0940\u0902 \u0939\u0948 \u2013 \u0935\u0947 \u0938\u092e\u092f \u0915\u0947 \u0938\u093e\u0925 \u0905\u092a\u0928\u0947 \u0906\u092a \u0917\u093e\u092f\u092c \u0939\u094b \u091c\u093e\u090f\u0902\u0917\u0947\u0964.<\/p><p data-path-to-node=\"12\"><b data-path-to-node=\"12\" data-index-in-node=\"0\">\u092a\u0941\u0928\u0930\u094d\u092a\u094d\u0930\u093e\u092a\u094d\u0924\u093f \u0914\u0930 \u0938\u0940\u092e\u093e\u090f\u0901:<\/b> \u0936\u0941\u0930\u0941\u0906\u0924\u0940 \u0915\u0941\u091b \u0926\u093f\u0928\u094b\u0902 \u0915\u0947 \u0926\u094c\u0930\u093e\u0928 \u0918\u093e\u0935 \u0935\u093e\u0932\u0947 \u0939\u093f\u0938\u094d\u0938\u0947 \u0915\u094b \u0916\u0940\u0902\u091a\u0928\u0947 \u0914\u0930 \u0917\u0940\u0932\u093e \u0915\u0930\u0928\u0947 \u0938\u0947 \u092c\u091a\u0928\u0947 \u092a\u0930 \u0918\u093e\u0935 \u092d\u0930\u0928\u0947 \u0915\u0940 \u092a\u094d\u0930\u0915\u094d\u0930\u093f\u092f\u093e \u0936\u093e\u0902\u0924 \u0930\u0939\u0924\u0940 \u0939\u0948\u0964.<\/p><ul data-path-to-node=\"13\"><li><p data-path-to-node=\"13,0,0\"><b data-path-to-node=\"13,0,0\" data-index-in-node=\"0\">\u0935\u093f\u0926\u094d\u092f\u093e\u0932\u092f:<\/b> \u092c\u091a\u094d\u091a\u093e \u0906\u092e\u0924\u094c\u0930 \u092a\u0930 \u0905\u0917\u0932\u0947 \u0939\u0940 \u0926\u093f\u0928 \u0938\u094d\u0915\u0942\u0932 \u092f\u093e \u0921\u0947\u0915\u0947\u092f\u0930 \u0938\u0947\u0902\u091f\u0930 \u0932\u094c\u091f \u0938\u0915\u0924\u093e \u0939\u0948\u0964.<\/p><\/li><li><p data-path-to-node=\"13,1,0\"><b data-path-to-node=\"13,1,0\" data-index-in-node=\"0\">\u0935\u094d\u092f\u093e\u092f\u093e\u092e \u0914\u0930 \u0916\u0947\u0932\u0915\u0942\u0926:<\/b> \u0915\u0947 \u092c\u093e\u0930\u0947 \u092e\u0947\u0902 <b data-path-to-node=\"13,1,0\" data-index-in-node=\"26\">\u090f\u0915 \u0938\u092a\u094d\u0924\u093e\u0939 \u0915\u093e \u0905\u0935\u0915\u093e\u0936<\/b> \u0916\u0947\u0932\u0915\u0942\u0926 \u0938\u0947 \u092a\u0930\u0939\u0947\u091c \u0915\u0930\u0928\u093e \u0906\u0935\u0936\u094d\u092f\u0915 \u0939\u0948 \u0924\u093e\u0915\u093f \u0918\u093e\u0935 \u0916\u0941\u0932\u0928\u0947 \u092f\u093e \u092b\u0948\u0932\u0928\u0947 \u0938\u0947 \u0930\u094b\u0915\u093e \u091c\u093e \u0938\u0915\u0947\u0964.<\/p><\/li><li><p data-path-to-node=\"13,2,0\"><b data-path-to-node=\"13,2,0\" data-index-in-node=\"0\">\u0938\u094c\u0928\u093e \u0914\u0930 \u0938\u094d\u0935\u093f\u092e\u093f\u0902\u0917 \u092a\u0942\u0932:<\/b> \u0918\u093e\u0935 \u092e\u0947\u0902 \u0938\u0902\u0915\u094d\u0930\u092e\u0923 \u0915\u094b \u0930\u094b\u0915\u0928\u0947 \u0915\u0947 \u0932\u093f\u090f, \u0938\u094c\u0928\u093e, \u0924\u0948\u0930\u093e\u0915\u0940 \u0914\u0930 \u0938\u094d\u0928\u093e\u0928 \u0938\u0947 \u0932\u0917\u092d\u0917 \u0915\u0941\u091b \u0938\u092e\u092f \u0924\u0915 \u092c\u091a\u0928\u093e \u091a\u093e\u0939\u093f\u090f\u0964 <b data-path-to-node=\"13,2,0\" data-index-in-node=\"93\">\u090f\u0915 \u0938\u092a\u094d\u0924\u093e\u0939 \u0915\u0947 \u0932\u093f\u090f<\/b>. \u0906\u092a \u0938\u093e\u092e\u093e\u0928\u094d\u092f \u0930\u0942\u092a \u0938\u0947 \u0938\u094d\u0928\u093e\u0928 \u0915\u0930 \u0938\u0915\u0924\u0947 \u0939\u0948\u0902 (\u0906\u092e\u0924\u094c\u0930 \u092a\u0930 24 \u0918\u0902\u091f\u0947 \u092c\u093e\u0926), \u092c\u0936\u0930\u094d\u0924\u0947 \u0918\u093e\u0935 \u0935\u093e\u0932\u0947 \u0939\u093f\u0938\u094d\u0938\u0947 \u0915\u094b \u0939\u0932\u094d\u0915\u0947 \u0938\u0947 \u0925\u092a\u0925\u092a\u093e\u0915\u0930 \u0938\u0941\u0916\u093e \u0932\u093f\u092f\u093e \u091c\u093e\u090f\u0964.<\/p><\/li><\/ul>\t\t\t\t\t\t\t\t<\/div>\n\t\t\t\t<\/div>\n\t\t\t\t\t<\/div>\n\t\t\t\t<\/div>\n\t\t\t\t<\/div>","protected":false},"excerpt":{"rendered":"<p>Lapsen ihomuutoksen poisto \u2013 ohjeita vanhemmille Ihomuutosten, kuten luomien tai muiden pienten ihopatitien, poisto on lapsilla tavallinen toimenpide. Tavoitteenamme on tehd\u00e4 toimenpiteest\u00e4 lapselle mahdollisimman turvallinen ja v\u00e4h\u00e4n j\u00e4nnitt\u00e4v\u00e4 kokemus. Puudutus vai nukutus? Toimenpide voidaan tehd\u00e4 joko paikallispuudutuksessa tai nukutuksessa lapsen i\u00e4st\u00e4 ja j\u00e4nnityksest\u00e4 riippuen. Paikallispuudutus: Toimenpide onnistuu usein jo ala-asteik\u00e4isilt\u00e4 reippailta lapsilta puudutuksessa. Jos lapsi [&hellip;]<\/p>\n","protected":false},"author":1,"featured_media":0,"parent":0,"menu_order":0,"comment_status":"closed","ping_status":"closed","template":"","meta":{"_angie_page":false,"site-sidebar-layout":"no-sidebar","site-content-layout":"page-builder","ast-site-content-layout":"full-width-container","site-content-style":"default","site-sidebar-style":"default","ast-global-header-display":"","ast-banner-title-visibility":"","ast-main-header-display":"","ast-hfb-above-header-display":"","ast-hfb-below-header-display":"","ast-hfb-mobile-header-display":"","site-post-title":"","ast-breadcrumbs-content":"","ast-featured-img":"disabled","footer-sml-layout":"","ast-disable-related-posts":"","theme-transparent-header-meta":"","adv-header-id-meta":"","stick-header-meta":"","header-above-stick-meta":"","header-main-stick-meta":"","header-below-stick-meta":"","astra-migrate-meta-layouts":"set","ast-page-background-enabled":"default","ast-page-background-meta":{"desktop":{"background-color":"","background-image":"","background-repeat":"repeat","background-position":"center center","background-size":"auto","background-attachment":"scroll","background-type":"","background-media":"","overlay-type":"","overlay-color":"","overlay-opacity":"","overlay-gradient":""},"tablet":{"background-color":"","background-image":"","background-repeat":"repeat","background-position":"center center","background-size":"auto","background-attachment":"scroll","background-type":"","background-media":"","overlay-type":"","overlay-color":"","overlay-opacity":"","overlay-gradient":""},"mobile":{"background-color":"","background-image":"","background-repeat":"repeat","background-position":"center center","background-size":"auto","background-attachment":"scroll","background-type":"","background-media":"","overlay-type":"","overlay-color":"","overlay-opacity":"","overlay-gradient":""}},"ast-content-background-meta":{"desktop":{"background-color":"var(--ast-global-color-5)","background-image":"","background-repeat":"repeat","background-position":"center center","background-size":"auto","background-attachment":"scroll","background-type":"","background-media":"","overlay-type":"","overlay-color":"","overlay-opacity":"","overlay-gradient":""},"tablet":{"background-color":"var(--ast-global-color-5)","background-image":"","background-repeat":"repeat","background-position":"center center","background-size":"auto","background-attachment":"scroll","background-type":"","background-media":"","overlay-type":"","overlay-color":"","overlay-opacity":"","overlay-gradient":""},"mobile":{"background-color":"var(--ast-global-color-5)","background-image":"","background-repeat":"repeat","background-position":"center center","background-size":"auto","background-attachment":"scroll","background-type":"","background-media":"","overlay-type":"","overlay-color":"","overlay-opacity":"","overlay-gradient":""}},"footnotes":""},"class_list":["post-1370","page","type-page","status-publish","hentry"],"_links":{"self":[{"href":"https:\/\/lastenkirurgia.fi\/hi\/wp-json\/wp\/v2\/pages\/1370","targetHints":{"allow":["GET"]}}],"collection":[{"href":"https:\/\/lastenkirurgia.fi\/hi\/wp-json\/wp\/v2\/pages"}],"about":[{"href":"https:\/\/lastenkirurgia.fi\/hi\/wp-json\/wp\/v2\/types\/page"}],"author":[{"embeddable":true,"href":"https:\/\/lastenkirurgia.fi\/hi\/wp-json\/wp\/v2\/users\/1"}],"replies":[{"embeddable":true,"href":"https:\/\/lastenkirurgia.fi\/hi\/wp-json\/wp\/v2\/comments?post=1370"}],"version-history":[{"count":4,"href":"https:\/\/lastenkirurgia.fi\/hi\/wp-json\/wp\/v2\/pages\/1370\/revisions"}],"predecessor-version":[{"id":1538,"href":"https:\/\/lastenkirurgia.fi\/hi\/wp-json\/wp\/v2\/pages\/1370\/revisions\/1538"}],"wp:attachment":[{"href":"https:\/\/lastenkirurgia.fi\/hi\/wp-json\/wp\/v2\/media?parent=1370"}],"curies":[{"name":"wp","href":"https:\/\/api.w.org\/{rel}","templated":true}]}}