{"id":1372,"date":"2026-04-09T13:51:12","date_gmt":"2026-04-09T13:51:12","guid":{"rendered":"https:\/\/darkcyan-pheasant-754087.hostingersite.com\/?page_id=1372"},"modified":"2026-04-11T13:35:26","modified_gmt":"2026-04-11T13:35:26","slug":"lapsen-murtuman-hoito","status":"publish","type":"page","link":"https:\/\/lastenkirurgia.fi\/hi\/lapsen-murtuman-hoito\/","title":{"rendered":"\u092c\u091a\u094d\u091a\u0947 \u0915\u0947 \u092b\u094d\u0930\u0948\u0915\u094d\u091a\u0930 \u0915\u093e \u0909\u092a\u091a\u093e\u0930"},"content":{"rendered":"<div data-elementor-type=\"wp-page\" data-elementor-id=\"1372\" class=\"elementor elementor-1372\" data-elementor-post-type=\"page\">\n\t\t\t\t<div class=\"elementor-element elementor-element-31eef8b e-flex e-con-boxed e-con e-parent\" data-id=\"31eef8b\" data-element_type=\"container\" data-e-type=\"container\">\n\t\t\t\t\t<div class=\"e-con-inner\">\n\t\t\t\t<div class=\"elementor-element elementor-element-d40e97e elementor-widget elementor-widget-text-editor\" data-id=\"d40e97e\" data-element_type=\"widget\" data-e-type=\"widget\" data-widget_type=\"text-editor.default\">\n\t\t\t\t<div class=\"elementor-widget-container\">\n\t\t\t\t\t\t\t\t\t<h2 data-path-to-node=\"2\">\u092c\u091a\u094d\u091a\u0947 \u0915\u0947 \u092b\u094d\u0930\u0948\u0915\u094d\u091a\u0930 \u0915\u093e \u0909\u092a\u091a\u093e\u0930 \u0914\u0930 \u0928\u093f\u0917\u0930\u093e\u0928\u0940<\/h2><p data-path-to-node=\"3\">\u092c\u091a\u094d\u091a\u094b\u0902 \u092e\u0947\u0902 \u092b\u094d\u0930\u0948\u0915\u094d\u091a\u0930 \u0935\u092f\u0938\u094d\u0915\u094b\u0902 \u0938\u0947 \u0915\u093e\u092b\u0940 \u0905\u0932\u0917 \u0939\u094b\u0924\u0947 \u0939\u0948\u0902\u0964 \u0909\u092e\u094d\u0930 \u0915\u0947 \u0906\u0927\u093e\u0930 \u092a\u0930, \u092c\u091a\u094d\u091a\u0947 \u0915\u0940 \u0939\u0921\u094d\u0921\u093f\u092f\u093e\u0901 \u0905\u092d\u0940 \u092d\u0940 \u0915\u093e\u092b\u0940 \u0939\u0926 \u0924\u0915 \u092a\u0941\u0928\u0930\u094d\u0928\u093f\u0930\u094d\u092e\u093f\u0924 \u0939\u094b \u0930\u0939\u0940 \u0939\u094b\u0924\u0940 \u0939\u0948\u0902, \u092f\u0939\u0940 \u0915\u093e\u0930\u0923 \u0939\u0948 \u0915\u093f \u0909\u092a\u091a\u093e\u0930 \u0915\u0947 \u0924\u0930\u0940\u0915\u0947 \u092c\u091a\u094d\u091a\u0947 \u0915\u0940 \u0909\u092e\u094d\u0930 \u0914\u0930 \u0935\u093f\u0915\u093e\u0938 \u0915\u0947 \u091a\u0930\u0923 \u0915\u0947 \u0905\u0928\u0941\u0938\u093e\u0930 \u0935\u094d\u092f\u0915\u094d\u0924\u093f\u0917\u0924 \u0930\u0942\u092a \u0938\u0947 \u091a\u0941\u0928\u0947 \u091c\u093e\u0924\u0947 \u0939\u0948\u0902\u0964.<\/p><h3 data-path-to-node=\"4\">\u0915\u093f\u0938\u0940 \u092c\u091a\u094d\u091a\u0947 \u0915\u0940 \u0939\u0921\u094d\u0921\u0940 \u0915\u093e \u092b\u094d\u0930\u0948\u0915\u094d\u091a\u0930 \u0916\u093e\u0938 \u0915\u094d\u092f\u094b\u0902 \u0939\u094b\u0924\u093e \u0939\u0948?<\/h3><p data-path-to-node=\"5\">\u092c\u091a\u094d\u091a\u094b\u0902 \u0915\u0947 \u0915\u0902\u0915\u093e\u0932 \u0915\u0940 \u0915\u0908 \u0910\u0938\u0940 \u0935\u093f\u0936\u0947\u0937\u0924\u093e\u090f\u0902 \u0939\u0948\u0902 \u091c\u093f\u0928\u0915\u0947 \u0915\u093e\u0930\u0923 \u0928\u093f\u0926\u093e\u0928 \u0914\u0930 \u0909\u092a\u091a\u093e\u0930 \u0935\u092f\u0938\u094d\u0915\u094b\u0902 \u0938\u0947 \u092d\u093f\u0928\u094d\u0928 \u0939\u094b\u0924\u0947 \u0939\u0948\u0902:<\/p><ul data-path-to-node=\"6\"><li><p data-path-to-node=\"6,0,0\"><b data-path-to-node=\"6,0,0\" data-index-in-node=\"0\">\u090f\u0915\u094d\u0938-\u0930\u0947 \u091b\u0935\u093f\u092f\u094b\u0902 \u0915\u0940 \u0935\u094d\u092f\u093e\u0916\u094d\u092f\u093e:<\/b> \u092c\u091a\u094d\u091a\u094b\u0902 \u0915\u0940 \u0939\u0921\u094d\u0921\u093f\u092f\u094b\u0902 \u092e\u0947\u0902 \u0935\u0943\u0926\u094d\u0927\u093f \u0930\u0947\u0916\u093e\u090f\u0902, \u0935\u0943\u0926\u094d\u0927\u093f \u0915\u0947\u0902\u0926\u094d\u0930 \u0914\u0930 \u0909\u092a\u093e\u0938\u094d\u0925\u093f \u0915\u0947 \u092d\u093e\u0917 \u0939\u094b\u0924\u0947 \u0939\u0948\u0902 \u091c\u094b \u0935\u092f\u0938\u094d\u0915\u094b\u0902 \u0915\u0940 \u0939\u0921\u094d\u0921\u093f\u092f\u094b\u0902 \u0938\u0947 \u092d\u093f\u0928\u094d\u0928 \u0939\u094b\u0924\u0947 \u0939\u0948\u0902\u0964 \u0907\u0938\u0932\u093f\u090f, \u091b\u0935\u093f\u092f\u094b\u0902 \u0915\u0940 \u0935\u094d\u092f\u093e\u0916\u094d\u092f\u093e \u0915\u0930\u0928\u0947 \u0915\u0947 \u0932\u093f\u090f \u090f\u0915 \u0905\u0928\u0941\u092d\u0935\u0940 \u0935\u094d\u092f\u0915\u094d\u0924\u093f \u0915\u0940 \u0906\u0935\u0936\u094d\u092f\u0915\u0924\u093e \u0939\u094b\u0924\u0940 \u0939\u0948 \u091c\u094b \u092b\u094d\u0930\u0948\u0915\u094d\u091a\u0930 \u0914\u0930 \u0938\u093e\u092e\u093e\u0928\u094d\u092f \u0935\u0943\u0926\u094d\u0927\u093f \u0930\u0947\u0916\u093e \u0915\u0947 \u092c\u0940\u091a \u0905\u0902\u0924\u0930 \u0915\u0930 \u0938\u0915\u0947\u0964.<\/p><\/li><li><p data-path-to-node=\"6,1,0\"><b data-path-to-node=\"6,1,0\" data-index-in-node=\"0\">\u0935\u093f\u0915\u093e\u0938 \u0915\u0940 \u0936\u0915\u094d\u0924\u093f (\u092a\u0941\u0928\u0930\u094d\u0928\u093f\u0930\u094d\u092e\u093e\u0923):<\/b> \u092c\u091a\u094d\u091a\u093e \u091c\u093f\u0924\u0928\u093e \u091b\u094b\u091f\u093e \u0939\u094b\u0924\u093e \u0939\u0948, \u092c\u0921\u093c\u0947 \u0939\u094b\u0928\u0947 \u092a\u0930 \u0909\u0938\u0915\u0947 \u0936\u0930\u0940\u0930 \u0915\u0940 \u092b\u094d\u0930\u0948\u0915\u094d\u091a\u0930 \u0915\u0940 \u0935\u093f\u0915\u0943\u0924\u093f \u0915\u094b \u0920\u0940\u0915 \u0915\u0930\u0928\u0947 \u0915\u0940 \u0915\u094d\u0937\u092e\u0924\u093e \u0909\u0924\u0928\u0940 \u0939\u0940 \u092c\u0947\u0939\u0924\u0930 \u0939\u094b\u0924\u0940 \u0939\u0948\u0964 \u092f\u0939\u0940 \u0915\u093e\u0930\u0923 \u0939\u0948 \u0915\u093f \u091b\u094b\u091f\u0947 \u092c\u091a\u094d\u091a\u094b\u0902 \u092e\u0947\u0902 \u092c\u0921\u093c\u0947 \u092c\u091a\u094d\u091a\u094b\u0902 \u092f\u093e \u0935\u092f\u0938\u094d\u0915\u094b\u0902 \u0915\u0940 \u0924\u0941\u0932\u0928\u093e \u092e\u0947\u0902 \u092b\u094d\u0930\u0948\u0915\u094d\u091a\u0930 \u0915\u0940 \u0935\u093f\u0915\u0943\u0924\u093f \u0915\u093e\u092b\u0940 \u0905\u0927\u093f\u0915 \u0939\u094b \u0938\u0915\u0924\u0940 \u0939\u0948 - \u0914\u0930 \u0905\u0902\u0924\u0924\u0903 \u092a\u0930\u093f\u0923\u093e\u092e \u0932\u0902\u092c\u0947 \u0938\u092e\u092f \u092e\u0947\u0902 \u092c\u093f\u0932\u094d\u0915\u0941\u0932 \u0928\u090f \u091c\u0948\u0938\u093e \u0939\u0940 \u0939\u094b\u0924\u093e \u0939\u0948\u0964.<\/p><\/li><\/ul><h3 data-path-to-node=\"7\">\u0909\u092a\u091a\u093e\u0930 \u092a\u0926\u094d\u0927\u0924\u093f\u092f\u093e\u0901<\/h3><p data-path-to-node=\"8\">\u092c\u091a\u094d\u091a\u094b\u0902 \u092e\u0947\u0902 \u0939\u094b\u0928\u0947 \u0935\u093e\u0932\u0947 \u0905\u0927\u093f\u0915\u093e\u0902\u0936 \u092b\u094d\u0930\u0948\u0915\u094d\u091a\u0930 \u0915\u093e \u0907\u0932\u093e\u091c \u092a\u094d\u0932\u093e\u0938\u094d\u091f\u0930 \u0932\u0917\u093e\u0915\u0930 \u0906\u0938\u093e\u0928\u0940 \u0938\u0947 \u0915\u093f\u092f\u093e \u091c\u093e \u0938\u0915\u0924\u093e \u0939\u0948, \u0932\u0947\u0915\u093f\u0928 \u0935\u0930\u094d\u0924\u092e\u093e\u0928 \u091c\u093e\u0928\u0915\u093e\u0930\u0940 \u0915\u0947 \u0906\u0932\u094b\u0915 \u092e\u0947\u0902, \u0938\u092d\u0940 \u092b\u094d\u0930\u0948\u0915\u094d\u091a\u0930 \u0915\u0947 \u0932\u093f\u090f \u092a\u094d\u0932\u093e\u0938\u094d\u091f\u0930 \u0915\u0940 \u0906\u0935\u0936\u094d\u092f\u0915\u0924\u093e \u0928\u0939\u0940\u0902 \u092d\u0940 \u0939\u094b \u0938\u0915\u0924\u0940 \u0939\u0948\u0964.<\/p><ol start=\"1\" data-path-to-node=\"9\"><li><p data-path-to-node=\"9,0,0\"><b data-path-to-node=\"9,0,0\" data-index-in-node=\"0\">\u092c\u093f\u0928\u093e \u092a\u094d\u0932\u093e\u0938\u094d\u091f\u0930 \u0915\u0947 \u0909\u092a\u091a\u093e\u0930:<\/b> \u0915\u0932\u093e\u0908 \u0915\u0940 \u0939\u0921\u094d\u0921\u093f\u092f\u094b\u0902 \u0915\u0947 \u0915\u0941\u091b \u0935\u093f\u0936\u093f\u0937\u094d\u091f \u092b\u094d\u0930\u0948\u0915\u094d\u091a\u0930, \u091c\u0948\u0938\u0947 \u0915\u093f \u0915\u0932\u093e\u0908 \u0915\u0947 \u092b\u094d\u0930\u0948\u0915\u094d\u091a\u0930 <b data-path-to-node=\"9,0,0\" data-index-in-node=\"59\">\u0935\u093f\u0932\u094b \u0915\u0940 \u091f\u0939\u0928\u0940 \u092e\u0947\u0902 \u0926\u0930\u093e\u0930\u0947\u0902<\/b>, \u0915\u0941\u091b \u092b\u094d\u0930\u0948\u0915\u094d\u091a\u0930 \u092c\u093f\u0928\u093e \u092a\u094d\u0932\u093e\u0938\u094d\u091f\u0930 \u0915\u0947 \u092d\u0940 \u092a\u0942\u0930\u0940 \u0924\u0930\u0939 \u0938\u0947 \u0920\u0940\u0915 \u0939\u094b \u091c\u093e\u0924\u0947 \u0939\u0948\u0902\u0964 \u091b\u094b\u091f\u0947 \u092c\u091a\u094d\u091a\u094b\u0902 \u092e\u0947\u0902 \u0939\u094b\u0928\u0947 \u0935\u093e\u0932\u0947 \u0915\u0941\u091b \u092b\u094d\u0930\u0948\u0915\u094d\u091a\u0930 \u092d\u0940 \u0907\u0938\u0940 \u0924\u0930\u0939 \u0920\u0940\u0915 \u0939\u094b \u091c\u093e\u0924\u0947 \u0939\u0948\u0902\u0964.<\/p><\/li><li><p data-path-to-node=\"9,1,0\"><b data-path-to-node=\"9,1,0\" data-index-in-node=\"0\">\u092a\u094d\u0932\u093e\u0938\u094d\u091f\u0930 \u0909\u092a\u091a\u093e\u0930:<\/b> \u092f\u0926\u093f \u092b\u094d\u0930\u0948\u0915\u094d\u091a\u0930 \u0915\u094b \u0938\u0939\u093e\u0930\u093e \u0926\u0947\u0928\u0947 \u0915\u0940 \u0906\u0935\u0936\u094d\u092f\u0915\u0924\u093e \u0939\u094b\u0924\u0940 \u0939\u0948, \u0924\u094b \u0906\u092e\u0924\u094c\u0930 \u092a\u0930 \u0915\u0941\u091b \u0939\u092b\u094d\u0924\u094b\u0902 (\u091b\u094b\u091f\u0947 \u092c\u091a\u094d\u091a\u094b\u0902 \u092e\u0947\u0902) \u0938\u0947 \u0932\u0947\u0915\u0930 \u091b\u0939 \u0938\u092a\u094d\u0924\u093e\u0939 \u0924\u0915 (\u092c\u0921\u093c\u0947 \u092c\u091a\u094d\u091a\u094b\u0902 \u092e\u0947\u0902 \u0915\u0941\u091b \u092b\u094d\u0930\u0948\u0915\u094d\u091a\u0930 \u092e\u0947\u0902) \u092a\u094d\u0932\u093e\u0938\u094d\u091f\u0930 \u0915\u093e \u0909\u092a\u092f\u094b\u0917 \u0915\u093f\u092f\u093e \u091c\u093e\u0924\u093e \u0939\u0948\u0964<\/p><\/li><li><p data-path-to-node=\"9,2,0\"><b data-path-to-node=\"9,2,0\" data-index-in-node=\"0\">\u0935\u094d\u092f\u0915\u094d\u0924\u093f\u0917\u0924 \u0909\u092a\u091a\u093e\u0930 \u0938\u0902\u092c\u0902\u0927\u0940 \u0928\u093f\u0930\u094d\u0923\u092f:<\/b> \u0909\u092a\u091a\u093e\u0930 \u092c\u091a\u094d\u091a\u0947 \u0915\u0940 \u0938\u094d\u0925\u093f\u0924\u093f \u0938\u0947 \u092a\u094d\u0930\u092d\u093e\u0935\u093f\u0924 \u0939\u094b\u0924\u093e \u0939\u0948\u0964 <b data-path-to-node=\"9,2,0\" data-index-in-node=\"51\">\u0909\u092e\u094d\u0930 \u0914\u0930 \u0906\u0915\u093e\u0930<\/b>. \u0909\u0926\u093e\u0939\u0930\u0923 \u0915\u0947 \u0932\u093f\u090f, 5 \u0938\u093e\u0932 \u0915\u0947 \u092c\u091a\u094d\u091a\u0947 \u092e\u0947\u0902 \u092b\u094d\u0930\u0948\u0915\u094d\u091a\u0930 \u0915\u093e \u0907\u0932\u093e\u091c \u0905\u0915\u094d\u0938\u0930 11 \u0938\u093e\u0932 \u0915\u0947 \u092c\u091a\u094d\u091a\u0947 \u0938\u0947 \u0905\u0932\u0917 \u0924\u0930\u0940\u0915\u0947 \u0938\u0947 \u0915\u093f\u092f\u093e \u091c\u093e\u0924\u093e \u0939\u0948 \u0915\u094d\u092f\u094b\u0902\u0915\u093f \u091b\u094b\u091f\u0947 \u092c\u091a\u094d\u091a\u0947 \u092e\u0947\u0902 \u0920\u0940\u0915 \u0939\u094b\u0928\u0947 \u0915\u0940 \u0905\u0927\u093f\u0915 \u0938\u0902\u092d\u093e\u0935\u0928\u093e \u0939\u094b\u0924\u0940 \u0939\u0948\u0964.<\/p><\/li><\/ol><h3 data-path-to-node=\"10\">\u0935\u093f\u0915\u093e\u0938 \u0930\u0947\u0916\u093e \u092e\u0947\u0902 \u0926\u0930\u093e\u0930\u0947\u0902 \u0914\u0930 \u0928\u093f\u0917\u0930\u093e\u0928\u0940<\/h3><p data-path-to-node=\"11\">\u092f\u0926\u093f \u092b\u094d\u0930\u0948\u0915\u094d\u091a\u0930 \u092b\u0948\u0932\u0924\u093e \u0939\u0948 <b data-path-to-node=\"11\" data-index-in-node=\"20\">\u0935\u093f\u0915\u093e\u0938 \u0930\u0947\u0916\u093e<\/b>, \u0915\u092d\u0940-\u0915\u092d\u0940 \u0938\u094d\u0925\u093f\u0924\u093f \u092a\u0930 \u0905\u0927\u093f\u0915 \u092c\u093e\u0930\u0940\u0915\u0940 \u0938\u0947 \u0928\u091c\u093c\u0930 \u0930\u0916\u0928\u0947 \u0915\u0940 \u0906\u0935\u0936\u094d\u092f\u0915\u0924\u093e \u0939\u094b\u0924\u0940 \u0939\u0948\u0964 \u0939\u0921\u094d\u0921\u0940 \u0915\u0940 \u0932\u0902\u092c\u093e\u0908 \u092c\u0922\u093c\u0928\u0947 \u0915\u093e \u0915\u094d\u0937\u0947\u0924\u094d\u0930 \u0917\u094d\u0930\u094b\u0925 \u0932\u093e\u0907\u0928 \u0915\u0939\u0932\u093e\u0924\u093e \u0939\u0948, \u0914\u0930 \u0907\u0938 \u0915\u094d\u0937\u0947\u0924\u094d\u0930 \u092e\u0947\u0902 \u0915\u094d\u0937\u0924\u093f \u0939\u094b\u0928\u0947 \u0938\u0947 \u0939\u0921\u094d\u0921\u0940 \u0915\u0940 \u0938\u093e\u092e\u093e\u0928\u094d\u092f \u0935\u0943\u0926\u094d\u0927\u093f \u092a\u094d\u0930\u092d\u093e\u0935\u093f\u0924 \u0939\u094b \u0938\u0915\u0924\u0940 \u0939\u0948\u0964.<\/p><ul data-path-to-node=\"12\"><li><p data-path-to-node=\"12,0,0\"><b data-path-to-node=\"12,0,0\" data-index-in-node=\"0\">\u0928\u093f\u0930\u0940\u0915\u094d\u0937\u0923 \u0915\u0947 \u092c\u093e\u0926:<\/b> \u0917\u094d\u0930\u094b\u0925 \u0932\u093e\u0907\u0928 \u092b\u094d\u0930\u0948\u0915\u094d\u091a\u0930 \u092e\u0947\u0902, \u0915\u092d\u0940-\u0915\u092d\u0940 \u0932\u0917\u092d\u0917 \u090f\u0915 \u0928\u092f\u093e \u090f\u0915\u094d\u0938-\u0930\u0947 \u0932\u093f\u092f\u093e \u091c\u093e\u0924\u093e \u0939\u0948\u0964 <b data-path-to-node=\"12,0,0\" data-index-in-node=\"77\">6 \u092e\u0939\u0940\u0928\u0947 \u0915\u0940 \u0909\u092e\u094d\u0930 \u092e\u0947\u0902<\/b>.<\/p><\/li><li><p data-path-to-node=\"12,1,0\"><b data-path-to-node=\"12,1,0\" data-index-in-node=\"0\">\u0915\u093f\u0938 \u092c\u093e\u0924 \u0915\u0940 \u0928\u093f\u0917\u0930\u093e\u0928\u0940 \u0915\u0940 \u091c\u093e \u0930\u0939\u0940 \u0939\u0948?<\/b> \u092f\u0939 \u091b\u0935\u093f \u0938\u0941\u0928\u093f\u0936\u094d\u091a\u093f\u0924 \u0915\u0930\u0924\u0940 \u0939\u0948 \u0915\u093f \u092b\u094d\u0930\u0948\u0915\u094d\u091a\u0930 \u0938\u094d\u0925\u0932 \u092a\u0930 \u0935\u093f\u0915\u093e\u0938 \u0930\u0947\u0916\u093e \u0938\u092e\u092f \u0938\u0947 \u092a\u0939\u0932\u0947 \u0905\u0938\u094d\u0925\u093f\u092d\u0935\u0928 (\u0911\u0938\u093f\u0921\u093f\u092b\u093f\u0915\u0947\u0936\u0928) \u0928 \u0939\u094b \u091c\u093e\u090f, \u091c\u093f\u0938\u0938\u0947 \u0935\u093f\u0915\u093e\u0938 \u092e\u0947\u0902 \u0930\u0941\u0915\u093e\u0935\u091f \u0906 \u0938\u0915\u0924\u0940 \u0939\u0948\u0964.<\/p><\/li><\/ul><hr data-path-to-node=\"13\" \/><h3 data-path-to-node=\"14\">\u092a\u094d\u0932\u093e\u0938\u094d\u091f\u0930 \u0932\u0917\u0947 \u0939\u094b\u0928\u0947 \u092a\u0930 \u0918\u0930 \u092a\u0930 \u0926\u0947\u0916\u092d\u093e\u0932 \u0938\u0902\u092c\u0902\u0927\u0940 \u0928\u093f\u0930\u094d\u0926\u0947\u0936:<\/h3><ul data-path-to-node=\"15\"><li><p data-path-to-node=\"15,0,0\"><b data-path-to-node=\"15,0,0\" data-index-in-node=\"0\">\u0930\u0915\u094d\u0924 \u092a\u0930\u093f\u0938\u0902\u091a\u0930\u0923 \u0915\u0940 \u0928\u093f\u0917\u0930\u093e\u0928\u0940 \u0915\u0930\u0947\u0902:<\/b> \u092f\u0926\u093f \u092a\u0948\u0930 \u0915\u0940 \u0909\u0902\u0917\u0932\u093f\u092f\u093e\u0902 \u092f\u093e \u0939\u093e\u0925 \u0915\u0940 \u0909\u0902\u0917\u0932\u093f\u092f\u093e\u0902 \u0928\u0940\u0932\u0940 \u092a\u0921\u093c \u091c\u093e\u090f\u0902, \u0920\u0902\u0921\u0940 \u0939\u094b \u091c\u093e\u090f\u0902, \u092f\u093e \u092c\u091a\u094d\u091a\u093e \u0924\u0947\u091c \u091d\u0941\u0928\u091d\u0941\u0928\u0940 \u0915\u0940 \u0936\u093f\u0915\u093e\u092f\u0924 \u0915\u0930\u0947, \u0924\u094b \u0921\u0949\u0915\u094d\u091f\u0930 \u0938\u0947 \u0938\u0902\u092a\u0930\u094d\u0915 \u0915\u0930\u0947\u0902\u0964.<\/p><\/li><li><p data-path-to-node=\"15,1,0\"><b data-path-to-node=\"15,1,0\" data-index-in-node=\"0\">\u0926\u0930\u094d\u0926 \u092a\u094d\u0930\u092c\u0902\u0927\u0928:<\/b> \u0905\u092a\u0928\u0947 \u0921\u0949\u0915\u094d\u091f\u0930 \u0915\u0947 \u0928\u093f\u0930\u094d\u0926\u0947\u0936\u093e\u0928\u0941\u0938\u093e\u0930 \u0926\u0930\u094d\u0926 \u0928\u093f\u0935\u093e\u0930\u0915 \u0926\u0935\u093e\u090f\u0902 (\u092a\u0948\u0930\u093e\u0938\u093f\u091f\u093e\u092e\u094b\u0932\/\u0907\u092c\u0941\u092a\u094d\u0930\u094b\u092b\u0947\u0928) \u0926\u0947\u0902, \u0916\u093e\u0938\u0915\u0930 \u0936\u0941\u0930\u0941\u0906\u0924\u0940 \u0915\u0941\u091b \u0926\u093f\u0928\u094b\u0902 \u092e\u0947\u0902\u0964.<\/p><\/li><li><p data-path-to-node=\"15,2,0\"><b data-path-to-node=\"15,2,0\" data-index-in-node=\"0\">\u091c\u093f\u092a\u094d\u0938\u092e \u0915\u0940 \u0936\u0941\u0926\u094d\u0927\u0924\u093e:<\/b> \u092a\u094d\u0932\u093e\u0938\u094d\u091f\u0930 \u0915\u094b \u0938\u0942\u0916\u093e \u0930\u0916\u0947\u0902\u0964 \u0928\u0939\u093e\u0924\u0947 \u0938\u092e\u092f \u0938\u0941\u0930\u0915\u094d\u0937\u093e \u0915\u0947 \u0932\u093f\u090f \u092a\u094d\u0932\u093e\u0938\u094d\u091f\u093f\u0915 \u092c\u0948\u0917 \u0915\u093e \u0907\u0938\u094d\u0924\u0947\u092e\u093e\u0932 \u0915\u0930\u0928\u093e \u0906\u0935\u0936\u094d\u092f\u0915 \u0939\u0948\u0964.<\/p><\/li><\/ul><p>\u092c\u091a\u094d\u091a\u094b\u0902 \u092e\u0947\u0902 \u092b\u094d\u0930\u0948\u0915\u094d\u091a\u0930 \u0915\u0947 \u0909\u092a\u091a\u093e\u0930 \u0915\u0947 \u0932\u093f\u090f HUS \u0926\u093f\u0936\u093e\u0928\u093f\u0930\u094d\u0926\u0947\u0936\u094b\u0902 \u0915\u093e \u0932\u093f\u0902\u0915<\/p><p><a href=\"https:\/\/www.hus.fi\/potilaalle\/hoidot-ja-tutkimukset\/lasten-ja-nuorten-murtumien-hoito\" target=\"_blank\" rel=\"noopener\">https:\/\/www.hus.fi\/potilaalle\/hoidot-ja-tutkimukset\/lasten-ja-nuorten-murtumien-hoito<\/a><\/p>\t\t\t\t\t\t\t\t<\/div>\n\t\t\t\t<\/div>\n\t\t\t\t\t<\/div>\n\t\t\t\t<\/div>\n\t\t<div class=\"elementor-element elementor-element-ce7b048 e-flex e-con-boxed e-con e-parent\" data-id=\"ce7b048\" data-element_type=\"container\" data-e-type=\"container\">\n\t\t\t\t\t<div class=\"e-con-inner\">\n\t\t\t\t<div class=\"elementor-element elementor-element-acf34e3 elementor-widget elementor-widget-image\" data-id=\"acf34e3\" data-element_type=\"widget\" data-e-type=\"widget\" data-widget_type=\"image.default\">\n\t\t\t\t<div class=\"elementor-widget-container\">\n\t\t\t\t\t\t\t\t\t\t\t\t\t\t\t<img fetchpriority=\"high\" decoding=\"async\" width=\"1024\" height=\"559\" src=\"https:\/\/lastenkirurgia.fi\/wp-content\/uploads\/2026\/04\/rannemurtuma.webp\" class=\"attachment-large size-large wp-image-1561\" alt=\"\" srcset=\"https:\/\/lastenkirurgia.fi\/wp-content\/uploads\/2026\/04\/rannemurtuma.webp 1024w, https:\/\/lastenkirurgia.fi\/wp-content\/uploads\/2026\/04\/rannemurtuma-300x164.webp 300w, https:\/\/lastenkirurgia.fi\/wp-content\/uploads\/2026\/04\/rannemurtuma-768x419.webp 768w\" sizes=\"(max-width: 1024px) 100vw, 1024px\" \/>\t\t\t\t\t\t\t\t\t\t\t\t\t\t\t<\/div>\n\t\t\t\t<\/div>\n\t\t\t\t\t<\/div>\n\t\t\t\t<\/div>\n\t\t\t\t<\/div>","protected":false},"excerpt":{"rendered":"<p>Lapsen murtuman hoito ja seuranta Lasten murtumat poikkeavat merkitt\u00e4v\u00e4sti aikuisten luunmurtumista. Lapsen luu on i\u00e4st\u00e4 riippuen viel\u00e4 hyvin remodelloituva, mink\u00e4 vuoksi hoitolinjat valitaan yksil\u00f6llisesti lapsen i\u00e4n ja kasvun vaiheen mukaan. Miksi lapsen murtuma on erityinen? Lapsen luustossa on useita piirteit\u00e4, jotka tekev\u00e4t diagnostiikasta ja hoidosta aikuisiin verrattuna erilaista: R\u00f6ntgenkuvien tulkinta: Lasten luissa on kasvulinjoja, kasvutumakkeita [&hellip;]<\/p>\n","protected":false},"author":1,"featured_media":0,"parent":0,"menu_order":0,"comment_status":"closed","ping_status":"closed","template":"","meta":{"_angie_page":false,"site-sidebar-layout":"no-sidebar","site-content-layout":"page-builder","ast-site-content-layout":"full-width-container","site-content-style":"default","site-sidebar-style":"default","ast-global-header-display":"","ast-banner-title-visibility":"","ast-main-header-display":"","ast-hfb-above-header-display":"","ast-hfb-below-header-display":"","ast-hfb-mobile-header-display":"","site-post-title":"","ast-breadcrumbs-content":"","ast-featured-img":"disabled","footer-sml-layout":"","ast-disable-related-posts":"","theme-transparent-header-meta":"","adv-header-id-meta":"","stick-header-meta":"","header-above-stick-meta":"","header-main-stick-meta":"","header-below-stick-meta":"","astra-migrate-meta-layouts":"set","ast-page-background-enabled":"default","ast-page-background-meta":{"desktop":{"background-color":"","background-image":"","background-repeat":"repeat","background-position":"center center","background-size":"auto","background-attachment":"scroll","background-type":"","background-media":"","overlay-type":"","overlay-color":"","overlay-opacity":"","overlay-gradient":""},"tablet":{"background-color":"","background-image":"","background-repeat":"repeat","background-position":"center center","background-size":"auto","background-attachment":"scroll","background-type":"","background-media":"","overlay-type":"","overlay-color":"","overlay-opacity":"","overlay-gradient":""},"mobile":{"background-color":"","background-image":"","background-repeat":"repeat","background-position":"center center","background-size":"auto","background-attachment":"scroll","background-type":"","background-media":"","overlay-type":"","overlay-color":"","overlay-opacity":"","overlay-gradient":""}},"ast-content-background-meta":{"desktop":{"background-color":"var(--ast-global-color-5)","background-image":"","background-repeat":"repeat","background-position":"center center","background-size":"auto","background-attachment":"scroll","background-type":"","background-media":"","overlay-type":"","overlay-color":"","overlay-opacity":"","overlay-gradient":""},"tablet":{"background-color":"var(--ast-global-color-5)","background-image":"","background-repeat":"repeat","background-position":"center center","background-size":"auto","background-attachment":"scroll","background-type":"","background-media":"","overlay-type":"","overlay-color":"","overlay-opacity":"","overlay-gradient":""},"mobile":{"background-color":"var(--ast-global-color-5)","background-image":"","background-repeat":"repeat","background-position":"center center","background-size":"auto","background-attachment":"scroll","background-type":"","background-media":"","overlay-type":"","overlay-color":"","overlay-opacity":"","overlay-gradient":""}},"footnotes":""},"class_list":["post-1372","page","type-page","status-publish","hentry"],"_links":{"self":[{"href":"https:\/\/lastenkirurgia.fi\/hi\/wp-json\/wp\/v2\/pages\/1372","targetHints":{"allow":["GET"]}}],"collection":[{"href":"https:\/\/lastenkirurgia.fi\/hi\/wp-json\/wp\/v2\/pages"}],"about":[{"href":"https:\/\/lastenkirurgia.fi\/hi\/wp-json\/wp\/v2\/types\/page"}],"author":[{"embeddable":true,"href":"https:\/\/lastenkirurgia.fi\/hi\/wp-json\/wp\/v2\/users\/1"}],"replies":[{"embeddable":true,"href":"https:\/\/lastenkirurgia.fi\/hi\/wp-json\/wp\/v2\/comments?post=1372"}],"version-history":[{"count":13,"href":"https:\/\/lastenkirurgia.fi\/hi\/wp-json\/wp\/v2\/pages\/1372\/revisions"}],"predecessor-version":[{"id":1567,"href":"https:\/\/lastenkirurgia.fi\/hi\/wp-json\/wp\/v2\/pages\/1372\/revisions\/1567"}],"wp:attachment":[{"href":"https:\/\/lastenkirurgia.fi\/hi\/wp-json\/wp\/v2\/media?parent=1372"}],"curies":[{"name":"wp","href":"https:\/\/api.w.org\/{rel}","templated":true}]}}