{"id":1374,"date":"2026-04-09T13:51:24","date_gmt":"2026-04-09T13:51:24","guid":{"rendered":"https:\/\/darkcyan-pheasant-754087.hostingersite.com\/?page_id=1374"},"modified":"2026-04-12T16:07:26","modified_gmt":"2026-04-12T16:07:26","slug":"lapsen-vatsakipu","status":"publish","type":"page","link":"https:\/\/lastenkirurgia.fi\/hi\/lapsen-vatsakipu\/","title":{"rendered":"\u092c\u091a\u094d\u091a\u0947 \u0915\u0947 \u092a\u0947\u091f \u092e\u0947\u0902 \u0926\u0930\u094d\u0926"},"content":{"rendered":"<div data-elementor-type=\"wp-page\" data-elementor-id=\"1374\" class=\"elementor elementor-1374\" data-elementor-post-type=\"page\">\n\t\t\t\t<div class=\"elementor-element elementor-element-260bee6 e-flex e-con-boxed e-con e-parent\" data-id=\"260bee6\" data-element_type=\"container\" data-e-type=\"container\">\n\t\t\t\t\t<div class=\"e-con-inner\">\n\t\t\t\t<div class=\"elementor-element elementor-element-00c07d8 elementor-widget elementor-widget-text-editor\" data-id=\"00c07d8\" data-element_type=\"widget\" data-e-type=\"widget\" data-widget_type=\"text-editor.default\">\n\t\t\t\t<div class=\"elementor-widget-container\">\n\t\t\t\t\t\t\t\t\t<h2 data-path-to-node=\"2\">\u092c\u091a\u094d\u091a\u0947 \u092e\u0947\u0902 \u0905\u091a\u093e\u0928\u0915 \u092a\u0947\u091f \u0926\u0930\u094d\u0926\u00a0<\/h2><p data-path-to-node=\"3\">\u092a\u0947\u091f \u0926\u0930\u094d\u0926 \u092c\u091a\u094d\u091a\u094b\u0902 \u0915\u094b \u0906\u092a\u093e\u0924\u0915\u093e\u0932\u0940\u0928 \u0915\u0915\u094d\u0937 \u092e\u0947\u0902 \u0932\u093e\u0928\u0947 \u0915\u0947 \u0938\u092c\u0938\u0947 \u0906\u092e \u0915\u093e\u0930\u0923\u094b\u0902 \u092e\u0947\u0902 \u0938\u0947 \u090f\u0915 \u0939\u0948\u0964 \u0905\u0915\u094d\u0938\u0930, \u092f\u0939 \u092a\u0947\u091f \u0915\u0940 \u0916\u0930\u093e\u092c\u0940 \u092f\u093e \u0915\u092c\u094d\u091c \u091c\u0948\u0938\u0940 \u092e\u093e\u092e\u0942\u0932\u0940 \u0938\u092e\u0938\u094d\u092f\u093e \u0939\u094b\u0924\u0940 \u0939\u0948, \u0932\u0947\u0915\u093f\u0928 \u0909\u0928 \u0938\u094d\u0925\u093f\u0924\u093f\u092f\u094b\u0902 \u0915\u094b \u092a\u0939\u091a\u093e\u0928\u0928\u093e \u092e\u0939\u0924\u094d\u0935\u092a\u0942\u0930\u094d\u0923 \u0939\u0948 \u091c\u093f\u0928\u092e\u0947\u0902 \u0924\u0924\u094d\u0915\u093e\u0932 \u091a\u093f\u0915\u093f\u0924\u094d\u0938\u093e \u0927\u094d\u092f\u093e\u0928 \u092f\u093e \u0938\u0930\u094d\u091c\u0930\u0940 \u0915\u0940 \u0906\u0935\u0936\u094d\u092f\u0915\u0924\u093e \u0939\u094b\u0924\u0940 \u0939\u0948\u0964.<\/p><h3 data-path-to-node=\"4\">1. \u0906\u092a\u0915\u094b \u0921\u0949\u0915\u094d\u091f\u0930 \u0938\u0947 \u0915\u092c \u092e\u093f\u0932\u0928\u093e \u091a\u093e\u0939\u093f\u090f?<\/h3><p data-path-to-node=\"5\">\u092f\u0926\u093f \u0906\u092a\u0915\u0947 \u092c\u091a\u094d\u091a\u0947 \u092e\u0947\u0902 \u0928\u093f\u092e\u094d\u0928\u0932\u093f\u0916\u093f\u0924 \u092e\u0947\u0902 \u0938\u0947 \u0915\u094b\u0908 \u092d\u0940 \u0932\u0915\u094d\u0937\u0923 \u0926\u093f\u0916\u093e\u0908 \u0926\u0947 \u0924\u094b \u0921\u0949\u0915\u094d\u091f\u0930 \u0938\u0947 \u0938\u0902\u092a\u0930\u094d\u0915 \u0915\u0930\u0947\u0902 \u092f\u093e \u0906\u092a\u093e\u0924\u0915\u093e\u0932\u0940\u0928 \u0915\u0915\u094d\u0937 \u092e\u0947\u0902 \u091c\u093e\u090f\u0902:<\/p><ul data-path-to-node=\"6\"><li><p data-path-to-node=\"6,0,0\"><b data-path-to-node=\"6,0,0\" data-index-in-node=\"0\">\u0926\u0930\u094d\u0926 \u092c\u0939\u0941\u0924 \u0924\u0940\u0935\u094d\u0930 \u0939\u0948\u0964<\/b> \u0914\u0930 \u092c\u091a\u094d\u091a\u0947 \u0915\u0940 \u0938\u093e\u092e\u093e\u0928\u094d\u092f \u0938\u094d\u0925\u093f\u0924\u093f \u0916\u0930\u093e\u092c \u0939\u0948\u0964.<\/p><\/li><li><p data-path-to-node=\"6,1,0\"><b data-path-to-node=\"6,1,0\" data-index-in-node=\"0\">\u0926\u0930\u094d\u0926 \u090f\u0915 \u0939\u0940 \u091c\u0917\u0939 \u092a\u0930 \u0915\u0947\u0902\u0926\u094d\u0930\u093f\u0924 \u0939\u094b \u091c\u093e\u0924\u093e \u0939\u0948\u0964<\/b> \u090f\u0915 \u0935\u093f\u0936\u093f\u0937\u094d\u091f \u092c\u093f\u0902\u0926\u0941 \u092a\u0930 (\u0935\u093f\u0936\u0947\u0937\u0915\u0930 \u092a\u0947\u091f \u0915\u0947 \u0928\u093f\u091a\u0932\u0947 \u0926\u093e\u0939\u093f\u0928\u0947 \u0939\u093f\u0938\u094d\u0938\u0947 \u092e\u0947\u0902)\u0964.<\/p><\/li><li><p data-path-to-node=\"6,2,0\"><b data-path-to-node=\"6,2,0\" data-index-in-node=\"0\">\u092a\u0947\u091f \u0915\u0947 \u0906\u0935\u0930\u0923 \u0938\u0916\u094d\u0924 \u092e\u0939\u0938\u0942\u0938 \u0939\u094b\u0924\u0947 \u0939\u0948\u0902<\/b> \u092f\u093e \u092b\u093f\u0930 \u092a\u0947\u091f \u091b\u0942\u0928\u0947 \u092a\u0930 \u092c\u0939\u0941\u0924 \u0915\u094b\u092e\u0932 \u092e\u0939\u0938\u0942\u0938 \u0939\u094b\u0924\u093e \u0939\u0948\u0964.<\/p><\/li><li><p data-path-to-node=\"6,3,0\"><b data-path-to-node=\"6,3,0\" data-index-in-node=\"0\">\u092c\u091a\u094d\u091a\u093e \u0939\u0930\u0947 \u0930\u0902\u0917 \u0915\u0940 \u0909\u0932\u094d\u091f\u0940 \u0915\u0930\u0924\u093e \u0939\u0948<\/b> (\u092a\u093f\u0924\u094d\u0924) \u092f\u093e \u092e\u0932 \u092e\u0947\u0902 \u0916\u0942\u0928 \u0906\u0924\u093e \u0939\u0948\u0964.<\/p><\/li><li><p data-path-to-node=\"6,4,0\"><b data-path-to-node=\"6,4,0\" data-index-in-node=\"0\">\u0926\u0930\u094d\u0926 \u0915\u0947 \u0938\u093e\u0925-\u0938\u093e\u0925 \u0924\u0947\u091c \u092c\u0941\u0916\u093e\u0930 \u092d\u0940 \u0939\u094b\u0924\u093e \u0939\u0948\u0964<\/b> \u092f\u093e \u0905\u0924\u094d\u092f\u0927\u093f\u0915 \u0925\u0915\u093e\u0928\u0964.<\/p><\/li><li><p data-path-to-node=\"6,5,0\"><b data-path-to-node=\"6,5,0\" data-index-in-node=\"0\">\u092c\u091a\u094d\u091a\u093e \u0915\u0942\u0926 \u0928\u0939\u0940\u0902 \u0938\u0915\u0924\u093e\u0964<\/b> \u092f\u093e \u0926\u0930\u094d\u0926 \u0915\u0947 \u0915\u093e\u0930\u0923 \u0939\u093f\u0932\u0928\u093e-\u0921\u0941\u0932\u0928\u093e \u092e\u0941\u0936\u094d\u0915\u093f\u0932 \u0939\u094b \u091c\u093e\u0924\u093e \u0939\u0948 (\u092f\u0939 \u092a\u0947\u0930\u093f\u091f\u094b\u0928\u093f\u092f\u092e \u092e\u0947\u0902 \u091c\u0932\u0928 \u0915\u093e \u0938\u0902\u0915\u0947\u0924 \u0939\u094b \u0938\u0915\u0924\u093e \u0939\u0948)\u0964.<\/p><\/li><li><p data-path-to-node=\"6,6,0\"><b data-path-to-node=\"6,6,0\" data-index-in-node=\"0\">\u090f\u0915 \u0932\u0921\u093c\u0915\u0947 \u0915\u094b \u092a\u0947\u091f \u0926\u0930\u094d\u0926 \u0915\u0947 \u0938\u093e\u0925-\u0938\u093e\u0925 \u0905\u0902\u0921\u0915\u094b\u0937 \u092e\u0947\u0902 \u092d\u0940 \u0926\u0930\u094d\u0926 \u0939\u0948\u0964<\/b> (\u0935\u0943\u0937\u0923 \u092e\u0947\u0902 \u092e\u0930\u094b\u0921\u093c \u0915\u0940 \u0938\u0902\u092d\u093e\u0935\u0928\u093e)\u0964.<\/p><\/li><\/ul><h3 data-path-to-node=\"7\">2. \u0906\u092f\u0941 \u0915\u0947 \u0905\u0928\u0941\u0938\u093e\u0930 \u0938\u093e\u092e\u093e\u0928\u094d\u092f \u0915\u093e\u0930\u0923<\/h3><p data-path-to-node=\"8\">\u092c\u091a\u094d\u091a\u0947 \u0915\u0940 \u0909\u092e\u094d\u0930 \u0915\u0947 \u0906\u0927\u093e\u0930 \u092a\u0930 \u092a\u0947\u091f \u0926\u0930\u094d\u0926 \u0915\u0947 \u0915\u093e\u0930\u0923 \u092d\u093f\u0928\u094d\u0928-\u092d\u093f\u0928\u094d\u0928 \u0939\u094b \u0938\u0915\u0924\u0947 \u0939\u0948\u0902:<\/p><ul data-path-to-node=\"9\"><li><p data-path-to-node=\"9,0,0\"><b data-path-to-node=\"9,0,0\" data-index-in-node=\"0\">\u0936\u093f\u0936\u0941 (2 \u0935\u0930\u094d\u0937 \u0938\u0947 \u0915\u092e \u0906\u092f\u0941 \u0915\u0947):<\/b> * <i data-path-to-node=\"9,0,0\" data-index-in-node=\"28\">\u0906\u0902\u0924\u094d\u0930 \u0905\u0935\u0930\u094b\u0927:<\/i> \u0926\u0930\u094d\u0926 \u0930\u0941\u0915-\u0930\u0941\u0915 \u0915\u0930 \u0906\u0924\u093e \u0939\u0948, \u0915\u092d\u0940-\u0915\u092d\u0940 \u092c\u091a\u094d\u091a\u093e \u0926\u0930\u094d\u0926 \u0938\u0947 \u092a\u0942\u0930\u0940 \u0924\u0930\u0939 \u092e\u0941\u0915\u094d\u0924 \u092d\u0940 \u0939\u094b \u0938\u0915\u0924\u093e \u0939\u0948\u0964.<\/p><ul data-path-to-node=\"9,0,1\"><li><p data-path-to-node=\"9,0,1,0,0\"><i data-path-to-node=\"9,0,1,0,0\" data-index-in-node=\"0\">\u092b\u0901\u0938\u0940 \u0939\u0941\u0908 \u0939\u0930\u094d\u0928\u093f\u092f\u093e:<\/i> \u091c\u093e\u0902\u0918\u094b\u0902 \u0915\u0947 \u092c\u0940\u091a \u0915\u0947 \u0939\u093f\u0938\u094d\u0938\u0947 \u092e\u0947\u0902 \u091b\u093e\u0932\u0947 \u0924\u094b \u0928\u0939\u0940\u0902 \u0939\u0948\u0902, \u0907\u0938\u0915\u0940 \u091c\u093e\u0902\u091a \u0915\u0930\u0947\u0902\u0964.<\/p><\/li><li><p data-path-to-node=\"9,0,1,1,0\"><i data-path-to-node=\"9,0,1,1,0\" data-index-in-node=\"0\">\u0939\u093e\u0907\u091f\u0932 \u0938\u094d\u091f\u0947\u0928\u094b\u0938\u093f\u0938:<\/i> 3-6 \u0938\u092a\u094d\u0924\u093e\u0939 \u0915\u0947 \u0936\u093f\u0936\u0941 \u092e\u0947\u0902 \u0924\u0940\u0935\u094d\u0930, \u0924\u0947\u091c \u0909\u0932\u094d\u091f\u0940 \u0939\u094b\u0928\u093e\u0964.<\/p><\/li><\/ul><\/li><li><p data-path-to-node=\"9,1,0\"><b data-path-to-node=\"9,1,0\" data-index-in-node=\"0\">\u092a\u094d\u0930\u0940\u0938\u094d\u0915\u0942\u0932 \u0914\u0930 \u0938\u094d\u0915\u0942\u0932\u0940 \u0909\u092e\u094d\u0930 \u0915\u0947 \u092c\u091a\u094d\u091a\u0947 (3-12 \u0935\u0930\u094d\u0937 \u0915\u0940 \u0906\u092f\u0941):<\/b><\/p><ul data-path-to-node=\"9,1,1\"><li><p data-path-to-node=\"9,1,1,0,0\"><i data-path-to-node=\"9,1,1,0,0\" data-index-in-node=\"0\">\u090f\u092a\u0947\u0902\u0921\u093f\u0938\u093e\u0907\u091f\u093f\u0938:<\/i> \u0938\u0930\u094d\u091c\u0930\u0940 \u0915\u0940 \u0906\u0935\u0936\u094d\u092f\u0915\u0924\u093e \u092a\u0921\u093c\u0928\u0947 \u0915\u093e \u0938\u092c\u0938\u0947 \u0906\u092e \u0915\u093e\u0930\u0923 \u092f\u0939\u0940 \u0939\u0948\u0964 \u0926\u0930\u094d\u0926 \u0905\u0915\u094d\u0938\u0930 \u0928\u093e\u092d\u093f \u0915\u0947 \u0906\u0938\u092a\u093e\u0938 \u0938\u0947 \u0936\u0941\u0930\u0942 \u0939\u094b\u0924\u093e \u0939\u0948 \u0914\u0930 \u0926\u093e\u0939\u093f\u0928\u0940 \u0913\u0930 \u0928\u0940\u091a\u0947 \u0915\u0940 \u0913\u0930 \u092c\u0922\u093c\u0924\u093e \u0939\u0948\u0964.<\/p><\/li><li><p data-path-to-node=\"9,1,1,1,0\"><i data-path-to-node=\"9,1,1,1,0\" data-index-in-node=\"0\">\u0906\u0902\u0924\u094b\u0902 \u0915\u0940 \u0932\u0938\u0940\u0915\u093e \u0917\u094d\u0930\u0902\u0925\u093f\u092f\u094b\u0902 \u092e\u0947\u0902 \u0938\u0942\u091c\u0928:<\/i> \u092f\u0939 \u092b\u094d\u0932\u0942 \u0915\u0947 \u0938\u093e\u0925 \u092e\u093f\u0932\u0915\u0930 \u090f\u092a\u0947\u0902\u0921\u093f\u0938\u093e\u0907\u091f\u093f\u0938 \u091c\u0948\u0938\u093e \u0932\u0917 \u0938\u0915\u0924\u093e \u0939\u0948\u0964.<\/p><\/li><\/ul><\/li><li><p data-path-to-node=\"9,2,0\"><b data-path-to-node=\"9,2,0\" data-index-in-node=\"0\">\u0915\u093f\u0936\u094b\u0930 (12 \u0935\u0930\u094d\u0937 \u0938\u0947 \u0905\u0927\u093f\u0915 \u0906\u092f\u0941 \u0915\u0947):<\/b><\/p><ul data-path-to-node=\"9,2,1\"><li><p data-path-to-node=\"9,2,1,0,0\">\u0905\u092a\u0947\u0902\u0921\u093f\u0938\u093e\u0907\u091f\u093f\u0938 \u0905\u092d\u0940 \u092d\u0940 \u0906\u092e \u0939\u0948\u0964.<\/p><\/li><li><p data-path-to-node=\"9,2,1,1,0\">\u0932\u0921\u093c\u0915\u093f\u092f\u094b\u0902 \u092e\u0947\u0902, \u0905\u0902\u0921\u093e\u0936\u092f \u0938\u0902\u092c\u0902\u0927\u0940 \u0938\u092e\u0938\u094d\u092f\u093e\u0913\u0902 (\u091c\u0948\u0938\u0947 \u0915\u093f \u0938\u093f\u0938\u094d\u091f \u092f\u093e \u091f\u0949\u0930\u094d\u0936\u0928) \u092a\u0930 \u092d\u0940 \u0935\u093f\u091a\u093e\u0930 \u0915\u093f\u092f\u093e \u091c\u093e\u0928\u093e \u091a\u093e\u0939\u093f\u090f\u0964.<\/p><\/li><\/ul><\/li><\/ul><h3 data-path-to-node=\"10\">3. \u0921\u0949\u0915\u094d\u091f\u0930 \u0915\u0947 \u092a\u093e\u0938 \u0915\u094d\u092f\u093e \u0939\u094b\u0924\u093e \u0939\u0948?<\/h3><ul data-path-to-node=\"11\"><li><p data-path-to-node=\"11,0,0\"><b data-path-to-node=\"11,0,0\" data-index-in-node=\"0\">\u0905\u0928\u0941\u0938\u0902\u0927\u093e\u0928:<\/b> \u0921\u0949\u0915\u094d\u091f\u0930 \u092c\u091a\u094d\u091a\u0947 \u0915\u0947 \u092a\u0947\u091f \u092a\u0930 \u0926\u092c\u093e\u0935 \u0921\u093e\u0932\u0915\u0930 \u0909\u0938\u0915\u0940 \u0938\u093e\u092e\u093e\u0928\u094d\u092f \u0938\u094d\u0925\u093f\u0924\u093f \u0915\u0940 \u091c\u093e\u0902\u091a \u0915\u0930\u0947\u0902\u0917\u0947\u0964 \u091c\u093e\u0902\u091a \u0938\u0947 \u092a\u0939\u0932\u0947 \u0926\u0930\u094d\u0926 \u0928\u093f\u0935\u093e\u0930\u0915 \u0926\u0935\u093e \u0932\u0947\u0928\u093e \u0938\u0941\u0930\u0915\u094d\u0937\u093f\u0924 \u0939\u0948 \u2013 \u0907\u0938\u0938\u0947 \u092e\u0939\u0924\u094d\u0935\u092a\u0942\u0930\u094d\u0923 \u0928\u093f\u0937\u094d\u0915\u0930\u094d\u0937 \u091b\u093f\u092a\u0947\u0902\u0917\u0947 \u0928\u0939\u0940\u0902 \u0914\u0930 \u091c\u093e\u0902\u091a \u0906\u0938\u093e\u0928 \u0939\u094b \u091c\u093e\u090f\u0917\u0940\u0964.<\/p><\/li><li><p data-path-to-node=\"11,1,0\"><b data-path-to-node=\"11,1,0\" data-index-in-node=\"0\">\u092a\u094d\u0930\u092f\u094b\u0917\u0936\u093e\u0932\u093e \u092a\u0930\u0940\u0915\u094d\u0937\u0923:<\/b> \u0906\u092e\u0924\u094c\u0930 \u092a\u0930, \u0938\u0942\u091c\u0928 \u0915\u0940 \u091c\u093e\u0902\u091a \u0915\u0947 \u0932\u093f\u090f \u0930\u0915\u094d\u0924 \u092a\u0930\u0940\u0915\u094d\u0937\u0923 (\u0938\u0940\u0906\u0930\u092a\u0940, \u0936\u094d\u0935\u0947\u0924 \u0930\u0915\u094d\u0924 \u0915\u094b\u0936\u093f\u0915\u093e\u090f\u0902) \u0915\u093f\u090f \u091c\u093e\u0924\u0947 \u0939\u0948\u0902 \u0914\u0930 \u092e\u0942\u0924\u094d\u0930 \u0915\u093e \u0928\u092e\u0942\u0928\u093e \u0932\u093f\u092f\u093e \u091c\u093e\u0924\u093e \u0939\u0948\u0964.<\/p><\/li><li><p data-path-to-node=\"11,2,0\"><b data-path-to-node=\"11,2,0\" data-index-in-node=\"0\">\u0907\u092e\u0947\u091c\u093f\u0902\u0917:<\/b> \u092c\u091a\u094d\u091a\u094b\u0902 \u092e\u0947\u0902 \u092a\u094d\u0930\u093e\u0925\u092e\u093f\u0915 \u0905\u0927\u094d\u092f\u092f\u0928 \u092f\u0939 \u0939\u0948 <b data-path-to-node=\"11,2,0\" data-index-in-node=\"48\">\u0905\u0932\u094d\u091f\u094d\u0930\u093e\u0938\u093e\u0909\u0902\u0921 \u091c\u093e\u0902\u091a<\/b>. \u092c\u091a\u094d\u091a\u094b\u0902 \u092e\u0947\u0902 \u0915\u0902\u092a\u094d\u092f\u0942\u091f\u0947\u0921 \u091f\u094b\u092e\u094b\u0917\u094d\u0930\u093e\u092b\u0940 (\u0938\u0940\u091f\u0940) \u0938\u0947 \u092a\u0930\u0939\u0947\u091c \u0915\u093f\u092f\u093e \u091c\u093e\u0924\u093e \u0939\u0948 \u0915\u094d\u092f\u094b\u0902\u0915\u093f \u0907\u0938\u092e\u0947\u0902 \u0935\u093f\u0915\u093f\u0930\u0923 \u0915\u093e \u0916\u0924\u0930\u093e \u0905\u0927\u093f\u0915 \u0939\u094b\u0924\u093e \u0939\u0948\u0964.<\/p><\/li><\/ul><h3 data-path-to-node=\"12\">4. \u0918\u0930 \u092a\u0930 \u0926\u0947\u0916\u092d\u093e\u0932 \u0914\u0930 \u0928\u093f\u0917\u0930\u093e\u0928\u0940<\/h3><p data-path-to-node=\"13\">\u092f\u0926\u093f \u0921\u0949\u0915\u094d\u091f\u0930 \u092f\u0939 \u0928\u093f\u0930\u094d\u0927\u093e\u0930\u093f\u0924 \u0915\u0930\u0924\u093e \u0939\u0948 \u0915\u093f \u0907\u0938 \u0938\u094d\u0925\u093f\u0924\u093f \u092e\u0947\u0902 \u0938\u0930\u094d\u091c\u0930\u0940 \u0915\u0940 \u0906\u0935\u0936\u094d\u092f\u0915\u0924\u093e \u0928\u0939\u0940\u0902 \u0939\u0948:<\/p><ul data-path-to-node=\"14\"><li><p data-path-to-node=\"14,0,0\"><b data-path-to-node=\"14,0,0\" data-index-in-node=\"0\">\u0918\u0930 \u092a\u0930 \u0939\u0940 \u0932\u0915\u094d\u0937\u0923\u094b\u0902 \u0915\u0947 \u0935\u093f\u0915\u093e\u0938 \u0915\u0940 \u0928\u093f\u0917\u0930\u093e\u0928\u0940 \u0915\u0940 \u091c\u093e\u0924\u0940 \u0939\u0948:<\/b> \u092f\u0926\u093f \u0926\u0930\u094d\u0926 \u092c\u0922\u093c \u091c\u093e\u0924\u093e \u0939\u0948, \u0926\u0930\u094d\u0926 \u0915\u093e \u0938\u094d\u0925\u093e\u0928 \u092c\u0926\u0932 \u091c\u093e\u0924\u093e \u0939\u0948, \u092f\u093e \u092c\u091a\u094d\u091a\u0947 \u0915\u094b \u092c\u0941\u0916\u093e\u0930 \u0939\u094b \u091c\u093e\u0924\u093e \u0939\u0948, \u0924\u094b \u0926\u094b\u092c\u093e\u0930\u093e \u091c\u093e\u0902\u091a \u0915\u0930\u0935\u093e\u090f\u0902\u0964.<\/p><\/li><li><p data-path-to-node=\"14,1,0\"><b data-path-to-node=\"14,1,0\" data-index-in-node=\"0\">\u0926\u0930\u094d\u0926 \u0915\u0940 \u0926\u0935\u093e\u0908:<\/b> \u0906\u092a \u0905\u092a\u0928\u0947 \u092c\u091a\u094d\u091a\u0947 \u0915\u094b \u0928\u093f\u0930\u094d\u0926\u0947\u0936\u093e\u0928\u0941\u0938\u093e\u0930 \u0926\u0930\u094d\u0926 \u0928\u093f\u0935\u093e\u0930\u0915 \u0926\u0935\u093e\u090f\u0902 (\u091c\u0948\u0938\u0947 \u092a\u0948\u0930\u093e\u0938\u093f\u091f\u093e\u092e\u094b\u0932) \u0926\u0947 \u0938\u0915\u0924\u0947 \u0939\u0948\u0902\u0964.<\/p><\/li><li><p data-path-to-node=\"14,2,0\"><b data-path-to-node=\"14,2,0\" data-index-in-node=\"0\">\u0916\u093e\u0928\u093e:<\/b> \u092f\u0926\u093f \u0906\u092a\u0915\u094b \u0915\u093f\u0938\u0940 \u0910\u0938\u0940 \u0938\u094d\u0925\u093f\u0924\u093f \u0915\u093e \u0938\u0902\u0926\u0947\u0939 \u0939\u0948 \u091c\u093f\u0938\u0915\u0947 \u0932\u093f\u090f \u0936\u0932\u094d\u092f \u091a\u093f\u0915\u093f\u0924\u094d\u0938\u093e \u0915\u0940 \u0906\u0935\u0936\u094d\u092f\u0915\u0924\u093e \u0939\u0948 (\u091c\u0948\u0938\u0947 \u0915\u093f \u090f\u092a\u0947\u0902\u0921\u093f\u0938\u093e\u0907\u091f\u093f\u0938), \u0924\u094b \u0905\u092a\u0928\u0947 \u092c\u091a\u094d\u091a\u0947 \u0915\u094b \u0905\u0938\u094d\u092a\u0924\u093e\u0932 \u092e\u0947\u0902 \u0939\u0940 \u0930\u0916\u0947\u0902\u0964 <b data-path-to-node=\"14,2,0\" data-index-in-node=\"93\">\u092c\u093f\u0928\u093e \u092d\u094b\u091c\u0928 \u0915\u0947<\/b> \u0921\u0949\u0915\u094d\u091f\u0930 \u0938\u0947 \u091c\u093e\u0902\u091a \u0939\u094b\u0928\u0947 \u0924\u0915 (\u0915\u0941\u091b \u092d\u0940 \u0916\u093e\u0928\u0947-\u092a\u0940\u0928\u0947 \u0915\u093e) \u0928\u093f\u0937\u0947\u0927\u0964.<\/p><\/li><\/ul><p>\u0921\u0941\u0913\u0921\u0947\u0938\u093f\u092e \u0932\u0947\u0916<\/p><p><a href=\"https:\/\/www.duodecimlehti.fi\/duo14224\" target=\"_blank\" rel=\"noopener\">https:\/\/www.duodecimlehti.fi\/duo14224<\/a><\/p>\t\t\t\t\t\t\t\t<\/div>\n\t\t\t\t<\/div>\n\t\t\t\t\t<\/div>\n\t\t\t\t<\/div>\n\t\t\t\t<\/div>","protected":false},"excerpt":{"rendered":"<p>Lapsen \u00e4killinen vatsakipu\u00a0 Vatsakipu on yksi tavallisimmista syist\u00e4 hakeutua lapsen kanssa p\u00e4ivystykseen. Useimmiten kyseess\u00e4 on vaaton vaiva, kuten mahatauti tai ummetus, mutta on t\u00e4rke\u00e4\u00e4 tunnistaa tilanteet, jotka vaativat nopeaa l\u00e4\u00e4k\u00e4rin hoitoa tai leikkausta. 1. Milloin on hakeuduttava l\u00e4\u00e4k\u00e4riin? Ota yhteys l\u00e4\u00e4k\u00e4riin tai hakeudu p\u00e4ivystykseen, jos lapsella on jokin seuraavista oireista: Kipu on voimakasta ja lapsen [&hellip;]<\/p>\n","protected":false},"author":1,"featured_media":0,"parent":0,"menu_order":0,"comment_status":"closed","ping_status":"closed","template":"","meta":{"_angie_page":false,"site-sidebar-layout":"no-sidebar","site-content-layout":"page-builder","ast-site-content-layout":"full-width-container","site-content-style":"default","site-sidebar-style":"default","ast-global-header-display":"","ast-banner-title-visibility":"","ast-main-header-display":"","ast-hfb-above-header-display":"","ast-hfb-below-header-display":"","ast-hfb-mobile-header-display":"","site-post-title":"","ast-breadcrumbs-content":"","ast-featured-img":"disabled","footer-sml-layout":"","ast-disable-related-posts":"","theme-transparent-header-meta":"","adv-header-id-meta":"","stick-header-meta":"","header-above-stick-meta":"","header-main-stick-meta":"","header-below-stick-meta":"","astra-migrate-meta-layouts":"set","ast-page-background-enabled":"default","ast-page-background-meta":{"desktop":{"background-color":"","background-image":"","background-repeat":"repeat","background-position":"center center","background-size":"auto","background-attachment":"scroll","background-type":"","background-media":"","overlay-type":"","overlay-color":"","overlay-opacity":"","overlay-gradient":""},"tablet":{"background-color":"","background-image":"","background-repeat":"repeat","background-position":"center center","background-size":"auto","background-attachment":"scroll","background-type":"","background-media":"","overlay-type":"","overlay-color":"","overlay-opacity":"","overlay-gradient":""},"mobile":{"background-color":"","background-image":"","background-repeat":"repeat","background-position":"center center","background-size":"auto","background-attachment":"scroll","background-type":"","background-media":"","overlay-type":"","overlay-color":"","overlay-opacity":"","overlay-gradient":""}},"ast-content-background-meta":{"desktop":{"background-color":"var(--ast-global-color-5)","background-image":"","background-repeat":"repeat","background-position":"center center","background-size":"auto","background-attachment":"scroll","background-type":"","background-media":"","overlay-type":"","overlay-color":"","overlay-opacity":"","overlay-gradient":""},"tablet":{"background-color":"var(--ast-global-color-5)","background-image":"","background-repeat":"repeat","background-position":"center center","background-size":"auto","background-attachment":"scroll","background-type":"","background-media":"","overlay-type":"","overlay-color":"","overlay-opacity":"","overlay-gradient":""},"mobile":{"background-color":"var(--ast-global-color-5)","background-image":"","background-repeat":"repeat","background-position":"center center","background-size":"auto","background-attachment":"scroll","background-type":"","background-media":"","overlay-type":"","overlay-color":"","overlay-opacity":"","overlay-gradient":""}},"footnotes":""},"class_list":["post-1374","page","type-page","status-publish","hentry"],"_links":{"self":[{"href":"https:\/\/lastenkirurgia.fi\/hi\/wp-json\/wp\/v2\/pages\/1374","targetHints":{"allow":["GET"]}}],"collection":[{"href":"https:\/\/lastenkirurgia.fi\/hi\/wp-json\/wp\/v2\/pages"}],"about":[{"href":"https:\/\/lastenkirurgia.fi\/hi\/wp-json\/wp\/v2\/types\/page"}],"author":[{"embeddable":true,"href":"https:\/\/lastenkirurgia.fi\/hi\/wp-json\/wp\/v2\/users\/1"}],"replies":[{"embeddable":true,"href":"https:\/\/lastenkirurgia.fi\/hi\/wp-json\/wp\/v2\/comments?post=1374"}],"version-history":[{"count":4,"href":"https:\/\/lastenkirurgia.fi\/hi\/wp-json\/wp\/v2\/pages\/1374\/revisions"}],"predecessor-version":[{"id":1667,"href":"https:\/\/lastenkirurgia.fi\/hi\/wp-json\/wp\/v2\/pages\/1374\/revisions\/1667"}],"wp:attachment":[{"href":"https:\/\/lastenkirurgia.fi\/hi\/wp-json\/wp\/v2\/media?parent=1374"}],"curies":[{"name":"wp","href":"https:\/\/api.w.org\/{rel}","templated":true}]}}