{"id":1378,"date":"2026-04-09T13:52:19","date_gmt":"2026-04-09T13:52:19","guid":{"rendered":"https:\/\/darkcyan-pheasant-754087.hostingersite.com\/?page_id=1378"},"modified":"2026-04-12T15:58:42","modified_gmt":"2026-04-12T15:58:42","slug":"lapsen-ummetus","status":"publish","type":"page","link":"https:\/\/lastenkirurgia.fi\/hi\/lapsen-ummetus\/","title":{"rendered":"\u092c\u091a\u094d\u091a\u0947 \u092e\u0947\u0902 \u0915\u092c\u094d\u091c"},"content":{"rendered":"<div data-elementor-type=\"wp-page\" data-elementor-id=\"1378\" class=\"elementor elementor-1378\" data-elementor-post-type=\"page\">\n\t\t\t\t<div class=\"elementor-element elementor-element-891d0ce e-flex e-con-boxed e-con e-parent\" data-id=\"891d0ce\" data-element_type=\"container\" data-e-type=\"container\">\n\t\t\t\t\t<div class=\"e-con-inner\">\n\t\t\t\t<div class=\"elementor-element elementor-element-7342566 elementor-widget elementor-widget-text-editor\" data-id=\"7342566\" data-element_type=\"widget\" data-e-type=\"widget\" data-widget_type=\"text-editor.default\">\n\t\t\t\t<div class=\"elementor-widget-container\">\n\t\t\t\t\t\t\t\t\t<h2 data-path-to-node=\"2\">\u092c\u091a\u094d\u091a\u094b\u0902 \u092e\u0947\u0902 \u0915\u092c\u094d\u091c \u0914\u0930 \u092e\u0932 \u0924\u094d\u092f\u093e\u0917 \u0915\u0940 \u0938\u092e\u0938\u094d\u092f\u093e \u2013 \u0918\u0930\u0947\u0932\u0942 \u0909\u092a\u091a\u093e\u0930 \u0914\u0930 \u0938\u0932\u093e\u0939<\/h2><p data-path-to-node=\"3\">\u092c\u091a\u094d\u091a\u094b\u0902 \u0915\u0940 \u092e\u0932 \u0924\u094d\u092f\u093e\u0917\u0928\u0947 \u0915\u0940 \u092a\u094d\u0930\u0915\u094d\u0930\u093f\u092f\u093e \u0905\u0932\u0917-\u0905\u0932\u0917 \u0939\u094b\u0924\u0940 \u0939\u0948: \u0915\u0941\u091b \u092c\u091a\u094d\u091a\u0947 \u0926\u093f\u0928 \u092e\u0947\u0902 \u0915\u0908 \u092c\u093e\u0930 \u092e\u0932 \u0924\u094d\u092f\u093e\u0917 \u0915\u0930\u0924\u0947 \u0939\u0948\u0902, \u091c\u092c\u0915\u093f \u0915\u0941\u091b \u0926\u093f\u0928 \u092e\u0947\u0902 \u090f\u0915 \u092c\u093e\u0930 \u0938\u0947 \u092d\u0940 \u0915\u092e\u0964 \u0938\u093f\u0926\u094d\u0927\u093e\u0902\u0924 \u0930\u0942\u092a \u092e\u0947\u0902, \u092c\u091a\u094d\u091a\u0947 \u0915\u094b \u092a\u094d\u0930\u0924\u093f\u0926\u093f\u0928 \u092f\u093e \u0932\u0917\u092d\u0917 \u092a\u094d\u0930\u0924\u093f\u0926\u093f\u0928 \u092e\u0932 \u0924\u094d\u092f\u093e\u0917 \u0915\u0930\u0928\u093e \u091a\u093e\u0939\u093f\u090f\u0964 \u091b\u094b\u091f\u0947 \u0936\u093f\u0936\u0941\u0913\u0902 \u092e\u0947\u0902 \u092e\u0932 \u0924\u094d\u092f\u093e\u0917\u0928\u0947 \u0915\u093e \u0924\u0930\u0940\u0915\u093e \u0905\u0932\u0917-\u0905\u0932\u0917 \u0939\u094b\u0924\u093e \u0939\u0948 \u0914\u0930 \u0909\u0928\u0915\u0947 \u092a\u0947\u091f \u0915\u0940 \u0915\u093e\u0930\u094d\u092f\u092a\u094d\u0930\u0923\u093e\u0932\u0940 \u0905\u0928\u093f\u092f\u092e\u093f\u0924 \u0939\u094b \u0938\u0915\u0924\u0940 \u0939\u0948\u0964 \u0915\u092c\u094d\u091c \u090f\u0915 \u0906\u092e \u0938\u092e\u0938\u094d\u092f\u093e \u0939\u0948 (% \u092c\u091a\u094d\u091a\u094b\u0902 \u092e\u0947\u0902 25% \u0938\u0947 \u0905\u0927\u093f\u0915 \u0924\u0915), \u091c\u093f\u0938\u0915\u093e \u0907\u0932\u093e\u091c \u091c\u0932\u094d\u0926\u0940 \u0936\u0941\u0930\u0942 \u0915\u0930 \u0926\u0947\u0928\u093e \u091a\u093e\u0939\u093f\u090f \u0924\u093e\u0915\u093f \u092f\u0939 \u0926\u0940\u0930\u094d\u0918\u0915\u093e\u0932\u093f\u0915 \u0938\u092e\u0938\u094d\u092f\u093e \u0928 \u092c\u0928 \u091c\u093e\u090f\u0964.<\/p><h3 data-path-to-node=\"4\">1. \u0915\u092c\u094d\u091c \u0915\u092c \u090f\u0915 \u0938\u092e\u0938\u094d\u092f\u093e \u092c\u0928 \u091c\u093e\u0924\u0940 \u0939\u0948?<\/h3><p data-path-to-node=\"5\">\u092f\u0926\u093f \u0915\u093f\u0938\u0940 \u092c\u091a\u094d\u091a\u0947 \u092e\u0947\u0902 \u090f\u0915 \u092e\u0939\u0940\u0928\u0947 \u0924\u0915 \u0928\u093f\u092e\u094d\u0928\u0932\u093f\u0916\u093f\u0924 \u092e\u0947\u0902 \u0938\u0947 \u0915\u092e \u0938\u0947 \u0915\u092e \u0926\u094b \u0932\u0915\u094d\u0937\u0923 \u092e\u094c\u091c\u0942\u0926 \u0939\u094b\u0902, \u0924\u094b \u0909\u0938\u0947 \u0915\u092c\u094d\u091c \u0939\u0948:<\/p><ul data-path-to-node=\"6\"><li><p data-path-to-node=\"6,0,0\">\u092e\u0932 \u0924\u094d\u092f\u093e\u0917 \u0905\u0928\u093f\u092f\u092e\u093f\u0924 \u0939\u094b\u0924\u093e \u0939\u0948 \u2013 \u0906\u092e\u0924\u094c\u0930 \u092a\u0930 \u0939\u0930 \u0926\u0942\u0938\u0930\u0947 \u0926\u093f\u0928 \u0938\u0947 \u092d\u0940 \u0915\u092e\u0964 \u0915\u092d\u0940-\u0915\u092d\u0940 \u0932\u0917\u092d\u0917 \u0939\u0930 \u0926\u093f\u0928 \u092e\u0932 \u0924\u094d\u092f\u093e\u0917 \u0915\u0930\u0928\u0947 \u092a\u0930 \u092d\u0940 \u0915\u092c\u094d\u091c \u0939\u094b \u0938\u0915\u0924\u093e \u0939\u0948\u0964<\/p><\/li><li><p data-path-to-node=\"6,1,0\">\u092e\u0932 \u0915\u0920\u094b\u0930 \u0939\u0948 \u092f\u093e \u092e\u0932 \u0924\u094d\u092f\u093e\u0917 \u0915\u0930\u0924\u0947 \u0938\u092e\u092f \u0926\u0930\u094d\u0926 \u0939\u094b\u0924\u093e \u0939\u0948\u0964.<\/p><\/li><li><p data-path-to-node=\"6,2,0\">\u092c\u091a\u094d\u091a\u093e \u0938\u094d\u092a\u0937\u094d\u091f \u0930\u0942\u092a \u0938\u0947 \u0936\u094c\u091a \u0915\u0930\u0928\u0947 \u0938\u0947 \u0939\u093f\u091a\u0915\u093f\u091a\u093e \u0930\u0939\u093e \u0939\u0948 \u092f\u093e \u0921\u0930 \u0930\u0939\u093e \u0939\u0948\u0964.<\/p><\/li><li><p data-path-to-node=\"6,3,0\">\u092e\u0932 \u092c\u0939\u0941\u0924 \u092c\u0921\u093c\u093e \u0939\u0948\u0964.<\/p><\/li><li><p data-path-to-node=\"6,4,0\"><b data-path-to-node=\"6,4,0\" data-index-in-node=\"0\">\u0935\u093f\u0930\u0942\u092a\u0923:<\/b> \u092e\u0932 \u0917\u0932\u0924\u0940 \u0938\u0947 \u092a\u0948\u0902\u091f \u092e\u0947\u0902 \u0930\u093f\u0938 \u091c\u093e\u0924\u093e \u0939\u0948 (4 \u0935\u0930\u094d\u0937 \u0938\u0947 \u0905\u0927\u093f\u0915 \u0909\u092e\u094d\u0930 \u0915\u0947 \u092c\u091a\u094d\u091a\u094b\u0902 \u0915\u0947 \u0932\u093f\u090f)\u0964.<\/p><\/li><\/ul><p data-path-to-node=\"7\"><b data-path-to-node=\"7\" data-index-in-node=\"0\">\u0917\u093f\u0930\u0935\u0940 \u0930\u0916\u0928\u0947 \u0915\u0947 \u0938\u0902\u0915\u0947\u0924:<\/b> \u090f\u0915 \u0936\u093f\u0936\u0941 \u0905\u092a\u0928\u0947 \u0936\u0930\u0940\u0930 \u0915\u094b \u092b\u0948\u0932\u093e \u0938\u0915\u0924\u093e \u0939\u0948 \u0914\u0930 \u0928\u093f\u0924\u0902\u092c\u094b\u0902 \u0915\u094b \u0915\u0938 \u0938\u0915\u0924\u093e \u0939\u0948\u0964 \u090f\u0915 \u091b\u094b\u091f\u093e \u092c\u091a\u094d\u091a\u093e \u0905\u092a\u0928\u0947 \u092a\u0902\u091c\u094b\u0902 \u092a\u0930 \u0916\u0921\u093c\u093e \u0939\u094b \u0938\u0915\u0924\u093e \u0939\u0948, \u0905\u092a\u0928\u0947 \u092a\u0948\u0930\u094b\u0902 \u0915\u094b \u0915\u0938\u0915\u0930 \u090f\u0915 \u0938\u093e\u0925 \u0930\u0916 \u0938\u0915\u0924\u093e \u0939\u0948 \u092f\u093e \u0906\u0917\u0947-\u092a\u0940\u091b\u0947 \u0939\u093f\u0932 \u0938\u0915\u0924\u093e \u0939\u0948\u0964.<\/p><h3 data-path-to-node=\"8\">2. \u0915\u092c\u094d\u091c \u0915\u093e \u0938\u094d\u0935-\u0909\u092a\u091a\u093e\u0930<\/h3><h4 data-path-to-node=\"9\">\u0906\u0939\u093e\u0930<\/h4><ul data-path-to-node=\"10\"><li><p data-path-to-node=\"10,0,0\"><b data-path-to-node=\"10,0,0\" data-index-in-node=\"0\">\u092b\u093e\u0907\u092c\u0930:<\/b> \u0907\u0938\u092e\u0947\u0902 \u0938\u093e\u092c\u0941\u0924 \u0905\u0928\u093e\u091c (\u0930\u093e\u0908 \u0915\u0940 \u0930\u094b\u091f\u0940, \u0913\u091f\u092e\u0940\u0932), \u0938\u092c\u094d\u091c\u093f\u092f\u093e\u0902, \u092b\u0932 \u0914\u0930 \u092c\u0947\u0930\u0940\u091c \u0936\u093e\u092e\u093f\u0932 \u0915\u0930\u0947\u0902\u0964.<\/p><\/li><li><p data-path-to-node=\"10,1,0\"><b data-path-to-node=\"10,1,0\" data-index-in-node=\"0\">\u092a\u094d\u0930\u093e\u0915\u0943\u0924\u093f\u0915 \u0938\u0949\u092b\u093c\u094d\u0928\u0930:<\/b> \u092c\u0947\u0930 \u092f\u093e \u0906\u092e \u0915\u0940 \u092a\u094d\u092f\u0942\u0930\u0940, \u0915\u0926\u094d\u0926\u0942\u0915\u0938 \u0915\u093f\u092f\u093e \u0939\u0941\u0906 \u0928\u093e\u0936\u092a\u093e\u0924\u0940 \u0914\u0930 \u092e\u093e\u0932\u094d\u091f \u0915\u093e \u0905\u0930\u094d\u0915 (\u0936\u093f\u0936\u0941\u0913\u0902 \u0915\u0947 \u0932\u093f\u090f) \u0938\u0939\u093e\u092f\u0915 \u0939\u094b\u0924\u0947 \u0939\u0948\u0902\u0964.<\/p><\/li><li><p data-path-to-node=\"10,2,0\"><b data-path-to-node=\"10,2,0\" data-index-in-node=\"0\">\u0924\u0930\u0932:<\/b> \u0938\u0941\u0928\u093f\u0936\u094d\u091a\u093f\u0924 \u0915\u0930\u0947\u0902 \u0915\u093f \u0906\u092a\u0915\u093e \u092c\u091a\u094d\u091a\u093e \u092a\u0930\u094d\u092f\u093e\u092a\u094d\u0924 \u092a\u093e\u0928\u0940 \u092a\u093f\u090f\u0964.<\/p><\/li><li><p data-path-to-node=\"10,3,0\"><b data-path-to-node=\"10,3,0\" data-index-in-node=\"0\">\u0936\u0915\u094d\u0924\u093f:<\/b> \u0906\u0902\u0924\u094b\u0902 \u0915\u094b \u0938\u0916\u094d\u0924 \u0915\u0930\u0928\u0947 \u0935\u093e\u0932\u0947 \u0916\u093e\u0926\u094d\u092f \u092a\u0926\u093e\u0930\u094d\u0925\u094b\u0902 \u0915\u093e \u0938\u0947\u0935\u0928 \u0915\u092e \u0915\u0930\u0947\u0902, \u091c\u0948\u0938\u0947 \u0915\u0947\u0932\u0947, \u0938\u092b\u0947\u0926 \u092c\u094d\u0930\u0947\u0921, \u0915\u094b\u0915\u094b \u0914\u0930 \u092c\u094d\u0932\u0942\u092c\u0947\u0930\u0940 \u0915\u093e \u0930\u0938\u0964 \u0926\u0942\u0927 \u0915\u093e \u0905\u0924\u094d\u092f\u0927\u093f\u0915 \u0938\u0947\u0935\u0928 \u0938\u0940\u092e\u093f\u0924 \u0915\u0930\u0947\u0902\u0964.<\/p><\/li><\/ul><h4 data-path-to-node=\"11\">\u0936\u094c\u091a\u093e\u0932\u092f \u0915\u0940 \u0926\u093f\u0928\u091a\u0930\u094d\u092f\u093e<\/h4><ul data-path-to-node=\"12\"><li><p data-path-to-node=\"12,0,0\"><b data-path-to-node=\"12,0,0\" data-index-in-node=\"0\">\u0928\u093f\u092f\u092e\u093f\u0924\u0924\u093e:<\/b> \u0905\u092a\u0928\u0947 \u092c\u091a\u094d\u091a\u0947 \u0915\u094b \u0938\u093f\u0916\u093e\u090f\u0902 \u0915\u093f \u0935\u0939 \u0939\u0930 \u092d\u094b\u091c\u0928 \u0915\u0947 \u092c\u093e\u0926 10-15 \u092e\u093f\u0928\u091f \u0924\u0915 \u092a\u0949\u091f\u0940 \u092f\u093e \u0938\u0940\u091f \u092a\u0930 \u092c\u0948\u0920\u0947\u0964.<\/p><\/li><li><p data-path-to-node=\"12,1,0\"><b data-path-to-node=\"12,1,0\" data-index-in-node=\"0\">\u0938\u0939\u0940 \u0938\u094d\u0925\u093e\u0928:<\/b> \u092a\u093e\u0932\u0928\u0947 \u092a\u0930 \u090f\u0915 \u092b\u0941\u091f\u0938\u094d\u091f\u0942\u0932 \u0915\u093e \u0909\u092a\u092f\u094b\u0917 \u0915\u0930\u0947\u0902 \u0924\u093e\u0915\u093f \u092c\u091a\u094d\u091a\u0947 \u0915\u0947 \u092a\u0948\u0930 \u0938\u0924\u0939 \u092a\u0930 \u092e\u091c\u092c\u0942\u0924\u0940 \u0938\u0947 \u091f\u093f\u0915\u0947 \u0930\u0939\u0947\u0902 \u0914\u0930 \u0935\u0939 \u0909\u0915\u0921\u093c\u0942 \u092c\u0948\u0920\u0928\u0947 \u0915\u0940 \u0938\u094d\u0925\u093f\u0924\u093f \u092e\u0947\u0902 \u0930\u0939\u0947\u0964.<\/p><\/li><li><p data-path-to-node=\"12,2,0\"><b data-path-to-node=\"12,2,0\" data-index-in-node=\"0\">\u0938\u0915\u093e\u0930\u093e\u0924\u094d\u092e\u0915\u0924\u093e:<\/b> \u0917\u0932\u0924\u093f\u092f\u094b\u0902 \u0915\u0947 \u0932\u093f\u090f \u0915\u092d\u0940 \u0906\u0932\u094b\u091a\u0928\u093e \u0928 \u0915\u0930\u0947\u0902\u0964 \u0938\u092b\u0932\u0924\u093e\u0913\u0902 \u0915\u0947 \u0932\u093f\u090f \u092a\u0941\u0930\u0938\u094d\u0915\u093e\u0930 \u0926\u0947\u0902 (\u0909\u0926\u093e\u0939\u0930\u0923 \u0915\u0947 \u0932\u093f\u090f, \u090f\u0915 \u0938\u094d\u091f\u093f\u0915\u0940 \u0928\u094b\u091f)\u0964.<\/p><\/li><\/ul><h3 data-path-to-node=\"13\">3. \u092e\u0932 \u0924\u094d\u092f\u093e\u0917 (\u090f\u0928\u0915\u094b\u092a\u094d\u0930\u0947\u0938\u0940\u0938)<\/h3><p data-path-to-node=\"14\">\u092e\u0932 \u0915\u093e \u0905\u0928\u0948\u091a\u094d\u091b\u093f\u0915 \u0930\u0942\u092a \u0938\u0947 \u092a\u0948\u0902\u091f \u092e\u0947\u0902 \u0930\u093f\u0938 \u091c\u093e\u0928\u093e \u0938\u094b\u0907\u0932\u093f\u0902\u0917 \u0915\u0939\u0932\u093e\u0924\u093e \u0939\u0948\u0964 % \u0915\u0947 \u0932\u0917\u092d\u0917 90% \u092e\u093e\u092e\u0932\u0947 \u0917\u0902\u092d\u0940\u0930 \u0915\u092c\u094d\u091c \u0915\u0947 \u0915\u093e\u0930\u0923 \u0939\u094b\u0924\u0947 \u0939\u0948\u0902: \u092c\u0943\u0939\u0926\u093e\u0928\u094d\u0924\u094d\u0930 \u092e\u0947\u0902 \u0915\u0920\u094b\u0930 \u092e\u0932 \u0915\u093e \u091c\u092e\u093e\u0935 (\u0905\u0935\u0930\u094b\u0927) \u0938\u093e\u092e\u093e\u0928\u094d\u092f \u092e\u0932 \u0924\u094d\u092f\u093e\u0917 \u0915\u094b \u0930\u094b\u0915\u0924\u093e \u0939\u0948, \u091c\u093f\u0938\u0938\u0947 \u0922\u0940\u0932\u093e \u092e\u0932 \u0905\u0928\u093f\u092f\u0902\u0924\u094d\u0930\u093f\u0924 \u0930\u0942\u092a \u0938\u0947 \u0905\u0935\u0930\u094b\u0927 \u0938\u0947 \u0939\u094b\u0915\u0930 \u092c\u0939\u0924\u093e \u0939\u0948\u0964.<\/p><ul data-path-to-node=\"15\"><li><p data-path-to-node=\"15,0,0\"><b data-path-to-node=\"15,0,0\" data-index-in-node=\"0\">\u092f\u0939 \u091c\u093e\u0928\u092c\u0942\u091d\u0915\u0930 \u0928\u0939\u0940\u0902 \u0915\u093f\u092f\u093e \u0917\u092f\u093e \u0939\u0948:<\/b> \u092c\u091a\u094d\u091a\u0947 \u0915\u094b \u092e\u0932 \u0906\u0928\u0947 \u092f\u093e \u0909\u0938\u0938\u0947 \u0906\u0928\u0947 \u0935\u093e\u0932\u0940 \u0938\u0902\u092d\u093e\u0935\u093f\u0924 \u0917\u0902\u0927 \u0915\u093e \u092a\u0924\u093e \u0928\u0939\u0940\u0902 \u0939\u094b\u0924\u093e\u0964 \u0917\u0902\u0926\u0917\u0940 \u092b\u0948\u0932\u093e\u0928\u0947 \u0915\u0947 \u0932\u093f\u090f \u092c\u091a\u094d\u091a\u0947 \u0915\u094b \u0926\u0902\u0921\u093f\u0924 \u0928\u0939\u0940\u0902 \u0915\u093f\u092f\u093e \u091c\u093e\u0928\u093e \u091a\u093e\u0939\u093f\u090f\u0964.<\/p><\/li><li><p data-path-to-node=\"15,1,0\"><b data-path-to-node=\"15,1,0\" data-index-in-node=\"0\">\u0926\u0947\u0916\u092d\u093e\u0932:<\/b> \u0915\u092c\u094d\u091c \u0915\u0940 \u092e\u0942\u0932 \u0938\u092e\u0938\u094d\u092f\u093e \u0915\u093e \u092a\u094d\u0930\u092d\u093e\u0935\u0940 \u0922\u0902\u0917 \u0938\u0947 \u0907\u0932\u093e\u091c \u0939\u094b\u0928\u0947 \u092a\u0930 \u092e\u0932 \u0924\u094d\u092f\u093e\u0917 \u0915\u0940 \u0938\u092e\u0938\u094d\u092f\u093e \u092e\u0947\u0902 \u0938\u0941\u0927\u093e\u0930 \u0939\u094b\u0917\u093e\u0964.<\/p><\/li><\/ul><h3 data-path-to-node=\"16\">4. \u0926\u0935\u093e<\/h3><p data-path-to-node=\"17\">\u092f\u0926\u093f \u090f\u0915 \u092e\u0939\u0940\u0928\u0947 \u092e\u0947\u0902 \u0938\u094d\u0935\u092f\u0902 \u0915\u0940 \u0926\u0947\u0916\u092d\u093e\u0932 \u092a\u0930\u094d\u092f\u093e\u092a\u094d\u0924 \u0928 \u0939\u094b, \u0924\u094b \u0921\u0949\u0915\u094d\u091f\u0930 \u092f\u093e \u0915\u094d\u0932\u093f\u0928\u093f\u0915 \u0915\u0947 \u0928\u093f\u0930\u094d\u0926\u0947\u0936\u094b\u0902 \u0915\u0947 \u0905\u0928\u0941\u0938\u093e\u0930 \u0926\u0935\u093e \u0936\u0941\u0930\u0942 \u0915\u0930 \u0926\u0947\u0928\u0940 \u091a\u093e\u0939\u093f\u090f\u0964.<\/p><ul data-path-to-node=\"18\"><li><p data-path-to-node=\"18,0,0\"><b data-path-to-node=\"18,0,0\" data-index-in-node=\"0\">\u0915\u0941\u0936\u0928:<\/b> \u092e\u0948\u0915\u094d\u0930\u094b\u0917\u094b\u0932 \u092f\u093e \u0932\u0948\u0915\u094d\u091f\u0941\u0932\u094b\u091c \u0938\u0947 \u092c\u0928\u0940 \u0926\u0935\u093e\u090f\u0902 \u092e\u0932 \u0915\u094b \u0928\u0930\u092e \u0915\u0930\u0924\u0940 \u0939\u0948\u0902\u0964 \u092e\u0932\u093e\u0936\u092f \u0915\u094b \u0920\u0940\u0915 \u0939\u094b\u0928\u0947 \u0914\u0930 \u092c\u091a\u094d\u091a\u0947 \u0915\u094b \u092f\u0939 \u0938\u092e\u091d\u0928\u0947 \u0915\u0947 \u0932\u093f\u090f \u0915\u093f \u0905\u092c \u092e\u0932 \u0924\u094d\u092f\u093e\u0917 \u092e\u0947\u0902 \u0926\u0930\u094d\u0926 \u0928\u0939\u0940\u0902 \u0939\u094b\u0924\u093e, \u0907\u0928\u0915\u093e \u0909\u092a\u092f\u094b\u0917 \u092a\u0930\u094d\u092f\u093e\u092a\u094d\u0924 \u0938\u092e\u092f (\u0939\u092b\u094d\u0924\u094b\u0902 \u092f\u093e \u092e\u0939\u0940\u0928\u094b\u0902) \u0924\u0915 \u0915\u0930\u0928\u093e \u0906\u0935\u0936\u094d\u092f\u0915 \u0939\u0948\u0964.<\/p><\/li><li><p data-path-to-node=\"18,1,0\"><b data-path-to-node=\"18,1,0\" data-index-in-node=\"0\">\u0928\u093f\u0915\u093e\u0938\u0940:<\/b> \u092f\u0926\u093f \u0906\u0902\u0924 \u092e\u0947\u0902 \u092e\u0932 \u0915\u093e \u092c\u0921\u093c\u093e \u091c\u092e\u093e\u0935 \u0939\u094b, \u0924\u094b \u0909\u092a\u091a\u093e\u0930 \u0905\u0915\u094d\u0938\u0930 \u090f\u0928\u0940\u092e\u093e \u0938\u0947 \u0936\u0941\u0930\u0942 \u0915\u093f\u092f\u093e \u091c\u093e\u0924\u093e \u0939\u0948\u0964.<\/p><\/li><\/ul><h3 data-path-to-node=\"19\">5. \u092e\u0941\u091d\u0947 \u0921\u0949\u0915\u094d\u091f\u0930 \u0938\u0947 \u0915\u092c \u092e\u093f\u0932\u0928\u093e \u091a\u093e\u0939\u093f\u090f?<\/h3><p data-path-to-node=\"20\">\u092f\u0926\u093f \u0928\u093f\u092e\u094d\u0928\u0932\u093f\u0916\u093f\u0924 \u0938\u094d\u0925\u093f\u0924\u093f\u092f\u093e\u0902 \u0939\u094b\u0902 \u0924\u094b \u0915\u093f\u0938\u0940 \u0915\u094d\u0932\u093f\u0928\u093f\u0915 \u092f\u093e \u0921\u0949\u0915\u094d\u091f\u0930 \u0938\u0947 \u0938\u0902\u092a\u0930\u094d\u0915 \u0915\u0930\u0947\u0902:<\/p><ul data-path-to-node=\"21\"><li><p data-path-to-node=\"21,0,0\">\u0915\u092c\u094d\u091c \u0915\u0940 \u0938\u092e\u0938\u094d\u092f\u093e \u090f\u0915 \u092e\u0939\u0940\u0928\u0947 \u0938\u0947 \u0905\u0927\u093f\u0915 \u0938\u092e\u092f \u0938\u0947 \u092c\u0928\u0940 \u0939\u0941\u0908 \u0939\u0948 \u0914\u0930 \u0918\u0930\u0947\u0932\u0942 \u0909\u092a\u091a\u093e\u0930 \u0938\u0947 \u0915\u094b\u0908 \u092b\u093e\u092f\u0926\u093e \u0928\u0939\u0940\u0902 \u0939\u094b \u0930\u0939\u093e \u0939\u0948\u0964.<\/p><\/li><li><p data-path-to-node=\"21,1,0\">\u092e\u0932 \u092e\u0947\u0902 \u0916\u0942\u0928 \u0906 \u0930\u0939\u093e \u0939\u0948\u0964.<\/p><\/li><li><p data-path-to-node=\"21,2,0\">\u092c\u091a\u094d\u091a\u0947 \u0915\u094b \u092a\u0947\u091f \u092e\u0947\u0902 \u0924\u0947\u091c \u0926\u0930\u094d\u0926 \u0939\u094b \u0930\u0939\u093e \u0939\u0948\u0964.<\/p><\/li><li><p data-path-to-node=\"21,3,0\">\u0928\u0935\u091c\u093e\u0924 \u0936\u093f\u0936\u0941\/\u091b\u094b\u091f\u093e \u092c\u091a\u094d\u091a\u093e \u092c\u0939\u0941\u0924 \u0915\u092e \u092c\u093e\u0930 (\u0938\u092a\u094d\u0924\u093e\u0939 \u092e\u0947\u0902 \u090f\u0915 \u092c\u093e\u0930 \u0938\u0947 \u092d\u0940 \u0915\u092e) \u092e\u0932 \u0924\u094d\u092f\u093e\u0917 \u0915\u0930\u0924\u093e \u0939\u0948\u0964.<\/p><\/li><li><p data-path-to-node=\"21,4,0\">\u092c\u091a\u094d\u091a\u0947 \u0915\u094b \u0938\u093e\u092b-\u0938\u092b\u093e\u0908 \u0915\u0930\u0928\u093e \u0938\u0940\u0916 \u0932\u0947\u0928\u0947 \u0915\u0947 \u092c\u093e\u0935\u091c\u0942\u0926, \u0917\u0902\u0926\u0917\u0940 \u092b\u093f\u0930 \u0938\u0947 \u0936\u0941\u0930\u0942 \u0939\u094b \u091c\u093e\u0924\u0940 \u0939\u0948\u0964.<\/p><\/li><\/ul><p>\u0938\u094d\u0935\u093e\u0938\u094d\u0925\u094d\u092f \u092a\u0941\u0938\u094d\u0924\u0915\u093e\u0932\u092f \u0932\u0947\u0916<\/p><p><a href=\"https:\/\/www.terveyskirjasto.fi\/dlk00533\" target=\"_blank\" rel=\"noopener\">https:\/\/www.terveyskirjasto.fi\/dlk00533<\/a><\/p>\t\t\t\t\t\t\t\t<\/div>\n\t\t\t\t<\/div>\n\t\t\t\t\t<\/div>\n\t\t\t\t<\/div>\n\t\t\t\t<\/div>","protected":false},"excerpt":{"rendered":"<p>Lapsen ummetus ja tuhriminen \u2013 Ohjeita kotiin ja hoitoon Lapsen suolen toiminta on yksil\u00f6llist\u00e4: osa ulostaa useasti p\u00e4iv\u00e4ss\u00e4, osa harvemmin kuin joka p\u00e4iv\u00e4. Periaatteessa lapsen pit\u00e4isi ulostaa p\u00e4ivitt\u00e4in tai l\u00e4hes p\u00e4ivitt\u00e4in. Pienill\u00e4 vauvoilla on vatsan toiminnan suhteen eri kuviot ja vatsa saattaa toimia hyvinkin ep\u00e4s\u00e4\u00e4nn\u00f6llisesti. Ummetus on yleinen vaiva ( jopa &gt;25 % lapsista), joka [&hellip;]<\/p>\n","protected":false},"author":1,"featured_media":0,"parent":0,"menu_order":0,"comment_status":"closed","ping_status":"closed","template":"","meta":{"_angie_page":false,"site-sidebar-layout":"no-sidebar","site-content-layout":"page-builder","ast-site-content-layout":"full-width-container","site-content-style":"default","site-sidebar-style":"default","ast-global-header-display":"","ast-banner-title-visibility":"","ast-main-header-display":"","ast-hfb-above-header-display":"","ast-hfb-below-header-display":"","ast-hfb-mobile-header-display":"","site-post-title":"","ast-breadcrumbs-content":"","ast-featured-img":"disabled","footer-sml-layout":"","ast-disable-related-posts":"","theme-transparent-header-meta":"","adv-header-id-meta":"","stick-header-meta":"","header-above-stick-meta":"","header-main-stick-meta":"","header-below-stick-meta":"","astra-migrate-meta-layouts":"set","ast-page-background-enabled":"default","ast-page-background-meta":{"desktop":{"background-color":"","background-image":"","background-repeat":"repeat","background-position":"center center","background-size":"auto","background-attachment":"scroll","background-type":"","background-media":"","overlay-type":"","overlay-color":"","overlay-opacity":"","overlay-gradient":""},"tablet":{"background-color":"","background-image":"","background-repeat":"repeat","background-position":"center center","background-size":"auto","background-attachment":"scroll","background-type":"","background-media":"","overlay-type":"","overlay-color":"","overlay-opacity":"","overlay-gradient":""},"mobile":{"background-color":"","background-image":"","background-repeat":"repeat","background-position":"center center","background-size":"auto","background-attachment":"scroll","background-type":"","background-media":"","overlay-type":"","overlay-color":"","overlay-opacity":"","overlay-gradient":""}},"ast-content-background-meta":{"desktop":{"background-color":"var(--ast-global-color-5)","background-image":"","background-repeat":"repeat","background-position":"center center","background-size":"auto","background-attachment":"scroll","background-type":"","background-media":"","overlay-type":"","overlay-color":"","overlay-opacity":"","overlay-gradient":""},"tablet":{"background-color":"var(--ast-global-color-5)","background-image":"","background-repeat":"repeat","background-position":"center center","background-size":"auto","background-attachment":"scroll","background-type":"","background-media":"","overlay-type":"","overlay-color":"","overlay-opacity":"","overlay-gradient":""},"mobile":{"background-color":"var(--ast-global-color-5)","background-image":"","background-repeat":"repeat","background-position":"center center","background-size":"auto","background-attachment":"scroll","background-type":"","background-media":"","overlay-type":"","overlay-color":"","overlay-opacity":"","overlay-gradient":""}},"footnotes":""},"class_list":["post-1378","page","type-page","status-publish","hentry"],"_links":{"self":[{"href":"https:\/\/lastenkirurgia.fi\/hi\/wp-json\/wp\/v2\/pages\/1378","targetHints":{"allow":["GET"]}}],"collection":[{"href":"https:\/\/lastenkirurgia.fi\/hi\/wp-json\/wp\/v2\/pages"}],"about":[{"href":"https:\/\/lastenkirurgia.fi\/hi\/wp-json\/wp\/v2\/types\/page"}],"author":[{"embeddable":true,"href":"https:\/\/lastenkirurgia.fi\/hi\/wp-json\/wp\/v2\/users\/1"}],"replies":[{"embeddable":true,"href":"https:\/\/lastenkirurgia.fi\/hi\/wp-json\/wp\/v2\/comments?post=1378"}],"version-history":[{"count":4,"href":"https:\/\/lastenkirurgia.fi\/hi\/wp-json\/wp\/v2\/pages\/1378\/revisions"}],"predecessor-version":[{"id":1661,"href":"https:\/\/lastenkirurgia.fi\/hi\/wp-json\/wp\/v2\/pages\/1378\/revisions\/1661"}],"wp:attachment":[{"href":"https:\/\/lastenkirurgia.fi\/hi\/wp-json\/wp\/v2\/media?parent=1378"}],"curies":[{"name":"wp","href":"https:\/\/api.w.org\/{rel}","templated":true}]}}