{"id":1386,"date":"2026-04-09T13:53:46","date_gmt":"2026-04-09T13:53:46","guid":{"rendered":"https:\/\/darkcyan-pheasant-754087.hostingersite.com\/?page_id=1386"},"modified":"2026-04-12T15:49:11","modified_gmt":"2026-04-12T15:49:11","slug":"lapsen-rannemurtuma","status":"publish","type":"page","link":"https:\/\/lastenkirurgia.fi\/hi\/lapsen-rannemurtuma\/","title":{"rendered":"\u092c\u091a\u094d\u091a\u0947 \u0915\u0940 \u0915\u0932\u093e\u0908 \u092e\u0947\u0902 \u092b\u094d\u0930\u0948\u0915\u094d\u091a\u0930"},"content":{"rendered":"<div data-elementor-type=\"wp-page\" data-elementor-id=\"1386\" class=\"elementor elementor-1386\" data-elementor-post-type=\"page\">\n\t\t\t\t<div class=\"elementor-element elementor-element-80bfb32 e-flex e-con-boxed e-con e-parent\" data-id=\"80bfb32\" data-element_type=\"container\" data-e-type=\"container\">\n\t\t\t\t\t<div class=\"e-con-inner\">\n\t\t\t\t<div class=\"elementor-element elementor-element-b7b4158 elementor-widget elementor-widget-text-editor\" data-id=\"b7b4158\" data-element_type=\"widget\" data-e-type=\"widget\" data-widget_type=\"text-editor.default\">\n\t\t\t\t<div class=\"elementor-widget-container\">\n\t\t\t\t\t\t\t\t\t<h2 data-path-to-node=\"2\">\u092c\u091a\u094d\u091a\u0947 \u0915\u0940 \u0915\u0932\u093e\u0908 \u092e\u0947\u0902 \u092b\u094d\u0930\u0948\u0915\u094d\u091a\u0930 (&quot;\u0915\u0932\u093e\u0908 \u0915\u093e \u092b\u094d\u0930\u0948\u0915\u094d\u091a\u0930&quot;)<\/h2><p data-path-to-node=\"3\">\u092c\u091a\u094d\u091a\u094b\u0902 \u092e\u0947\u0902 \u0915\u0932\u093e\u0908 \u0915\u0947 \u0928\u093f\u091a\u0932\u0947 \u0939\u093f\u0938\u094d\u0938\u0947 \u092e\u0947\u0902 \u092b\u094d\u0930\u0948\u0915\u094d\u091a\u0930 \u0939\u094b\u0928\u093e \u092c\u0939\u0941\u0924 \u0906\u092e \u092c\u093e\u0924 \u0939\u0948\u0964 \u0907\u0938\u0915\u093e \u090f\u0915 \u0906\u092e \u0915\u093e\u0930\u0923 \u0939\u0948 \u0916\u0947\u0932\u0924\u0947-\u0915\u0942\u0926\u0924\u0947 \u0938\u092e\u092f \u0939\u093e\u0925 \u092b\u0948\u0932\u093e\u0915\u0930 \u0917\u093f\u0930 \u091c\u093e\u0928\u093e\u0964 \u092c\u091a\u094d\u091a\u094b\u0902 \u0915\u0940 \u0939\u0921\u094d\u0921\u093f\u092f\u093e\u0902 \u092c\u0922\u093c\u0924\u0940 \u0930\u0939\u0924\u0940 \u0939\u0948\u0902 \u0914\u0930 \u0909\u0928\u092e\u0947\u0902 \u0916\u0941\u0926 \u0915\u094b \u0920\u0940\u0915 \u0915\u0930\u0928\u0947 \u0915\u0940 \u0905\u0926\u094d\u092d\u0941\u0924 \u0915\u094d\u0937\u092e\u0924\u093e \u0939\u094b\u0924\u0940 \u0939\u0948, \u0907\u0938\u0932\u093f\u090f \u0909\u0928\u0915\u093e \u0907\u0932\u093e\u091c \u0935\u092f\u0938\u094d\u0915\u094b\u0902 \u0938\u0947 \u0905\u0932\u0917 \u0939\u094b\u0924\u093e \u0939\u0948\u0964.<\/p><h3 data-path-to-node=\"4\">\u0939\u0921\u094d\u0921\u093f\u092f\u094b\u0902 \u0915\u0947 \u092b\u094d\u0930\u0948\u0915\u094d\u091a\u0930 \u0915\u0947 \u092a\u094d\u0930\u0915\u093e\u0930 \u0914\u0930 \u0909\u0928\u0915\u093e \u0909\u092a\u091a\u093e\u0930<\/h3><p data-path-to-node=\"5\">\u0921\u0949\u0915\u094d\u091f\u0930 \u090f\u0915\u094d\u0938-\u0930\u0947 \u0938\u0947 \u092b\u094d\u0930\u0948\u0915\u094d\u091a\u0930 \u0915\u093e \u092a\u094d\u0930\u0915\u093e\u0930 \u0928\u093f\u0930\u094d\u0927\u093e\u0930\u093f\u0924 \u0915\u0930\u0947\u0902\u0917\u0947\u0964 \u0909\u092a\u091a\u093e\u0930 \u0915\u093e \u0924\u0930\u0940\u0915\u093e \u092b\u094d\u0930\u0948\u0915\u094d\u091a\u0930 \u0915\u0947 \u092a\u094d\u0930\u0915\u093e\u0930 \u0914\u0930 \u092c\u091a\u094d\u091a\u0947 \u0915\u0940 \u0909\u092e\u094d\u0930 \u092a\u0930 \u0928\u093f\u0930\u094d\u092d\u0930 \u0915\u0930\u0924\u093e \u0939\u0948\u0964<\/p><ol start=\"1\" data-path-to-node=\"6\"><li><p data-path-to-node=\"6,0,0\"><b data-path-to-node=\"6,0,0\" data-index-in-node=\"0\">\u091d\u0941\u0930\u094d\u0930\u0940\u0926\u093e\u0930 \u092b\u094d\u0930\u0948\u0915\u094d\u091a\u0930 (\u091f\u094b\u0930\u0938):<\/b><\/p><ul data-path-to-node=\"6,0,1\"><li><p data-path-to-node=\"6,0,1,0,0\"><b data-path-to-node=\"6,0,1,0,0\" data-index-in-node=\"0\">\u092f\u0939 \u0915\u094d\u092f\u093e \u0939\u0948?<\/b> \u0939\u0921\u094d\u0921\u0940 \u0935\u093e\u0938\u094d\u0924\u0935 \u092e\u0947\u0902 \u091f\u0942\u091f\u0940 \u0928\u0939\u0940\u0902 \u0939\u0948, \u092c\u0938 \u090f\u0915 \u0924\u0930\u092b \u0938\u0947 \u0925\u094b\u0921\u093c\u0940 \u092e\u0941\u0921\u093c\u0940 \u0939\u0941\u0908 \u092f\u093e \u0938\u093f\u0915\u0941\u0921\u093c\u0940 \u0939\u0941\u0908 \u0939\u0948\u0964.<\/p><\/li><li><p data-path-to-node=\"6,0,1,1,0\"><b data-path-to-node=\"6,0,1,1,0\" data-index-in-node=\"0\">\u0926\u0947\u0916\u092d\u093e\u0932:<\/b> \u092f\u0939 \u090f\u0915 \u0938\u094d\u0925\u093f\u0930 \u091a\u094b\u091f \u0939\u0948\u0964 \u0926\u0930\u094d\u0926 \u0938\u0947 \u0930\u093e\u0939\u0924 \u092a\u093e\u0928\u0947 \u0915\u0947 \u0932\u093f\u090f \u0907\u0938\u0947 1-3 \u0938\u092a\u094d\u0924\u093e\u0939 \u0924\u0915 \u092c\u094d\u0930\u0947\u0938 (\u0911\u0930\u094d\u0925\u094b\u0938\u093f\u0938) \u092f\u093e \u092a\u094d\u0932\u093e\u0938\u094d\u091f\u0930 \u0915\u093e\u0938\u094d\u091f \u0938\u0947 \u0909\u092a\u091a\u093e\u0930\u093f\u0924 \u0915\u093f\u092f\u093e \u091c\u093e\u0924\u093e \u0939\u0948\u0964 \u090f\u0915\u094d\u0938-\u0930\u0947 \u0915\u0940 \u0906\u0935\u0936\u094d\u092f\u0915\u0924\u093e \u0928\u0939\u0940\u0902 \u0939\u0948\u0964.<\/p><\/li><\/ul><\/li><li><p data-path-to-node=\"6,1,0\"><b data-path-to-node=\"6,1,0\" data-index-in-node=\"0\">\u0935\u093f\u0932\u094b \u0915\u0940 \u091f\u0939\u0928\u0940 \u0915\u093e \u092b\u094d\u0930\u0948\u0915\u094d\u091a\u0930 (\u0917\u094d\u0930\u0940\u0928\u0938\u094d\u091f\u093f\u0915):<\/b><\/p><ul data-path-to-node=\"6,1,1\"><li><p data-path-to-node=\"6,1,1,0,0\"><b data-path-to-node=\"6,1,1,0,0\" data-index-in-node=\"0\">\u092f\u0939 \u0915\u094d\u092f\u093e \u0939\u0948?<\/b> \u0939\u0921\u094d\u0921\u0940 \u0915\u093e \u090f\u0915 \u0939\u093f\u0938\u094d\u0938\u093e \u091f\u0942\u091f\u093e \u0939\u0941\u0906 \u0939\u0948 \u0914\u0930 \u0926\u0942\u0938\u0930\u093e \u0939\u093f\u0938\u094d\u0938\u093e \u092e\u0941\u0921\u093c\u093e \u0939\u0941\u0906 \u0939\u0948 (\u091c\u0948\u0938\u0947 \u0915\u094b\u0908 \u0928\u0908 \u0936\u093e\u0916\u093e)\u0964.<\/p><\/li><li><p data-path-to-node=\"6,1,1,1,0\"><b data-path-to-node=\"6,1,1,1,0\" data-index-in-node=\"0\">\u0926\u0947\u0916\u092d\u093e\u0932:<\/b> \u092f\u0926\u093f \u092b\u094d\u0930\u0948\u0915\u094d\u091a\u0930 \u0915\u0940 \u0938\u094d\u0925\u093f\u0924\u093f \u0920\u0940\u0915 \u0928\u0939\u0940\u0902 \u0939\u0948, \u0924\u094b \u0909\u0938\u0947 \u0938\u0940\u0927\u093e \u0915\u0930\u0928\u093e \u0906\u0935\u0936\u094d\u092f\u0915 \u0939\u0948\u0964 \u092f\u0939 \u0915\u094d\u0930\u0940\u091c \u092b\u094d\u0930\u0948\u0915\u094d\u091a\u0930 \u0915\u0940 \u0924\u0941\u0932\u0928\u093e \u092e\u0947\u0902 \u0905\u0927\u093f\u0915 \u0905\u0938\u094d\u0925\u093f\u0930 \u0939\u094b\u0924\u093e \u0939\u0948, \u0907\u0938\u0932\u093f\u090f \u0932\u0917\u092d\u0917 \u090f\u0915 \u0938\u092a\u094d\u0924\u093e\u0939 \u092c\u093e\u0926 \u090f\u0915\u094d\u0938-\u0930\u0947 \u0926\u094d\u0935\u093e\u0930\u093e \u0907\u0938\u0915\u0940 \u0938\u094d\u0925\u093f\u0924\u093f \u0915\u0940 \u091c\u093e\u0901\u091a \u0915\u0940 \u091c\u093e\u0924\u0940 \u0939\u0948\u0964.<\/p><\/li><\/ul><\/li><li><p data-path-to-node=\"6,2,0\"><b data-path-to-node=\"6,2,0\" data-index-in-node=\"0\">\u0915\u094d\u0930\u0949\u0938 \u092b\u094d\u0930\u0948\u0915\u094d\u091a\u0930:<\/b><\/p><ul data-path-to-node=\"6,2,1\"><li><p data-path-to-node=\"6,2,1,0,0\"><b data-path-to-node=\"6,2,1,0,0\" data-index-in-node=\"0\">\u092f\u0939 \u0915\u094d\u092f\u093e \u0939\u0948?<\/b> \u0939\u0921\u094d\u0921\u0940 \u092a\u0942\u0930\u0940 \u0924\u0930\u0939 \u0938\u0947 \u091f\u0942\u091f \u0917\u0908 \u0939\u0948\u0964.<\/p><\/li><li><p data-path-to-node=\"6,2,1,1,0\"><b data-path-to-node=\"6,2,1,1,0\" data-index-in-node=\"0\">\u0926\u0947\u0916\u092d\u093e\u0932:<\/b> \u092f\u0926\u093f \u0939\u0921\u094d\u0921\u093f\u092f\u094b\u0902 \u0915\u0947 \u0938\u093f\u0930\u0947 \u0915\u093e\u092b\u0940 \u0939\u0926 \u0924\u0915 \u0905\u092a\u0928\u0940 \u091c\u0917\u0939 \u0938\u0947 \u0939\u091f \u0917\u090f \u0939\u094b\u0902, \u0924\u094b \u0909\u0928\u094d\u0939\u0947\u0902 \u0935\u093e\u092a\u0938 \u0905\u092a\u0928\u0940 \u091c\u0917\u0939 \u092a\u0930 \u0932\u093e\u092f\u093e \u091c\u093e\u0924\u093e \u0939\u0948 (\u092a\u0941\u0928\u0930\u094d\u0938\u0902\u092f\u094b\u091c\u0928)\u0964 \u091b\u094b\u091f\u0947 \u092c\u091a\u094d\u091a\u094b\u0902 \u092e\u0947\u0902, \u092c\u0921\u093c\u0947 \u0939\u094b\u0928\u0947 \u092a\u0930 \u092f\u0947 \u092c\u0921\u093c\u0947 \u092c\u0926\u0932\u093e\u0935 \u092d\u0940 \u0905\u092a\u0928\u0947 \u0906\u092a \u0920\u0940\u0915 \u0939\u094b \u0938\u0915\u0924\u0947 \u0939\u0948\u0902, \u0932\u0947\u0915\u093f\u0928 \u0926\u093f\u0916\u093e\u0908 \u0926\u0947\u0928\u0947 \u0935\u093e\u0932\u0940 \u0939\u0921\u094d\u0921\u093f\u092f\u094b\u0902 \u0915\u0940 \u091f\u0947\u0922\u093c\u0940-\u092e\u0947\u0922\u093c\u0940 \u0938\u094d\u0925\u093f\u0924\u093f \u0915\u094b \u0906\u092e\u0924\u094c\u0930 \u092a\u0930 \u0939\u092e\u0947\u0936\u093e \u0920\u0940\u0915 \u0915\u093f\u092f\u093e \u091c\u093e\u0924\u093e \u0939\u0948\u0964.<\/p><\/li><\/ul><\/li><\/ol><hr data-path-to-node=\"7\" \/><h3 data-path-to-node=\"8\">\u0935\u093f\u0915\u093e\u0938 \u0915\u0940 \u0936\u0915\u094d\u0924\u093f (\u092a\u0941\u0928\u0930\u094d\u0928\u093f\u0930\u094d\u092e\u093e\u0923)<\/h3><p data-path-to-node=\"9\">\u090f\u0915 \u092c\u091a\u094d\u091a\u0947 \u0915\u0940 \u0915\u0902\u0915\u093e\u0932 \u0938\u0902\u0930\u091a\u0928\u093e \u092e\u0947\u0902 \u092e\u094c\u091c\u0942\u0926 \u0935\u093f\u0915\u0943\u0924\u093f\u092f\u094b\u0902 \u0915\u094b \u0906\u0936\u094d\u091a\u0930\u094d\u092f\u091c\u0928\u0915 \u0926\u0915\u094d\u0937\u0924\u093e \u0915\u0947 \u0938\u093e\u0925 \u0920\u0940\u0915 \u0915\u0930 \u0932\u0947\u0924\u0940 \u0939\u0948\u0964 \u0907\u0938\u0947 \u0930\u0940\u092e\u0949\u0921\u0932\u093f\u0902\u0917 \u0915\u0939\u0924\u0947 \u0939\u0948\u0902\u0964.<\/p><ul data-path-to-node=\"10\"><li><p data-path-to-node=\"10,0,0\"><b data-path-to-node=\"10,0,0\" data-index-in-node=\"0\">5 \u0935\u0930\u094d\u0937 \u0938\u0947 \u0915\u092e \u0906\u092f\u0941 \u0915\u0947 \u092c\u091a\u094d\u091a\u094b\u0902 \u0915\u0947 \u0932\u093f\u090f<\/b> \u0915\u0932\u093e\u0908 \u0915\u0940 \u0917\u0924\u093f \u0915\u0940 \u0926\u093f\u0936\u093e \u092e\u0947\u0902 35 \u0921\u093f\u0917\u094d\u0930\u0940 \u0924\u0915 \u0915\u093e \u091d\u0941\u0915\u093e\u0935 \u0938\u094d\u0935\u0940\u0915\u093e\u0930\u094d\u092f \u0939\u0948\u0964.<\/p><\/li><li><p data-path-to-node=\"10,1,0\"><b data-path-to-node=\"10,1,0\" data-index-in-node=\"0\">5-12 \u0935\u0930\u094d\u0937 \u0915\u0940 \u0906\u092f\u0941 \u0915\u0947 \u092c\u091a\u094d\u091a\u094b\u0902 \u0915\u0947 \u0932\u093f\u090f<\/b> \u0932\u0917\u092d\u0917 25 \u0921\u093f\u0917\u094d\u0930\u0940 \u0915\u093e \u091d\u0941\u0915\u093e\u0935 \u0938\u094d\u0935\u0940\u0915\u093e\u0930\u094d\u092f \u0939\u0948\u0964.<\/p><\/li><li><p data-path-to-node=\"10,2,0\">\u092c\u091a\u094d\u091a\u093e \u091c\u093f\u0924\u0928\u093e \u092c\u0921\u093c\u093e \u0939\u094b\u0924\u093e \u0939\u0948, \u0909\u0938\u0915\u0940 \u0938\u094d\u0925\u093f\u0924\u093f \u0909\u0924\u0928\u0940 \u0939\u0940 \u0938\u091f\u0940\u0915 \u0930\u0942\u092a \u0938\u0947 \u0928\u093f\u0930\u094d\u0927\u093e\u0930\u093f\u0924 \u0915\u0930\u0928\u0947 \u0915\u0940 \u0906\u0935\u0936\u094d\u092f\u0915\u0924\u093e \u0939\u094b\u0924\u0940 \u0939\u0948 \u0915\u094d\u092f\u094b\u0902\u0915\u093f \u0909\u0938\u0915\u0947 \u0935\u093f\u0915\u093e\u0938 \u0915\u0940 \u0938\u0902\u092d\u093e\u0935\u0928\u093e \u0915\u092e \u0930\u0939 \u091c\u093e\u0924\u0940 \u0939\u0948\u0964.<\/p><\/li><\/ul><h3 data-path-to-node=\"11\">\u0936\u0932\u094d\u092f \u091a\u093f\u0915\u093f\u0924\u094d\u0938\u093e \u0909\u092a\u091a\u093e\u0930 \u0914\u0930 \u0927\u093e\u0924\u0941 \u0915\u0940 \u0915\u0940\u0932\u0947\u0902<\/h3><p data-path-to-node=\"12\">\u092f\u0926\u093f \u092b\u094d\u0930\u0948\u0915\u094d\u091a\u0930 \u092c\u0939\u0941\u0924 \u0905\u0938\u094d\u0925\u093f\u0930 \u0939\u0948 \u092f\u093e \u0909\u0938\u0915\u0940 \u0938\u094d\u0925\u093f\u0924\u093f \u0920\u0940\u0915 \u0928\u0939\u0940\u0902 \u0939\u0948, \u0924\u094b \u0911\u092a\u0930\u0947\u0936\u0928 \u0915\u0915\u094d\u0937 \u092e\u0947\u0902 \u090f\u0928\u0947\u0938\u094d\u0925\u0940\u0938\u093f\u092f\u093e \u0926\u0947\u0915\u0930 \u092b\u094d\u0930\u0948\u0915\u094d\u091a\u0930 \u0915\u094b \u0938\u0940\u0927\u093e \u0915\u093f\u092f\u093e \u091c\u093e\u090f\u0917\u093e\u0964.<\/p><ul data-path-to-node=\"13\"><li><p data-path-to-node=\"13,0,0\"><b data-path-to-node=\"13,0,0\" data-index-in-node=\"0\">\u0928\u094b\u0915\u0926\u093e\u0930 \u091a\u0940\u091c\u093c:<\/b> \u0924\u094d\u0935\u091a\u093e \u0915\u0947 \u092e\u093e\u0927\u094d\u092f\u092e \u0938\u0947 \u0921\u093e\u0932\u0940 \u0917\u0908 \u091a\u093f\u0915\u0928\u0940 \u0927\u093e\u0924\u0941 \u0915\u0940 \u092a\u093f\u0928\u094b\u0902 (\u0915\u0947-\u092a\u093f\u0928) \u0915\u0940 \u0938\u0939\u093e\u092f\u0924\u093e \u0938\u0947 \u092b\u094d\u0930\u0948\u0915\u094d\u091a\u0930 \u0915\u094b \u0938\u0939\u093e\u0930\u093e \u0926\u093f\u092f\u093e \u091c\u093e \u0938\u0915\u0924\u093e \u0939\u0948\u0964 \u092f\u0947 \u092a\u093f\u0928\u0947\u0902 \u092a\u094d\u0932\u093e\u0938\u094d\u091f\u0930 \u0915\u0947 \u0905\u0902\u0926\u0930 \u092b\u094d\u0930\u0948\u0915\u094d\u091a\u0930 \u0915\u094b \u0905\u092a\u0928\u0940 \u091c\u0917\u0939 \u0938\u0947 \u0916\u093f\u0938\u0915\u0928\u0947 \u0938\u0947 \u0930\u094b\u0915\u0924\u0940 \u0939\u0948\u0902\u0964.<\/p><\/li><li><p data-path-to-node=\"13,1,0\"><b data-path-to-node=\"13,1,0\" data-index-in-node=\"0\">\u0917\u094d\u0930\u094b\u0925 \u092a\u094d\u0932\u0947\u091f \u092b\u094d\u0930\u0948\u0915\u094d\u091a\u0930:<\/b> \u092f\u0926\u093f \u092b\u094d\u0930\u0948\u0915\u094d\u091a\u0930 \u0938\u0947 \u091c\u094b\u0921\u093c \u0915\u0940 \u0938\u0924\u0939 \u092f\u093e \u0935\u0943\u0926\u094d\u0927\u093f \u092a\u094d\u0932\u0947\u091f \u0915\u094b \u0928\u0941\u0915\u0938\u093e\u0928 \u092a\u0939\u0941\u0902\u091a\u0924\u093e \u0939\u0948, \u0924\u094b \u0939\u0921\u094d\u0921\u0940 \u0915\u0947 \u0935\u093f\u0915\u093e\u0938 \u092e\u0947\u0902 \u092c\u093e\u0927\u093e \u0915\u094b \u0930\u094b\u0915\u0928\u0947 \u0915\u0947 \u0932\u093f\u090f \u0935\u093f\u0936\u0947\u0937 \u0930\u0942\u092a \u0938\u0947 \u0938\u093e\u0935\u0927\u093e\u0928\u0940\u092a\u0942\u0930\u094d\u0935\u0915 \u0909\u092a\u091a\u093e\u0930 \u0914\u0930 \u0905\u0915\u094d\u0938\u0930 \u0938\u0930\u094d\u091c\u0930\u0940 \u0915\u0940 \u0906\u0935\u0936\u094d\u092f\u0915\u0924\u093e \u0939\u094b\u0924\u0940 \u0939\u0948\u0964.<\/p><\/li><\/ul><hr data-path-to-node=\"14\" \/><h3 data-path-to-node=\"15\">\u092a\u094d\u0932\u093e\u0938\u094d\u091f\u0930 \u0915\u093e \u0909\u092a\u091a\u093e\u0930 \u0914\u0930 \u0918\u0930 \u092a\u0930 \u0915\u0930\u0928\u0947 \u0915\u0947 \u0928\u093f\u0930\u094d\u0926\u0947\u0936<\/h3><p data-path-to-node=\"16\">\u092b\u094d\u0930\u0948\u0915\u094d\u091a\u0930 \u0915\u094b \u0906\u092e\u0924\u094c\u0930 \u092a\u0930 \u090f\u0915 \u0935\u094d\u092f\u0915\u094d\u0924\u093f\u0917\u0924 \u0938\u0939\u093e\u0930\u0947 \u0938\u0947 \u0938\u0939\u093e\u0930\u093e \u0926\u093f\u092f\u093e \u091c\u093e\u0924\u093e \u0939\u0948\u0964 <b data-path-to-node=\"16\" data-index-in-node=\"39\">\u092a\u094d\u0932\u093e\u0938\u094d\u091f\u0930 \u091f\u094d\u0930\u0949\u0935\u0947\u0932 \u0915\u0947 \u0938\u093e\u0925<\/b>, \u091c\u093f\u0938\u0938\u0947 \u0909\u0902\u0917\u0932\u093f\u092f\u093e\u0902 \u0914\u0930 \u0915\u094b\u0939\u0928\u0940 \u0939\u093f\u0932\u0928\u0947-\u0921\u0941\u0932\u0928\u0947 \u0915\u0947 \u0932\u093f\u090f \u0938\u094d\u0935\u0924\u0902\u0924\u094d\u0930 \u0930\u0939\u0924\u0940 \u0939\u0948\u0902\u0964.<\/p><p data-path-to-node=\"17\"><b data-path-to-node=\"17\" data-index-in-node=\"0\">\u0907\u0938\u0947 \u0918\u0930 \u092a\u0930 \u0915\u0930\u0947\u0902:<\/b><\/p><ul data-path-to-node=\"18\"><li><p data-path-to-node=\"18,0,0\"><b data-path-to-node=\"18,0,0\" data-index-in-node=\"0\">\u0926\u0930\u094d\u0926 \u0915\u0940 \u0926\u0935\u093e\u0908:<\/b> \u092a\u0939\u0932\u0947 \u0915\u0941\u091b \u0926\u093f\u0928\u094b\u0902 \u0924\u0915 \u0905\u092a\u0928\u0947 \u092c\u091a\u094d\u091a\u0947 \u0915\u094b \u0928\u093f\u092f\u092e\u093f\u0924 \u0930\u0942\u092a \u0938\u0947 \u0926\u0930\u094d\u0926 \u0928\u093f\u0935\u093e\u0930\u0915 \u0926\u0935\u093e\u090f\u0902 (\u091c\u0948\u0938\u0947 \u092a\u0948\u0930\u093e\u0938\u093f\u091f\u093e\u092e\u094b\u0932 \u092f\u093e \u0906\u0907\u092c\u0941\u092a\u094d\u0930\u094b\u092b\u0947\u0928) \u0926\u0947\u0902\u0964.<\/p><\/li><li><p data-path-to-node=\"18,1,0\"><b data-path-to-node=\"18,1,0\" data-index-in-node=\"0\">\u0935\u094d\u092f\u093e\u092a\u093e\u0930:<\/b> \u0905\u092a\u0928\u0947 \u092c\u091a\u094d\u091a\u0947 \u0915\u094b \u0936\u0941\u0930\u0942 \u0938\u0947 \u0939\u0940 \u0905\u092a\u0928\u0940 \u0909\u0902\u0917\u0932\u093f\u092f\u094b\u0902 \u0915\u094b \u0938\u0915\u094d\u0930\u093f\u092f \u0930\u0942\u092a \u0938\u0947 \u0939\u093f\u0932\u093e\u0928\u0947 \u0915\u0947 \u0932\u093f\u090f \u092a\u094d\u0930\u094b\u0924\u094d\u0938\u093e\u0939\u093f\u0924 \u0915\u0930\u0947\u0902\u0964.<\/p><\/li><li><p data-path-to-node=\"18,2,0\"><b data-path-to-node=\"18,2,0\" data-index-in-node=\"0\">\u0905\u0935\u0932\u094b\u0915\u0928:<\/b> \u092f\u0926\u093f \u0909\u0902\u0917\u0932\u093f\u092f\u093e\u0902 \u0928\u0940\u0932\u0940 \u092a\u0921\u093c \u091c\u093e\u090f\u0902, \u0920\u0902\u0921\u0940 \u0939\u094b \u091c\u093e\u090f\u0902, \u0938\u0941\u0928\u094d\u0928 \u0939\u094b \u091c\u093e\u090f\u0902, \u092f\u093e \u092f\u0926\u093f \u092c\u091a\u094d\u091a\u0947 \u0915\u094b \u0917\u0902\u092d\u0940\u0930 \u0926\u0930\u094d\u0926 \u0939\u094b \u091c\u094b \u0926\u0935\u093e \u0938\u0947 \u0920\u0940\u0915 \u0928 \u0939\u094b, \u0924\u094b \u0921\u0949\u0915\u094d\u091f\u0930 \u0938\u0947 \u0938\u0902\u092a\u0930\u094d\u0915 \u0915\u0930\u0947\u0902\u0964.<\/p><\/li><\/ul><hr data-path-to-node=\"19\" \/><h3 data-path-to-node=\"20\">\u0928\u093f\u0917\u0930\u093e\u0928\u0940 \u0915\u0940 \u0906\u0935\u0936\u094d\u092f\u0915\u0924\u093e \u0915\u092c \u0939\u094b\u0924\u0940 \u0939\u0948?<\/h3><ul data-path-to-node=\"21\"><li><p data-path-to-node=\"21,0,0\"><b data-path-to-node=\"21,0,0\" data-index-in-node=\"0\">\u091d\u0941\u0930\u094d\u0930\u093f\u092f\u093e\u0901 \u0914\u0930 \u0926\u0930\u093e\u0930\u0947\u0902<\/b> \u092a\u0941\u0928\u0903 \u0935\u0930\u094d\u0923\u0928 \u0915\u0930\u0928\u0947 \u0915\u0940 \u0906\u0935\u0936\u094d\u092f\u0915\u0924\u093e \u0928\u0939\u0940\u0902 \u0939\u0948\u0964.<\/p><\/li><li><p data-path-to-node=\"21,1,0\"><b data-path-to-node=\"21,1,0\" data-index-in-node=\"0\">\u0935\u093f\u0932\u094b \u092c\u0947\u0902\u0924 \u0914\u0930 \u0905\u0928\u0941\u092a\u094d\u0930\u0938\u094d\u0925 \u0926\u0930\u093e\u0930\u0947\u0902<\/b> \u0906\u092e\u0924\u094c\u0930 \u092a\u0930 7-10 \u0926\u093f\u0928\u094b\u0902 \u0915\u0947 \u092c\u093e\u0926 \u090f\u0915\u094d\u0938-\u0930\u0947 \u0926\u094d\u0935\u093e\u0930\u093e \u092f\u0939 \u0938\u0941\u0928\u093f\u0936\u094d\u091a\u093f\u0924 \u0915\u093f\u092f\u093e \u091c\u093e\u0924\u093e \u0939\u0948 \u0915\u093f \u092a\u094d\u0932\u093e\u0938\u094d\u091f\u0930 \u0915\u0940 \u0938\u094d\u0925\u093f\u0924\u093f \u092e\u0947\u0902 \u0915\u094b\u0908 \u092c\u0926\u0932\u093e\u0935 \u0924\u094b \u0928\u0939\u0940\u0902 \u0939\u0941\u0906 \u0939\u0948\u0964.<\/p><\/li><li><p data-path-to-node=\"21,2,0\"><b data-path-to-node=\"21,2,0\" data-index-in-node=\"0\">\u092a\u093f\u0902\u091a \u092b\u094d\u0930\u0948\u0915\u094d\u091a\u0930<\/b> \u0915\u093e\u0902\u091f\u0947 \u0939\u091f\u093e\u0928\u0947 \u0938\u0947 \u092a\u0939\u0932\u0947 (\u0906\u092e\u0924\u094c\u0930 \u092a\u0930 3-4 \u0938\u092a\u094d\u0924\u093e\u0939 \u092e\u0947\u0902) \u0907\u0938\u0915\u0940 \u0924\u0938\u094d\u0935\u0940\u0930 \u0932\u0940 \u091c\u093e\u0924\u0940 \u0939\u0948\u0964.<\/p><\/li><\/ul><p>\u0921\u0941\u0913\u0921\u0947\u0938\u093f\u092e \u0932\u0947\u0916<\/p><p><a href=\"https:\/\/www.duodecimlehti.fi\/duo16023\" target=\"_blank\" rel=\"noopener\">https:\/\/www.duodecimlehti.fi\/duo16023<\/a><\/p>\t\t\t\t\t\t\t\t<\/div>\n\t\t\t\t<\/div>\n\t\t\t\t\t<\/div>\n\t\t\t\t<\/div>\n\t\t\t\t<\/div>","protected":false},"excerpt":{"rendered":"<p>Lapsen kyyn\u00e4rvarren alaosan murtuma (\u201drannemurtuma\u201d) Kyyn\u00e4rvarren alaosan murtumat ovat lapsilla eritt\u00e4in yleisi\u00e4. Tyypillinen tilanne on kaatuminen ojennetun k\u00e4den varaan esimerkiksi leikkiess\u00e4 tai urheillessa. Lapsen luusto on remodelloituvaa ja sill\u00e4 on suuri kyky korjata itse\u00e4\u00e4n kasvun my\u00f6t\u00e4, mik\u00e4 tekee hoidosta erilaista kuin aikuisilla. Murtumatyypit ja niiden hoito L\u00e4\u00e4k\u00e4ri m\u00e4\u00e4ritt\u00e4\u00e4 murtuman tyypin r\u00f6ntgenkuvasta. Hoitolinja riippuu murtuman laadusta [&hellip;]<\/p>\n","protected":false},"author":1,"featured_media":0,"parent":0,"menu_order":0,"comment_status":"closed","ping_status":"closed","template":"","meta":{"_angie_page":false,"site-sidebar-layout":"no-sidebar","site-content-layout":"page-builder","ast-site-content-layout":"full-width-container","site-content-style":"default","site-sidebar-style":"default","ast-global-header-display":"","ast-banner-title-visibility":"","ast-main-header-display":"","ast-hfb-above-header-display":"","ast-hfb-below-header-display":"","ast-hfb-mobile-header-display":"","site-post-title":"","ast-breadcrumbs-content":"","ast-featured-img":"disabled","footer-sml-layout":"","ast-disable-related-posts":"","theme-transparent-header-meta":"","adv-header-id-meta":"","stick-header-meta":"","header-above-stick-meta":"","header-main-stick-meta":"","header-below-stick-meta":"","astra-migrate-meta-layouts":"set","ast-page-background-enabled":"default","ast-page-background-meta":{"desktop":{"background-color":"","background-image":"","background-repeat":"repeat","background-position":"center center","background-size":"auto","background-attachment":"scroll","background-type":"","background-media":"","overlay-type":"","overlay-color":"","overlay-opacity":"","overlay-gradient":""},"tablet":{"background-color":"","background-image":"","background-repeat":"repeat","background-position":"center center","background-size":"auto","background-attachment":"scroll","background-type":"","background-media":"","overlay-type":"","overlay-color":"","overlay-opacity":"","overlay-gradient":""},"mobile":{"background-color":"","background-image":"","background-repeat":"repeat","background-position":"center center","background-size":"auto","background-attachment":"scroll","background-type":"","background-media":"","overlay-type":"","overlay-color":"","overlay-opacity":"","overlay-gradient":""}},"ast-content-background-meta":{"desktop":{"background-color":"var(--ast-global-color-5)","background-image":"","background-repeat":"repeat","background-position":"center center","background-size":"auto","background-attachment":"scroll","background-type":"","background-media":"","overlay-type":"","overlay-color":"","overlay-opacity":"","overlay-gradient":""},"tablet":{"background-color":"var(--ast-global-color-5)","background-image":"","background-repeat":"repeat","background-position":"center center","background-size":"auto","background-attachment":"scroll","background-type":"","background-media":"","overlay-type":"","overlay-color":"","overlay-opacity":"","overlay-gradient":""},"mobile":{"background-color":"var(--ast-global-color-5)","background-image":"","background-repeat":"repeat","background-position":"center center","background-size":"auto","background-attachment":"scroll","background-type":"","background-media":"","overlay-type":"","overlay-color":"","overlay-opacity":"","overlay-gradient":""}},"footnotes":""},"class_list":["post-1386","page","type-page","status-publish","hentry"],"_links":{"self":[{"href":"https:\/\/lastenkirurgia.fi\/hi\/wp-json\/wp\/v2\/pages\/1386","targetHints":{"allow":["GET"]}}],"collection":[{"href":"https:\/\/lastenkirurgia.fi\/hi\/wp-json\/wp\/v2\/pages"}],"about":[{"href":"https:\/\/lastenkirurgia.fi\/hi\/wp-json\/wp\/v2\/types\/page"}],"author":[{"embeddable":true,"href":"https:\/\/lastenkirurgia.fi\/hi\/wp-json\/wp\/v2\/users\/1"}],"replies":[{"embeddable":true,"href":"https:\/\/lastenkirurgia.fi\/hi\/wp-json\/wp\/v2\/comments?post=1386"}],"version-history":[{"count":4,"href":"https:\/\/lastenkirurgia.fi\/hi\/wp-json\/wp\/v2\/pages\/1386\/revisions"}],"predecessor-version":[{"id":1655,"href":"https:\/\/lastenkirurgia.fi\/hi\/wp-json\/wp\/v2\/pages\/1386\/revisions\/1655"}],"wp:attachment":[{"href":"https:\/\/lastenkirurgia.fi\/hi\/wp-json\/wp\/v2\/media?parent=1386"}],"curies":[{"name":"wp","href":"https:\/\/api.w.org\/{rel}","templated":true}]}}