{"id":1390,"date":"2026-04-09T13:54:21","date_gmt":"2026-04-09T13:54:21","guid":{"rendered":"https:\/\/darkcyan-pheasant-754087.hostingersite.com\/?page_id=1390"},"modified":"2026-04-12T15:42:18","modified_gmt":"2026-04-12T15:42:18","slug":"lapsen-kaden-vamma","status":"publish","type":"page","link":"https:\/\/lastenkirurgia.fi\/hi\/lapsen-kaden-vamma\/","title":{"rendered":"\u092c\u091a\u094d\u091a\u0947 \u0915\u0947 \u0939\u093e\u0925 \u092e\u0947\u0902 \u091a\u094b\u091f"},"content":{"rendered":"<div data-elementor-type=\"wp-page\" data-elementor-id=\"1390\" class=\"elementor elementor-1390\" data-elementor-post-type=\"page\">\n\t\t\t\t<div class=\"elementor-element elementor-element-17b6c2e e-flex e-con-boxed e-con e-parent\" data-id=\"17b6c2e\" data-element_type=\"container\" data-e-type=\"container\">\n\t\t\t\t\t<div class=\"e-con-inner\">\n\t\t\t\t<div class=\"elementor-element elementor-element-a7fff64 elementor-widget elementor-widget-text-editor\" data-id=\"a7fff64\" data-element_type=\"widget\" data-e-type=\"widget\" data-widget_type=\"text-editor.default\">\n\t\t\t\t<div class=\"elementor-widget-container\">\n\t\t\t\t\t\t\t\t\t<h2 data-path-to-node=\"2\">\u092c\u091a\u094d\u091a\u094b\u0902 \u0915\u0947 \u0939\u093e\u0925 \u0914\u0930 \u0915\u0932\u093e\u0908 \u092e\u0947\u0902 \u0932\u0917\u0928\u0947 \u0935\u093e\u0932\u0940 \u091a\u094b\u091f\u0947\u0902: \u0905\u092d\u093f\u092d\u093e\u0935\u0915\u094b\u0902 \u0915\u0947 \u0932\u093f\u090f \u090f\u0915 \u092e\u093e\u0930\u094d\u0917\u0926\u0930\u094d\u0936\u093f\u0915\u093e<\/h2><p data-path-to-node=\"3\">\u092c\u091a\u094d\u091a\u094b\u0902 \u092e\u0947\u0902 \u0938\u092c\u0938\u0947 \u0905\u0927\u093f\u0915 \u091a\u094b\u091f \u0932\u0917\u0928\u0947 \u0935\u093e\u0932\u093e \u0905\u0902\u0917 \u0939\u093e\u0925 \u0939\u094b\u0924\u093e \u0939\u0948\u0964 \u092c\u091a\u094d\u091a\u094b\u0902 \u092e\u0947\u0902 \u0939\u0921\u094d\u0921\u093f\u092f\u094b\u0902 \u0915\u0947 \u092b\u094d\u0930\u0948\u0915\u094d\u091a\u0930 \u0915\u093e \u0907\u0932\u093e\u091c \u0935\u092f\u0938\u094d\u0915\u094b\u0902 \u0938\u0947 \u0905\u0932\u0917 \u0939\u094b\u0924\u093e \u0939\u0948 \u0915\u094d\u092f\u094b\u0902\u0915\u093f \u092c\u091a\u094d\u091a\u094b\u0902 \u0915\u0940 \u0939\u0921\u094d\u0921\u093f\u092f\u093e\u0901 \u0932\u0917\u093e\u0924\u093e\u0930 \u092c\u0922\u093c\u0924\u0940 \u0930\u0939\u0924\u0940 \u0939\u0948\u0902\u0964 \u092f\u0939 \u0935\u0943\u0926\u094d\u0927\u093f \u090f\u0915 \u092c\u0921\u093c\u093e \u0932\u093e\u092d \u0939\u0948, \u0915\u094d\u092f\u094b\u0902\u0915\u093f \u092f\u0939 \u092b\u094d\u0930\u0948\u0915\u094d\u091a\u0930 \u0915\u0947 \u092c\u093e\u0926 \u0939\u094b\u0928\u0947 \u0935\u093e\u0932\u0940 \u0915\u0908 \u0935\u093f\u0915\u0943\u0924\u093f\u092f\u094b\u0902 \u0915\u094b \u0905\u092a\u0928\u0947 \u0906\u092a \u0920\u0940\u0915 \u0915\u0930 \u0938\u0915\u0924\u0940 \u0939\u0948\u0964.<\/p><h3 data-path-to-node=\"4\">\u0938\u092c\u0938\u0947 \u0906\u092e \u092a\u094d\u0930\u0915\u093e\u0930 \u0915\u0940 \u091a\u094b\u091f\u0947\u0902<\/h3><ul data-path-to-node=\"5\"><li><p data-path-to-node=\"5,0,0\"><b data-path-to-node=\"5,0,0\" data-index-in-node=\"0\">\u0909\u0902\u0917\u0932\u093f\u092f\u094b\u0902 \u0915\u0940 \u091a\u094b\u091f\u0947\u0902:<\/b> \u091b\u094b\u091f\u0947 \u092c\u091a\u094d\u091a\u094b\u0902 \u0915\u0947 \u0932\u093f\u090f \u0926\u0930\u0935\u093e\u091c\u0947 \u092e\u0947\u0902 \u0909\u0902\u0917\u0932\u0940 \u092b\u0902\u0938 \u091c\u093e\u0928\u093e \u090f\u0915 \u0906\u092e \u0926\u0941\u0930\u094d\u0918\u091f\u0928\u093e \u0939\u0948\u0964 \u0905\u0917\u0930 \u0909\u0902\u0917\u0932\u0940 \u091f\u0942\u091f \u092d\u0940 \u091c\u093e\u090f, \u0924\u094b \u0938\u092c\u0938\u0947 \u091c\u093c\u0930\u0942\u0930\u0940 \u092f\u0939\u0940 \u0939\u094b\u0924\u093e \u0939\u0948 \u0915\u093f \u0928\u093e\u0916\u0942\u0928 \u0915\u0947 \u0928\u0940\u091a\u0947 \u0915\u0940 \u0924\u094d\u0935\u091a\u093e \u0915\u0940 \u091c\u093e\u0902\u091a \u0915\u0940 \u091c\u093e\u090f \u0914\u0930 \u0938\u0902\u092d\u0935 \u0939\u094b \u0924\u094b \u0909\u0938\u0915\u0940 \u092e\u0930\u092e\u094d\u092e\u0924 \u0915\u0940 \u091c\u093e\u090f\u0964.<\/p><\/li><li><p data-path-to-node=\"5,1,0\"><b data-path-to-node=\"5,1,0\" data-index-in-node=\"0\">\u0909\u0902\u0917\u0932\u093f\u092f\u094b\u0902 \u0915\u0947 \u0906\u0927\u093e\u0930 \u0914\u0930 \u092e\u0947\u091f\u093e\u0915\u093e\u0930\u094d\u092a\u0932 \u0939\u0921\u094d\u0921\u093f\u092f\u094b\u0902 \u092e\u0947\u0902 \u092b\u094d\u0930\u0948\u0915\u094d\u091a\u0930:<\/b> \u092c\u0921\u093c\u0947 \u092c\u091a\u094d\u091a\u094b\u0902 \u092e\u0947\u0902 \u091a\u094b\u091f \u0932\u0917\u0928\u093e \u0906\u092e \u092c\u093e\u0924 \u0939\u0948, \u0914\u0930 \u0905\u0915\u094d\u0938\u0930 \u0907\u0928\u0915\u093e \u0907\u0932\u093e\u091c \u0938\u0930\u094d\u091c\u0930\u0940 \u0915\u0947 \u092c\u093f\u0928\u093e \u091f\u0947\u092a, \u0938\u094d\u092a\u094d\u0932\u093f\u0902\u091f \u092f\u093e \u092a\u094d\u0932\u093e\u0938\u094d\u091f\u0930 \u0932\u0917\u093e\u0915\u0930 \u0915\u093f\u092f\u093e \u091c\u093e\u0924\u093e \u0939\u0948\u0964.<\/p><\/li><li><p data-path-to-node=\"5,2,0\"><b data-path-to-node=\"5,2,0\" data-index-in-node=\"0\">\u0915\u0932\u093e\u0908 \u0915\u094d\u0937\u0947\u0924\u094d\u0930 \u092e\u0947\u0902 \u092b\u094d\u0930\u0948\u0915\u094d\u091a\u0930:<\/b> \u0930\u0947\u0921\u093f\u092f\u0938 \u0939\u0921\u094d\u0921\u0940 \u0915\u0947 \u0928\u093f\u091a\u0932\u0947 \u0939\u093f\u0938\u094d\u0938\u0947 \u092e\u0947\u0902 \u092b\u094d\u0930\u0948\u0915\u094d\u091a\u0930, \u0935\u093f\u0936\u0947\u0937\u0915\u0930 \u0917\u093f\u0930\u0928\u0947 \u0915\u0947 \u0915\u093e\u0930\u0923 \u0939\u094b\u0928\u0947 \u0935\u093e\u0932\u0947 \u092b\u094d\u0930\u0948\u0915\u094d\u091a\u0930, \u092c\u0939\u0941\u0924 \u0906\u092e \u0939\u0948\u0902\u0964.<\/p><\/li><\/ul><h3 data-path-to-node=\"6\">\u0935\u093f\u0936\u0947\u0937 \u0927\u094d\u092f\u093e\u0928 \u0926\u0947\u0928\u0947 \u092f\u094b\u0917\u094d\u092f \u092b\u094d\u0930\u0948\u0915\u094d\u091a\u0930<\/h3><p data-path-to-node=\"7\">\u0915\u0941\u091b \u092a\u094d\u0930\u0915\u093e\u0930 \u0915\u0947 \u092b\u094d\u0930\u0948\u0915\u094d\u091a\u0930 \u0927\u0940\u0930\u0947-\u0927\u0940\u0930\u0947 \u0935\u093f\u0915\u0938\u093f\u0924 \u0939\u094b\u0924\u0947 \u0939\u0948\u0902 \u0914\u0930 \u0932\u0917\u092d\u0917 \u0939\u092e\u0947\u0936\u093e \u0935\u093f\u0936\u0947\u0937\u091c\u094d\u091e \u0909\u092a\u091a\u093e\u0930 \u092f\u093e \u0938\u0930\u094d\u091c\u0930\u0940 \u0915\u0940 \u0906\u0935\u0936\u094d\u092f\u0915\u0924\u093e \u0939\u094b\u0924\u0940 \u0939\u0948:<\/p><ol start=\"1\" data-path-to-node=\"8\"><li><p data-path-to-node=\"8,0,0\"><b data-path-to-node=\"8,0,0\" data-index-in-node=\"0\">\u0938\u0940\u092e\u094b\u0930 \u0915\u093e \u092b\u094d\u0930\u0948\u0915\u094d\u091a\u0930:<\/b> \u090f\u0915 \u0910\u0938\u0940 \u0939\u0921\u094d\u0921\u0940 \u0915\u093e \u092b\u094d\u0930\u0948\u0915\u094d\u091a\u0930 \u091c\u094b \u0909\u0902\u0917\u0932\u0940 \u0915\u0947 \u0938\u093f\u0930\u0947 \u0915\u0940 \u0935\u0943\u0926\u094d\u0927\u093f \u0930\u0947\u0916\u093e \u0938\u0947 \u0939\u094b\u0915\u0930 \u0917\u0941\u091c\u0930\u0924\u093e \u0939\u0948, \u091c\u093f\u0938\u092e\u0947\u0902 \u0928\u093e\u0916\u0942\u0928 \u0915\u0940 \u091c\u0921\u093c \u092b\u094d\u0930\u0948\u0915\u094d\u091a\u0930 \u0915\u0947 \u092c\u0940\u091a \u0915\u0947 \u0916\u093e\u0932\u0940 \u0938\u094d\u0925\u093e\u0928 \u092e\u0947\u0902 \u0930\u0939 \u0938\u0915\u0924\u0940 \u0939\u0948\u0964.<\/p><\/li><li><p data-path-to-node=\"8,1,0\"><b data-path-to-node=\"8,1,0\" data-index-in-node=\"0\">\u0909\u0902\u0917\u0932\u0940 \u0915\u0947 \u0905\u0902\u0917 \u0915\u0940 \u0917\u0930\u094d\u0926\u0928 \u092e\u0947\u0902 \u092b\u094d\u0930\u0948\u0915\u094d\u091a\u0930:<\/b> \u091f\u0942\u091f\u093e \u0939\u0941\u0906 \u0939\u093f\u0938\u094d\u0938\u093e 180 \u0921\u093f\u0917\u094d\u0930\u0940 \u0924\u0915 \u0918\u0942\u092e \u0938\u0915\u0924\u093e \u0939\u0948\u0964 \u0905\u0917\u0930 \u0907\u0938\u0915\u093e \u0907\u0932\u093e\u091c \u0928 \u0915\u093f\u092f\u093e \u091c\u093e\u090f, \u0924\u094b \u0907\u0938\u0938\u0947 \u0909\u0902\u0917\u0932\u0940 \u0915\u094b \u092e\u094b\u0921\u093c\u0928\u0947 \u0915\u0940 \u0915\u094d\u0937\u092e\u0924\u093e \u0939\u092e\u0947\u0936\u093e \u0915\u0947 \u0932\u093f\u090f \u0938\u0940\u092e\u093f\u0924 \u0939\u094b \u091c\u093e\u090f\u0917\u0940\u0964.<\/p><\/li><li><p data-path-to-node=\"8,2,0\"><b data-path-to-node=\"8,2,0\" data-index-in-node=\"0\">\u091c\u094b\u0921\u093c\u094b\u0902 \u0915\u0947 \u092d\u0940\u0924\u0930 \u0939\u094b\u0928\u0947 \u0935\u093e\u0932\u0947 \u092b\u094d\u0930\u0948\u0915\u094d\u091a\u0930:<\/b> \u091c\u094b\u0921\u093c\u094b\u0902 \u0915\u0940 \u0938\u0924\u0939 \u0915\u094b \u092a\u0942\u0930\u0940 \u0924\u0930\u0939 \u0938\u0947 \u091a\u093f\u0915\u0928\u093e \u092c\u0928\u093e\u0928\u0947 \u0915\u0947 \u0932\u093f\u090f \u0905\u0915\u094d\u0938\u0930 \u0938\u0930\u094d\u091c\u0930\u0940 \u0915\u0940 \u0906\u0935\u0936\u094d\u092f\u0915\u0924\u093e \u0939\u094b\u0924\u0940 \u0939\u0948\u0964.<\/p><\/li><li><p data-path-to-node=\"8,3,0\"><b data-path-to-node=\"8,3,0\" data-index-in-node=\"0\">\u0918\u0941\u092e\u093e\u0935 (\u0918\u0942\u0930\u094d\u0923\u0940\u092f \u0924\u094d\u0930\u0941\u091f\u093f\u092f\u093e\u0901):<\/b> \u0915\u094b\u0923\u0940\u092f \u0924\u094d\u0930\u0941\u091f\u093f\u092f\u094b\u0902 \u0915\u0947 \u0935\u093f\u092a\u0930\u0940\u0924, <b data-path-to-node=\"8,3,0\" data-index-in-node=\"55\">\u0935\u0943\u0926\u094d\u0927\u093f \u0938\u0947 \u0939\u0921\u094d\u0921\u0940 \u0915\u093e \u0918\u0941\u092e\u093e\u0935 \u0920\u0940\u0915 \u0928\u0939\u0940\u0902 \u0939\u094b\u0924\u093e\u0964<\/b>. \u0907\u0938\u0932\u093f\u090f, \u092f\u0939 \u091c\u093e\u0902\u091a\u0928\u093e \u092e\u0939\u0924\u094d\u0935\u092a\u0942\u0930\u094d\u0923 \u0939\u0948 \u0915\u093f \u0909\u0902\u0917\u0932\u093f\u092f\u093e\u0902 \u092e\u094b\u0921\u093c\u0928\u0947 \u092a\u0930 \u0938\u0939\u0940 \u0926\u093f\u0936\u093e \u092e\u0947\u0902 \u092e\u0941\u0921\u093c\u0924\u0940 \u0939\u0948\u0902 (\u0928\u093e\u0916\u0942\u0928 \u090f\u0915 \u0939\u0940 \u0926\u093f\u0936\u093e \u092e\u0947\u0902 \u0907\u0902\u0917\u093f\u0924 \u0915\u0930\u0924\u0947 \u0939\u0948\u0902)\u0964.<\/p><\/li><\/ol><hr data-path-to-node=\"9\" \/><h3 data-path-to-node=\"10\">\u0915\u0932\u093e\u0908 \u0915\u0940 \u0939\u0921\u094d\u0921\u093f\u092f\u094b\u0902 \u0915\u0947 \u092b\u094d\u0930\u0948\u0915\u094d\u091a\u0930 \u0915\u0947 \u092a\u094d\u0930\u0915\u093e\u0930 \u0914\u0930 \u0909\u0928\u0915\u093e \u0909\u092a\u091a\u093e\u0930<\/h3><p data-path-to-node=\"11\">\u0921\u0949\u0915\u094d\u091f\u0930 \u090f\u0915\u094d\u0938-\u0930\u0947 \u0915\u0947 \u0906\u0927\u093e\u0930 \u092a\u0930 \u092b\u094d\u0930\u0948\u0915\u094d\u091a\u0930 \u0915\u0947 \u092a\u094d\u0930\u0915\u093e\u0930 \u0915\u093e \u0928\u093f\u0930\u094d\u0927\u093e\u0930\u0923 \u0915\u0930\u0947\u0902\u0917\u0947\u0964 \u0909\u092a\u091a\u093e\u0930 \u092b\u094d\u0930\u0948\u0915\u094d\u091a\u0930 \u0915\u0947 \u092a\u094d\u0930\u0915\u093e\u0930 \u092a\u0930 \u0928\u093f\u0930\u094d\u092d\u0930 \u0915\u0930\u0924\u093e \u0939\u0948\u0964<\/p><table data-path-to-node=\"12\"><thead><tr><td><strong>\u092b\u094d\u0930\u0948\u0915\u094d\u091a\u0930 \u0915\u093e \u092a\u094d\u0930\u0915\u093e\u0930<\/strong><\/td><td><strong>\u0935\u093f\u0935\u0930\u0923<\/strong><\/td><td><strong>\u0938\u093e\u092e\u093e\u0928\u094d\u092f \u0909\u092a\u091a\u093e\u0930<\/strong><\/td><\/tr><\/thead><tbody><tr><td><span data-path-to-node=\"12,1,0,0\"><b data-path-to-node=\"12,1,0,0\" data-index-in-node=\"0\">\u091f\u094b\u0930\u0938 \u092b\u094d\u0930\u0948\u0915\u094d\u091a\u0930<\/b><\/span><\/td><td><span data-path-to-node=\"12,1,1,0\">\u0939\u0921\u094d\u0921\u0940 \u0915\u0947 \u0916\u094b\u0932 \u092e\u0947\u0902 \u091d\u0941\u0930\u094d\u0930\u093f\u092f\u093e\u0901 \u092a\u0921\u093c\u0928\u093e, \u090f\u0915 \u0938\u094d\u0925\u093f\u0930 \u091a\u094b\u091f \u0939\u0948\u0964.<\/span><\/td><td><span data-path-to-node=\"12,1,2,0\">\u0926\u0930\u094d\u0926 \u0928\u093f\u0935\u093e\u0930\u0923 \u0915\u0947 \u0932\u093f\u090f \u0932\u0917\u093e\u0908 \u091c\u093e\u0928\u0947 \u0935\u093e\u0932\u0940 \u092a\u091f\u094d\u091f\u0940, \u0938\u094d\u092a\u094d\u0932\u093f\u0902\u091f \u092f\u093e \u092a\u094d\u0932\u093e\u0938\u094d\u091f\u0930\u0964.<\/span><\/td><\/tr><tr><td><span data-path-to-node=\"12,2,0,0\"><b data-path-to-node=\"12,2,0,0\" data-index-in-node=\"0\">\u0917\u094d\u0930\u0940\u0928\u0938\u094d\u091f\u093f\u0915 (\u0935\u093f\u0932\u094d\u0932\u094b \u0938\u094d\u091f\u093f\u0915)<\/b><\/span><\/td><td><span data-path-to-node=\"12,2,1,0\">\u0939\u0921\u094d\u0921\u0940 \u0915\u0947\u0935\u0932 \u090f\u0915 \u0924\u0930\u092b \u0938\u0947 \u091f\u0942\u091f\u0924\u0940 \u0939\u0948 \u0914\u0930 \u092e\u0941\u0921\u093c \u091c\u093e\u0924\u0940 \u0939\u0948\u0964.<\/span><\/td><td><span data-path-to-node=\"12,2,2,0\">\u092a\u0941\u0928\u0930\u094d\u0938\u094d\u0925\u093e\u092a\u0928 (\u0930\u0940\u092a\u094b\u091c\u093f\u0936\u0928) \u0914\u0930 \u092a\u094d\u0932\u093e\u0938\u094d\u091f\u0930\u093f\u0902\u0917\u0964.<\/span><\/td><\/tr><tr><td><span data-path-to-node=\"12,3,0,0\"><b data-path-to-node=\"12,3,0,0\" data-index-in-node=\"0\">\u0915\u094d\u0930\u0949\u0938 \u092b\u094d\u0930\u0948\u0915\u094d\u091a\u0930<\/b><\/span><\/td><td><span data-path-to-node=\"12,3,1,0\">\u0939\u0921\u094d\u0921\u0940 \u092a\u0942\u0930\u0940 \u0924\u0930\u0939 \u0938\u0947 \u091f\u0942\u091f \u091c\u093e\u0924\u0940 \u0939\u0948, \u0905\u0915\u094d\u0938\u0930 \u0932\u0902\u092c\u093e\u0908 \u092e\u0947\u0902 \u092d\u0940 \u0915\u092e\u0940 \u0906 \u091c\u093e\u0924\u0940 \u0939\u0948\u0964.<\/span><\/td><td><span data-path-to-node=\"12,3,2,0\">\u0938\u092e\u0924\u0932\u0940\u0915\u0930\u0923 \u0914\u0930 \u092a\u094d\u0932\u093e\u0938\u094d\u091f\u0930\u093f\u0902\u0917\u0964.<\/span><\/td><\/tr><tr><td><span data-path-to-node=\"12,4,0,0\"><b data-path-to-node=\"12,4,0,0\" data-index-in-node=\"0\">\u0935\u093f\u0915\u093e\u0938 \u0930\u0947\u0916\u093e \u092b\u094d\u0930\u0948\u0915\u094d\u091a\u0930<\/b><\/span><\/td><td><span data-path-to-node=\"12,4,1,0\">\u092f\u0939 \u092b\u094d\u0930\u0948\u0915\u094d\u091a\u0930 \u0930\u0940\u0922\u093c \u0915\u0940 \u0939\u0921\u094d\u0921\u0940 \u0915\u0947 \u0935\u093f\u0915\u093e\u0938 \u0915\u0940 \u0926\u093f\u0936\u093e \u0915\u0947 \u0905\u0928\u0941\u0930\u0942\u092a \u0930\u0947\u0916\u093e \u0924\u0915 \u092b\u0948\u0932\u093e \u0939\u0941\u0906 \u0939\u0948\u0964.<\/span><\/td><td><span data-path-to-node=\"12,4,2,0\">\u0938\u093e\u0935\u0927\u093e\u0928\u0940\u092a\u0942\u0930\u094d\u0935\u0915 \u0938\u094d\u0925\u093f\u0924\u093f \u0928\u093f\u0930\u094d\u0927\u093e\u0930\u0923; \u0935\u093f\u0915\u093e\u0938 \u0938\u0941\u0928\u093f\u0936\u094d\u091a\u093f\u0924 \u0915\u0930\u0928\u0947 \u0915\u0947 \u0905\u0928\u093e\u0935\u0936\u094d\u092f\u0915 \u092a\u094d\u0930\u092f\u093e\u0938\u094b\u0902 \u0938\u0947 \u092c\u091a\u0928\u093e\u0964.<\/span><\/td><\/tr><\/tbody><\/table><hr data-path-to-node=\"13\" \/><h3 data-path-to-node=\"14\">\u0906\u0930\u094d\u0925\u093f\u0915 \u0938\u0941\u0927\u093e\u0930 \u092e\u0947\u0902 \u0935\u093f\u0915\u093e\u0938 \u0915\u093e \u092e\u0939\u0924\u094d\u0935<\/h3><p data-path-to-node=\"15\">\u092c\u091a\u094d\u091a\u0947 \u0915\u0940 \u0909\u092e\u094d\u0930 \u0909\u092a\u091a\u093e\u0930 \u092e\u0947\u0902 \u090f\u0915 \u0928\u093f\u0930\u094d\u0923\u093e\u092f\u0915 \u0915\u093e\u0930\u0915 \u0939\u0948:<\/p><ul data-path-to-node=\"16\"><li><p data-path-to-node=\"16,0,0\"><b data-path-to-node=\"16,0,0\" data-index-in-node=\"0\">10 \u0935\u0930\u094d\u0937 \u0938\u0947 \u0915\u092e \u0906\u092f\u0941 \u0915\u0947 \u092c\u091a\u094d\u091a\u0947:<\/b> \u0915\u0902\u0915\u093e\u0932 \u0915\u0940 \u092e\u0930\u092e\u094d\u092e\u0924 (\u092a\u0941\u0928\u0930\u094d\u0928\u093f\u0930\u094d\u092e\u093e\u0923) \u0915\u0940 \u0915\u094d\u0937\u092e\u0924\u093e \u0909\u0924\u094d\u0915\u0943\u0937\u094d\u091f \u0939\u0948\u0964 \u0909\u0926\u093e\u0939\u0930\u0923 \u0915\u0947 \u0932\u093f\u090f, \u0915\u0932\u093e\u0908 \u092e\u0947\u0902, \u092e\u0939\u0924\u094d\u0935\u092a\u0942\u0930\u094d\u0923 \u0915\u094b\u0923\u0940\u092f \u0924\u094d\u0930\u0941\u091f\u093f (30-35 \u0921\u093f\u0917\u094d\u0930\u0940 \u0924\u0915) \u0938\u0939\u0928 \u0915\u0940 \u091c\u093e \u0938\u0915\u0924\u0940 \u0939\u0948 \u0915\u094d\u092f\u094b\u0902\u0915\u093f \u0938\u092e\u092f \u0915\u0947 \u0938\u093e\u0925 \u0935\u0943\u0926\u094d\u0927\u093f \u0938\u0947 \u0939\u0921\u094d\u0921\u0940 \u0938\u0940\u0927\u0940 \u0939\u094b \u091c\u093e\u0924\u0940 \u0939\u0948\u0964.<\/p><\/li><li><p data-path-to-node=\"16,1,0\"><b data-path-to-node=\"16,1,0\" data-index-in-node=\"0\">10 \u0935\u0930\u094d\u0937 \u0938\u0947 \u0905\u0927\u093f\u0915 \u0906\u092f\u0941 \u0915\u0947 \u0914\u0930 \u0915\u093f\u0936\u094b\u0930:<\/b> \u0939\u0921\u094d\u0921\u0940 \u0915\u093e \u0935\u093f\u0915\u093e\u0938 \u0915\u092e \u0939\u0941\u0906 \u0939\u0948, \u0907\u0938\u0932\u093f\u090f \u092b\u094d\u0930\u0948\u0915\u094d\u091a\u0930 \u0915\u0940 \u0938\u094d\u0925\u093f\u0924\u093f \u0905\u0927\u093f\u0915 \u0938\u091f\u0940\u0915 \u0939\u0948\u0964 \u0909\u092a\u091a\u093e\u0930 \u0935\u092f\u0938\u094d\u0915\u094b\u0902 \u0915\u0947 \u0909\u092a\u091a\u093e\u0930 \u0915\u0947 \u0938\u093f\u0926\u094d\u0927\u093e\u0902\u0924\u094b\u0902 \u0915\u0947 \u0905\u0928\u0941\u0938\u093e\u0930 \u0915\u093f\u092f\u093e \u091c\u093e\u0924\u093e \u0939\u0948\u0964.<\/p><\/li><\/ul><h3 data-path-to-node=\"17\">\u0938\u0930\u094d\u091c\u0930\u0940 \u0915\u0940 \u0906\u0935\u0936\u094d\u092f\u0915\u0924\u093e \u0915\u092c \u092a\u0921\u093c\u0924\u0940 \u0939\u0948?<\/h3><p data-path-to-node=\"18\">\u0939\u093e\u0932\u093e\u0902\u0915\u093f \u0905\u0927\u093f\u0915\u093e\u0902\u0936 \u091a\u094b\u091f\u0947\u0902 \u092a\u094d\u0932\u093e\u0938\u094d\u091f\u0930 \u0938\u0947 \u0920\u0940\u0915 \u0939\u094b \u091c\u093e\u0924\u0940 \u0939\u0948\u0902, \u0932\u0947\u0915\u093f\u0928 \u0938\u0930\u094d\u091c\u0930\u0940 (\u091c\u0948\u0938\u0947 \u091b\u094b\u091f\u0947 \u091f\u093e\u0902\u0915\u0947 \u0932\u0917\u093e\u0928\u093e \u092f\u093e \u091a\u0940\u0930\u093e \u0932\u0917\u093e\u0928\u093e) \u0915\u0940 \u0906\u0935\u0936\u094d\u092f\u0915\u0924\u093e \u0924\u092c \u092a\u0921\u093c\u0924\u0940 \u0939\u0948 \u091c\u092c:<\/p><ul data-path-to-node=\"19\"><li><p data-path-to-node=\"19,0,0\">\u091c\u094b\u0921\u093c \u0915\u0940 \u0938\u0924\u0939 \u092a\u0930 \u090f\u0915 \u0916\u093e\u0902\u091a\u093e \u0939\u094b\u0924\u093e \u0939\u0948\u0964.<\/p><\/li><li><p data-path-to-node=\"19,1,0\">\u0907\u0938 \u092b\u094d\u0930\u0948\u0915\u094d\u091a\u0930 \u092e\u0947\u0902 \u090f\u0915 \u092e\u0939\u0924\u094d\u0935\u092a\u0942\u0930\u094d\u0923 \u092e\u0930\u094b\u0921\u093c \u0938\u0902\u092c\u0902\u0927\u0940 \u0924\u094d\u0930\u0941\u091f\u093f \u0939\u0948\u0964.<\/p><\/li><li><p data-path-to-node=\"19,2,0\">\u0939\u0921\u094d\u0921\u0940 \u0915\u093e \u092b\u094d\u0930\u0948\u0915\u094d\u091a\u0930 \u0907\u0924\u0928\u0940 \u0905\u0938\u094d\u0925\u093f\u0930 \u0938\u094d\u0925\u093f\u0924\u093f \u092e\u0947\u0902 \u0939\u0948 \u0915\u093f \u0907\u0938\u0947 \u0915\u0947\u0935\u0932 \u092a\u094d\u0932\u093e\u0938\u094d\u091f\u0930 \u0938\u0947 \u0938\u094d\u0925\u093f\u0930 \u0928\u0939\u0940\u0902 \u0930\u0916\u093e \u091c\u093e \u0938\u0915\u0924\u093e\u0964.<\/p><\/li><li><p data-path-to-node=\"19,3,0\">\u092f\u0939 \u090f\u0915 \u0910\u0938\u0940 \u0935\u0943\u0926\u094d\u0927\u093f \u0930\u0947\u0916\u093e \u0915\u0940 \u091a\u094b\u091f \u0939\u0948 \u091c\u094b \u092d\u0935\u093f\u0937\u094d\u092f \u092e\u0947\u0902 \u0939\u0921\u094d\u0921\u0940 \u0915\u0947 \u0938\u093e\u092e\u093e\u0928\u094d\u092f \u0935\u093f\u0915\u093e\u0938 \u0915\u094b \u0916\u0924\u0930\u0947 \u092e\u0947\u0902 \u0921\u093e\u0932\u0924\u0940 \u0939\u0948\u0964.<\/p><\/li><\/ul><p>\u00a0<\/p><p>\u092c\u093e\u0932 \u091a\u093f\u0915\u093f\u0924\u094d\u0938\u093e \u0939\u0938\u094d\u0924 \u0936\u0932\u094d\u092f \u091a\u093f\u0915\u093f\u0924\u094d\u0938\u093e - \u0939\u0938\u094d\u0924 \u091a\u094b\u091f\u094b\u0902 \u0915\u0940 \u0938\u092e\u0940\u0915\u094d\u0937\u093e (2014 \u0938\u0902\u0938\u094d\u0915\u0930\u0923)<\/p><p><a href=\"https:\/\/bin.yhdistysavain.fi\/1607320\/KmxJWwsTh84H17vAox0p0Y0pGK\/sot1-14_lasten_kaden_ja_ranteen.pdf\" target=\"_blank\" rel=\"noopener\">https:\/\/bin.yhdistysavain.fi\/1607320\/KmxJWwsTh84H17vAox0p0Y0pGK\/sot1-14_lasten_kaden_ja_ranteen.pdf<\/a><\/p><p>\u00a0<\/p>\t\t\t\t\t\t\t\t<\/div>\n\t\t\t\t<\/div>\n\t\t\t\t\t<\/div>\n\t\t\t\t<\/div>\n\t\t\t\t<\/div>","protected":false},"excerpt":{"rendered":"<p>Lapsen k\u00e4den ja ranteen vammat: Opas vanhemmille K\u00e4si on lapsen yleisimmin vammautuva kehonosa. Lasten murtumien hoito eroaa aikuisten hoidosta, koska lapsen luusto kasvaa jatkuvasti. T\u00e4m\u00e4 kasvu on suuri etu, sill\u00e4 se pystyy korjaamaan monia murtuman j\u00e4lkeisi\u00e4 virheasentoja itsest\u00e4\u00e4n. Tavallisimmat vammatyypit Sormenp\u00e4iden vammat: Pienill\u00e4 lapsilla sormen j\u00e4\u00e4minen oven v\u00e4liin on tyypillinen tapaturma. Vaikka luussa olisi murtuma, [&hellip;]<\/p>\n","protected":false},"author":1,"featured_media":0,"parent":0,"menu_order":0,"comment_status":"closed","ping_status":"closed","template":"","meta":{"_angie_page":false,"site-sidebar-layout":"no-sidebar","site-content-layout":"page-builder","ast-site-content-layout":"full-width-container","site-content-style":"default","site-sidebar-style":"default","ast-global-header-display":"","ast-banner-title-visibility":"","ast-main-header-display":"","ast-hfb-above-header-display":"","ast-hfb-below-header-display":"","ast-hfb-mobile-header-display":"","site-post-title":"","ast-breadcrumbs-content":"","ast-featured-img":"disabled","footer-sml-layout":"","ast-disable-related-posts":"","theme-transparent-header-meta":"","adv-header-id-meta":"","stick-header-meta":"","header-above-stick-meta":"","header-main-stick-meta":"","header-below-stick-meta":"","astra-migrate-meta-layouts":"set","ast-page-background-enabled":"default","ast-page-background-meta":{"desktop":{"background-color":"","background-image":"","background-repeat":"repeat","background-position":"center center","background-size":"auto","background-attachment":"scroll","background-type":"","background-media":"","overlay-type":"","overlay-color":"","overlay-opacity":"","overlay-gradient":""},"tablet":{"background-color":"","background-image":"","background-repeat":"repeat","background-position":"center center","background-size":"auto","background-attachment":"scroll","background-type":"","background-media":"","overlay-type":"","overlay-color":"","overlay-opacity":"","overlay-gradient":""},"mobile":{"background-color":"","background-image":"","background-repeat":"repeat","background-position":"center center","background-size":"auto","background-attachment":"scroll","background-type":"","background-media":"","overlay-type":"","overlay-color":"","overlay-opacity":"","overlay-gradient":""}},"ast-content-background-meta":{"desktop":{"background-color":"var(--ast-global-color-5)","background-image":"","background-repeat":"repeat","background-position":"center center","background-size":"auto","background-attachment":"scroll","background-type":"","background-media":"","overlay-type":"","overlay-color":"","overlay-opacity":"","overlay-gradient":""},"tablet":{"background-color":"var(--ast-global-color-5)","background-image":"","background-repeat":"repeat","background-position":"center center","background-size":"auto","background-attachment":"scroll","background-type":"","background-media":"","overlay-type":"","overlay-color":"","overlay-opacity":"","overlay-gradient":""},"mobile":{"background-color":"var(--ast-global-color-5)","background-image":"","background-repeat":"repeat","background-position":"center center","background-size":"auto","background-attachment":"scroll","background-type":"","background-media":"","overlay-type":"","overlay-color":"","overlay-opacity":"","overlay-gradient":""}},"footnotes":""},"class_list":["post-1390","page","type-page","status-publish","hentry"],"_links":{"self":[{"href":"https:\/\/lastenkirurgia.fi\/hi\/wp-json\/wp\/v2\/pages\/1390","targetHints":{"allow":["GET"]}}],"collection":[{"href":"https:\/\/lastenkirurgia.fi\/hi\/wp-json\/wp\/v2\/pages"}],"about":[{"href":"https:\/\/lastenkirurgia.fi\/hi\/wp-json\/wp\/v2\/types\/page"}],"author":[{"embeddable":true,"href":"https:\/\/lastenkirurgia.fi\/hi\/wp-json\/wp\/v2\/users\/1"}],"replies":[{"embeddable":true,"href":"https:\/\/lastenkirurgia.fi\/hi\/wp-json\/wp\/v2\/comments?post=1390"}],"version-history":[{"count":4,"href":"https:\/\/lastenkirurgia.fi\/hi\/wp-json\/wp\/v2\/pages\/1390\/revisions"}],"predecessor-version":[{"id":1649,"href":"https:\/\/lastenkirurgia.fi\/hi\/wp-json\/wp\/v2\/pages\/1390\/revisions\/1649"}],"wp:attachment":[{"href":"https:\/\/lastenkirurgia.fi\/hi\/wp-json\/wp\/v2\/media?parent=1390"}],"curies":[{"name":"wp","href":"https:\/\/api.w.org\/{rel}","templated":true}]}}