{"id":1392,"date":"2026-04-09T13:54:35","date_gmt":"2026-04-09T13:54:35","guid":{"rendered":"https:\/\/darkcyan-pheasant-754087.hostingersite.com\/?page_id=1392"},"modified":"2026-04-09T15:35:11","modified_gmt":"2026-04-09T15:35:11","slug":"lapsen-haavan-hoito-2","status":"publish","type":"page","link":"https:\/\/lastenkirurgia.fi\/hi\/lapsen-haavan-hoito-2\/","title":{"rendered":"\u092c\u091a\u094d\u091a\u094b\u0902 \u0915\u0947 \u0918\u093e\u0935\u094b\u0902 \u0915\u0940 \u0926\u0947\u0916\u092d\u093e\u0932"},"content":{"rendered":"<div data-elementor-type=\"wp-page\" data-elementor-id=\"1392\" class=\"elementor elementor-1392\" data-elementor-post-type=\"page\">\n\t\t\t\t<div class=\"elementor-element elementor-element-b72a837 e-flex e-con-boxed e-con e-parent\" data-id=\"b72a837\" data-element_type=\"container\" data-e-type=\"container\">\n\t\t\t\t\t<div class=\"e-con-inner\">\n\t\t\t\t<div class=\"elementor-element elementor-element-5a23ec3 elementor-widget elementor-widget-heading\" data-id=\"5a23ec3\" data-element_type=\"widget\" data-e-type=\"widget\" data-widget_type=\"heading.default\">\n\t\t\t\t<div class=\"elementor-widget-container\">\n\t\t\t\t\t<h1 class=\"elementor-heading-title elementor-size-default\">\u092c\u091a\u094d\u091a\u094b\u0902 \u0915\u0947 \u0918\u093e\u0935\u094b\u0902 \u0915\u0940 \u0926\u0947\u0916\u092d\u093e\u0932<\/h1>\t\t\t\t<\/div>\n\t\t\t\t<\/div>\n\t\t\t\t<div class=\"elementor-element elementor-element-f0f85a6 elementor-widget elementor-widget-text-editor\" data-id=\"f0f85a6\" data-element_type=\"widget\" data-e-type=\"widget\" data-widget_type=\"text-editor.default\">\n\t\t\t\t<div class=\"elementor-widget-container\">\n\t\t\t\t\t\t\t\t\t<h2 data-path-to-node=\"2\">\u092c\u091a\u094d\u091a\u094b\u0902 \u0915\u0947 \u0918\u093e\u0935\u094b\u0902 \u0915\u0940 \u0926\u0947\u0916\u092d\u093e\u0932 \u2013 \u0918\u0930 \u092a\u0930 \u0926\u0947\u0916\u092d\u093e\u0932 \u0915\u092c \u092a\u0930\u094d\u092f\u093e\u092a\u094d\u0924 \u0939\u094b\u0924\u0940 \u0939\u0948 \u0914\u0930 \u0915\u092c \u0921\u0949\u0915\u094d\u091f\u0930 \u0938\u0947 \u092a\u0930\u093e\u092e\u0930\u094d\u0936 \u0932\u0947\u0928\u093e \u091a\u093e\u0939\u093f\u090f?<\/h2><p data-path-to-node=\"3\">\u092c\u091a\u094d\u091a\u094b\u0902 \u0915\u094b \u091a\u094b\u091f \u0932\u0917 \u091c\u093e\u0924\u0940 \u0939\u0948 \u0914\u0930 \u091b\u094b\u091f\u0940-\u092e\u094b\u091f\u0940 \u0916\u0930\u094b\u0902\u091a\u0947\u0902 \u0914\u0930 \u0918\u093e\u0935 \u0939\u094b\u0928\u093e \u092c\u0921\u093c\u0947 \u0939\u094b\u0928\u0947 \u0915\u0940 \u092a\u094d\u0930\u0915\u094d\u0930\u093f\u092f\u093e \u0915\u093e \u0939\u093f\u0938\u094d\u0938\u093e \u0939\u0948\u0964 \u091c\u094d\u092f\u093e\u0926\u093e\u0924\u0930 \u092e\u093e\u092e\u0942\u0932\u0940 \u0916\u0930\u094b\u0902\u091a\u094b\u0902 \u0915\u093e \u0907\u0932\u093e\u091c \u0918\u0930\u0947\u0932\u0942 \u0928\u0941\u0938\u094d\u0916\u094b\u0902 \u0938\u0947 \u0915\u093f\u092f\u093e \u091c\u093e \u0938\u0915\u0924\u093e \u0939\u0948, \u0932\u0947\u0915\u093f\u0928 \u0915\u092d\u0940-\u0915\u092d\u0940 \u0918\u093e\u0935 \u0915\u0947 \u0932\u093f\u090f \u0935\u093f\u0936\u0947\u0937\u091c\u094d\u091e \u0915\u0940 \u091c\u093e\u0902\u091a \u0914\u0930 \u092a\u0947\u0936\u0947\u0935\u0930 \u0938\u092b\u093e\u0908 \u092f\u093e \u091f\u093e\u0902\u0915\u0947 \u0932\u0917\u0935\u093e\u0928\u0947 \u0915\u0940 \u091c\u0930\u0942\u0930\u0924 \u0939\u094b\u0924\u0940 \u0939\u0948\u0964.<\/p><h3 data-path-to-node=\"4\">\u0918\u0930 \u092a\u0930 \u092a\u094d\u0930\u093e\u0925\u092e\u093f\u0915 \u0909\u092a\u091a\u093e\u0930 \u0915\u0947 \u0928\u093f\u0930\u094d\u0926\u0947\u0936:<\/h3><ol start=\"1\" data-path-to-node=\"5\"><li><p data-path-to-node=\"5,0,0\"><b data-path-to-node=\"5,0,0\" data-index-in-node=\"0\">\u0918\u093e\u0935 \u0915\u094b \u0938\u093e\u092b \u0915\u0930\u0947\u0902:<\/b> \u0918\u093e\u0935 \u0915\u094b \u0917\u0941\u0928\u0917\u0941\u0928\u0947 \u092c\u0939\u0924\u0947 \u092a\u093e\u0928\u0940 \u0938\u0947 \u0905\u091a\u094d\u091b\u0940 \u0924\u0930\u0939 \u0927\u094b \u0932\u0947\u0902\u0964 \u0926\u093f\u0916\u093e\u0908 \u0926\u0947\u0928\u0947 \u0935\u093e\u0932\u0940 \u0917\u0902\u0926\u0917\u0940 \u0914\u0930 \u0930\u0947\u0924 \u0915\u094b \u0938\u093e\u0935\u0927\u093e\u0928\u0940\u092a\u0942\u0930\u094d\u0935\u0915 \u0939\u091f\u093e \u0926\u0947\u0902\u0964.<\/p><\/li><li><p data-path-to-node=\"5,1,0\"><b data-path-to-node=\"5,1,0\" data-index-in-node=\"0\">\u0930\u0915\u094d\u0924\u0938\u094d\u0930\u093e\u0935 \u0930\u094b\u0915\u0947\u0902:<\/b> \u0918\u093e\u0935 \u092a\u0930 \u0938\u093e\u092b \u092a\u091f\u094d\u091f\u0940 \u092f\u093e \u0915\u092a\u0921\u093c\u0947 \u0938\u0947 \u0915\u0941\u091b \u092e\u093f\u0928\u091f\u094b\u0902 \u0924\u0915 \u0926\u092c\u093e\u0935 \u0921\u093e\u0932\u0947\u0902\u0964.<\/p><\/li><li><p data-path-to-node=\"5,2,0\"><b data-path-to-node=\"5,2,0\" data-index-in-node=\"0\">\u0938\u0941\u0930\u0915\u094d\u0937\u093e \u092a\u094d\u0930\u0926\u093e\u0928 \u0915\u0930\u0924\u093e \u0939\u0948:<\/b> \u0916\u0942\u0928 \u092c\u0939\u0928\u093e \u092c\u0902\u0926 \u0939\u094b \u091c\u093e\u0928\u0947 \u0915\u0947 \u092c\u093e\u0926, \u0918\u093e\u0935 \u0915\u094b \u0938\u093e\u092b \u092a\u094d\u0932\u093e\u0938\u094d\u091f\u0930 \u092f\u093e \u092a\u091f\u094d\u091f\u0940 \u0938\u0947 \u0922\u0915 \u0926\u0947\u0902\u0964.<\/p><\/li><li><p data-path-to-node=\"5,3,0\"><b data-path-to-node=\"5,3,0\" data-index-in-node=\"0\">\u0938\u094d\u0925\u093f\u0924\u093f \u092a\u0930 \u0928\u091c\u0930 \u0930\u0916\u0947\u0902:<\/b> \u092f\u0926\u093f \u0918\u093e\u0935 \u091b\u094b\u091f\u093e \u0939\u0948, \u0924\u094b \u0906\u092a \u0918\u0930 \u092a\u0930 \u0939\u0940 \u0909\u0938\u0915\u0940 \u0928\u093f\u0917\u0930\u093e\u0928\u0940 \u0915\u0930 \u0938\u0915\u0924\u0947 \u0939\u0948\u0902\u0964 \u092f\u0926\u093f \u0906\u092a\u0915\u094b \u0938\u094d\u0925\u093f\u0924\u093f \u0915\u0947 \u092c\u093e\u0930\u0947 \u092e\u0947\u0902 \u0915\u094b\u0908 \u0938\u0902\u0926\u0947\u0939 \u0939\u0948, \u0924\u094b \u0921\u0949\u0915\u094d\u091f\u0930 \u0938\u0947 \u092a\u0930\u093e\u092e\u0930\u094d\u0936 \u0932\u0947\u0902\u0964<\/p><\/li><\/ol><hr data-path-to-node=\"6\" \/><h3 data-path-to-node=\"7\">\u092c\u091a\u094d\u091a\u0947 \u0915\u0947 \u0918\u093e\u0935 \u0915\u094b \u091a\u093f\u0915\u093f\u0924\u094d\u0938\u0915\u0940\u092f \u0938\u0939\u093e\u092f\u0924\u093e \u0915\u0940 \u0906\u0935\u0936\u094d\u092f\u0915\u0924\u093e \u0915\u092c \u0939\u094b\u0924\u0940 \u0939\u0948?<\/h3><p data-path-to-node=\"8\">\u092f\u0926\u093f \u0928\u093f\u092e\u094d\u0928\u0932\u093f\u0916\u093f\u0924 \u0938\u094d\u0925\u093f\u0924\u093f\u092f\u093e\u0902 \u0939\u094b\u0902 \u0924\u094b \u0905\u092a\u0928\u0947 \u092c\u091a\u094d\u091a\u0947 \u0915\u094b \u092a\u0930\u0940\u0915\u094d\u0937\u0923 \u0915\u0947 \u0932\u093f\u090f \u0932\u093e\u090f\u0901:<\/p><ul data-path-to-node=\"9\"><li><p data-path-to-node=\"9,0,0\"><b data-path-to-node=\"9,0,0\" data-index-in-node=\"0\">\u0918\u093e\u0935 \u0917\u0939\u0930\u093e, \u0932\u0902\u092c\u093e \u092f\u093e \u091a\u094c\u0921\u093c\u093e \u0939\u0948:<\/b> \u0918\u093e\u0935 \u0915\u094b \u0920\u0940\u0915 \u0938\u0947 \u092d\u0930\u0928\u0947 \u0915\u0947 \u0932\u093f\u090f \u091f\u093e\u0902\u0915\u0947 \u092f\u093e \u091a\u093f\u092a\u0915\u0928\u0947 \u0935\u093e\u0932\u0947 \u092a\u0926\u093e\u0930\u094d\u0925 \u0915\u0940 \u0906\u0935\u0936\u094d\u092f\u0915\u0924\u093e \u0939\u094b \u0938\u0915\u0924\u0940 \u0939\u0948\u0964.<\/p><\/li><li><p data-path-to-node=\"9,1,0\"><b data-path-to-node=\"9,1,0\" data-index-in-node=\"0\">\u0930\u0915\u094d\u0924\u0938\u094d\u0930\u093e\u0935 \u0928\u0939\u0940\u0902 \u0930\u0941\u0915\u0924\u093e:<\/b> \u092f\u0926\u093f 10-15 \u092e\u093f\u0928\u091f \u0938\u0947 \u0905\u0927\u093f\u0915 \u0938\u092e\u092f \u0924\u0915 \u0926\u092c\u093e\u0935 \u0921\u093e\u0932\u0928\u0947 \u0915\u0947 \u092c\u093e\u0935\u091c\u0942\u0926 \u0918\u093e\u0935 \u0938\u0947 \u0905\u0924\u094d\u092f\u0927\u093f\u0915 \u0930\u0915\u094d\u0924\u0938\u094d\u0930\u093e\u0935 \u0939\u094b\u0924\u093e \u0939\u0948\u0964.<\/p><\/li><li><p data-path-to-node=\"9,2,0\"><b data-path-to-node=\"9,2,0\" data-index-in-node=\"0\">\u0917\u0902\u0926\u0917\u0940 \u0915\u094b \u0939\u091f\u093e\u092f\u093e \u0928\u0939\u0940\u0902 \u091c\u093e \u0938\u0915\u0924\u093e:<\/b> \u092f\u0926\u093f \u0918\u093e\u0935 \u092e\u0947\u0902 \u0930\u0947\u0924, \u091f\u0942\u091f\u0947 \u0939\u0941\u090f \u0915\u093e\u0902\u091a \u0915\u0947 \u091f\u0941\u0915\u0921\u093c\u0947 \u092f\u093e \u0905\u0928\u094d\u092f \u0917\u0902\u0926\u0917\u0940 \u0939\u0948 \u091c\u093f\u0938\u0947 \u0918\u0930 \u092a\u0930 \u0927\u094b\u0915\u0930 \u0938\u093e\u092b \u0928\u0939\u0940\u0902 \u0915\u093f\u092f\u093e \u091c\u093e \u0938\u0915\u0924\u093e \u0939\u0948\u0964.<\/p><\/li><li><p data-path-to-node=\"9,3,0\"><b data-path-to-node=\"9,3,0\" data-index-in-node=\"0\">\u092f\u0939 \u0915\u093e\u091f\u0928\u0947 \u0915\u093e \u0918\u093e\u0935 \u0939\u0948:<\/b> \u092a\u0936\u0941\u0913\u0902 \u092f\u093e \u092e\u0928\u0941\u0937\u094d\u092f\u094b\u0902 \u0915\u0947 \u0915\u093e\u091f\u0928\u0947 \u092a\u0930 \u0932\u0917\u092d\u0917 \u0939\u092e\u0947\u0936\u093e \u0939\u0940 \u091a\u093f\u0915\u093f\u0924\u094d\u0938\u0915\u0940\u092f \u091c\u093e\u0902\u091a \u0914\u0930 \u0938\u0902\u0915\u094d\u0930\u092e\u0923 \u0915\u0947 \u0916\u0924\u0930\u0947 \u0915\u0947 \u0915\u093e\u0930\u0923 \u0905\u0915\u094d\u0938\u0930 \u090f\u0902\u091f\u0940\u092c\u093e\u092f\u094b\u091f\u093f\u0915 \u0909\u092a\u091a\u093e\u0930 \u0915\u0940 \u0906\u0935\u0936\u094d\u092f\u0915\u0924\u093e \u0939\u094b\u0924\u0940 \u0939\u0948\u0964.<\/p><\/li><li><p data-path-to-node=\"9,4,0\"><b data-path-to-node=\"9,4,0\" data-index-in-node=\"0\">\u0918\u093e\u0935 \u091a\u0947\u0939\u0930\u0947 \u092a\u0930 \u092f\u093e \u091c\u094b\u0921\u093c\u094b\u0902 \u0915\u0947 \u090a\u092a\u0930 \u0939\u0948:<\/b> \u091a\u0947\u0939\u0930\u0947 \u092a\u0930 \u0932\u0917\u0947 \u0918\u093e\u0935\u094b\u0902 \u0915\u093e \u0907\u0932\u093e\u091c \u0915\u093f\u0938\u0940 \u0935\u093f\u0936\u0947\u0937\u091c\u094d\u091e \u0938\u0947 \u0915\u0930\u0935\u093e\u0928\u093e \u0935\u093f\u0936\u0947\u0937 \u0930\u0942\u092a \u0938\u0947 \u0938\u0932\u093e\u0939\u0928\u0940\u092f \u0939\u0948 \u0924\u093e\u0915\u093f \u0915\u092e \u0938\u0947 \u0915\u092e \u0928\u093f\u0936\u093e\u0928 \u0930\u0939 \u091c\u093e\u090f\u0964.<\/p><\/li><li><p data-path-to-node=\"9,5,0\"><b data-path-to-node=\"9,5,0\" data-index-in-node=\"0\">\u0938\u0942\u091c\u0928 \u0938\u0902\u092c\u0902\u0927\u0940 \u0932\u0915\u094d\u0937\u0923:<\/b> \u092f\u0926\u093f \u0918\u093e\u0935 \u092e\u0947\u0902 \u0926\u0930\u094d\u0926 \u0939\u094b\u0928\u0947 \u0932\u0917\u0947, \u0935\u0939 \u092c\u0939\u0941\u0924 \u0932\u093e\u0932 \u0939\u094b \u091c\u093e\u090f, \u092f\u093e \u092c\u091a\u094d\u091a\u0947 \u0915\u094b \u092c\u0941\u0916\u093e\u0930 \u0906 \u091c\u093e\u090f\u0964.<\/p><\/li><\/ul>\t\t\t\t\t\t\t\t<\/div>\n\t\t\t\t<\/div>\n\t\t\t\t\t<\/div>\n\t\t\t\t<\/div>\n\t\t\t\t<\/div>","protected":false},"excerpt":{"rendered":"<p>Lapsen haavan hoito Lapsen haavan hoito \u2013 Milloin kotihoito riitt\u00e4\u00e4 ja milloin l\u00e4\u00e4k\u00e4riin? Lapset sattuvat ja tapahtuvat, ja pienet naarmut sek\u00e4 haavat kuuluvat osaksi kasvua. Useimmat pintanaarmut hoituvat kotikonstein, mutta toisinaan haava vaatii asiantuntijan arviota ja ammattimaista puhdistusta tai sulkemista. Ensiapuohjeet kotona: Puhdista haava: Huuhtele haava huolellisesti haalealla juoksevalla vedell\u00e4. Poista n\u00e4kyv\u00e4 lika ja hiekka [&hellip;]<\/p>\n","protected":false},"author":1,"featured_media":0,"parent":0,"menu_order":0,"comment_status":"closed","ping_status":"closed","template":"","meta":{"_angie_page":false,"site-sidebar-layout":"no-sidebar","site-content-layout":"page-builder","ast-site-content-layout":"full-width-container","site-content-style":"default","site-sidebar-style":"default","ast-global-header-display":"","ast-banner-title-visibility":"","ast-main-header-display":"","ast-hfb-above-header-display":"","ast-hfb-below-header-display":"","ast-hfb-mobile-header-display":"","site-post-title":"","ast-breadcrumbs-content":"","ast-featured-img":"disabled","footer-sml-layout":"","ast-disable-related-posts":"","theme-transparent-header-meta":"","adv-header-id-meta":"","stick-header-meta":"","header-above-stick-meta":"","header-main-stick-meta":"","header-below-stick-meta":"","astra-migrate-meta-layouts":"set","ast-page-background-enabled":"default","ast-page-background-meta":{"desktop":{"background-color":"","background-image":"","background-repeat":"repeat","background-position":"center center","background-size":"auto","background-attachment":"scroll","background-type":"","background-media":"","overlay-type":"","overlay-color":"","overlay-opacity":"","overlay-gradient":""},"tablet":{"background-color":"","background-image":"","background-repeat":"repeat","background-position":"center center","background-size":"auto","background-attachment":"scroll","background-type":"","background-media":"","overlay-type":"","overlay-color":"","overlay-opacity":"","overlay-gradient":""},"mobile":{"background-color":"","background-image":"","background-repeat":"repeat","background-position":"center center","background-size":"auto","background-attachment":"scroll","background-type":"","background-media":"","overlay-type":"","overlay-color":"","overlay-opacity":"","overlay-gradient":""}},"ast-content-background-meta":{"desktop":{"background-color":"var(--ast-global-color-5)","background-image":"","background-repeat":"repeat","background-position":"center center","background-size":"auto","background-attachment":"scroll","background-type":"","background-media":"","overlay-type":"","overlay-color":"","overlay-opacity":"","overlay-gradient":""},"tablet":{"background-color":"var(--ast-global-color-5)","background-image":"","background-repeat":"repeat","background-position":"center center","background-size":"auto","background-attachment":"scroll","background-type":"","background-media":"","overlay-type":"","overlay-color":"","overlay-opacity":"","overlay-gradient":""},"mobile":{"background-color":"var(--ast-global-color-5)","background-image":"","background-repeat":"repeat","background-position":"center center","background-size":"auto","background-attachment":"scroll","background-type":"","background-media":"","overlay-type":"","overlay-color":"","overlay-opacity":"","overlay-gradient":""}},"footnotes":""},"class_list":["post-1392","page","type-page","status-publish","hentry"],"_links":{"self":[{"href":"https:\/\/lastenkirurgia.fi\/hi\/wp-json\/wp\/v2\/pages\/1392","targetHints":{"allow":["GET"]}}],"collection":[{"href":"https:\/\/lastenkirurgia.fi\/hi\/wp-json\/wp\/v2\/pages"}],"about":[{"href":"https:\/\/lastenkirurgia.fi\/hi\/wp-json\/wp\/v2\/types\/page"}],"author":[{"embeddable":true,"href":"https:\/\/lastenkirurgia.fi\/hi\/wp-json\/wp\/v2\/users\/1"}],"replies":[{"embeddable":true,"href":"https:\/\/lastenkirurgia.fi\/hi\/wp-json\/wp\/v2\/comments?post=1392"}],"version-history":[{"count":4,"href":"https:\/\/lastenkirurgia.fi\/hi\/wp-json\/wp\/v2\/pages\/1392\/revisions"}],"predecessor-version":[{"id":1440,"href":"https:\/\/lastenkirurgia.fi\/hi\/wp-json\/wp\/v2\/pages\/1392\/revisions\/1440"}],"wp:attachment":[{"href":"https:\/\/lastenkirurgia.fi\/hi\/wp-json\/wp\/v2\/media?parent=1392"}],"curies":[{"name":"wp","href":"https:\/\/api.w.org\/{rel}","templated":true}]}}