{"id":1400,"date":"2026-04-09T13:56:22","date_gmt":"2026-04-09T13:56:22","guid":{"rendered":"https:\/\/darkcyan-pheasant-754087.hostingersite.com\/?page_id=1400"},"modified":"2026-04-12T15:24:20","modified_gmt":"2026-04-12T15:24:20","slug":"lapsen-skolioosi","status":"publish","type":"page","link":"https:\/\/lastenkirurgia.fi\/hi\/lapsen-skolioosi\/","title":{"rendered":"\u092c\u091a\u094d\u091a\u094b\u0902 \u092e\u0947\u0902 \u0938\u094d\u0915\u094b\u0932\u093f\u092f\u094b\u0938\u093f\u0938"},"content":{"rendered":"<div data-elementor-type=\"wp-page\" data-elementor-id=\"1400\" class=\"elementor elementor-1400\" data-elementor-post-type=\"page\">\n\t\t\t\t<div class=\"elementor-element elementor-element-967fa70 e-flex e-con-boxed e-con e-parent\" data-id=\"967fa70\" data-element_type=\"container\" data-e-type=\"container\">\n\t\t\t\t\t<div class=\"e-con-inner\">\n\t\t\t\t<div class=\"elementor-element elementor-element-7b94265 elementor-widget elementor-widget-text-editor\" data-id=\"7b94265\" data-element_type=\"widget\" data-e-type=\"widget\" data-widget_type=\"text-editor.default\">\n\t\t\t\t<div class=\"elementor-widget-container\">\n\t\t\t\t\t\t\t\t\t<h2 data-path-to-node=\"2\">\u092c\u091a\u094d\u091a\u094b\u0902\/\u0915\u093f\u0936\u094b\u0930\u094b\u0902 \u092e\u0947\u0902 \u0938\u094d\u0915\u094b\u0932\u093f\u092f\u094b\u0938\u093f\u0938 \u2013 \u0905\u092d\u093f\u092d\u093e\u0935\u0915\u094b\u0902 \u0915\u0947 \u0932\u093f\u090f \u092e\u093e\u0930\u094d\u0917\u0926\u0930\u094d\u0936\u0928<\/h2><p data-path-to-node=\"3\">\u0938\u094d\u0915\u094b\u0932\u093f\u092f\u094b\u0938\u093f\u0938 \u0930\u0940\u0922\u093c \u0915\u0940 \u0939\u0921\u094d\u0921\u0940 \u0915\u093e \u090f\u0915 \u0924\u0930\u092b \u092e\u0941\u0921\u093c \u091c\u093e\u0928\u093e \u0939\u0948\u0964 \u0915\u093f\u0936\u094b\u0930\u093e\u0935\u0938\u094d\u0925\u093e \u092e\u0947\u0902 \u0939\u094b\u0928\u0947 \u0935\u093e\u0932\u093e \u0907\u0921\u093f\u092f\u094b\u092a\u0948\u0925\u093f\u0915 \u0938\u094d\u0915\u094b\u0932\u093f\u092f\u094b\u0938\u093f\u0938 \u092c\u091a\u094d\u091a\u094b\u0902 \u092e\u0947\u0902 \u0938\u092c\u0938\u0947 \u0906\u092e \u0930\u0940\u0922\u093c \u0915\u0940 \u0939\u0921\u094d\u0921\u0940 \u0915\u0940 \u0938\u092e\u0938\u094d\u092f\u093e \u0939\u0948, \u0914\u0930 \u0906\u092e\u0924\u094c\u0930 \u092a\u0930 \u0907\u0938\u0915\u093e \u0928\u093f\u0926\u093e\u0928 10 \u0938\u0947 18 \u0935\u0930\u094d\u0937 \u0915\u0940 \u0906\u092f\u0941 \u0915\u0947 \u092c\u0940\u091a \u0915\u093f\u092f\u093e \u091c\u093e\u0924\u093e \u0939\u0948\u0964 &quot;\u0907\u0921\u093f\u092f\u094b\u092a\u0948\u0925\u093f\u0915&quot; \u0915\u093e \u0905\u0930\u094d\u0925 \u0939\u0948 \u0915\u093f \u0907\u0938 \u0938\u094d\u0925\u093f\u0924\u093f \u0915\u093e \u0938\u091f\u0940\u0915 \u0915\u093e\u0930\u0923 \u0905\u091c\u094d\u091e\u093e\u0924 \u0939\u0948, \u0932\u0947\u0915\u093f\u0928 \u0906\u0928\u0941\u0935\u0902\u0936\u093f\u0915 \u0915\u093e\u0930\u0915 \u0914\u0930 \u0935\u093f\u0915\u093e\u0938 \u0907\u0938\u092e\u0947\u0902 \u092d\u0942\u092e\u093f\u0915\u093e \u0928\u093f\u092d\u093e\u0924\u0947 \u0939\u0948\u0902\u0964.<\/p><h3 data-path-to-node=\"4\">1. \u0938\u094d\u0915\u094b\u0932\u093f\u092f\u094b\u0938\u093f\u0938 \u0915\u093e \u0928\u093f\u0926\u093e\u0928 \u0915\u0948\u0938\u0947 \u0915\u093f\u092f\u093e \u091c\u093e\u0924\u093e \u0939\u0948?<\/h3><p data-path-to-node=\"5\">\u0905\u0927\u093f\u0915\u093e\u0902\u0936 \u092e\u093e\u092e\u0932\u0947 \u0938\u094d\u0915\u0942\u0932 \u092e\u0947\u0902 \u0939\u094b\u0928\u0947 \u0935\u093e\u0932\u0940 \u0938\u094d\u0935\u093e\u0938\u094d\u0925\u094d\u092f \u091c\u093e\u0902\u091a \u0915\u0947 \u0926\u094c\u0930\u093e\u0928 \u0938\u093e\u092e\u0928\u0947 \u0906\u0924\u0947 \u0939\u0948\u0902\u0964 \u0936\u0941\u0930\u0941\u0906\u0924\u0940 \u091a\u0930\u0923\u094b\u0902 \u092e\u0947\u0902, \u0938\u094d\u0915\u094b\u0932\u093f\u092f\u094b\u0938\u093f\u0938 \u0905\u0915\u094d\u0938\u0930 \u092a\u0942\u0930\u0940 \u0924\u0930\u0939 \u0938\u0947 \u0926\u0930\u094d\u0926 \u0930\u0939\u093f\u0924 \u0914\u0930 \u0932\u0915\u094d\u0937\u0923\u0939\u0940\u0928 \u0939\u094b\u0924\u093e \u0939\u0948, \u092f\u0939\u0940 \u0915\u093e\u0930\u0923 \u0939\u0948 \u0915\u093f \u0928\u093f\u092f\u092e\u093f\u0924 \u091c\u093e\u0902\u091a \u092e\u0939\u0924\u094d\u0935\u092a\u0942\u0930\u094d\u0923 \u0939\u0948\u0964.<\/p><ul data-path-to-node=\"6\"><li><p data-path-to-node=\"6,0,0\"><b data-path-to-node=\"6,0,0\" data-index-in-node=\"0\">\u0906\u0917\u0947 \u0915\u0940 \u0913\u0930 \u091d\u0941\u0915\u0928\u0947 \u0915\u093e \u092a\u0930\u0940\u0915\u094d\u0937\u0923:<\/b> \u092c\u091a\u094d\u091a\u093e \u0938\u0940\u0927\u0947 \u092a\u0948\u0930\u094b\u0902 \u0915\u0947 \u0938\u093e\u0925 \u0906\u0917\u0947 \u0915\u0940 \u0913\u0930 \u091d\u0941\u0915\u0924\u093e \u0939\u0948\u0964 \u0938\u094d\u0935\u093e\u0938\u094d\u0925\u094d\u092f \u0938\u0947\u0935\u093e \u092a\u094d\u0930\u0926\u093e\u0924\u093e \u0938\u094d\u0915\u094b\u0932\u093f\u092f\u094b\u092e\u0940\u091f\u0930 \u0915\u0940 \u0938\u0939\u093e\u092f\u0924\u093e \u0938\u0947 \u092a\u0940\u0920 \u0915\u0940 \u0938\u0902\u092d\u093e\u0935\u093f\u0924 \u0935\u093f\u0937\u092e\u0924\u093e (\u0915\u092e\u0930 \u0915\u093e \u0915\u0942\u092c\u0921\u093c) \u0915\u093e \u092e\u093e\u092a \u0915\u0930\u0924\u093e \u0939\u0948\u0964.<\/p><\/li><li><p data-path-to-node=\"6,1,0\"><b data-path-to-node=\"6,1,0\" data-index-in-node=\"0\">\u090f\u0915\u094d\u0938-\u0930\u0947:<\/b> \u092f\u0926\u093f \u0938\u094d\u0915\u094d\u0930\u0940\u0928\u093f\u0902\u0917 \u0915\u093e \u092a\u0930\u093f\u0923\u093e\u092e \u0928\u093f\u0930\u094d\u0927\u093e\u0930\u093f\u0924 \u0938\u0940\u092e\u093e \u0938\u0947 \u0905\u0927\u093f\u0915 \u0906\u0924\u093e \u0939\u0948, \u0924\u094b \u092c\u091a\u094d\u091a\u0947 \u0915\u094b \u0921\u0949\u0915\u094d\u091f\u0930 \u0915\u0947 \u092a\u093e\u0938 \u092d\u0947\u091c\u093e \u091c\u093e\u0924\u093e \u0939\u0948 \u0914\u0930 \u092a\u0940\u0920 \u0915\u093e \u0916\u0921\u093c\u0947 \u0939\u094b\u0915\u0930 \u090f\u0915\u094d\u0938-\u0930\u0947 \u0932\u093f\u092f\u093e \u091c\u093e\u0924\u093e \u0939\u0948\u0964 \u092f\u0926\u093f \u092a\u0940\u0920 \u0915\u093e \u0918\u0941\u092e\u093e\u0935 (\u091c\u093f\u0938\u0947 \u0915\u094b\u092c \u0915\u094b\u0923 \u092d\u0940 \u0915\u0939\u093e \u091c\u093e\u0924\u093e \u0939\u0948) 10 \u0921\u093f\u0917\u094d\u0930\u0940 \u0938\u0947 \u0905\u0927\u093f\u0915 \u0939\u094b\u0924\u093e \u0939\u0948, \u0924\u094b \u0938\u094d\u0915\u094b\u0932\u093f\u092f\u094b\u0938\u093f\u0938 \u0915\u093e \u0928\u093f\u0926\u093e\u0928 \u0915\u093f\u092f\u093e \u091c\u093e\u0924\u093e \u0939\u0948\u0964.<\/p><\/li><\/ul><h3 data-path-to-node=\"7\">2. \u0928\u093f\u0917\u0930\u093e\u0928\u0940 \u0914\u0930 \u0909\u092a\u091a\u093e\u0930 \u0915\u0947 \u0932\u0915\u094d\u0937\u094d\u092f<\/h3><p data-path-to-node=\"8\">\u0909\u092a\u091a\u093e\u0930 \u0915\u093e \u0909\u0926\u094d\u0926\u0947\u0936\u094d\u092f \u0935\u093f\u0915\u093e\u0938 \u0915\u0947 \u0926\u094c\u0930\u093e\u0928 \u0930\u0940\u0922\u093c \u0915\u0940 \u0939\u0921\u094d\u0921\u0940 \u0915\u0947 \u091d\u0941\u0915\u093e\u0935 \u0915\u094b \u092c\u093f\u0917\u0921\u093c\u0928\u0947 \u0938\u0947 \u0930\u094b\u0915\u0928\u093e \u0939\u0948\u0964 \u092f\u0926\u093f \u0935\u093f\u0915\u093e\u0938 \u0915\u0947 \u0905\u0902\u0924 \u0924\u0915 \u0938\u094d\u0915\u094b\u0932\u093f\u092f\u094b\u0938\u093f\u0938 30 \u0921\u093f\u0917\u094d\u0930\u0940 \u0938\u0947 \u0915\u092e \u0930\u0939\u0924\u093e \u0939\u0948, \u0924\u094b \u092c\u093e\u0926 \u092e\u0947\u0902 \u092a\u0940\u0920 \u0938\u0902\u092c\u0902\u0927\u0940 \u0938\u094d\u0935\u093e\u0938\u094d\u0925\u094d\u092f \u0938\u092e\u0938\u094d\u092f\u093e\u0913\u0902 \u0915\u093e \u091c\u094b\u0916\u093f\u092e \u0938\u093e\u092e\u093e\u0928\u094d\u092f \u0906\u092c\u093e\u0926\u0940 \u0915\u0947 \u0938\u092e\u093e\u0928 \u0939\u0940 \u0939\u094b\u0924\u093e \u0939\u0948\u0964.<\/p><ul data-path-to-node=\"9\"><li><p data-path-to-node=\"9,0,0\"><b data-path-to-node=\"9,0,0\" data-index-in-node=\"0\">\u0939\u0932\u094d\u0915\u093e \u0938\u094d\u0915\u094b\u0932\u093f\u092f\u094b\u0938\u093f\u0938 (10-25 \u0921\u093f\u0917\u094d\u0930\u0940):<\/b> \u0928\u093f\u092f\u092e\u093f\u0924 \u0930\u0942\u092a \u0938\u0947 (\u0906\u092e\u0924\u094c\u0930 \u092a\u0930 \u0939\u0930 6-9 \u092e\u0939\u0940\u0928\u0947 \u092e\u0947\u0902) \u090f\u0915\u094d\u0938-\u0930\u0947 \u0914\u0930 \u0928\u0948\u0926\u093e\u0928\u093f\u0915 \u091c\u093e\u0902\u091a \u0915\u0947 \u0938\u093e\u0925 \u092b\u0949\u0932\u094b-\u0905\u092a \u0915\u093f\u092f\u093e \u091c\u093e\u0924\u093e \u0939\u0948\u0964 \u0905\u0927\u093f\u0915\u093e\u0902\u0936 \u092e\u093e\u092e\u0932\u094b\u0902 \u092e\u0947\u0902 \u0906\u0917\u0947 \u0915\u093f\u0938\u0940 \u0909\u092a\u091a\u093e\u0930 \u0915\u0940 \u0906\u0935\u0936\u094d\u092f\u0915\u0924\u093e \u0928\u0939\u0940\u0902 \u0939\u094b\u0924\u0940 \u0939\u0948\u0964.<\/p><\/li><\/ul><h3 data-path-to-node=\"10\">3. \u0915\u094b\u0930\u094d\u0938\u0947\u091f \u0909\u092a\u091a\u093e\u0930<\/h3><p data-path-to-node=\"11\">\u091c\u092c \u092c\u091a\u094d\u091a\u0947 \u0915\u0940 \u0932\u0902\u092c\u093e\u0908 \u0905\u092d\u0940 \u092d\u0940 \u092c\u0922\u093c \u0930\u0939\u0940 \u0939\u094b \u0914\u0930 \u0938\u094d\u0915\u094b\u0932\u093f\u092f\u094b\u0938\u093f\u0938 25-40 \u0921\u093f\u0917\u094d\u0930\u0940 \u0915\u0947 \u092c\u0940\u091a \u0939\u094b, \u0924\u092c \u092c\u094d\u0930\u0947\u0938 \u091f\u094d\u0930\u0940\u091f\u092e\u0947\u0902\u091f \u092a\u0930 \u0935\u093f\u091a\u093e\u0930 \u0915\u093f\u092f\u093e \u091c\u093e\u0924\u093e \u0939\u0948\u0964 \u092c\u094d\u0930\u0947\u0938 \u0915\u093e \u0909\u0926\u094d\u0926\u0947\u0936\u094d\u092f \u092a\u0940\u0920 \u0915\u094b \u0938\u0939\u093e\u0930\u093e \u0926\u0947\u0928\u093e \u0914\u0930 \u0930\u0940\u0922\u093c \u0915\u0940 \u0939\u0921\u094d\u0921\u0940 \u0915\u0947 \u091f\u0947\u0922\u093c\u0947\u092a\u0928 \u0915\u094b \u0938\u0930\u094d\u091c\u093f\u0915\u0932 \u0938\u0940\u092e\u093e \u0924\u0915 \u092c\u0922\u093c\u0928\u0947 \u0938\u0947 \u0930\u094b\u0915\u0928\u093e \u0939\u0948\u0964.<\/p><ul data-path-to-node=\"12\"><li><p data-path-to-node=\"12,0,0\"><b data-path-to-node=\"12,0,0\" data-index-in-node=\"0\">\u092c\u094b\u0938\u094d\u091f\u0928 \u0915\u094b\u0930\u094d\u0938\u0947\u091f:<\/b> \u091c\u093f\u0924\u0928\u093e \u0938\u0902\u092d\u0935 \u0939\u094b \u0909\u0924\u0928\u093e \u0909\u092a\u092f\u094b\u0917 \u0915\u0930\u0947\u0902 (\u0932\u0915\u094d\u0937\u094d\u092f \u092a\u094d\u0930\u0924\u093f\u0926\u093f\u0928 23 \u0918\u0902\u091f\u0947)\u0964.<\/p><\/li><li><p data-path-to-node=\"12,1,0\"><b data-path-to-node=\"12,1,0\" data-index-in-node=\"0\">\u092a\u094d\u0930\u094b\u0935\u093f\u0921\u0947\u0902\u0938 \u0928\u093e\u0907\u091f \u0915\u0949\u0930\u0938\u0947\u091f:<\/b> \u0907\u0938\u0915\u093e \u0909\u092a\u092f\u094b\u0917 \u0915\u0947\u0935\u0932 \u0930\u093e\u0924 \u092e\u0947\u0902 \u0939\u0940 \u0915\u0930\u0947\u0902\u0964.<\/p><\/li><li><p data-path-to-node=\"12,2,0\"><b data-path-to-node=\"12,2,0\" data-index-in-node=\"0\">\u0938\u092b\u0932\u0924\u093e \u0915\u0940 \u0915\u0941\u0902\u091c\u0940:<\/b> \u0915\u0949\u0930\u094d\u0938\u0947\u091f \u0925\u0947\u0930\u0947\u092a\u0940 \u0915\u0940 \u092a\u094d\u0930\u092d\u093e\u0935\u0936\u0940\u0932\u0924\u093e \u0907\u0938 \u092c\u093e\u0924 \u092a\u0930 \u0928\u093f\u0930\u094d\u092d\u0930 \u0915\u0930\u0924\u0940 \u0939\u0948 \u0915\u093f \u092c\u091a\u094d\u091a\u093e \u0915\u093f\u0924\u0928\u0940 \u0928\u093f\u092f\u092e\u093f\u0924 \u0930\u0942\u092a \u0938\u0947 \u0915\u0949\u0930\u094d\u0938\u0947\u091f \u092a\u0939\u0928\u0928\u0947 \u0915\u0947 \u0932\u093f\u090f \u092a\u094d\u0930\u0924\u093f\u092c\u0926\u094d\u0927 \u0930\u0939\u0924\u093e \u0939\u0948\u0964.<\/p><\/li><\/ul><h3 data-path-to-node=\"13\">4. \u0936\u0932\u094d\u092f \u091a\u093f\u0915\u093f\u0924\u094d\u0938\u093e \u0909\u092a\u091a\u093e\u0930<\/h3><p data-path-to-node=\"14\">\u091c\u092c \u0938\u094d\u0915\u094b\u0932\u093f\u092f\u094b\u0938\u093f\u0938 45 \u0921\u093f\u0917\u094d\u0930\u0940 \u0938\u0947 \u0905\u0927\u093f\u0915 \u0939\u094b \u091c\u093e\u0924\u093e \u0939\u0948, \u0924\u094b \u0906\u092e\u0924\u094c\u0930 \u092a\u0930 \u0938\u0930\u094d\u091c\u0930\u0940 \u0915\u0940 \u0938\u0932\u093e\u0939 \u0926\u0940 \u091c\u093e\u0924\u0940 \u0939\u0948\u0964 \u0907\u0938\u0915\u093e \u0915\u093e\u0930\u0923 \u092f\u0939 \u0939\u0948 \u0915\u093f 40-45 \u0921\u093f\u0917\u094d\u0930\u0940 \u0938\u0947 \u0905\u0927\u093f\u0915 \u0915\u0947 \u0935\u0915\u094d\u0930 \u0905\u0915\u094d\u0938\u0930 \u0935\u093f\u0915\u093e\u0938 \u0930\u0941\u0915\u0928\u0947 \u0915\u0947 \u092c\u093e\u0926 \u092d\u0940 \u0927\u0940\u0930\u0947-\u0927\u0940\u0930\u0947 \u092c\u0922\u093c\u0924\u0947 \u0930\u0939\u0924\u0947 \u0939\u0948\u0902\u0964.<\/p><ul data-path-to-node=\"15\"><li><p data-path-to-node=\"15,0,0\"><b data-path-to-node=\"15,0,0\" data-index-in-node=\"0\">\u0905\u0938\u094d\u0925\u093f \u0928\u093f\u0930\u094d\u092e\u093e\u0923 \u0938\u0930\u094d\u091c\u0930\u0940:<\/b> \u0930\u0940\u0922\u093c \u0915\u0940 \u0939\u0921\u094d\u0921\u0940 \u0915\u094b \u0938\u0940\u0927\u093e \u0915\u093f\u092f\u093e \u091c\u093e\u0924\u093e \u0939\u0948 \u0914\u0930 \u091f\u093e\u0907\u091f\u0947\u0928\u093f\u092f\u092e \u0915\u0947 \u0938\u094d\u0915\u094d\u0930\u0942 \u0914\u0930 \u0930\u0949\u0921 \u0915\u0940 \u092e\u0926\u0926 \u0938\u0947 \u0938\u0939\u093e\u0930\u093e \u0926\u093f\u092f\u093e \u091c\u093e\u0924\u093e \u0939\u0948\u0964 \u0907\u0938 \u092a\u094d\u0930\u0915\u094d\u0930\u093f\u092f\u093e \u0938\u0947 \u0930\u0940\u0922\u093c \u0915\u0940 \u0939\u0921\u094d\u0921\u0940 \u0915\u093e \u0905\u0927\u093f\u0915\u093e\u0902\u0936 \u0918\u0941\u092e\u093e\u0935 \u0920\u0940\u0915 \u0939\u094b \u091c\u093e\u0924\u093e \u0939\u0948 \u0914\u0930 \u091b\u093e\u0924\u0940 \u0915\u0940 \u0938\u094d\u0925\u093f\u0924\u093f \u092e\u0947\u0902 \u0938\u0941\u0927\u093e\u0930 \u0939\u094b\u0924\u093e \u0939\u0948\u0964.<\/p><\/li><li><p data-path-to-node=\"15,1,0\"><b data-path-to-node=\"15,1,0\" data-index-in-node=\"0\">\u0938\u0930\u094d\u091c\u0930\u0940 \u0915\u094d\u092f\u094b\u0902 \u092e\u0939\u0924\u094d\u0935\u092a\u0942\u0930\u094d\u0923 \u0939\u0948?<\/b> \u092c\u0939\u0941\u0924 \u0917\u0902\u092d\u0940\u0930 \u0938\u094d\u0915\u094b\u0932\u093f\u092f\u094b\u0938\u093f\u0938 (60 \u0921\u093f\u0917\u094d\u0930\u0940 \u0938\u0947 \u0905\u0927\u093f\u0915) \u092b\u0947\u092b\u0921\u093c\u094b\u0902 \u0915\u0947 \u0915\u093e\u0930\u094d\u092f \u0915\u094b \u0938\u0940\u092e\u093f\u0924 \u0915\u0930 \u0938\u0915\u0924\u093e \u0939\u0948 \u0914\u0930 \u092c\u093e\u0926 \u092e\u0947\u0902 \u092a\u0940\u0920 \u092e\u0947\u0902 \u0915\u093e\u092b\u0940 \u0926\u0930\u094d\u0926 \u0914\u0930 \u0915\u093e\u0930\u094d\u092f\u093e\u0924\u094d\u092e\u0915 \u0915\u094d\u0937\u092e\u0924\u093e \u092e\u0947\u0902 \u0915\u092e\u0940 \u0915\u093e \u0915\u093e\u0930\u0923 \u092c\u0928 \u0938\u0915\u0924\u093e \u0939\u0948\u0964.<\/p><\/li><\/ul><hr data-path-to-node=\"16\" \/><p data-path-to-node=\"20\">\u0921\u0941\u0913\u0921\u0947\u0938\u093f\u092e \u0932\u0947\u0916<\/p><p data-path-to-node=\"20\"><a href=\"https:\/\/www.duodecimlehti.fi\/duo15625\" target=\"_blank\" rel=\"noopener\">https:\/\/www.duodecimlehti.fi\/duo15625<\/a><\/p>\t\t\t\t\t\t\t\t<\/div>\n\t\t\t\t<\/div>\n\t\t\t\t\t<\/div>\n\t\t\t\t<\/div>\n\t\t\t\t<\/div>","protected":false},"excerpt":{"rendered":"<p>Laspsen \/ nuoren skolioosi \u2013 Ohje vanhemmille Skolioosi tarkoittaa selk\u00e4rangan vinoutumista sivusuunnassa. Nuoruusi\u00e4n idiopaattinen skolioosi on yleisin lasten selk\u00e4sairaus, ja se todetaan yleens\u00e4 10\u201318 vuoden i\u00e4ss\u00e4. &#8221;Idiopaattinen&#8221; tarkoittaa, ett\u00e4 sairauden tarkkaa syyt\u00e4 ei tiedet\u00e4, mutta perint\u00f6tekij\u00f6ill\u00e4 ja kasvulla on siihen osuutta. 1. Miten skolioosi todetaan? Valtaosa tapauksista l\u00f6ytyy kouluterveydenhuollon tarkastuksissa. Skolioosi on alkuvaiheessa usein t\u00e4ysin [&hellip;]<\/p>\n","protected":false},"author":1,"featured_media":0,"parent":0,"menu_order":0,"comment_status":"closed","ping_status":"closed","template":"","meta":{"_angie_page":false,"site-sidebar-layout":"no-sidebar","site-content-layout":"page-builder","ast-site-content-layout":"full-width-container","site-content-style":"default","site-sidebar-style":"default","ast-global-header-display":"","ast-banner-title-visibility":"","ast-main-header-display":"","ast-hfb-above-header-display":"","ast-hfb-below-header-display":"","ast-hfb-mobile-header-display":"","site-post-title":"","ast-breadcrumbs-content":"","ast-featured-img":"disabled","footer-sml-layout":"","ast-disable-related-posts":"","theme-transparent-header-meta":"","adv-header-id-meta":"","stick-header-meta":"","header-above-stick-meta":"","header-main-stick-meta":"","header-below-stick-meta":"","astra-migrate-meta-layouts":"set","ast-page-background-enabled":"default","ast-page-background-meta":{"desktop":{"background-color":"","background-image":"","background-repeat":"repeat","background-position":"center center","background-size":"auto","background-attachment":"scroll","background-type":"","background-media":"","overlay-type":"","overlay-color":"","overlay-opacity":"","overlay-gradient":""},"tablet":{"background-color":"","background-image":"","background-repeat":"repeat","background-position":"center center","background-size":"auto","background-attachment":"scroll","background-type":"","background-media":"","overlay-type":"","overlay-color":"","overlay-opacity":"","overlay-gradient":""},"mobile":{"background-color":"","background-image":"","background-repeat":"repeat","background-position":"center center","background-size":"auto","background-attachment":"scroll","background-type":"","background-media":"","overlay-type":"","overlay-color":"","overlay-opacity":"","overlay-gradient":""}},"ast-content-background-meta":{"desktop":{"background-color":"var(--ast-global-color-5)","background-image":"","background-repeat":"repeat","background-position":"center center","background-size":"auto","background-attachment":"scroll","background-type":"","background-media":"","overlay-type":"","overlay-color":"","overlay-opacity":"","overlay-gradient":""},"tablet":{"background-color":"var(--ast-global-color-5)","background-image":"","background-repeat":"repeat","background-position":"center center","background-size":"auto","background-attachment":"scroll","background-type":"","background-media":"","overlay-type":"","overlay-color":"","overlay-opacity":"","overlay-gradient":""},"mobile":{"background-color":"var(--ast-global-color-5)","background-image":"","background-repeat":"repeat","background-position":"center center","background-size":"auto","background-attachment":"scroll","background-type":"","background-media":"","overlay-type":"","overlay-color":"","overlay-opacity":"","overlay-gradient":""}},"footnotes":""},"class_list":["post-1400","page","type-page","status-publish","hentry"],"_links":{"self":[{"href":"https:\/\/lastenkirurgia.fi\/hi\/wp-json\/wp\/v2\/pages\/1400","targetHints":{"allow":["GET"]}}],"collection":[{"href":"https:\/\/lastenkirurgia.fi\/hi\/wp-json\/wp\/v2\/pages"}],"about":[{"href":"https:\/\/lastenkirurgia.fi\/hi\/wp-json\/wp\/v2\/types\/page"}],"author":[{"embeddable":true,"href":"https:\/\/lastenkirurgia.fi\/hi\/wp-json\/wp\/v2\/users\/1"}],"replies":[{"embeddable":true,"href":"https:\/\/lastenkirurgia.fi\/hi\/wp-json\/wp\/v2\/comments?post=1400"}],"version-history":[{"count":4,"href":"https:\/\/lastenkirurgia.fi\/hi\/wp-json\/wp\/v2\/pages\/1400\/revisions"}],"predecessor-version":[{"id":1637,"href":"https:\/\/lastenkirurgia.fi\/hi\/wp-json\/wp\/v2\/pages\/1400\/revisions\/1637"}],"wp:attachment":[{"href":"https:\/\/lastenkirurgia.fi\/hi\/wp-json\/wp\/v2\/media?parent=1400"}],"curies":[{"name":"wp","href":"https:\/\/api.w.org\/{rel}","templated":true}]}}