{"id":1402,"date":"2026-04-09T13:56:34","date_gmt":"2026-04-09T13:56:34","guid":{"rendered":"https:\/\/darkcyan-pheasant-754087.hostingersite.com\/?page_id=1402"},"modified":"2026-04-12T15:09:13","modified_gmt":"2026-04-12T15:09:13","slug":"lapsen-kuopparinta","status":"publish","type":"page","link":"https:\/\/lastenkirurgia.fi\/hi\/lapsen-kuopparinta\/","title":{"rendered":"\u092c\u091a\u094d\u091a\u0947 \u0915\u0940 \u091b\u093e\u0924\u0940 \u092a\u0930 \u0917\u0921\u094d\u0922\u0947\u0926\u093e\u0930 \u0909\u092d\u093e\u0930"},"content":{"rendered":"<div data-elementor-type=\"wp-page\" data-elementor-id=\"1402\" class=\"elementor elementor-1402\" data-elementor-post-type=\"page\">\n\t\t\t\t<div class=\"elementor-element elementor-element-a863414 e-flex e-con-boxed e-con e-parent\" data-id=\"a863414\" data-element_type=\"container\" data-e-type=\"container\">\n\t\t\t\t\t<div class=\"e-con-inner\">\n\t\t\t\t<div class=\"elementor-element elementor-element-3d2f344 elementor-widget elementor-widget-text-editor\" data-id=\"3d2f344\" data-element_type=\"widget\" data-e-type=\"widget\" data-widget_type=\"text-editor.default\">\n\t\t\t\t<div class=\"elementor-widget-container\">\n\t\t\t\t\t\t\t\t\t<h2 data-path-to-node=\"2\">\u092e\u093e\u0924\u093e-\u092a\u093f\u0924\u093e \u0915\u0947 \u0932\u093f\u090f \u090f\u0915 \u092e\u093e\u0930\u094d\u0917\u0926\u0930\u094d\u0936\u093f\u0915\u093e: \u092c\u091a\u094d\u091a\u0947 \u0915\u093e \u092a\u0947\u0915\u094d\u091f\u0938 \u090f\u0915\u094d\u0935\u093e\u0935\u0947\u091f\u092e<\/h2><p data-path-to-node=\"3\">\u092a\u0947\u0915\u094d\u091f\u094b\u0930\u0932\u093f\u0938 \u092e\u0947\u091c\u0930 \u091b\u093e\u0924\u0940 \u0915\u0940 \u0938\u092c\u0938\u0947 \u0906\u092e \u091c\u0928\u094d\u092e\u091c\u093e\u0924 \u0938\u0902\u0930\u091a\u0928\u093e\u0924\u094d\u092e\u0915 \u0905\u0938\u093e\u092e\u093e\u0928\u094d\u092f\u0924\u093e \u0939\u0948, \u091c\u093f\u0938\u092e\u0947\u0902 \u0938\u094d\u091f\u0930\u094d\u0928\u092e \u0905\u0902\u0926\u0930 \u0915\u0940 \u0913\u0930 \u0927\u0902\u0938\u093e \u0939\u0941\u0906 \u0939\u094b\u0924\u093e \u0939\u0948, \u091c\u093f\u0938\u0938\u0947 \u090f\u0915 \u092a\u094d\u092f\u093e\u0932\u0947 \u0915\u0947 \u0906\u0915\u093e\u0930 \u0915\u093e \u0917\u0921\u094d\u0922\u093e \u092c\u0928 \u091c\u093e\u0924\u093e \u0939\u0948\u0964 \u092f\u0939 \u0932\u0921\u093c\u0915\u093f\u092f\u094b\u0902 \u0915\u0940 \u0924\u0941\u0932\u0928\u093e \u092e\u0947\u0902 \u0932\u0921\u093c\u0915\u094b\u0902 \u092e\u0947\u0902 \u0915\u093e\u092b\u0940 \u0905\u0927\u093f\u0915 \u0906\u092e \u0939\u0948\u0964.<\/p><h3 data-path-to-node=\"4\">\u091b\u093e\u0924\u0940 \u092a\u0930 \u0917\u0921\u094d\u0922\u0947 \u0915\u094d\u092f\u094b\u0902 \u092a\u0921\u093c\u0924\u0947 \u0939\u0948\u0902?<\/h3><p data-path-to-node=\"5\">\u092e\u093e\u0928\u093e \u091c\u093e\u0924\u093e \u0939\u0948 \u0915\u093f \u092f\u0939 \u0905\u0938\u093e\u092e\u093e\u0928\u094d\u092f\u0924\u093e \u092a\u0938\u0932\u093f\u092f\u094b\u0902 \u0915\u0940 \u0909\u092a\u093e\u0938\u094d\u0925\u093f \u0915\u0940 \u0905\u0924\u094d\u092f\u0927\u093f\u0915 \u0935\u0943\u0926\u094d\u0927\u093f \u0915\u0947 \u0915\u093e\u0930\u0923 \u0939\u094b\u0924\u0940 \u0939\u0948, \u091c\u094b \u0938\u094d\u091f\u0930\u094d\u0928\u092e \u0915\u094b \u0905\u0902\u0926\u0930 \u0915\u0940 \u0913\u0930 \u0927\u0915\u0947\u0932\u0924\u0940 \u0939\u0948\u0964 \u0905\u0915\u094d\u0938\u0930, \u091b\u093e\u0924\u0940 \u092e\u0947\u0902 \u0917\u0921\u094d\u0922\u0947 \u092f\u094c\u0935\u0928\u093e\u0930\u0902\u092d \u0915\u0947 \u0926\u094c\u0930\u093e\u0928 \u0939\u094b\u0928\u0947 \u0935\u093e\u0932\u0940 \u0924\u0940\u0935\u094d\u0930 \u0935\u0943\u0926\u094d\u0927\u093f \u0915\u0947 \u0938\u092e\u092f \u0939\u0940 \u0938\u094d\u092a\u0937\u094d\u091f \u0930\u0942\u092a \u0938\u0947 \u0926\u093f\u0916\u093e\u0908 \u0926\u0947\u0924\u0947 \u0939\u0948\u0902\u0964 \u0939\u093e\u0932\u093e\u0902\u0915\u093f \u092f\u0939 \u0938\u094d\u0925\u093f\u0924\u093f \u091c\u0928\u094d\u092e\u091c\u093e\u0924 \u0939\u094b\u0924\u0940 \u0939\u0948, \u0932\u0947\u0915\u093f\u0928 \u091c\u094d\u092f\u093e\u0926\u093e\u0924\u0930 \u092e\u093e\u092e\u0932\u094b\u0902 \u092e\u0947\u0902 \u092f\u0939 \u0939\u093e\u0928\u093f\u0930\u0939\u093f\u0924 \u0939\u094b\u0924\u0940 \u0939\u0948 \u0914\u0930 \u0915\u0947\u0935\u0932 \u0938\u094c\u0902\u0926\u0930\u094d\u092f \u0938\u0902\u092c\u0902\u0927\u0940 \u0939\u094b\u0924\u0940 \u0939\u0948\u0964.<\/p><h3 data-path-to-node=\"6\">\u0932\u0915\u094d\u0937\u0923 \u0914\u0930 \u0939\u093e\u0928\u093f\u092f\u093e\u0901<\/h3><p data-path-to-node=\"7\">\u0915\u0908 \u092c\u091a\u094d\u091a\u094b\u0902 \u092e\u0947\u0902, \u091b\u093e\u0924\u0940 \u092a\u0930 \u0917\u0921\u094d\u0922\u0947\u0926\u093e\u0930 \u0928\u093f\u0936\u093e\u0928 \u0915\u093f\u0938\u0940 \u092d\u0940 \u0936\u093e\u0930\u0940\u0930\u093f\u0915 \u0932\u0915\u094d\u0937\u0923 \u0915\u093e \u0915\u093e\u0930\u0923 \u0928\u0939\u0940\u0902 \u092c\u0928\u0924\u0947 \u0939\u0948\u0902\u0964 \u0938\u092e\u0938\u094d\u092f\u093e\u0913\u0902 \u0915\u094b \u0906\u092e\u0924\u094c\u0930 \u092a\u0930 \u0926\u094b \u0938\u092e\u0942\u0939\u094b\u0902 \u092e\u0947\u0902 \u0935\u093f\u092d\u093e\u091c\u093f\u0924 \u0915\u093f\u092f\u093e \u091c\u093e\u0924\u093e \u0939\u0948:<\/p><ul data-path-to-node=\"8\"><li><p data-path-to-node=\"8,0,0\"><b data-path-to-node=\"8,0,0\" data-index-in-node=\"0\">\u0936\u093e\u0930\u0940\u0930\u093f\u0915 \u0914\u0930 \u092e\u093e\u0928\u0938\u093f\u0915 \u0905\u0915\u094d\u0937\u092e\u0924\u093e:<\/b> \u0909\u092a\u091a\u093e\u0930 \u0915\u0930\u093e\u0928\u0947 \u0915\u093e \u0938\u092c\u0938\u0947 \u0906\u092e \u0915\u093e\u0930\u0923 \u092f\u0939\u0940 \u0939\u0948\u0964 \u090f\u0915 \u092f\u0941\u0935\u093e \u0935\u094d\u092f\u0915\u094d\u0924\u093f \u0915\u094b \u0938\u094d\u0935\u093f\u092e\u093f\u0902\u0917 \u092a\u0942\u0932 \u092e\u0947\u0902 \u092f\u093e \u0935\u094d\u092f\u093e\u092f\u093e\u092e \u0915\u0915\u094d\u0937\u093e\u0913\u0902 \u0915\u0947 \u0926\u094c\u0930\u093e\u0928 \u0921\u093f\u0902\u092a\u0932 \u092a\u0930\u0947\u0936\u093e\u0928 \u0915\u0930\u0928\u0947 \u0935\u093e\u0932\u093e \u0932\u0917 \u0938\u0915\u0924\u093e \u0939\u0948, \u091c\u093f\u0938\u0938\u0947 \u0906\u0924\u094d\u092e\u0938\u092e\u094d\u092e\u093e\u0928 \u092a\u094d\u0930\u092d\u093e\u0935\u093f\u0924 \u0939\u094b \u0938\u0915\u0924\u093e \u0939\u0948\u0964.<\/p><\/li><li><p data-path-to-node=\"8,1,0\"><b data-path-to-node=\"8,1,0\" data-index-in-node=\"0\">\u0936\u093e\u0930\u0940\u0930\u093f\u0915 \u0932\u0915\u094d\u0937\u0923:<\/b> \u091b\u093e\u0924\u0940 \u092e\u0947\u0902 \u0917\u0921\u094d\u0922\u093e \u0939\u094b\u0928\u0947 \u0915\u0947 \u0917\u0902\u092d\u0940\u0930 \u092e\u093e\u092e\u0932\u094b\u0902 \u092e\u0947\u0902, \u0938\u093e\u0902\u0938 \u0932\u0947\u0928\u0947 \u092e\u0947\u0902 \u0924\u0915\u0932\u0940\u092b, \u0935\u094d\u092f\u093e\u092f\u093e\u092e \u0915\u0930\u0928\u0947 \u0915\u0940 \u0915\u094d\u0937\u092e\u0924\u093e \u092e\u0947\u0902 \u0915\u092e\u0940, \u0938\u0940\u0928\u0947 \u092e\u0947\u0902 \u0926\u0930\u094d\u0926 \u092f\u093e \u0927\u0921\u093c\u0915\u0928 \u0924\u0947\u091c \u0939\u094b\u0928\u093e, \u0916\u093e\u0938\u0915\u0930 \u092a\u0930\u093f\u0936\u094d\u0930\u092e \u0915\u0930\u0928\u0947 \u092a\u0930, \u091c\u0948\u0938\u0947 \u0932\u0915\u094d\u0937\u0923 \u0939\u094b \u0938\u0915\u0924\u0947 \u0939\u0948\u0902\u0964 \u0910\u0938\u093e \u0907\u0938\u0932\u093f\u090f \u0939\u094b\u0924\u093e \u0939\u0948 \u0915\u094d\u092f\u094b\u0902\u0915\u093f \u0938\u094d\u091f\u0930\u094d\u0928\u092e \u0939\u0943\u0926\u092f \u092a\u0930 \u0926\u092c\u093e\u0935 \u0921\u093e\u0932 \u0930\u0939\u093e \u0939\u094b\u0924\u093e \u0939\u0948 \u092f\u093e \u092b\u0947\u092b\u0921\u093c\u094b\u0902 \u0915\u0947 \u092b\u0948\u0932\u093e\u0935 \u0915\u094b \u0938\u0940\u092e\u093f\u0924 \u0915\u0930 \u0930\u0939\u093e \u0939\u094b\u0924\u093e \u0939\u0948\u0964.<\/p><\/li><\/ul><h3 data-path-to-node=\"9\">\u0905\u0928\u0941\u0938\u0902\u0927\u093e\u0928<\/h3><p data-path-to-node=\"10\">\u092f\u0926\u093f \u0906\u092a\u0915\u0947 \u092c\u091a\u094d\u091a\u0947 \u0915\u0940 \u091b\u093e\u0924\u0940 \u092a\u0930 \u0917\u0921\u094d\u0922\u0947\u0926\u093e\u0930 \u0928\u093f\u0936\u093e\u0928 \u0939\u0948\u0902, \u0924\u094b \u0921\u0949\u0915\u094d\u091f\u0930 \u0938\u093e\u0927\u093e\u0930\u0923 \u092c\u093e\u0939\u0930\u0940 \u091c\u093e\u0902\u091a \u0915\u0947 \u0906\u0927\u093e\u0930 \u092a\u0930 \u0909\u0928\u094d\u0939\u0947\u0902 \u0915\u093f\u0938\u0940 \u0935\u093f\u0936\u0947\u0937\u091c\u094d\u091e \u0905\u0938\u094d\u092a\u0924\u093e\u0932 \u092e\u0947\u0902 \u092d\u0947\u091c \u0938\u0915\u0924\u0947 \u0939\u0948\u0902\u0964 \u0905\u0938\u094d\u092a\u0924\u093e\u0932 \u092e\u0947\u0902 \u0905\u0927\u093f\u0915 \u0935\u093f\u0938\u094d\u0924\u0943\u0924 \u092a\u0930\u0940\u0915\u094d\u0937\u0923 \u0915\u093f\u090f \u091c\u093e \u0938\u0915\u0924\u0947 \u0939\u0948\u0902:<\/p><ul data-path-to-node=\"11\"><li><p data-path-to-node=\"11,0,0\"><b data-path-to-node=\"11,0,0\" data-index-in-node=\"0\">\u091a\u0941\u0902\u092c\u0915\u0940\u092f \u0905\u0928\u0941\u0928\u093e\u0926 \u0907\u092e\u0947\u091c\u093f\u0902\u0917 (\u090f\u092e\u0906\u0930\u0906\u0908):<\/b> \u0917\u0921\u094d\u0922\u0947 \u0915\u0940 \u0938\u091f\u0940\u0915 \u0917\u0939\u0930\u093e\u0908 \u0914\u0930 \u0939\u0943\u0926\u092f \u092a\u0930 \u0907\u0938\u0915\u0947 \u092a\u094d\u0930\u092d\u093e\u0935 \u0915\u093e \u092a\u0924\u093e \u0932\u0917\u093e\u092f\u093e \u091c\u093e \u0930\u0939\u093e \u0939\u0948\u0964.<\/p><\/li><li><p data-path-to-node=\"11,1,0\"><b data-path-to-node=\"11,1,0\" data-index-in-node=\"0\">\u0938\u094d\u092a\u093e\u0907\u0930\u094b\u092e\u0947\u091f\u094d\u0930\u0940:<\/b> \u092b\u0947\u092b\u0921\u093c\u094b\u0902 \u0915\u0947 \u0906\u092f\u0924\u0928 \u0914\u0930 \u0915\u093e\u0930\u094d\u092f\u0915\u094d\u0937\u092e\u0924\u093e \u0915\u093e \u092e\u093e\u092a\u0928 \u0915\u093f\u092f\u093e \u091c\u093e\u0924\u093e \u0939\u0948\u0964.<\/p><\/li><li><p data-path-to-node=\"11,2,0\"><b data-path-to-node=\"11,2,0\" data-index-in-node=\"0\">\u0907\u0932\u0947\u0915\u094d\u091f\u094d\u0930\u094b\u0915\u093e\u0930\u094d\u0921\u093f\u092f\u094b\u0917\u094d\u0930\u093e\u092e:<\/b> \u0939\u0943\u0926\u092f \u0915\u0940 \u0935\u093f\u0926\u094d\u092f\u0941\u0924 \u0917\u0924\u093f\u0935\u093f\u0927\u093f \u0915\u0940 \u091c\u093e\u0901\u091a \u0915\u0940 \u091c\u093e\u0924\u0940 \u0939\u0948\u0964.<\/p><\/li><\/ul><h3 data-path-to-node=\"12\">\u0909\u092a\u091a\u093e\u0930 \u0915\u0947 \u0935\u093f\u0915\u0932\u094d\u092a<\/h3><p data-path-to-node=\"13\">\u091b\u093e\u0924\u0940 \u092a\u0930 \u0939\u0932\u094d\u0915\u0947 \u0914\u0930 \u092c\u093f\u0928\u093e \u0932\u0915\u094d\u0937\u0923 \u0935\u093e\u0932\u0947 \u0917\u0921\u094d\u0922\u094b\u0902 \u0915\u0947 \u0932\u093f\u090f \u0909\u092a\u091a\u093e\u0930 \u0915\u0940 \u0906\u0935\u0936\u094d\u092f\u0915\u0924\u093e \u0928\u0939\u0940\u0902 \u0939\u094b\u0924\u0940 \u0939\u0948\u0964 \u092b\u093f\u091c\u093f\u092f\u094b\u0925\u0947\u0930\u0947\u092a\u0940 \u092f\u093e \u0935\u094d\u092f\u093e\u092f\u093e\u092e \u0938\u0947 \u092f\u0947 \u0917\u0921\u094d\u0922\u0947 \u092a\u0942\u0930\u0940 \u0924\u0930\u0939 \u0938\u0947 \u0920\u0940\u0915 \u0928\u0939\u0940\u0902 \u0939\u094b\u0902\u0917\u0947, \u0932\u0947\u0915\u093f\u0928 \u092e\u093e\u0902\u0938\u092a\u0947\u0936\u093f\u092f\u094b\u0902 \u0915\u0940 \u0905\u091a\u094d\u091b\u0940 \u0938\u094d\u0925\u093f\u0924\u093f \u0914\u0930 \u0938\u0939\u0940 \u0936\u093e\u0930\u0940\u0930\u093f\u0915 \u092e\u0941\u0926\u094d\u0930\u093e \u0938\u0947 \u091b\u093e\u0924\u0940 \u0915\u0940 \u092c\u0928\u093e\u0935\u091f \u092e\u0947\u0902 \u0938\u0941\u0927\u093e\u0930 \u0939\u094b \u0938\u0915\u0924\u093e \u0939\u0948\u0964.<\/p><p data-path-to-node=\"14\"><b data-path-to-node=\"14\" data-index-in-node=\"0\">\u0936\u0932\u094d\u092f \u091a\u093f\u0915\u093f\u0924\u094d\u0938\u093e \u0909\u092a\u091a\u093e\u0930 (\u0928\u0941\u0938 \u0938\u0930\u094d\u091c\u0930\u0940):<\/b> \u092f\u0926\u093f \u0917\u0921\u094d\u0922\u093e \u0917\u0939\u0930\u093e \u0939\u0948 \u092f\u093e \u0915\u093e\u092b\u0940 \u0905\u0938\u0941\u0935\u093f\u0927\u093e \u092a\u0948\u0926\u093e \u0915\u0930\u0924\u093e \u0939\u0948, \u0924\u094b \u0907\u0938\u0947 \u0938\u0930\u094d\u091c\u0930\u0940 \u0926\u094d\u0935\u093e\u0930\u093e \u0920\u0940\u0915 \u0915\u093f\u092f\u093e \u091c\u093e \u0938\u0915\u0924\u093e \u0939\u0948\u0964.<\/p><ul data-path-to-node=\"15\"><li><p data-path-to-node=\"15,0,0\"><b data-path-to-node=\"15,0,0\" data-index-in-node=\"0\">\u092f\u0939 \u0915\u0948\u0938\u0947 \u0915\u093f\u092f\u093e \u091c\u093e\u0924\u093e \u0939\u0948?<\/b> \u0938\u092c\u0938\u0947 \u0906\u092e \u0935\u093f\u0927\u093f \u0932\u0948\u092a\u094d\u0930\u094b\u0938\u094d\u0915\u094b\u092a\u093f\u0915 \u0938\u0930\u094d\u091c\u0930\u0940 \u0939\u0948, \u091c\u093f\u0938\u092e\u0947\u0902 \u0938\u094d\u091f\u0930\u094d\u0928\u092e \u0915\u0947 \u0928\u0940\u091a\u0947 1-2 \u0906\u0915\u093e\u0930 \u0915\u0947 \u0938\u094d\u091f\u0940\u0932 \u0915\u0947 \u0907\u092e\u094d\u092a\u094d\u0932\u093e\u0902\u091f \u0921\u093e\u0932\u0947 \u091c\u093e\u0924\u0947 \u0939\u0948\u0902\u0964 \u092f\u0947 \u0907\u092e\u094d\u092a\u094d\u0932\u093e\u0902\u091f \u0938\u094d\u091f\u0930\u094d\u0928\u092e \u0915\u094b \u090a\u092a\u0930 \u0909\u0920\u093e\u0924\u0947 \u0939\u0948\u0902\u0964.<\/p><\/li><li><p data-path-to-node=\"15,1,0\"><b data-path-to-node=\"15,1,0\" data-index-in-node=\"0\">\u0915\u093f\u0938 \u0909\u092e\u094d\u0930 \u092e\u0947\u0902?<\/b> \u0907\u0938\u0915\u0947 \u0932\u093f\u090f \u0938\u092c\u0938\u0947 \u0909\u092a\u092f\u0941\u0915\u094d\u0924 \u0909\u092e\u094d\u0930 \u0906\u092e\u0924\u094c\u0930 \u092a\u0930 12-16 \u0935\u0930\u094d\u0937 \u0939\u094b\u0924\u0940 \u0939\u0948, \u091c\u092c \u091b\u093e\u0924\u0940 \u0932\u091a\u0940\u0932\u0940 \u0939\u094b\u0928\u0947 \u0915\u0947 \u0938\u093e\u0925-\u0938\u093e\u0925 \u092a\u0930\u094d\u092f\u093e\u092a\u094d\u0924 \u092e\u091c\u092c\u0942\u0924 \u092d\u0940 \u0939\u094b\u0924\u0940 \u0939\u0948\u0964.<\/p><\/li><li><p data-path-to-node=\"15,2,0\"><b data-path-to-node=\"15,2,0\" data-index-in-node=\"0\">\u0935\u0938\u0942\u0932\u0940:<\/b> \u0926\u0930\u094d\u0926 \u0928\u093f\u0935\u093e\u0930\u0923 \u0915\u0940 \u092e\u094c\u091c\u0942\u0926\u093e \u0935\u093f\u0927\u093f\u092f\u094b\u0902 (\u091c\u0948\u0938\u0947 \u0928\u0938\u094b\u0902 \u0915\u0940 \u0920\u0902\u0921\u0940 \u0938\u093f\u0915\u093e\u0908) \u0915\u0947 \u0915\u093e\u0930\u0923 \u0905\u0915\u094d\u0938\u0930 \u0905\u0938\u094d\u092a\u0924\u093e\u0932 \u092e\u0947\u0902 \u092d\u0930\u094d\u0924\u0940 \u0939\u094b\u0928\u0947 \u0915\u0940 \u0905\u0935\u0927\u093f \u0915\u0941\u091b \u0939\u0940 \u0926\u093f\u0928\u094b\u0902 \u0915\u0940 \u0939\u094b\u0924\u0940 \u0939\u0948\u0964 \u0938\u0930\u094d\u091c\u0930\u0940 \u0915\u0947 \u092c\u093e\u0926 \u0932\u0917\u092d\u0917 3 \u092e\u0939\u0940\u0928\u0947 \u0924\u0915 \u091c\u093c\u094b\u0930\u0926\u093e\u0930 \u0935\u094d\u092f\u093e\u092f\u093e\u092e \u0914\u0930 \u0916\u0947\u0932\u0915\u0942\u0926 \u0938\u0947 \u092c\u091a\u0928\u093e \u091a\u093e\u0939\u093f\u090f\u0964.<\/p><\/li><li><p data-path-to-node=\"15,3,0\"><b data-path-to-node=\"15,3,0\" data-index-in-node=\"0\">\u0907\u0902\u092a\u094d\u0932\u093e\u0902\u091f \u0939\u091f\u093e\u0928\u093e:<\/b> \u0932\u0917\u092d\u0917 \u091a\u093e\u0930 \u0938\u093e\u0932 \u092c\u093e\u0926, \u091c\u092c \u091b\u093e\u0924\u0940 \u0938\u094d\u0925\u093e\u092f\u0940 \u0930\u0942\u092a \u0938\u0947 \u0905\u092a\u0928\u0947 \u0928\u090f \u0906\u0915\u093e\u0930 \u092e\u0947\u0902 \u0922\u0932 \u091c\u093e\u0924\u0940 \u0939\u0948, \u0924\u094b \u090f\u0915 \u091b\u094b\u091f\u0940 \u0938\u0940 \u092a\u094d\u0930\u0915\u094d\u0930\u093f\u092f\u093e \u0915\u0947 \u092e\u093e\u0927\u094d\u092f\u092e \u0938\u0947 \u0938\u094d\u091f\u0940\u0932 \u0915\u0947 \u0938\u092a\u094b\u0930\u094d\u091f \u0939\u091f\u093e \u0926\u093f\u090f \u091c\u093e\u0924\u0947 \u0939\u0948\u0902\u0964.<\/p><\/li><\/ul><h3 data-path-to-node=\"16\">\u0921\u0949\u0915\u094d\u091f\u0930 \u0938\u0947 \u0915\u092c \u092e\u093f\u0932\u0928\u093e \u091a\u093e\u0939\u093f\u090f?<\/h3><p data-path-to-node=\"17\">\u092f\u0926\u093f \u0928\u093f\u092e\u094d\u0928\u0932\u093f\u0916\u093f\u0924 \u0938\u094d\u0925\u093f\u0924\u093f\u092f\u093e\u0902 \u0939\u094b\u0902 \u0924\u094b \u0921\u0949\u0915\u094d\u091f\u0930 \u0938\u0947 \u0907\u0938 \u092e\u093e\u092e\u0932\u0947 \u092a\u0930 \u091a\u0930\u094d\u091a\u093e \u0915\u0930\u0928\u0947 \u0915\u0940 \u0938\u0932\u093e\u0939 \u0926\u0940 \u091c\u093e\u0924\u0940 \u0939\u0948:<\/p><ol start=\"1\" data-path-to-node=\"18\"><li><p data-path-to-node=\"18,0,0\">\u0917\u0921\u094d\u0922\u093e \u0917\u0939\u0930\u093e \u0939\u0948 \u092f\u093e \u0935\u0943\u0926\u094d\u0927\u093f \u0915\u0947 \u0938\u093e\u0925-\u0938\u093e\u0925 \u0924\u0947\u091c\u0940 \u0938\u0947 \u0917\u0939\u0930\u093e \u0939\u094b\u0924\u093e \u091c\u093e\u0924\u093e \u0939\u0948\u0964.<\/p><\/li><li><p data-path-to-node=\"18,1,0\">\u092c\u091a\u094d\u091a\u0947 \u0915\u094b \u0935\u094d\u092f\u093e\u092f\u093e\u092e \u0915\u0930\u0928\u0947 \u092a\u0930 \u0905\u0938\u093e\u092e\u093e\u0928\u094d\u092f \u0930\u0942\u092a \u0938\u0947 \u0938\u093e\u0902\u0938 \u0932\u0947\u0928\u0947 \u092e\u0947\u0902 \u0924\u0915\u0932\u0940\u092b \u0939\u094b\u0928\u0947 \u0932\u0917\u0924\u0940 \u0939\u0948 \u092f\u093e \u0938\u0940\u0928\u0947 \u092e\u0947\u0902 \u0926\u0930\u094d\u0926 \u0915\u0940 \u0936\u093f\u0915\u093e\u092f\u0924 \u0939\u094b\u0924\u0940 \u0939\u0948\u0964.<\/p><\/li><li><p data-path-to-node=\"18,2,0\">\u091b\u093e\u0924\u0940 \u092a\u0930 \u0917\u0921\u094d\u0922\u0947 \u0939\u094b\u0928\u0947 \u0938\u0947 \u092c\u091a\u094d\u091a\u0947 \u092f\u093e \u092f\u0941\u0935\u093e \u0935\u094d\u092f\u0915\u094d\u0924\u093f \u0915\u094b \u0938\u094d\u092a\u0937\u094d\u091f \u092e\u0928\u094b\u0935\u0948\u091c\u094d\u091e\u093e\u0928\u093f\u0915 \u0939\u093e\u0928\u093f \u0939\u094b\u0924\u0940 \u0939\u0948 \u092f\u093e \u0935\u0947 \u0938\u093e\u092e\u093e\u091c\u093f\u0915 \u092a\u0930\u093f\u0938\u094d\u0925\u093f\u0924\u093f\u092f\u094b\u0902 \u0938\u0947 \u0916\u0941\u0926 \u0915\u094b \u0905\u0932\u0917-\u0925\u0932\u0917 \u0915\u0930\u0928\u0947 \u0915\u0940 \u0907\u091a\u094d\u091b\u093e \u0930\u0916\u0924\u0947 \u0939\u0948\u0902\u0964.<\/p><\/li><\/ol><p>\u0921\u0941\u0913\u0921\u0947\u0938\u093f\u092e \u0932\u0947\u0916<\/p><p><a href=\"https:\/\/www.duodecimlehti.fi\/duo17674\" target=\"_blank\" rel=\"noopener\">https:\/\/www.duodecimlehti.fi\/duo17674<\/a><\/p><p>\u00a0<\/p>\t\t\t\t\t\t\t\t<\/div>\n\t\t\t\t<\/div>\n\t\t\t\t\t<\/div>\n\t\t\t\t<\/div>\n\t\t\t\t<\/div>","protected":false},"excerpt":{"rendered":"<p>Opas vanhemmille: Lapsen kuopparinta (Pectus excavatum) Kuopparinta on rintakeh\u00e4n yleisin synnynn\u00e4inen rakennepoikkeama, jossa rintalasta on painunut sis\u00e4\u00e4np\u00e4in muodostaen kuppimaisen kuopan. Se on huomattavasti yleisempi pojilla kuin tyt\u00f6ill\u00e4. Mist\u00e4 kuopparinta johtuu? Poikkeaman uskotaan johtuvan kylkirustojen liikakasvusta, joka painaa rintalastaa sis\u00e4\u00e4np\u00e4in. Usein kuopparinta tulee selv\u00e4sti esiin vasta murrosi\u00e4n kasvupyr\u00e4hdyksen yhteydess\u00e4. Vaikka tila on synnynn\u00e4inen, se on useimmiten [&hellip;]<\/p>\n","protected":false},"author":1,"featured_media":0,"parent":0,"menu_order":0,"comment_status":"closed","ping_status":"closed","template":"","meta":{"_angie_page":false,"site-sidebar-layout":"no-sidebar","site-content-layout":"page-builder","ast-site-content-layout":"full-width-container","site-content-style":"default","site-sidebar-style":"default","ast-global-header-display":"","ast-banner-title-visibility":"","ast-main-header-display":"","ast-hfb-above-header-display":"","ast-hfb-below-header-display":"","ast-hfb-mobile-header-display":"","site-post-title":"","ast-breadcrumbs-content":"","ast-featured-img":"disabled","footer-sml-layout":"","ast-disable-related-posts":"","theme-transparent-header-meta":"","adv-header-id-meta":"","stick-header-meta":"","header-above-stick-meta":"","header-main-stick-meta":"","header-below-stick-meta":"","astra-migrate-meta-layouts":"set","ast-page-background-enabled":"default","ast-page-background-meta":{"desktop":{"background-color":"","background-image":"","background-repeat":"repeat","background-position":"center center","background-size":"auto","background-attachment":"scroll","background-type":"","background-media":"","overlay-type":"","overlay-color":"","overlay-opacity":"","overlay-gradient":""},"tablet":{"background-color":"","background-image":"","background-repeat":"repeat","background-position":"center center","background-size":"auto","background-attachment":"scroll","background-type":"","background-media":"","overlay-type":"","overlay-color":"","overlay-opacity":"","overlay-gradient":""},"mobile":{"background-color":"","background-image":"","background-repeat":"repeat","background-position":"center center","background-size":"auto","background-attachment":"scroll","background-type":"","background-media":"","overlay-type":"","overlay-color":"","overlay-opacity":"","overlay-gradient":""}},"ast-content-background-meta":{"desktop":{"background-color":"var(--ast-global-color-5)","background-image":"","background-repeat":"repeat","background-position":"center center","background-size":"auto","background-attachment":"scroll","background-type":"","background-media":"","overlay-type":"","overlay-color":"","overlay-opacity":"","overlay-gradient":""},"tablet":{"background-color":"var(--ast-global-color-5)","background-image":"","background-repeat":"repeat","background-position":"center center","background-size":"auto","background-attachment":"scroll","background-type":"","background-media":"","overlay-type":"","overlay-color":"","overlay-opacity":"","overlay-gradient":""},"mobile":{"background-color":"var(--ast-global-color-5)","background-image":"","background-repeat":"repeat","background-position":"center center","background-size":"auto","background-attachment":"scroll","background-type":"","background-media":"","overlay-type":"","overlay-color":"","overlay-opacity":"","overlay-gradient":""}},"footnotes":""},"class_list":["post-1402","page","type-page","status-publish","hentry"],"_links":{"self":[{"href":"https:\/\/lastenkirurgia.fi\/hi\/wp-json\/wp\/v2\/pages\/1402","targetHints":{"allow":["GET"]}}],"collection":[{"href":"https:\/\/lastenkirurgia.fi\/hi\/wp-json\/wp\/v2\/pages"}],"about":[{"href":"https:\/\/lastenkirurgia.fi\/hi\/wp-json\/wp\/v2\/types\/page"}],"author":[{"embeddable":true,"href":"https:\/\/lastenkirurgia.fi\/hi\/wp-json\/wp\/v2\/users\/1"}],"replies":[{"embeddable":true,"href":"https:\/\/lastenkirurgia.fi\/hi\/wp-json\/wp\/v2\/comments?post=1402"}],"version-history":[{"count":4,"href":"https:\/\/lastenkirurgia.fi\/hi\/wp-json\/wp\/v2\/pages\/1402\/revisions"}],"predecessor-version":[{"id":1631,"href":"https:\/\/lastenkirurgia.fi\/hi\/wp-json\/wp\/v2\/pages\/1402\/revisions\/1631"}],"wp:attachment":[{"href":"https:\/\/lastenkirurgia.fi\/hi\/wp-json\/wp\/v2\/media?parent=1402"}],"curies":[{"name":"wp","href":"https:\/\/api.w.org\/{rel}","templated":true}]}}