{"id":1406,"date":"2026-04-09T13:57:14","date_gmt":"2026-04-09T13:57:14","guid":{"rendered":"https:\/\/darkcyan-pheasant-754087.hostingersite.com\/?page_id=1406"},"modified":"2026-04-12T07:29:05","modified_gmt":"2026-04-12T07:29:05","slug":"lapsen-raajojen-rakennepoikkeamat","status":"publish","type":"page","link":"https:\/\/lastenkirurgia.fi\/hi\/lapsen-raajojen-rakennepoikkeamat\/","title":{"rendered":"\u092c\u091a\u094d\u091a\u0947 \u0915\u0947 \u0905\u0902\u0917\u094b\u0902 \u0915\u0940 \u0938\u0902\u0930\u091a\u0928\u093e\u0924\u094d\u092e\u0915 \u0905\u0938\u093e\u092e\u093e\u0928\u094d\u092f\u0924\u093e\u090f\u0902"},"content":{"rendered":"<div data-elementor-type=\"wp-page\" data-elementor-id=\"1406\" class=\"elementor elementor-1406\" data-elementor-post-type=\"page\">\n\t\t\t\t<div class=\"elementor-element elementor-element-0a34132 e-flex e-con-boxed e-con e-parent\" data-id=\"0a34132\" data-element_type=\"container\" data-e-type=\"container\">\n\t\t\t\t\t<div class=\"e-con-inner\">\n\t\t\t\t<div class=\"elementor-element elementor-element-e85a413 elementor-widget elementor-widget-text-editor\" data-id=\"e85a413\" data-element_type=\"widget\" data-e-type=\"widget\" data-widget_type=\"text-editor.default\">\n\t\t\t\t<div class=\"elementor-widget-container\">\n\t\t\t\t\t\t\t\t\t<h2 data-path-to-node=\"2\">Lapsen raajojen rakennepoikkeamat ja jalkaterien asennot: Mik\u00e4 on normaalia?<\/h2>\n<p data-path-to-node=\"3\">Lasten kasvuun kuuluu monia vaiheita, joissa jalkojen asennot saattavat n\u00e4ytt\u00e4\u00e4 poikkeavilta, mutta ovat usein osa normaalia kehityst\u00e4. Alla on kuvattu hyvin karkeasti yleisimpi\u00e4 tilanteita. Varsinaisen arvion siit\u00e4, onko lapsen tilanne normaali vai poikkeava, olisi hyv\u00e4 aina l\u00e4\u00e4k\u00e4rin tehd\u00e4.<\/p>\n<h3 data-path-to-node=\"4\">Jalkaterien ja k\u00e4velyn asennot<\/h3>\n<ul data-path-to-node=\"5\">\n<li>\n<p data-path-to-node=\"5,0,0\"><b data-path-to-node=\"5,0,0\" data-index-in-node=\"0\">Latuskajalka ja sis\u00e4\u00e4np\u00e4in k\u00e4\u00e4ntynyt jalkater\u00e4:<\/b> N\u00e4m\u00e4 ovat lapsilla yleens\u00e4 viattomia ja paranevat usein itsest\u00e4\u00e4n. Jos jalka on joustava ja kivuton, hoitoa ei yleens\u00e4 tarvita. Pieni osa lapsista voi kuitenkin tarvita hoitoa.<\/p>\n<\/li>\n<li>\n<p data-path-to-node=\"5,1,0\"><b data-path-to-node=\"5,1,0\" data-index-in-node=\"0\">K\u00e4vely varpaat sis\u00e4\u00e4n- tai ulosp\u00e4in:<\/b> T\u00e4m\u00e4 on hyvin tavallista ja johtuu useimmiten lonkkien asennon luonnollisesta muuttumisesta kasvun my\u00f6t\u00e4. Se ei vaadi erityist\u00e4 hoitoa.<\/p>\n<\/li>\n<li>\n<p data-path-to-node=\"5,2,0\"><b data-path-to-node=\"5,2,0\" data-index-in-node=\"0\">Varpaat p\u00e4\u00e4llekk\u00e4in:<\/b> Johtuu usein j\u00e4nteiden kireydest\u00e4. T\u00e4m\u00e4 on yleens\u00e4 vain esteettinen seikka eik\u00e4 haittaa lapsen liikkumista.<\/p>\n<\/li>\n<\/ul>\n<h3 data-path-to-node=\"6\">Polvien asennot (L\u00e4nkis\u00e4\u00e4ret ja pihtipolvet)<\/h3>\n<ul data-path-to-node=\"7\">\n<li>\n<p data-path-to-node=\"7,0,0\"><b data-path-to-node=\"7,0,0\" data-index-in-node=\"0\">L\u00e4nkis\u00e4\u00e4risyys:<\/b> Tyypillist\u00e4 imev\u00e4is- ja taaperoik\u00e4isill\u00e4.<\/p>\n<\/li>\n<li>\n<p data-path-to-node=\"7,1,0\"><b data-path-to-node=\"7,1,0\" data-index-in-node=\"0\">Pihtipolvisuus:<\/b> Tavallisinta noin 3 vuoden i\u00e4ss\u00e4.<\/p>\n<\/li>\n<li>\n<p data-path-to-node=\"7,2,0\"><b data-path-to-node=\"7,2,0\" data-index-in-node=\"0\">\u0921\u0949\u0915\u094d\u091f\u0930 \u0938\u0947 \u0915\u092c \u092e\u093f\u0932\u0928\u093e \u091a\u093e\u0939\u093f\u090f?<\/b> Jos polvien asento on selv\u00e4sti toispuoleinen (vain toinen jalka oireilee), vaiva pahenee i\u00e4n my\u00f6t\u00e4 tai se on eritt\u00e4in voimakasta.<\/p>\n<\/li>\n<\/ul>\n<h3 data-path-to-node=\"8\">Synnynn\u00e4iset poikkeavuudet<\/h3>\n<ul data-path-to-node=\"9\">\n<li>\n<p data-path-to-node=\"9,0,0\"><b data-path-to-node=\"9,0,0\" data-index-in-node=\"0\">Kampurajalka:<\/b> Todetaan yleens\u00e4 jo syntyess\u00e4. Se hoidetaan erikoissairaanhoidossa, useimmiten sarjakipsauksilla ja erityisill\u00e4 kengill\u00e4.<\/p>\n<\/li>\n<li>\n<p data-path-to-node=\"9,1,0\"><b data-path-to-node=\"9,1,0\" data-index-in-node=\"0\">Yhdyssormisuus tai -varpaisuus:<\/b> Sormien ja varpaiden yhteenkasvun hoitotarve arvioidaan aina yksil\u00f6llisesti. Sormien kohdalla leikkaushoito on tavallisempaa toimintakyvyn turvaamiseksi.<\/p>\n<\/li>\n<\/ul>\n<h3 data-path-to-node=\"10\">Jalkojen pituusero<\/h3>\n<ul data-path-to-node=\"11\">\n<li>\n<p data-path-to-node=\"11,0,0\"><b data-path-to-node=\"11,0,0\" data-index-in-node=\"0\">Pienet erot:<\/b> Alle 2 cm:n pituusero jaloissa on hyvin yleist\u00e4 ja usein t\u00e4ysin haitatonta.<\/p>\n<\/li>\n<li>\n<p data-path-to-node=\"11,1,0\"><b data-path-to-node=\"11,1,0\" data-index-in-node=\"0\">Suuremmat erot:<\/b> Jos pituusero on yli 2 cm, se voi altistaa ryhtivirheille ja ontumiselle. N\u00e4iss\u00e4 tapauksissa lapsi l\u00e4hetet\u00e4\u00e4n erikoisl\u00e4\u00e4k\u00e4rin arvioon hoidon suunnittelemiseksi.<\/p>\n<\/li>\n<\/ul>\n<p data-path-to-node=\"15,3,0\">Terveyskirjaston artikkeli lasten raajojen rakennepoikkeamista<\/p>\n<p data-path-to-node=\"15,3,0\"><a href=\"https:\/\/www.terveyskirjasto.fi\/tju00140\" target=\"_blank\" rel=\"noopener\">https:\/\/www.terveyskirjasto.fi\/tju00140<\/a><\/p>\t\t\t\t\t\t\t\t<\/div>\n\t\t\t\t<\/div>\n\t\t\t\t\t<\/div>\n\t\t\t\t<\/div>\n\t\t\t\t<\/div>","protected":false},"excerpt":{"rendered":"<p>Lapsen raajojen rakennepoikkeamat ja jalkaterien asennot: Mik\u00e4 on normaalia? Lasten kasvuun kuuluu monia vaiheita, joissa jalkojen asennot saattavat n\u00e4ytt\u00e4\u00e4 poikkeavilta, mutta ovat usein osa normaalia kehityst\u00e4. Alla on kuvattu hyvin karkeasti yleisimpi\u00e4 tilanteita. Varsinaisen arvion siit\u00e4, onko lapsen tilanne normaali vai poikkeava, olisi hyv\u00e4 aina l\u00e4\u00e4k\u00e4rin tehd\u00e4. Jalkaterien ja k\u00e4velyn asennot Latuskajalka ja sis\u00e4\u00e4np\u00e4in k\u00e4\u00e4ntynyt [&hellip;]<\/p>\n","protected":false},"author":1,"featured_media":0,"parent":0,"menu_order":0,"comment_status":"closed","ping_status":"closed","template":"","meta":{"_angie_page":false,"site-sidebar-layout":"no-sidebar","site-content-layout":"page-builder","ast-site-content-layout":"full-width-container","site-content-style":"default","site-sidebar-style":"default","ast-global-header-display":"","ast-banner-title-visibility":"","ast-main-header-display":"","ast-hfb-above-header-display":"","ast-hfb-below-header-display":"","ast-hfb-mobile-header-display":"","site-post-title":"","ast-breadcrumbs-content":"","ast-featured-img":"disabled","footer-sml-layout":"","ast-disable-related-posts":"","theme-transparent-header-meta":"","adv-header-id-meta":"","stick-header-meta":"","header-above-stick-meta":"","header-main-stick-meta":"","header-below-stick-meta":"","astra-migrate-meta-layouts":"set","ast-page-background-enabled":"default","ast-page-background-meta":{"desktop":{"background-color":"","background-image":"","background-repeat":"repeat","background-position":"center center","background-size":"auto","background-attachment":"scroll","background-type":"","background-media":"","overlay-type":"","overlay-color":"","overlay-opacity":"","overlay-gradient":""},"tablet":{"background-color":"","background-image":"","background-repeat":"repeat","background-position":"center center","background-size":"auto","background-attachment":"scroll","background-type":"","background-media":"","overlay-type":"","overlay-color":"","overlay-opacity":"","overlay-gradient":""},"mobile":{"background-color":"","background-image":"","background-repeat":"repeat","background-position":"center center","background-size":"auto","background-attachment":"scroll","background-type":"","background-media":"","overlay-type":"","overlay-color":"","overlay-opacity":"","overlay-gradient":""}},"ast-content-background-meta":{"desktop":{"background-color":"var(--ast-global-color-5)","background-image":"","background-repeat":"repeat","background-position":"center center","background-size":"auto","background-attachment":"scroll","background-type":"","background-media":"","overlay-type":"","overlay-color":"","overlay-opacity":"","overlay-gradient":""},"tablet":{"background-color":"var(--ast-global-color-5)","background-image":"","background-repeat":"repeat","background-position":"center center","background-size":"auto","background-attachment":"scroll","background-type":"","background-media":"","overlay-type":"","overlay-color":"","overlay-opacity":"","overlay-gradient":""},"mobile":{"background-color":"var(--ast-global-color-5)","background-image":"","background-repeat":"repeat","background-position":"center center","background-size":"auto","background-attachment":"scroll","background-type":"","background-media":"","overlay-type":"","overlay-color":"","overlay-opacity":"","overlay-gradient":""}},"footnotes":""},"class_list":["post-1406","page","type-page","status-publish","hentry"],"_links":{"self":[{"href":"https:\/\/lastenkirurgia.fi\/hi\/wp-json\/wp\/v2\/pages\/1406","targetHints":{"allow":["GET"]}}],"collection":[{"href":"https:\/\/lastenkirurgia.fi\/hi\/wp-json\/wp\/v2\/pages"}],"about":[{"href":"https:\/\/lastenkirurgia.fi\/hi\/wp-json\/wp\/v2\/types\/page"}],"author":[{"embeddable":true,"href":"https:\/\/lastenkirurgia.fi\/hi\/wp-json\/wp\/v2\/users\/1"}],"replies":[{"embeddable":true,"href":"https:\/\/lastenkirurgia.fi\/hi\/wp-json\/wp\/v2\/comments?post=1406"}],"version-history":[{"count":10,"href":"https:\/\/lastenkirurgia.fi\/hi\/wp-json\/wp\/v2\/pages\/1406\/revisions"}],"predecessor-version":[{"id":1605,"href":"https:\/\/lastenkirurgia.fi\/hi\/wp-json\/wp\/v2\/pages\/1406\/revisions\/1605"}],"wp:attachment":[{"href":"https:\/\/lastenkirurgia.fi\/hi\/wp-json\/wp\/v2\/media?parent=1406"}],"curies":[{"name":"wp","href":"https:\/\/api.w.org\/{rel}","templated":true}]}}