{"id":1366,"date":"2026-04-09T13:49:49","date_gmt":"2026-04-09T13:49:49","guid":{"rendered":"https:\/\/darkcyan-pheasant-754087.hostingersite.com\/?page_id=1366"},"modified":"2026-04-12T14:30:16","modified_gmt":"2026-04-12T14:30:16","slug":"lapsen-selan-rasitusmurtuma","status":"publish","type":"page","link":"https:\/\/lastenkirurgia.fi\/it\/lapsen-selan-rasitusmurtuma\/","title":{"rendered":"Frattura da stress della schiena di un bambino"},"content":{"rendered":"<div data-elementor-type=\"wp-page\" data-elementor-id=\"1366\" class=\"elementor elementor-1366\" data-elementor-post-type=\"page\">\n\t\t\t\t<div class=\"elementor-element elementor-element-5970ab2 e-flex e-con-boxed e-con e-parent\" data-id=\"5970ab2\" data-element_type=\"container\" data-e-type=\"container\">\n\t\t\t\t\t<div class=\"e-con-inner\">\n\t\t\t\t<div class=\"elementor-element elementor-element-dd01e31 elementor-widget elementor-widget-text-editor\" data-id=\"dd01e31\" data-element_type=\"widget\" data-e-type=\"widget\" data-widget_type=\"text-editor.default\">\n\t\t\t\t<div class=\"elementor-widget-container\">\n\t\t\t\t\t\t\t\t\t<h2 data-path-to-node=\"2\">Lesioni da sforzo alla schiena in bambini e adolescenti: frattura da stress e osteopatia da stress<\/h2><p data-path-to-node=\"3\">Il mal di schiena nei bambini e negli adolescenti in crescita \u00e8 un sintomo che va sempre preso sul serio. Soprattutto nei giovani che praticano sport a livello agonistico, il mal di schiena pu\u00f2 talvolta essere causato da una lesione da stiramento dell&#039;arco posteriore della vertebra.<\/p><p data-path-to-node=\"4\">Questo infortunio si divide in due fasi: <b data-path-to-node=\"4\" data-index-in-node=\"39\">osteopatia da stress<\/b> (stato di stress del precursore osseo) e l&#039;effettivo <b data-path-to-node=\"4\" data-index-in-node=\"104\">frattura da stress<\/b> (<i data-path-to-node=\"4\" data-index-in-node=\"122\">spondilolisi<\/i>).<\/p><h3 data-path-to-node=\"5\">Che cos&#039;\u00e8 l&#039;osteopatia da stress e la frattura da stress?<\/h3><ul data-path-to-node=\"6\"><li><p data-path-to-node=\"6,0,0\"><b data-path-to-node=\"6,0,0\" data-index-in-node=\"0\">Osteopatia da stress:<\/b> Questa \u00e8 la fase preliminare di una frattura. L&#039;osso \u00e8 sovraccarico e si verifica gonfiore, ma la linea di frattura vera e propria non si \u00e8 ancora formata. In questa fase, la lesione di solito guarisce rapidamente con il riposo.<\/p><\/li><li><p data-path-to-node=\"6,1,0\"><b data-path-to-node=\"6,1,0\" data-index-in-node=\"0\">Frattura da stress (spondilolisi):<\/b> Se la sollecitazione persiste nonostante i sintomi, pu\u00f2 verificarsi una frattura dell&#039;arco posteriore della vertebra. Nei bambini e negli adolescenti, l&#039;arco posteriore della vertebra \u00e8 ancora in fase di crescita ed \u00e8 quindi pi\u00f9 sensibile alle sollecitazioni meccaniche.<\/p><\/li><\/ul><h3 data-path-to-node=\"7\">Specie a rischio?<\/h3><p data-path-to-node=\"8\">Questo tipo di infortunio si verifica tipicamente negli sport che comportano sollecitazioni ripetitive sulla schiena. <b data-path-to-node=\"8\" data-index-in-node=\"72\">forte flessione all&#039;indietro (estensione) e rotazioni<\/b>. Tra queste specie si annoverano, ad esempio:<\/p><ul data-path-to-node=\"9\"><li><p data-path-to-node=\"9,0,0\">Ginnastica e pattinaggio artistico<\/p><\/li><li><p data-path-to-node=\"9,1,0\">Atletica leggera (ad esempio lancio del giavellotto, salto in alto)<\/p><\/li><li><p data-path-to-node=\"9,2,0\">Sport con la palla (ad esempio calcio, floorball, tennis)<\/p><\/li><\/ul><h3 data-path-to-node=\"10\">Identificare i sintomi<\/h3><p data-path-to-node=\"11\">Un paziente tipico \u00e8 un atleta adolescente che presenta i seguenti sintomi:<\/p><ul data-path-to-node=\"12\"><li><p data-path-to-node=\"12,0,0\"><b data-path-to-node=\"12,0,0\" data-index-in-node=\"0\">Dolore lombare localizzato:<\/b> Il dolore si avverte nella parte bassa della schiena, spesso da un solo lato.<\/p><\/li><li><p data-path-to-node=\"12,1,0\"><b data-path-to-node=\"12,1,0\" data-index-in-node=\"0\">Dolore sotto sforzo:<\/b> Il dolore si acuisce soprattutto quando si inarca la schiena all&#039;indietro, ma pu\u00f2 anche essere pi\u00f9 vago.<\/p><\/li><li><p data-path-to-node=\"12,2,0\"><b data-path-to-node=\"12,2,0\" data-index-in-node=\"0\">L&#039;effetto del riposo:<\/b> Il dolore si attenua con il riposo, ma ritorna non appena si riprende l&#039;attivit\u00e0 sportiva. A volte il dolore pu\u00f2 essere piuttosto costante.<\/p><\/li><\/ul><h3 data-path-to-node=\"13\">Diagnosi \u2013 Come viene diagnosticata la lesione?<\/h3><p data-path-to-node=\"14\">Le lesioni da sforzo alla schiena nei bambini sono difficili da diagnosticare con le radiografie standard, poich\u00e9 l&#039;osteopatia da sforzo in fase iniziale non \u00e8 visibile in queste immagini.<\/p><ul data-path-to-node=\"15\"><li><p data-path-to-node=\"15,0,0\"><b data-path-to-node=\"15,0,0\" data-index-in-node=\"0\">Risonanza magnetica (RM):<\/b> \u00c8 il metodo di esame migliore. Permette di individuare il gonfiore osseo (edema) anche prima che si verifichi una frattura.<\/p><\/li><li><p data-path-to-node=\"15,1,0\"><b data-path-to-node=\"15,1,0\" data-index-in-node=\"0\">Raggi X:<\/b> Pu\u00f2 evidenziare una frattura preesistente, ma non \u00e8 sufficiente per diagnosticare la situazione iniziale.<\/p><\/li><\/ul><h3 data-path-to-node=\"16\">Trattamento e recupero<\/h3><p data-path-to-node=\"17\">La pietra angolare del trattamento \u00e8 <b data-path-to-node=\"17\" data-index-in-node=\"20\">riposo sufficiente e prolungato<\/b> dallo stress sportivo.<\/p><ol start=\"1\" data-path-to-node=\"18\"><li><p data-path-to-node=\"18,0,0\"><b data-path-to-node=\"18,0,0\" data-index-in-node=\"0\">Riposo (2-4 mesi):<\/b> Il divieto di praticare sport dura in genere un paio di mesi. Durante questo periodo, \u00e8 necessario evitare di colpire, saltare e torcere la schiena.<\/p><\/li><li><p data-path-to-node=\"18,1,0\"><b data-path-to-node=\"18,1,0\" data-index-in-node=\"0\">Fisioterapia:<\/b> Svolge un ruolo cruciale. Il fisioterapista guida il controllo del tronco e corregge eventuali posture scorrette o rigidit\u00e0 (ad esempio, muscoli posteriori della coscia contratti) che aumentano il carico sulla parte bassa della schiena.<\/p><\/li><li><p data-path-to-node=\"18,2,0\"><b data-path-to-node=\"18,2,0\" data-index-in-node=\"0\">Ritorno graduale:<\/b> Potrai riprendere l&#039;attivit\u00e0 sportiva solo quando la schiena sar\u00e0 completamente priva di dolore e il tuo medico ti dar\u00e0 il permesso.<\/p><\/li><\/ol><p>Articolo di Health Village<\/p><p><a href=\"https:\/\/www.terveyskyla.fi\/lastentalo\/lasten-kehitys-ja-erityistarpeet\/lasten-ja-nuorten-ortopedia\/selkaranka\/rasitusosteopatia-spondylolyysi-ja-spondylolisteesi\" target=\"_blank\" rel=\"noopener\">https:\/\/www.terveyskyla.fi\/lastentalo\/lasten-kehitys-ja-erityistarpeet\/lasten-ja-nuorten-ortopedia\/selkaranka\/rasitusosteopatia-spondylolyysi-ja-spondylolisteesi<\/a><\/p><p>L&#039;articolo di Duodecim<\/p><p><a href=\"https:\/\/www.duodecimlehti.fi\/duo15199\" target=\"_blank\" rel=\"noopener\">https:\/\/www.duodecimlehti.fi\/duo15199<\/a><\/p><p>Orthobullets<\/p><p><a href=\"https:\/\/www.orthobullets.com\/spine\/2058\/pediatric-spondylolysis-and-spondylolisthesis\" target=\"_blank\" rel=\"noopener\">https:\/\/www.orthobullets.com\/spine\/2058\/pediatric-spondylolysis-and-spondylolisthesis<\/a><\/p>\t\t\t\t\t\t\t\t<\/div>\n\t\t\t\t<\/div>\n\t\t\t\t\t<\/div>\n\t\t\t\t<\/div>\n\t\t\t\t<\/div>","protected":false},"excerpt":{"rendered":"<p>Lasten ja nuorten sel\u00e4n rasitusvammat: Rasitusmurtuma ja rasitusosteopatia Selk\u00e4kipu on kasvavilla lapsilla ja nuorilla oire, johon tulee aina suhtautua vakavasti. Erityisesti tavoitteellisesti urheilevilla nuorilla selk\u00e4kivun taustalta saattaa joskus l\u00f6yty\u00e4 nikaman takakaaren rasitusvamma. T\u00e4m\u00e4 vamma jaetaan kahteen vaiheeseen: rasitusosteopatiaan (luun esiasteen rasitustila) ja varsinaiseen rasitusmurtumaan (spondylolyysi). Mik\u00e4 on rasitusosteopatia ja rasitusmurtuma? Rasitusosteopatia: T\u00e4m\u00e4 on murtuman esiaste. [&hellip;]<\/p>\n","protected":false},"author":1,"featured_media":0,"parent":0,"menu_order":0,"comment_status":"closed","ping_status":"closed","template":"","meta":{"_angie_page":false,"site-sidebar-layout":"no-sidebar","site-content-layout":"page-builder","ast-site-content-layout":"full-width-container","site-content-style":"default","site-sidebar-style":"default","ast-global-header-display":"","ast-banner-title-visibility":"","ast-main-header-display":"","ast-hfb-above-header-display":"","ast-hfb-below-header-display":"","ast-hfb-mobile-header-display":"","site-post-title":"","ast-breadcrumbs-content":"","ast-featured-img":"disabled","footer-sml-layout":"","ast-disable-related-posts":"","theme-transparent-header-meta":"","adv-header-id-meta":"","stick-header-meta":"","header-above-stick-meta":"","header-main-stick-meta":"","header-below-stick-meta":"","astra-migrate-meta-layouts":"set","ast-page-background-enabled":"default","ast-page-background-meta":{"desktop":{"background-color":"","background-image":"","background-repeat":"repeat","background-position":"center center","background-size":"auto","background-attachment":"scroll","background-type":"","background-media":"","overlay-type":"","overlay-color":"","overlay-opacity":"","overlay-gradient":""},"tablet":{"background-color":"","background-image":"","background-repeat":"repeat","background-position":"center center","background-size":"auto","background-attachment":"scroll","background-type":"","background-media":"","overlay-type":"","overlay-color":"","overlay-opacity":"","overlay-gradient":""},"mobile":{"background-color":"","background-image":"","background-repeat":"repeat","background-position":"center center","background-size":"auto","background-attachment":"scroll","background-type":"","background-media":"","overlay-type":"","overlay-color":"","overlay-opacity":"","overlay-gradient":""}},"ast-content-background-meta":{"desktop":{"background-color":"var(--ast-global-color-5)","background-image":"","background-repeat":"repeat","background-position":"center center","background-size":"auto","background-attachment":"scroll","background-type":"","background-media":"","overlay-type":"","overlay-color":"","overlay-opacity":"","overlay-gradient":""},"tablet":{"background-color":"var(--ast-global-color-5)","background-image":"","background-repeat":"repeat","background-position":"center center","background-size":"auto","background-attachment":"scroll","background-type":"","background-media":"","overlay-type":"","overlay-color":"","overlay-opacity":"","overlay-gradient":""},"mobile":{"background-color":"var(--ast-global-color-5)","background-image":"","background-repeat":"repeat","background-position":"center center","background-size":"auto","background-attachment":"scroll","background-type":"","background-media":"","overlay-type":"","overlay-color":"","overlay-opacity":"","overlay-gradient":""}},"footnotes":""},"class_list":["post-1366","page","type-page","status-publish","hentry"],"_links":{"self":[{"href":"https:\/\/lastenkirurgia.fi\/it\/wp-json\/wp\/v2\/pages\/1366","targetHints":{"allow":["GET"]}}],"collection":[{"href":"https:\/\/lastenkirurgia.fi\/it\/wp-json\/wp\/v2\/pages"}],"about":[{"href":"https:\/\/lastenkirurgia.fi\/it\/wp-json\/wp\/v2\/types\/page"}],"author":[{"embeddable":true,"href":"https:\/\/lastenkirurgia.fi\/it\/wp-json\/wp\/v2\/users\/1"}],"replies":[{"embeddable":true,"href":"https:\/\/lastenkirurgia.fi\/it\/wp-json\/wp\/v2\/comments?post=1366"}],"version-history":[{"count":7,"href":"https:\/\/lastenkirurgia.fi\/it\/wp-json\/wp\/v2\/pages\/1366\/revisions"}],"predecessor-version":[{"id":1613,"href":"https:\/\/lastenkirurgia.fi\/it\/wp-json\/wp\/v2\/pages\/1366\/revisions\/1613"}],"wp:attachment":[{"href":"https:\/\/lastenkirurgia.fi\/it\/wp-json\/wp\/v2\/media?parent=1366"}],"curies":[{"name":"wp","href":"https:\/\/api.w.org\/{rel}","templated":true}]}}