{"id":1370,"date":"2026-04-09T13:50:59","date_gmt":"2026-04-09T13:50:59","guid":{"rendered":"https:\/\/darkcyan-pheasant-754087.hostingersite.com\/?page_id=1370"},"modified":"2026-04-11T12:57:53","modified_gmt":"2026-04-11T12:57:53","slug":"lapsen-ihomuutoksen-poisto","status":"publish","type":"page","link":"https:\/\/lastenkirurgia.fi\/it\/lapsen-ihomuutoksen-poisto\/","title":{"rendered":"Rimozione di una lesione cutanea in un bambino"},"content":{"rendered":"<div data-elementor-type=\"wp-page\" data-elementor-id=\"1370\" class=\"elementor elementor-1370\" data-elementor-post-type=\"page\">\n\t\t\t\t<div class=\"elementor-element elementor-element-769c94c e-flex e-con-boxed e-con e-parent\" data-id=\"769c94c\" data-element_type=\"container\" data-e-type=\"container\">\n\t\t\t\t\t<div class=\"e-con-inner\">\n\t\t\t\t<div class=\"elementor-element elementor-element-2855bef elementor-widget elementor-widget-text-editor\" data-id=\"2855bef\" data-element_type=\"widget\" data-e-type=\"widget\" data-widget_type=\"text-editor.default\">\n\t\t\t\t<div class=\"elementor-widget-container\">\n\t\t\t\t\t\t\t\t\t<h2 data-path-to-node=\"2\">Rimozione di una lesione cutanea su un bambino: istruzioni per i genitori<\/h2><p data-path-to-node=\"3\">La rimozione di alterazioni cutanee, come nei o altre piccole lesioni della pelle, \u00e8 una procedura comune nei bambini. Il nostro obiettivo \u00e8 rendere la procedura la pi\u00f9 sicura e meno stressante possibile per il bambino.<\/p><h3 data-path-to-node=\"4\">Anestesia o anestesia?<\/h3><p data-path-to-node=\"5\">La procedura pu\u00f2 essere eseguita in anestesia locale o in anestesia generale, a seconda dell&#039;et\u00e0 del bambino e del suo livello di tensione.<\/p><ul data-path-to-node=\"6\"><li><p data-path-to-node=\"6,0,0\"><b data-path-to-node=\"6,0,0\" data-index-in-node=\"0\">Anestesia locale:<\/b> La procedura ha spesso successo nei bambini vivaci in et\u00e0 scolare, se eseguita in anestesia generale. Se il bambino acconsente all&#039;anestesia, la procedura stessa di solito si svolge senza problemi.<\/p><\/li><li><p data-path-to-node=\"6,1,0\"><b data-path-to-node=\"6,1,0\" data-index-in-node=\"0\">Anestetico:<\/b> Se il bambino \u00e8 molto spaventato o ansioso riguardo alla situazione, non \u00e8 consigliabile forzarlo ad assumere l&#039;anestesia locale. In questo caso, \u00e8 meglio fissare un nuovo appuntamento per la procedura, che verr\u00e0 eseguita in anestesia generale (anestesia generale breve). In questo modo, il bambino non avr\u00e0 timori o ricordi spiacevoli della procedura.<\/p><\/li><\/ul><h3 data-path-to-node=\"7\">Prima della procedura<\/h3><ul data-path-to-node=\"8\"><li><p data-path-to-node=\"8,0,0\">Parlate in anticipo con vostro figlio di cosa aspettarsi. Spiegategli che il medico anestetizzer\u00e0 solo una piccola area di pelle o che potr\u00e0 fare dei brevi sonnellini durante la procedura.<\/p><\/li><li><p data-path-to-node=\"8,1,0\">Se la procedura viene eseguita in anestesia, riceverete istruzioni separate riguardo al digiuno.<\/p><\/li><\/ul><hr data-path-to-node=\"9\" \/><h3 data-path-to-node=\"10\">Dopo la procedura e le cure domiciliari<\/h3><p data-path-to-node=\"11\">L&#039;intervento di rimozione in s\u00e9 \u00e8 rapido. La ferita di solito si chiude. <b data-path-to-node=\"11\" data-index-in-node=\"53\">con cuciture lisce<\/b>, che non necessitano di essere rimossi: scompariranno da soli col tempo.<\/p><p data-path-to-node=\"12\"><b data-path-to-node=\"12\" data-index-in-node=\"0\">Recupero e limitazioni:<\/b> Per una guarigione tranquilla della ferita, \u00e8 importante evitare di stirare e bagnare la zona interessata nei primi giorni.<\/p><ul data-path-to-node=\"13\"><li><p data-path-to-node=\"13,0,0\"><b data-path-to-node=\"13,0,0\" data-index-in-node=\"0\">Scuola:<\/b> Il bambino di solito pu\u00f2 tornare a scuola o all&#039;asilo nido gi\u00e0 il giorno successivo.<\/p><\/li><li><p data-path-to-node=\"13,1,0\"><b data-path-to-node=\"13,1,0\" data-index-in-node=\"0\">Esercizio fisico e sport:<\/b> Di <b data-path-to-node=\"13,1,0\" data-index-in-node=\"26\">una settimana di pausa<\/b> \u00c8 necessario evitare l&#039;attivit\u00e0 sportiva per prevenire la riapertura o l&#039;allungamento della ferita.<\/p><\/li><li><p data-path-to-node=\"13,2,0\"><b data-path-to-node=\"13,2,0\" data-index-in-node=\"0\">Sauna e piscina:<\/b> Per evitare che la ferita si infetti, \u00e8 necessario evitare saune, nuoto e bagni per circa <b data-path-to-node=\"13,2,0\" data-index-in-node=\"93\">per una settimana<\/b>. \u00c8 possibile fare la doccia normalmente (di solito dopo 24 ore), purch\u00e9 la zona della ferita venga asciugata tamponando delicatamente.<\/p><\/li><\/ul>\t\t\t\t\t\t\t\t<\/div>\n\t\t\t\t<\/div>\n\t\t\t\t\t<\/div>\n\t\t\t\t<\/div>\n\t\t\t\t<\/div>","protected":false},"excerpt":{"rendered":"<p>Lapsen ihomuutoksen poisto \u2013 ohjeita vanhemmille Ihomuutosten, kuten luomien tai muiden pienten ihopatitien, poisto on lapsilla tavallinen toimenpide. Tavoitteenamme on tehd\u00e4 toimenpiteest\u00e4 lapselle mahdollisimman turvallinen ja v\u00e4h\u00e4n j\u00e4nnitt\u00e4v\u00e4 kokemus. Puudutus vai nukutus? Toimenpide voidaan tehd\u00e4 joko paikallispuudutuksessa tai nukutuksessa lapsen i\u00e4st\u00e4 ja j\u00e4nnityksest\u00e4 riippuen. Paikallispuudutus: Toimenpide onnistuu usein jo ala-asteik\u00e4isilt\u00e4 reippailta lapsilta puudutuksessa. Jos lapsi [&hellip;]<\/p>\n","protected":false},"author":1,"featured_media":0,"parent":0,"menu_order":0,"comment_status":"closed","ping_status":"closed","template":"","meta":{"_angie_page":false,"site-sidebar-layout":"no-sidebar","site-content-layout":"page-builder","ast-site-content-layout":"full-width-container","site-content-style":"default","site-sidebar-style":"default","ast-global-header-display":"","ast-banner-title-visibility":"","ast-main-header-display":"","ast-hfb-above-header-display":"","ast-hfb-below-header-display":"","ast-hfb-mobile-header-display":"","site-post-title":"","ast-breadcrumbs-content":"","ast-featured-img":"disabled","footer-sml-layout":"","ast-disable-related-posts":"","theme-transparent-header-meta":"","adv-header-id-meta":"","stick-header-meta":"","header-above-stick-meta":"","header-main-stick-meta":"","header-below-stick-meta":"","astra-migrate-meta-layouts":"set","ast-page-background-enabled":"default","ast-page-background-meta":{"desktop":{"background-color":"","background-image":"","background-repeat":"repeat","background-position":"center center","background-size":"auto","background-attachment":"scroll","background-type":"","background-media":"","overlay-type":"","overlay-color":"","overlay-opacity":"","overlay-gradient":""},"tablet":{"background-color":"","background-image":"","background-repeat":"repeat","background-position":"center center","background-size":"auto","background-attachment":"scroll","background-type":"","background-media":"","overlay-type":"","overlay-color":"","overlay-opacity":"","overlay-gradient":""},"mobile":{"background-color":"","background-image":"","background-repeat":"repeat","background-position":"center center","background-size":"auto","background-attachment":"scroll","background-type":"","background-media":"","overlay-type":"","overlay-color":"","overlay-opacity":"","overlay-gradient":""}},"ast-content-background-meta":{"desktop":{"background-color":"var(--ast-global-color-5)","background-image":"","background-repeat":"repeat","background-position":"center center","background-size":"auto","background-attachment":"scroll","background-type":"","background-media":"","overlay-type":"","overlay-color":"","overlay-opacity":"","overlay-gradient":""},"tablet":{"background-color":"var(--ast-global-color-5)","background-image":"","background-repeat":"repeat","background-position":"center center","background-size":"auto","background-attachment":"scroll","background-type":"","background-media":"","overlay-type":"","overlay-color":"","overlay-opacity":"","overlay-gradient":""},"mobile":{"background-color":"var(--ast-global-color-5)","background-image":"","background-repeat":"repeat","background-position":"center center","background-size":"auto","background-attachment":"scroll","background-type":"","background-media":"","overlay-type":"","overlay-color":"","overlay-opacity":"","overlay-gradient":""}},"footnotes":""},"class_list":["post-1370","page","type-page","status-publish","hentry"],"_links":{"self":[{"href":"https:\/\/lastenkirurgia.fi\/it\/wp-json\/wp\/v2\/pages\/1370","targetHints":{"allow":["GET"]}}],"collection":[{"href":"https:\/\/lastenkirurgia.fi\/it\/wp-json\/wp\/v2\/pages"}],"about":[{"href":"https:\/\/lastenkirurgia.fi\/it\/wp-json\/wp\/v2\/types\/page"}],"author":[{"embeddable":true,"href":"https:\/\/lastenkirurgia.fi\/it\/wp-json\/wp\/v2\/users\/1"}],"replies":[{"embeddable":true,"href":"https:\/\/lastenkirurgia.fi\/it\/wp-json\/wp\/v2\/comments?post=1370"}],"version-history":[{"count":4,"href":"https:\/\/lastenkirurgia.fi\/it\/wp-json\/wp\/v2\/pages\/1370\/revisions"}],"predecessor-version":[{"id":1538,"href":"https:\/\/lastenkirurgia.fi\/it\/wp-json\/wp\/v2\/pages\/1370\/revisions\/1538"}],"wp:attachment":[{"href":"https:\/\/lastenkirurgia.fi\/it\/wp-json\/wp\/v2\/media?parent=1370"}],"curies":[{"name":"wp","href":"https:\/\/api.w.org\/{rel}","templated":true}]}}