{"id":1380,"date":"2026-04-09T13:52:34","date_gmt":"2026-04-09T13:52:34","guid":{"rendered":"https:\/\/darkcyan-pheasant-754087.hostingersite.com\/?page_id=1380"},"modified":"2026-04-12T15:52:33","modified_gmt":"2026-04-12T15:52:33","slug":"lapsen-kastelu","status":"publish","type":"page","link":"https:\/\/lastenkirurgia.fi\/it\/lapsen-kastelu\/","title":{"rendered":"Bagnare un bambino"},"content":{"rendered":"<div data-elementor-type=\"wp-page\" data-elementor-id=\"1380\" class=\"elementor elementor-1380\" data-elementor-post-type=\"page\">\n\t\t\t\t<div class=\"elementor-element elementor-element-0a69728 e-flex e-con-boxed e-con e-parent\" data-id=\"0a69728\" data-element_type=\"container\" data-e-type=\"container\">\n\t\t\t\t\t<div class=\"e-con-inner\">\n\t\t\t\t<div class=\"elementor-element elementor-element-a998f74 elementor-widget elementor-widget-text-editor\" data-id=\"a998f74\" data-element_type=\"widget\" data-e-type=\"widget\" data-widget_type=\"text-editor.default\">\n\t\t\t\t<div class=\"elementor-widget-container\">\n\t\t\t\t\t\t\t\t\t<h2 data-path-to-node=\"2\">Irritabilit\u00e0 in un bambino \u2013 Istruzioni per la casa e la cura<\/h2><p data-path-to-node=\"3\">Il controllo della vescica di un bambino \u00e8 un&#039;abilit\u00e0 complessa che matura individualmente, di solito <b data-path-to-node=\"3\" data-index-in-node=\"87\">Per bambini dai 4 ai 6 anni<\/b> L&#039;enuresi come unico sintomo \u00e8 molto raramente indice di malattia, ma pu\u00f2 mettere a dura prova l&#039;autostima del bambino e la vita quotidiana della famiglia.<\/p><h3 data-path-to-node=\"4\">1. Enuresi notturna<\/h3><p data-path-to-node=\"5\">L&#039;enuresi notturna \u00e8 spesso causata da un sonno profondo (il bambino non si sveglia con la sensazione di vescica piena) o da una regolazione incompleta della minzione notturna. La predisposizione \u00e8 spesso ereditaria.<\/p><p data-path-to-node=\"6\"><b data-path-to-node=\"6\" data-index-in-node=\"0\">Cura di s\u00e9 a casa:<\/b><\/p><ul data-path-to-node=\"7\"><li><p data-path-to-node=\"7,0,0\"><b data-path-to-node=\"7,0,0\" data-index-in-node=\"0\">Bere la sera:<\/b> Limita il consumo di alcol circa due ore prima di andare a dormire. \u00c8 consigliabile cenare all&#039;incirca alla stessa ora.<\/p><\/li><li><p data-path-to-node=\"7,1,0\"><b data-path-to-node=\"7,1,0\" data-index-in-node=\"0\">Routine in bagno:<\/b> Vai in bagno subito prima di andare a letto.<\/p><\/li><li><p data-path-to-node=\"7,2,0\"><b data-path-to-node=\"7,2,0\" data-index-in-node=\"0\">Pannolino notturno:<\/b> L&#039;uso del pannolino \u00e8 consentito e non rallenter\u00e0 il processo di adattamento all&#039;asciutto. Pu\u00f2 migliorare la qualit\u00e0 del sonno di tutti e ridurre il bucato.<\/p><\/li><li><p data-path-to-node=\"7,3,0\"><b data-path-to-node=\"7,3,0\" data-index-in-node=\"0\">Posizione:<\/b> Non biasimare n\u00e9 punire. Loda i successi (notti senza alcol).<\/p><\/li><\/ul><p data-path-to-node=\"8\"><b data-path-to-node=\"8\" data-index-in-node=\"0\">Quando \u00e8 opportuno sottoporsi al trattamento?<\/b> Se un bambino di et\u00e0 superiore ai 6 anni bagna costantemente il letto e avverte fastidio, \u00e8 opportuno consultare un medico.<\/p><ul data-path-to-node=\"9\"><li><p data-path-to-node=\"9,0,0\"><b data-path-to-node=\"9,0,0\" data-index-in-node=\"0\">Allarme irrigazione:<\/b> Un metodo efficace (circa 70 benefici %) che insegna al cervello a svegliarsi quando la vescica \u00e8 piena. Richiede l&#039;impegno della famiglia per mesi.<\/p><\/li><li><p data-path-to-node=\"9,1,0\"><b data-path-to-node=\"9,1,0\" data-index-in-node=\"0\">Terapia farmacologica (Desmopressina):<\/b> Riduce la quantit\u00e0 di urina emessa durante la notte. Aiuta molte persone a rimanere asciutte, ad esempio durante le visite notturne.<\/p><\/li><\/ul><hr data-path-to-node=\"10\" \/><h3 data-path-to-node=\"11\">2. Annaffiare quotidianamente<\/h3><p data-path-to-node=\"12\">L&#039;enuresi notturna \u00e8 spesso causata dalla dimenticanza di urinare nell&#039;eccitazione del gioco o dal tentativo di trattenersi troppo a lungo.<\/p><p data-path-to-node=\"13\"><b data-path-to-node=\"13\" data-index-in-node=\"0\">Cura di s\u00e9 ed esercizio fisico:<\/b><\/p><ul data-path-to-node=\"14\"><li><p data-path-to-node=\"14,0,0\"><b data-path-to-node=\"14,0,0\" data-index-in-node=\"0\">Ritmo minzionale regolare:<\/b> Utilizzare un \u201dorologio\u201d come guida. L\u2019intervallo appropriato tra le minzioni \u00e8 approssimativamente <b data-path-to-node=\"14,0,0\" data-index-in-node=\"81\">2 ore<\/b>. \u00c8 opportuno evitare intervalli superiori alle 4 ore.<\/p><\/li><li><p data-path-to-node=\"14,1,0\"><b data-path-to-node=\"14,1,0\" data-index-in-node=\"0\">Una tranquilla visita al bagno:<\/b> Non \u00e8 consentito urinare nel water. \u00c8 necessario svuotare completamente la vescica e, se necessario, riprovare a urinare dopo una breve pausa.<\/p><\/li><li><p data-path-to-node=\"14,2,0\"><b data-path-to-node=\"14,2,0\" data-index-in-node=\"0\">Igiene:<\/b> Lavate quotidianamente la pelle della parte inferiore dell&#039;addome con acqua semplice. Irritazioni o bruciore possono aumentare lo stimolo a urinare.<\/p><\/li><li><p data-path-to-node=\"14,3,0\"><b data-path-to-node=\"14,3,0\" data-index-in-node=\"0\">Evitare gli stimoli:<\/b> Le bevande gassate ad alto contenuto di zucchero o caffeina possono irritare la vescica.<\/p><\/li><li>A volte si pu\u00f2 provare il farmaco ossibutinina<\/li><\/ul><hr data-path-to-node=\"15\" \/><h3 data-path-to-node=\"16\">3. Attenzione alla stitichezza!<\/h3><p data-path-to-node=\"17\">La stitichezza \u00e8 una causa comune di incontinenza sia notturna che diurna. L&#039;intestino pieno esercita pressione sulla vescica e ne compromette la funzionalit\u00e0. <b data-path-to-node=\"17\" data-index-in-node=\"113\">Assicurati che lo stomaco di tuo figlio funzioni correttamente e ogni giorno.<\/b><\/p><hr data-path-to-node=\"18\" \/><h3 data-path-to-node=\"19\">Quando \u00e8 necessario consultare immediatamente un medico?<\/h3><p data-path-to-node=\"20\">Consultare un medico se l&#039;irrigazione \u00e8 accompagnata da uno qualsiasi dei seguenti sintomi:<\/p><ol start=\"1\" data-path-to-node=\"21\"><li><p data-path-to-node=\"21,0,0\">L&#039;irrigazione riprende dopo una lunga stagione secca ed \u00e8 accompagnata da <b data-path-to-node=\"21,0,0\" data-index-in-node=\"71\">sete eccessiva, perdita di peso o forte affaticamento<\/b>.<\/p><\/li><li><p data-path-to-node=\"21,1,0\">La minzione \u00e8 <b data-path-to-node=\"21,1,0\" data-index-in-node=\"16\">doloroso<\/b> oppure l&#039;urina ha un odore\/colore insolito.<\/p><\/li><li><p data-path-to-node=\"21,2,0\">Il bambino presenta perdite fecali persistenti o stitichezza grave.<\/p><\/li><\/ol><p>Articolo della Biblioteca della Salute<\/p><p><a href=\"https:\/\/www.terveyskirjasto.fi\/dlk00134\" target=\"_blank\" rel=\"noopener\">https:\/\/www.terveyskirjasto.fi\/dlk00134<\/a><\/p><p>\u00a0<\/p>\t\t\t\t\t\t\t\t<\/div>\n\t\t\t\t<\/div>\n\t\t\t\t\t<\/div>\n\t\t\t\t<\/div>\n\t\t\t\t<\/div>","protected":false},"excerpt":{"rendered":"<p>Kastelu lapsella \u2013 Ohjeita kotiin ja hoitoon Lapsen virtsarakon hallinta on monimutkainen taito, joka kypsyy yksil\u00f6llisesti yleens\u00e4 4\u20136 vuoden ik\u00e4\u00e4n menness\u00e4. Kastelu ainoana oireena on hyvin harvoin merkki sairaudesta, mutta se voi kuormittaa lapsen itsetuntoa ja perheen arkea. 1. Y\u00f6kastelu Y\u00f6kastelu johtuu usein sike\u00e4st\u00e4 unesta (lapsi ei her\u00e4\u00e4 t\u00e4yden rakon tunteeseen) tai y\u00f6llisen virtsanerityksen s\u00e4\u00e4telyn [&hellip;]<\/p>\n","protected":false},"author":1,"featured_media":0,"parent":0,"menu_order":0,"comment_status":"closed","ping_status":"closed","template":"","meta":{"_angie_page":false,"site-sidebar-layout":"no-sidebar","site-content-layout":"page-builder","ast-site-content-layout":"full-width-container","site-content-style":"default","site-sidebar-style":"default","ast-global-header-display":"","ast-banner-title-visibility":"","ast-main-header-display":"","ast-hfb-above-header-display":"","ast-hfb-below-header-display":"","ast-hfb-mobile-header-display":"","site-post-title":"","ast-breadcrumbs-content":"","ast-featured-img":"disabled","footer-sml-layout":"","ast-disable-related-posts":"","theme-transparent-header-meta":"","adv-header-id-meta":"","stick-header-meta":"","header-above-stick-meta":"","header-main-stick-meta":"","header-below-stick-meta":"","astra-migrate-meta-layouts":"set","ast-page-background-enabled":"default","ast-page-background-meta":{"desktop":{"background-color":"","background-image":"","background-repeat":"repeat","background-position":"center center","background-size":"auto","background-attachment":"scroll","background-type":"","background-media":"","overlay-type":"","overlay-color":"","overlay-opacity":"","overlay-gradient":""},"tablet":{"background-color":"","background-image":"","background-repeat":"repeat","background-position":"center center","background-size":"auto","background-attachment":"scroll","background-type":"","background-media":"","overlay-type":"","overlay-color":"","overlay-opacity":"","overlay-gradient":""},"mobile":{"background-color":"","background-image":"","background-repeat":"repeat","background-position":"center center","background-size":"auto","background-attachment":"scroll","background-type":"","background-media":"","overlay-type":"","overlay-color":"","overlay-opacity":"","overlay-gradient":""}},"ast-content-background-meta":{"desktop":{"background-color":"var(--ast-global-color-5)","background-image":"","background-repeat":"repeat","background-position":"center center","background-size":"auto","background-attachment":"scroll","background-type":"","background-media":"","overlay-type":"","overlay-color":"","overlay-opacity":"","overlay-gradient":""},"tablet":{"background-color":"var(--ast-global-color-5)","background-image":"","background-repeat":"repeat","background-position":"center center","background-size":"auto","background-attachment":"scroll","background-type":"","background-media":"","overlay-type":"","overlay-color":"","overlay-opacity":"","overlay-gradient":""},"mobile":{"background-color":"var(--ast-global-color-5)","background-image":"","background-repeat":"repeat","background-position":"center center","background-size":"auto","background-attachment":"scroll","background-type":"","background-media":"","overlay-type":"","overlay-color":"","overlay-opacity":"","overlay-gradient":""}},"footnotes":""},"class_list":["post-1380","page","type-page","status-publish","hentry"],"_links":{"self":[{"href":"https:\/\/lastenkirurgia.fi\/it\/wp-json\/wp\/v2\/pages\/1380","targetHints":{"allow":["GET"]}}],"collection":[{"href":"https:\/\/lastenkirurgia.fi\/it\/wp-json\/wp\/v2\/pages"}],"about":[{"href":"https:\/\/lastenkirurgia.fi\/it\/wp-json\/wp\/v2\/types\/page"}],"author":[{"embeddable":true,"href":"https:\/\/lastenkirurgia.fi\/it\/wp-json\/wp\/v2\/users\/1"}],"replies":[{"embeddable":true,"href":"https:\/\/lastenkirurgia.fi\/it\/wp-json\/wp\/v2\/comments?post=1380"}],"version-history":[{"count":4,"href":"https:\/\/lastenkirurgia.fi\/it\/wp-json\/wp\/v2\/pages\/1380\/revisions"}],"predecessor-version":[{"id":1658,"href":"https:\/\/lastenkirurgia.fi\/it\/wp-json\/wp\/v2\/pages\/1380\/revisions\/1658"}],"wp:attachment":[{"href":"https:\/\/lastenkirurgia.fi\/it\/wp-json\/wp\/v2\/media?parent=1380"}],"curies":[{"name":"wp","href":"https:\/\/api.w.org\/{rel}","templated":true}]}}