{"id":1404,"date":"2026-04-09T13:56:46","date_gmt":"2026-04-09T13:56:46","guid":{"rendered":"https:\/\/darkcyan-pheasant-754087.hostingersite.com\/?page_id=1404"},"modified":"2026-04-17T05:49:23","modified_gmt":"2026-04-17T05:49:23","slug":"lapsen-harjurinta","status":"publish","type":"page","link":"https:\/\/lastenkirurgia.fi\/it\/lapsen-harjurinta\/","title":{"rendered":"Cassapanca per bambini"},"content":{"rendered":"<div data-elementor-type=\"wp-page\" data-elementor-id=\"1404\" class=\"elementor elementor-1404\" data-elementor-post-type=\"page\">\n\t\t\t\t<div class=\"elementor-element elementor-element-1d6a3a6 e-flex e-con-boxed e-con e-parent\" data-id=\"1d6a3a6\" data-element_type=\"container\" data-e-type=\"container\">\n\t\t\t\t\t<div class=\"e-con-inner\">\n\t\t\t\t<div class=\"elementor-element elementor-element-08bcd79 elementor-widget elementor-widget-text-editor\" data-id=\"08bcd79\" data-element_type=\"widget\" data-e-type=\"widget\" data-widget_type=\"text-editor.default\">\n\t\t\t\t<div class=\"elementor-widget-container\">\n\t\t\t\t\t\t\t\t\t<h2 data-path-to-node=\"2\">Seno crestato (Pectus carinatum)<\/h2><p data-path-to-node=\"3\">La gobba \u00e8 un&#039;anomalia strutturale del torace in cui lo sterno e le costole sporgono verso l&#039;esterno. Per questo motivo, la condizione viene spesso chiamata &quot;petto di pollo&quot;. \u00c8 significativamente pi\u00f9 comune nei maschi che nelle femmine, interessando circa un bambino su mille.<\/p><h3 data-path-to-node=\"4\">Sintomi e sviluppo<\/h3><ul data-path-to-node=\"5\"><li><p data-path-to-node=\"5,0,0\"><b data-path-to-node=\"5,0,0\" data-index-in-node=\"0\">Aspetto:<\/b> Il sintomo pi\u00f9 evidente \u00e8 la protrusione del torace. La forma \u00e8 spesso asimmetrica, con un lato del torace pi\u00f9 prominente dell&#039;altro.<\/p><\/li><li><p data-path-to-node=\"5,1,0\"><b data-path-to-node=\"5,1,0\" data-index-in-node=\"0\">Crescita:<\/b> La situazione in genere peggiora con la crescita del bambino, soprattutto durante lo scatto di crescita della pubert\u00e0.<\/p><\/li><li><p data-path-to-node=\"5,2,0\"><b data-path-to-node=\"5,2,0\" data-index-in-node=\"0\">Dolore:<\/b> La maggior parte dei bambini \u00e8 asintomatica, ma alcuni possono avvertire dolore durante l&#039;attivit\u00e0 fisica.<\/p><\/li><li><p data-path-to-node=\"5,3,0\"><b data-path-to-node=\"5,3,0\" data-index-in-node=\"0\">Malattie associate:<\/b> Circa il 15% dei bambini presenta anche una curvatura della colonna vertebrale, o scoliosi.<\/p><\/li><\/ul><h3 data-path-to-node=\"6\">I perch\u00e9 e i percome<\/h3><p data-path-to-node=\"7\">La causa esatta della scoliosi \u00e8 sconosciuta. Sebbene la maggior parte dei bambini non abbia una storia familiare di questa patologia, si ritiene che i fattori genetici svolgano un ruolo nel suo sviluppo.<\/p><h3 data-path-to-node=\"8\">Esami e diagnosi<\/h3><p data-path-to-node=\"9\">Solitamente, la diagnosi di ernia viene effettuata durante una visita medica di routine. Talvolta, possono essere necessari ulteriori esami per escludere altre patologie.<\/p><h3 data-path-to-node=\"11\">Opzioni di trattamento<\/h3><p data-path-to-node=\"12\">I casi lievi di solito non richiedono trattamento, ma vengono monitorati. Se il danno \u00e8 moderato o grave, ci sono due opzioni:<\/p><p data-path-to-node=\"13\"><b data-path-to-node=\"13\" data-index-in-node=\"0\">1. Tutore<\/b><\/p><ul data-path-to-node=\"14\"><li><p data-path-to-node=\"14,0,0\">Ideale per bambini con torace ancora flessibile (prima della fine della pubert\u00e0).<\/p><\/li><li><p data-path-to-node=\"14,1,0\">Viene realizzato un corsetto su misura per la bambina, che preme sulla zona sporgente e modella gradualmente il torace.<\/p><\/li><li><p data-path-to-node=\"14,2,0\">Il trattamento pu\u00f2 durare da 1 a 2 anni.<\/p><\/li><\/ul><p data-path-to-node=\"15\"><b data-path-to-node=\"15\" data-index-in-node=\"0\">2. Trattamento chirurgico (metodo Ravitch)<\/b><\/p><ul data-path-to-node=\"16\"><li><p data-path-to-node=\"16,0,0\">L&#039;intervento chirurgico viene preso in considerazione solo raramente nei casi gravi o se il trattamento con corsetto non risulta efficace.<\/p><\/li><li><p data-path-to-node=\"16,1,0\">Durante l&#039;intervento, il chirurgo rimuove la cartilagine in eccesso e rimodella lo sterno riportandolo nella posizione corretta.<\/p><\/li><\/ul><hr data-path-to-node=\"17\" \/><h3 data-path-to-node=\"18\">Quando \u00e8 opportuno contattare un medico?<\/h3><p data-path-to-node=\"19\">Se il torace del bambino sporge chiaramente verso l&#039;esterno (o se il problema estetico gli causa comunque fastidio) o se il bambino lamenta dolore al petto quando pratica sport.<\/p><p data-path-to-node=\"19\">Link all&#039;articolo dell&#039;ospedale pediatrico di Boston<\/p><p data-path-to-node=\"19\"><a href=\"https:\/\/www.childrenshospital.org\/conditions-treatments\/pectus-carinatum\" target=\"_blank\" rel=\"noopener\">https:\/\/www.childrenshospital.org\/conditions-treatments\/pectus-carinatum<\/a><\/p>\t\t\t\t\t\t\t\t<\/div>\n\t\t\t\t<\/div>\n\t\t\t\t<div class=\"elementor-element elementor-element-3c0f38d elementor-widget elementor-widget-image\" data-id=\"3c0f38d\" data-element_type=\"widget\" data-e-type=\"widget\" data-widget_type=\"image.default\">\n\t\t\t\t<div class=\"elementor-widget-container\">\n\t\t\t\t\t\t\t\t\t\t\t\t\t\t\t<img fetchpriority=\"high\" decoding=\"async\" width=\"1024\" height=\"640\" src=\"https:\/\/lastenkirurgia.fi\/wp-content\/uploads\/2026\/04\/harjurinta-1024x640.webp\" class=\"attachment-large size-large wp-image-1719\" alt=\"\" srcset=\"https:\/\/lastenkirurgia.fi\/wp-content\/uploads\/2026\/04\/harjurinta-1024x640.webp 1024w, https:\/\/lastenkirurgia.fi\/wp-content\/uploads\/2026\/04\/harjurinta-300x188.webp 300w, https:\/\/lastenkirurgia.fi\/wp-content\/uploads\/2026\/04\/harjurinta-768x480.webp 768w, https:\/\/lastenkirurgia.fi\/wp-content\/uploads\/2026\/04\/harjurinta-18x12.webp 18w, https:\/\/lastenkirurgia.fi\/wp-content\/uploads\/2026\/04\/harjurinta.webp 1152w\" sizes=\"(max-width: 1024px) 100vw, 1024px\" \/>\t\t\t\t\t\t\t\t\t\t\t\t\t\t\t<\/div>\n\t\t\t\t<\/div>\n\t\t\t\t\t<\/div>\n\t\t\t\t<\/div>\n\t\t\t\t<\/div>","protected":false},"excerpt":{"rendered":"<p>Harjurinta (Pectus carinatum) Harjurinta on rintakeh\u00e4n rakennepoikkeama, jossa rintalasta ja kylkiluut ty\u00f6ntyv\u00e4t ulosp\u00e4in. T\u00e4st\u00e4 syyst\u00e4 tilaa kutsutaan usein my\u00f6s &#8221;kananrinnaksi&#8221;. Se on huomattavasti yleisemp\u00e4\u00e4 pojilla kuin tyt\u00f6ill\u00e4 ja esiintyy noin yhdell\u00e4 tuhannesta lapsesta. Oireet ja kehitys Ulkon\u00e4k\u00f6: Selvin oire on ulosp\u00e4in ty\u00f6ntyv\u00e4 rintakeh\u00e4. Muoto on usein ep\u00e4symmetrinen, jolloin toinen puoli rinnasta on n\u00e4kyv\u00e4mmin koholla. Kasvu: [&hellip;]<\/p>\n","protected":false},"author":1,"featured_media":0,"parent":0,"menu_order":0,"comment_status":"closed","ping_status":"closed","template":"","meta":{"_angie_page":false,"site-sidebar-layout":"no-sidebar","site-content-layout":"page-builder","ast-site-content-layout":"full-width-container","site-content-style":"default","site-sidebar-style":"default","ast-global-header-display":"","ast-banner-title-visibility":"","ast-main-header-display":"","ast-hfb-above-header-display":"","ast-hfb-below-header-display":"","ast-hfb-mobile-header-display":"","site-post-title":"","ast-breadcrumbs-content":"","ast-featured-img":"disabled","footer-sml-layout":"","ast-disable-related-posts":"","theme-transparent-header-meta":"","adv-header-id-meta":"","stick-header-meta":"","header-above-stick-meta":"","header-main-stick-meta":"","header-below-stick-meta":"","astra-migrate-meta-layouts":"set","ast-page-background-enabled":"default","ast-page-background-meta":{"desktop":{"background-color":"","background-image":"","background-repeat":"repeat","background-position":"center center","background-size":"auto","background-attachment":"scroll","background-type":"","background-media":"","overlay-type":"","overlay-color":"","overlay-opacity":"","overlay-gradient":""},"tablet":{"background-color":"","background-image":"","background-repeat":"repeat","background-position":"center center","background-size":"auto","background-attachment":"scroll","background-type":"","background-media":"","overlay-type":"","overlay-color":"","overlay-opacity":"","overlay-gradient":""},"mobile":{"background-color":"","background-image":"","background-repeat":"repeat","background-position":"center center","background-size":"auto","background-attachment":"scroll","background-type":"","background-media":"","overlay-type":"","overlay-color":"","overlay-opacity":"","overlay-gradient":""}},"ast-content-background-meta":{"desktop":{"background-color":"var(--ast-global-color-5)","background-image":"","background-repeat":"repeat","background-position":"center center","background-size":"auto","background-attachment":"scroll","background-type":"","background-media":"","overlay-type":"","overlay-color":"","overlay-opacity":"","overlay-gradient":""},"tablet":{"background-color":"var(--ast-global-color-5)","background-image":"","background-repeat":"repeat","background-position":"center center","background-size":"auto","background-attachment":"scroll","background-type":"","background-media":"","overlay-type":"","overlay-color":"","overlay-opacity":"","overlay-gradient":""},"mobile":{"background-color":"var(--ast-global-color-5)","background-image":"","background-repeat":"repeat","background-position":"center center","background-size":"auto","background-attachment":"scroll","background-type":"","background-media":"","overlay-type":"","overlay-color":"","overlay-opacity":"","overlay-gradient":""}},"footnotes":""},"class_list":["post-1404","page","type-page","status-publish","hentry"],"_links":{"self":[{"href":"https:\/\/lastenkirurgia.fi\/it\/wp-json\/wp\/v2\/pages\/1404","targetHints":{"allow":["GET"]}}],"collection":[{"href":"https:\/\/lastenkirurgia.fi\/it\/wp-json\/wp\/v2\/pages"}],"about":[{"href":"https:\/\/lastenkirurgia.fi\/it\/wp-json\/wp\/v2\/types\/page"}],"author":[{"embeddable":true,"href":"https:\/\/lastenkirurgia.fi\/it\/wp-json\/wp\/v2\/users\/1"}],"replies":[{"embeddable":true,"href":"https:\/\/lastenkirurgia.fi\/it\/wp-json\/wp\/v2\/comments?post=1404"}],"version-history":[{"count":21,"href":"https:\/\/lastenkirurgia.fi\/it\/wp-json\/wp\/v2\/pages\/1404\/revisions"}],"predecessor-version":[{"id":1727,"href":"https:\/\/lastenkirurgia.fi\/it\/wp-json\/wp\/v2\/pages\/1404\/revisions\/1727"}],"wp:attachment":[{"href":"https:\/\/lastenkirurgia.fi\/it\/wp-json\/wp\/v2\/media?parent=1404"}],"curies":[{"name":"wp","href":"https:\/\/api.w.org\/{rel}","templated":true}]}}