{"id":1406,"date":"2026-04-09T13:57:14","date_gmt":"2026-04-09T13:57:14","guid":{"rendered":"https:\/\/darkcyan-pheasant-754087.hostingersite.com\/?page_id=1406"},"modified":"2026-04-12T07:29:05","modified_gmt":"2026-04-12T07:29:05","slug":"lapsen-raajojen-rakennepoikkeamat","status":"publish","type":"page","link":"https:\/\/lastenkirurgia.fi\/it\/lapsen-raajojen-rakennepoikkeamat\/","title":{"rendered":"Anomalie strutturali degli arti del bambino"},"content":{"rendered":"<div data-elementor-type=\"wp-page\" data-elementor-id=\"1406\" class=\"elementor elementor-1406\" data-elementor-post-type=\"page\">\n\t\t\t\t<div class=\"elementor-element elementor-element-0a34132 e-flex e-con-boxed e-con e-parent\" data-id=\"0a34132\" data-element_type=\"container\" data-e-type=\"container\">\n\t\t\t\t\t<div class=\"e-con-inner\">\n\t\t\t\t<div class=\"elementor-element elementor-element-e85a413 elementor-widget elementor-widget-text-editor\" data-id=\"e85a413\" data-element_type=\"widget\" data-e-type=\"widget\" data-widget_type=\"text-editor.default\">\n\t\t\t\t<div class=\"elementor-widget-container\">\n\t\t\t\t\t\t\t\t\t<h2 data-path-to-node=\"2\">Anomalie strutturali degli arti e della posizione dei piedi nei bambini: cosa \u00e8 normale?<\/h2>\n<p data-path-to-node=\"3\">Durante la crescita di un bambino, la posizione dei piedi pu\u00f2 apparire anomala in diverse fasi, ma spesso si tratta di un normale sviluppo. Di seguito, una descrizione generale delle situazioni pi\u00f9 comuni. \u00c8 sempre consigliabile che sia un medico a valutare se la situazione del bambino sia normale o anomala.<\/p>\n<h3 data-path-to-node=\"4\">posizioni dei piedi e della camminata<\/h3>\n<ul data-path-to-node=\"5\">\n<li>\n<p data-path-to-node=\"5,0,0\"><b data-path-to-node=\"5,0,0\" data-index-in-node=\"0\">Piedi piatti e piedi rivolti verso l&#039;interno:<\/b> Questi problemi sono generalmente innocui nei bambini e spesso guariscono da soli. Se il piede \u00e8 flessibile e non provoca dolore, di solito non \u00e8 necessario alcun trattamento. Tuttavia, un piccolo numero di bambini potrebbe averne bisogno.<\/p>\n<\/li>\n<li>\n<p data-path-to-node=\"5,1,0\"><b data-path-to-node=\"5,1,0\" data-index-in-node=\"0\">Camminare con le punte dei piedi rivolte verso l&#039;interno o verso l&#039;esterno:<\/b> Si tratta di un fenomeno molto comune, spesso dovuto al naturale cambiamento di posizione dell&#039;anca durante la crescita del bambino. Non richiede alcun trattamento specifico.<\/p>\n<\/li>\n<li>\n<p data-path-to-node=\"5,2,0\"><b data-path-to-node=\"5,2,0\" data-index-in-node=\"0\">Dita dei piedi sovrapposte:<\/b> Spesso causato da rigidit\u00e0 tendinea. Di solito si tratta solo di un problema estetico che non interferisce con i movimenti del bambino.<\/p>\n<\/li>\n<\/ul>\n<h3 data-path-to-node=\"6\">Posizioni delle ginocchia (flessioni dell&#039;anca e del ginocchio)<\/h3>\n<ul data-path-to-node=\"7\">\n<li>\n<p data-path-to-node=\"7,0,0\"><b data-path-to-node=\"7,0,0\" data-index-in-node=\"0\">Occidentalit\u00e0:<\/b> Tipico nei neonati e nei bambini piccoli.<\/p>\n<\/li>\n<li>\n<p data-path-to-node=\"7,1,0\"><b data-path-to-node=\"7,1,0\" data-index-in-node=\"0\">Ginocchio a tenaglia:<\/b> Si manifesta pi\u00f9 frequentemente intorno ai 3 anni di et\u00e0.<\/p>\n<\/li>\n<li>\n<p data-path-to-node=\"7,2,0\"><b data-path-to-node=\"7,2,0\" data-index-in-node=\"0\">Quando \u00e8 opportuno consultare un medico?<\/b> Se la posizione del ginocchio \u00e8 chiaramente unilaterale (\u00e8 interessata solo una gamba), il problema peggiora con l&#039;et\u00e0 o diventa molto grave.<\/p>\n<\/li>\n<\/ul>\n<h3 data-path-to-node=\"8\">anomalie congenite<\/h3>\n<ul data-path-to-node=\"9\">\n<li>\n<p data-path-to-node=\"9,0,0\"><b data-path-to-node=\"9,0,0\" data-index-in-node=\"0\">Piede equino:<\/b> Solitamente viene diagnosticata alla nascita. Il trattamento prevede cure mediche specialistiche, il pi\u00f9 delle volte con una serie di gessi e calzature speciali.<\/p>\n<\/li>\n<li>\n<p data-path-to-node=\"9,1,0\"><b data-path-to-node=\"9,1,0\" data-index-in-node=\"0\">Piede torto o piede torto:<\/b> La necessit\u00e0 di un trattamento per la fusione delle dita delle mani e dei piedi viene sempre valutata individualmente. Nel caso delle dita delle mani, il trattamento chirurgico \u00e8 pi\u00f9 comune per garantire la funzionalit\u00e0.<\/p>\n<\/li>\n<\/ul>\n<h3 data-path-to-node=\"10\">differenza di lunghezza delle gambe<\/h3>\n<ul data-path-to-node=\"11\">\n<li>\n<p data-path-to-node=\"11,0,0\"><b data-path-to-node=\"11,0,0\" data-index-in-node=\"0\">Piccole differenze:<\/b> Una differenza di lunghezza delle gambe inferiore a 2 cm \u00e8 molto comune e spesso del tutto innocua.<\/p>\n<\/li>\n<li>\n<p data-path-to-node=\"11,1,0\"><b data-path-to-node=\"11,1,0\" data-index-in-node=\"0\">Differenze principali:<\/b> Se la differenza di altezza supera i 2 cm, pu\u00f2 causare problemi di postura e zoppia. In questi casi, il bambino verr\u00e0 indirizzato a uno specialista per una valutazione e per pianificare il trattamento.<\/p>\n<\/li>\n<\/ul>\n<p data-path-to-node=\"15,3,0\">Articolo della Biblioteca della Salute sulle anomalie strutturali degli arti dei bambini<\/p>\n<p data-path-to-node=\"15,3,0\"><a href=\"https:\/\/www.terveyskirjasto.fi\/tju00140\" target=\"_blank\" rel=\"noopener\">https:\/\/www.terveyskirjasto.fi\/tju00140<\/a><\/p>\t\t\t\t\t\t\t\t<\/div>\n\t\t\t\t<\/div>\n\t\t\t\t\t<\/div>\n\t\t\t\t<\/div>\n\t\t\t\t<\/div>","protected":false},"excerpt":{"rendered":"<p>Lapsen raajojen rakennepoikkeamat ja jalkaterien asennot: Mik\u00e4 on normaalia? Lasten kasvuun kuuluu monia vaiheita, joissa jalkojen asennot saattavat n\u00e4ytt\u00e4\u00e4 poikkeavilta, mutta ovat usein osa normaalia kehityst\u00e4. Alla on kuvattu hyvin karkeasti yleisimpi\u00e4 tilanteita. Varsinaisen arvion siit\u00e4, onko lapsen tilanne normaali vai poikkeava, olisi hyv\u00e4 aina l\u00e4\u00e4k\u00e4rin tehd\u00e4. Jalkaterien ja k\u00e4velyn asennot Latuskajalka ja sis\u00e4\u00e4np\u00e4in k\u00e4\u00e4ntynyt [&hellip;]<\/p>\n","protected":false},"author":1,"featured_media":0,"parent":0,"menu_order":0,"comment_status":"closed","ping_status":"closed","template":"","meta":{"_angie_page":false,"site-sidebar-layout":"no-sidebar","site-content-layout":"page-builder","ast-site-content-layout":"full-width-container","site-content-style":"default","site-sidebar-style":"default","ast-global-header-display":"","ast-banner-title-visibility":"","ast-main-header-display":"","ast-hfb-above-header-display":"","ast-hfb-below-header-display":"","ast-hfb-mobile-header-display":"","site-post-title":"","ast-breadcrumbs-content":"","ast-featured-img":"disabled","footer-sml-layout":"","ast-disable-related-posts":"","theme-transparent-header-meta":"","adv-header-id-meta":"","stick-header-meta":"","header-above-stick-meta":"","header-main-stick-meta":"","header-below-stick-meta":"","astra-migrate-meta-layouts":"set","ast-page-background-enabled":"default","ast-page-background-meta":{"desktop":{"background-color":"","background-image":"","background-repeat":"repeat","background-position":"center center","background-size":"auto","background-attachment":"scroll","background-type":"","background-media":"","overlay-type":"","overlay-color":"","overlay-opacity":"","overlay-gradient":""},"tablet":{"background-color":"","background-image":"","background-repeat":"repeat","background-position":"center center","background-size":"auto","background-attachment":"scroll","background-type":"","background-media":"","overlay-type":"","overlay-color":"","overlay-opacity":"","overlay-gradient":""},"mobile":{"background-color":"","background-image":"","background-repeat":"repeat","background-position":"center center","background-size":"auto","background-attachment":"scroll","background-type":"","background-media":"","overlay-type":"","overlay-color":"","overlay-opacity":"","overlay-gradient":""}},"ast-content-background-meta":{"desktop":{"background-color":"var(--ast-global-color-5)","background-image":"","background-repeat":"repeat","background-position":"center center","background-size":"auto","background-attachment":"scroll","background-type":"","background-media":"","overlay-type":"","overlay-color":"","overlay-opacity":"","overlay-gradient":""},"tablet":{"background-color":"var(--ast-global-color-5)","background-image":"","background-repeat":"repeat","background-position":"center center","background-size":"auto","background-attachment":"scroll","background-type":"","background-media":"","overlay-type":"","overlay-color":"","overlay-opacity":"","overlay-gradient":""},"mobile":{"background-color":"var(--ast-global-color-5)","background-image":"","background-repeat":"repeat","background-position":"center center","background-size":"auto","background-attachment":"scroll","background-type":"","background-media":"","overlay-type":"","overlay-color":"","overlay-opacity":"","overlay-gradient":""}},"footnotes":""},"class_list":["post-1406","page","type-page","status-publish","hentry"],"_links":{"self":[{"href":"https:\/\/lastenkirurgia.fi\/it\/wp-json\/wp\/v2\/pages\/1406","targetHints":{"allow":["GET"]}}],"collection":[{"href":"https:\/\/lastenkirurgia.fi\/it\/wp-json\/wp\/v2\/pages"}],"about":[{"href":"https:\/\/lastenkirurgia.fi\/it\/wp-json\/wp\/v2\/types\/page"}],"author":[{"embeddable":true,"href":"https:\/\/lastenkirurgia.fi\/it\/wp-json\/wp\/v2\/users\/1"}],"replies":[{"embeddable":true,"href":"https:\/\/lastenkirurgia.fi\/it\/wp-json\/wp\/v2\/comments?post=1406"}],"version-history":[{"count":10,"href":"https:\/\/lastenkirurgia.fi\/it\/wp-json\/wp\/v2\/pages\/1406\/revisions"}],"predecessor-version":[{"id":1605,"href":"https:\/\/lastenkirurgia.fi\/it\/wp-json\/wp\/v2\/pages\/1406\/revisions\/1605"}],"wp:attachment":[{"href":"https:\/\/lastenkirurgia.fi\/it\/wp-json\/wp\/v2\/media?parent=1406"}],"curies":[{"name":"wp","href":"https:\/\/api.w.org\/{rel}","templated":true}]}}