{"id":1408,"date":"2026-04-09T13:57:57","date_gmt":"2026-04-09T13:57:57","guid":{"rendered":"https:\/\/darkcyan-pheasant-754087.hostingersite.com\/?page_id=1408"},"modified":"2026-04-12T14:50:39","modified_gmt":"2026-04-12T14:50:39","slug":"lapsen-poikkeava-paan-muoto","status":"publish","type":"page","link":"https:\/\/lastenkirurgia.fi\/it\/lapsen-poikkeava-paan-muoto\/","title":{"rendered":"Forma anomala della testa in un bambino"},"content":{"rendered":"<div data-elementor-type=\"wp-page\" data-elementor-id=\"1408\" class=\"elementor elementor-1408\" data-elementor-post-type=\"page\">\n\t\t\t\t<div class=\"elementor-element elementor-element-602e050 e-flex e-con-boxed e-con e-parent\" data-id=\"602e050\" data-element_type=\"container\" data-e-type=\"container\">\n\t\t\t\t\t<div class=\"e-con-inner\">\n\t\t\t\t<div class=\"elementor-element elementor-element-84a8da0 elementor-widget elementor-widget-text-editor\" data-id=\"84a8da0\" data-element_type=\"widget\" data-e-type=\"widget\" data-widget_type=\"text-editor.default\">\n\t\t\t\t<div class=\"elementor-widget-container\">\n\t\t\t\t\t\t\t\t\t<h2 data-path-to-node=\"2\">Ossificazione prematura delle suture craniche (craniosinostosi)<\/h2><p data-path-to-node=\"3\">Il cranio di un neonato \u00e8 costituito da diverse &quot;parti ossee&quot; collegate da suture flessibili. Queste suture permettono al cranio di espandersi man mano che il cervello cresce rapidamente durante i primi mesi di vita. La craniosinostosi \u00e8 una condizione in cui una o pi\u00f9 di queste suture si chiudono troppo presto, prima che il cervello sia completamente formato.<\/p><h3 data-path-to-node=\"4\">Perch\u00e9 cambia la forma della testa?<\/h3><p data-path-to-node=\"5\">Anche se una sutura si chiude, il cervello continua a crescere. Poich\u00e9 il cranio non pu\u00f2 espandersi a livello della sutura chiusa, cresce pi\u00f9 intensamente nelle direzioni in cui le suture sono ancora aperte. Questo fa s\u00ec che la testa assuma una forma anomala.<\/p><h3 data-path-to-node=\"6\">I tipi pi\u00f9 comuni<\/h3><p data-path-to-node=\"7\">La forma della testa dipende da quale sutura si \u00e8 chiusa:<\/p><ul data-path-to-node=\"8\"><li><p data-path-to-node=\"8,0,0\"><b data-path-to-node=\"8,0,0\" data-index-in-node=\"0\">Sagittale (cranio a barca):<\/b> La sutura sulla parte superiore della testa si chiude. La testa diventa lunga e stretta. Questo \u00e8 il tipo pi\u00f9 comune.<\/p><\/li><li><p data-path-to-node=\"8,1,0\"><b data-path-to-node=\"8,1,0\" data-index-in-node=\"0\">Coronale:<\/b> La cucitura corre da un orecchio all&#039;altro, attraversando la testa.<\/p><ul data-path-to-node=\"8,1,1\"><li><p data-path-to-node=\"8,1,1,0,0\">Se si chiude solo un lato, la fronte pu\u00f2 apparire piatta da un lato e l&#039;orbita oculare pu\u00f2 sollevarsi maggiormente.<\/p><\/li><li><p data-path-to-node=\"8,1,1,1,0\">Se entrambi i lati sono chiusi, la testa \u00e8 corta e larga.<\/p><\/li><\/ul><\/li><li><p data-path-to-node=\"8,2,0\"><b data-path-to-node=\"8,2,0\" data-index-in-node=\"0\">Metopico (cranio triangolare):<\/b> La sutura che corre lungo il centro della fronte si chiude. La fronte assume una forma triangolare e la parte posteriore della testa si allarga.<\/p><\/li><li><p data-path-to-node=\"8,3,0\"><b data-path-to-node=\"8,3,0\" data-index-in-node=\"0\">Lambdoide ideale:<\/b> La sutura che corre lungo il solco posteriore si chiude. Il solco posteriore pu\u00f2 apparire piatto e un orecchio pu\u00f2 essere pi\u00f9 alto dell&#039;altro. Questa \u00e8 una tipologia molto rara.<\/p><\/li><\/ul><h3 data-path-to-node=\"9\">Identificare i sintomi<\/h3><p data-path-to-node=\"10\">I sintomi sono generalmente visibili alla nascita o si accentuano durante i primi mesi di vita:<\/p><ul data-path-to-node=\"11\"><li><p data-path-to-node=\"11,0,0\">Forma anomala della testa.<\/p><\/li><li><p data-path-to-node=\"11,1,0\">Asimmetria del viso o delle orecchie.<\/p><\/li><li><p data-path-to-node=\"11,2,0\">Una cresta dura e rialzata in corrispondenza della giunzione chiusa.<\/p><\/li><li><p data-path-to-node=\"11,3,0\">Assenza o sensazione anomala dell&#039;areola (la parte molle sulla testa del bambino).<\/p><\/li><\/ul><h3 data-path-to-node=\"12\">Si tratta sempre di ossificazione delle giunture?<\/h3><p data-path-to-node=\"13\"><b data-path-to-node=\"13\" data-index-in-node=\"0\">Di solito no.<\/b> Nella maggior parte dei casi, l&#039;appiattimento della parte posteriore del cranio (spesso accompagnato da un posizionamento asimmetrico delle orecchie) \u00e8 causato dal fatto che il bambino trascorre molto tempo sdraiato sulla schiena nella stessa posizione (la cosiddetta plagiocefalia posizionale). Questo problema si corregge solitamente con trattamenti di riposizionamento e quando il bambino inizia a muoversi di pi\u00f9. Al momento della stesura di questo testo, in Finlandia l&#039;uso del casco ortopedico non \u00e8 raccomandato.<\/p><h3 data-path-to-node=\"14\">Perch\u00e9 \u00e8 importante curarsi?<\/h3><p data-path-to-node=\"15\">Se la craniosinostosi non viene trattata, pu\u00f2 causare:<\/p><ul data-path-to-node=\"16\"><li><p data-path-to-node=\"16,0,0\">Modifiche permanenti alla forma del viso e della testa.<\/p><\/li><li><p data-path-to-node=\"16,1,0\">Aumento della pressione all&#039;interno del cranio (raro se viene chiusa una sola sutura).<\/p><\/li><li><p data-path-to-node=\"16,2,0\">La pressione intracranica non trattata pu\u00f2 portare a problemi ancora pi\u00f9 gravi<\/p><\/li><\/ul><h3 data-path-to-node=\"17\">Trattamento e recupero<\/h3><p data-path-to-node=\"18\">La craniosinostosi viene solitamente trattata con <b data-path-to-node=\"18\" data-index-in-node=\"35\">con intervento chirurgico<\/b>, in cui il cranio viene rimodellato. L&#039;intervento chirurgico garantisce spazio sufficiente per la crescita del cervello.<\/p><p data-path-to-node=\"19\">La diagnosi e il trattamento precoci sono molto importanti. La maggior parte dei bambini si sviluppa completamente in modo normale dopo l&#039;intervento chirurgico e la forma della testa diventa pi\u00f9 normale.<\/p><p data-path-to-node=\"21\">Articolo della Mayo Clinic<\/p><p data-path-to-node=\"21\"><a href=\"https:\/\/www.mayoclinic.org\/diseases-conditions\/craniosynostosis\/symptoms-causes\/syc-20354513\" target=\"_blank\" rel=\"noopener\">https:\/\/www.mayoclinic.org\/diseases-conditions\/craniosynostosis\/symptoms-causes\/syc-<\/a><a href=\"https:\/\/www.mayoclinic.org\/diseases-conditions\/craniosynostosis\/symptoms-causes\/syc-20354513\" target=\"_blank\" rel=\"noopener\">20354513<\/a><\/p><p data-path-to-node=\"21\">Pacchetto informativo HUSUKE<\/p><p data-path-to-node=\"21\"><a href=\"https:\/\/www.hus.fi\/potilaalle\/hoidot-ja-tutkimukset\/kallon-saumojen-luutumishairiot\" target=\"_blank\" rel=\"noopener\">https:\/\/www.hus.fi\/potilaalle\/hoidot-ja-tutkimukset\/kallon-saumojen-luutumishairiot<\/a><\/p>\t\t\t\t\t\t\t\t<\/div>\n\t\t\t\t<\/div>\n\t\t\t\t\t<\/div>\n\t\t\t\t<\/div>\n\t\t\t\t<\/div>","protected":false},"excerpt":{"rendered":"<p>Kallon saumojen ennenaikainen luutuminen (Kraniosynostoosi) Vauvan kallo koostuu useista &#8221;luisista palasista), joita yhdist\u00e4v\u00e4t joustavat saumat (suturat). N\u00e4m\u00e4 saumat antavat kallon laajentua, kun aivot kasvavat vauhdilla ensimm\u00e4isten elinkuukausien aikana. Kraniosynostoosilla tarkoitetaan tilaa, jossa yksi tai useampi n\u00e4ist\u00e4 saumoista sulkeutuu liian aikaisin, jo ennen kuin aivot ovat t\u00e4ysin muotoutuneet. Miksi p\u00e4\u00e4n muoto muuttuu? Vaikka yksi sauma sulkeutuu, [&hellip;]<\/p>\n","protected":false},"author":1,"featured_media":0,"parent":0,"menu_order":0,"comment_status":"closed","ping_status":"closed","template":"","meta":{"_angie_page":false,"site-sidebar-layout":"no-sidebar","site-content-layout":"page-builder","ast-site-content-layout":"full-width-container","site-content-style":"default","site-sidebar-style":"default","ast-global-header-display":"","ast-banner-title-visibility":"","ast-main-header-display":"","ast-hfb-above-header-display":"","ast-hfb-below-header-display":"","ast-hfb-mobile-header-display":"","site-post-title":"","ast-breadcrumbs-content":"","ast-featured-img":"disabled","footer-sml-layout":"","ast-disable-related-posts":"","theme-transparent-header-meta":"","adv-header-id-meta":"","stick-header-meta":"","header-above-stick-meta":"","header-main-stick-meta":"","header-below-stick-meta":"","astra-migrate-meta-layouts":"set","ast-page-background-enabled":"default","ast-page-background-meta":{"desktop":{"background-color":"","background-image":"","background-repeat":"repeat","background-position":"center center","background-size":"auto","background-attachment":"scroll","background-type":"","background-media":"","overlay-type":"","overlay-color":"","overlay-opacity":"","overlay-gradient":""},"tablet":{"background-color":"","background-image":"","background-repeat":"repeat","background-position":"center center","background-size":"auto","background-attachment":"scroll","background-type":"","background-media":"","overlay-type":"","overlay-color":"","overlay-opacity":"","overlay-gradient":""},"mobile":{"background-color":"","background-image":"","background-repeat":"repeat","background-position":"center center","background-size":"auto","background-attachment":"scroll","background-type":"","background-media":"","overlay-type":"","overlay-color":"","overlay-opacity":"","overlay-gradient":""}},"ast-content-background-meta":{"desktop":{"background-color":"var(--ast-global-color-5)","background-image":"","background-repeat":"repeat","background-position":"center center","background-size":"auto","background-attachment":"scroll","background-type":"","background-media":"","overlay-type":"","overlay-color":"","overlay-opacity":"","overlay-gradient":""},"tablet":{"background-color":"var(--ast-global-color-5)","background-image":"","background-repeat":"repeat","background-position":"center center","background-size":"auto","background-attachment":"scroll","background-type":"","background-media":"","overlay-type":"","overlay-color":"","overlay-opacity":"","overlay-gradient":""},"mobile":{"background-color":"var(--ast-global-color-5)","background-image":"","background-repeat":"repeat","background-position":"center center","background-size":"auto","background-attachment":"scroll","background-type":"","background-media":"","overlay-type":"","overlay-color":"","overlay-opacity":"","overlay-gradient":""}},"footnotes":""},"class_list":["post-1408","page","type-page","status-publish","hentry"],"_links":{"self":[{"href":"https:\/\/lastenkirurgia.fi\/it\/wp-json\/wp\/v2\/pages\/1408","targetHints":{"allow":["GET"]}}],"collection":[{"href":"https:\/\/lastenkirurgia.fi\/it\/wp-json\/wp\/v2\/pages"}],"about":[{"href":"https:\/\/lastenkirurgia.fi\/it\/wp-json\/wp\/v2\/types\/page"}],"author":[{"embeddable":true,"href":"https:\/\/lastenkirurgia.fi\/it\/wp-json\/wp\/v2\/users\/1"}],"replies":[{"embeddable":true,"href":"https:\/\/lastenkirurgia.fi\/it\/wp-json\/wp\/v2\/comments?post=1408"}],"version-history":[{"count":4,"href":"https:\/\/lastenkirurgia.fi\/it\/wp-json\/wp\/v2\/pages\/1408\/revisions"}],"predecessor-version":[{"id":1620,"href":"https:\/\/lastenkirurgia.fi\/it\/wp-json\/wp\/v2\/pages\/1408\/revisions\/1620"}],"wp:attachment":[{"href":"https:\/\/lastenkirurgia.fi\/it\/wp-json\/wp\/v2\/media?parent=1408"}],"curies":[{"name":"wp","href":"https:\/\/api.w.org\/{rel}","templated":true}]}}