{"id":1366,"date":"2026-04-09T13:49:49","date_gmt":"2026-04-09T13:49:49","guid":{"rendered":"https:\/\/darkcyan-pheasant-754087.hostingersite.com\/?page_id=1366"},"modified":"2026-04-12T14:30:16","modified_gmt":"2026-04-12T14:30:16","slug":"lapsen-selan-rasitusmurtuma","status":"publish","type":"page","link":"https:\/\/lastenkirurgia.fi\/ja\/lapsen-selan-rasitusmurtuma\/","title":{"rendered":"\u5b50\u4f9b\u306e\u80cc\u9aa8\u306e\u75b2\u52b4\u9aa8\u6298"},"content":{"rendered":"<div data-elementor-type=\"wp-page\" data-elementor-id=\"1366\" class=\"elementor elementor-1366\" data-elementor-post-type=\"page\">\n\t\t\t\t<div class=\"elementor-element elementor-element-5970ab2 e-flex e-con-boxed e-con e-parent\" data-id=\"5970ab2\" data-element_type=\"container\" data-e-type=\"container\">\n\t\t\t\t\t<div class=\"e-con-inner\">\n\t\t\t\t<div class=\"elementor-element elementor-element-dd01e31 elementor-widget elementor-widget-text-editor\" data-id=\"dd01e31\" data-element_type=\"widget\" data-e-type=\"widget\" data-widget_type=\"text-editor.default\">\n\t\t\t\t<div class=\"elementor-widget-container\">\n\t\t\t\t\t\t\t\t\t<h2 data-path-to-node=\"2\">\u5c0f\u5150\u304a\u3088\u3073\u9752\u5e74\u306b\u304a\u3051\u308b\u8170\u75db\uff1a\u75b2\u52b4\u9aa8\u6298\u304a\u3088\u3073\u75b2\u52b4\u6027\u9aa8\u75c7<\/h2><p data-path-to-node=\"3\">\u6210\u9577\u671f\u306e\u5b50\u3069\u3082\u3084\u9752\u5c11\u5e74\u306b\u304a\u3051\u308b\u8170\u75db\u306f\u3001\u5e38\u306b\u771f\u5263\u306b\u53d7\u3051\u6b62\u3081\u308b\u3079\u304d\u75c7\u72b6\u3067\u3059\u3002\u7279\u306b\u3001\u76ee\u6a19\u3092\u6301\u3063\u3066\u30b9\u30dd\u30fc\u30c4\u306b\u53d6\u308a\u7d44\u3080\u82e5\u8005\u306e\u5834\u5408\u3001\u8170\u75db\u306f\u690e\u9aa8\u306e\u5f8c\u5f13\u306e\u7dca\u5f35\u306b\u3088\u308b\u640d\u50b7\u304c\u539f\u56e0\u3067\u8d77\u3053\u308b\u3053\u3068\u304c\u3042\u308a\u307e\u3059\u3002.<\/p><p data-path-to-node=\"4\">\u3053\u306e\u602a\u6211\u306f2\u3064\u306e\u6bb5\u968e\u306b\u5206\u3051\u3089\u308c\u307e\u3059\u3002 <b data-path-to-node=\"4\" data-index-in-node=\"39\">\u30b9\u30c8\u30ec\u30b9\u30aa\u30b9\u30c6\u30aa\u30d1\u30b7\u30fc<\/b> \uff08\u9aa8\u524d\u99c6\u7d30\u80de\u306e\u30b9\u30c8\u30ec\u30b9\u72b6\u614b\uff09\u3068\u5b9f\u969b\u306e <b data-path-to-node=\"4\" data-index-in-node=\"104\">\u30b9\u30c8\u30ec\u30b9\u7834\u58ca<\/b> (<i data-path-to-node=\"4\" data-index-in-node=\"122\">\u810a\u690e\u5206\u96e2\u75c7<\/i>).<\/p><h3 data-path-to-node=\"5\">\u30b9\u30c8\u30ec\u30b9\u30aa\u30b9\u30c6\u30aa\u30d1\u30b7\u30fc\u3068\u30b9\u30c8\u30ec\u30b9\u9aa8\u6298\u3068\u306f\u4f55\u3067\u3059\u304b\uff1f<\/h3><ul data-path-to-node=\"6\"><li><p data-path-to-node=\"6,0,0\"><b data-path-to-node=\"6,0,0\" data-index-in-node=\"0\">\u30b9\u30c8\u30ec\u30b9\u30aa\u30b9\u30c6\u30aa\u30d1\u30b7\u30fc\uff1a<\/b> \u3053\u308c\u306f\u9aa8\u6298\u306e\u524d\u5146\u3067\u3059\u3002\u9aa8\u306b\u904e\u8ca0\u8377\u304c\u304b\u304b\u308a\u816b\u308c\u304c\u751f\u3058\u3066\u3044\u307e\u3059\u304c\u3001\u5b9f\u969b\u306e\u9aa8\u6298\u7dda\u306f\u307e\u3060\u5f62\u6210\u3055\u308c\u3066\u3044\u307e\u305b\u3093\u3002\u3053\u306e\u6bb5\u968e\u3067\u306f\u3001\u5b89\u9759\u306b\u3057\u3066\u3044\u308c\u3070\u901a\u5e38\u306f\u3059\u3050\u306b\u6cbb\u7652\u3057\u307e\u3059\u3002.<\/p><\/li><li><p data-path-to-node=\"6,1,0\"><b data-path-to-node=\"6,1,0\" data-index-in-node=\"0\">\u75b2\u52b4\u9aa8\u6298\uff08\u810a\u690e\u5206\u96e2\u75c7\uff09\uff1a<\/b> \u75c7\u72b6\u304c\u73fe\u308c\u3066\u3082\u8ca0\u62c5\u304c\u7d9a\u304f\u3068\u3001\u690e\u9aa8\u306e\u5f8c\u5f13\u306b\u9aa8\u6298\u304c\u751f\u3058\u308b\u53ef\u80fd\u6027\u304c\u3042\u308a\u307e\u3059\u3002\u5c0f\u5150\u3084\u9752\u5e74\u3067\u306f\u3001\u690e\u9aa8\u306e\u5f8c\u5f13\u306f\u307e\u3060\u6210\u9577\u6bb5\u968e\u306b\u3042\u308b\u305f\u3081\u3001\u6a5f\u68b0\u7684\u30b9\u30c8\u30ec\u30b9\u306b\u5bfe\u3057\u3066\u3088\u308a\u654f\u611f\u3067\u3059\u3002.<\/p><\/li><\/ul><h3 data-path-to-node=\"7\">\u5371\u967a\u306a\u7a2e\uff1f<\/h3><p data-path-to-node=\"8\">\u3053\u306e\u602a\u6211\u306f\u3001\u80cc\u4e2d\u306b\u7e70\u308a\u8fd4\u3057\u8ca0\u62c5\u304c\u304b\u304b\u308b\u30b9\u30dd\u30fc\u30c4\u3067\u3088\u304f\u767a\u751f\u3057\u307e\u3059\u3002 <b data-path-to-node=\"8\" data-index-in-node=\"72\">\u5f37\u3044\u5f8c\u65b9\u5c48\u66f2\uff08\u4f38\u5c55\uff09\u3068\u56de\u8ee2<\/b>. \u4f8b\u3048\u3070\u3001\u4ee5\u4e0b\u306e\u3088\u3046\u306a\u7a2e\u304c\u6319\u3052\u3089\u308c\u307e\u3059\u3002<\/p><ul data-path-to-node=\"9\"><li><p data-path-to-node=\"9,0,0\">\u4f53\u64cd\u3068\u30d5\u30a3\u30ae\u30e5\u30a2\u30b9\u30b1\u30fc\u30c8<\/p><\/li><li><p data-path-to-node=\"9,1,0\">\u9678\u4e0a\u7af6\u6280\uff08\u4f8b\uff1a\u3084\u308a\u6295\u3052\u3001\u8d70\u308a\u9ad8\u8df3\u3073\uff09<\/p><\/li><li><p data-path-to-node=\"9,2,0\">\u7403\u6280\uff08\u4f8b\uff1a\u30b5\u30c3\u30ab\u30fc\u3001\u30d5\u30ed\u30a2\u30dc\u30fc\u30eb\u3001\u30c6\u30cb\u30b9\uff09<\/p><\/li><\/ul><h3 data-path-to-node=\"10\">\u75c7\u72b6\u3092\u7279\u5b9a\u3059\u308b<\/h3><p data-path-to-node=\"11\">\u5178\u578b\u7684\u306a\u60a3\u8005\u306f\u3001\u4ee5\u4e0b\u306e\u3088\u3046\u306a\u75c7\u72b6\u3092\u793a\u3059\u601d\u6625\u671f\u306e\u904b\u52d5\u9078\u624b\u3067\u3042\u308b\u3002<\/p><ul data-path-to-node=\"12\"><li><p data-path-to-node=\"12,0,0\"><b data-path-to-node=\"12,0,0\" data-index-in-node=\"0\">\u5c40\u6240\u7684\u306a\u80cc\u4e2d\u306e\u75db\u307f\uff1a<\/b> \u75db\u307f\u306f\u8170\u306e\u4e0b\u90e8\u306b\u611f\u3058\u3089\u308c\u3001\u591a\u304f\u306e\u5834\u5408\u3001\u7247\u5074\u3060\u3051\u306b\u611f\u3058\u3089\u308c\u307e\u3059\u3002.<\/p><\/li><li><p data-path-to-node=\"12,1,0\"><b data-path-to-node=\"12,1,0\" data-index-in-node=\"0\">\u904b\u52d5\u6642\u306e\u75db\u307f\uff1a<\/b> \u75db\u307f\u306f\u7279\u306b\u80cc\u4e2d\u3092\u5f8c\u308d\u306b\u53cd\u3089\u305b\u305f\u3068\u304d\u306b\u8a98\u767a\u3055\u308c\u308b\u304c\u3001\u3082\u3063\u3068\u6f20\u7136\u3068\u3057\u305f\u75db\u307f\u306e\u5834\u5408\u3082\u3042\u308b\u3002<\/p><\/li><li><p data-path-to-node=\"12,2,0\"><b data-path-to-node=\"12,2,0\" data-index-in-node=\"0\">\u4f11\u606f\u306e\u52b9\u679c\uff1a<\/b> \u5b89\u9759\u306b\u3059\u308c\u3070\u75db\u307f\u306f\u548c\u3089\u3050\u304c\u3001\u30b9\u30dd\u30fc\u30c4\u3092\u518d\u958b\u3059\u308b\u3068\u3059\u3050\u306b\u75db\u307f\u304c\u518d\u767a\u3059\u308b\u3002\u5834\u5408\u306b\u3088\u3063\u3066\u306f\u3001\u75db\u307f\u304c\u304b\u306a\u308a\u6301\u7d9a\u3059\u308b\u3053\u3068\u3082\u3042\u308b\u3002.<\/p><\/li><\/ul><h3 data-path-to-node=\"13\">\u8a3a\u65ad \u2013 \u3069\u306e\u3088\u3046\u306b\u602a\u6211\u3092\u8a3a\u65ad\u3059\u308b\u306e\u304b\uff1f<\/h3><p data-path-to-node=\"14\">\u5c0f\u5150\u306e\u80cc\u4e2d\u306e\u637b\u632b\u306f\u3001\u521d\u671f\u6bb5\u968e\u306e\u637b\u632b\u6027\u9aa8\u75c7\u304c\u901a\u5e38\u306eX\u7dda\u691c\u67fb\u3067\u306f\u78ba\u8a8d\u3067\u304d\u306a\u3044\u305f\u3081\u3001\u8a3a\u65ad\u304c\u96e3\u3057\u3044\u3002.<\/p><ul data-path-to-node=\"15\"><li><p data-path-to-node=\"15,0,0\"><b data-path-to-node=\"15,0,0\" data-index-in-node=\"0\">\u78c1\u6c17\u5171\u9cf4\u753b\u50cf\u6cd5\uff08MRI\uff09\uff1a<\/b> \u3053\u308c\u306f\u6700\u826f\u306e\u691c\u67fb\u65b9\u6cd5\u3067\u3059\u3002\u9aa8\u6298\u304c\u767a\u751f\u3059\u308b\u524d\u3067\u3082\u3001\u9aa8\u306e\u816b\u308c\uff08\u6d6e\u816b\uff09\u3092\u691c\u51fa\u3067\u304d\u307e\u3059\u3002.<\/p><\/li><li><p data-path-to-node=\"15,1,0\"><b data-path-to-node=\"15,1,0\" data-index-in-node=\"0\">X\u7dda\uff1a<\/b> \u65e2\u5b58\u306e\u53e4\u3044\u9aa8\u6298\u3092\u793a\u3059\u53ef\u80fd\u6027\u306f\u3042\u308b\u304c\u3001\u521d\u671f\u72b6\u614b\u3092\u8a3a\u65ad\u3059\u308b\u306b\u306f\u4e0d\u5341\u5206\u3067\u3042\u308b\u3002.<\/p><\/li><\/ul><h3 data-path-to-node=\"16\">\u6cbb\u7642\u3068\u56de\u5fa9<\/h3><p data-path-to-node=\"17\">\u6cbb\u7642\u306e\u8981\u306f <b data-path-to-node=\"17\" data-index-in-node=\"20\">\u5341\u5206\u306a\u4f11\u606f\u3068\u9577\u3044\u4f11\u606f<\/b> \u30b9\u30dd\u30fc\u30c4\u306b\u3088\u308b\u30b9\u30c8\u30ec\u30b9\u304b\u3089\u3002.<\/p><ol start=\"1\" data-path-to-node=\"18\"><li><p data-path-to-node=\"18,0,0\"><b data-path-to-node=\"18,0,0\" data-index-in-node=\"0\">\u4f11\u606f\uff082\uff5e4\u30f6\u6708\uff09\uff1a<\/b> \u30b9\u30dd\u30fc\u30c4\u7981\u6b62\u671f\u9593\u306f\u901a\u5e38\u6570\u30f6\u6708\u3067\u3059\u3002\u3053\u306e\u671f\u9593\u4e2d\u306f\u3001\u6253\u6483\u3001\u30b8\u30e3\u30f3\u30d7\u3001\u80cc\u4e2d\u3092\u3072\u306d\u308b\u52d5\u4f5c\u306f\u907f\u3051\u3066\u304f\u3060\u3055\u3044\u3002.<\/p><\/li><li><p data-path-to-node=\"18,1,0\"><b data-path-to-node=\"18,1,0\" data-index-in-node=\"0\">\u7406\u5b66\u7642\u6cd5\uff1a<\/b> \u7406\u5b66\u7642\u6cd5\u58eb\u306f\u3001\u4f53\u5e79\u306e\u30b3\u30f3\u30c8\u30ed\u30fc\u30eb\u3092\u6307\u5c0e\u3057\u3001\u8170\u3078\u306e\u8ca0\u62c5\u3092\u5897\u5927\u3055\u305b\u308b\u4e0d\u9069\u5207\u306a\u59ff\u52e2\u3084\u7b4b\u8089\u306e\u7dca\u5f35\uff08\u4f8b\u3048\u3070\u3001\u30cf\u30e0\u30b9\u30c8\u30ea\u30f3\u30b0\u30b9\u306e\u7dca\u5f35\uff09\u3092\u77ef\u6b63\u3059\u308b\u4e0a\u3067\u3001\u975e\u5e38\u306b\u91cd\u8981\u306a\u5f79\u5272\u3092\u679c\u305f\u3057\u307e\u3059\u3002.<\/p><\/li><li><p data-path-to-node=\"18,2,0\"><b data-path-to-node=\"18,2,0\" data-index-in-node=\"0\">\u6bb5\u968e\u7684\u306a\u5fa9\u5e30\uff1a<\/b> \u80cc\u4e2d\u306e\u75db\u307f\u304c\u5b8c\u5168\u306b\u306a\u304f\u306a\u308a\u3001\u533b\u5e2b\u306e\u8a31\u53ef\u304c\u5f97\u3089\u308c\u305f\u5834\u5408\u306b\u306e\u307f\u3001\u30b9\u30dd\u30fc\u30c4\u306b\u5fa9\u5e30\u3067\u304d\u307e\u3059\u3002.<\/p><\/li><\/ol><p>\u30d8\u30eb\u30b9\u30d3\u30ec\u30c3\u30b8\u306e\u8a18\u4e8b<\/p><p><a href=\"https:\/\/www.terveyskyla.fi\/lastentalo\/lasten-kehitys-ja-erityistarpeet\/lasten-ja-nuorten-ortopedia\/selkaranka\/rasitusosteopatia-spondylolyysi-ja-spondylolisteesi\" target=\"_blank\" rel=\"noopener\">https:\/\/www.terveyskyla.fi\/lastentalo\/lasten-kehitys-ja-erityistarpeet\/lasten-ja-nuorten-ortopedia\/selkaranka\/rasitusosteopatia-spondylolyysi-ja-spondylolisteesi<\/a><\/p><p>Duodecim\u306e\u8a18\u4e8b<\/p><p><a href=\"https:\/\/www.duodecimlehti.fi\/duo15199\" target=\"_blank\" rel=\"noopener\">https:\/\/www.duodecimlehti.fi\/duo15199<\/a><\/p><p>\u30aa\u30eb\u30bd\u30d6\u30ec\u30c3\u30c8<\/p><p><a href=\"https:\/\/www.orthobullets.com\/spine\/2058\/pediatric-spondylolysis-and-spondylolisthesis\" target=\"_blank\" rel=\"noopener\">https:\/\/www.orthobullets.com\/spine\/2058\/pediatric-spondylolysis-and-spondylolisthesis<\/a><\/p>\t\t\t\t\t\t\t\t<\/div>\n\t\t\t\t<\/div>\n\t\t\t\t\t<\/div>\n\t\t\t\t<\/div>\n\t\t\t\t<\/div>","protected":false},"excerpt":{"rendered":"<p>Lasten ja nuorten sel\u00e4n rasitusvammat: Rasitusmurtuma ja rasitusosteopatia Selk\u00e4kipu on kasvavilla lapsilla ja nuorilla oire, johon tulee aina suhtautua vakavasti. Erityisesti tavoitteellisesti urheilevilla nuorilla selk\u00e4kivun taustalta saattaa joskus l\u00f6yty\u00e4 nikaman takakaaren rasitusvamma. T\u00e4m\u00e4 vamma jaetaan kahteen vaiheeseen: rasitusosteopatiaan (luun esiasteen rasitustila) ja varsinaiseen rasitusmurtumaan (spondylolyysi). Mik\u00e4 on rasitusosteopatia ja rasitusmurtuma? Rasitusosteopatia: T\u00e4m\u00e4 on murtuman esiaste. Luu on ylikuormittunut ja siell\u00e4 on turvotusta, mutta varsinaista murtumalinjaa ei ole viel\u00e4 syntynyt. T\u00e4ss\u00e4 vaiheessa vamma paranee yleens\u00e4 nopeasti levolla. Rasitusmurtuma (Spondylolyysi): Jos rasitusta jatketaan oireista huolimatta, nikaman takakaareen voi synty\u00e4 murtuma. Lapsilla ja nuorilla nikaman takakaari on viel\u00e4 kasvuvaiheessa ja siten herkempi mekaaniselle rasitukselle. Riskilajeja? Vamma syntyy tyypillisesti lajeissa, joissa selk\u00e4\u00e4n kohdistuu toistuvia [&hellip;]<\/p>\n","protected":false},"author":1,"featured_media":0,"parent":0,"menu_order":0,"comment_status":"closed","ping_status":"closed","template":"","meta":{"_angie_page":false,"site-sidebar-layout":"no-sidebar","site-content-layout":"page-builder","ast-site-content-layout":"full-width-container","site-content-style":"default","site-sidebar-style":"default","ast-global-header-display":"","ast-banner-title-visibility":"","ast-main-header-display":"","ast-hfb-above-header-display":"","ast-hfb-below-header-display":"","ast-hfb-mobile-header-display":"","site-post-title":"","ast-breadcrumbs-content":"","ast-featured-img":"disabled","footer-sml-layout":"","ast-disable-related-posts":"","theme-transparent-header-meta":"","adv-header-id-meta":"","stick-header-meta":"","header-above-stick-meta":"","header-main-stick-meta":"","header-below-stick-meta":"","astra-migrate-meta-layouts":"set","ast-page-background-enabled":"default","ast-page-background-meta":{"desktop":{"background-color":"","background-image":"","background-repeat":"repeat","background-position":"center center","background-size":"auto","background-attachment":"scroll","background-type":"","background-media":"","overlay-type":"","overlay-color":"","overlay-opacity":"","overlay-gradient":""},"tablet":{"background-color":"","background-image":"","background-repeat":"repeat","background-position":"center center","background-size":"auto","background-attachment":"scroll","background-type":"","background-media":"","overlay-type":"","overlay-color":"","overlay-opacity":"","overlay-gradient":""},"mobile":{"background-color":"","background-image":"","background-repeat":"repeat","background-position":"center center","background-size":"auto","background-attachment":"scroll","background-type":"","background-media":"","overlay-type":"","overlay-color":"","overlay-opacity":"","overlay-gradient":""}},"ast-content-background-meta":{"desktop":{"background-color":"var(--ast-global-color-5)","background-image":"","background-repeat":"repeat","background-position":"center center","background-size":"auto","background-attachment":"scroll","background-type":"","background-media":"","overlay-type":"","overlay-color":"","overlay-opacity":"","overlay-gradient":""},"tablet":{"background-color":"var(--ast-global-color-5)","background-image":"","background-repeat":"repeat","background-position":"center center","background-size":"auto","background-attachment":"scroll","background-type":"","background-media":"","overlay-type":"","overlay-color":"","overlay-opacity":"","overlay-gradient":""},"mobile":{"background-color":"var(--ast-global-color-5)","background-image":"","background-repeat":"repeat","background-position":"center center","background-size":"auto","background-attachment":"scroll","background-type":"","background-media":"","overlay-type":"","overlay-color":"","overlay-opacity":"","overlay-gradient":""}},"footnotes":""},"class_list":["post-1366","page","type-page","status-publish","hentry"],"_links":{"self":[{"href":"https:\/\/lastenkirurgia.fi\/ja\/wp-json\/wp\/v2\/pages\/1366","targetHints":{"allow":["GET"]}}],"collection":[{"href":"https:\/\/lastenkirurgia.fi\/ja\/wp-json\/wp\/v2\/pages"}],"about":[{"href":"https:\/\/lastenkirurgia.fi\/ja\/wp-json\/wp\/v2\/types\/page"}],"author":[{"embeddable":true,"href":"https:\/\/lastenkirurgia.fi\/ja\/wp-json\/wp\/v2\/users\/1"}],"replies":[{"embeddable":true,"href":"https:\/\/lastenkirurgia.fi\/ja\/wp-json\/wp\/v2\/comments?post=1366"}],"version-history":[{"count":7,"href":"https:\/\/lastenkirurgia.fi\/ja\/wp-json\/wp\/v2\/pages\/1366\/revisions"}],"predecessor-version":[{"id":1613,"href":"https:\/\/lastenkirurgia.fi\/ja\/wp-json\/wp\/v2\/pages\/1366\/revisions\/1613"}],"wp:attachment":[{"href":"https:\/\/lastenkirurgia.fi\/ja\/wp-json\/wp\/v2\/media?parent=1366"}],"curies":[{"name":"wp","href":"https:\/\/api.w.org\/{rel}","templated":true}]}}