{"id":1368,"date":"2026-04-09T13:50:07","date_gmt":"2026-04-09T13:50:07","guid":{"rendered":"https:\/\/darkcyan-pheasant-754087.hostingersite.com\/?page_id=1368"},"modified":"2026-04-12T16:03:31","modified_gmt":"2026-04-12T16:03:31","slug":"lapsen-kynsivallintulehduksen-hoito","status":"publish","type":"page","link":"https:\/\/lastenkirurgia.fi\/ja\/lapsen-kynsivallintulehduksen-hoito\/","title":{"rendered":"\u5c0f\u5150\u306e\u722a\u771f\u83cc\u75c7\u306e\u6cbb\u7642"},"content":{"rendered":"<div data-elementor-type=\"wp-page\" data-elementor-id=\"1368\" class=\"elementor elementor-1368\" data-elementor-post-type=\"page\">\n\t\t\t\t<div class=\"elementor-element elementor-element-b7f5ba2 e-flex e-con-boxed e-con e-parent\" data-id=\"b7f5ba2\" data-element_type=\"container\" data-e-type=\"container\">\n\t\t\t\t\t<div class=\"e-con-inner\">\n\t\t\t\t<div class=\"elementor-element elementor-element-ddd71c0 elementor-widget elementor-widget-text-editor\" data-id=\"ddd71c0\" data-element_type=\"widget\" data-e-type=\"widget\" data-widget_type=\"text-editor.default\">\n\t\t\t\t<div class=\"elementor-widget-container\">\n\t\t\t\t\t\t\t\t\t<h2 data-path-to-node=\"2\">\u5c0f\u5150\u306e\u722a\u771f\u83cc\u75c7 \u2013 \u5bb6\u5ead\u3067\u306e\u6cbb\u7642\u65b9\u6cd5<\/h2><p data-path-to-node=\"3\">\u722a\u771f\u83cc\u75c7\u306f\u3001\u7d30\u83cc\u304c\u76ae\u819a\u306b\u4fb5\u5165\u3059\u308b\u3053\u3068\u3067\u8d77\u3053\u308b\u4e00\u822c\u7684\u306a\u75be\u60a3\u3067\u3059\u3002\u4f8b\u3048\u3070\u3001\u722a\u3092\u565b\u3080\u3001\u7518\u76ae\u3092\u88c2\u304f\u3001\u5c0f\u3055\u306a\u50b7\u53e3\u304b\u3089\u7d30\u83cc\u304c\u4fb5\u5165\u3059\u308b\u306a\u3069\u304c\u539f\u56e0\u3068\u306a\u308a\u307e\u3059\u3002\u8db3\u306e\u6307\u306e\u5834\u5408\u3001\u539f\u56e0\u306f\u9774\uff08\u307e\u305f\u306f\u9774\u4e0b\uff09\u304c\u304d\u3064\u3059\u304e\u308b\u3001\u3042\u308b\u3044\u306f\u722a\u306e\u5207\u308a\u65b9\u304c\u9593\u9055\u3063\u3066\u3044\u308b\u3053\u3068\u304c\u591a\u3044\u3067\u3059\u3002.<\/p><h3 data-path-to-node=\"4\">1. \u5fdc\u6025\u51e6\u7f6e\u3068\u5bb6\u5ead\u3067\u306e\u30b1\u30a2\uff1a\u5165\u6d74<\/h3><p data-path-to-node=\"5\">\u722a\u771f\u83cc\u75c7\u306e\u521d\u671f\u6bb5\u968e\u306b\u304a\u3051\u308b\u6700\u3082\u91cd\u8981\u306a\u6cbb\u7642\u6cd5\u306f\u3001\u5b9a\u671f\u7684\u304b\u3064\u4e01\u5be7\u306a\u6d17\u6d44\u3067\u3059\u3002.<\/p><ul data-path-to-node=\"6\"><li><p data-path-to-node=\"6,0,0\"><b data-path-to-node=\"6,0,0\" data-index-in-node=\"0\">\u6e29\u304b\u3044\u304a\u98a8\u5442\uff1a<\/b> \u611f\u67d3\u3057\u305f\u6307\u3084\u8db3\u306e\u6307\u3092\u306c\u308b\u307e\u6e6f\u306b\u6d78\u3057\u3066\u304f\u3060\u3055\u3044\uff08\u523a\u6fc0\u306e\u5c11\u306a\u3044\u77f3\u9e78\u3084\u5869\u6c34\u3092\u4f7f\u3063\u3066\u3082\u69cb\u3044\u307e\u305b\u3093\uff09\u3002 <b data-path-to-node=\"6,0,0\" data-index-in-node=\"120\">15\uff5e20\u5206\u30921\u65e53\uff5e4\u56de<\/b>.<\/p><\/li><li><p data-path-to-node=\"6,1,0\"><b data-path-to-node=\"6,1,0\" data-index-in-node=\"0\">\u6a5f\u68b0\u6d17\u6d44\uff1a<\/b> \u5165\u6d74\u4e2d\u306f\u3001\u708e\u75c7\u3092\u8d77\u3053\u3057\u3066\u3044\u308b\u90e8\u5206\u3092\u512a\u3057\u304f\u62bc\u3057\u305f\u308a\u62ed\u3044\u305f\u308a\u3057\u3066\u3001\u722a\u3068\u76ae\u819a\u306e\u9593\u304b\u3089\u81bf\u304c\u6392\u51fa\u3055\u308c\u308b\u3088\u3046\u306b\u3057\u3066\u307f\u3066\u304f\u3060\u3055\u3044\u3002.<\/p><\/li><li><p data-path-to-node=\"6,2,0\"><b data-path-to-node=\"6,2,0\" data-index-in-node=\"0\">\u85ac\u7528\u8edf\u818f\uff1a<\/b> \u5165\u6d74\u5f8c\u3001\u85ac\u5c40\u3067\u5165\u624b\u3067\u304d\u308b\u30af\u30ea\u30fc\u30e0\uff08\u4f8b\uff1a\u30d0\u30b7\u30d0\u30af\u30c8\uff09\u3092\u60a3\u90e8\u306b\u5857\u5e03\u3057\u3001\u6e05\u6f54\u306a\u7d46\u5275\u818f\u3067\u4fdd\u8b77\u3057\u3066\u304f\u3060\u3055\u3044\u3002.<\/p><\/li><\/ul><h3 data-path-to-node=\"7\">2. \u4eca\u5f8c\u3001\u3053\u306e\u554f\u984c\u3092\u56de\u907f\u3059\u308b\u306b\u306f\u3069\u3046\u3059\u308c\u3070\u3088\u3044\u3067\u3057\u3087\u3046\u304b\uff1f<\/h3><ul data-path-to-node=\"8\"><li><p data-path-to-node=\"8,0,0\"><b data-path-to-node=\"8,0,0\" data-index-in-node=\"0\">\u6b63\u3057\u3044\u30ab\u30c3\u30c8\uff1a<\/b> \u722a\u306f\u307e\u3063\u3059\u3050\u306b\u5207\u308a\u3001\u89d2\u3092\u4e38\u304f\u3057\u3059\u304e\u306a\u3044\u3088\u3046\u306b\u3057\u307e\u3057\u3087\u3046\uff08\u7279\u306b\u8db3\u306e\u722a\u306f\uff09\u3002\u3053\u3046\u3059\u308b\u3053\u3068\u3067\u3001\u722a\u304c\u76ae\u819a\u306b\u98df\u3044\u8fbc\u3080\u306e\u3092\u9632\u3050\u3053\u3068\u304c\u3067\u304d\u307e\u3059\u3002.<\/p><\/li><li><p data-path-to-node=\"8,1,0\"><b data-path-to-node=\"8,1,0\" data-index-in-node=\"0\">\u722a\u3092\u565b\u3080\u7656\uff1a<\/b> \u722a\u3084\u7518\u76ae\u3092\u565b\u3093\u3060\u308a\u3001\u3080\u3057\u3063\u305f\u308a\u3059\u308b\u306e\u3092\u3084\u3081\u308b\u3088\u3046\u306b\u3057\u3066\u304f\u3060\u3055\u3044\u3002.<\/p><\/li><li><p data-path-to-node=\"8,2,0\"><b data-path-to-node=\"8,2,0\" data-index-in-node=\"0\">\u30d6\u30fc\u30c4\uff1a<\/b> \u304a\u5b50\u69d8\u306e\u9774\u3068\u9774\u4e0b\u306b\u306f\u5341\u5206\u306a\u3086\u3068\u308a\u304c\u3042\u308b\u3053\u3068\u3092\u78ba\u8a8d\u3057\u3066\u304f\u3060\u3055\u3044\u3002.<\/p><\/li><\/ul><hr data-path-to-node=\"9\" \/><h3 data-path-to-node=\"10\">3\uff0e\u3044\u3064\u533b\u5e2b\u306e\u8a3a\u5bdf\u3092\u53d7\u3051\u308b\u3079\u304d\u3067\u3059\u304b\uff1f<\/h3><p data-path-to-node=\"11\">\u81ea\u5b85\u3067\u306e\u6cbb\u7642\u306f\u591a\u304f\u306e\u5834\u5408\u3059\u3050\u306b\u52b9\u679c\u304c\u73fe\u308c\u307e\u3059\u304c\u3001\u7279\u5b9a\u306e\u72b6\u6cc1\u3067\u306f\u533b\u5e2b\u306e\u8a3a\u5bdf\u3092\u53d7\u3051\u308b\u3079\u304d\u3067\u3059\u3002<\/p><ul data-path-to-node=\"12\"><li style=\"list-style-type: none;\"><ul data-path-to-node=\"12\"><li><p data-path-to-node=\"12,0,0\"><b data-path-to-node=\"12,0,0\" data-index-in-node=\"0\">\u81bf\u760d\uff1a<\/b> \u722a\u5e8a\u306e\u4e0b\u306b\u900f\u660e\u3067\u9ec4\u8272\u3063\u307d\u3044\u81bf\u760d\u304c\u3067\u304d\u305f\u5834\u5408\u3001\u533b\u5e2b\u306f\u5c0f\u3055\u306a\u91dd\u3067\u81bf\u760d\u3092\u5207\u958b\uff08\u5207\u958b\uff09\u3057\u3066\u5727\u529b\u3092\u8efd\u6e1b\u3057\u3001\u708e\u75c7\u3092\u6cbb\u7652\u3055\u305b\u308b\u5fc5\u8981\u304c\u3042\u308b\u304b\u3082\u3057\u308c\u307e\u305b\u3093\u3002.<\/p><\/li><li><p data-path-to-node=\"12,1,0\"><b data-path-to-node=\"12,1,0\" data-index-in-node=\"0\">\u708e\u75c7\u306f\u5e83\u304c\u308b\uff1a<\/b> \u8d64\u307f\u3084\u816b\u308c\u306f\u3001\u6307\u3084\u8db3\u306e\u6307\u306e\u4ed8\u3051\u6839\u3001\u3042\u308b\u3044\u306f\u624b\u306e\u3072\u3089\u3084\u8db3\u306e\u88cf\u5074\u3078\u3068\u5e83\u304c\u308a\u59cb\u3081\u307e\u3059\u3002.<\/p><\/li><li><p data-path-to-node=\"12,2,0\"><b data-path-to-node=\"12,2,0\" data-index-in-node=\"0\">\u6fc0\u3057\u3044\u75db\u307f\uff1a<\/b> \u75db\u307f\u306e\u305f\u3081\u5b50\u4f9b\u304c\u7720\u308c\u306a\u3044\u3001\u307e\u305f\u306f\u75db\u307f\u304c\u4f55\u3089\u304b\u306e\u5f62\u3067\u7761\u7720\u3092\u59a8\u3052\u308b<\/p><\/li><li><p data-path-to-node=\"12,3,0\"><b data-path-to-node=\"12,3,0\" data-index-in-node=\"0\">\u71b1\uff1a<\/b> \u5b50\u4f9b\u304c\u611f\u67d3\u75c7\u306b\u3088\u308a\u767a\u71b1\u3059\u308b\u3002.<\/p><\/li><li><p data-path-to-node=\"12,4,0\"><b data-path-to-node=\"12,4,0\" data-index-in-node=\"0\">\u6539\u5584\u3055\u308c\u306a\u3044\uff1a<\/b> 2\uff5e3\u65e5\u9593\u3001\u5165\u5ff5\u306a\u5728\u5b85\u4ecb\u8b77\u3092\u884c\u3063\u305f\u306b\u3082\u304b\u304b\u308f\u3089\u305a\u3001\u72b6\u6cc1\u306f\u6539\u5584\u3057\u306a\u3044\u3002.<\/p><\/li><\/ul><\/li><\/ul><div class=\"attachment-container search-images\"><div class=\"image-container ng-star-inserted\" data-full-size-image-uri=\"https:\/\/encrypted-tbn2.gstatic.com\/licensed-image?q=tbn:ANd9GcQ24juu2z9gCY9-uRpjTDTtNGDQYZpc_yb_s44bfmapOHo3GfoUNMi4ec7SG1OAY1K2Xy2N4XVT7OptihwBIQdl8UuEEXCTeLxEWEtrcPIHJ4MbBwA\"><div class=\"overlay-container ng-star-inserted\">\u00a0<\/div><\/div><\/div><hr data-path-to-node=\"14\" \/><h3 data-path-to-node=\"15\">\u7279\u8a18\u4e8b\u9805\uff1a\u5dfb\u304d\u722a<\/h3><p data-path-to-node=\"16\">\u540c\u3058\u8db3\u6307\u306b\u611f\u67d3\u304c\u518d\u767a\u3057\u3001\u722a\u304c\u660e\u3089\u304b\u306b\u76ae\u819a\u306b\u98df\u3044\u8fbc\u3093\u3067\u3044\u308b\u5834\u5408\u306f\u3001\u69cb\u9020\u7684\u306a\u554f\u984c\u3067\u3042\u308b\u53ef\u80fd\u6027\u304c\u3042\u308a\u3001\u5834\u5408\u306b\u3088\u3063\u3066\u306f\u5c0f\u624b\u8853\uff08\u722a\u6954\u72b6\u5207\u9664\u8853\uff09\u304c\u5fc5\u8981\u306b\u306a\u308a\u307e\u3059\u3002\u3053\u306e\u624b\u8853\u3067\u306f\u3001\u9ebb\u9154\u4e0b\uff08\u307e\u308c\u306b\u93ae\u9759\u5264\u3092\u4f7f\u7528\uff09\u3067\u722a\u306e\u7e01\u3092\u6839\u5143\u307e\u3067\u72ed\u3081\u307e\u3059\u3002.\u00a0<\/p>\t\t\t\t\t\t\t\t<\/div>\n\t\t\t\t<\/div>\n\t\t\t\t\t<\/div>\n\t\t\t\t<\/div>\n\t\t\t\t<\/div>","protected":false},"excerpt":{"rendered":"<p>Lapsen kynsivallintulehdus \u2013 kotihoito-ohje Kynsivallintulehdus on yleinen vaiva, joka syntyy, kun bakteerit p\u00e4\u00e4sev\u00e4t ihon sis\u00e4\u00e4n esimerkiksi kynnen pureskelun, kynsinauhan repimisen tai pienen haavan seurauksena. Varpaissa syyn\u00e4 on usein liian tiukka kenk\u00e4 (tai sukka) tai v\u00e4\u00e4rin leikattu kynsi. 1. Ensiapu ja kotihoito: Kylvetykset T\u00e4rkein hoito kynsivallintulehduksen alkuvaiheessa on s\u00e4\u00e4nn\u00f6llinen ja huolellinen puhdistus. L\u00e4mpim\u00e4t kylvyt: Liota tulehtunutta sormea tai varvasta haaleassa vedess\u00e4 (voit k\u00e4ytt\u00e4\u00e4 mietoa saippuaa tai suolavett\u00e4) 15\u201320 minuuttia 3\u20134 kertaa p\u00e4iv\u00e4ss\u00e4. Mekaaninen puhdistus: Kylvyn aikana voit yritt\u00e4\u00e4 hell\u00e4sti painella tai pyyhki\u00e4 tulehtunutta aluetta, jotta mahdollinen m\u00e4t\u00e4 p\u00e4\u00e4see purkautumaan ulos kynnen ja ihon v\u00e4list\u00e4. l\u00e4\u00e4kevoide: Kylvyn j\u00e4lkeen voit levitt\u00e4\u00e4 alueelle apteekista saatavaa voidetta (esim. Bacibact) ja suojata alueen puhtaalla laastarilla. 2. [&hellip;]<\/p>\n","protected":false},"author":1,"featured_media":0,"parent":0,"menu_order":0,"comment_status":"closed","ping_status":"closed","template":"","meta":{"_angie_page":false,"site-sidebar-layout":"no-sidebar","site-content-layout":"page-builder","ast-site-content-layout":"full-width-container","site-content-style":"default","site-sidebar-style":"default","ast-global-header-display":"","ast-banner-title-visibility":"","ast-main-header-display":"","ast-hfb-above-header-display":"","ast-hfb-below-header-display":"","ast-hfb-mobile-header-display":"","site-post-title":"","ast-breadcrumbs-content":"","ast-featured-img":"disabled","footer-sml-layout":"","ast-disable-related-posts":"","theme-transparent-header-meta":"","adv-header-id-meta":"","stick-header-meta":"","header-above-stick-meta":"","header-main-stick-meta":"","header-below-stick-meta":"","astra-migrate-meta-layouts":"set","ast-page-background-enabled":"default","ast-page-background-meta":{"desktop":{"background-color":"","background-image":"","background-repeat":"repeat","background-position":"center center","background-size":"auto","background-attachment":"scroll","background-type":"","background-media":"","overlay-type":"","overlay-color":"","overlay-opacity":"","overlay-gradient":""},"tablet":{"background-color":"","background-image":"","background-repeat":"repeat","background-position":"center center","background-size":"auto","background-attachment":"scroll","background-type":"","background-media":"","overlay-type":"","overlay-color":"","overlay-opacity":"","overlay-gradient":""},"mobile":{"background-color":"","background-image":"","background-repeat":"repeat","background-position":"center center","background-size":"auto","background-attachment":"scroll","background-type":"","background-media":"","overlay-type":"","overlay-color":"","overlay-opacity":"","overlay-gradient":""}},"ast-content-background-meta":{"desktop":{"background-color":"var(--ast-global-color-5)","background-image":"","background-repeat":"repeat","background-position":"center center","background-size":"auto","background-attachment":"scroll","background-type":"","background-media":"","overlay-type":"","overlay-color":"","overlay-opacity":"","overlay-gradient":""},"tablet":{"background-color":"var(--ast-global-color-5)","background-image":"","background-repeat":"repeat","background-position":"center center","background-size":"auto","background-attachment":"scroll","background-type":"","background-media":"","overlay-type":"","overlay-color":"","overlay-opacity":"","overlay-gradient":""},"mobile":{"background-color":"var(--ast-global-color-5)","background-image":"","background-repeat":"repeat","background-position":"center center","background-size":"auto","background-attachment":"scroll","background-type":"","background-media":"","overlay-type":"","overlay-color":"","overlay-opacity":"","overlay-gradient":""}},"footnotes":""},"class_list":["post-1368","page","type-page","status-publish","hentry"],"_links":{"self":[{"href":"https:\/\/lastenkirurgia.fi\/ja\/wp-json\/wp\/v2\/pages\/1368","targetHints":{"allow":["GET"]}}],"collection":[{"href":"https:\/\/lastenkirurgia.fi\/ja\/wp-json\/wp\/v2\/pages"}],"about":[{"href":"https:\/\/lastenkirurgia.fi\/ja\/wp-json\/wp\/v2\/types\/page"}],"author":[{"embeddable":true,"href":"https:\/\/lastenkirurgia.fi\/ja\/wp-json\/wp\/v2\/users\/1"}],"replies":[{"embeddable":true,"href":"https:\/\/lastenkirurgia.fi\/ja\/wp-json\/wp\/v2\/comments?post=1368"}],"version-history":[{"count":4,"href":"https:\/\/lastenkirurgia.fi\/ja\/wp-json\/wp\/v2\/pages\/1368\/revisions"}],"predecessor-version":[{"id":1664,"href":"https:\/\/lastenkirurgia.fi\/ja\/wp-json\/wp\/v2\/pages\/1368\/revisions\/1664"}],"wp:attachment":[{"href":"https:\/\/lastenkirurgia.fi\/ja\/wp-json\/wp\/v2\/media?parent=1368"}],"curies":[{"name":"wp","href":"https:\/\/api.w.org\/{rel}","templated":true}]}}