{"id":1370,"date":"2026-04-09T13:50:59","date_gmt":"2026-04-09T13:50:59","guid":{"rendered":"https:\/\/darkcyan-pheasant-754087.hostingersite.com\/?page_id=1370"},"modified":"2026-04-11T12:57:53","modified_gmt":"2026-04-11T12:57:53","slug":"lapsen-ihomuutoksen-poisto","status":"publish","type":"page","link":"https:\/\/lastenkirurgia.fi\/ja\/lapsen-ihomuutoksen-poisto\/","title":{"rendered":"\u5c0f\u5150\u306e\u76ae\u819a\u75c5\u5909\u306e\u9664\u53bb"},"content":{"rendered":"<div data-elementor-type=\"wp-page\" data-elementor-id=\"1370\" class=\"elementor elementor-1370\" data-elementor-post-type=\"page\">\n\t\t\t\t<div class=\"elementor-element elementor-element-769c94c e-flex e-con-boxed e-con e-parent\" data-id=\"769c94c\" data-element_type=\"container\" data-e-type=\"container\">\n\t\t\t\t\t<div class=\"e-con-inner\">\n\t\t\t\t<div class=\"elementor-element elementor-element-2855bef elementor-widget elementor-widget-text-editor\" data-id=\"2855bef\" data-element_type=\"widget\" data-e-type=\"widget\" data-widget_type=\"text-editor.default\">\n\t\t\t\t<div class=\"elementor-widget-container\">\n\t\t\t\t\t\t\t\t\t<h2 data-path-to-node=\"2\">\u5b50\u4f9b\u306e\u76ae\u819a\u75c5\u5909\u306e\u9664\u53bb\u65b9\u6cd5 \u2013 \u4fdd\u8b77\u8005\u5411\u3051\u624b\u9806<\/h2><p data-path-to-node=\"3\">\u307b\u304f\u308d\u3084\u305d\u306e\u4ed6\u306e\u5c0f\u3055\u306a\u76ae\u819a\u75c5\u5909\u306a\u3069\u306e\u76ae\u819a\u306e\u5909\u5316\u3092\u9664\u53bb\u3059\u308b\u3053\u3068\u306f\u3001\u5b50\u4f9b\u306b\u3068\u3063\u3066\u4e00\u822c\u7684\u306a\u51e6\u7f6e\u3067\u3059\u3002\u5f53\u9662\u306e\u76ee\u6a19\u306f\u3001\u304a\u5b50\u69d8\u306b\u3068\u3063\u3066\u3067\u304d\u308b\u9650\u308a\u5b89\u5168\u3067\u30b9\u30c8\u30ec\u30b9\u306e\u306a\u3044\u51e6\u7f6e\u3092\u884c\u3046\u3053\u3068\u3067\u3059\u3002.<\/p><h3 data-path-to-node=\"4\">Anessia \u304b anessia \u304b\uff1f<\/h3><p data-path-to-node=\"5\">\u3053\u306e\u51e6\u7f6e\u306f\u3001\u304a\u5b50\u69d8\u306e\u5e74\u9f62\u3084\u7dca\u5f35\u306e\u7a0b\u5ea6\u306b\u5fdc\u3058\u3066\u3001\u5c40\u6240\u9ebb\u9154\u307e\u305f\u306f\u5168\u8eab\u9ebb\u9154\u306e\u3044\u305a\u308c\u304b\u3067\u884c\u3046\u3053\u3068\u304c\u3067\u304d\u307e\u3059\u3002.<\/p><ul data-path-to-node=\"6\"><li><p data-path-to-node=\"6,0,0\"><b data-path-to-node=\"6,0,0\" data-index-in-node=\"0\">\u5c40\u6240\u9ebb\u9154\uff1a<\/b> \u3053\u306e\u51e6\u7f6e\u306f\u3001\u5c0f\u5b66\u6821\u4f4e\u5b66\u5e74\u304f\u3089\u3044\u306e\u6d3b\u767a\u306a\u5b50\u4f9b\u3067\u3042\u308c\u3070\u3001\u5168\u8eab\u9ebb\u9154\u4e0b\u3067\u3057\u3070\u3057\u3070\u6210\u529f\u3059\u308b\u3002\u5b50\u4f9b\u304c\u9ebb\u9154\u3092\u5acc\u304c\u3089\u306a\u3051\u308c\u3070\u3001\u51e6\u7f6e\u81ea\u4f53\u306f\u901a\u5e38\u3046\u307e\u304f\u3044\u304f\u3002.<\/p><\/li><li><p data-path-to-node=\"6,1,0\"><b data-path-to-node=\"6,1,0\" data-index-in-node=\"0\">\u9ebb\u9154\u85ac\uff1a<\/b> \u304a\u5b50\u3055\u3093\u304c\u51e6\u7f6e\u306b\u5bfe\u3057\u3066\u975e\u5e38\u306b\u6016\u304c\u3063\u305f\u308a\u4e0d\u5b89\u3092\u611f\u3058\u3066\u3044\u308b\u5834\u5408\u306f\u3001\u5c40\u6240\u9ebb\u9154\u3092\u7121\u7406\u5f37\u3044\u3059\u308b\u3053\u3068\u306f\u907f\u3051\u3066\u304f\u3060\u3055\u3044\u3002\u305d\u306e\u5834\u5408\u306f\u3001\u5225\u306e\u65e5\u306b\u5168\u8eab\u9ebb\u9154\uff08\u77ed\u6642\u9593\u5168\u8eab\u9ebb\u9154\uff09\u3067\u51e6\u7f6e\u3092\u884c\u3046\u3088\u3046\u306b\u624b\u914d\u3059\u308b\u306e\u304c\u826f\u3044\u3067\u3057\u3087\u3046\u3002\u305d\u3046\u3059\u308b\u3053\u3068\u3067\u3001\u304a\u5b50\u3055\u3093\u306f\u51e6\u7f6e\u306b\u5bfe\u3059\u308b\u6050\u6016\u5fc3\u3084\u4e0d\u5feb\u306a\u8a18\u61b6\u3092\u62b1\u304f\u3053\u3068\u306a\u304f\u6e08\u307f\u307e\u3059\u3002.<\/p><\/li><\/ul><h3 data-path-to-node=\"7\">\u51e6\u7f6e\u306e\u524d\u306b<\/h3><ul data-path-to-node=\"8\"><li><p data-path-to-node=\"8,0,0\">\u304a\u5b50\u3055\u3093\u3068\u4e8b\u524d\u306b\u3001\u3069\u306e\u3088\u3046\u306a\u51e6\u7f6e\u304c\u884c\u308f\u308c\u308b\u304b\u306b\u3064\u3044\u3066\u8a71\u3057\u5408\u3063\u3066\u304f\u3060\u3055\u3044\u3002\u533b\u5e2b\u306f\u76ae\u819a\u306e\u3054\u304f\u4e00\u90e8\u3060\u3051\u3092\u9ebb\u9154\u3059\u308b\u3060\u3051\u3060\u3068\u3044\u3046\u3053\u3068\u3084\u3001\u51e6\u7f6e\u4e2d\u306b\u77ed\u3044\u663c\u5bdd\u3092\u3057\u3066\u3082\u3088\u3044\u3068\u3044\u3046\u3053\u3068\u3092\u4f1d\u3048\u3066\u304f\u3060\u3055\u3044\u3002.<\/p><\/li><li><p data-path-to-node=\"8,1,0\">\u9ebb\u9154\u4e0b\u3067\u624b\u8853\u3092\u884c\u3046\u5834\u5408\u306f\u3001\u7d76\u98df\u306b\u95a2\u3059\u308b\u6307\u793a\u304c\u5225\u9014\u4f1d\u3048\u3089\u308c\u307e\u3059\u3002.<\/p><\/li><\/ul><hr data-path-to-node=\"9\" \/><h3 data-path-to-node=\"10\">\u624b\u8853\u5f8c\u3068\u81ea\u5b85\u3067\u306e\u30b1\u30a2<\/h3><p data-path-to-node=\"11\">\u6458\u51fa\u81ea\u4f53\u306f\u3059\u3050\u306b\u7d42\u308f\u308a\u307e\u3059\u3002\u50b7\u53e3\u306f\u901a\u5e38\u3001\u7e2b\u5408\u3055\u308c\u307e\u3059\u3002 <b data-path-to-node=\"11\" data-index-in-node=\"53\">\u7e2b\u3044\u76ee\u304c\u6ed1\u3089\u304b<\/b>, \u3053\u308c\u3089\u306f\u9664\u53bb\u3059\u308b\u5fc5\u8981\u306f\u3042\u308a\u307e\u305b\u3093\u3002\u6642\u9593\u304c\u7d4c\u3064\u306b\u3064\u308c\u3066\u81ea\u7136\u306b\u6d88\u3048\u3066\u3044\u304d\u307e\u3059\u3002.<\/p><p data-path-to-node=\"12\"><b data-path-to-node=\"12\" data-index-in-node=\"0\">\u56de\u5fa9\u3068\u5236\u9650\uff1a<\/b> \u50b7\u53e3\u3092\u6700\u521d\u306e\u6570\u65e5\u9593\u306f\u4f38\u3070\u3057\u305f\u308a\u6fe1\u3089\u3057\u305f\u308a\u3057\u306a\u3044\u3088\u3046\u306b\u3059\u308b\u3053\u3068\u3067\u3001\u7a4f\u3084\u304b\u306a\u50b7\u306e\u6cbb\u7652\u304c\u4fc3\u9032\u3055\u308c\u307e\u3059\u3002.<\/p><ul data-path-to-node=\"13\"><li><p data-path-to-node=\"13,0,0\"><b data-path-to-node=\"13,0,0\" data-index-in-node=\"0\">\u5b66\u6821\uff1a<\/b> \u5b50\u3069\u3082\u306f\u901a\u5e38\u3001\u7fcc\u65e5\u306b\u306f\u5b66\u6821\u3084\u4fdd\u80b2\u5712\u306b\u623b\u308b\u3053\u3068\u304c\u3067\u304d\u307e\u3059\u3002.<\/p><\/li><li><p data-path-to-node=\"13,1,0\"><b data-path-to-node=\"13,1,0\" data-index-in-node=\"0\">\u904b\u52d5\u3068\u30b9\u30dd\u30fc\u30c4\uff1a<\/b> \u306b\u3064\u3044\u3066 <b data-path-to-node=\"13,1,0\" data-index-in-node=\"26\">1\u9031\u9593\u306e\u4f11\u6687<\/b> \u30b9\u30dd\u30fc\u30c4\u3092\u63a7\u3048\u308b\u3053\u3068\u306f\u3001\u50b7\u53e3\u304c\u958b\u3044\u305f\u308a\u4f38\u3073\u305f\u308a\u3059\u308b\u306e\u3092\u9632\u3050\u305f\u3081\u306b\u5fc5\u8981\u3067\u3059\u3002.<\/p><\/li><li><p data-path-to-node=\"13,2,0\"><b data-path-to-node=\"13,2,0\" data-index-in-node=\"0\">\u30b5\u30a6\u30ca\u3068\u6c34\u6cf3\uff1a<\/b> \u50b7\u53e3\u306e\u611f\u67d3\u3092\u9632\u3050\u305f\u3081\u3001\u30b5\u30a6\u30ca\u3001\u6c34\u6cf3\u3001\u5165\u6d74\u306f\u3001\u7d04 <b data-path-to-node=\"13,2,0\" data-index-in-node=\"93\">1\u9031\u9593<\/b>. \u50b7\u53e3\u3092\u512a\u3057\u304f\u62ed\u3044\u3066\u4e7e\u304b\u305b\u3070\u3001\u901a\u5e38\u901a\u308a\u30b7\u30e3\u30ef\u30fc\u3092\u6d74\u3073\u3066\u3082\u69cb\u3044\u307e\u305b\u3093\uff08\u901a\u5e38\u306f24\u6642\u9593\u5f8c\u304b\u3089\uff09\u3002.<\/p><\/li><\/ul>\t\t\t\t\t\t\t\t<\/div>\n\t\t\t\t<\/div>\n\t\t\t\t\t<\/div>\n\t\t\t\t<\/div>\n\t\t\t\t<\/div>","protected":false},"excerpt":{"rendered":"<p>Lapsen ihomuutoksen poisto \u2013 ohjeita vanhemmille Ihomuutosten, kuten luomien tai muiden pienten ihopatitien, poisto on lapsilla tavallinen toimenpide. Tavoitteenamme on tehd\u00e4 toimenpiteest\u00e4 lapselle mahdollisimman turvallinen ja v\u00e4h\u00e4n j\u00e4nnitt\u00e4v\u00e4 kokemus. Puudutus vai nukutus? Toimenpide voidaan tehd\u00e4 joko paikallispuudutuksessa tai nukutuksessa lapsen i\u00e4st\u00e4 ja j\u00e4nnityksest\u00e4 riippuen. Paikallispuudutus: Toimenpide onnistuu usein jo ala-asteik\u00e4isilt\u00e4 reippailta lapsilta puudutuksessa. Jos lapsi sallii puudutteen laittamisen, itse toimenpide sujuu yleens\u00e4 erinomaisesti. Nukutus: Jos lapsi pelk\u00e4\u00e4 tai j\u00e4nnitt\u00e4\u00e4 tilannetta kovasti, ei paikallispuudutusta kannata yritt\u00e4\u00e4 v\u00e4kisin. T\u00e4ll\u00f6in on parempi sopia uusi aika toimenpiteeseen, joka tehd\u00e4\u00e4n nukutuksessa (lyhyt yleisanestesia). N\u00e4in lapselle ei j\u00e4\u00e4 toimenpiteest\u00e4 pelkoja tai ik\u00e4vi\u00e4 muistoja. Ennen toimenpidett\u00e4 Keskustelkaa lapsen kanssa etuk\u00e4teen, mit\u00e4 tuleman pit\u00e4\u00e4. Kerro, ett\u00e4 l\u00e4\u00e4k\u00e4ri &#8221;nukuttaa&#8221; [&hellip;]<\/p>\n","protected":false},"author":1,"featured_media":0,"parent":0,"menu_order":0,"comment_status":"closed","ping_status":"closed","template":"","meta":{"_angie_page":false,"site-sidebar-layout":"no-sidebar","site-content-layout":"page-builder","ast-site-content-layout":"full-width-container","site-content-style":"default","site-sidebar-style":"default","ast-global-header-display":"","ast-banner-title-visibility":"","ast-main-header-display":"","ast-hfb-above-header-display":"","ast-hfb-below-header-display":"","ast-hfb-mobile-header-display":"","site-post-title":"","ast-breadcrumbs-content":"","ast-featured-img":"disabled","footer-sml-layout":"","ast-disable-related-posts":"","theme-transparent-header-meta":"","adv-header-id-meta":"","stick-header-meta":"","header-above-stick-meta":"","header-main-stick-meta":"","header-below-stick-meta":"","astra-migrate-meta-layouts":"set","ast-page-background-enabled":"default","ast-page-background-meta":{"desktop":{"background-color":"","background-image":"","background-repeat":"repeat","background-position":"center center","background-size":"auto","background-attachment":"scroll","background-type":"","background-media":"","overlay-type":"","overlay-color":"","overlay-opacity":"","overlay-gradient":""},"tablet":{"background-color":"","background-image":"","background-repeat":"repeat","background-position":"center center","background-size":"auto","background-attachment":"scroll","background-type":"","background-media":"","overlay-type":"","overlay-color":"","overlay-opacity":"","overlay-gradient":""},"mobile":{"background-color":"","background-image":"","background-repeat":"repeat","background-position":"center center","background-size":"auto","background-attachment":"scroll","background-type":"","background-media":"","overlay-type":"","overlay-color":"","overlay-opacity":"","overlay-gradient":""}},"ast-content-background-meta":{"desktop":{"background-color":"var(--ast-global-color-5)","background-image":"","background-repeat":"repeat","background-position":"center center","background-size":"auto","background-attachment":"scroll","background-type":"","background-media":"","overlay-type":"","overlay-color":"","overlay-opacity":"","overlay-gradient":""},"tablet":{"background-color":"var(--ast-global-color-5)","background-image":"","background-repeat":"repeat","background-position":"center center","background-size":"auto","background-attachment":"scroll","background-type":"","background-media":"","overlay-type":"","overlay-color":"","overlay-opacity":"","overlay-gradient":""},"mobile":{"background-color":"var(--ast-global-color-5)","background-image":"","background-repeat":"repeat","background-position":"center center","background-size":"auto","background-attachment":"scroll","background-type":"","background-media":"","overlay-type":"","overlay-color":"","overlay-opacity":"","overlay-gradient":""}},"footnotes":""},"class_list":["post-1370","page","type-page","status-publish","hentry"],"_links":{"self":[{"href":"https:\/\/lastenkirurgia.fi\/ja\/wp-json\/wp\/v2\/pages\/1370","targetHints":{"allow":["GET"]}}],"collection":[{"href":"https:\/\/lastenkirurgia.fi\/ja\/wp-json\/wp\/v2\/pages"}],"about":[{"href":"https:\/\/lastenkirurgia.fi\/ja\/wp-json\/wp\/v2\/types\/page"}],"author":[{"embeddable":true,"href":"https:\/\/lastenkirurgia.fi\/ja\/wp-json\/wp\/v2\/users\/1"}],"replies":[{"embeddable":true,"href":"https:\/\/lastenkirurgia.fi\/ja\/wp-json\/wp\/v2\/comments?post=1370"}],"version-history":[{"count":4,"href":"https:\/\/lastenkirurgia.fi\/ja\/wp-json\/wp\/v2\/pages\/1370\/revisions"}],"predecessor-version":[{"id":1538,"href":"https:\/\/lastenkirurgia.fi\/ja\/wp-json\/wp\/v2\/pages\/1370\/revisions\/1538"}],"wp:attachment":[{"href":"https:\/\/lastenkirurgia.fi\/ja\/wp-json\/wp\/v2\/media?parent=1370"}],"curies":[{"name":"wp","href":"https:\/\/api.w.org\/{rel}","templated":true}]}}