{"id":1376,"date":"2026-04-09T13:51:56","date_gmt":"2026-04-09T13:51:56","guid":{"rendered":"https:\/\/darkcyan-pheasant-754087.hostingersite.com\/?page_id=1376"},"modified":"2026-04-11T13:57:12","modified_gmt":"2026-04-11T13:57:12","slug":"lapsen-kipea-esinahka","status":"publish","type":"page","link":"https:\/\/lastenkirurgia.fi\/ja\/lapsen-kipea-esinahka\/","title":{"rendered":"\u5b50\u4f9b\u306e\u5305\u76ae\u306e\u75db\u307f"},"content":{"rendered":"<div data-elementor-type=\"wp-page\" data-elementor-id=\"1376\" class=\"elementor elementor-1376\" data-elementor-post-type=\"page\">\n\t\t\t\t<div class=\"elementor-element elementor-element-84d91fa e-flex e-con-boxed e-con e-parent\" data-id=\"84d91fa\" data-element_type=\"container\" data-e-type=\"container\">\n\t\t\t\t\t<div class=\"e-con-inner\">\n\t\t\t\t<div class=\"elementor-element elementor-element-ca62498 elementor-widget elementor-widget-text-editor\" data-id=\"ca62498\" data-element_type=\"widget\" data-e-type=\"widget\" data-widget_type=\"text-editor.default\">\n\t\t\t\t<div class=\"elementor-widget-container\">\n\t\t\t\t\t\t\t\t\t<div class=\"elementor-element elementor-element-83ac4a0 elementor-widget elementor-widget-text-editor\" data-id=\"83ac4a0\" data-element_type=\"widget\" data-e-type=\"widget\" data-widget_type=\"text-editor.default\"><div class=\"elementor-widget-container\"><h2 data-path-to-node=\"2\">\u5c0f\u5150\u306b\u304a\u3051\u308b\u5305\u76ae\u72ed\u7a84\u3068\u5272\u793c<\/h2><p data-path-to-node=\"3\">\u5305\u830e\u306f\u5b50\u4f9b\u306b\u3088\u304f\u898b\u3089\u308c\u308b\u75c7\u72b6\u3067\u3059\u304c\u3001\u5fc5\u305a\u3057\u3082\u624b\u8853\u304c\u5fc5\u8981\u306a\u308f\u3051\u3067\u306f\u3042\u308a\u307e\u305b\u3093\u3002\u6b63\u5e38\u306a\u767a\u9054\u6bb5\u968e\u3068\u6cbb\u7642\u304c\u5fc5\u8981\u306a\u72b6\u614b\u3092\u533a\u5225\u3059\u308b\u3053\u3068\u304c\u91cd\u8981\u3067\u3059\u3002.<\/p><p data-path-to-node=\"4\">\u00a0<\/p><p data-path-to-node=\"4\"><b data-path-to-node=\"4\" data-index-in-node=\"0\">\u6ce8\u8a18\uff1a<\/b>\u00a0<strong>\u5f53\u9662\u3067\u306f\u3001\u533b\u5b66\u7684\u306a\u7406\u7531\u306b\u3088\u308b\u5272\u793c\u306e\u307f\u3092\u884c\u3063\u3066\u3044\u307e\u3059\u3002\u5b97\u6559\u7684\u306a\u7406\u7531\u306b\u3088\u308b\u5272\u793c\u306f\u884c\u3063\u3066\u304a\u308a\u307e\u305b\u3093\u3002.\u00a0<\/strong><\/p><p data-path-to-node=\"4\">\u00a0<\/p><h3 data-path-to-node=\"5\">\u5305\u76ae\u306b\u5bfe\u3057\u3066\u4f55\u3082\u51e6\u7f6e\u3092\u3057\u306a\u304f\u3066\u3082\u826f\u3044\u306e\u306f\u3069\u306e\u3088\u3046\u306a\u5834\u5408\u3067\u3059\u304b\uff1f<\/h3><p data-path-to-node=\"6\">\u601d\u6625\u671f\u524d\u306e\u5b50\u4f9b\u306e\u5305\u76ae\u306f\u3001\u751f\u7406\u7684\u306b\u72ed\u3044\u3053\u3068\u304c\u591a\u304f\u3001\u3053\u308c\u306f\u6b63\u5e38\u306a\u72b6\u614b\u3067\u3059\u3002\u5b50\u4f9b\u306b\u75c7\u72b6\u304c\u306a\u3044\u5834\u5408\u306f\u3001\u6cbb\u7642\u306e\u5fc5\u8981\u306f\u306a\u304f\u3001\u6210\u9577\u3068\u3068\u3082\u306b\u81ea\u7136\u306b\u6cbb\u308b\u3053\u3068\u3082\u3042\u308a\u307e\u3059\u3002.<\/p><h3 data-path-to-node=\"7\">\u6cbb\u7642\u3092\u691c\u8a0e\u3059\u3079\u304d\u6642\u671f\u306f\u3044\u3064\u3067\u3059\u304b\uff1f<\/h3><p data-path-to-node=\"8\">\u5305\u76ae\u304c\u304d\u3064\u3044\u3053\u3068\u3067\u5b50\u4f9b\u306b\u4ee5\u4e0b\u306e\u3088\u3046\u306a\u554f\u984c\u304c\u751f\u3058\u308b\u5834\u5408\u306f\u3001\u6cbb\u7642\u304c\u5fc5\u8981\u3067\u3059\u3002<\/p><ul data-path-to-node=\"9\"><li><p data-path-to-node=\"9,0,0\">\u5305\u76ae\u306e\u518d\u767a\u6027\u611f\u67d3\u75c7\uff08\u5916\u79d1\u7684\u6cbb\u7642\u306f\u6975\u3081\u3066\u307e\u308c\u3067\u3042\u308a\u3001\u9069\u5207\u306a\u30b1\u30a2\u6307\u5c0e\u3092\u53d7\u3051\u308c\u3070\u901a\u5e38\u306f\u5e74\u9f62\u3068\u3068\u3082\u306b\u81ea\u7136\u306b\u6cbb\u307e\u308b\uff09<\/p><\/li><li><p data-path-to-node=\"9,1,0\">\u5305\u76ae\u306f\u3057\u3070\u3057\u3070\u75db\u307f\u3084\u3072\u3073\u5272\u308c\u3001\u51fa\u8840\u3092\u8d77\u3053\u3059\u3002.<\/p><\/li><li><p data-path-to-node=\"9,2,0\">\u5c3f\u306e\u6d41\u308c\u304c\u7570\u5e38\u3067\u3042\u308b\uff08\u6392\u5c3f\u6642\u306b\u5c3f\u304c\u9670\u830e\u3084\u5305\u76ae\u306e\u300c\u777e\u4e38\u300d\u306b\u5f53\u305f\u3089\u306a\u3044\uff09\u3002.<\/p><\/li><\/ul><h3 data-path-to-node=\"10\">\u6241\u5e73\u82d4\u766c\uff08BXO\uff09 \u2013 \u624b\u8853\u306e\u6700\u3082\u4e00\u822c\u7684\u306a\u7406\u7531<\/h3><p data-path-to-node=\"11\">\u30d5\u30a3\u30f3\u30e9\u30f3\u30c9\u3067\u306f\u3001\u5b50\u4f9b\u3084\u9752\u5c11\u5e74\u306e\u5272\u793c\u306e\u6700\u3082\u4e00\u822c\u7684\u306a\u7406\u7531\u306f\u00a0<b data-path-to-node=\"11\" data-index-in-node=\"62\">\u9589\u585e\u6027\u4e7e\u71e5\u6027\u4e80\u982d\u708e<\/b>. \u3053\u308c\u306f\u5305\u76ae\u306e\u7622\u75d5\u6027\u75be\u60a3\u3067\u3001\u76ae\u819a\u304c\u786c\u304f\u306a\u308a\u3001\u9752\u767d\u304f\u306a\u308a\u3001\u5f3e\u529b\u6027\u3092\u5931\u3044\u307e\u3059\u3002.<\/p><ul data-path-to-node=\"12\"><li><p data-path-to-node=\"12,0,0\">\u767d\u3044\u5730\u8863\u985e\u3078\u00a0<b data-path-to-node=\"12,0,0\" data-index-in-node=\"14\">\u552f\u4e00\u52b9\u679c\u7684\u306a\u6cbb\u7642\u6cd5<\/b>\u00a0\u50b7\u8de1\u306e\u3042\u308b\u76ae\u819a\u306e\u9664\u53bb\u3001\u3064\u307e\u308a\u5272\u793c\u306e\u3053\u3068\u3067\u3059\u3002.<\/p><\/li><\/ul><hr data-path-to-node=\"13\" \/><h3 data-path-to-node=\"14\">\u6cbb\u7642\u306e\u9078\u629e\u80a2<\/h3><p data-path-to-node=\"15\">\u6cbb\u7642\u6cd5\u306e\u9078\u629e\u306f\u3001\u75c7\u72b6\u3068\u8003\u3048\u3089\u308c\u308b\u57fa\u790e\u75be\u60a3\u306b\u3088\u3063\u3066\u7570\u306a\u308a\u307e\u3059\u3002<\/p><ol start=\"1\" data-path-to-node=\"16\"><li><p data-path-to-node=\"16,0,0\"><b data-path-to-node=\"16,0,0\" data-index-in-node=\"0\">\u85ac\u7528\u30af\u30ea\u30fc\u30e0\uff08\u30d9\u30e1\u30c3\u30c8\u30bd\u30f3\uff09\uff1a<\/b>\u00a0\u6241\u5e73\u82d4\u766c\u306e\u5146\u5019\u304c\u306a\u304f\u3001\u5358\u306a\u308b\u9f3b\u3065\u307e\u308a\u3067\u3042\u308c\u3070\u3001\u5f37\u529b\u306a\u30b3\u30eb\u30c1\u30be\u30f3\u30af\u30ea\u30fc\u30e0\uff08\u30d9\u30e1\u30c3\u30c8\u30bd\u30f3\u306a\u3069\uff09\u3092\u7d042\u9031\u9593\u4f7f\u7528\u3057\u3066\u307f\u3066\u304f\u3060\u3055\u3044\u3002\u3053\u306e\u30af\u30ea\u30fc\u30e0\u306f\u76ae\u819a\u3092\u67d4\u3089\u304b\u304f\u3057\u3001\u67d4\u8edf\u6027\u3092\u9ad8\u3081\u307e\u3059\u3002.<\/p><\/li><li><p data-path-to-node=\"16,1,0\"><b data-path-to-node=\"16,1,0\" data-index-in-node=\"0\">\u5305\u76ae\u5f62\u6210\u8853\uff1a<\/b>\u00a0\u76ae\u819a\u304c\u3057\u3063\u304b\u308a\u3057\u3066\u3044\u3066\u50b7\u8de1\u304c\u306a\u3044\u5834\u5408\u306f\u3001\u5f62\u6210\u5916\u79d1\u624b\u8853\u304c\u691c\u8a0e\u3055\u308c\u308b\u3053\u3068\u304c\u3042\u308a\u307e\u3059\u3002\u3053\u306e\u624b\u8853\u3067\u306f\u76ae\u819a\u3092\u5207\u9664\u3059\u308b\u306e\u3067\u306f\u306a\u304f\u3001\u5f62\u3092\u6574\u3048\u3066\u305f\u308b\u307f\u3092\u306a\u304f\u3057\u307e\u3059\u3002.<\/p><\/li><li><p data-path-to-node=\"16,2,0\"><b data-path-to-node=\"16,2,0\" data-index-in-node=\"0\">\u5272\u793c\uff1a<\/b>\u00a0\u30af\u30ea\u30fc\u30e0\u306b\u3088\u308b\u6cbb\u7642\u304c\u52b9\u679c\u304c\u306a\u3044\u5834\u5408\u3001\u307e\u305f\u306f\u6241\u5e73\u82d4\u766c\u306e\u5834\u5408\u306f\u3001\u5305\u76ae\u306e\u72ed\u7a84\u90e8\u3084\u75c5\u5909\u90e8\u3092\u5207\u9664\u3059\u308b\u5305\u830e\u624b\u8853\u304c\u884c\u308f\u308c\u307e\u3059\u3002.<\/p><\/li><\/ol><hr data-path-to-node=\"17\" \/><h3 data-path-to-node=\"18\">\u624b\u8853\u3092\u53d7\u3051\u308b\u65b9\u3078\u306e\u6ce8\u610f\u4e8b\u9805<\/h3><p data-path-to-node=\"19\">\u624b\u8853\u306f\u901a\u5e38\u3001\u9ebb\u9154\u4e0b\u3067\u884c\u308f\u308c\u308b\u305f\u3081\u3001\u5b50\u4f9b\u306b\u3068\u3063\u3066\u75db\u307f\u3084\u6050\u6016\u3092\u611f\u3058\u308b\u3053\u3068\u306a\u304f\u624b\u8853\u3092\u53d7\u3051\u308b\u3053\u3068\u304c\u3067\u304d\u308b\u3002.<\/p><p data-path-to-node=\"20\"><b data-path-to-node=\"20\" data-index-in-node=\"0\">\u81ea\u5b85\u7642\u990a\uff1a<\/b><\/p><ul data-path-to-node=\"21\"><li><p data-path-to-node=\"21,0,0\"><b data-path-to-node=\"21,0,0\" data-index-in-node=\"0\">\u75bc\u75db\u7ba1\u7406\uff1a<\/b>\u00a0\u6700\u521d\u306e\u6570\u65e5\u9593\u306f\u3001\u5b9a\u671f\u7684\u306b\u93ae\u75db\u5264\uff08\u4f8b\uff1a\u30d1\u30e9\u30bb\u30bf\u30e2\u30fc\u30eb\u3001\u30a4\u30d6\u30d7\u30ed\u30d5\u30a7\u30f3\uff09\u3092\u670d\u7528\u3059\u308b\u3053\u3068\u304c\u91cd\u8981\u3067\u3059\u3002.<\/p><\/li><li><p data-path-to-node=\"21,1,0\"><b data-path-to-node=\"21,1,0\" data-index-in-node=\"0\">\u885b\u751f\uff1a<\/b>\u00a0\u6bce\u65e5\u30b7\u30e3\u30ef\u30fc\u3092\u6d74\u3073\u308b\u3053\u3068\u3067\u6e05\u6f54\u306b\u4fdd\u305f\u308c\u3066\u3044\u307e\u3059\u3002\u3086\u3063\u305f\u308a\u3068\u3057\u305f\u67d4\u3089\u304b\u3044\u7dbf\u306e\u4e0b\u7740\u3092\u304a\u52e7\u3081\u3057\u307e\u3059\u3002.<\/p><\/li><li><p data-path-to-node=\"21,2,0\"><b data-path-to-node=\"21,2,0\" data-index-in-node=\"0\">\u56de\u5fa9\u6642\u9593\uff1a<\/b>\u00a0\u901a\u5e38\u306f\u6570\u65e5\u5f8c\u306b\u306f\u5b66\u6821\u3084\u4fdd\u80b2\u5712\u306b\u623b\u308b\u3053\u3068\u304c\u3067\u304d\u307e\u3059\u3002.<\/p><\/li><li><p data-path-to-node=\"21,3,0\"><b data-path-to-node=\"21,3,0\" data-index-in-node=\"0\">\u30c8\u30e9\u30e1\u30eb\uff1a<\/b>\u00a0\u904b\u52d5\u3001\u30b9\u30dd\u30fc\u30c4\u3001\u30b5\u30a6\u30ca\u3001\u6c34\u6cf3\u306f\u4e00\u822c\u7684\u306b\u907f\u3051\u308b\u3079\u304d\u3067\u3059\u3002\u00a0<b data-path-to-node=\"21,3,0\" data-index-in-node=\"78\">\u7d042\u9031\u9593<\/b>\u00a0\u624b\u8853\u5f8c\u3002.<\/p><\/li><\/ul><\/div><\/div><div class=\"elementor-element elementor-element-2cdcf83 elementor-widget elementor-widget-image\" data-id=\"2cdcf83\" data-element_type=\"widget\" data-e-type=\"widget\" data-widget_type=\"image.default\"><div class=\"elementor-widget-container\"><img fetchpriority=\"high\" decoding=\"async\" class=\"attachment-large size-large wp-image-1550\" src=\"https:\/\/darkcyan-pheasant-754087.hostingersite.com\/wp-content\/uploads\/2026\/04\/ymparileikkaus.webp\" sizes=\"(max-width: 1024px) 100vw, 1024px\" srcset=\"https:\/\/darkcyan-pheasant-754087.hostingersite.com\/wp-content\/uploads\/2026\/04\/ymparileikkaus.webp 1024w, https:\/\/darkcyan-pheasant-754087.hostingersite.com\/wp-content\/uploads\/2026\/04\/ymparileikkaus-300x164.webp 300w, https:\/\/darkcyan-pheasant-754087.hostingersite.com\/wp-content\/uploads\/2026\/04\/ymparileikkaus-768x419.webp 768w\" alt=\"\" width=\"1024\" height=\"559\" \/><\/div><\/div>\t\t\t\t\t\t\t\t<\/div>\n\t\t\t\t<\/div>\n\t\t\t\t\t<\/div>\n\t\t\t\t<\/div>\n\t\t\t\t<\/div>","protected":false},"excerpt":{"rendered":"<p>Esinahan ahtaus ja ymp\u00e4rileikkaus lapsella Esinahan ahtaus eli fimoosi on lapsilla yleinen vaiva, mutta kaikki tapaukset eiv\u00e4t vaadi leikkaushoitoa. On t\u00e4rke\u00e4\u00e4 erottaa toisistaan normaali kehitysvaihe ja hoitoa vaativa sairaus. \u00a0 Huomautus:\u00a0Vastaanotollamme tehd\u00e4\u00e4n ymp\u00e4rileikkauksia ainoastaan l\u00e4\u00e4ketieteellisin perustein. Emme suorita uskonnollisia ymp\u00e4rileikkauksia.\u00a0 \u00a0 Milloin esinahalle ei tarvitse tehd\u00e4 mit\u00e4\u00e4n? Esimurrosik\u00e4isen lapsen esinahka on usein fysiologisesti ahdas, mik\u00e4 on normaalia. Jos lapsella ei ole oireita, tilaa ei tarvitse hoitaa, vaan se saattaa korjaantua itsest\u00e4\u00e4n kasvun my\u00f6t\u00e4. Milloin hoitoa harkitaan? Hoito on tarpeen, jos ahdas esinahka aiheuttaa lapselle vaivoja, kuten: Toistuvia esinahkatulehduksia. (leikkaushoito on tarpeen \u00e4\u00e4rimm\u00e4isen harvoin, tulehdukset rauhoittuvat yleens\u00e4 i\u00e4n my\u00f6t\u00e4 oikeilla hoito-ohjeilla) Esinahka on usein kipe\u00e4 tai se halkeilee ja vuotaa verta. [&hellip;]<\/p>\n","protected":false},"author":1,"featured_media":0,"parent":0,"menu_order":0,"comment_status":"closed","ping_status":"closed","template":"","meta":{"_angie_page":false,"site-sidebar-layout":"no-sidebar","site-content-layout":"page-builder","ast-site-content-layout":"full-width-container","site-content-style":"default","site-sidebar-style":"default","ast-global-header-display":"","ast-banner-title-visibility":"","ast-main-header-display":"","ast-hfb-above-header-display":"","ast-hfb-below-header-display":"","ast-hfb-mobile-header-display":"","site-post-title":"","ast-breadcrumbs-content":"","ast-featured-img":"disabled","footer-sml-layout":"","ast-disable-related-posts":"","theme-transparent-header-meta":"","adv-header-id-meta":"","stick-header-meta":"","header-above-stick-meta":"","header-main-stick-meta":"","header-below-stick-meta":"","astra-migrate-meta-layouts":"set","ast-page-background-enabled":"default","ast-page-background-meta":{"desktop":{"background-color":"","background-image":"","background-repeat":"repeat","background-position":"center center","background-size":"auto","background-attachment":"scroll","background-type":"","background-media":"","overlay-type":"","overlay-color":"","overlay-opacity":"","overlay-gradient":""},"tablet":{"background-color":"","background-image":"","background-repeat":"repeat","background-position":"center center","background-size":"auto","background-attachment":"scroll","background-type":"","background-media":"","overlay-type":"","overlay-color":"","overlay-opacity":"","overlay-gradient":""},"mobile":{"background-color":"","background-image":"","background-repeat":"repeat","background-position":"center center","background-size":"auto","background-attachment":"scroll","background-type":"","background-media":"","overlay-type":"","overlay-color":"","overlay-opacity":"","overlay-gradient":""}},"ast-content-background-meta":{"desktop":{"background-color":"var(--ast-global-color-5)","background-image":"","background-repeat":"repeat","background-position":"center center","background-size":"auto","background-attachment":"scroll","background-type":"","background-media":"","overlay-type":"","overlay-color":"","overlay-opacity":"","overlay-gradient":""},"tablet":{"background-color":"var(--ast-global-color-5)","background-image":"","background-repeat":"repeat","background-position":"center center","background-size":"auto","background-attachment":"scroll","background-type":"","background-media":"","overlay-type":"","overlay-color":"","overlay-opacity":"","overlay-gradient":""},"mobile":{"background-color":"var(--ast-global-color-5)","background-image":"","background-repeat":"repeat","background-position":"center center","background-size":"auto","background-attachment":"scroll","background-type":"","background-media":"","overlay-type":"","overlay-color":"","overlay-opacity":"","overlay-gradient":""}},"footnotes":""},"class_list":["post-1376","page","type-page","status-publish","hentry"],"_links":{"self":[{"href":"https:\/\/lastenkirurgia.fi\/ja\/wp-json\/wp\/v2\/pages\/1376","targetHints":{"allow":["GET"]}}],"collection":[{"href":"https:\/\/lastenkirurgia.fi\/ja\/wp-json\/wp\/v2\/pages"}],"about":[{"href":"https:\/\/lastenkirurgia.fi\/ja\/wp-json\/wp\/v2\/types\/page"}],"author":[{"embeddable":true,"href":"https:\/\/lastenkirurgia.fi\/ja\/wp-json\/wp\/v2\/users\/1"}],"replies":[{"embeddable":true,"href":"https:\/\/lastenkirurgia.fi\/ja\/wp-json\/wp\/v2\/comments?post=1376"}],"version-history":[{"count":4,"href":"https:\/\/lastenkirurgia.fi\/ja\/wp-json\/wp\/v2\/pages\/1376\/revisions"}],"predecessor-version":[{"id":1583,"href":"https:\/\/lastenkirurgia.fi\/ja\/wp-json\/wp\/v2\/pages\/1376\/revisions\/1583"}],"wp:attachment":[{"href":"https:\/\/lastenkirurgia.fi\/ja\/wp-json\/wp\/v2\/media?parent=1376"}],"curies":[{"name":"wp","href":"https:\/\/api.w.org\/{rel}","templated":true}]}}